{"id":77838,"date":"2022-10-28T08:33:52","date_gmt":"2022-10-28T08:33:52","guid":{"rendered":"https:\/\/ucm.one\/?post_type=product&#038;p=77838"},"modified":"2023-06-18T00:10:52","modified_gmt":"2023-06-18T00:10:52","slug":"nico","status":"publish","type":"product","link":"https:\/\/ucm.one\/de\/produkt\/nico\/","title":{"rendered":"Nico"},"content":{"rendered":"<div class=\"wpb_text_column wpb_content_element \">\n<div class=\"wpb_wrapper\">\n<div class=\"\">\n<div class=\"wpb_text_column wpb_content_element \">\n<div class=\"wpb_wrapper\">\n<div class=\"wpb_text_column wpb_content_element \">\n<div class=\"wpb_wrapper\">\n<p><span style=\"font-weight: 400;\">Die selbstbewusste, lebensbejahende Deutsch-Perserin Nico (<strong>Sara Fazilat<\/strong>) liebt ihren Job als Altenpflegerin und ist wegen ihrer lockeren Art bei allen beliebt. Mit ihrer besten Freundin Rosa (<strong>Javeh Asefdjah<\/strong>) genie\u00dft sie den Berliner Sommer, bis ein rassistisch motivierter \u00dcberfall sie aus ihrem unbeschwerten Alltag rei\u00dft. Nico wird bewusst, dass sie doch nicht so selbstverst\u00e4ndlich dazugeh\u00f6rt, wie sie immer dachte.<\/span><\/p>\n<p><span style=\"font-weight: 400;\">Nico zieht sich immer mehr zur\u00fcck und nicht nur Rosa verliert den Bezug zu ihr, auch ihre Patient:innen erkennen die junge Frau nicht wieder. Nico sp\u00fcrt, dass es so nicht weitergehen kann und beginnt ein hartes Karate-Training. Dadurch kann sie zwar ihre Wut kanalisieren, doch verliert sie auch die Verbindung zu sich selbst. Als Nico die Mazedonierin Ronny <strong>(Sara Klimoska, <em>European Shooting Star 2021<\/em><\/strong>) kennenlernt, entwickelt sich eine Verbindung zwischen den beiden Frauen, die Nico dazu bringt, den eingeschlagenen Weg in Frage zu stellen.<\/span><\/p>\n<\/div>\n<\/div>\n<\/div>\n<\/div>\n<\/div>\n<\/div>\n<\/div>\n<div><div class=\"gap\" style=\"line-height: 20px; height: 20px;\"><\/div><\/div>\n<h5>Weitere Informationen<\/h5>\n<div>\n<div>\n<table style=\"height: 46px; width: 100%; border-collapse: collapse; border-color: #ffffff; background-color: #ffffff; border-style: hidden;\">\n<tbody>\n<tr style=\"height: 23px; border-style: hidden; border-color: #ffffff; background-color: #ffffff;\">\n<td style=\"width: 4.701195219123506%; height: 23px; border-style: hidden;\">Film:<\/td>\n<td style=\"width: 95.29880478087651%; height: 23px; border-style: hidden;\"><a href=\"https:\/\/ucm.one\/de\/nico\/\">Nico<\/a><\/td>\n<\/tr>\n<tr style=\"height: 23px;\">\n<td style=\"width: 4.701195219123506%; height: 23px; border-style: hidden;\">Label:<\/td>\n<td style=\"width: 95.29880478087651%; height: 23px; border-style: hidden;\"><a title=\"Darling Berlin\" href=\"https:\/\/ucm.one\/de\/film-labels\/darling-berlin\/\">Darling Berlin<\/a><\/td>\n<\/tr>\n<\/tbody>\n<\/table>\n<\/div>\n<div><\/div>\n<\/div>\n<div>\n<div><div class=\"gap\" style=\"line-height: 10px; height: 10px;\"><\/div><\/div>\n<div>\u2117 2021\u00a0<strong>Third Culture Kids<\/strong>\u00a0&amp;\u00a0<strong>DFFB \u2013 Deutsche Film- und Fernsehakademie Berlin<\/strong>, \u00a9 2022\u00a0<strong>Darling Berlin<\/strong>\u00a0\/\u00a0<span style=\"font-family: 'arial black', sans-serif;\"><strong>UCM.ONE<\/strong><\/span><\/div>\n<div><div class=\"gap\" style=\"line-height: 20px; height: 20px;\"><\/div><\/div>\n<\/div>\n<div>\n<div><\/div>\n<div>\n<div><div class=\"gap\" style=\"line-height: 10px; height: 10px;\"><\/div><\/div>\n<div><span style=\"color: #003a80;\"><strong>\u27a0 <a style=\"color: #003a80;\" href=\"https:\/\/ucm.one\/de\/produkt-kategorie\/art-de\/filme-de\/\">zum Shop<\/a><\/strong><\/span><\/div>\n<div><div class=\"gap\" style=\"line-height: 20px; height: 20px;\"><\/div><\/div>\n<\/div>\n<\/div>\n","protected":false},"excerpt":{"rendered":"<p>Regie: <a href=\"https:\/\/ucm.one\/de\/?s=%22Eline+Gehring%22&amp;post_type=product\"><strong>Eline Gehring<\/strong><\/a><\/p>\n<p>Label:\u00a0<a title=\"\" href=\"https:\/\/ucm.one\/de\/produkt-kategorie\/label-film-de\/darling-berlin-de\/\"><strong>Darling Berlin<\/strong><\/a><\/p>\n<p>Art:\u00a0<strong><a href=\"https:\/\/ucm.one\/de\/produkt-kategorie\/art-de\/filme-de\/\">Film<\/a> (Spielfilm)<\/strong><\/p>\n<p>Genre:\u00a0<b><a href=\"https:\/\/ucm.one\/de\/produkt-kategorie\/genre-film-de\/drama-de\/\">Drama<\/a><\/b><\/p>\n<p>Jahr: <strong>2022<\/strong><\/p>\n<p>FSK: <strong>12<\/strong><\/p>\n<p>Formate: <strong>Diverse<\/strong><\/p>\n","protected":false},"featured_media":77952,"comment_status":"open","ping_status":"closed","template":"","meta":{"_acf_changed":false},"product_brand":[],"product_cat":[10339,9708,10331,10332,13156,10334],"product_tag":[14354,14355,12464,14356,12611,14357,12612,12613,12614,12615,12618,14353],"class_list":{"0":"post-77838","1":"product","2":"type-product","3":"status-publish","4":"has-post-thumbnail","6":"product_cat-darling-berlin-de","7":"product_cat-filme-de","8":"product_cat-dvd-de","9":"product_cat-blu-ray-de","10":"product_cat-arthouse-de","11":"product_cat-drama-de","12":"product_tag-feminismus","13":"product_tag-queer","14":"product_tag-darling-berlin","15":"product_tag-lgbtq","16":"product_tag-nico","17":"product_tag-rassismus","18":"product_tag-sara-fazilat","19":"product_tag-eline-gehring","20":"product_tag-sara-klimoska","21":"product_tag-javeh-asefdjah","22":"product_tag-andreas-marquardt","23":"product_tag-futur-drei","24":"pa_format-dvd","25":"pa_format-blu-ray-de","26":"description-off","28":"first","29":"instock","30":"taxable","31":"shipping-taxable","32":"purchasable","33":"product-type-variable"},"acf":[],"yoast_head":"<!-- This site is optimized with the Yoast SEO plugin v27.2 - https:\/\/yoast.com\/product\/yoast-seo-wordpress\/ -->\n<title>NICO<\/title>\n<meta name=\"description\" content=\"Shop | NICO | 2022 | Darling Berlin | Blu-Ray &amp; DVD | FSK 12\" \/>\n<meta name=\"robots\" content=\"index, follow, max-snippet:-1, max-image-preview:large, max-video-preview:-1\" \/>\n<link rel=\"canonical\" href=\"https:\/\/ucm.one\/de\/produkt\/nico\/\" \/>\n<meta property=\"og:locale\" content=\"de_DE\" \/>\n<meta property=\"og:type\" content=\"article\" \/>\n<meta property=\"og:title\" content=\"NICO\" \/>\n<meta property=\"og:description\" content=\"Shop | NICO | 2022 | Darling Berlin | Blu-Ray &amp; DVD | FSK 12\" \/>\n<meta property=\"og:url\" content=\"https:\/\/ucm.one\/de\/produkt\/nico\/\" \/>\n<meta property=\"og:site_name\" content=\"UCM.ONE\" \/>\n<meta property=\"article:modified_time\" content=\"2023-06-18T00:10:52+00:00\" \/>\n<meta property=\"og:image\" content=\"https:\/\/ucm.one\/wp-content\/uploads\/2022\/10\/NICO_quadratisch.jpg\" \/>\n<meta name=\"twitter:card\" content=\"summary_large_image\" \/>\n<meta name=\"twitter:title\" content=\"NICO\" \/>\n<meta name=\"twitter:description\" content=\"Shop | NICO | 2022 | Darling Berlin | Blu-Ray &amp; DVD | FSK 12\" \/>\n<meta name=\"twitter:image\" content=\"https:\/\/ucm.one\/wp-content\/uploads\/2022\/10\/NICO_quadratisch.jpg\" \/>\n<meta name=\"twitter:label1\" content=\"Gesch\u00e4tzte Lesezeit\" \/>\n\t<meta name=\"twitter:data1\" content=\"1\u00a0Minute\" \/>\n<!-- \/ Yoast SEO plugin. -->","yoast_head_json":{"title":"NICO","description":"Shop | NICO | 2022 | Darling Berlin | Blu-Ray & DVD | FSK 12","robots":{"index":"index","follow":"follow","max-snippet":"max-snippet:-1","max-image-preview":"max-image-preview:large","max-video-preview":"max-video-preview:-1"},"canonical":"https:\/\/ucm.one\/de\/produkt\/nico\/","og_locale":"de_DE","og_type":"article","og_title":"NICO","og_description":"Shop | NICO | 2022 | Darling Berlin | Blu-Ray & DVD | FSK 12","og_url":"https:\/\/ucm.one\/de\/produkt\/nico\/","og_site_name":"UCM.ONE","article_modified_time":"2023-06-18T00:10:52+00:00","og_image":[{"url":"https:\/\/ucm.one\/wp-content\/uploads\/2022\/10\/NICO_quadratisch.jpg","type":"","width":"","height":""}],"twitter_card":"summary_large_image","twitter_title":"NICO","twitter_description":"Shop | NICO | 2022 | Darling Berlin | Blu-Ray & DVD | FSK 12","twitter_image":"https:\/\/ucm.one\/wp-content\/uploads\/2022\/10\/NICO_quadratisch.jpg","twitter_misc":{"Gesch\u00e4tzte Lesezeit":"1\u00a0Minute"},"schema":{"@context":"https:\/\/schema.org","@graph":[{"@type":"WebPage","@id":"https:\/\/ucm.one\/de\/produkt\/nico\/","url":"https:\/\/ucm.one\/de\/produkt\/nico\/","name":"NICO","isPartOf":{"@id":"https:\/\/ucm.one\/de\/#website"},"primaryImageOfPage":{"@id":"https:\/\/ucm.one\/de\/produkt\/nico\/#primaryimage"},"image":{"@id":"https:\/\/ucm.one\/de\/produkt\/nico\/#primaryimage"},"thumbnailUrl":"https:\/\/ucm.one\/wp-content\/uploads\/2022\/10\/C-Nico-DVD-2D-FSK12-.jpg","datePublished":"2022-10-28T08:33:52+00:00","dateModified":"2023-06-18T00:10:52+00:00","description":"Shop | NICO | 2022 | Darling Berlin | Blu-Ray & DVD | FSK 12","breadcrumb":{"@id":"https:\/\/ucm.one\/de\/produkt\/nico\/#breadcrumb"},"inLanguage":"de","potentialAction":[{"@type":"ReadAction","target":["https:\/\/ucm.one\/de\/produkt\/nico\/"]}]},{"@type":"ImageObject","inLanguage":"de","@id":"https:\/\/ucm.one\/de\/produkt\/nico\/#primaryimage","url":"https:\/\/ucm.one\/wp-content\/uploads\/2022\/10\/C-Nico-DVD-2D-FSK12-.jpg","contentUrl":"https:\/\/ucm.one\/wp-content\/uploads\/2022\/10\/C-Nico-DVD-2D-FSK12-.jpg","width":699,"height":1000},{"@type":"BreadcrumbList","@id":"https:\/\/ucm.one\/de\/produkt\/nico\/#breadcrumb","itemListElement":[{"@type":"ListItem","position":1,"name":"Home","item":"https:\/\/ucm.one\/de\/"},{"@type":"ListItem","position":2,"name":"Shop","item":"https:\/\/ucm.one\/de\/shop\/"},{"@type":"ListItem","position":3,"name":"Nico"}]},{"@type":"WebSite","@id":"https:\/\/ucm.one\/de\/#website","url":"https:\/\/ucm.one\/de\/","name":"UCM.ONE","description":"","publisher":{"@id":"https:\/\/ucm.one\/de\/#organization"},"potentialAction":[{"@type":"SearchAction","target":{"@type":"EntryPoint","urlTemplate":"https:\/\/ucm.one\/de\/?s={search_term_string}"},"query-input":{"@type":"PropertyValueSpecification","valueRequired":true,"valueName":"search_term_string"}}],"inLanguage":"de"},{"@type":"Organization","@id":"https:\/\/ucm.one\/de\/#organization","name":"UCM.ONE","url":"https:\/\/ucm.one\/de\/","logo":{"@type":"ImageObject","inLanguage":"de","@id":"https:\/\/ucm.one\/de\/#\/schema\/logo\/image\/","url":"https:\/\/ucm.one\/wp-content\/uploads\/2019\/10\/UCM.ONE-Logo-RGB.svg","contentUrl":"https:\/\/ucm.one\/wp-content\/uploads\/2019\/10\/UCM.ONE-Logo-RGB.svg","width":1,"height":1,"caption":"UCM.ONE"},"image":{"@id":"https:\/\/ucm.one\/de\/#\/schema\/logo\/image\/"}}]}},"_links":{"self":[{"href":"https:\/\/ucm.one\/de\/wp-json\/wp\/v2\/product\/77838","targetHints":{"allow":["GET"]}}],"collection":[{"href":"https:\/\/ucm.one\/de\/wp-json\/wp\/v2\/product"}],"about":[{"href":"https:\/\/ucm.one\/de\/wp-json\/wp\/v2\/types\/product"}],"replies":[{"embeddable":true,"href":"https:\/\/ucm.one\/de\/wp-json\/wp\/v2\/comments?post=77838"}],"wp:featuredmedia":[{"embeddable":true,"href":"https:\/\/ucm.one\/de\/wp-json\/wp\/v2\/media\/77952"}],"wp:attachment":[{"href":"https:\/\/ucm.one\/de\/wp-json\/wp\/v2\/media?parent=77838"}],"wp:term":[{"taxonomy":"product_brand","embeddable":true,"href":"https:\/\/ucm.one\/de\/wp-json\/wp\/v2\/product_brand?post=77838"},{"taxonomy":"product_cat","embeddable":true,"href":"https:\/\/ucm.one\/de\/wp-json\/wp\/v2\/product_cat?post=77838"},{"taxonomy":"product_tag","embeddable":true,"href":"https:\/\/ucm.one\/de\/wp-json\/wp\/v2\/product_tag?post=77838"}],"curies":[{"name":"wp","href":"https:\/\/api.w.org\/{rel}","templated":true}]}}