{"id":77332,"date":"2022-09-30T19:53:36","date_gmt":"2022-09-30T19:53:36","guid":{"rendered":"https:\/\/ucm.one\/?post_type=product&#038;p=77332"},"modified":"2025-02-19T09:28:39","modified_gmt":"2025-02-19T09:28:39","slug":"feelingless-metal-against-animal-cruelty-t-shirt-bird","status":"publish","type":"product","link":"https:\/\/ucm.one\/de\/produkt\/feelingless-metal-against-animal-cruelty-t-shirt-bird\/","title":{"rendered":"Feelingless &#8211; Metal Against Animal Cruelty (T-Shirt &#8222;Bird&#8220;)"},"content":{"rendered":"<div class=\"wpb-content-wrapper\"><div class=\"vc_row wpb_row vc_row-fluid\">\n<div class=\"wpb_column vc_column_container vc_col-sm-12\">\n<div class=\"vc_column-inner\">\n<div class=\"wpb_wrapper\">\n<div class=\"wpb_text_column wpb_content_element \">\n<div class=\"wpb_wrapper\">\n<div class=\"wpb_text_column wpb_content_element \">\n<div class=\"wpb_wrapper\">\n<div class=\"vc_row wpb_row vc_row-fluid\">\n<div class=\"wpb_column vc_column_container vc_col-sm-12\">\n<div class=\"vc_column-inner\">\n<div class=\"wpb_wrapper\">\n<div class=\"wpb_text_column wpb_content_element \">\n<div class=\"wpb_wrapper\">\n<p>Das Album \u201c<strong>Metal Against Animal Cruelty<\/strong>\u201d ist das erste Werk des All-Star-Projekts <strong>Feelingless<\/strong>, welches von <strong>Hugo Markaida<\/strong>, Mitglied der spanischen Melodic-Death-Metal-Band <strong>Rise to Fall\u00a0<\/strong>ins Leben gerufene wurde. Das Projekt setzt sich f\u00fcr die Rechte von Tieren ein und will den Stimmlosen eine Stimme geben. Mit hochkar\u00e4tigen Gastauftritten von <strong>Bj\u00f6rn Strid<\/strong> (<strong>Soilwork<\/strong>), <strong>Jon Howard<\/strong> (<strong>Threat Signal<\/strong>), <strong>Christian \u00c4lvestam<\/strong> (<strong>Solution .45<\/strong>, <strong>Miseration<\/strong>) und <strong>Ettore Rigotti<\/strong> &amp; <strong>Claudio<\/strong> (<strong>Disarmonia Mundi<\/strong>) \u2013 um nur einige zu nennen \u2013 bietet \u201c<strong>Metal Against Animal Cruelty<\/strong>\u201d elf Tracks und wird \u00fcber das deutsche Label <strong>Noble Demon<\/strong> ver\u00f6ffentlicht. Alle Erl\u00f6se der Musiker aus dieser Ver\u00f6ffentlichung werden an lokale Tierheime in Spanien gespendet, und zus\u00e4tzlich spendet das Label an eine internationale Tierschutzorganisation.<\/p>\n<\/div>\n<\/div>\n<\/div>\n<\/div>\n<\/div>\n<\/div>\n<\/div>\n<\/div>\n<\/div>\n<\/div>\n<\/div>\n<\/div>\n<\/div>\n<\/div>\n<div class=\"vc_row wpb_row vc_row-fluid\">\n<div class=\"wpb_column vc_column_container vc_col-sm-3\/5\">\n<div class=\"vc_column-inner\">\n<div class=\"wpb_wrapper\">\n<div class=\"wpb_text_column wpb_content_element \">\n<div class=\"wpb_wrapper\">\n<div class=\"wpb_text_column wpb_content_element \">\n<div class=\"wpb_wrapper\">\n<div><div class=\"gap\" style=\"line-height: 20px; height: 20px;\"><\/div><\/div>\n<h5>Weitere Informationen<\/h5>\n<\/div>\n<div>\n<div>\n<table style=\"height: 46px; width: 100%; border-collapse: collapse; border-color: #ffffff; background-color: #ffffff; border-style: hidden;\">\n<tbody>\n<tr style=\"height: 23px; border-style: hidden; border-color: #ffffff; background-color: #ffffff;\">\n<td style=\"width: 4.058146577831617%; height: 23px;\">Band:<\/td>\n<td style=\"width: 95.94185342216838%; height: 23px;\"><a title=\"Feelingless\" href=\"https:\/\/ucm.one\/de\/feelingless\/\">Feelingless<\/a><\/td>\n<\/tr>\n<tr style=\"height: 23px;\">\n<td style=\"width: 4.058146577831617%; height: 23px;\">Label:<\/td>\n<td style=\"width: 95.94185342216838%; height: 23px;\"><a title=\"Noble Demon\" href=\"https:\/\/ucm.one\/de\/musik-labels\/noble-demon\/\">Noble Demon<\/a><\/td>\n<\/tr>\n<\/tbody>\n<\/table>\n<\/div>\n<div><\/div>\n<div><div class=\"gap\" style=\"line-height: 10px; height: 10px;\"><\/div><\/div>\n<div>\u2117 &amp; \u00a9 2022\u00a0<strong>Noble Demon<\/strong> \/ <span style=\"font-family: 'arial black', sans-serif;\"><strong>UCM.ONE<\/strong><\/span><\/div>\n<div><div class=\"gap\" style=\"line-height: 20px; height: 20px;\"><\/div><\/div>\n<div>\n<div><\/div>\n<div><div class=\"gap\" style=\"line-height: 10px; height: 10px;\"><\/div><\/div>\n<div><span style=\"color: #003a80;\"><strong>\u27a0 <a style=\"color: #003a80;\" title=\"\" href=\"https:\/\/ucm.one\/de\/produkt-kategorie\/art-de\/musik-de\/\">zum Shop<\/a><\/strong><\/span><\/div>\n<div><div class=\"gap\" style=\"line-height: 20px; height: 20px;\"><\/div><\/div>\n<\/div>\n<\/div>\n<\/div>\n<\/div>\n<\/div>\n<\/div>\n<\/div>\n<\/div>\n<\/div>\n<\/div>","protected":false},"excerpt":{"rendered":"<p>Band: <a title=\"\" href=\"https:\/\/ucm.one\/de\/?s=%22Feelingless%22&amp;post_type=product\"><strong>Feelingless<\/strong><\/a><\/p>\n<p>Label: <a href=\"https:\/\/ucm.one\/de\/produkt-kategorie\/label-musik-de\/noble-demon-de\/\"><strong>Noble Demon<\/strong><\/a><\/p>\n<p>Art: <strong><a href=\"https:\/\/ucm.one\/de\/produkt-kategorie\/art-de\/musik-de\/\">Musik<\/a> (<a href=\"https:\/\/ucm.one\/de\/produkt-kategorie\/merchandise-de\/\">Merchandise<\/a>)<\/strong><\/p>\n<p>Genres:\u00a0<strong><a href=\"https:\/\/ucm.one\/de\/produkt-kategorie\/genre-musik-de\/metal-de\/\">Metal<\/a>,\u00a0<a title=\"Heavy Metal\" href=\"https:\/\/ucm.one\/de\/produkt-kategorie\/genre-musik-de\/metal-de\/heavy-metal-de\/\">Heavy Metal<\/a><\/strong><\/p>\n<p>Jahr: <strong>2022<\/strong><\/p>\n<p>Format: <strong>T-Shirt<\/strong><\/p>\n","protected":false},"featured_media":77296,"comment_status":"open","ping_status":"closed","template":"","meta":{"_acf_changed":false},"product_brand":[],"product_cat":[9754,9756,9713,9839,10400,10401,9753],"product_tag":[14267,14278,14268,14279,14269,14280,14270,14271,9936,14272,9940,14273,14274,14275,14276,14266,14277],"class_list":{"0":"post-77332","1":"product","2":"type-product","3":"status-publish","4":"has-post-thumbnail","6":"product_cat-heavy-metal-de","7":"product_cat-noble-demon-de","8":"product_cat-musik-de","9":"product_cat-melodic-metal-de","10":"product_cat-merchandise-de","11":"product_cat-t-shirt-de","12":"product_cat-metal-de","13":"product_tag-metal-against-animal-cruelty","14":"product_tag-jon-howard","15":"product_tag-hugo","16":"product_tag-lawrence-dinamarca","17":"product_tag-rise-to-fall","18":"product_tag-the-descent","19":"product_tag-pedro-j-monge","20":"product_tag-vhaeldemar","21":"product_tag-bjoern-speed-strid","22":"product_tag-inigo-lopez","23":"product_tag-mikael-sehlin","24":"product_tag-christian-aelvestam","25":"product_tag-degradead","26":"product_tag-engel","27":"product_tag-threat-signal","28":"product_tag-feelingless","29":"product_tag-imonolith","30":"product_shipping_class-t-shirt-2","31":"description-off","33":"first","34":"instock","35":"taxable","36":"shipping-taxable","37":"purchasable","38":"product-type-variable"},"acf":[],"yoast_head":"<!-- This site is optimized with the Yoast SEO plugin v27.2 - https:\/\/yoast.com\/product\/yoast-seo-wordpress\/ -->\n<title>Feelingless - Metal Against Animal Cruelty (T-Shirt &quot;Bird&quot;)<\/title>\n<meta name=\"description\" content=\"Shop | Feelingless - Metal Against Animal Cruelty (T-Shirt &quot;Bird&quot;) | 2022 | Noble Demon | T-Shirt\" \/>\n<meta name=\"robots\" content=\"index, follow, max-snippet:-1, max-image-preview:large, max-video-preview:-1\" \/>\n<link rel=\"canonical\" href=\"https:\/\/ucm.one\/de\/produkt\/feelingless-metal-against-animal-cruelty-t-shirt-bird\/\" \/>\n<meta property=\"og:locale\" content=\"de_DE\" \/>\n<meta property=\"og:type\" content=\"article\" \/>\n<meta property=\"og:title\" content=\"Feelingless - Metal Against Animal Cruelty (T-Shirt &quot;Bird&quot;)\" \/>\n<meta property=\"og:description\" content=\"Shop | Feelingless - Metal Against Animal Cruelty (T-Shirt &quot;Bird&quot;) | 2022 | Noble Demon | T-Shirt\" \/>\n<meta property=\"og:url\" content=\"https:\/\/ucm.one\/de\/produkt\/feelingless-metal-against-animal-cruelty-t-shirt-bird\/\" \/>\n<meta property=\"og:site_name\" content=\"UCM.ONE\" \/>\n<meta property=\"article:modified_time\" content=\"2025-02-19T09:28:39+00:00\" \/>\n<meta property=\"og:image\" content=\"https:\/\/ucm.one\/wp-content\/uploads\/2022\/10\/M-Feelingless-T-Shirt-Bird.jpg\" \/>\n<meta name=\"twitter:card\" content=\"summary_large_image\" \/>\n<meta name=\"twitter:title\" content=\"Feelingless - Metal Against Animal Cruelty (T-Shirt &quot;Bird&quot;)\" \/>\n<meta name=\"twitter:description\" content=\"Shop | Feelingless - Metal Against Animal Cruelty (T-Shirt &quot;Bird&quot;) | 2022 | Noble Demon | T-Shirt\" \/>\n<meta name=\"twitter:image\" content=\"https:\/\/ucm.one\/wp-content\/uploads\/2022\/10\/M-Feelingless-T-Shirt-Bird.jpg\" \/>\n<meta name=\"twitter:label1\" content=\"Gesch\u00e4tzte Lesezeit\" \/>\n\t<meta name=\"twitter:data1\" content=\"1\u00a0Minute\" \/>\n<!-- \/ Yoast SEO plugin. -->","yoast_head_json":{"title":"Feelingless - Metal Against Animal Cruelty (T-Shirt \"Bird\")","description":"Shop | Feelingless - Metal Against Animal Cruelty (T-Shirt \"Bird\") | 2022 | Noble Demon | T-Shirt","robots":{"index":"index","follow":"follow","max-snippet":"max-snippet:-1","max-image-preview":"max-image-preview:large","max-video-preview":"max-video-preview:-1"},"canonical":"https:\/\/ucm.one\/de\/produkt\/feelingless-metal-against-animal-cruelty-t-shirt-bird\/","og_locale":"de_DE","og_type":"article","og_title":"Feelingless - Metal Against Animal Cruelty (T-Shirt \"Bird\")","og_description":"Shop | Feelingless - Metal Against Animal Cruelty (T-Shirt \"Bird\") | 2022 | Noble Demon | T-Shirt","og_url":"https:\/\/ucm.one\/de\/produkt\/feelingless-metal-against-animal-cruelty-t-shirt-bird\/","og_site_name":"UCM.ONE","article_modified_time":"2025-02-19T09:28:39+00:00","og_image":[{"url":"https:\/\/ucm.one\/wp-content\/uploads\/2022\/10\/M-Feelingless-T-Shirt-Bird.jpg","type":"","width":"","height":""}],"twitter_card":"summary_large_image","twitter_title":"Feelingless - Metal Against Animal Cruelty (T-Shirt \"Bird\")","twitter_description":"Shop | Feelingless - Metal Against Animal Cruelty (T-Shirt \"Bird\") | 2022 | Noble Demon | T-Shirt","twitter_image":"https:\/\/ucm.one\/wp-content\/uploads\/2022\/10\/M-Feelingless-T-Shirt-Bird.jpg","twitter_misc":{"Gesch\u00e4tzte Lesezeit":"1\u00a0Minute"},"schema":{"@context":"https:\/\/schema.org","@graph":[{"@type":"WebPage","@id":"https:\/\/ucm.one\/de\/produkt\/feelingless-metal-against-animal-cruelty-t-shirt-bird\/","url":"https:\/\/ucm.one\/de\/produkt\/feelingless-metal-against-animal-cruelty-t-shirt-bird\/","name":"Feelingless - Metal Against Animal Cruelty (T-Shirt \"Bird\")","isPartOf":{"@id":"https:\/\/ucm.one\/de\/#website"},"primaryImageOfPage":{"@id":"https:\/\/ucm.one\/de\/produkt\/feelingless-metal-against-animal-cruelty-t-shirt-bird\/#primaryimage"},"image":{"@id":"https:\/\/ucm.one\/de\/produkt\/feelingless-metal-against-animal-cruelty-t-shirt-bird\/#primaryimage"},"thumbnailUrl":"https:\/\/ucm.one\/wp-content\/uploads\/2022\/10\/M-Feelingless-T-Shirt-Bird.jpg","datePublished":"2022-09-30T19:53:36+00:00","dateModified":"2025-02-19T09:28:39+00:00","description":"Shop | Feelingless - Metal Against Animal Cruelty (T-Shirt \"Bird\") | 2022 | Noble Demon | T-Shirt","breadcrumb":{"@id":"https:\/\/ucm.one\/de\/produkt\/feelingless-metal-against-animal-cruelty-t-shirt-bird\/#breadcrumb"},"inLanguage":"de","potentialAction":[{"@type":"ReadAction","target":["https:\/\/ucm.one\/de\/produkt\/feelingless-metal-against-animal-cruelty-t-shirt-bird\/"]}]},{"@type":"ImageObject","inLanguage":"de","@id":"https:\/\/ucm.one\/de\/produkt\/feelingless-metal-against-animal-cruelty-t-shirt-bird\/#primaryimage","url":"https:\/\/ucm.one\/wp-content\/uploads\/2022\/10\/M-Feelingless-T-Shirt-Bird.jpg","contentUrl":"https:\/\/ucm.one\/wp-content\/uploads\/2022\/10\/M-Feelingless-T-Shirt-Bird.jpg","width":1911,"height":1915},{"@type":"BreadcrumbList","@id":"https:\/\/ucm.one\/de\/produkt\/feelingless-metal-against-animal-cruelty-t-shirt-bird\/#breadcrumb","itemListElement":[{"@type":"ListItem","position":1,"name":"Home","item":"https:\/\/ucm.one\/de\/"},{"@type":"ListItem","position":2,"name":"Shop","item":"https:\/\/ucm.one\/de\/shop\/"},{"@type":"ListItem","position":3,"name":"Feelingless &#8211; Metal Against Animal Cruelty (T-Shirt &#8222;Bird&#8220;)"}]},{"@type":"WebSite","@id":"https:\/\/ucm.one\/de\/#website","url":"https:\/\/ucm.one\/de\/","name":"UCM.ONE","description":"","publisher":{"@id":"https:\/\/ucm.one\/de\/#organization"},"potentialAction":[{"@type":"SearchAction","target":{"@type":"EntryPoint","urlTemplate":"https:\/\/ucm.one\/de\/?s={search_term_string}"},"query-input":{"@type":"PropertyValueSpecification","valueRequired":true,"valueName":"search_term_string"}}],"inLanguage":"de"},{"@type":"Organization","@id":"https:\/\/ucm.one\/de\/#organization","name":"UCM.ONE","url":"https:\/\/ucm.one\/de\/","logo":{"@type":"ImageObject","inLanguage":"de","@id":"https:\/\/ucm.one\/de\/#\/schema\/logo\/image\/","url":"https:\/\/ucm.one\/wp-content\/uploads\/2019\/10\/UCM.ONE-Logo-RGB.svg","contentUrl":"https:\/\/ucm.one\/wp-content\/uploads\/2019\/10\/UCM.ONE-Logo-RGB.svg","width":1,"height":1,"caption":"UCM.ONE"},"image":{"@id":"https:\/\/ucm.one\/de\/#\/schema\/logo\/image\/"}}]}},"_links":{"self":[{"href":"https:\/\/ucm.one\/de\/wp-json\/wp\/v2\/product\/77332","targetHints":{"allow":["GET"]}}],"collection":[{"href":"https:\/\/ucm.one\/de\/wp-json\/wp\/v2\/product"}],"about":[{"href":"https:\/\/ucm.one\/de\/wp-json\/wp\/v2\/types\/product"}],"replies":[{"embeddable":true,"href":"https:\/\/ucm.one\/de\/wp-json\/wp\/v2\/comments?post=77332"}],"wp:featuredmedia":[{"embeddable":true,"href":"https:\/\/ucm.one\/de\/wp-json\/wp\/v2\/media\/77296"}],"wp:attachment":[{"href":"https:\/\/ucm.one\/de\/wp-json\/wp\/v2\/media?parent=77332"}],"wp:term":[{"taxonomy":"product_brand","embeddable":true,"href":"https:\/\/ucm.one\/de\/wp-json\/wp\/v2\/product_brand?post=77332"},{"taxonomy":"product_cat","embeddable":true,"href":"https:\/\/ucm.one\/de\/wp-json\/wp\/v2\/product_cat?post=77332"},{"taxonomy":"product_tag","embeddable":true,"href":"https:\/\/ucm.one\/de\/wp-json\/wp\/v2\/product_tag?post=77332"}],"curies":[{"name":"wp","href":"https:\/\/api.w.org\/{rel}","templated":true}]}}