{"id":77029,"date":"2022-09-24T09:19:58","date_gmt":"2022-09-24T09:19:58","guid":{"rendered":"https:\/\/ucm.one\/?post_type=product&#038;p=77029"},"modified":"2023-07-13T15:16:35","modified_gmt":"2023-07-13T15:16:35","slug":"bloody-nose-empty-pockets","status":"publish","type":"product","link":"https:\/\/ucm.one\/de\/produkt\/bloody-nose-empty-pockets\/","title":{"rendered":"Bloody Nose, Empty Pockets"},"content":{"rendered":"<div class=\"wpb-content-wrapper\"><div class=\"wpb_text_column wpb_content_element \">\n<div class=\"wpb_wrapper\">\n<div class=\"\">\n<div class=\"wpb_text_column wpb_content_element \">\n<div class=\"wpb_wrapper\">\n<div class=\"wpb_text_column wpb_content_element \">\n<div class=\"wpb_wrapper\">\n<div class=\"wpb_text_column wpb_content_element \">\n<div class=\"wpb_wrapper\">\n<div class=\"vc_row wpb_row vc_row-fluid\">\n<div class=\"wpb_column vc_column_container vc_col-sm-9\">\n<div class=\"vc_column-inner\">\n<div class=\"wpb_wrapper\">\n<div class=\"wpb_text_column wpb_content_element \">\n<div class=\"wpb_wrapper\">\n<div class=\"wpb_text_column wpb_content_element \">\n<div class=\"wpb_wrapper\">\n<div class=\"wpb_text_column wpb_content_element \">\n<div class=\"wpb_wrapper\">\n<div class=\"\">\n<div class=\"wpb_text_column wpb_content_element \">\n<div class=\"wpb_wrapper\">\n<div class=\"wpb_text_column wpb_content_element \">\n<div class=\"wpb_wrapper\">\n<div class=\"wpb_text_column wpb_content_element \">\n<div class=\"wpb_wrapper\">\n<div class=\"vc_row wpb_row vc_row-fluid\">\n<div class=\"wpb_column vc_column_container vc_col-sm-9\">\n<div class=\"vc_column-inner\">\n<div class=\"wpb_wrapper\">\n<div class=\"wpb_text_column wpb_content_element \">\n<div class=\"wpb_wrapper\">\n<p>Im Schatten der grellen Lichter von Las Vegas ist die letzte Runde gekommen f\u00fcr eine hei\u00dfgeliebte Spelunke, das \u201eRoaring 20\u2019s\u201c, Heimat und Familienersatz f\u00fcr eine buntgemischte Truppe von Stammg\u00e4sten, die hier Ablenkung von ihrem rauen Alltag finden. Das ist die Grundidee von\u00a0<strong>Bloody Nose, Empty Pockets<\/strong>, einem Film, in dem die Realit\u00e4t so unwirklich ist wie die Welt, der die Stammg\u00e4ste entfliehen. Er ist ein Mosaik aus sehr unterschiedlichen Lebensgeschichten und erz\u00e4hlt von den letzten Stunden einer Kneipe, in der wir Menschen begegnen, die sich mit der Vergangenheit auseinandersetzen, w\u00e4hrend sie einer ungewissen Zukunft entgegensehen, und die laut singen, w\u00e4hrend ihr Schiff untergeht.<\/p>\n<\/div>\n<\/div>\n<\/div>\n<\/div>\n<\/div>\n<\/div>\n<\/div>\n<\/div>\n<\/div>\n<\/div>\n<\/div>\n<\/div>\n<\/div>\n<\/div>\n<\/div>\n<div>Das Filmemacherduo\u00a0<strong>Bill\u00a0Ross IV\u00a0<\/strong>und\u00a0<strong>Turner Ross<\/strong>\u00a0zeichnet das Portr\u00e4t einer winzigen Welt vor dem Untergang, die aber ihren Bewohnern immer noch W\u00e4rme und Trost spendet.\u00a0Die ungew\u00f6hnliche und fesselnde Herangehensweise der Filmemacher an das non-fiktionale Geschichtenerz\u00e4hlen sorgt f\u00fcr eine vernebelte Erinnerung an Ereignisse, die sich in leeren Schnapsgl\u00e4sern und Rauchwolken verlieren.<\/div>\n<\/div>\n<\/div>\n<\/div>\n<\/div>\n<\/div>\n<\/div>\n<\/div>\n<\/div>\n<\/div>\n<\/div>\n<\/div>\n<\/div>\n<\/div>\n<\/div>\n<\/div>\n<\/div>\n<\/div>\n<div><\/div>\n<div><div class=\"gap\" style=\"line-height: 20px; height: 20px;\"><\/div><\/div>\n<h5>Weitere Informationen<\/h5>\n<div>\n<div>\n<table style=\"height: 47px; width: 100%; border-collapse: collapse; border-color: #ffffff; background-color: #ffffff; border-style: hidden;\">\n<tbody>\n<tr style=\"height: 23px; border-style: hidden; border-color: #ffffff; background-color: #ffffff;\">\n<td style=\"width: 4.701195219123506%; height: 23px; border-style: hidden;\">Film:<\/td>\n<td style=\"width: 95.29880478087651%; height: 23px; border-style: hidden;\"><a title=\"Bloody Nose, Empty Pockets (2020) von Bill Ross IV &amp; Turner Ross | NONFY Documentaries\" href=\"https:\/\/ucm.one\/de\/bloody-nose-empty-pockets\/\">Bloody Nose, Empty Pockets<\/a><\/td>\n<\/tr>\n<tr style=\"height: 23px;\">\n<td style=\"width: 4.701195219123506%; height: 24px; border-style: hidden;\">Label:<\/td>\n<td style=\"width: 95.29880478087651%; height: 24px; border-style: hidden;\"><a title=\"NONFY Documentaries\" href=\"https:\/\/ucm.one\/de\/film-labels\/nonfy-documentaries\/\">NONFY Documentaries<\/a><\/td>\n<\/tr>\n<\/tbody>\n<\/table>\n<\/div>\n<div><\/div>\n<\/div>\n<div>\n<div><div class=\"gap\" style=\"line-height: 10px; height: 10px;\"><\/div><\/div>\n<div>\u2117 2020 <strong>Department of Motion Pictures, XTR<\/strong>, \u00a9 2021\u00a0<strong><span style=\"font-family: 'arial black', sans-serif;\">NONFY<\/span> Documentaries<\/strong><span style=\"font-family: arial, helvetica, sans-serif;\">\u00a0<\/span>\/ <span style=\"font-family: 'arial black', sans-serif;\"><strong>UCM.ONE<\/strong><\/span><\/div>\n<div><div class=\"gap\" style=\"line-height: 20px; height: 20px;\"><\/div><\/div>\n<\/div>\n<div>\n<div><\/div>\n<div>\n<div><div class=\"gap\" style=\"line-height: 10px; height: 10px;\"><\/div><\/div>\n<div><span style=\"color: #003a80;\"><strong>\u27a0 <a style=\"color: #003a80;\" href=\"https:\/\/ucm.one\/de\/produkt-kategorie\/art-de\/filme-de\/\">zum Shop<\/a><\/strong><\/span><\/div>\n<div><div class=\"gap\" style=\"line-height: 20px; height: 20px;\"><\/div><\/div>\n<\/div>\n<\/div>\n<\/div>","protected":false},"excerpt":{"rendered":"<p>Regie:<a href=\"https:\/\/ucm.one\/de\/?s=%22Bill+Ross+IV%22&amp;post_type=product\"><strong> Bill Ross IV<\/strong><\/a>, <strong><a href=\"https:\/\/ucm.one\/de\/?s=%22Turner+Ross%22&amp;post_type=product\">Turner Ross<\/a><\/strong><\/p>\n<p>Label:\u00a0<a title=\"Artkeim\u00b2\" href=\"https:\/\/ucm.one\/de\/produkt-kategorie\/label-film-de\/nonfy-documentaries-de\/\"><strong>NONFY Documentaries<\/strong><\/a><\/p>\n<p>Art:\u00a0<strong><a href=\"https:\/\/ucm.one\/de\/produkt-kategorie\/art-de\/filme-de\/\">Film<\/a><\/strong><\/p>\n<p>Genre: <strong><a title=\"Dokumentarfilm\" href=\"https:\/\/ucm.one\/de\/produkt-kategorie\/genre-film-de\/dokumentarfilm-de\/\">Dokumentarfilm<\/a><\/strong><\/p>\n<p>&nbsp;<\/p>\n<p>Jahr: <strong>2021<\/strong><\/p>\n<p>Format: <strong>DVD<\/strong><\/p>\n","protected":false},"featured_media":77232,"comment_status":"open","ping_status":"closed","template":"","meta":{"_acf_changed":false},"product_brand":[],"product_cat":[10938,12646,13156,9708,10331,10337],"product_tag":[14251,14252,14253,12648,14254,12654,14255,14256,14257,14247,14258,14248,14259,14249,14260,14250],"class_list":{"0":"post-77029","1":"product","2":"type-product","3":"status-publish","4":"has-post-thumbnail","6":"product_cat-dokumentarfilm-de","7":"product_cat-nonfy-documentaries-de","8":"product_cat-arthouse-de","9":"product_cat-filme-de","10":"product_cat-dvd-de","11":"product_cat-sonderedition-de","12":"product_tag-marc-paradis","13":"product_tag-john-nerichow","14":"product_tag-lowell-landes","15":"product_tag-bloody-nose","16":"product_tag-ira-j-clark","17":"product_tag-turner-ross","18":"product_tag-bruce-hadnot","19":"product_tag-pete-radcliffe","20":"product_tag-felix-cardona","21":"product_tag-empty-pockets-nonfy-documentaries","22":"product_tag-al-page","23":"product_tag-bill-ross-iv","24":"product_tag-rikki-redd","25":"product_tag-michael-martin","26":"product_tag-pam-harperm","27":"product_tag-cheryl-fink","28":"product_shipping_class-dvd-2","29":"pa_format-modularbook-dvd-de","30":"description-off","32":"first","33":"instock","34":"taxable","35":"shipping-taxable","36":"purchasable","37":"product-type-variable","38":"has-default-attributes"},"acf":[],"yoast_head":"<!-- This site is optimized with the Yoast SEO plugin v27.2 - https:\/\/yoast.com\/product\/yoast-seo-wordpress\/ -->\n<title>Bloody Nose, Empty Pockets<\/title>\n<meta name=\"description\" content=\"Shop | Bloody Nose, Empty Pockets | 2022 | NONFY Documentaries | DVD | FSK12\" \/>\n<meta name=\"robots\" content=\"index, follow, max-snippet:-1, max-image-preview:large, max-video-preview:-1\" \/>\n<link rel=\"canonical\" href=\"https:\/\/ucm.one\/de\/produkt\/bloody-nose-empty-pockets\/\" \/>\n<meta property=\"og:locale\" content=\"de_DE\" \/>\n<meta property=\"og:type\" content=\"article\" \/>\n<meta property=\"og:title\" content=\"Bloody Nose, Empty Pockets\" \/>\n<meta property=\"og:description\" content=\"Shop | Bloody Nose, Empty Pockets | 2022 | NONFY Documentaries | DVD | FSK12\" \/>\n<meta property=\"og:url\" content=\"https:\/\/ucm.one\/de\/produkt\/bloody-nose-empty-pockets\/\" \/>\n<meta property=\"og:site_name\" content=\"UCM.ONE\" \/>\n<meta property=\"article:modified_time\" content=\"2023-07-13T15:16:35+00:00\" \/>\n<meta property=\"og:image\" content=\"https:\/\/ucm.one\/wp-content\/uploads\/2022\/09\/C-Bloody-Nose-Empty-Pocket-DVD-2D-FSK12.jpg\" \/>\n<meta name=\"twitter:card\" content=\"summary_large_image\" \/>\n<meta name=\"twitter:title\" content=\"Bloody Nose, Empty Pockets\" \/>\n<meta name=\"twitter:description\" content=\"Shop | Bloody Nose, Empty Pockets | 2022 | NONFY Documentaries | DVD | FSK12\" \/>\n<meta name=\"twitter:image\" content=\"https:\/\/ucm.one\/wp-content\/uploads\/2022\/09\/C-Bloody-Nose-Empty-Pocket-DVD-2D-FSK12.jpg\" \/>\n<meta name=\"twitter:label1\" content=\"Gesch\u00e4tzte Lesezeit\" \/>\n\t<meta name=\"twitter:data1\" content=\"1\u00a0Minute\" \/>\n<!-- \/ Yoast SEO plugin. -->","yoast_head_json":{"title":"Bloody Nose, Empty Pockets","description":"Shop | Bloody Nose, Empty Pockets | 2022 | NONFY Documentaries | DVD | FSK12","robots":{"index":"index","follow":"follow","max-snippet":"max-snippet:-1","max-image-preview":"max-image-preview:large","max-video-preview":"max-video-preview:-1"},"canonical":"https:\/\/ucm.one\/de\/produkt\/bloody-nose-empty-pockets\/","og_locale":"de_DE","og_type":"article","og_title":"Bloody Nose, Empty Pockets","og_description":"Shop | Bloody Nose, Empty Pockets | 2022 | NONFY Documentaries | DVD | FSK12","og_url":"https:\/\/ucm.one\/de\/produkt\/bloody-nose-empty-pockets\/","og_site_name":"UCM.ONE","article_modified_time":"2023-07-13T15:16:35+00:00","og_image":[{"url":"https:\/\/ucm.one\/wp-content\/uploads\/2022\/09\/C-Bloody-Nose-Empty-Pocket-DVD-2D-FSK12.jpg","type":"","width":"","height":""}],"twitter_card":"summary_large_image","twitter_title":"Bloody Nose, Empty Pockets","twitter_description":"Shop | Bloody Nose, Empty Pockets | 2022 | NONFY Documentaries | DVD | FSK12","twitter_image":"https:\/\/ucm.one\/wp-content\/uploads\/2022\/09\/C-Bloody-Nose-Empty-Pocket-DVD-2D-FSK12.jpg","twitter_misc":{"Gesch\u00e4tzte Lesezeit":"1\u00a0Minute"},"schema":{"@context":"https:\/\/schema.org","@graph":[{"@type":"WebPage","@id":"https:\/\/ucm.one\/de\/produkt\/bloody-nose-empty-pockets\/","url":"https:\/\/ucm.one\/de\/produkt\/bloody-nose-empty-pockets\/","name":"Bloody Nose, Empty Pockets","isPartOf":{"@id":"https:\/\/ucm.one\/de\/#website"},"primaryImageOfPage":{"@id":"https:\/\/ucm.one\/de\/produkt\/bloody-nose-empty-pockets\/#primaryimage"},"image":{"@id":"https:\/\/ucm.one\/de\/produkt\/bloody-nose-empty-pockets\/#primaryimage"},"thumbnailUrl":"https:\/\/ucm.one\/wp-content\/uploads\/2000\/01\/C-Bloody-Nose-Empty-Pockets-DVD-2D-FSK12.jpg","datePublished":"2022-09-24T09:19:58+00:00","dateModified":"2023-07-13T15:16:35+00:00","description":"Shop | Bloody Nose, Empty Pockets | 2022 | NONFY Documentaries | DVD | FSK12","breadcrumb":{"@id":"https:\/\/ucm.one\/de\/produkt\/bloody-nose-empty-pockets\/#breadcrumb"},"inLanguage":"de","potentialAction":[{"@type":"ReadAction","target":["https:\/\/ucm.one\/de\/produkt\/bloody-nose-empty-pockets\/"]}]},{"@type":"ImageObject","inLanguage":"de","@id":"https:\/\/ucm.one\/de\/produkt\/bloody-nose-empty-pockets\/#primaryimage","url":"https:\/\/ucm.one\/wp-content\/uploads\/2000\/01\/C-Bloody-Nose-Empty-Pockets-DVD-2D-FSK12.jpg","contentUrl":"https:\/\/ucm.one\/wp-content\/uploads\/2000\/01\/C-Bloody-Nose-Empty-Pockets-DVD-2D-FSK12.jpg","width":699,"height":1000},{"@type":"BreadcrumbList","@id":"https:\/\/ucm.one\/de\/produkt\/bloody-nose-empty-pockets\/#breadcrumb","itemListElement":[{"@type":"ListItem","position":1,"name":"Home","item":"https:\/\/ucm.one\/de\/"},{"@type":"ListItem","position":2,"name":"Shop","item":"https:\/\/ucm.one\/de\/shop\/"},{"@type":"ListItem","position":3,"name":"Bloody Nose, Empty Pockets"}]},{"@type":"WebSite","@id":"https:\/\/ucm.one\/de\/#website","url":"https:\/\/ucm.one\/de\/","name":"UCM.ONE","description":"","publisher":{"@id":"https:\/\/ucm.one\/de\/#organization"},"potentialAction":[{"@type":"SearchAction","target":{"@type":"EntryPoint","urlTemplate":"https:\/\/ucm.one\/de\/?s={search_term_string}"},"query-input":{"@type":"PropertyValueSpecification","valueRequired":true,"valueName":"search_term_string"}}],"inLanguage":"de"},{"@type":"Organization","@id":"https:\/\/ucm.one\/de\/#organization","name":"UCM.ONE","url":"https:\/\/ucm.one\/de\/","logo":{"@type":"ImageObject","inLanguage":"de","@id":"https:\/\/ucm.one\/de\/#\/schema\/logo\/image\/","url":"https:\/\/ucm.one\/wp-content\/uploads\/2019\/10\/UCM.ONE-Logo-RGB.svg","contentUrl":"https:\/\/ucm.one\/wp-content\/uploads\/2019\/10\/UCM.ONE-Logo-RGB.svg","width":1,"height":1,"caption":"UCM.ONE"},"image":{"@id":"https:\/\/ucm.one\/de\/#\/schema\/logo\/image\/"}}]}},"_links":{"self":[{"href":"https:\/\/ucm.one\/de\/wp-json\/wp\/v2\/product\/77029","targetHints":{"allow":["GET"]}}],"collection":[{"href":"https:\/\/ucm.one\/de\/wp-json\/wp\/v2\/product"}],"about":[{"href":"https:\/\/ucm.one\/de\/wp-json\/wp\/v2\/types\/product"}],"replies":[{"embeddable":true,"href":"https:\/\/ucm.one\/de\/wp-json\/wp\/v2\/comments?post=77029"}],"wp:featuredmedia":[{"embeddable":true,"href":"https:\/\/ucm.one\/de\/wp-json\/wp\/v2\/media\/77232"}],"wp:attachment":[{"href":"https:\/\/ucm.one\/de\/wp-json\/wp\/v2\/media?parent=77029"}],"wp:term":[{"taxonomy":"product_brand","embeddable":true,"href":"https:\/\/ucm.one\/de\/wp-json\/wp\/v2\/product_brand?post=77029"},{"taxonomy":"product_cat","embeddable":true,"href":"https:\/\/ucm.one\/de\/wp-json\/wp\/v2\/product_cat?post=77029"},{"taxonomy":"product_tag","embeddable":true,"href":"https:\/\/ucm.one\/de\/wp-json\/wp\/v2\/product_tag?post=77029"}],"curies":[{"name":"wp","href":"https:\/\/api.w.org\/{rel}","templated":true}]}}