{"id":76995,"date":"2021-06-25T11:07:56","date_gmt":"2021-06-25T11:07:56","guid":{"rendered":"https:\/\/ucm.one\/?post_type=product&#038;p=76995"},"modified":"2023-07-13T15:11:08","modified_gmt":"2023-07-13T15:11:08","slug":"beast-mode-elixier-des-boesen","status":"publish","type":"product","link":"https:\/\/ucm.one\/de\/produkt\/beast-mode-elixier-des-boesen\/","title":{"rendered":"Beast Mode \u2013 Elixier des B\u00f6sen"},"content":{"rendered":"<div class=\"wpb_text_column wpb_content_element \">\n<div class=\"wpb_wrapper\">\n<div class=\"\">\n<div class=\"wpb_text_column wpb_content_element \">\n<div class=\"wpb_wrapper\">\n<div class=\"wpb_text_column wpb_content_element \">\n<div class=\"wpb_wrapper\">\n<p><span style=\"font-weight: 400;\">Filmproduzent Breen Nash (<strong>C. Thomas Howell<\/strong>) muss seine Karriere nach seinem letzten Reinfall wieder in die Spur bringen. Dabei scheint er die L\u00f6sung bereits gefunden zu haben: Hollywoods n\u00e4chste gro\u00dfe Nummer, Huckle Saxton (<strong>James Duval<\/strong>). Bl\u00f6d nur, dass er seinen neuen Star versehentlich mit seinem Auto \u00fcberf\u00e4hrt und t\u00f6tet\u2026 Ausgerechnet kurz vor dem Treffen mit den Investoren. Gl\u00fccklicherweise finden Nash und sein Team schnell einen Mann, der dem frisch Verstorbenen wie aus dem Gesicht geschnitten scheint. Doch es gibt ein Problem: Der Ersatz-Star, hat eine markante Narbe im Gesicht. Zum Gl\u00fcck hat Nashs Make-up-Frau (<strong>Leslie Easterbrook<\/strong>) ein tropisches Wundermittel parat um die Narbe verschwinden zu lassen. Allerdings gibt es gewisse Nebenwirkungen und so verwandelt sich der Doppelg\u00e4nger alsbald in eine blutr\u00fcnstige Bestie. Doch nicht nur er ist mit dem Mittel in Ber\u00fchrung gekommen\u2026<\/span><\/p>\n<\/div>\n<\/div>\n<\/div>\n<\/div>\n<\/div>\n<\/div>\n<\/div>\n<div><div class=\"gap\" style=\"line-height: 20px; height: 20px;\"><\/div><\/div>\n<h5>Weitere Informationen<\/h5>\n<div>\n<div>\n<table style=\"height: 46px; width: 100%; border-collapse: collapse; border-color: #ffffff; background-color: #ffffff; border-style: hidden;\">\n<tbody>\n<tr style=\"height: 23px;\">\n<td style=\"width: 4.701195219123506%; height: 23px; border-style: hidden;\">Label:<\/td>\n<td style=\"width: 95.29880478087651%; height: 23px; border-style: hidden;\"><a title=\"B-Spree Pictures\" href=\"https:\/\/ucm.one\/de\/film-labels\/b-spree-pictures\">B-Spree Pictures<\/a><\/td>\n<\/tr>\n<\/tbody>\n<\/table>\n<\/div>\n<div><\/div>\n<\/div>\n<div>\n<div><div class=\"gap\" style=\"line-height: 10px; height: 10px;\"><\/div><\/div>\n<div>\u2117 2020 <strong>Brickyard Films<\/strong>, <strong>Citicine Productions<\/strong>, <strong>UP &amp; AWAY Productions<\/strong>, \u00a0\u00a9 2021\u00a0<strong>B-Spree Pictures<\/strong> \/ <span style=\"font-family: 'arial black', sans-serif;\"><strong>UCM.ONE<\/strong><\/span><\/div>\n<div><div class=\"gap\" style=\"line-height: 20px; height: 20px;\"><\/div><\/div>\n<div>\n<div><\/div>\n<div>\n<div><div class=\"gap\" style=\"line-height: 10px; height: 10px;\"><\/div><\/div>\n<div><span style=\"color: #003a80;\"><strong>\u27a0 <a style=\"color: #003a80;\" href=\"https:\/\/ucm.one\/de\/produkt-kategorie\/art-de\/filme-de\/\">zum Shop<\/a><\/strong><\/span><\/div>\n<div><div class=\"gap\" style=\"line-height: 20px; height: 20px;\"><\/div><\/div>\n<\/div>\n<\/div>\n<\/div>\n","protected":false},"excerpt":{"rendered":"<p>Regie:<a href=\"https:\/\/ucm.one\/de\/?s=%22Chris+W.+Freeman%22&amp;post_type=product\"><strong> Chris W. Freeman<\/strong><\/a>, <strong><a href=\"https:\/\/ucm.one\/de\/?s=%22Spain+Willingham%22&amp;post_type=product\">Spain Willingham<\/a><\/strong><\/p>\n<p>Label: <a title=\"B-Spree Pictures\" href=\"https:\/\/ucm.one\/de\/produkt-kategorie\/label-film-de\/b-spree-pictures-de\"><strong>B-Spree Pictures<\/strong><\/a><\/p>\n<p>Art:\u00a0<strong><a href=\"https:\/\/ucm.one\/de\/produkt-kategorie\/art-de\/filme-de\/\">Film<\/a> (Spielfilm)<\/strong><\/p>\n<p>Genres:\u00a0<b><a href=\"https:\/\/ucm.one\/de\/produkt-kategorie\/genre-film-de\/horror-de\/\">Horror<\/a>, <a href=\"https:\/\/ucm.one\/de\/produkt-kategorie\/genre-film-de\/komoedie-de\/\">Kom\u00f6die<\/a><\/b><\/p>\n<p>Jahr: <strong>2021<\/strong><\/p>\n<p>FSK: <strong>18<\/strong><\/p>\n<p>Formate: <strong>Diverse<\/strong><\/p>\n","protected":false},"featured_media":77429,"comment_status":"open","ping_status":"closed","template":"","meta":{"_acf_changed":false},"product_brand":[],"product_cat":[10341,10356,9708,10327,10331,10332,10333],"product_tag":[14244,14245,14246,10942,13563,14239,14240,14241,14242,14243],"class_list":{"0":"post-76995","1":"product","2":"type-product","3":"status-publish","4":"has-post-thumbnail","6":"product_cat-b-spree-pictures-de","7":"product_cat-komoedie-de","8":"product_cat-filme-de","9":"product_cat-horror-de","10":"product_cat-dvd-de","11":"product_cat-blu-ray-de","12":"product_cat-mediabooks-de","13":"product_tag-james-hong","14":"product_tag-james-duval","15":"product_tag-leslie-easterbrook","16":"product_tag-b-spree-pictures","17":"product_tag-c-thomas-howell","18":"product_tag-beast-mode-elixier-des-boesen","19":"product_tag-beast-mode","20":"product_tag-chris-w-freeman","21":"product_tag-spain-willingham","22":"product_tag-ray-wise","23":"pa_format-dvd","24":"pa_format-blu-ray-de","25":"pa_format-mediabook-blu-ray-dvd","26":"description-off","28":"first","29":"instock","30":"sale","31":"taxable","32":"shipping-taxable","33":"purchasable","34":"product-type-variable"},"acf":[],"yoast_head":"<!-- This site is optimized with the Yoast SEO plugin v27.2 - https:\/\/yoast.com\/product\/yoast-seo-wordpress\/ -->\n<title>Beast Mode \u2013 Elixier des B\u00f6sen<\/title>\n<meta name=\"description\" content=\"Shop | Beast Mode \u2013 Elixier des B\u00f6sen | 2021 | B-Spree Pictures | Limitiertes Mediabook, Blu-Ray, DVD | FSK 18\" \/>\n<meta name=\"robots\" content=\"index, follow, max-snippet:-1, max-image-preview:large, max-video-preview:-1\" \/>\n<link rel=\"canonical\" href=\"https:\/\/ucm.one\/de\/produkt\/beast-mode-elixier-des-boesen\/\" \/>\n<meta property=\"og:locale\" content=\"de_DE\" \/>\n<meta property=\"og:type\" content=\"article\" \/>\n<meta property=\"og:title\" content=\"Beast Mode \u2013 Elixier des B\u00f6sen\" \/>\n<meta property=\"og:description\" content=\"Shop | Beast Mode \u2013 Elixier des B\u00f6sen | 2021 | B-Spree Pictures | Limitiertes Mediabook, Blu-Ray, DVD | FSK 18\" \/>\n<meta property=\"og:url\" content=\"https:\/\/ucm.one\/de\/produkt\/beast-mode-elixier-des-boesen\/\" \/>\n<meta property=\"og:site_name\" content=\"UCM.ONE\" \/>\n<meta property=\"article:modified_time\" content=\"2023-07-13T15:11:08+00:00\" \/>\n<meta property=\"og:image\" content=\"https:\/\/ucm.one\/wp-content\/uploads\/2022\/09\/C-Beast-Mode-MB-2D-FSK18.jpg\" \/>\n<meta name=\"twitter:card\" content=\"summary_large_image\" \/>\n<meta name=\"twitter:title\" content=\"Beast Mode \u2013 Elixier des B\u00f6sen\" \/>\n<meta name=\"twitter:description\" content=\"Shop | Beast Mode \u2013 Elixier des B\u00f6sen | 2021 | B-Spree Pictures | Limitiertes Mediabook, Blu-Ray, DVD | FSK 18\" \/>\n<meta name=\"twitter:image\" content=\"https:\/\/ucm.one\/wp-content\/uploads\/2022\/09\/C-Beast-Mode-MB-2D-FSK18.jpg\" \/>\n<meta name=\"twitter:label1\" content=\"Gesch\u00e4tzte Lesezeit\" \/>\n\t<meta name=\"twitter:data1\" content=\"1\u00a0Minute\" \/>\n<!-- \/ Yoast SEO plugin. -->","yoast_head_json":{"title":"Beast Mode \u2013 Elixier des B\u00f6sen","description":"Shop | Beast Mode \u2013 Elixier des B\u00f6sen | 2021 | B-Spree Pictures | Limitiertes Mediabook, Blu-Ray, DVD | FSK 18","robots":{"index":"index","follow":"follow","max-snippet":"max-snippet:-1","max-image-preview":"max-image-preview:large","max-video-preview":"max-video-preview:-1"},"canonical":"https:\/\/ucm.one\/de\/produkt\/beast-mode-elixier-des-boesen\/","og_locale":"de_DE","og_type":"article","og_title":"Beast Mode \u2013 Elixier des B\u00f6sen","og_description":"Shop | Beast Mode \u2013 Elixier des B\u00f6sen | 2021 | B-Spree Pictures | Limitiertes Mediabook, Blu-Ray, DVD | FSK 18","og_url":"https:\/\/ucm.one\/de\/produkt\/beast-mode-elixier-des-boesen\/","og_site_name":"UCM.ONE","article_modified_time":"2023-07-13T15:11:08+00:00","og_image":[{"url":"https:\/\/ucm.one\/wp-content\/uploads\/2022\/09\/C-Beast-Mode-MB-2D-FSK18.jpg","type":"","width":"","height":""}],"twitter_card":"summary_large_image","twitter_title":"Beast Mode \u2013 Elixier des B\u00f6sen","twitter_description":"Shop | Beast Mode \u2013 Elixier des B\u00f6sen | 2021 | B-Spree Pictures | Limitiertes Mediabook, Blu-Ray, DVD | FSK 18","twitter_image":"https:\/\/ucm.one\/wp-content\/uploads\/2022\/09\/C-Beast-Mode-MB-2D-FSK18.jpg","twitter_misc":{"Gesch\u00e4tzte Lesezeit":"1\u00a0Minute"},"schema":{"@context":"https:\/\/schema.org","@graph":[{"@type":"WebPage","@id":"https:\/\/ucm.one\/de\/produkt\/beast-mode-elixier-des-boesen\/","url":"https:\/\/ucm.one\/de\/produkt\/beast-mode-elixier-des-boesen\/","name":"Beast Mode \u2013 Elixier des B\u00f6sen","isPartOf":{"@id":"https:\/\/ucm.one\/de\/#website"},"primaryImageOfPage":{"@id":"https:\/\/ucm.one\/de\/produkt\/beast-mode-elixier-des-boesen\/#primaryimage"},"image":{"@id":"https:\/\/ucm.one\/de\/produkt\/beast-mode-elixier-des-boesen\/#primaryimage"},"thumbnailUrl":"https:\/\/ucm.one\/wp-content\/uploads\/2000\/01\/C-Beast-Mode-DVD-2D-FSK18.jpg","datePublished":"2021-06-25T11:07:56+00:00","dateModified":"2023-07-13T15:11:08+00:00","description":"Shop | Beast Mode \u2013 Elixier des B\u00f6sen | 2021 | B-Spree Pictures | Limitiertes Mediabook, Blu-Ray, DVD | FSK 18","breadcrumb":{"@id":"https:\/\/ucm.one\/de\/produkt\/beast-mode-elixier-des-boesen\/#breadcrumb"},"inLanguage":"de","potentialAction":[{"@type":"ReadAction","target":["https:\/\/ucm.one\/de\/produkt\/beast-mode-elixier-des-boesen\/"]}]},{"@type":"ImageObject","inLanguage":"de","@id":"https:\/\/ucm.one\/de\/produkt\/beast-mode-elixier-des-boesen\/#primaryimage","url":"https:\/\/ucm.one\/wp-content\/uploads\/2000\/01\/C-Beast-Mode-DVD-2D-FSK18.jpg","contentUrl":"https:\/\/ucm.one\/wp-content\/uploads\/2000\/01\/C-Beast-Mode-DVD-2D-FSK18.jpg","width":698,"height":1000},{"@type":"BreadcrumbList","@id":"https:\/\/ucm.one\/de\/produkt\/beast-mode-elixier-des-boesen\/#breadcrumb","itemListElement":[{"@type":"ListItem","position":1,"name":"Home","item":"https:\/\/ucm.one\/de\/"},{"@type":"ListItem","position":2,"name":"Shop","item":"https:\/\/ucm.one\/de\/shop\/"},{"@type":"ListItem","position":3,"name":"Beast Mode \u2013 Elixier des B\u00f6sen"}]},{"@type":"WebSite","@id":"https:\/\/ucm.one\/de\/#website","url":"https:\/\/ucm.one\/de\/","name":"UCM.ONE","description":"","publisher":{"@id":"https:\/\/ucm.one\/de\/#organization"},"potentialAction":[{"@type":"SearchAction","target":{"@type":"EntryPoint","urlTemplate":"https:\/\/ucm.one\/de\/?s={search_term_string}"},"query-input":{"@type":"PropertyValueSpecification","valueRequired":true,"valueName":"search_term_string"}}],"inLanguage":"de"},{"@type":"Organization","@id":"https:\/\/ucm.one\/de\/#organization","name":"UCM.ONE","url":"https:\/\/ucm.one\/de\/","logo":{"@type":"ImageObject","inLanguage":"de","@id":"https:\/\/ucm.one\/de\/#\/schema\/logo\/image\/","url":"https:\/\/ucm.one\/wp-content\/uploads\/2019\/10\/UCM.ONE-Logo-RGB.svg","contentUrl":"https:\/\/ucm.one\/wp-content\/uploads\/2019\/10\/UCM.ONE-Logo-RGB.svg","width":1,"height":1,"caption":"UCM.ONE"},"image":{"@id":"https:\/\/ucm.one\/de\/#\/schema\/logo\/image\/"}}]}},"_links":{"self":[{"href":"https:\/\/ucm.one\/de\/wp-json\/wp\/v2\/product\/76995","targetHints":{"allow":["GET"]}}],"collection":[{"href":"https:\/\/ucm.one\/de\/wp-json\/wp\/v2\/product"}],"about":[{"href":"https:\/\/ucm.one\/de\/wp-json\/wp\/v2\/types\/product"}],"replies":[{"embeddable":true,"href":"https:\/\/ucm.one\/de\/wp-json\/wp\/v2\/comments?post=76995"}],"wp:featuredmedia":[{"embeddable":true,"href":"https:\/\/ucm.one\/de\/wp-json\/wp\/v2\/media\/77429"}],"wp:attachment":[{"href":"https:\/\/ucm.one\/de\/wp-json\/wp\/v2\/media?parent=76995"}],"wp:term":[{"taxonomy":"product_brand","embeddable":true,"href":"https:\/\/ucm.one\/de\/wp-json\/wp\/v2\/product_brand?post=76995"},{"taxonomy":"product_cat","embeddable":true,"href":"https:\/\/ucm.one\/de\/wp-json\/wp\/v2\/product_cat?post=76995"},{"taxonomy":"product_tag","embeddable":true,"href":"https:\/\/ucm.one\/de\/wp-json\/wp\/v2\/product_tag?post=76995"}],"curies":[{"name":"wp","href":"https:\/\/api.w.org\/{rel}","templated":true}]}}