{"id":76960,"date":"2022-06-24T09:05:27","date_gmt":"2022-06-24T09:05:27","guid":{"rendered":"https:\/\/ucm.one\/?post_type=product&#038;p=76960"},"modified":"2026-04-02T18:26:03","modified_gmt":"2026-04-02T18:26:03","slug":"rebecca","status":"publish","type":"product","link":"https:\/\/ucm.one\/de\/produkt\/rebecca\/","title":{"rendered":"Rebecca"},"content":{"rendered":"<div class=\"wpb_text_column wpb_content_element \">\n<div class=\"wpb_wrapper\">\n<div class=\"\">\n<div class=\"wpb_text_column wpb_content_element \">\n<div class=\"wpb_wrapper\">\n<p><span style=\"font-weight: 400;\">Maxim de Winter (<strong>Laurence Olivier)<\/strong> ist durch den pl\u00f6tzlichen und unerwarteten Tod seiner bezaubernden Frau Rebecca wie bet\u00e4ubt. Das \u00e4ndert sich erst, als er im Urlaub in Monte Carlo eine junge und h\u00fcbsche Gesellschafterin (<strong>Joan Fontaine<\/strong>) kennenlernt. Kurzentschlossen h\u00e4lt er um die Hand der jungen Frau an und nimmt sie daraufhin mit nach Manderley, seinem prachtvollen Anwesen an der K\u00fcste Cornwalls. Dort angekommen muss die frischgebackene Mrs. de Winter feststellen, dass die verstorbene Ehefrau in dem zwar prachtvollen aber auch d\u00fcsteren Gem\u00e4uer noch allgegenw\u00e4rtig ist. Als die Leiche der urspr\u00fcnglichen Mrs. de Winter gefunden wird, ger\u00e4t Maxim unter Mordverdacht, der tief in seinem Herzen die Wahrheit \u00fcber ihren Tod verborgen h\u00e4lt. Ist er der M\u00f6rder von Rebecca?<\/span><\/p>\n<\/div>\n<\/div>\n<\/div>\n<\/div>\n<\/div>\n<div><div class=\"gap\" style=\"line-height: 20px; height: 20px;\"><\/div><\/div>\n<h5>Weitere Informationen<\/h5>\n<div>\n<div>\n<table style=\"height: 46px; width: 100%; border-collapse: collapse; border-color: #ffffff; background-color: #ffffff; border-style: hidden;\">\n<tbody>\n<tr style=\"height: 23px;\">\n<td style=\"width: 4.701195219123506%; height: 23px; border-style: hidden;\">Label:<\/td>\n<td style=\"width: 95.29880478087651%; height: 23px; border-style: hidden;\"><a title=\"\u00c9dition ParaSol Videoth\u00e8que\" href=\"https:\/\/ucm.one\/de\/film-labels\/artkeim\/#edition-film-noir\">\u00c9dition Film Noir<\/a> \/ <a title=\"B-Spree Classics\" href=\"https:\/\/ucm.one\/de\/film-labels\/artkeim\/\">Artkeim\u00b2<\/a><\/td>\n<\/tr>\n<\/tbody>\n<\/table>\n<\/div>\n<div><\/div>\n<\/div>\n<div>\n<div><div class=\"gap\" style=\"line-height: 10px; height: 10px;\"><\/div><\/div>\n<div>\u2117 1940<strong> Selznick International Pictures<\/strong>, \u00a9 2022 <strong>\u00c9dition Film Noir<\/strong>\u00a0\/ <strong>Artkeim\u00b2<\/strong> \/\u00a0<span style=\"font-family: 'arial black', sans-serif;\"><strong>UCM.ONE<\/strong><\/span><\/div>\n<div><div class=\"gap\" style=\"line-height: 20px; height: 20px;\"><\/div><\/div>\n<div>\n<div><\/div>\n<div>\n<div><div class=\"gap\" style=\"line-height: 10px; height: 10px;\"><\/div><\/div>\n<div><span style=\"color: #003a80;\"><strong>\u27a0 <a style=\"color: #003a80;\" href=\"https:\/\/ucm.one\/de\/produkt-kategorie\/art-de\/filme-de\/\">zum Shop<\/a><\/strong><\/span><\/div>\n<div><div class=\"gap\" style=\"line-height: 20px; height: 20px;\"><\/div><\/div>\n<\/div>\n<\/div>\n<\/div>\n","protected":false},"excerpt":{"rendered":"<p>Regie: <a href=\"https:\/\/ucm.one\/de\/?s=%22Alfred+Hitchcock%22&amp;post_type=product\"><strong>Alfred Hitchcock<\/strong><\/a><\/p>\n<p>Label:<a href=\"https:\/\/ucm.one\/de\/produkt-kategorie\/label-film-de\/artkeim-de\/edition-film-noir-de\/\"> <strong>Edition Film Noir<\/strong><\/a> <strong>\/ <a href=\"https:\/\/ucm.one\/de\/produkt-kategorie\/label-film-de\/artkeim-de\/\">Artkeim\u00b2<\/a><\/strong><\/p>\n<p>Art:\u00a0<strong><a href=\"https:\/\/ucm.one\/de\/produkt-kategorie\/art-de\/filme-de\/\">Film<\/a> (<a title=\"\" href=\"https:\/\/ucm.one\/de\/produkt-kategorie\/genre-film-de\/klassiker-de\/\">Klassiker<\/a>)<\/strong><\/p>\n<p>Genres: <strong><a title=\"\" href=\"https:\/\/ucm.one\/de\/produkt-kategorie\/genre-film-de\/film-noir\/\">Film Noir<\/a>, <a href=\"https:\/\/ucm.one\/de\/produkt-kategorie\/genre-film-de\/krimi-de\/\">Krimi,<\/a> <a title=\"\" href=\"https:\/\/ucm.one\/de\/produkt-kategorie\/genre-film-de\/drama-de\/\">Drama<\/a><\/strong><br \/>\n<b><\/b><\/p>\n<p>Jahr: <strong>2022<\/strong><\/p>\n<p>FSK: <strong>16<\/strong><\/p>\n<p>Format: <strong>Mediabook<\/strong><\/p>\n","protected":false},"featured_media":77575,"comment_status":"open","ping_status":"closed","template":"","meta":{"_acf_changed":false},"product_brand":[],"product_cat":[12093,10331,10332,10333,10334,10335,10336,10338,10345,9708],"product_tag":[14235,14225,14236,14226,14237,14227,14238,14228,14335,14229,14336,14230,14231,14232,14233,12080,14234],"class_list":{"0":"post-76960","1":"product","2":"type-product","3":"status-publish","4":"has-post-thumbnail","6":"product_cat-klassiker-de","7":"product_cat-dvd-de","8":"product_cat-blu-ray-de","9":"product_cat-mediabooks-de","10":"product_cat-drama-de","11":"product_cat-krimi-de","12":"product_cat-film-noir","13":"product_cat-artkeim-de","14":"product_cat-edition-film-noir-de","15":"product_cat-filme-de","16":"product_tag-florence-bates","17":"product_tag-rebecca","18":"product_tag-edward-fielding","19":"product_tag-alfred-hitchcock","20":"product_tag-leo-g-carroll","21":"product_tag-laurence-olivier","22":"product_tag-melville-cooper","23":"product_tag-joan-fontaine","24":"product_tag-film-noir","25":"product_tag-george-sanders","26":"product_tag-edition-film-noir","27":"product_tag-c-aubrey-smith","28":"product_tag-daphne-du-maurier","29":"product_tag-reginald-denny","30":"product_tag-nigel-bruce","31":"product_tag-artkeim","32":"product_tag-gladys-cooper","33":"product_shipping_class-bd-2","34":"pa_format-mediabook-blu-ray-dvd","35":"description-off","37":"first","38":"instock","39":"taxable","40":"shipping-taxable","41":"purchasable","42":"product-type-variable","43":"has-default-attributes"},"acf":[],"yoast_head":"<!-- This site is optimized with the Yoast SEO plugin v27.2 - https:\/\/yoast.com\/product\/yoast-seo-wordpress\/ -->\n<title>Rebecca<\/title>\n<meta name=\"description\" content=\"Shop | Rebecca | 2022 | \u00c9dition Film Noir \/ Artkeim\u00b2 | Mediabook (Blu-Ray + DVD) | FSK 16\" \/>\n<meta name=\"robots\" content=\"index, follow, max-snippet:-1, max-image-preview:large, max-video-preview:-1\" \/>\n<link rel=\"canonical\" href=\"https:\/\/ucm.one\/de\/produkt\/rebecca\/\" \/>\n<meta property=\"og:locale\" content=\"de_DE\" \/>\n<meta property=\"og:type\" content=\"article\" \/>\n<meta property=\"og:title\" content=\"Rebecca\" \/>\n<meta property=\"og:description\" content=\"Shop | Rebecca | 2022 | \u00c9dition Film Noir \/ Artkeim\u00b2 | Mediabook (Blu-Ray + DVD) | FSK 16\" \/>\n<meta property=\"og:url\" content=\"https:\/\/ucm.one\/de\/produkt\/rebecca\/\" \/>\n<meta property=\"og:site_name\" content=\"UCM.ONE\" \/>\n<meta property=\"article:modified_time\" content=\"2026-04-02T18:26:03+00:00\" \/>\n<meta property=\"og:image\" content=\"https:\/\/ucm.one\/wp-content\/uploads\/2000\/01\/C-Rebecca-MB-2D-FSK16.jpg\" \/>\n<meta name=\"twitter:card\" content=\"summary_large_image\" \/>\n<meta name=\"twitter:title\" content=\"Rebecca\" \/>\n<meta name=\"twitter:description\" content=\"Shop | Rebecca | 2022 | \u00c9dition Film Noir \/ Artkeim\u00b2 | Mediabook (Blu-Ray + DVD) | FSK 16\" \/>\n<meta name=\"twitter:image\" content=\"https:\/\/ucm.one\/wp-content\/uploads\/2000\/01\/C-Rebecca-MB-2D-FSK16.jpg\" \/>\n<meta name=\"twitter:label1\" content=\"Gesch\u00e4tzte Lesezeit\" \/>\n\t<meta name=\"twitter:data1\" content=\"1\u00a0Minute\" \/>\n<!-- \/ Yoast SEO plugin. -->","yoast_head_json":{"title":"Rebecca","description":"Shop | Rebecca | 2022 | \u00c9dition Film Noir \/ Artkeim\u00b2 | Mediabook (Blu-Ray + DVD) | FSK 16","robots":{"index":"index","follow":"follow","max-snippet":"max-snippet:-1","max-image-preview":"max-image-preview:large","max-video-preview":"max-video-preview:-1"},"canonical":"https:\/\/ucm.one\/de\/produkt\/rebecca\/","og_locale":"de_DE","og_type":"article","og_title":"Rebecca","og_description":"Shop | Rebecca | 2022 | \u00c9dition Film Noir \/ Artkeim\u00b2 | Mediabook (Blu-Ray + DVD) | FSK 16","og_url":"https:\/\/ucm.one\/de\/produkt\/rebecca\/","og_site_name":"UCM.ONE","article_modified_time":"2026-04-02T18:26:03+00:00","og_image":[{"url":"https:\/\/ucm.one\/wp-content\/uploads\/2000\/01\/C-Rebecca-MB-2D-FSK16.jpg","type":"","width":"","height":""}],"twitter_card":"summary_large_image","twitter_title":"Rebecca","twitter_description":"Shop | Rebecca | 2022 | \u00c9dition Film Noir \/ Artkeim\u00b2 | Mediabook (Blu-Ray + DVD) | FSK 16","twitter_image":"https:\/\/ucm.one\/wp-content\/uploads\/2000\/01\/C-Rebecca-MB-2D-FSK16.jpg","twitter_misc":{"Gesch\u00e4tzte Lesezeit":"1\u00a0Minute"},"schema":{"@context":"https:\/\/schema.org","@graph":[{"@type":"WebPage","@id":"https:\/\/ucm.one\/de\/produkt\/rebecca\/","url":"https:\/\/ucm.one\/de\/produkt\/rebecca\/","name":"Rebecca","isPartOf":{"@id":"https:\/\/ucm.one\/de\/#website"},"primaryImageOfPage":{"@id":"https:\/\/ucm.one\/de\/produkt\/rebecca\/#primaryimage"},"image":{"@id":"https:\/\/ucm.one\/de\/produkt\/rebecca\/#primaryimage"},"thumbnailUrl":"https:\/\/ucm.one\/wp-content\/uploads\/2022\/06\/C-Rebecca-MB-2D-FSK16.jpg","datePublished":"2022-06-24T09:05:27+00:00","dateModified":"2026-04-02T18:26:03+00:00","description":"Shop | Rebecca | 2022 | \u00c9dition Film Noir \/ Artkeim\u00b2 | Mediabook (Blu-Ray + DVD) | FSK 16","breadcrumb":{"@id":"https:\/\/ucm.one\/de\/produkt\/rebecca\/#breadcrumb"},"inLanguage":"de","potentialAction":[{"@type":"ReadAction","target":["https:\/\/ucm.one\/de\/produkt\/rebecca\/"]}]},{"@type":"ImageObject","inLanguage":"de","@id":"https:\/\/ucm.one\/de\/produkt\/rebecca\/#primaryimage","url":"https:\/\/ucm.one\/wp-content\/uploads\/2022\/06\/C-Rebecca-MB-2D-FSK16.jpg","contentUrl":"https:\/\/ucm.one\/wp-content\/uploads\/2022\/06\/C-Rebecca-MB-2D-FSK16.jpg","width":699,"height":1000},{"@type":"BreadcrumbList","@id":"https:\/\/ucm.one\/de\/produkt\/rebecca\/#breadcrumb","itemListElement":[{"@type":"ListItem","position":1,"name":"Home","item":"https:\/\/ucm.one\/de\/"},{"@type":"ListItem","position":2,"name":"Shop","item":"https:\/\/ucm.one\/de\/shop\/"},{"@type":"ListItem","position":3,"name":"Rebecca"}]},{"@type":"WebSite","@id":"https:\/\/ucm.one\/de\/#website","url":"https:\/\/ucm.one\/de\/","name":"UCM.ONE","description":"","publisher":{"@id":"https:\/\/ucm.one\/de\/#organization"},"potentialAction":[{"@type":"SearchAction","target":{"@type":"EntryPoint","urlTemplate":"https:\/\/ucm.one\/de\/?s={search_term_string}"},"query-input":{"@type":"PropertyValueSpecification","valueRequired":true,"valueName":"search_term_string"}}],"inLanguage":"de"},{"@type":"Organization","@id":"https:\/\/ucm.one\/de\/#organization","name":"UCM.ONE","url":"https:\/\/ucm.one\/de\/","logo":{"@type":"ImageObject","inLanguage":"de","@id":"https:\/\/ucm.one\/de\/#\/schema\/logo\/image\/","url":"https:\/\/ucm.one\/wp-content\/uploads\/2019\/10\/UCM.ONE-Logo-RGB.svg","contentUrl":"https:\/\/ucm.one\/wp-content\/uploads\/2019\/10\/UCM.ONE-Logo-RGB.svg","width":1,"height":1,"caption":"UCM.ONE"},"image":{"@id":"https:\/\/ucm.one\/de\/#\/schema\/logo\/image\/"}}]}},"_links":{"self":[{"href":"https:\/\/ucm.one\/de\/wp-json\/wp\/v2\/product\/76960","targetHints":{"allow":["GET"]}}],"collection":[{"href":"https:\/\/ucm.one\/de\/wp-json\/wp\/v2\/product"}],"about":[{"href":"https:\/\/ucm.one\/de\/wp-json\/wp\/v2\/types\/product"}],"replies":[{"embeddable":true,"href":"https:\/\/ucm.one\/de\/wp-json\/wp\/v2\/comments?post=76960"}],"wp:featuredmedia":[{"embeddable":true,"href":"https:\/\/ucm.one\/de\/wp-json\/wp\/v2\/media\/77575"}],"wp:attachment":[{"href":"https:\/\/ucm.one\/de\/wp-json\/wp\/v2\/media?parent=76960"}],"wp:term":[{"taxonomy":"product_brand","embeddable":true,"href":"https:\/\/ucm.one\/de\/wp-json\/wp\/v2\/product_brand?post=76960"},{"taxonomy":"product_cat","embeddable":true,"href":"https:\/\/ucm.one\/de\/wp-json\/wp\/v2\/product_cat?post=76960"},{"taxonomy":"product_tag","embeddable":true,"href":"https:\/\/ucm.one\/de\/wp-json\/wp\/v2\/product_tag?post=76960"}],"curies":[{"name":"wp","href":"https:\/\/api.w.org\/{rel}","templated":true}]}}