{"id":76879,"date":"2022-02-25T08:54:08","date_gmt":"2022-02-25T08:54:08","guid":{"rendered":"https:\/\/ucm.one\/?post_type=product&#038;p=76879"},"modified":"2025-09-17T23:01:32","modified_gmt":"2025-09-17T23:01:32","slug":"mit-dem-ruecken-zur-wand","status":"publish","type":"product","link":"https:\/\/ucm.one\/de\/produkt\/mit-dem-ruecken-zur-wand\/","title":{"rendered":"Mit dem R\u00fccken zur Wand"},"content":{"rendered":"<div class=\"wpb_text_column wpb_content_element \">\n<div class=\"wpb_wrapper\">\n<div class=\"\">\n<div class=\"wpb_text_column wpb_content_element \">\n<div class=\"wpb_wrapper\">\n<p><span style=\"font-weight: 400;\">Paris, Frankreich: Als der Industrielle Jacques Decrey (<strong>G\u00e9rard Oury)<\/strong> herausfindet, dass er von seiner Frau Gloria (<strong>Jeanne Moreau<\/strong>) betrogen wird, fasst er einen perfiden Plan: Er verfasst Erpresserbriefe an seine Frau, erweckt darin aber den Anschein, dass diese von ihrem Geliebten, dem jungen Schauspieler Yves Normands (<strong>Philippe Nicaud<\/strong>) stammen. Sein Plan geht auf, Gloria ist der Verzweiflung nah, kann ihre Gedanken ihrem Geliebten aber nicht offenbaren und fasst stattdessen einen verh\u00e4ngnisvollen Entschluss\u2026<\/span><\/p>\n<\/div>\n<\/div>\n<\/div>\n<\/div>\n<\/div>\n<div><div class=\"gap\" style=\"line-height: 20px; height: 20px;\"><\/div><\/div>\n<h5>Weitere Informationen<\/h5>\n<div>\n<div>\n<table style=\"height: 46px; width: 100%; border-collapse: collapse; border-color: #ffffff; background-color: #ffffff; border-style: hidden;\">\n<tbody>\n<tr style=\"height: 23px;\">\n<td style=\"width: 4.701195219123506%; height: 23px; border-style: hidden;\">Label:<\/td>\n<td style=\"width: 95.29880478087651%; height: 23px; border-style: hidden;\"><a title=\"\u00c9dition ParaSol Videoth\u00e8que\" href=\"https:\/\/ucm.one\/de\/film-labels\/artkeim\/#edition-film-noir\">\u00c9dition Film Noir<\/a> \/ <a title=\"B-Spree Classics\" href=\"https:\/\/ucm.one\/de\/film-labels\/artkeim\/\">Artkeim\u00b2<\/a><\/td>\n<\/tr>\n<\/tbody>\n<\/table>\n<\/div>\n<div><\/div>\n<\/div>\n<div>\n<div><div class=\"gap\" style=\"line-height: 10px; height: 10px;\"><\/div><\/div>\n<div>\u2117 1958<strong> Soci\u00e9t\u00e9 Nouvelle des \u00c9tablissements Gaumont (SNEG)<\/strong>, \u00a9 2022 <strong>Edition Film Noir<\/strong>\u00a0\/ <strong>Artkeim\u00b2<\/strong> \/\u00a0<span style=\"font-family: 'arial black', sans-serif;\"><strong>UCM.ONE<\/strong><\/span><\/div>\n<div><div class=\"gap\" style=\"line-height: 20px; height: 20px;\"><\/div><\/div>\n<div>\n<div><\/div>\n<div>\n<div><div class=\"gap\" style=\"line-height: 10px; height: 10px;\"><\/div><\/div>\n<div><span style=\"color: #003a80;\"><strong>\u27a0 <a style=\"color: #003a80;\" href=\"https:\/\/ucm.one\/de\/produkt-kategorie\/art-de\/filme-de\/\">zum Shop<\/a><\/strong><\/span><\/div>\n<div><div class=\"gap\" style=\"line-height: 20px; height: 20px;\"><\/div><\/div>\n<\/div>\n<\/div>\n<\/div>\n","protected":false},"excerpt":{"rendered":"<p>Regie: <a href=\"https:\/\/ucm.one\/de\/?s=%22%C3%89douard+Molinaro%22&amp;post_type=product\"><strong>\u00c9douard Molinaro<\/strong><\/a><\/p>\n<p>Label:<a href=\"https:\/\/ucm.one\/de\/produkt-kategorie\/label-film-de\/artkeim-de\/edition-film-noir-de\/\">\u00a0<strong>\u00c9dition Film Noir<\/strong><\/a> <strong>\/ <a href=\"https:\/\/ucm.one\/de\/produkt-kategorie\/label-film-de\/artkeim-de\/\">Artkeim\u00b2<\/a><\/strong><\/p>\n<p>Art:\u00a0<strong><a href=\"https:\/\/ucm.one\/de\/produkt-kategorie\/art-de\/filme-de\/\">Film<\/a> (<a title=\"\" href=\"https:\/\/ucm.one\/de\/produkt-kategorie\/genre-film-de\/klassiker-de\/\">Klassiker<\/a>)<\/strong><\/p>\n<p>Genres: <strong><a title=\"\" href=\"https:\/\/ucm.one\/de\/produkt-kategorie\/genre-film-de\/film-noir\/\">Film Noir<\/a>, <a href=\"https:\/\/ucm.one\/de\/produkt-kategorie\/genre-film-de\/krimi-de\/\">Krimi,<\/a> <a title=\"\" href=\"https:\/\/ucm.one\/de\/produkt-kategorie\/genre-film-de\/drama-de\/\">Drama<\/a><\/strong><br \/>\n<b><\/b><\/p>\n<p>Jahr: <strong>2022<\/strong><\/p>\n<p>FSK: <strong>16<\/strong><\/p>\n<p>Format: <strong>Diverse<\/strong><\/p>\n","protected":false},"featured_media":77531,"comment_status":"open","ping_status":"closed","template":"","meta":{"_acf_changed":false},"product_brand":[],"product_cat":[10333,10334,10335,10336,10338,9708,10345,10331,12093,10332],"product_tag":[14213,14224,14214,14335,14215,14336,14216,14217,14218,14219,14220,12080,14221,14222,14015,14223],"class_list":{"0":"post-76879","1":"product","2":"type-product","3":"status-publish","4":"has-post-thumbnail","6":"product_cat-mediabooks-de","7":"product_cat-drama-de","8":"product_cat-krimi-de","9":"product_cat-film-noir","10":"product_cat-artkeim-de","11":"product_cat-filme-de","12":"product_cat-edition-film-noir-de","13":"product_cat-dvd-de","14":"product_cat-klassiker-de","15":"product_cat-blu-ray-de","16":"product_tag-mit-dem-ruecken-zur-wand","17":"product_tag-francoise-honorat","18":"product_tag-le-dos-au-mur","19":"product_tag-film-noir","20":"product_tag-back-to-the-wall","21":"product_tag-edition-film-noir","22":"product_tag-edouard-molinaro","23":"product_tag-gerard-oury","24":"product_tag-philippe-nicaud","25":"product_tag-claire-maurier","26":"product_tag-gerard-buhr","27":"product_tag-artkeim","28":"product_tag-robert-bazil","29":"product_tag-jean-degrave","30":"product_tag-jeanne-moreau","31":"product_tag-richard-francoeur","32":"product_shipping_class-bd-2","33":"pa_format-blu-ray-de","34":"pa_format-mediabook-blu-ray-dvd","35":"pa_format-dvd","36":"description-off","38":"first","39":"instock","40":"taxable","41":"shipping-taxable","42":"purchasable","43":"product-type-variable"},"acf":[],"yoast_head":"<!-- This site is optimized with the Yoast SEO plugin v27.2 - https:\/\/yoast.com\/product\/yoast-seo-wordpress\/ -->\n<title>Mit dem R\u00fccken zur Wand<\/title>\n<meta name=\"description\" content=\"Shop | Mit dem R\u00fccken zur Wand | 2022 | \u00c9dition Film Noir \/ Artkeim\u00b2 | Mediabook (Blu-Ray+DVD) &amp; Blu-Ray &amp; DVD | FSK 16\" \/>\n<meta name=\"robots\" content=\"index, follow, max-snippet:-1, max-image-preview:large, max-video-preview:-1\" \/>\n<link rel=\"canonical\" href=\"https:\/\/ucm.one\/de\/produkt\/mit-dem-ruecken-zur-wand\/\" \/>\n<meta property=\"og:locale\" content=\"de_DE\" \/>\n<meta property=\"og:type\" content=\"article\" \/>\n<meta property=\"og:title\" content=\"Mit dem R\u00fccken zur Wand\" \/>\n<meta property=\"og:description\" content=\"Shop | Mit dem R\u00fccken zur Wand | 2022 | \u00c9dition Film Noir \/ Artkeim\u00b2 | Mediabook (Blu-Ray+DVD) &amp; Blu-Ray &amp; DVD | FSK 16\" \/>\n<meta property=\"og:url\" content=\"https:\/\/ucm.one\/de\/produkt\/mit-dem-ruecken-zur-wand\/\" \/>\n<meta property=\"og:site_name\" content=\"UCM.ONE\" \/>\n<meta property=\"article:modified_time\" content=\"2025-09-17T23:01:32+00:00\" \/>\n<meta property=\"og:image\" content=\"https:\/\/ucm.one\/wp-content\/uploads\/2022\/02\/C-Mit-dem-Ruecken-zur-Wand.jpg\" \/>\n<meta name=\"twitter:card\" content=\"summary_large_image\" \/>\n<meta name=\"twitter:title\" content=\"Mit dem R\u00fccken zur Wand\" \/>\n<meta name=\"twitter:description\" content=\"Shop | Mit dem R\u00fccken zur Wand | 2022 | \u00c9dition Film Noir \/ Artkeim\u00b2 | Mediabook (Blu-Ray+DVD) &amp; Blu-Ray &amp; DVD | FSK 16\" \/>\n<meta name=\"twitter:image\" content=\"https:\/\/ucm.one\/wp-content\/uploads\/2022\/02\/C-Mit-dem-Ruecken-zur-Wand.jpg\" \/>\n<meta name=\"twitter:label1\" content=\"Gesch\u00e4tzte Lesezeit\" \/>\n\t<meta name=\"twitter:data1\" content=\"1\u00a0Minute\" \/>\n<!-- \/ Yoast SEO plugin. -->","yoast_head_json":{"title":"Mit dem R\u00fccken zur Wand","description":"Shop | Mit dem R\u00fccken zur Wand | 2022 | \u00c9dition Film Noir \/ Artkeim\u00b2 | Mediabook (Blu-Ray+DVD) & Blu-Ray & DVD | FSK 16","robots":{"index":"index","follow":"follow","max-snippet":"max-snippet:-1","max-image-preview":"max-image-preview:large","max-video-preview":"max-video-preview:-1"},"canonical":"https:\/\/ucm.one\/de\/produkt\/mit-dem-ruecken-zur-wand\/","og_locale":"de_DE","og_type":"article","og_title":"Mit dem R\u00fccken zur Wand","og_description":"Shop | Mit dem R\u00fccken zur Wand | 2022 | \u00c9dition Film Noir \/ Artkeim\u00b2 | Mediabook (Blu-Ray+DVD) & Blu-Ray & DVD | FSK 16","og_url":"https:\/\/ucm.one\/de\/produkt\/mit-dem-ruecken-zur-wand\/","og_site_name":"UCM.ONE","article_modified_time":"2025-09-17T23:01:32+00:00","og_image":[{"url":"https:\/\/ucm.one\/wp-content\/uploads\/2022\/02\/C-Mit-dem-Ruecken-zur-Wand.jpg","type":"","width":"","height":""}],"twitter_card":"summary_large_image","twitter_title":"Mit dem R\u00fccken zur Wand","twitter_description":"Shop | Mit dem R\u00fccken zur Wand | 2022 | \u00c9dition Film Noir \/ Artkeim\u00b2 | Mediabook (Blu-Ray+DVD) & Blu-Ray & DVD | FSK 16","twitter_image":"https:\/\/ucm.one\/wp-content\/uploads\/2022\/02\/C-Mit-dem-Ruecken-zur-Wand.jpg","twitter_misc":{"Gesch\u00e4tzte Lesezeit":"1\u00a0Minute"},"schema":{"@context":"https:\/\/schema.org","@graph":[{"@type":"WebPage","@id":"https:\/\/ucm.one\/de\/produkt\/mit-dem-ruecken-zur-wand\/","url":"https:\/\/ucm.one\/de\/produkt\/mit-dem-ruecken-zur-wand\/","name":"Mit dem R\u00fccken zur Wand","isPartOf":{"@id":"https:\/\/ucm.one\/de\/#website"},"primaryImageOfPage":{"@id":"https:\/\/ucm.one\/de\/produkt\/mit-dem-ruecken-zur-wand\/#primaryimage"},"image":{"@id":"https:\/\/ucm.one\/de\/produkt\/mit-dem-ruecken-zur-wand\/#primaryimage"},"thumbnailUrl":"https:\/\/ucm.one\/wp-content\/uploads\/2000\/01\/C-Mit-dem-Ruecken-zur-Wand-MB-2D-FSK16-1.jpg","datePublished":"2022-02-25T08:54:08+00:00","dateModified":"2025-09-17T23:01:32+00:00","description":"Shop | Mit dem R\u00fccken zur Wand | 2022 | \u00c9dition Film Noir \/ Artkeim\u00b2 | Mediabook (Blu-Ray+DVD) & Blu-Ray & DVD | FSK 16","breadcrumb":{"@id":"https:\/\/ucm.one\/de\/produkt\/mit-dem-ruecken-zur-wand\/#breadcrumb"},"inLanguage":"de","potentialAction":[{"@type":"ReadAction","target":["https:\/\/ucm.one\/de\/produkt\/mit-dem-ruecken-zur-wand\/"]}]},{"@type":"ImageObject","inLanguage":"de","@id":"https:\/\/ucm.one\/de\/produkt\/mit-dem-ruecken-zur-wand\/#primaryimage","url":"https:\/\/ucm.one\/wp-content\/uploads\/2000\/01\/C-Mit-dem-Ruecken-zur-Wand-MB-2D-FSK16-1.jpg","contentUrl":"https:\/\/ucm.one\/wp-content\/uploads\/2000\/01\/C-Mit-dem-Ruecken-zur-Wand-MB-2D-FSK16-1.jpg","width":699,"height":999},{"@type":"BreadcrumbList","@id":"https:\/\/ucm.one\/de\/produkt\/mit-dem-ruecken-zur-wand\/#breadcrumb","itemListElement":[{"@type":"ListItem","position":1,"name":"Home","item":"https:\/\/ucm.one\/de\/"},{"@type":"ListItem","position":2,"name":"Shop","item":"https:\/\/ucm.one\/de\/shop\/"},{"@type":"ListItem","position":3,"name":"Mit dem R\u00fccken zur Wand"}]},{"@type":"WebSite","@id":"https:\/\/ucm.one\/de\/#website","url":"https:\/\/ucm.one\/de\/","name":"UCM.ONE","description":"","publisher":{"@id":"https:\/\/ucm.one\/de\/#organization"},"potentialAction":[{"@type":"SearchAction","target":{"@type":"EntryPoint","urlTemplate":"https:\/\/ucm.one\/de\/?s={search_term_string}"},"query-input":{"@type":"PropertyValueSpecification","valueRequired":true,"valueName":"search_term_string"}}],"inLanguage":"de"},{"@type":"Organization","@id":"https:\/\/ucm.one\/de\/#organization","name":"UCM.ONE","url":"https:\/\/ucm.one\/de\/","logo":{"@type":"ImageObject","inLanguage":"de","@id":"https:\/\/ucm.one\/de\/#\/schema\/logo\/image\/","url":"https:\/\/ucm.one\/wp-content\/uploads\/2019\/10\/UCM.ONE-Logo-RGB.svg","contentUrl":"https:\/\/ucm.one\/wp-content\/uploads\/2019\/10\/UCM.ONE-Logo-RGB.svg","width":1,"height":1,"caption":"UCM.ONE"},"image":{"@id":"https:\/\/ucm.one\/de\/#\/schema\/logo\/image\/"}}]}},"_links":{"self":[{"href":"https:\/\/ucm.one\/de\/wp-json\/wp\/v2\/product\/76879","targetHints":{"allow":["GET"]}}],"collection":[{"href":"https:\/\/ucm.one\/de\/wp-json\/wp\/v2\/product"}],"about":[{"href":"https:\/\/ucm.one\/de\/wp-json\/wp\/v2\/types\/product"}],"replies":[{"embeddable":true,"href":"https:\/\/ucm.one\/de\/wp-json\/wp\/v2\/comments?post=76879"}],"wp:featuredmedia":[{"embeddable":true,"href":"https:\/\/ucm.one\/de\/wp-json\/wp\/v2\/media\/77531"}],"wp:attachment":[{"href":"https:\/\/ucm.one\/de\/wp-json\/wp\/v2\/media?parent=76879"}],"wp:term":[{"taxonomy":"product_brand","embeddable":true,"href":"https:\/\/ucm.one\/de\/wp-json\/wp\/v2\/product_brand?post=76879"},{"taxonomy":"product_cat","embeddable":true,"href":"https:\/\/ucm.one\/de\/wp-json\/wp\/v2\/product_cat?post=76879"},{"taxonomy":"product_tag","embeddable":true,"href":"https:\/\/ucm.one\/de\/wp-json\/wp\/v2\/product_tag?post=76879"}],"curies":[{"name":"wp","href":"https:\/\/api.w.org\/{rel}","templated":true}]}}