{"id":76773,"date":"2021-09-10T14:47:43","date_gmt":"2021-09-10T14:47:43","guid":{"rendered":"https:\/\/ucm.one\/?post_type=product&#038;p=76773"},"modified":"2023-07-20T15:16:45","modified_gmt":"2023-07-20T15:16:45","slug":"gardenia-eine-frau-will-vergessen","status":"publish","type":"product","link":"https:\/\/ucm.one\/de\/produkt\/gardenia-eine-frau-will-vergessen\/","title":{"rendered":"Gardenia \u2013 Eine Frau will vergessen"},"content":{"rendered":"<div class=\"wpb_text_column wpb_content_element \">\n<div class=\"wpb_wrapper\">\n<div class=\"\">\n<div class=\"wpb_text_column wpb_content_element \">\n<div class=\"wpb_wrapper\">\n<p><span style=\"font-weight: 400;\">Nachdem Norah Larkins (<strong>Anne Baxter<\/strong>) Freund per Brief mit der Telefonistin Schluss gemacht hat, l\u00e4sst sie sich \u2013 an Stelle ihre Mitbewohnerin Crystal (<strong>Anne Sothern<\/strong>) -auf einen Abend mit dem Sch\u00fcrzenj\u00e4ger Harry Prebble (<strong>Raymond Burr<\/strong>) ein. Doch nach dem feucht, fr\u00f6hlichen gemeinsamen Abendessen im <\/span><i><span style=\"font-weight: 400;\">Blue Gardenia<\/span><\/i><span style=\"font-weight: 400;\"> nimmt der Abend eine fatale Wendung: Harry wird in seiner Wohnung zudringlich und Norah schl\u00e4gt ihn kurzer Hand mit einem Sch\u00fcrhaken nieder. Als am n\u00e4chsten Morgen Harrys Leiche gefunden wird, kommt eigentlich nur Norah als T\u00e4terin in Frage, denn am Tatort findet man eine Gardenie und ein paar Damenschuhe. Norah aber kann sich an nichts mehr erinnern. Durch die Amnesie und von Angst getrieben, setzt sie nun alles daran alle Spuren ihres abendlichen Besuchs bei Harry zu beseitigen. Ihr Gewissen l\u00e4sst ihr jedoch keine Ruhe und so geht sie auf das Angebot des Zeitungsreporters Casey Mayo (<strong>Richard Conte<\/strong>) ein, inkognito ihre Seite der Geschichte zu erz\u00e4hlen \u2013 und vielleicht doch so, ihre Unschuld zu beweisen.<\/span><\/p>\n<\/div>\n<\/div>\n<\/div>\n<\/div>\n<\/div>\n<div><div class=\"gap\" style=\"line-height: 20px; height: 20px;\"><\/div><\/div>\n<h5>Weitere Informationen<\/h5>\n<div>\n<div>\n<table style=\"height: 46px; width: 100%; border-collapse: collapse; border-color: #ffffff; background-color: #ffffff; border-style: hidden;\">\n<tbody>\n<tr style=\"height: 23px;\">\n<td style=\"width: 4.701195219123506%; height: 23px; border-style: hidden;\">Label:<\/td>\n<td style=\"width: 95.29880478087651%; height: 23px; border-style: hidden;\"><a title=\"\u00c9dition ParaSol Videoth\u00e8que\" href=\"https:\/\/ucm.one\/de\/film-labels\/artkeim\/#edition-film-noir\">\u00c9dition Film Noir<\/a> \/ <a title=\"B-Spree Classics\" href=\"https:\/\/ucm.one\/de\/film-labels\/artkeim\/\">Artkeim\u00b2<\/a><\/td>\n<\/tr>\n<\/tbody>\n<\/table>\n<\/div>\n<div><\/div>\n<\/div>\n<div>\n<div><div class=\"gap\" style=\"line-height: 10px; height: 10px;\"><\/div><\/div>\n<div>\u2117 1953 <strong>Blue Gardenia Productions<\/strong>, \u00a9 2021 <strong>Edition Film Noir<\/strong>\u00a0\/ <strong>Artkeim\u00b2<\/strong> \/\u00a0<span style=\"font-family: 'arial black', sans-serif;\"><strong>UCM.ONE<\/strong><\/span><\/div>\n<div><div class=\"gap\" style=\"line-height: 20px; height: 20px;\"><\/div><\/div>\n<div>\n<div><\/div>\n<div>\n<div><div class=\"gap\" style=\"line-height: 10px; height: 10px;\"><\/div><\/div>\n<div><span style=\"color: #003a80;\"><strong>\u27a0 <a style=\"color: #003a80;\" href=\"https:\/\/ucm.one\/de\/produkt-kategorie\/art-de\/filme-de\/\">zum Shop<\/a><\/strong><\/span><\/div>\n<div><div class=\"gap\" style=\"line-height: 20px; height: 20px;\"><\/div><\/div>\n<\/div>\n<\/div>\n<\/div>\n","protected":false},"excerpt":{"rendered":"<p>Regie:<a href=\"https:\/\/ucm.one\/de\/?s=%22Fritz+Lang%22&amp;post_type=product\"><strong> Fritz Lang<\/strong><\/a><\/p>\n<p>Label:<a href=\"https:\/\/ucm.one\/de\/produkt-kategorie\/label-film-de\/artkeim-de\/edition-film-noir-de\/\">\u00a0<strong>\u00c9dition Film Noir<\/strong><\/a> <strong>\/ <a href=\"https:\/\/ucm.one\/de\/produkt-kategorie\/label-film-de\/artkeim-de\/\">Artkeim\u00b2<\/a><\/strong><\/p>\n<p>Art:\u00a0<strong><a href=\"https:\/\/ucm.one\/de\/produkt-kategorie\/art-de\/filme-de\/\">Film<\/a> (<a title=\"\" href=\"https:\/\/ucm.one\/de\/produkt-kategorie\/genre-film-de\/klassiker-de\/\">Klassiker<\/a>)<\/strong><\/p>\n<p>Genres: <strong><a title=\"\" href=\"https:\/\/ucm.one\/de\/produkt-kategorie\/genre-film-de\/film-noir\/\">Film Noir<\/a>, <a href=\"https:\/\/ucm.one\/de\/produkt-kategorie\/genre-film-de\/krimi-de\/\">Krimi,<\/a> <a title=\"\" href=\"https:\/\/ucm.one\/de\/produkt-kategorie\/genre-film-de\/drama-de\/\">Drama<\/a><\/strong><br \/>\n<b><\/b><\/p>\n<p>Jahr: <strong>2021<\/strong><\/p>\n<p>FSK: <strong>16<\/strong><\/p>\n<p>Format: <strong>Mediabook<\/strong><\/p>\n","protected":false},"featured_media":77527,"comment_status":"open","ping_status":"closed","template":"","meta":{"_acf_changed":false},"product_brand":[],"product_cat":[10333,10334,10335,10336,10338,10345,9708,12093,10331],"product_tag":[14335,14118,14336,14186,14187,14188,14189,14190,14191,12080,14192,14193,14194,14093],"class_list":{"0":"post-76773","1":"product","2":"type-product","3":"status-publish","4":"has-post-thumbnail","6":"product_cat-mediabooks-de","7":"product_cat-drama-de","8":"product_cat-krimi-de","9":"product_cat-film-noir","10":"product_cat-artkeim-de","11":"product_cat-edition-film-noir-de","12":"product_cat-filme-de","13":"product_cat-klassiker-de","14":"product_cat-dvd-de","15":"product_tag-film-noir","16":"product_tag-anne-baxter","17":"product_tag-edition-film-noir","18":"product_tag-gardenia-eine-frau-will-vergessen","19":"product_tag-the-blue-gardenia","20":"product_tag-richard-conte","21":"product_tag-raymond-burr","22":"product_tag-ann-sothern","23":"product_tag-jeff-donnell","24":"product_tag-artkeim","25":"product_tag-george-reeves","26":"product_tag-richard-erdmann","27":"product_tag-nat-king-cole","28":"product_tag-fritz-lang","29":"product_shipping_class-bd-2","30":"pa_format-mediabook-dvd","31":"description-off","33":"first","34":"instock","35":"sale","36":"taxable","37":"shipping-taxable","38":"purchasable","39":"product-type-variable","40":"has-default-attributes"},"acf":[],"yoast_head":"<!-- This site is optimized with the Yoast SEO plugin v27.5 - https:\/\/yoast.com\/product\/yoast-seo-wordpress\/ -->\n<title>Gardenia \u2013 Eine Frau will vergessen<\/title>\n<meta name=\"description\" content=\"Shop | Gardenia \u2013 Eine Frau will vergessen | 2021 | \u00c9dition Film Noir \/ Artkeim\u00b2 | Mediabook | FSK 16\" \/>\n<meta name=\"robots\" content=\"index, follow, max-snippet:-1, max-image-preview:large, max-video-preview:-1\" \/>\n<link rel=\"canonical\" href=\"https:\/\/ucm.one\/de\/produkt\/gardenia-eine-frau-will-vergessen\/\" \/>\n<meta property=\"og:locale\" content=\"de_DE\" \/>\n<meta property=\"og:type\" content=\"article\" \/>\n<meta property=\"og:title\" content=\"Gardenia \u2013 Eine Frau will vergessen\" \/>\n<meta property=\"og:description\" content=\"Shop | Gardenia \u2013 Eine Frau will vergessen | 2021 | \u00c9dition Film Noir \/ Artkeim\u00b2 | Mediabook | FSK 16\" \/>\n<meta property=\"og:url\" content=\"https:\/\/ucm.one\/de\/produkt\/gardenia-eine-frau-will-vergessen\/\" \/>\n<meta property=\"og:site_name\" content=\"UCM.ONE\" \/>\n<meta property=\"article:modified_time\" content=\"2023-07-20T15:16:45+00:00\" \/>\n<meta property=\"og:image\" content=\"https:\/\/ucm.one\/wp-content\/uploads\/2021\/09\/C-Gardenia-MB.jpg\" \/>\n<meta name=\"twitter:card\" content=\"summary_large_image\" \/>\n<meta name=\"twitter:title\" content=\"Gardenia \u2013 Eine Frau will vergessen\" \/>\n<meta name=\"twitter:description\" content=\"Shop | Gardenia \u2013 Eine Frau will vergessen | 2021 | \u00c9dition Film Noir \/ Artkeim\u00b2 | Mediabook | FSK 16\" \/>\n<meta name=\"twitter:image\" content=\"https:\/\/ucm.one\/wp-content\/uploads\/2021\/09\/C-Gardenia-MB.jpg\" \/>\n<meta name=\"twitter:label1\" content=\"Gesch\u00e4tzte Lesezeit\" \/>\n\t<meta name=\"twitter:data1\" content=\"1\u00a0Minute\" \/>\n<!-- \/ Yoast SEO plugin. -->","yoast_head_json":{"title":"Gardenia \u2013 Eine Frau will vergessen","description":"Shop | Gardenia \u2013 Eine Frau will vergessen | 2021 | \u00c9dition Film Noir \/ Artkeim\u00b2 | Mediabook | FSK 16","robots":{"index":"index","follow":"follow","max-snippet":"max-snippet:-1","max-image-preview":"max-image-preview:large","max-video-preview":"max-video-preview:-1"},"canonical":"https:\/\/ucm.one\/de\/produkt\/gardenia-eine-frau-will-vergessen\/","og_locale":"de_DE","og_type":"article","og_title":"Gardenia \u2013 Eine Frau will vergessen","og_description":"Shop | Gardenia \u2013 Eine Frau will vergessen | 2021 | \u00c9dition Film Noir \/ Artkeim\u00b2 | Mediabook | FSK 16","og_url":"https:\/\/ucm.one\/de\/produkt\/gardenia-eine-frau-will-vergessen\/","og_site_name":"UCM.ONE","article_modified_time":"2023-07-20T15:16:45+00:00","og_image":[{"url":"https:\/\/ucm.one\/wp-content\/uploads\/2021\/09\/C-Gardenia-MB.jpg","type":"","width":"","height":""}],"twitter_card":"summary_large_image","twitter_title":"Gardenia \u2013 Eine Frau will vergessen","twitter_description":"Shop | Gardenia \u2013 Eine Frau will vergessen | 2021 | \u00c9dition Film Noir \/ Artkeim\u00b2 | Mediabook | FSK 16","twitter_image":"https:\/\/ucm.one\/wp-content\/uploads\/2021\/09\/C-Gardenia-MB.jpg","twitter_misc":{"Gesch\u00e4tzte Lesezeit":"1\u00a0Minute"},"schema":{"@context":"https:\/\/schema.org","@graph":[{"@type":"WebPage","@id":"https:\/\/ucm.one\/de\/produkt\/gardenia-eine-frau-will-vergessen\/","url":"https:\/\/ucm.one\/de\/produkt\/gardenia-eine-frau-will-vergessen\/","name":"Gardenia \u2013 Eine Frau will vergessen","isPartOf":{"@id":"https:\/\/ucm.one\/de\/#website"},"primaryImageOfPage":{"@id":"https:\/\/ucm.one\/de\/produkt\/gardenia-eine-frau-will-vergessen\/#primaryimage"},"image":{"@id":"https:\/\/ucm.one\/de\/produkt\/gardenia-eine-frau-will-vergessen\/#primaryimage"},"thumbnailUrl":"https:\/\/ucm.one\/wp-content\/uploads\/2000\/01\/C-Gardenia-MB-2D-FSK16.jpg","datePublished":"2021-09-10T14:47:43+00:00","dateModified":"2023-07-20T15:16:45+00:00","description":"Shop | Gardenia \u2013 Eine Frau will vergessen | 2021 | \u00c9dition Film Noir \/ Artkeim\u00b2 | Mediabook | FSK 16","breadcrumb":{"@id":"https:\/\/ucm.one\/de\/produkt\/gardenia-eine-frau-will-vergessen\/#breadcrumb"},"inLanguage":"de","potentialAction":[{"@type":"ReadAction","target":["https:\/\/ucm.one\/de\/produkt\/gardenia-eine-frau-will-vergessen\/"]}]},{"@type":"ImageObject","inLanguage":"de","@id":"https:\/\/ucm.one\/de\/produkt\/gardenia-eine-frau-will-vergessen\/#primaryimage","url":"https:\/\/ucm.one\/wp-content\/uploads\/2000\/01\/C-Gardenia-MB-2D-FSK16.jpg","contentUrl":"https:\/\/ucm.one\/wp-content\/uploads\/2000\/01\/C-Gardenia-MB-2D-FSK16.jpg","width":699,"height":1000},{"@type":"BreadcrumbList","@id":"https:\/\/ucm.one\/de\/produkt\/gardenia-eine-frau-will-vergessen\/#breadcrumb","itemListElement":[{"@type":"ListItem","position":1,"name":"Home","item":"https:\/\/ucm.one\/de\/"},{"@type":"ListItem","position":2,"name":"Shop","item":"https:\/\/ucm.one\/de\/shop\/"},{"@type":"ListItem","position":3,"name":"Gardenia \u2013 Eine Frau will vergessen"}]},{"@type":"WebSite","@id":"https:\/\/ucm.one\/de\/#website","url":"https:\/\/ucm.one\/de\/","name":"UCM.ONE","description":"","publisher":{"@id":"https:\/\/ucm.one\/de\/#organization"},"potentialAction":[{"@type":"SearchAction","target":{"@type":"EntryPoint","urlTemplate":"https:\/\/ucm.one\/de\/?s={search_term_string}"},"query-input":{"@type":"PropertyValueSpecification","valueRequired":true,"valueName":"search_term_string"}}],"inLanguage":"de"},{"@type":"Organization","@id":"https:\/\/ucm.one\/de\/#organization","name":"UCM.ONE","url":"https:\/\/ucm.one\/de\/","logo":{"@type":"ImageObject","inLanguage":"de","@id":"https:\/\/ucm.one\/de\/#\/schema\/logo\/image\/","url":"https:\/\/ucm.one\/wp-content\/uploads\/2019\/10\/UCM.ONE-Logo-RGB.svg","contentUrl":"https:\/\/ucm.one\/wp-content\/uploads\/2019\/10\/UCM.ONE-Logo-RGB.svg","width":1,"height":1,"caption":"UCM.ONE"},"image":{"@id":"https:\/\/ucm.one\/de\/#\/schema\/logo\/image\/"}}]}},"_links":{"self":[{"href":"https:\/\/ucm.one\/de\/wp-json\/wp\/v2\/product\/76773","targetHints":{"allow":["GET"]}}],"collection":[{"href":"https:\/\/ucm.one\/de\/wp-json\/wp\/v2\/product"}],"about":[{"href":"https:\/\/ucm.one\/de\/wp-json\/wp\/v2\/types\/product"}],"replies":[{"embeddable":true,"href":"https:\/\/ucm.one\/de\/wp-json\/wp\/v2\/comments?post=76773"}],"wp:featuredmedia":[{"embeddable":true,"href":"https:\/\/ucm.one\/de\/wp-json\/wp\/v2\/media\/77527"}],"wp:attachment":[{"href":"https:\/\/ucm.one\/de\/wp-json\/wp\/v2\/media?parent=76773"}],"wp:term":[{"taxonomy":"product_brand","embeddable":true,"href":"https:\/\/ucm.one\/de\/wp-json\/wp\/v2\/product_brand?post=76773"},{"taxonomy":"product_cat","embeddable":true,"href":"https:\/\/ucm.one\/de\/wp-json\/wp\/v2\/product_cat?post=76773"},{"taxonomy":"product_tag","embeddable":true,"href":"https:\/\/ucm.one\/de\/wp-json\/wp\/v2\/product_tag?post=76773"}],"curies":[{"name":"wp","href":"https:\/\/api.w.org\/{rel}","templated":true}]}}