{"id":76751,"date":"2021-06-25T14:03:20","date_gmt":"2021-06-25T14:03:20","guid":{"rendered":"https:\/\/ucm.one\/?post_type=product&#038;p=76751"},"modified":"2025-09-17T23:01:32","modified_gmt":"2025-09-17T23:01:32","slug":"spielfieber-the-lady-gambles","status":"publish","type":"product","link":"https:\/\/ucm.one\/de\/produkt\/spielfieber-the-lady-gambles\/","title":{"rendered":"Spielfieber &#8211; The Lady Gambles"},"content":{"rendered":"<div class=\"wpb_text_column wpb_content_element \">\n<div class=\"wpb_wrapper\">\n<div class=\"\">\n<div class=\"wpb_text_column wpb_content_element \">\n<div class=\"wpb_wrapper\">\n<p><span style=\"font-weight: 400;\">David Boothe (<strong>Robert Preston<\/strong>), ein Reporter aus Chicago, hat einen Auftrag am Hoover-Staudamm. Gemeinsam mit seiner Frau Joan (<strong>Barbara Stanwyck<\/strong>) \u00fcbernachtet er unweit davon in einem Hotel in Las Vegas. W\u00e4hrend Boothe mit seiner Arbeit besch\u00e4ftigt ist, f\u00fchrt der Besitzer des Casinos, Corrigan (<strong>Stephen McNally<\/strong>), die gelangweilte Joan mit ein paar geschenkten Chips ins Gl\u00fccksspiel ein. Schnell verf\u00e4llt sie in einen regelrechten Spielrausch, sie verspielt Davids Spesengelder und verpf\u00e4ndet ihre Kamera. Das h\u00e4lt sie aber nicht davon ab, weiterhin zu spielen, und trotz Davids Versuchen, dem gegenzusteuern, rutscht sie immer tiefer in die Spielsucht ab. Als auch noch ihre neurotische, manipulative Schwester Ruth (<strong>Edith Barrett<\/strong>) in Las Vegas auftaucht, beschlie\u00dft David resignierend, seine Frau zu verlassen, und reist ab. Joan steht nun komplett unter den Einfluss Corrigans und bewegt sich nur noch im zwielichtigen Spielermilieu. Als sie schlie\u00dflich selbstmordgef\u00e4hrdet im Krankenhaus landet, besinnt sich David und setzt nun alles daran, Joan von ihrer Spielsucht zu befreien und seine Ehe doch noch zu retten.<\/span><\/p>\n<\/div>\n<\/div>\n<\/div>\n<\/div>\n<\/div>\n<div><div class=\"gap\" style=\"line-height: 20px; height: 20px;\"><\/div><\/div>\n<h5>Weitere Informationen<\/h5>\n<div>\n<div>\n<table style=\"height: 46px; width: 100%; border-collapse: collapse; border-color: #ffffff; background-color: #ffffff; border-style: hidden;\">\n<tbody>\n<tr style=\"height: 23px;\">\n<td style=\"width: 4.701195219123506%; height: 23px; border-style: hidden;\">Label:<\/td>\n<td style=\"width: 95.29880478087651%; height: 23px; border-style: hidden;\"><a title=\"\u00c9dition ParaSol Videoth\u00e8que\" href=\"https:\/\/ucm.one\/de\/film-labels\/artkeim\/#edition-film-noir\">\u00c9dition Film Noir<\/a> \/ <a title=\"B-Spree Classics\" href=\"https:\/\/ucm.one\/de\/film-labels\/artkeim\/\">Artkeim\u00b2<\/a><\/td>\n<\/tr>\n<\/tbody>\n<\/table>\n<\/div>\n<div><\/div>\n<\/div>\n<div>\n<div><div class=\"gap\" style=\"line-height: 10px; height: 10px;\"><\/div><\/div>\n<div>\u2117 1949 <strong>Universal International Pictures (UI)<\/strong>, \u00a9 2021 <strong>Edition Film Noir<\/strong>\u00a0\/ <strong>Artkeim\u00b2<\/strong> \/\u00a0<span style=\"font-family: 'arial black', sans-serif;\"><strong>UCM.ONE<\/strong><\/span><\/div>\n<div><div class=\"gap\" style=\"line-height: 20px; height: 20px;\"><\/div><\/div>\n<div>\n<div><\/div>\n<div>\n<div><div class=\"gap\" style=\"line-height: 10px; height: 10px;\"><\/div><\/div>\n<div><span style=\"color: #003a80;\"><strong>\u27a0 <a style=\"color: #003a80;\" href=\"https:\/\/ucm.one\/de\/produkt-kategorie\/art-de\/filme-de\/\">zum Shop<\/a><\/strong><\/span><\/div>\n<div><div class=\"gap\" style=\"line-height: 20px; height: 20px;\"><\/div><\/div>\n<\/div>\n<\/div>\n<\/div>\n","protected":false},"excerpt":{"rendered":"<p>Regie:<a href=\"https:\/\/ucm.one\/de\/?s=%22Michael+Gordon%22&amp;post_type=product\"><strong> Michael Gordon<\/strong><\/a><\/p>\n<p>Label:<a href=\"https:\/\/ucm.one\/de\/produkt-kategorie\/label-film-de\/artkeim-de\/edition-film-noir-de\/\"> <strong>Edition Film Noir<\/strong><\/a> <strong>\/ <a href=\"https:\/\/ucm.one\/de\/produkt-kategorie\/label-film-de\/artkeim-de\/\">Artkeim\u00b2<\/a><\/strong><\/p>\n<p>Art:\u00a0<strong><a href=\"https:\/\/ucm.one\/de\/produkt-kategorie\/art-de\/filme-de\/\">Film<\/a> (<a title=\"\" href=\"https:\/\/ucm.one\/de\/produkt-kategorie\/genre-film-de\/klassiker-de\/\">Klassiker<\/a>)<\/strong><\/p>\n<p>Genres: <strong><a title=\"\" href=\"https:\/\/ucm.one\/de\/produkt-kategorie\/genre-film-de\/film-noir\/\">Film Noir<\/a>, <a href=\"https:\/\/ucm.one\/de\/produkt-kategorie\/genre-film-de\/krimi-de\/\">Krimi,<\/a> <a title=\"\" href=\"https:\/\/ucm.one\/de\/produkt-kategorie\/genre-film-de\/drama-de\/\">Drama<\/a><\/strong><br \/>\n<b><\/b><\/p>\n<p>Jahr: <strong>2021<\/strong><\/p>\n<p>FSK: <strong>16<\/strong><\/p>\n<p>Formate: <strong>Diverse<\/strong><\/p>\n","protected":false},"featured_media":77523,"comment_status":"open","ping_status":"closed","template":"","meta":{"_acf_changed":false},"product_brand":[],"product_cat":[10333,10334,10335,10336,10338,10345,9708,12093,10331,10332],"product_tag":[14179,14180,14181,14182,14183,14184,14185,12080,14335,14120],"class_list":{"0":"post-76751","1":"product","2":"type-product","3":"status-publish","4":"has-post-thumbnail","6":"product_cat-mediabooks-de","7":"product_cat-drama-de","8":"product_cat-krimi-de","9":"product_cat-film-noir","10":"product_cat-artkeim-de","11":"product_cat-edition-film-noir-de","12":"product_cat-filme-de","13":"product_cat-klassiker-de","14":"product_cat-dvd-de","15":"product_cat-blu-ray-de","16":"product_tag-spielfieber","17":"product_tag-the-lady-gambles","18":"product_tag-michael-gordon","19":"product_tag-barbara-stanwyck","20":"product_tag-robert-preston","21":"product_tag-stephen-mcnally","22":"product_tag-edith-barrett","23":"product_tag-artkeim","24":"product_tag-film-noir","25":"product_tag-john-hoyt","26":"product_shipping_class-bd-2","27":"pa_format-blu-ray-de","28":"pa_format-mediabook-dvd","29":"description-off","31":"first","32":"instock","33":"sale","34":"taxable","35":"shipping-taxable","36":"purchasable","37":"product-type-variable"},"acf":[],"yoast_head":"<!-- This site is optimized with the Yoast SEO plugin v27.5 - https:\/\/yoast.com\/product\/yoast-seo-wordpress\/ -->\n<title>Spielfieber - The Lady Gambles<\/title>\n<meta name=\"description\" content=\"Shop | Spielfieber - The Lady Gambles | 2021| \u00c9dition Film Noir \/ Artkeim\u00b2 | Mediabook &amp; Blu-Ray | FSK 16\" \/>\n<meta name=\"robots\" content=\"index, follow, max-snippet:-1, max-image-preview:large, max-video-preview:-1\" \/>\n<link rel=\"canonical\" href=\"https:\/\/ucm.one\/de\/produkt\/spielfieber-the-lady-gambles\/\" \/>\n<meta property=\"og:locale\" content=\"de_DE\" \/>\n<meta property=\"og:type\" content=\"article\" \/>\n<meta property=\"og:title\" content=\"Spielfieber - The Lady Gambles\" \/>\n<meta property=\"og:description\" content=\"Shop | Spielfieber - The Lady Gambles | 2021| \u00c9dition Film Noir \/ Artkeim\u00b2 | Mediabook &amp; Blu-Ray | FSK 16\" \/>\n<meta property=\"og:url\" content=\"https:\/\/ucm.one\/de\/produkt\/spielfieber-the-lady-gambles\/\" \/>\n<meta property=\"og:site_name\" content=\"UCM.ONE\" \/>\n<meta property=\"article:modified_time\" content=\"2025-09-17T23:01:32+00:00\" \/>\n<meta property=\"og:image\" content=\"https:\/\/ucm.one\/wp-content\/uploads\/2021\/05\/C-Spielfieber-MB.jpg\" \/>\n<meta name=\"twitter:card\" content=\"summary_large_image\" \/>\n<meta name=\"twitter:title\" content=\"Spielfieber - The Lady Gambles\" \/>\n<meta name=\"twitter:description\" content=\"Shop | Spielfieber - The Lady Gambles | 2021| \u00c9dition Film Noir \/ Artkeim\u00b2 | Mediabook &amp; Blu-Ray | FSK 16\" \/>\n<meta name=\"twitter:image\" content=\"https:\/\/ucm.one\/wp-content\/uploads\/2021\/05\/C-Spielfieber-MB.jpg\" \/>\n<meta name=\"twitter:label1\" content=\"Gesch\u00e4tzte Lesezeit\" \/>\n\t<meta name=\"twitter:data1\" content=\"1\u00a0Minute\" \/>\n<!-- \/ Yoast SEO plugin. -->","yoast_head_json":{"title":"Spielfieber - The Lady Gambles","description":"Shop | Spielfieber - The Lady Gambles | 2021| \u00c9dition Film Noir \/ Artkeim\u00b2 | Mediabook & Blu-Ray | FSK 16","robots":{"index":"index","follow":"follow","max-snippet":"max-snippet:-1","max-image-preview":"max-image-preview:large","max-video-preview":"max-video-preview:-1"},"canonical":"https:\/\/ucm.one\/de\/produkt\/spielfieber-the-lady-gambles\/","og_locale":"de_DE","og_type":"article","og_title":"Spielfieber - The Lady Gambles","og_description":"Shop | Spielfieber - The Lady Gambles | 2021| \u00c9dition Film Noir \/ Artkeim\u00b2 | Mediabook & Blu-Ray | FSK 16","og_url":"https:\/\/ucm.one\/de\/produkt\/spielfieber-the-lady-gambles\/","og_site_name":"UCM.ONE","article_modified_time":"2025-09-17T23:01:32+00:00","og_image":[{"url":"https:\/\/ucm.one\/wp-content\/uploads\/2021\/05\/C-Spielfieber-MB.jpg","type":"","width":"","height":""}],"twitter_card":"summary_large_image","twitter_title":"Spielfieber - The Lady Gambles","twitter_description":"Shop | Spielfieber - The Lady Gambles | 2021| \u00c9dition Film Noir \/ Artkeim\u00b2 | Mediabook & Blu-Ray | FSK 16","twitter_image":"https:\/\/ucm.one\/wp-content\/uploads\/2021\/05\/C-Spielfieber-MB.jpg","twitter_misc":{"Gesch\u00e4tzte Lesezeit":"1\u00a0Minute"},"schema":{"@context":"https:\/\/schema.org","@graph":[{"@type":"WebPage","@id":"https:\/\/ucm.one\/de\/produkt\/spielfieber-the-lady-gambles\/","url":"https:\/\/ucm.one\/de\/produkt\/spielfieber-the-lady-gambles\/","name":"Spielfieber - The Lady Gambles","isPartOf":{"@id":"https:\/\/ucm.one\/de\/#website"},"primaryImageOfPage":{"@id":"https:\/\/ucm.one\/de\/produkt\/spielfieber-the-lady-gambles\/#primaryimage"},"image":{"@id":"https:\/\/ucm.one\/de\/produkt\/spielfieber-the-lady-gambles\/#primaryimage"},"thumbnailUrl":"https:\/\/ucm.one\/wp-content\/uploads\/2000\/01\/C-Spielfieber-MB-2D-FSK16.jpg","datePublished":"2021-06-25T14:03:20+00:00","dateModified":"2025-09-17T23:01:32+00:00","description":"Shop | Spielfieber - The Lady Gambles | 2021| \u00c9dition Film Noir \/ Artkeim\u00b2 | Mediabook & Blu-Ray | FSK 16","breadcrumb":{"@id":"https:\/\/ucm.one\/de\/produkt\/spielfieber-the-lady-gambles\/#breadcrumb"},"inLanguage":"de","potentialAction":[{"@type":"ReadAction","target":["https:\/\/ucm.one\/de\/produkt\/spielfieber-the-lady-gambles\/"]}]},{"@type":"ImageObject","inLanguage":"de","@id":"https:\/\/ucm.one\/de\/produkt\/spielfieber-the-lady-gambles\/#primaryimage","url":"https:\/\/ucm.one\/wp-content\/uploads\/2000\/01\/C-Spielfieber-MB-2D-FSK16.jpg","contentUrl":"https:\/\/ucm.one\/wp-content\/uploads\/2000\/01\/C-Spielfieber-MB-2D-FSK16.jpg","width":699,"height":1000},{"@type":"BreadcrumbList","@id":"https:\/\/ucm.one\/de\/produkt\/spielfieber-the-lady-gambles\/#breadcrumb","itemListElement":[{"@type":"ListItem","position":1,"name":"Home","item":"https:\/\/ucm.one\/de\/"},{"@type":"ListItem","position":2,"name":"Shop","item":"https:\/\/ucm.one\/de\/shop\/"},{"@type":"ListItem","position":3,"name":"Spielfieber &#8211; The Lady Gambles"}]},{"@type":"WebSite","@id":"https:\/\/ucm.one\/de\/#website","url":"https:\/\/ucm.one\/de\/","name":"UCM.ONE","description":"","publisher":{"@id":"https:\/\/ucm.one\/de\/#organization"},"potentialAction":[{"@type":"SearchAction","target":{"@type":"EntryPoint","urlTemplate":"https:\/\/ucm.one\/de\/?s={search_term_string}"},"query-input":{"@type":"PropertyValueSpecification","valueRequired":true,"valueName":"search_term_string"}}],"inLanguage":"de"},{"@type":"Organization","@id":"https:\/\/ucm.one\/de\/#organization","name":"UCM.ONE","url":"https:\/\/ucm.one\/de\/","logo":{"@type":"ImageObject","inLanguage":"de","@id":"https:\/\/ucm.one\/de\/#\/schema\/logo\/image\/","url":"https:\/\/ucm.one\/wp-content\/uploads\/2019\/10\/UCM.ONE-Logo-RGB.svg","contentUrl":"https:\/\/ucm.one\/wp-content\/uploads\/2019\/10\/UCM.ONE-Logo-RGB.svg","width":1,"height":1,"caption":"UCM.ONE"},"image":{"@id":"https:\/\/ucm.one\/de\/#\/schema\/logo\/image\/"}}]}},"_links":{"self":[{"href":"https:\/\/ucm.one\/de\/wp-json\/wp\/v2\/product\/76751","targetHints":{"allow":["GET"]}}],"collection":[{"href":"https:\/\/ucm.one\/de\/wp-json\/wp\/v2\/product"}],"about":[{"href":"https:\/\/ucm.one\/de\/wp-json\/wp\/v2\/types\/product"}],"replies":[{"embeddable":true,"href":"https:\/\/ucm.one\/de\/wp-json\/wp\/v2\/comments?post=76751"}],"wp:featuredmedia":[{"embeddable":true,"href":"https:\/\/ucm.one\/de\/wp-json\/wp\/v2\/media\/77523"}],"wp:attachment":[{"href":"https:\/\/ucm.one\/de\/wp-json\/wp\/v2\/media?parent=76751"}],"wp:term":[{"taxonomy":"product_brand","embeddable":true,"href":"https:\/\/ucm.one\/de\/wp-json\/wp\/v2\/product_brand?post=76751"},{"taxonomy":"product_cat","embeddable":true,"href":"https:\/\/ucm.one\/de\/wp-json\/wp\/v2\/product_cat?post=76751"},{"taxonomy":"product_tag","embeddable":true,"href":"https:\/\/ucm.one\/de\/wp-json\/wp\/v2\/product_tag?post=76751"}],"curies":[{"name":"wp","href":"https:\/\/api.w.org\/{rel}","templated":true}]}}