{"id":76713,"date":"2021-05-28T12:28:03","date_gmt":"2021-05-28T12:28:03","guid":{"rendered":"https:\/\/ucm.one\/?post_type=product&#038;p=76713"},"modified":"2025-10-27T15:34:17","modified_gmt":"2025-10-27T15:34:17","slug":"lasst-mich-leben","status":"publish","type":"product","link":"https:\/\/ucm.one\/de\/produkt\/lasst-mich-leben\/","title":{"rendered":"La\u00dft mich leben"},"content":{"rendered":"<div class=\"wpb_text_column wpb_content_element \">\n<div class=\"wpb_wrapper\">\n<div class=\"\">\n<div class=\"wpb_text_column wpb_content_element \">\n<div class=\"wpb_wrapper\">\n<p><span style=\"font-weight: 400;\">Die aus zwielichtigem Milieu stammende Barbara Graham (<strong>Susan Hayward<\/strong>) ist bereits wegen Meineides vorbestraft, als sie sich wegen Mordes an einer reichen Witwe vor Gericht verantworten muss. Zur Tatzeit war sie jedoch mit ihrem morphiums\u00fcchtigen Mann Henry (<strong>Wesley Lau<\/strong>) zusammen, der sich leider an nichts erinnern kann. Verzweifelt geht Barbara auf das dubiose Angebot eines verdeckten Ermittlers ein, der ihr f\u00fcr viel Geld ein Alibi verspricht, ihr dabei jedoch heimlich ein falsches Gest\u00e4ndnis abringt, dessen Tonbandaufzeichnung Barbaras Lage vor Gericht aussichtslos werden l\u00e4sst. Ihr Verteidiger wirft das Handtuch, einzig der Gerichtspsychologe Carl Palmberg (<strong>Theodore Bikel<\/strong>) ist von Barbaras Unschuld \u00fcberzeugt. Als es zur Hauptverhandlung kommt, ist die \u00d6ffentlichkeit durch die rei\u00dferischen Artikel des Reporters Ed Montgomery gegen die &#8222;blutige Babsy&#8220; ebenso voreingenommen wie die Geschworenen. Erst als Barbara zum Tode verurteilt und in die Hinrichtungszelle \u00fcberf\u00fchrt wird, kann Palmberg den Reporter auf seine Seite bringen. Montgomery stellt den Fall in seinen Artikeln jetzt anders da und versucht ein Gnadengesuch zu erwirken&#8230;<\/span><\/p>\n<\/div>\n<\/div>\n<\/div>\n<\/div>\n<\/div>\n<div><div class=\"gap\" style=\"line-height: 20px; height: 20px;\"><\/div><\/div>\n<h5>Weitere Informationen<\/h5>\n<div>\n<div>\n<table style=\"height: 46px; width: 100%; border-collapse: collapse; border-color: #ffffff; background-color: #ffffff; border-style: hidden;\">\n<tbody>\n<tr style=\"height: 23px;\">\n<td style=\"width: 4.701195219123506%; height: 23px; border-style: hidden;\">Label:<\/td>\n<td style=\"width: 95.29880478087651%; height: 23px; border-style: hidden;\"><a title=\"\u00c9dition ParaSol Videoth\u00e8que\" href=\"https:\/\/ucm.one\/de\/film-labels\/artkeim\/#edition-film-noir\">\u00c9dition Film Noir<\/a> \/ <a title=\"B-Spree Classics\" href=\"https:\/\/ucm.one\/de\/film-labels\/artkeim\/\">Artkeim\u00b2<\/a><\/td>\n<\/tr>\n<\/tbody>\n<\/table>\n<\/div>\n<div><\/div>\n<\/div>\n<div>\n<div><div class=\"gap\" style=\"line-height: 10px; height: 10px;\"><\/div><\/div>\n<div>\u2117 1958 <strong>Walter Wanger Productions<\/strong>, \u00a9 2021 <strong>\u00c9dition Film Noir<\/strong>\u00a0\/ <strong>Artkeim\u00b2<\/strong> \/\u00a0<span style=\"font-family: 'arial black', sans-serif;\"><strong>UCM.ONE<\/strong><\/span><\/div>\n<div><div class=\"gap\" style=\"line-height: 20px; height: 20px;\"><\/div><\/div>\n<div>\n<div><\/div>\n<div>\n<div><div class=\"gap\" style=\"line-height: 10px; height: 10px;\"><\/div><\/div>\n<div><span style=\"color: #003a80;\"><strong>\u27a0 <a style=\"color: #003a80;\" href=\"https:\/\/ucm.one\/de\/produkt-kategorie\/art-de\/filme-de\/\">zum Shop<\/a><\/strong><\/span><\/div>\n<div><div class=\"gap\" style=\"line-height: 20px; height: 20px;\"><\/div><\/div>\n<\/div>\n<\/div>\n<\/div>\n","protected":false},"excerpt":{"rendered":"<p>Regie:<a href=\"https:\/\/ucm.one\/de\/?s=%22Robert+Wise%22&amp;post_type=product\"><strong> Robert Wise<\/strong><\/a><\/p>\n<p>Label:<a href=\"https:\/\/ucm.one\/de\/produkt-kategorie\/label-film-de\/artkeim-de\/edition-film-noir-de\/\">\u00a0<strong>\u00c9dition Film Noir<\/strong><\/a> <strong>\/ <a href=\"https:\/\/ucm.one\/de\/produkt-kategorie\/label-film-de\/artkeim-de\/\">Artkeim\u00b2<\/a><\/strong><\/p>\n<p>Art:\u00a0<strong><a href=\"https:\/\/ucm.one\/de\/produkt-kategorie\/art-de\/filme-de\/\">Film<\/a> (<a title=\"\" href=\"https:\/\/ucm.one\/de\/produkt-kategorie\/genre-film-de\/klassiker-de\/\">Klassiker<\/a>)<\/strong><\/p>\n<p>Genres: <strong><a title=\"\" href=\"https:\/\/ucm.one\/de\/produkt-kategorie\/genre-film-de\/film-noir\/\">Film Noir<\/a>, <a href=\"https:\/\/ucm.one\/de\/produkt-kategorie\/genre-film-de\/krimi-de\/\">Krimi,<\/a> <a title=\"\" href=\"https:\/\/ucm.one\/de\/produkt-kategorie\/genre-film-de\/drama-de\/\">Drama<\/a><\/strong><br \/>\n<b><\/b><\/p>\n<p>Jahr: <strong>2021<\/strong><\/p>\n<p>FSK: <strong>12<\/strong><\/p>\n<p>Format: <strong>Diverse<\/strong><\/p>\n","protected":false},"featured_media":77519,"comment_status":"open","ping_status":"closed","template":"","meta":{"_acf_changed":false},"product_brand":[],"product_cat":[10345,9708,12093,10331,10332,10333,10334,10335,10336,10338],"product_tag":[14175,14176,12080,14177,14178,14335,14115,14336,14170,14171,14172,14173,14174],"class_list":{"0":"post-76713","1":"product","2":"type-product","3":"status-publish","4":"has-post-thumbnail","6":"product_cat-edition-film-noir-de","7":"product_cat-filme-de","8":"product_cat-klassiker-de","9":"product_cat-dvd-de","10":"product_cat-blu-ray-de","11":"product_cat-mediabooks-de","12":"product_cat-drama-de","13":"product_cat-krimi-de","14":"product_cat-film-noir","15":"product_cat-artkeim-de","16":"product_tag-virginia-vincent","17":"product_tag-theodore-bikel","18":"product_tag-artkeim","19":"product_tag-wesley-lau","20":"product_tag-frau-ohne-gewissen","21":"product_tag-film-noir","22":"product_tag-am-strand-der-suende","23":"product_tag-edition-film-noir","24":"product_tag-lasst-mich-leben","25":"product_tag-i-want-to-live","26":"product_tag-robert-wise","27":"product_tag-susan-hayward","28":"product_tag-simon-oakland","29":"product_shipping_class-bd-2","30":"pa_format-blu-ray-de","31":"pa_format-mediabook-dvd","32":"description-off","34":"first","35":"instock","36":"sale","37":"taxable","38":"shipping-taxable","39":"purchasable","40":"product-type-variable"},"acf":[],"yoast_head":"<!-- This site is optimized with the Yoast SEO plugin v27.2 - https:\/\/yoast.com\/product\/yoast-seo-wordpress\/ -->\n<title>La\u00dft mich leben<\/title>\n<meta name=\"description\" content=\"Shop | La\u00dft mich leben | 2021| \u00c9dition Film Noir \/ Artkeim\u00b2 | Mediabook &amp; Blu-Ray | FSK 12\" \/>\n<meta name=\"robots\" content=\"index, follow, max-snippet:-1, max-image-preview:large, max-video-preview:-1\" \/>\n<link rel=\"canonical\" href=\"https:\/\/ucm.one\/de\/produkt\/lasst-mich-leben\/\" \/>\n<meta property=\"og:locale\" content=\"de_DE\" \/>\n<meta property=\"og:type\" content=\"article\" \/>\n<meta property=\"og:title\" content=\"La\u00dft mich leben\" \/>\n<meta property=\"og:description\" content=\"Shop | La\u00dft mich leben | 2021| \u00c9dition Film Noir \/ Artkeim\u00b2 | Mediabook &amp; Blu-Ray | FSK 12\" \/>\n<meta property=\"og:url\" content=\"https:\/\/ucm.one\/de\/produkt\/lasst-mich-leben\/\" \/>\n<meta property=\"og:site_name\" content=\"UCM.ONE\" \/>\n<meta property=\"article:modified_time\" content=\"2025-10-27T15:34:17+00:00\" \/>\n<meta property=\"og:image\" content=\"https:\/\/ucm.one\/wp-content\/uploads\/2022\/09\/C-Lasst-mich-leben-MD-2D-FSK12.jpg\" \/>\n<meta name=\"twitter:card\" content=\"summary_large_image\" \/>\n<meta name=\"twitter:title\" content=\"La\u00dft mich leben\" \/>\n<meta name=\"twitter:description\" content=\"Shop | La\u00dft mich leben | 2021| \u00c9dition Film Noir \/ Artkeim\u00b2 | Mediabook &amp; Blu-Ray | FSK 12\" \/>\n<meta name=\"twitter:image\" content=\"https:\/\/ucm.one\/wp-content\/uploads\/2022\/09\/C-Lasst-mich-leben-MD-2D-FSK12.jpg\" \/>\n<meta name=\"twitter:label1\" content=\"Gesch\u00e4tzte Lesezeit\" \/>\n\t<meta name=\"twitter:data1\" content=\"1\u00a0Minute\" \/>\n<!-- \/ Yoast SEO plugin. -->","yoast_head_json":{"title":"La\u00dft mich leben","description":"Shop | La\u00dft mich leben | 2021| \u00c9dition Film Noir \/ Artkeim\u00b2 | Mediabook & Blu-Ray | FSK 12","robots":{"index":"index","follow":"follow","max-snippet":"max-snippet:-1","max-image-preview":"max-image-preview:large","max-video-preview":"max-video-preview:-1"},"canonical":"https:\/\/ucm.one\/de\/produkt\/lasst-mich-leben\/","og_locale":"de_DE","og_type":"article","og_title":"La\u00dft mich leben","og_description":"Shop | La\u00dft mich leben | 2021| \u00c9dition Film Noir \/ Artkeim\u00b2 | Mediabook & Blu-Ray | FSK 12","og_url":"https:\/\/ucm.one\/de\/produkt\/lasst-mich-leben\/","og_site_name":"UCM.ONE","article_modified_time":"2025-10-27T15:34:17+00:00","og_image":[{"url":"https:\/\/ucm.one\/wp-content\/uploads\/2022\/09\/C-Lasst-mich-leben-MD-2D-FSK12.jpg","type":"","width":"","height":""}],"twitter_card":"summary_large_image","twitter_title":"La\u00dft mich leben","twitter_description":"Shop | La\u00dft mich leben | 2021| \u00c9dition Film Noir \/ Artkeim\u00b2 | Mediabook & Blu-Ray | FSK 12","twitter_image":"https:\/\/ucm.one\/wp-content\/uploads\/2022\/09\/C-Lasst-mich-leben-MD-2D-FSK12.jpg","twitter_misc":{"Gesch\u00e4tzte Lesezeit":"1\u00a0Minute"},"schema":{"@context":"https:\/\/schema.org","@graph":[{"@type":"WebPage","@id":"https:\/\/ucm.one\/de\/produkt\/lasst-mich-leben\/","url":"https:\/\/ucm.one\/de\/produkt\/lasst-mich-leben\/","name":"La\u00dft mich leben","isPartOf":{"@id":"https:\/\/ucm.one\/de\/#website"},"primaryImageOfPage":{"@id":"https:\/\/ucm.one\/de\/produkt\/lasst-mich-leben\/#primaryimage"},"image":{"@id":"https:\/\/ucm.one\/de\/produkt\/lasst-mich-leben\/#primaryimage"},"thumbnailUrl":"https:\/\/ucm.one\/wp-content\/uploads\/2021\/05\/C-Lasst-mich-leben-MB-2D-FSK12.jpg","datePublished":"2021-05-28T12:28:03+00:00","dateModified":"2025-10-27T15:34:17+00:00","description":"Shop | La\u00dft mich leben | 2021| \u00c9dition Film Noir \/ Artkeim\u00b2 | Mediabook & Blu-Ray | FSK 12","breadcrumb":{"@id":"https:\/\/ucm.one\/de\/produkt\/lasst-mich-leben\/#breadcrumb"},"inLanguage":"de","potentialAction":[{"@type":"ReadAction","target":["https:\/\/ucm.one\/de\/produkt\/lasst-mich-leben\/"]}]},{"@type":"ImageObject","inLanguage":"de","@id":"https:\/\/ucm.one\/de\/produkt\/lasst-mich-leben\/#primaryimage","url":"https:\/\/ucm.one\/wp-content\/uploads\/2021\/05\/C-Lasst-mich-leben-MB-2D-FSK12.jpg","contentUrl":"https:\/\/ucm.one\/wp-content\/uploads\/2021\/05\/C-Lasst-mich-leben-MB-2D-FSK12.jpg","width":699,"height":1000},{"@type":"BreadcrumbList","@id":"https:\/\/ucm.one\/de\/produkt\/lasst-mich-leben\/#breadcrumb","itemListElement":[{"@type":"ListItem","position":1,"name":"Home","item":"https:\/\/ucm.one\/de\/"},{"@type":"ListItem","position":2,"name":"Shop","item":"https:\/\/ucm.one\/de\/shop\/"},{"@type":"ListItem","position":3,"name":"La\u00dft mich leben"}]},{"@type":"WebSite","@id":"https:\/\/ucm.one\/de\/#website","url":"https:\/\/ucm.one\/de\/","name":"UCM.ONE","description":"","publisher":{"@id":"https:\/\/ucm.one\/de\/#organization"},"potentialAction":[{"@type":"SearchAction","target":{"@type":"EntryPoint","urlTemplate":"https:\/\/ucm.one\/de\/?s={search_term_string}"},"query-input":{"@type":"PropertyValueSpecification","valueRequired":true,"valueName":"search_term_string"}}],"inLanguage":"de"},{"@type":"Organization","@id":"https:\/\/ucm.one\/de\/#organization","name":"UCM.ONE","url":"https:\/\/ucm.one\/de\/","logo":{"@type":"ImageObject","inLanguage":"de","@id":"https:\/\/ucm.one\/de\/#\/schema\/logo\/image\/","url":"https:\/\/ucm.one\/wp-content\/uploads\/2019\/10\/UCM.ONE-Logo-RGB.svg","contentUrl":"https:\/\/ucm.one\/wp-content\/uploads\/2019\/10\/UCM.ONE-Logo-RGB.svg","width":1,"height":1,"caption":"UCM.ONE"},"image":{"@id":"https:\/\/ucm.one\/de\/#\/schema\/logo\/image\/"}}]}},"_links":{"self":[{"href":"https:\/\/ucm.one\/de\/wp-json\/wp\/v2\/product\/76713","targetHints":{"allow":["GET"]}}],"collection":[{"href":"https:\/\/ucm.one\/de\/wp-json\/wp\/v2\/product"}],"about":[{"href":"https:\/\/ucm.one\/de\/wp-json\/wp\/v2\/types\/product"}],"replies":[{"embeddable":true,"href":"https:\/\/ucm.one\/de\/wp-json\/wp\/v2\/comments?post=76713"}],"wp:featuredmedia":[{"embeddable":true,"href":"https:\/\/ucm.one\/de\/wp-json\/wp\/v2\/media\/77519"}],"wp:attachment":[{"href":"https:\/\/ucm.one\/de\/wp-json\/wp\/v2\/media?parent=76713"}],"wp:term":[{"taxonomy":"product_brand","embeddable":true,"href":"https:\/\/ucm.one\/de\/wp-json\/wp\/v2\/product_brand?post=76713"},{"taxonomy":"product_cat","embeddable":true,"href":"https:\/\/ucm.one\/de\/wp-json\/wp\/v2\/product_cat?post=76713"},{"taxonomy":"product_tag","embeddable":true,"href":"https:\/\/ucm.one\/de\/wp-json\/wp\/v2\/product_tag?post=76713"}],"curies":[{"name":"wp","href":"https:\/\/api.w.org\/{rel}","templated":true}]}}