{"id":76677,"date":"2021-02-26T10:54:27","date_gmt":"2021-02-26T10:54:27","guid":{"rendered":"https:\/\/ucm.one\/?post_type=product&#038;p=76677"},"modified":"2026-04-02T18:26:03","modified_gmt":"2026-04-02T18:26:03","slug":"die-frau-im-fenster","status":"publish","type":"product","link":"https:\/\/ucm.one\/de\/produkt\/die-frau-im-fenster\/","title":{"rendered":"Die Frau im Fenster"},"content":{"rendered":"<div class=\"wpb_text_column wpb_content_element \">\n<div class=\"wpb_wrapper\">\n<div class=\"\">\n<div class=\"wpb_text_column wpb_content_element \">\n<div class=\"wpb_wrapper\">\n<p><span style=\"font-weight: 400;\">New York City: Nachdem er seine Familie am Bahnhof verabschiedet hat, trifft der Strohwitwer Richard Wanley (<strong>Edward G. Robinson<\/strong>), Professor f\u00fcr Psychologie, seine Freunde Dr. Michael Barkstane (<strong>Edmund Breon<\/strong>) und Staatsanwalt Frank Lalor (<strong>Raymond Massey<\/strong>) in ihrem Club. Noch auf der Treppe zum Club sehen die beiden, wie Richard vor dem Schaufenster einer benachbarten Galerie das Portrait einer jungen Dame betrachtet. In Folge dessen diskutieren die drei Freunde den Reiz und die Gefahr der steten Abenteuerlust von M\u00e4nnern im mittleren Alter. Als der Professor dann abends den Club verl\u00e4sst, geht er zur\u00fcck zu dem Fenster und betrachtet noch einmal das Portrait der Frau. Pl\u00f6tzlich sieht er deren Ebenbild sich neben ihm im Fenster spiegeln und lernt so Alice Reed (<strong>Joan Bennett<\/strong>) kennen, die f\u00fcr das Gem\u00e4lde Modell stand. Nachdem die beiden noch einen netten Abend zusammen verbracht haben, begleitet Wanley Alice nach Hause. Doch dort kommt es zu einer Eifersuchtsszene mit ihrem Liebhaber (<strong>Arthur Loft<\/strong>), den Wanley in Notwehr mit einer Schere t\u00f6tet. Um seinen Ruf und seine Ehe zu retten, beschlie\u00dfen nun er und Alice, den Leichnam im Wald zu entsorgen. Doch das erweist sich als fataler Fehler\u2026<\/span><\/p>\n<\/div>\n<\/div>\n<\/div>\n<\/div>\n<\/div>\n<div><div class=\"gap\" style=\"line-height: 20px; height: 20px;\"><\/div><\/div>\n<h5>Weitere Informationen<\/h5>\n<div>\n<div>\n<table style=\"height: 46px; width: 100%; border-collapse: collapse; border-color: #ffffff; background-color: #ffffff; border-style: hidden;\">\n<tbody>\n<tr style=\"height: 23px;\">\n<td style=\"width: 4.701195219123506%; height: 23px; border-style: hidden;\">Label:<\/td>\n<td style=\"width: 95.29880478087651%; height: 23px; border-style: hidden;\"><a title=\"\u00c9dition ParaSol Videoth\u00e8que\" href=\"https:\/\/ucm.one\/de\/film-labels\/artkeim\/#edition-film-noir\">\u00c9dition Film Noir<\/a> \/ <a title=\"B-Spree Classics\" href=\"https:\/\/ucm.one\/de\/film-labels\/artkeim\/\">Artkeim\u00b2<\/a><\/td>\n<\/tr>\n<\/tbody>\n<\/table>\n<\/div>\n<div><\/div>\n<\/div>\n<div>\n<div><div class=\"gap\" style=\"line-height: 10px; height: 10px;\"><\/div><\/div>\n<div>\u2117 1944 <strong>Christie Corporation, International Pictures (I)<\/strong>, \u00a9 2021 <strong>\u00c9dition Film Noir<\/strong>\u00a0\/ <strong>Artkeim\u00b2<\/strong> \/\u00a0<span style=\"font-family: 'arial black', sans-serif;\"><strong>UCM.ONE<\/strong><\/span><\/div>\n<div><div class=\"gap\" style=\"line-height: 20px; height: 20px;\"><\/div><\/div>\n<div>\n<div><\/div>\n<div>\n<div><div class=\"gap\" style=\"line-height: 10px; height: 10px;\"><\/div><\/div>\n<div><span style=\"color: #003a80;\"><strong>\u27a0 <a style=\"color: #003a80;\" href=\"https:\/\/ucm.one\/de\/produkt-kategorie\/art-de\/filme-de\/\">zum Shop<\/a><\/strong><\/span><\/div>\n<div><div class=\"gap\" style=\"line-height: 20px; height: 20px;\"><\/div><\/div>\n<\/div>\n<\/div>\n<\/div>\n","protected":false},"excerpt":{"rendered":"<p>Regie: <a href=\"https:\/\/ucm.one\/de\/?s=%22Fritz+Lang%22&amp;post_type=product\"><strong>Fritz Lang<\/strong><\/a><\/p>\n<p>Label:<a href=\"https:\/\/ucm.one\/de\/produkt-kategorie\/label-film-de\/artkeim-de\/edition-film-noir-de\/\">\u00a0<strong>\u00c9dition Film Noir<\/strong><\/a> <strong>\/ <a href=\"https:\/\/ucm.one\/de\/produkt-kategorie\/label-film-de\/artkeim-de\/\">Artkeim\u00b2<\/a><\/strong><\/p>\n<p>Art:\u00a0<strong><a href=\"https:\/\/ucm.one\/de\/produkt-kategorie\/art-de\/filme-de\/\">Film<\/a> (<a title=\"\" href=\"https:\/\/ucm.one\/de\/produkt-kategorie\/genre-film-de\/klassiker-de\/\">Klassiker<\/a>)<\/strong><\/p>\n<p>Genres: <strong><a title=\"\" href=\"https:\/\/ucm.one\/de\/produkt-kategorie\/genre-film-de\/film-noir\/\">Film Noir<\/a>, <a href=\"https:\/\/ucm.one\/de\/produkt-kategorie\/genre-film-de\/krimi-de\/\">Krimi,<\/a> <a title=\"\" href=\"https:\/\/ucm.one\/de\/produkt-kategorie\/genre-film-de\/drama-de\/\">Drama<\/a><\/strong><br \/>\n<b><\/b><\/p>\n<p>Jahr: <strong>2021<\/strong><\/p>\n<p>FSK: <strong>16<\/strong><\/p>\n<p>Format: <strong>Diverse<\/strong><\/p>\n","protected":false},"featured_media":77514,"comment_status":"open","ping_status":"closed","template":"","meta":{"_acf_changed":false},"product_brand":[],"product_cat":[10332,10333,10334,10335,10336,10338,10345,9708,12093,10331],"product_tag":[14085,14093,14149,14150,14151,14152,14153,14154,12080,14155,14156],"class_list":{"0":"post-76677","1":"product","2":"type-product","3":"status-publish","4":"has-post-thumbnail","6":"product_cat-blu-ray-de","7":"product_cat-mediabooks-de","8":"product_cat-drama-de","9":"product_cat-krimi-de","10":"product_cat-film-noir","11":"product_cat-artkeim-de","12":"product_cat-edition-film-noir-de","13":"product_cat-filme-de","14":"product_cat-klassiker-de","15":"product_cat-dvd-de","16":"product_tag-film-noir-edition","17":"product_tag-fritz-lang","18":"product_tag-die-frau-im-fenster","19":"product_tag-the-woman-in-the-window","20":"product_tag-gefaehrliche-begegnung","21":"product_tag-edward-g-robinson","22":"product_tag-thomas-e-jackson","23":"product_tag-joan-bennett","24":"product_tag-artkeim","25":"product_tag-dorothy-petersen","26":"product_tag-raymond-massey","27":"product_shipping_class-bd-2","28":"pa_format-mediabook-dvd","29":"pa_format-blu-ray-de","30":"description-off","32":"first","33":"instock","34":"sale","35":"taxable","36":"shipping-taxable","37":"purchasable","38":"product-type-variable"},"acf":[],"yoast_head":"<!-- This site is optimized with the Yoast SEO plugin v27.2 - https:\/\/yoast.com\/product\/yoast-seo-wordpress\/ -->\n<title>Die Frau im Fenster<\/title>\n<meta name=\"description\" content=\"Shop | Die Frau im Fenster | 2021| \u00c9dition Film Noir \/ Artkeim\u00b2 | Mediabook (DVD) &amp; Blu-Ray | FSK 16\" \/>\n<meta name=\"robots\" content=\"index, follow, max-snippet:-1, max-image-preview:large, max-video-preview:-1\" \/>\n<link rel=\"canonical\" href=\"https:\/\/ucm.one\/de\/produkt\/die-frau-im-fenster\/\" \/>\n<meta property=\"og:locale\" content=\"de_DE\" \/>\n<meta property=\"og:type\" content=\"article\" \/>\n<meta property=\"og:title\" content=\"Die Frau im Fenster\" \/>\n<meta property=\"og:description\" content=\"Shop | Die Frau im Fenster | 2021| \u00c9dition Film Noir \/ Artkeim\u00b2 | Mediabook (DVD) &amp; Blu-Ray | FSK 16\" \/>\n<meta property=\"og:url\" content=\"https:\/\/ucm.one\/de\/produkt\/die-frau-im-fenster\/\" \/>\n<meta property=\"og:site_name\" content=\"UCM.ONE\" \/>\n<meta property=\"article:modified_time\" content=\"2026-04-02T18:26:03+00:00\" \/>\n<meta property=\"og:image\" content=\"https:\/\/ucm.one\/wp-content\/uploads\/2021\/05\/C-Die-Frau-am-Fenster.jpg\" \/>\n<meta name=\"twitter:card\" content=\"summary_large_image\" \/>\n<meta name=\"twitter:title\" content=\"Die Frau im Fenster\" \/>\n<meta name=\"twitter:description\" content=\"Shop | Die Frau im Fenster | 2021| \u00c9dition Film Noir \/ Artkeim\u00b2 | Mediabook (DVD) &amp; Blu-Ray | FSK 16\" \/>\n<meta name=\"twitter:image\" content=\"https:\/\/ucm.one\/wp-content\/uploads\/2021\/05\/C-Die-Frau-am-Fenster.jpg\" \/>\n<meta name=\"twitter:label1\" content=\"Gesch\u00e4tzte Lesezeit\" \/>\n\t<meta name=\"twitter:data1\" content=\"1\u00a0Minute\" \/>\n<!-- \/ Yoast SEO plugin. -->","yoast_head_json":{"title":"Die Frau im Fenster","description":"Shop | Die Frau im Fenster | 2021| \u00c9dition Film Noir \/ Artkeim\u00b2 | Mediabook (DVD) & Blu-Ray | FSK 16","robots":{"index":"index","follow":"follow","max-snippet":"max-snippet:-1","max-image-preview":"max-image-preview:large","max-video-preview":"max-video-preview:-1"},"canonical":"https:\/\/ucm.one\/de\/produkt\/die-frau-im-fenster\/","og_locale":"de_DE","og_type":"article","og_title":"Die Frau im Fenster","og_description":"Shop | Die Frau im Fenster | 2021| \u00c9dition Film Noir \/ Artkeim\u00b2 | Mediabook (DVD) & Blu-Ray | FSK 16","og_url":"https:\/\/ucm.one\/de\/produkt\/die-frau-im-fenster\/","og_site_name":"UCM.ONE","article_modified_time":"2026-04-02T18:26:03+00:00","og_image":[{"url":"https:\/\/ucm.one\/wp-content\/uploads\/2021\/05\/C-Die-Frau-am-Fenster.jpg","type":"","width":"","height":""}],"twitter_card":"summary_large_image","twitter_title":"Die Frau im Fenster","twitter_description":"Shop | Die Frau im Fenster | 2021| \u00c9dition Film Noir \/ Artkeim\u00b2 | Mediabook (DVD) & Blu-Ray | FSK 16","twitter_image":"https:\/\/ucm.one\/wp-content\/uploads\/2021\/05\/C-Die-Frau-am-Fenster.jpg","twitter_misc":{"Gesch\u00e4tzte Lesezeit":"1\u00a0Minute"},"schema":{"@context":"https:\/\/schema.org","@graph":[{"@type":"WebPage","@id":"https:\/\/ucm.one\/de\/produkt\/die-frau-im-fenster\/","url":"https:\/\/ucm.one\/de\/produkt\/die-frau-im-fenster\/","name":"Die Frau im Fenster","isPartOf":{"@id":"https:\/\/ucm.one\/de\/#website"},"primaryImageOfPage":{"@id":"https:\/\/ucm.one\/de\/produkt\/die-frau-im-fenster\/#primaryimage"},"image":{"@id":"https:\/\/ucm.one\/de\/produkt\/die-frau-im-fenster\/#primaryimage"},"thumbnailUrl":"https:\/\/ucm.one\/wp-content\/uploads\/2000\/01\/C-Die-Frau-am-Fenster-MB-2D-FSK16.jpg","datePublished":"2021-02-26T10:54:27+00:00","dateModified":"2026-04-02T18:26:03+00:00","description":"Shop | Die Frau im Fenster | 2021| \u00c9dition Film Noir \/ Artkeim\u00b2 | Mediabook (DVD) & Blu-Ray | FSK 16","breadcrumb":{"@id":"https:\/\/ucm.one\/de\/produkt\/die-frau-im-fenster\/#breadcrumb"},"inLanguage":"de","potentialAction":[{"@type":"ReadAction","target":["https:\/\/ucm.one\/de\/produkt\/die-frau-im-fenster\/"]}]},{"@type":"ImageObject","inLanguage":"de","@id":"https:\/\/ucm.one\/de\/produkt\/die-frau-im-fenster\/#primaryimage","url":"https:\/\/ucm.one\/wp-content\/uploads\/2000\/01\/C-Die-Frau-am-Fenster-MB-2D-FSK16.jpg","contentUrl":"https:\/\/ucm.one\/wp-content\/uploads\/2000\/01\/C-Die-Frau-am-Fenster-MB-2D-FSK16.jpg","width":699,"height":1000},{"@type":"BreadcrumbList","@id":"https:\/\/ucm.one\/de\/produkt\/die-frau-im-fenster\/#breadcrumb","itemListElement":[{"@type":"ListItem","position":1,"name":"Home","item":"https:\/\/ucm.one\/de\/"},{"@type":"ListItem","position":2,"name":"Shop","item":"https:\/\/ucm.one\/de\/shop\/"},{"@type":"ListItem","position":3,"name":"Die Frau im Fenster"}]},{"@type":"WebSite","@id":"https:\/\/ucm.one\/de\/#website","url":"https:\/\/ucm.one\/de\/","name":"UCM.ONE","description":"","publisher":{"@id":"https:\/\/ucm.one\/de\/#organization"},"potentialAction":[{"@type":"SearchAction","target":{"@type":"EntryPoint","urlTemplate":"https:\/\/ucm.one\/de\/?s={search_term_string}"},"query-input":{"@type":"PropertyValueSpecification","valueRequired":true,"valueName":"search_term_string"}}],"inLanguage":"de"},{"@type":"Organization","@id":"https:\/\/ucm.one\/de\/#organization","name":"UCM.ONE","url":"https:\/\/ucm.one\/de\/","logo":{"@type":"ImageObject","inLanguage":"de","@id":"https:\/\/ucm.one\/de\/#\/schema\/logo\/image\/","url":"https:\/\/ucm.one\/wp-content\/uploads\/2019\/10\/UCM.ONE-Logo-RGB.svg","contentUrl":"https:\/\/ucm.one\/wp-content\/uploads\/2019\/10\/UCM.ONE-Logo-RGB.svg","width":1,"height":1,"caption":"UCM.ONE"},"image":{"@id":"https:\/\/ucm.one\/de\/#\/schema\/logo\/image\/"}}]}},"_links":{"self":[{"href":"https:\/\/ucm.one\/de\/wp-json\/wp\/v2\/product\/76677","targetHints":{"allow":["GET"]}}],"collection":[{"href":"https:\/\/ucm.one\/de\/wp-json\/wp\/v2\/product"}],"about":[{"href":"https:\/\/ucm.one\/de\/wp-json\/wp\/v2\/types\/product"}],"replies":[{"embeddable":true,"href":"https:\/\/ucm.one\/de\/wp-json\/wp\/v2\/comments?post=76677"}],"wp:featuredmedia":[{"embeddable":true,"href":"https:\/\/ucm.one\/de\/wp-json\/wp\/v2\/media\/77514"}],"wp:attachment":[{"href":"https:\/\/ucm.one\/de\/wp-json\/wp\/v2\/media?parent=76677"}],"wp:term":[{"taxonomy":"product_brand","embeddable":true,"href":"https:\/\/ucm.one\/de\/wp-json\/wp\/v2\/product_brand?post=76677"},{"taxonomy":"product_cat","embeddable":true,"href":"https:\/\/ucm.one\/de\/wp-json\/wp\/v2\/product_cat?post=76677"},{"taxonomy":"product_tag","embeddable":true,"href":"https:\/\/ucm.one\/de\/wp-json\/wp\/v2\/product_tag?post=76677"}],"curies":[{"name":"wp","href":"https:\/\/api.w.org\/{rel}","templated":true}]}}