{"id":76616,"date":"2021-01-22T09:32:12","date_gmt":"2021-01-22T09:32:12","guid":{"rendered":"https:\/\/ucm.one\/?post_type=product&#038;p=76616"},"modified":"2025-03-06T14:06:08","modified_gmt":"2025-03-06T14:06:08","slug":"der-tiger-von-new-york","status":"publish","type":"product","link":"https:\/\/ucm.one\/de\/produkt\/der-tiger-von-new-york\/","title":{"rendered":"Der Tiger von New York"},"content":{"rendered":"<div class=\"wpb_text_column wpb_content_element \">\n<div class=\"wpb_wrapper\">\n<div class=\"\">\n<div class=\"wpb_text_column wpb_content_element \">\n<div class=\"wpb_wrapper\">\n<p><span style=\"font-weight: 400;\">Davey Gordon (<strong>Jamie Smith<\/strong>) ist ein erfolgloser Boxer, der den Gro\u00dfteil seiner Karriere bereits hinter sich hat. Mehr als ein sehr bescheidenes Apartment in New York kann er sich nicht leisten. Ihm gegen\u00fcber lebt die sch\u00f6ne Gloria (<strong>Irene Kane<\/strong>), die in einem sch\u00e4bigen Tanzclub als T\u00e4nzerin arbeitet. Der Club geh\u00f6rt Vincent Rapallo (<strong>Frank Silvera<\/strong>), einem in die Jahre gekommenen Gangster, der Gloria unterdr\u00fcckt und in Abh\u00e4ngigkeit h\u00e4lt. Als dieser mitbekommt, dass Davey sich in Gloria verliebt hat, setzt er alles daran, die Beziehung der beiden zu verhindern. Nach einem missgl\u00fcckten Mordanschlag auf Davey l\u00e4sst er letztlich sogar Gloria entf\u00fchren. Davey versucht nun, Gloria ein f\u00fcr alle Mal aus den H\u00e4nden von Rapallo zu befreien. So kommt es in einer verlassenen Schaufensterpuppen-Fabrik zu einem gef\u00e4hrlichen Zweikampf zwischen den Rivalen&#8230;<\/span><\/p>\n<\/div>\n<\/div>\n<\/div>\n<\/div>\n<\/div>\n<div><div class=\"gap\" style=\"line-height: 20px; height: 20px;\"><\/div><\/div>\n<h5>Weitere Informationen<\/h5>\n<div>\n<div>\n<table style=\"height: 46px; width: 100%; border-collapse: collapse; border-color: #ffffff; background-color: #ffffff; border-style: hidden;\">\n<tbody>\n<tr style=\"height: 23px;\">\n<td style=\"width: 4.701195219123506%; height: 23px; border-style: hidden;\">Label:<\/td>\n<td style=\"width: 95.29880478087651%; height: 23px; border-style: hidden;\"><a title=\"\u00c9dition ParaSol Videoth\u00e8que\" href=\"https:\/\/ucm.one\/de\/film-labels\/artkeim\/#edition-film-noir\">\u00c9dition Film Noir<\/a> \/ <a title=\"B-Spree Classics\" href=\"https:\/\/ucm.one\/de\/film-labels\/artkeim\/\">Artkeim\u00b2<\/a><\/td>\n<\/tr>\n<\/tbody>\n<\/table>\n<\/div>\n<div><\/div>\n<\/div>\n<div>\n<div><div class=\"gap\" style=\"line-height: 10px; height: 10px;\"><\/div><\/div>\n<div>\u2117 1955 <strong>Minotaur Productions<\/strong>, \u00a9 2021\u00a0<strong>\u00c9dition Film Noir<\/strong>\u00a0\/ <strong>Artkeim\u00b2<\/strong> \/\u00a0<span style=\"font-family: 'arial black', sans-serif;\"><strong>UCM.ONE<\/strong><\/span><\/div>\n<div><div class=\"gap\" style=\"line-height: 20px; height: 20px;\"><\/div><\/div>\n<div>\n<div><\/div>\n<div>\n<div><div class=\"gap\" style=\"line-height: 10px; height: 10px;\"><\/div><\/div>\n<div><span style=\"color: #003a80;\"><strong>\u27a0 <a style=\"color: #003a80;\" href=\"https:\/\/ucm.one\/de\/produkt-kategorie\/art-de\/filme-de\/\">zum Shop<\/a><\/strong><\/span><\/div>\n<div><div class=\"gap\" style=\"line-height: 20px; height: 20px;\"><\/div><\/div>\n<\/div>\n<\/div>\n<\/div>\n","protected":false},"excerpt":{"rendered":"<p>Regie: <a href=\"https:\/\/ucm.one\/de\/?s=%22Stanley+Kubrick%22&amp;post_type=product\"><strong>Stanley Kubrick<\/strong><\/a><\/p>\n<p>Label:<a href=\"https:\/\/ucm.one\/de\/produkt-kategorie\/label-film-de\/artkeim-de\/edition-film-noir-de\/\"><strong>\u00a0\u00c9dition Film Noir<\/strong><\/a> <strong>\/ <a href=\"https:\/\/ucm.one\/de\/produkt-kategorie\/label-film-de\/artkeim-de\/\">Artkeim\u00b2<\/a><\/strong><\/p>\n<p>Art:\u00a0<strong><a href=\"https:\/\/ucm.one\/de\/produkt-kategorie\/art-de\/filme-de\/\">Film<\/a> (<a title=\"\" href=\"https:\/\/ucm.one\/de\/produkt-kategorie\/genre-film-de\/klassiker-de\/\">Klassiker<\/a>)<\/strong><\/p>\n<p>Genres: <strong><a title=\"\" href=\"https:\/\/ucm.one\/de\/produkt-kategorie\/genre-film-de\/film-noir\/\">Film Noir<\/a>, <a href=\"https:\/\/ucm.one\/de\/produkt-kategorie\/genre-film-de\/krimi-de\/\">Krimi,<\/a> <a title=\"\" href=\"https:\/\/ucm.one\/de\/produkt-kategorie\/genre-film-de\/drama-de\/\">Drama<\/a><\/strong><br \/>\n<b><\/b><\/p>\n<p>Jahr: <strong>2021<\/strong><\/p>\n<p>FSK: <strong>12<\/strong><\/p>\n<p>Format: <strong>Diverse<\/strong><\/p>\n","protected":false},"featured_media":77511,"comment_status":"open","ping_status":"closed","template":"","meta":{"_acf_changed":false},"product_brand":[],"product_cat":[10331,10332,10333,10334,10335,10336,10338,10345,9708,12093],"product_tag":[14136,14137,14085,14138,14128,14129,14130,14131,14132,14133,14134,12080,14135],"class_list":{"0":"post-76616","1":"product","2":"type-product","3":"status-publish","4":"has-post-thumbnail","6":"product_cat-dvd-de","7":"product_cat-blu-ray-de","8":"product_cat-mediabooks-de","9":"product_cat-drama-de","10":"product_cat-krimi-de","11":"product_cat-film-noir","12":"product_cat-artkeim-de","13":"product_cat-edition-film-noir-de","14":"product_cat-filme-de","15":"product_cat-klassiker-de","16":"product_tag-ralph-roberts","17":"product_tag-jerry-jarrett","18":"product_tag-film-noir-edition","19":"product_tag-felice-orlandi","20":"product_tag-der-tiger-von-new-york","21":"product_tag-killers-kiss","22":"product_tag-stanley-kubrick","23":"product_tag-frank-silvera","24":"product_tag-irene-kane","25":"product_tag-mike-dana","26":"product_tag-jamie-smith","27":"product_tag-artkeim","28":"product_tag-shaun-obrien","29":"product_shipping_class-bd-2","30":"pa_format-mediabook-dvd","31":"pa_format-blu-ray-de","32":"description-off","34":"first","35":"instock","36":"sale","37":"taxable","38":"shipping-taxable","39":"purchasable","40":"product-type-variable"},"acf":[],"yoast_head":"<!-- This site is optimized with the Yoast SEO plugin v27.2 - https:\/\/yoast.com\/product\/yoast-seo-wordpress\/ -->\n<title>Der Tiger von New York<\/title>\n<meta name=\"description\" content=\"Shop | Der Tiger von New York | 2019 | \u00c9dition Film Noir \/ Artkeim\u00b2 | Mediabook (DVD) &amp; Blu-Ray | FSK 12\" \/>\n<meta name=\"robots\" content=\"index, follow, max-snippet:-1, max-image-preview:large, max-video-preview:-1\" \/>\n<link rel=\"canonical\" href=\"https:\/\/ucm.one\/de\/produkt\/der-tiger-von-new-york\/\" \/>\n<meta property=\"og:locale\" content=\"de_DE\" \/>\n<meta property=\"og:type\" content=\"article\" \/>\n<meta property=\"og:title\" content=\"Der Tiger von New York\" \/>\n<meta property=\"og:description\" content=\"Shop | Der Tiger von New York | 2019 | \u00c9dition Film Noir \/ Artkeim\u00b2 | Mediabook (DVD) &amp; Blu-Ray | FSK 12\" \/>\n<meta property=\"og:url\" content=\"https:\/\/ucm.one\/de\/produkt\/der-tiger-von-new-york\/\" \/>\n<meta property=\"og:site_name\" content=\"UCM.ONE\" \/>\n<meta property=\"article:modified_time\" content=\"2025-03-06T14:06:08+00:00\" \/>\n<meta property=\"og:image\" content=\"https:\/\/ucm.one\/wp-content\/uploads\/2021\/05\/C-Der-Tiger-von-New-York.jpg\" \/>\n<meta name=\"twitter:card\" content=\"summary_large_image\" \/>\n<meta name=\"twitter:title\" content=\"Der Tiger von New York\" \/>\n<meta name=\"twitter:description\" content=\"Shop | Der Tiger von New York | 2019 | \u00c9dition Film Noir \/ Artkeim\u00b2 | Mediabook (DVD) &amp; Blu-Ray | FSK 12\" \/>\n<meta name=\"twitter:image\" content=\"https:\/\/ucm.one\/wp-content\/uploads\/2021\/05\/C-Der-Tiger-von-New-York.jpg\" \/>\n<meta name=\"twitter:label1\" content=\"Gesch\u00e4tzte Lesezeit\" \/>\n\t<meta name=\"twitter:data1\" content=\"1\u00a0Minute\" \/>\n<!-- \/ Yoast SEO plugin. -->","yoast_head_json":{"title":"Der Tiger von New York","description":"Shop | Der Tiger von New York | 2019 | \u00c9dition Film Noir \/ Artkeim\u00b2 | Mediabook (DVD) & Blu-Ray | FSK 12","robots":{"index":"index","follow":"follow","max-snippet":"max-snippet:-1","max-image-preview":"max-image-preview:large","max-video-preview":"max-video-preview:-1"},"canonical":"https:\/\/ucm.one\/de\/produkt\/der-tiger-von-new-york\/","og_locale":"de_DE","og_type":"article","og_title":"Der Tiger von New York","og_description":"Shop | Der Tiger von New York | 2019 | \u00c9dition Film Noir \/ Artkeim\u00b2 | Mediabook (DVD) & Blu-Ray | FSK 12","og_url":"https:\/\/ucm.one\/de\/produkt\/der-tiger-von-new-york\/","og_site_name":"UCM.ONE","article_modified_time":"2025-03-06T14:06:08+00:00","og_image":[{"url":"https:\/\/ucm.one\/wp-content\/uploads\/2021\/05\/C-Der-Tiger-von-New-York.jpg","type":"","width":"","height":""}],"twitter_card":"summary_large_image","twitter_title":"Der Tiger von New York","twitter_description":"Shop | Der Tiger von New York | 2019 | \u00c9dition Film Noir \/ Artkeim\u00b2 | Mediabook (DVD) & Blu-Ray | FSK 12","twitter_image":"https:\/\/ucm.one\/wp-content\/uploads\/2021\/05\/C-Der-Tiger-von-New-York.jpg","twitter_misc":{"Gesch\u00e4tzte Lesezeit":"1\u00a0Minute"},"schema":{"@context":"https:\/\/schema.org","@graph":[{"@type":"WebPage","@id":"https:\/\/ucm.one\/de\/produkt\/der-tiger-von-new-york\/","url":"https:\/\/ucm.one\/de\/produkt\/der-tiger-von-new-york\/","name":"Der Tiger von New York","isPartOf":{"@id":"https:\/\/ucm.one\/de\/#website"},"primaryImageOfPage":{"@id":"https:\/\/ucm.one\/de\/produkt\/der-tiger-von-new-york\/#primaryimage"},"image":{"@id":"https:\/\/ucm.one\/de\/produkt\/der-tiger-von-new-york\/#primaryimage"},"thumbnailUrl":"https:\/\/ucm.one\/wp-content\/uploads\/2000\/01\/C-Der-Tiger-von-New-York-MB-2D-FSK12.jpg","datePublished":"2021-01-22T09:32:12+00:00","dateModified":"2025-03-06T14:06:08+00:00","description":"Shop | Der Tiger von New York | 2019 | \u00c9dition Film Noir \/ Artkeim\u00b2 | Mediabook (DVD) & Blu-Ray | FSK 12","breadcrumb":{"@id":"https:\/\/ucm.one\/de\/produkt\/der-tiger-von-new-york\/#breadcrumb"},"inLanguage":"de","potentialAction":[{"@type":"ReadAction","target":["https:\/\/ucm.one\/de\/produkt\/der-tiger-von-new-york\/"]}]},{"@type":"ImageObject","inLanguage":"de","@id":"https:\/\/ucm.one\/de\/produkt\/der-tiger-von-new-york\/#primaryimage","url":"https:\/\/ucm.one\/wp-content\/uploads\/2000\/01\/C-Der-Tiger-von-New-York-MB-2D-FSK12.jpg","contentUrl":"https:\/\/ucm.one\/wp-content\/uploads\/2000\/01\/C-Der-Tiger-von-New-York-MB-2D-FSK12.jpg","width":699,"height":1000},{"@type":"BreadcrumbList","@id":"https:\/\/ucm.one\/de\/produkt\/der-tiger-von-new-york\/#breadcrumb","itemListElement":[{"@type":"ListItem","position":1,"name":"Home","item":"https:\/\/ucm.one\/de\/"},{"@type":"ListItem","position":2,"name":"Shop","item":"https:\/\/ucm.one\/de\/shop\/"},{"@type":"ListItem","position":3,"name":"Der Tiger von New York"}]},{"@type":"WebSite","@id":"https:\/\/ucm.one\/de\/#website","url":"https:\/\/ucm.one\/de\/","name":"UCM.ONE","description":"","publisher":{"@id":"https:\/\/ucm.one\/de\/#organization"},"potentialAction":[{"@type":"SearchAction","target":{"@type":"EntryPoint","urlTemplate":"https:\/\/ucm.one\/de\/?s={search_term_string}"},"query-input":{"@type":"PropertyValueSpecification","valueRequired":true,"valueName":"search_term_string"}}],"inLanguage":"de"},{"@type":"Organization","@id":"https:\/\/ucm.one\/de\/#organization","name":"UCM.ONE","url":"https:\/\/ucm.one\/de\/","logo":{"@type":"ImageObject","inLanguage":"de","@id":"https:\/\/ucm.one\/de\/#\/schema\/logo\/image\/","url":"https:\/\/ucm.one\/wp-content\/uploads\/2019\/10\/UCM.ONE-Logo-RGB.svg","contentUrl":"https:\/\/ucm.one\/wp-content\/uploads\/2019\/10\/UCM.ONE-Logo-RGB.svg","width":1,"height":1,"caption":"UCM.ONE"},"image":{"@id":"https:\/\/ucm.one\/de\/#\/schema\/logo\/image\/"}}]}},"_links":{"self":[{"href":"https:\/\/ucm.one\/de\/wp-json\/wp\/v2\/product\/76616","targetHints":{"allow":["GET"]}}],"collection":[{"href":"https:\/\/ucm.one\/de\/wp-json\/wp\/v2\/product"}],"about":[{"href":"https:\/\/ucm.one\/de\/wp-json\/wp\/v2\/types\/product"}],"replies":[{"embeddable":true,"href":"https:\/\/ucm.one\/de\/wp-json\/wp\/v2\/comments?post=76616"}],"wp:featuredmedia":[{"embeddable":true,"href":"https:\/\/ucm.one\/de\/wp-json\/wp\/v2\/media\/77511"}],"wp:attachment":[{"href":"https:\/\/ucm.one\/de\/wp-json\/wp\/v2\/media?parent=76616"}],"wp:term":[{"taxonomy":"product_brand","embeddable":true,"href":"https:\/\/ucm.one\/de\/wp-json\/wp\/v2\/product_brand?post=76616"},{"taxonomy":"product_cat","embeddable":true,"href":"https:\/\/ucm.one\/de\/wp-json\/wp\/v2\/product_cat?post=76616"},{"taxonomy":"product_tag","embeddable":true,"href":"https:\/\/ucm.one\/de\/wp-json\/wp\/v2\/product_tag?post=76616"}],"curies":[{"name":"wp","href":"https:\/\/api.w.org\/{rel}","templated":true}]}}