{"id":76569,"date":"2020-03-20T09:02:22","date_gmt":"2020-03-20T09:02:22","guid":{"rendered":"https:\/\/ucm.one\/?post_type=product&#038;p=76569"},"modified":"2025-04-10T19:28:16","modified_gmt":"2025-04-10T19:28:16","slug":"am-strand-der-suende","status":"publish","type":"product","link":"https:\/\/ucm.one\/de\/produkt\/am-strand-der-suende\/","title":{"rendered":"Am Strand der S\u00fcnde"},"content":{"rendered":"<div class=\"wpb_text_column wpb_content_element \">\n<div class=\"wpb_wrapper\">\n<div class=\"\">\n<div class=\"wpb_text_column wpb_content_element \">\n<div class=\"wpb_wrapper\">\n<p><span style=\"font-weight: 400;\">Der Abenteuer und Seefahrer Dave (<strong>Sterling Hayden<\/strong>) trifft am wei\u00dfen Sandstrand an der mexikanischen K\u00fcste auf die attraktive Rita (<strong>Anne Baxter<\/strong>) und verliebt sich augenblicklich in die junge Frau. Allerdings ist Rita eine Betr\u00fcgern, die M\u00e4nnern das Geld aus der Tasche zieht, um es mit ihrem Komplizen Harley (<strong>John Hoyt<\/strong>) zu teilen. Dave erf\u00e4hrt von den Pl\u00e4nen der Sch\u00f6nen und kann Rita \u00fcberzeugen, Harley zu t\u00f6ten. Allerdings wird das Paar heimlich von einem Detektiv beobachtet.<\/span><\/p>\n<\/div>\n<\/div>\n<\/div>\n<\/div>\n<\/div>\n<div><div class=\"gap\" style=\"line-height: 20px; height: 20px;\"><\/div><\/div>\n<h5>Weitere Informationen<\/h5>\n<div>\n<div>\n<table style=\"height: 46px; width: 100%; border-collapse: collapse; border-color: #ffffff; background-color: #ffffff; border-style: hidden;\">\n<tbody>\n<tr style=\"height: 23px;\">\n<td style=\"width: 4.701195219123506%; height: 23px; border-style: hidden;\">Label:<\/td>\n<td style=\"width: 95.29880478087651%; height: 23px; border-style: hidden;\"><a title=\"\u00c9dition ParaSol Videoth\u00e8que\" href=\"https:\/\/ucm.one\/de\/film-labels\/artkeim\/#edition-film-noir\">\u00c9dition Film Noir<\/a> \/ <a title=\"B-Spree Classics\" href=\"https:\/\/ucm.one\/de\/film-labels\/artkeim\/\">Artkeim\u00b2<\/a><\/td>\n<\/tr>\n<\/tbody>\n<\/table>\n<\/div>\n<div><\/div>\n<\/div>\n<div>\n<div><div class=\"gap\" style=\"line-height: 10px; height: 10px;\"><\/div><\/div>\n<div>\u2117 1956 <strong>Allied Artists Pictures<\/strong>, \u00a9 2020 <strong>\u00c9dition Film Noir<\/strong>\u00a0\/ <strong>Artkeim\u00b2<\/strong> \/\u00a0<span style=\"font-family: 'arial black', sans-serif;\"><strong>UCM.ONE<\/strong><\/span><\/div>\n<div><div class=\"gap\" style=\"line-height: 20px; height: 20px;\"><\/div><\/div>\n<div>\n<div><\/div>\n<div>\n<div><div class=\"gap\" style=\"line-height: 10px; height: 10px;\"><\/div><\/div>\n<div><span style=\"color: #003a80;\"><strong>\u27a0 <a style=\"color: #003a80;\" href=\"https:\/\/ucm.one\/de\/produkt-kategorie\/art-de\/filme-de\/\">zum Shop<\/a><\/strong><\/span><\/div>\n<div><div class=\"gap\" style=\"line-height: 20px; height: 20px;\"><\/div><\/div>\n<\/div>\n<\/div>\n<\/div>\n","protected":false},"excerpt":{"rendered":"<p>Regie:<a href=\"https:\/\/ucm.one\/de\/?s=%22Russel+Birdwell%22&amp;post_type=product\"><strong> Russel Birdwell<\/strong><\/a><\/p>\n<p>Label:\u00a0<a href=\"https:\/\/ucm.one\/de\/produkt-kategorie\/label-film-de\/artkeim-de\/edition-film-noir-de\/\"><strong>\u00c9dition Film Noir<\/strong><\/a> <strong>\/ <a href=\"https:\/\/ucm.one\/de\/produkt-kategorie\/label-film-de\/artkeim-de\/\">Artkeim\u00b2<\/a><\/strong><\/p>\n<p>Art:\u00a0<strong><a href=\"https:\/\/ucm.one\/de\/produkt-kategorie\/art-de\/filme-de\/\">Film<\/a> (<a title=\"\" href=\"https:\/\/ucm.one\/de\/produkt-kategorie\/genre-film-de\/klassiker-de\/\">Klassiker<\/a>)<\/strong><\/p>\n<p>Genres: <strong><a title=\"\" href=\"https:\/\/ucm.one\/de\/produkt-kategorie\/genre-film-de\/film-noir\/\">Film Noir<\/a>, <a href=\"https:\/\/ucm.one\/de\/produkt-kategorie\/genre-film-de\/krimi-de\/\">Krimi,<\/a> <a title=\"\" href=\"https:\/\/ucm.one\/de\/produkt-kategorie\/genre-film-de\/drama-de\/\">Drama<\/a><\/strong><br \/>\n<b><\/b><\/p>\n<p>Jahr: <strong>2020<\/strong><\/p>\n<p>FSK: <strong>12<\/strong><\/p>\n<p>Format: <strong>Mediabook<\/strong><\/p>\n","protected":false},"featured_media":77506,"comment_status":"open","ping_status":"closed","template":"","meta":{"_acf_changed":false},"product_brand":[],"product_cat":[10331,10333,10334,10335,10336,10338,10345,9708,12093],"product_tag":[14124,14085,14125,14115,14126,14116,14127,14117,14118,14119,14120,14121,12080,14122,14123],"class_list":{"0":"post-76569","1":"product","2":"type-product","3":"status-publish","4":"has-post-thumbnail","6":"product_cat-dvd-de","7":"product_cat-mediabooks-de","8":"product_cat-drama-de","9":"product_cat-krimi-de","10":"product_cat-film-noir","11":"product_cat-artkeim-de","12":"product_cat-edition-film-noir-de","13":"product_cat-filme-de","14":"product_cat-klassiker-de","15":"product_tag-ufer-im-nebel","16":"product_tag-film-noir-edition","17":"product_tag-ohne-skrupel","18":"product_tag-am-strand-der-suende","19":"product_tag-gefaehrliche-ueberfahrt","20":"product_tag-the-come-on","21":"product_tag-in-die-enge-getrieben","22":"product_tag-russel-birdwell","23":"product_tag-anne-baxter","24":"product_tag-sterling-hayden","25":"product_tag-john-hoyt","26":"product_tag-jesse-white","27":"product_tag-artkeim","28":"product_tag-wally-cassell","29":"product_tag-alex-gerry","30":"product_shipping_class-bd-2","31":"pa_format-mediabook-dvd","32":"description-off","34":"first","35":"instock","36":"sale","37":"taxable","38":"shipping-taxable","39":"purchasable","40":"product-type-variable","41":"has-default-attributes"},"acf":[],"yoast_head":"<!-- This site is optimized with the Yoast SEO plugin v27.5 - https:\/\/yoast.com\/product\/yoast-seo-wordpress\/ -->\n<title>Am Strand der S\u00fcnde<\/title>\n<meta name=\"description\" content=\"Shop | Am Strand der S\u00fcnde | 2020 | \u00c9dition Film Noir \/ Artkeim\u00b2 | Mediabook | FSK 12\" \/>\n<meta name=\"robots\" content=\"index, follow, max-snippet:-1, max-image-preview:large, max-video-preview:-1\" \/>\n<link rel=\"canonical\" href=\"https:\/\/ucm.one\/de\/produkt\/am-strand-der-suende\/\" \/>\n<meta property=\"og:locale\" content=\"de_DE\" \/>\n<meta property=\"og:type\" content=\"article\" \/>\n<meta property=\"og:title\" content=\"Am Strand der S\u00fcnde\" \/>\n<meta property=\"og:description\" content=\"Shop | Am Strand der S\u00fcnde | 2020 | \u00c9dition Film Noir \/ Artkeim\u00b2 | Mediabook | FSK 12\" \/>\n<meta property=\"og:url\" content=\"https:\/\/ucm.one\/de\/produkt\/am-strand-der-suende\/\" \/>\n<meta property=\"og:site_name\" content=\"UCM.ONE\" \/>\n<meta property=\"article:modified_time\" content=\"2025-04-10T19:28:16+00:00\" \/>\n<meta property=\"og:image\" content=\"https:\/\/ucm.one\/wp-content\/uploads\/2022\/09\/C-Am-Strand-der-Suende-MB-2D-FSK12.jpg\" \/>\n<meta name=\"twitter:card\" content=\"summary_large_image\" \/>\n<meta name=\"twitter:title\" content=\"Am Strand der S\u00fcnde\" \/>\n<meta name=\"twitter:description\" content=\"Shop | Am Strand der S\u00fcnde | 2020 | \u00c9dition Film Noir \/ Artkeim\u00b2 | Mediabook | FSK 12\" \/>\n<meta name=\"twitter:image\" content=\"https:\/\/ucm.one\/wp-content\/uploads\/2022\/09\/C-Am-Strand-der-Suende-MB-2D-FSK12.jpg\" \/>\n<meta name=\"twitter:label1\" content=\"Gesch\u00e4tzte Lesezeit\" \/>\n\t<meta name=\"twitter:data1\" content=\"1\u00a0Minute\" \/>\n<!-- \/ Yoast SEO plugin. -->","yoast_head_json":{"title":"Am Strand der S\u00fcnde","description":"Shop | Am Strand der S\u00fcnde | 2020 | \u00c9dition Film Noir \/ Artkeim\u00b2 | Mediabook | FSK 12","robots":{"index":"index","follow":"follow","max-snippet":"max-snippet:-1","max-image-preview":"max-image-preview:large","max-video-preview":"max-video-preview:-1"},"canonical":"https:\/\/ucm.one\/de\/produkt\/am-strand-der-suende\/","og_locale":"de_DE","og_type":"article","og_title":"Am Strand der S\u00fcnde","og_description":"Shop | Am Strand der S\u00fcnde | 2020 | \u00c9dition Film Noir \/ Artkeim\u00b2 | Mediabook | FSK 12","og_url":"https:\/\/ucm.one\/de\/produkt\/am-strand-der-suende\/","og_site_name":"UCM.ONE","article_modified_time":"2025-04-10T19:28:16+00:00","og_image":[{"url":"https:\/\/ucm.one\/wp-content\/uploads\/2022\/09\/C-Am-Strand-der-Suende-MB-2D-FSK12.jpg","type":"","width":"","height":""}],"twitter_card":"summary_large_image","twitter_title":"Am Strand der S\u00fcnde","twitter_description":"Shop | Am Strand der S\u00fcnde | 2020 | \u00c9dition Film Noir \/ Artkeim\u00b2 | Mediabook | FSK 12","twitter_image":"https:\/\/ucm.one\/wp-content\/uploads\/2022\/09\/C-Am-Strand-der-Suende-MB-2D-FSK12.jpg","twitter_misc":{"Gesch\u00e4tzte Lesezeit":"1\u00a0Minute"},"schema":{"@context":"https:\/\/schema.org","@graph":[{"@type":"WebPage","@id":"https:\/\/ucm.one\/de\/produkt\/am-strand-der-suende\/","url":"https:\/\/ucm.one\/de\/produkt\/am-strand-der-suende\/","name":"Am Strand der S\u00fcnde","isPartOf":{"@id":"https:\/\/ucm.one\/de\/#website"},"primaryImageOfPage":{"@id":"https:\/\/ucm.one\/de\/produkt\/am-strand-der-suende\/#primaryimage"},"image":{"@id":"https:\/\/ucm.one\/de\/produkt\/am-strand-der-suende\/#primaryimage"},"thumbnailUrl":"https:\/\/ucm.one\/wp-content\/uploads\/2000\/01\/C-Am-Strand-der-Suende-MB-2D-FSK12.jpg","datePublished":"2020-03-20T09:02:22+00:00","dateModified":"2025-04-10T19:28:16+00:00","description":"Shop | Am Strand der S\u00fcnde | 2020 | \u00c9dition Film Noir \/ Artkeim\u00b2 | Mediabook | FSK 12","breadcrumb":{"@id":"https:\/\/ucm.one\/de\/produkt\/am-strand-der-suende\/#breadcrumb"},"inLanguage":"de","potentialAction":[{"@type":"ReadAction","target":["https:\/\/ucm.one\/de\/produkt\/am-strand-der-suende\/"]}]},{"@type":"ImageObject","inLanguage":"de","@id":"https:\/\/ucm.one\/de\/produkt\/am-strand-der-suende\/#primaryimage","url":"https:\/\/ucm.one\/wp-content\/uploads\/2000\/01\/C-Am-Strand-der-Suende-MB-2D-FSK12.jpg","contentUrl":"https:\/\/ucm.one\/wp-content\/uploads\/2000\/01\/C-Am-Strand-der-Suende-MB-2D-FSK12.jpg","width":699,"height":1000},{"@type":"BreadcrumbList","@id":"https:\/\/ucm.one\/de\/produkt\/am-strand-der-suende\/#breadcrumb","itemListElement":[{"@type":"ListItem","position":1,"name":"Home","item":"https:\/\/ucm.one\/de\/"},{"@type":"ListItem","position":2,"name":"Shop","item":"https:\/\/ucm.one\/de\/shop\/"},{"@type":"ListItem","position":3,"name":"Am Strand der S\u00fcnde"}]},{"@type":"WebSite","@id":"https:\/\/ucm.one\/de\/#website","url":"https:\/\/ucm.one\/de\/","name":"UCM.ONE","description":"","publisher":{"@id":"https:\/\/ucm.one\/de\/#organization"},"potentialAction":[{"@type":"SearchAction","target":{"@type":"EntryPoint","urlTemplate":"https:\/\/ucm.one\/de\/?s={search_term_string}"},"query-input":{"@type":"PropertyValueSpecification","valueRequired":true,"valueName":"search_term_string"}}],"inLanguage":"de"},{"@type":"Organization","@id":"https:\/\/ucm.one\/de\/#organization","name":"UCM.ONE","url":"https:\/\/ucm.one\/de\/","logo":{"@type":"ImageObject","inLanguage":"de","@id":"https:\/\/ucm.one\/de\/#\/schema\/logo\/image\/","url":"https:\/\/ucm.one\/wp-content\/uploads\/2019\/10\/UCM.ONE-Logo-RGB.svg","contentUrl":"https:\/\/ucm.one\/wp-content\/uploads\/2019\/10\/UCM.ONE-Logo-RGB.svg","width":1,"height":1,"caption":"UCM.ONE"},"image":{"@id":"https:\/\/ucm.one\/de\/#\/schema\/logo\/image\/"}}]}},"_links":{"self":[{"href":"https:\/\/ucm.one\/de\/wp-json\/wp\/v2\/product\/76569","targetHints":{"allow":["GET"]}}],"collection":[{"href":"https:\/\/ucm.one\/de\/wp-json\/wp\/v2\/product"}],"about":[{"href":"https:\/\/ucm.one\/de\/wp-json\/wp\/v2\/types\/product"}],"replies":[{"embeddable":true,"href":"https:\/\/ucm.one\/de\/wp-json\/wp\/v2\/comments?post=76569"}],"wp:featuredmedia":[{"embeddable":true,"href":"https:\/\/ucm.one\/de\/wp-json\/wp\/v2\/media\/77506"}],"wp:attachment":[{"href":"https:\/\/ucm.one\/de\/wp-json\/wp\/v2\/media?parent=76569"}],"wp:term":[{"taxonomy":"product_brand","embeddable":true,"href":"https:\/\/ucm.one\/de\/wp-json\/wp\/v2\/product_brand?post=76569"},{"taxonomy":"product_cat","embeddable":true,"href":"https:\/\/ucm.one\/de\/wp-json\/wp\/v2\/product_cat?post=76569"},{"taxonomy":"product_tag","embeddable":true,"href":"https:\/\/ucm.one\/de\/wp-json\/wp\/v2\/product_tag?post=76569"}],"curies":[{"name":"wp","href":"https:\/\/api.w.org\/{rel}","templated":true}]}}