{"id":76529,"date":"2020-02-07T14:00:29","date_gmt":"2020-02-07T14:00:29","guid":{"rendered":"https:\/\/ucm.one\/?post_type=product&#038;p=76529"},"modified":"2025-04-10T19:28:16","modified_gmt":"2025-04-10T19:28:16","slug":"blut-im-schnee","status":"publish","type":"product","link":"https:\/\/ucm.one\/de\/produkt\/blut-im-schnee\/","title":{"rendered":"Blut im Schnee"},"content":{"rendered":"<div class=\"wpb_text_column wpb_content_element \">\n<div class=\"wpb_wrapper\">\n<div class=\"\">\n<div class=\"wpb_text_column wpb_content_element \">\n<div class=\"wpb_wrapper\">\n<p>Louise Graham wird Zeugin eines Mafia-Mordes. Aus Angst sagt sie nicht bei der Polizei aus und flieht stattdessen nach Montana. Hier will sie von der Bildfl\u00e4che verschwinden, indem sie in einem Andenkenladen des Glacier National Parks arbeitet. Doch da Louise ein sch\u00f6nes M\u00e4dchen ist, erregt sie die Aufmerksamkeit einiger Besucher des Parks. Insbesondere der Ex-Marine Matt Hallett und der Amateurphotograph Paul Adams interessieren sich f\u00fcr sie. Doch einer von ihnen ist ein Mafia-Killer, der Louise f\u00fcr immer zum Schweigen bringen soll\u2026<\/p>\n<\/div>\n<\/div>\n<\/div>\n<\/div>\n<\/div>\n<div><div class=\"gap\" style=\"line-height: 20px; height: 20px;\"><\/div><\/div>\n<h5>Weitere Informationen<\/h5>\n<div>\n<div>\n<table style=\"height: 46px; width: 100%; border-collapse: collapse; border-color: #ffffff; background-color: #ffffff; border-style: hidden;\">\n<tbody>\n<tr style=\"height: 23px;\">\n<td style=\"width: 4.266034%; height: 23px; border-style: hidden;\">Label:<\/td>\n<td style=\"width: 95.733966%; height: 23px; border-style: hidden;\"><a title=\"\u00c9dition ParaSol Videoth\u00e8que\" href=\"https:\/\/ucm.one\/de\/film-labels\/artkeim\/#edition-film-noir\">\u00c9dition Film Noir<\/a> \/ <a title=\"B-Spree Classics\" href=\"https:\/\/ucm.one\/de\/film-labels\/artkeim\/\">Artkeim\u00b2<\/a><\/td>\n<\/tr>\n<\/tbody>\n<\/table>\n<\/div>\n<div><\/div>\n<\/div>\n<div>\n<div><div class=\"gap\" style=\"line-height: 10px; height: 10px;\"><\/div><\/div>\n<div>\u2117 1954 <strong>Irwin Allen Productions<\/strong>, \u00a9 2020 <strong>\u00c9dition Film Noir<\/strong>\u00a0\/ <strong>Artkeim\u00b2<\/strong> \/\u00a0<span style=\"font-family: 'arial black', sans-serif;\"><strong>UCM.ONE<\/strong><\/span><\/div>\n<div><div class=\"gap\" style=\"line-height: 20px; height: 20px;\"><\/div><\/div>\n<div>\n<div><\/div>\n<div>\n<div><div class=\"gap\" style=\"line-height: 10px; height: 10px;\"><\/div><\/div>\n<div><span style=\"color: #003a80;\"><strong>\u27a0 <a style=\"color: #003a80;\" href=\"https:\/\/ucm.one\/de\/produkt-kategorie\/art-de\/filme-de\/\">zum Shop<\/a><\/strong><\/span><\/div>\n<div><div class=\"gap\" style=\"line-height: 20px; height: 20px;\"><\/div><\/div>\n<\/div>\n<\/div>\n<\/div>\n","protected":false},"excerpt":{"rendered":"<p>Regie: <a href=\"https:\/\/ucm.one\/de\/?s=%22Louis+King%22&amp;post_type=product\"><strong>Louis King<\/strong><\/a><\/p>\n<p>Label:<a href=\"https:\/\/ucm.one\/de\/produkt-kategorie\/label-film-de\/artkeim-de\/edition-film-noir-de\/\">\u00a0<strong>\u00c9dition Film Noir<\/strong><\/a> <strong>\/ <a href=\"https:\/\/ucm.one\/de\/produkt-kategorie\/label-film-de\/artkeim-de\/\">Artkeim\u00b2<\/a><\/strong><\/p>\n<p>Art:\u00a0<strong><a href=\"https:\/\/ucm.one\/de\/produkt-kategorie\/art-de\/filme-de\/\">Film<\/a> (<a title=\"\" href=\"https:\/\/ucm.one\/de\/produkt-kategorie\/genre-film-de\/klassiker-de\/\">Klassiker<\/a>)<\/strong><\/p>\n<p>Genres: <strong><a title=\"\" href=\"https:\/\/ucm.one\/de\/produkt-kategorie\/genre-film-de\/film-noir\/\">Film Noir<\/a>, <a href=\"https:\/\/ucm.one\/de\/produkt-kategorie\/genre-film-de\/action-de\/\">Action<\/a><\/strong>, <strong><a href=\"https:\/\/ucm.one\/de\/produkt-kategorie\/genre-film-de\/krimi-de\/\">Krimi<\/a><\/strong><\/p>\n<p>Jahr: <strong>2020<\/strong><\/p>\n<p>FSK: <strong>12<\/strong><\/p>\n<p>Format: <strong>Mediabook<\/strong><\/p>\n","protected":false},"featured_media":77503,"comment_status":"open","ping_status":"closed","template":"","meta":{"_acf_changed":false},"product_brand":[],"product_cat":[10345,10358,9708,12093,10329,10331,10333,10335,10336,10338],"product_tag":[14106,14107,14108,14109,12080,14110,14111,14112,14085,14113,14103,14114,14104,14335,14105,14336],"class_list":{"0":"post-76529","1":"product","2":"type-product","3":"status-publish","4":"has-post-thumbnail","6":"product_cat-edition-film-noir-de","7":"product_cat-action-de","8":"product_cat-filme-de","9":"product_cat-klassiker-de","10":"product_cat-mystery-de","11":"product_cat-dvd-de","12":"product_cat-mediabooks-de","13":"product_cat-krimi-de","14":"product_cat-film-noir","15":"product_cat-artkeim-de","16":"product_tag-victor-mature-piper-laurie","17":"product_tag-william-bendix","18":"product_tag-vincent-price","19":"product_tag-dennis-weaver","20":"product_tag-artkeim","21":"product_tag-betta-st-john","22":"product_tag-steve-darrell","23":"product_tag-marlo-dwyer","24":"product_tag-film-noir-edition","25":"product_tag-walter-reed","26":"product_tag-blut-im-schnee","27":"product_tag-harry-cheshire","28":"product_tag-dangerous-mission","29":"product_tag-film-noir","30":"product_tag-louis-king","31":"product_tag-edition-film-noir","32":"product_shipping_class-bd-2","33":"pa_format-mediabook-dvd","34":"description-off","36":"first","37":"instock","38":"sale","39":"taxable","40":"shipping-taxable","41":"purchasable","42":"product-type-variable","43":"has-default-attributes"},"acf":[],"yoast_head":"<!-- This site is optimized with the Yoast SEO plugin v27.2 - https:\/\/yoast.com\/product\/yoast-seo-wordpress\/ -->\n<title>Blut im Schnee<\/title>\n<meta name=\"description\" content=\"Shop | Blut im Schnee | 2020 | Film Noir Edition \/ Artkeim\u00b2 | Mediabook | FSK 12\" \/>\n<meta name=\"robots\" content=\"index, follow, max-snippet:-1, max-image-preview:large, max-video-preview:-1\" \/>\n<link rel=\"canonical\" href=\"https:\/\/ucm.one\/de\/produkt\/blut-im-schnee\/\" \/>\n<meta property=\"og:locale\" content=\"de_DE\" \/>\n<meta property=\"og:type\" content=\"article\" \/>\n<meta property=\"og:title\" content=\"Blut im Schnee\" \/>\n<meta property=\"og:description\" content=\"Shop | Blut im Schnee | 2020 | Film Noir Edition \/ Artkeim\u00b2 | Mediabook | FSK 12\" \/>\n<meta property=\"og:url\" content=\"https:\/\/ucm.one\/de\/produkt\/blut-im-schnee\/\" \/>\n<meta property=\"og:site_name\" content=\"UCM.ONE\" \/>\n<meta property=\"article:modified_time\" content=\"2025-04-10T19:28:16+00:00\" \/>\n<meta property=\"og:image\" content=\"https:\/\/ucm.one\/wp-content\/uploads\/2019\/11\/C-Blut-im-Schnee.jpg\" \/>\n<meta name=\"twitter:card\" content=\"summary_large_image\" \/>\n<meta name=\"twitter:title\" content=\"Blut im Schnee\" \/>\n<meta name=\"twitter:description\" content=\"Shop | Blut im Schnee | 2020 | Film Noir Edition \/ Artkeim\u00b2 | Mediabook | FSK 12\" \/>\n<meta name=\"twitter:image\" content=\"https:\/\/ucm.one\/wp-content\/uploads\/2019\/11\/C-Blut-im-Schnee.jpg\" \/>\n<meta name=\"twitter:label1\" content=\"Gesch\u00e4tzte Lesezeit\" \/>\n\t<meta name=\"twitter:data1\" content=\"1\u00a0Minute\" \/>\n<!-- \/ Yoast SEO plugin. -->","yoast_head_json":{"title":"Blut im Schnee","description":"Shop | Blut im Schnee | 2020 | Film Noir Edition \/ Artkeim\u00b2 | Mediabook | FSK 12","robots":{"index":"index","follow":"follow","max-snippet":"max-snippet:-1","max-image-preview":"max-image-preview:large","max-video-preview":"max-video-preview:-1"},"canonical":"https:\/\/ucm.one\/de\/produkt\/blut-im-schnee\/","og_locale":"de_DE","og_type":"article","og_title":"Blut im Schnee","og_description":"Shop | Blut im Schnee | 2020 | Film Noir Edition \/ Artkeim\u00b2 | Mediabook | FSK 12","og_url":"https:\/\/ucm.one\/de\/produkt\/blut-im-schnee\/","og_site_name":"UCM.ONE","article_modified_time":"2025-04-10T19:28:16+00:00","og_image":[{"url":"https:\/\/ucm.one\/wp-content\/uploads\/2019\/11\/C-Blut-im-Schnee.jpg","type":"","width":"","height":""}],"twitter_card":"summary_large_image","twitter_title":"Blut im Schnee","twitter_description":"Shop | Blut im Schnee | 2020 | Film Noir Edition \/ Artkeim\u00b2 | Mediabook | FSK 12","twitter_image":"https:\/\/ucm.one\/wp-content\/uploads\/2019\/11\/C-Blut-im-Schnee.jpg","twitter_misc":{"Gesch\u00e4tzte Lesezeit":"1\u00a0Minute"},"schema":{"@context":"https:\/\/schema.org","@graph":[{"@type":"WebPage","@id":"https:\/\/ucm.one\/de\/produkt\/blut-im-schnee\/","url":"https:\/\/ucm.one\/de\/produkt\/blut-im-schnee\/","name":"Blut im Schnee","isPartOf":{"@id":"https:\/\/ucm.one\/de\/#website"},"primaryImageOfPage":{"@id":"https:\/\/ucm.one\/de\/produkt\/blut-im-schnee\/#primaryimage"},"image":{"@id":"https:\/\/ucm.one\/de\/produkt\/blut-im-schnee\/#primaryimage"},"thumbnailUrl":"https:\/\/ucm.one\/wp-content\/uploads\/2020\/02\/C-Blut-im-Schnee-MB-2D-FSK12.jpg","datePublished":"2020-02-07T14:00:29+00:00","dateModified":"2025-04-10T19:28:16+00:00","description":"Shop | Blut im Schnee | 2020 | Film Noir Edition \/ Artkeim\u00b2 | Mediabook | FSK 12","breadcrumb":{"@id":"https:\/\/ucm.one\/de\/produkt\/blut-im-schnee\/#breadcrumb"},"inLanguage":"de","potentialAction":[{"@type":"ReadAction","target":["https:\/\/ucm.one\/de\/produkt\/blut-im-schnee\/"]}]},{"@type":"ImageObject","inLanguage":"de","@id":"https:\/\/ucm.one\/de\/produkt\/blut-im-schnee\/#primaryimage","url":"https:\/\/ucm.one\/wp-content\/uploads\/2020\/02\/C-Blut-im-Schnee-MB-2D-FSK12.jpg","contentUrl":"https:\/\/ucm.one\/wp-content\/uploads\/2020\/02\/C-Blut-im-Schnee-MB-2D-FSK12.jpg","width":699,"height":1000},{"@type":"BreadcrumbList","@id":"https:\/\/ucm.one\/de\/produkt\/blut-im-schnee\/#breadcrumb","itemListElement":[{"@type":"ListItem","position":1,"name":"Home","item":"https:\/\/ucm.one\/de\/"},{"@type":"ListItem","position":2,"name":"Shop","item":"https:\/\/ucm.one\/de\/shop\/"},{"@type":"ListItem","position":3,"name":"Blut im Schnee"}]},{"@type":"WebSite","@id":"https:\/\/ucm.one\/de\/#website","url":"https:\/\/ucm.one\/de\/","name":"UCM.ONE","description":"","publisher":{"@id":"https:\/\/ucm.one\/de\/#organization"},"potentialAction":[{"@type":"SearchAction","target":{"@type":"EntryPoint","urlTemplate":"https:\/\/ucm.one\/de\/?s={search_term_string}"},"query-input":{"@type":"PropertyValueSpecification","valueRequired":true,"valueName":"search_term_string"}}],"inLanguage":"de"},{"@type":"Organization","@id":"https:\/\/ucm.one\/de\/#organization","name":"UCM.ONE","url":"https:\/\/ucm.one\/de\/","logo":{"@type":"ImageObject","inLanguage":"de","@id":"https:\/\/ucm.one\/de\/#\/schema\/logo\/image\/","url":"https:\/\/ucm.one\/wp-content\/uploads\/2019\/10\/UCM.ONE-Logo-RGB.svg","contentUrl":"https:\/\/ucm.one\/wp-content\/uploads\/2019\/10\/UCM.ONE-Logo-RGB.svg","width":1,"height":1,"caption":"UCM.ONE"},"image":{"@id":"https:\/\/ucm.one\/de\/#\/schema\/logo\/image\/"}}]}},"_links":{"self":[{"href":"https:\/\/ucm.one\/de\/wp-json\/wp\/v2\/product\/76529","targetHints":{"allow":["GET"]}}],"collection":[{"href":"https:\/\/ucm.one\/de\/wp-json\/wp\/v2\/product"}],"about":[{"href":"https:\/\/ucm.one\/de\/wp-json\/wp\/v2\/types\/product"}],"replies":[{"embeddable":true,"href":"https:\/\/ucm.one\/de\/wp-json\/wp\/v2\/comments?post=76529"}],"wp:featuredmedia":[{"embeddable":true,"href":"https:\/\/ucm.one\/de\/wp-json\/wp\/v2\/media\/77503"}],"wp:attachment":[{"href":"https:\/\/ucm.one\/de\/wp-json\/wp\/v2\/media?parent=76529"}],"wp:term":[{"taxonomy":"product_brand","embeddable":true,"href":"https:\/\/ucm.one\/de\/wp-json\/wp\/v2\/product_brand?post=76529"},{"taxonomy":"product_cat","embeddable":true,"href":"https:\/\/ucm.one\/de\/wp-json\/wp\/v2\/product_cat?post=76529"},{"taxonomy":"product_tag","embeddable":true,"href":"https:\/\/ucm.one\/de\/wp-json\/wp\/v2\/product_tag?post=76529"}],"curies":[{"name":"wp","href":"https:\/\/api.w.org\/{rel}","templated":true}]}}