{"id":76441,"date":"2019-09-13T10:00:22","date_gmt":"2019-09-13T10:00:22","guid":{"rendered":"https:\/\/ucm.one\/?post_type=product&#038;p=76441"},"modified":"2025-10-24T12:46:44","modified_gmt":"2025-10-24T12:46:44","slug":"der-mann-den-keiner-kannte","status":"publish","type":"product","link":"https:\/\/ucm.one\/de\/produkt\/der-mann-den-keiner-kannte\/","title":{"rendered":"Der Mann, den keiner kannte"},"content":{"rendered":"<div class=\"wpb_text_column wpb_content_element \">\n<div class=\"wpb_wrapper\">\n<div class=\"\">\n<div class=\"wpb_text_column wpb_content_element \">\n<div class=\"wpb_wrapper\">\n<p><span style=\"font-weight: 400\">Hartn\u00e4ckig jagt Interpol-Kommissar Charles Sturgis (<strong>Victor Mature<\/strong>) den seit Jahren gesuchten Rauschgifth\u00e4ndler Frank McNally (<strong>Trevor Howard<\/strong>). McNally, der auch die Schwester seines J\u00e4gers auf dem Gewissen hat, ist nach einer Gesichtsoperation untergetaucht. Doch sp\u00e4testens nach dem Tod seiner Schwester Helen (<strong>Dorothy Allison<\/strong>) in New York, ist aus den beruflichen Ermittlungen etwas Pers\u00f6nliches geworden. Sturgis ist von McNally besessen und so treibt ihn sein privater Rachefeldzug von New York \u00fcber London, Rom und Athen zur\u00fcck in die USA&#8230;<\/span><\/p>\n<\/div>\n<\/div>\n<\/div>\n<\/div>\n<\/div>\n<div><div class=\"gap\" style=\"line-height: 20px; height: 20px;\"><\/div><\/div>\n<h5>Weitere Informationen<\/h5>\n<div>\n<div>\n<table style=\"height: 46px;width: 100%;border-collapse: collapse;border-color: #ffffff;background-color: #ffffff;border-style: hidden\">\n<tbody>\n<tr style=\"height: 23px;border-style: hidden;border-color: #ffffff;background-color: #ffffff\">\n<td style=\"width: 4.701195219123506%;height: 23px;border-style: hidden\">Film:<\/td>\n<td style=\"width: 95.29880478087651%;height: 23px;border-style: hidden\"><a href=\"https:\/\/ucm.one\/de\/der-mann-den-keiner-kannte\/\">Der Mann, den keiner kannte<\/a><\/td>\n<\/tr>\n<tr style=\"height: 23px\">\n<td style=\"width: 4.701195219123506%;height: 23px;border-style: hidden\">Label:<\/td>\n<td style=\"width: 95.29880478087651%;height: 23px;border-style: hidden\"><a title=\"\u00c9dition ParaSol Videoth\u00e8que\" href=\"https:\/\/ucm.one\/de\/film-labels\/artkeim\/#edition-film-noir\">\u00c9dition Film Noir<\/a> \/ <a title=\"B-Spree Classics\" href=\"https:\/\/ucm.one\/de\/film-labels\/artkeim\/\">Artkeim\u00b2<\/a><\/td>\n<\/tr>\n<\/tbody>\n<\/table>\n<\/div>\n<div><\/div>\n<\/div>\n<div>\n<div><div class=\"gap\" style=\"line-height: 10px; height: 10px;\"><\/div><\/div>\n<div>\u2117 1957 <strong>Warwick Film Productions<\/strong>, \u00a9 2019 <strong>\u00c9dition Film Noir<\/strong>\u00a0\/ <strong>Artkeim\u00b2<\/strong> \/\u00a0<span style=\"font-family: 'arial black', sans-serif\"><strong>UCM.ONE<\/strong><\/span><\/div>\n<div><div class=\"gap\" style=\"line-height: 20px; height: 20px;\"><\/div><\/div>\n<div>\n<div><\/div>\n<div>\n<div><div class=\"gap\" style=\"line-height: 10px; height: 10px;\"><\/div><\/div>\n<div><span style=\"color: #003a80\"><strong>\u27a0 <a style=\"color: #003a80\" href=\"https:\/\/ucm.one\/de\/produkt-kategorie\/art-de\/filme-de\/\">zum Shop<\/a><\/strong><\/span><\/div>\n<div><div class=\"gap\" style=\"line-height: 20px; height: 20px;\"><\/div><\/div>\n<\/div>\n<\/div>\n<\/div>\n","protected":false},"excerpt":{"rendered":"<p>Regie: <a href=\"https:\/\/ucm.one\/de\/?s=%22John+Gilling%22&amp;post_type=product\"><strong>John Gilling<\/strong><\/a><\/p>\n<p>Label:<a href=\"https:\/\/ucm.one\/de\/produkt-kategorie\/label-film-de\/artkeim-de\/edition-film-noir-de\/\">\u00a0<strong>\u00c9dition Film Noir<\/strong><\/a> <strong>\/ <a href=\"https:\/\/ucm.one\/de\/produkt-kategorie\/label-film-de\/artkeim-de\/\">Artkeim\u00b2<\/a><\/strong><\/p>\n<p>Art:\u00a0<strong><a href=\"https:\/\/ucm.one\/de\/produkt-kategorie\/art-de\/filme-de\/\">Film<\/a> (<a title=\"\" href=\"https:\/\/ucm.one\/de\/produkt-kategorie\/genre-film-de\/klassiker-de\/\">Klassiker<\/a>)<\/strong><\/p>\n<p>Genres: <strong><a title=\"\" href=\"https:\/\/ucm.one\/de\/produkt-kategorie\/genre-film-de\/film-noir\/\">Film Noir<\/a><\/strong>, <strong><a href=\"https:\/\/ucm.one\/de\/produkt-kategorie\/genre-film-de\/krimi-de\/\">Krimi<\/a><\/strong>, <strong><a title=\"\" href=\"https:\/\/ucm.one\/de\/produkt-kategorie\/genre-film-de\/drama-de\/\">Drama<\/a><\/strong><b><\/b><\/p>\n<p>Jahr: <strong>2019 + 2024<\/strong><\/p>\n<p>FSK: <strong>16<\/strong><\/p>\n<p>Format: <strong>Diverse<\/strong><\/p>\n","protected":false},"featured_media":77437,"comment_status":"open","ping_status":"closed","template":"","meta":{"_acf_changed":false},"product_brand":[],"product_cat":[10331,10333,10334,10335,10336,10338,10345,9708,10330,12093],"product_tag":[14081,14082,14083,14084,14085,14086,14087,14088,12080,14089,14090],"class_list":{"0":"post-76441","1":"product","2":"type-product","3":"status-publish","4":"has-post-thumbnail","6":"product_cat-dvd-de","7":"product_cat-mediabooks-de","8":"product_cat-drama-de","9":"product_cat-krimi-de","10":"product_cat-film-noir","11":"product_cat-artkeim-de","12":"product_cat-edition-film-noir-de","13":"product_cat-filme-de","14":"product_cat-thriller-de","15":"product_cat-klassiker-de","16":"product_tag-der-mann-den-keiner-kannte","17":"product_tag-interpol","18":"product_tag-pickup-alley","19":"product_tag-john-gilling","20":"product_tag-film-noir-edition","21":"product_tag-victor-mature","22":"product_tag-anita-ekberg","23":"product_tag-trevor-howard","24":"product_tag-artkeim","25":"product_tag-bonar-colleano","26":"product_tag-martin-benson","27":"product_shipping_class-bd-2","28":"pa_format-mediabook-dvd","29":"pa_format-blu-ray-de","30":"pa_format-dvd","31":"description-off","33":"first","34":"instock","35":"sale","36":"taxable","37":"shipping-taxable","38":"purchasable","39":"product-type-variable"},"acf":[],"yoast_head":"<!-- This site is optimized with the Yoast SEO plugin v27.2 - https:\/\/yoast.com\/product\/yoast-seo-wordpress\/ -->\n<title>Der Mann, den keiner kannte<\/title>\n<meta name=\"description\" content=\"Shop | Der Mann, den keiner kannte | 2019 + 2024 | \u00c9dition Film Noir \/ Artkeim\u00b2 | Mediabook (DVD), Blu-Ray &amp; DVD | FSK 16\" \/>\n<meta name=\"robots\" content=\"index, follow, max-snippet:-1, max-image-preview:large, max-video-preview:-1\" \/>\n<link rel=\"canonical\" href=\"https:\/\/ucm.one\/de\/produkt\/der-mann-den-keiner-kannte\/\" \/>\n<meta property=\"og:locale\" content=\"de_DE\" \/>\n<meta property=\"og:type\" content=\"article\" \/>\n<meta property=\"og:title\" content=\"Der Mann, den keiner kannte\" \/>\n<meta property=\"og:description\" content=\"Shop | Der Mann, den keiner kannte | 2019 + 2024 | \u00c9dition Film Noir \/ Artkeim\u00b2 | Mediabook (DVD), Blu-Ray &amp; DVD | FSK 16\" \/>\n<meta property=\"og:url\" content=\"https:\/\/ucm.one\/de\/produkt\/der-mann-den-keiner-kannte\/\" \/>\n<meta property=\"og:site_name\" content=\"UCM.ONE\" \/>\n<meta property=\"article:modified_time\" content=\"2025-10-24T12:46:44+00:00\" \/>\n<meta property=\"og:image\" content=\"https:\/\/ucm.one\/wp-content\/uploads\/2020\/07\/C-DVD-Der-Mann-den-keienr-kannte.jpg\" \/>\n<meta name=\"twitter:card\" content=\"summary_large_image\" \/>\n<meta name=\"twitter:title\" content=\"Der Mann, den keiner kannte\" \/>\n<meta name=\"twitter:description\" content=\"Shop | Der Mann, den keiner kannte | 2019 + 2024 | \u00c9dition Film Noir \/ Artkeim\u00b2 | Mediabook (DVD), Blu-Ray &amp; DVD | FSK 16\" \/>\n<meta name=\"twitter:image\" content=\"https:\/\/ucm.one\/wp-content\/uploads\/2020\/07\/C-DVD-Der-Mann-den-keienr-kannte.jpg\" \/>\n<meta name=\"twitter:label1\" content=\"Gesch\u00e4tzte Lesezeit\" \/>\n\t<meta name=\"twitter:data1\" content=\"1\u00a0Minute\" \/>\n<!-- \/ Yoast SEO plugin. -->","yoast_head_json":{"title":"Der Mann, den keiner kannte","description":"Shop | Der Mann, den keiner kannte | 2019 + 2024 | \u00c9dition Film Noir \/ Artkeim\u00b2 | Mediabook (DVD), Blu-Ray & DVD | FSK 16","robots":{"index":"index","follow":"follow","max-snippet":"max-snippet:-1","max-image-preview":"max-image-preview:large","max-video-preview":"max-video-preview:-1"},"canonical":"https:\/\/ucm.one\/de\/produkt\/der-mann-den-keiner-kannte\/","og_locale":"de_DE","og_type":"article","og_title":"Der Mann, den keiner kannte","og_description":"Shop | Der Mann, den keiner kannte | 2019 + 2024 | \u00c9dition Film Noir \/ Artkeim\u00b2 | Mediabook (DVD), Blu-Ray & DVD | FSK 16","og_url":"https:\/\/ucm.one\/de\/produkt\/der-mann-den-keiner-kannte\/","og_site_name":"UCM.ONE","article_modified_time":"2025-10-24T12:46:44+00:00","og_image":[{"url":"https:\/\/ucm.one\/wp-content\/uploads\/2020\/07\/C-DVD-Der-Mann-den-keienr-kannte.jpg","type":"","width":"","height":""}],"twitter_card":"summary_large_image","twitter_title":"Der Mann, den keiner kannte","twitter_description":"Shop | Der Mann, den keiner kannte | 2019 + 2024 | \u00c9dition Film Noir \/ Artkeim\u00b2 | Mediabook (DVD), Blu-Ray & DVD | FSK 16","twitter_image":"https:\/\/ucm.one\/wp-content\/uploads\/2020\/07\/C-DVD-Der-Mann-den-keienr-kannte.jpg","twitter_misc":{"Gesch\u00e4tzte Lesezeit":"1\u00a0Minute"},"schema":{"@context":"https:\/\/schema.org","@graph":[{"@type":"WebPage","@id":"https:\/\/ucm.one\/de\/produkt\/der-mann-den-keiner-kannte\/","url":"https:\/\/ucm.one\/de\/produkt\/der-mann-den-keiner-kannte\/","name":"Der Mann, den keiner kannte","isPartOf":{"@id":"https:\/\/ucm.one\/de\/#website"},"primaryImageOfPage":{"@id":"https:\/\/ucm.one\/de\/produkt\/der-mann-den-keiner-kannte\/#primaryimage"},"image":{"@id":"https:\/\/ucm.one\/de\/produkt\/der-mann-den-keiner-kannte\/#primaryimage"},"thumbnailUrl":"https:\/\/ucm.one\/wp-content\/uploads\/2000\/01\/C-Der-Mann-den-keiner-kannte-MB-2D-FSK16.jpg","datePublished":"2019-09-13T10:00:22+00:00","dateModified":"2025-10-24T12:46:44+00:00","description":"Shop | Der Mann, den keiner kannte | 2019 + 2024 | \u00c9dition Film Noir \/ Artkeim\u00b2 | Mediabook (DVD), Blu-Ray & DVD | FSK 16","breadcrumb":{"@id":"https:\/\/ucm.one\/de\/produkt\/der-mann-den-keiner-kannte\/#breadcrumb"},"inLanguage":"de","potentialAction":[{"@type":"ReadAction","target":["https:\/\/ucm.one\/de\/produkt\/der-mann-den-keiner-kannte\/"]}]},{"@type":"ImageObject","inLanguage":"de","@id":"https:\/\/ucm.one\/de\/produkt\/der-mann-den-keiner-kannte\/#primaryimage","url":"https:\/\/ucm.one\/wp-content\/uploads\/2000\/01\/C-Der-Mann-den-keiner-kannte-MB-2D-FSK16.jpg","contentUrl":"https:\/\/ucm.one\/wp-content\/uploads\/2000\/01\/C-Der-Mann-den-keiner-kannte-MB-2D-FSK16.jpg","width":699,"height":1000},{"@type":"BreadcrumbList","@id":"https:\/\/ucm.one\/de\/produkt\/der-mann-den-keiner-kannte\/#breadcrumb","itemListElement":[{"@type":"ListItem","position":1,"name":"Home","item":"https:\/\/ucm.one\/de\/"},{"@type":"ListItem","position":2,"name":"Shop","item":"https:\/\/ucm.one\/de\/shop\/"},{"@type":"ListItem","position":3,"name":"Der Mann, den keiner kannte"}]},{"@type":"WebSite","@id":"https:\/\/ucm.one\/de\/#website","url":"https:\/\/ucm.one\/de\/","name":"UCM.ONE","description":"","publisher":{"@id":"https:\/\/ucm.one\/de\/#organization"},"potentialAction":[{"@type":"SearchAction","target":{"@type":"EntryPoint","urlTemplate":"https:\/\/ucm.one\/de\/?s={search_term_string}"},"query-input":{"@type":"PropertyValueSpecification","valueRequired":true,"valueName":"search_term_string"}}],"inLanguage":"de"},{"@type":"Organization","@id":"https:\/\/ucm.one\/de\/#organization","name":"UCM.ONE","url":"https:\/\/ucm.one\/de\/","logo":{"@type":"ImageObject","inLanguage":"de","@id":"https:\/\/ucm.one\/de\/#\/schema\/logo\/image\/","url":"https:\/\/ucm.one\/wp-content\/uploads\/2019\/10\/UCM.ONE-Logo-RGB.svg","contentUrl":"https:\/\/ucm.one\/wp-content\/uploads\/2019\/10\/UCM.ONE-Logo-RGB.svg","width":1,"height":1,"caption":"UCM.ONE"},"image":{"@id":"https:\/\/ucm.one\/de\/#\/schema\/logo\/image\/"}}]}},"_links":{"self":[{"href":"https:\/\/ucm.one\/de\/wp-json\/wp\/v2\/product\/76441","targetHints":{"allow":["GET"]}}],"collection":[{"href":"https:\/\/ucm.one\/de\/wp-json\/wp\/v2\/product"}],"about":[{"href":"https:\/\/ucm.one\/de\/wp-json\/wp\/v2\/types\/product"}],"replies":[{"embeddable":true,"href":"https:\/\/ucm.one\/de\/wp-json\/wp\/v2\/comments?post=76441"}],"wp:featuredmedia":[{"embeddable":true,"href":"https:\/\/ucm.one\/de\/wp-json\/wp\/v2\/media\/77437"}],"wp:attachment":[{"href":"https:\/\/ucm.one\/de\/wp-json\/wp\/v2\/media?parent=76441"}],"wp:term":[{"taxonomy":"product_brand","embeddable":true,"href":"https:\/\/ucm.one\/de\/wp-json\/wp\/v2\/product_brand?post=76441"},{"taxonomy":"product_cat","embeddable":true,"href":"https:\/\/ucm.one\/de\/wp-json\/wp\/v2\/product_cat?post=76441"},{"taxonomy":"product_tag","embeddable":true,"href":"https:\/\/ucm.one\/de\/wp-json\/wp\/v2\/product_tag?post=76441"}],"curies":[{"name":"wp","href":"https:\/\/api.w.org\/{rel}","templated":true}]}}