{"id":76193,"date":"2022-12-20T15:31:27","date_gmt":"2022-12-20T15:31:27","guid":{"rendered":"https:\/\/ucm.one\/?post_type=product&#038;p=76193"},"modified":"2025-11-05T19:01:22","modified_gmt":"2025-11-05T19:01:22","slug":"toedliche-angst","status":"publish","type":"product","link":"https:\/\/ucm.one\/de\/produkt\/toedliche-angst\/","title":{"rendered":"T\u00f6dliche Angst"},"content":{"rendered":"<div class=\"wpb_text_column wpb_content_element \">\n<div class=\"wpb_wrapper\">\n<div class=\"\">\n<div class=\"wpb_text_column wpb_content_element \">\n<div class=\"wpb_wrapper\">\n<p>Bastien Grimaldi (<strong>Lino Ventura<\/strong>) ist ein erfolgreicher Schriftsteller und ehemaliger Journalist. Eines Abends wird er das anscheinend willk\u00fcrliche Opfer eines Angriffs durch eine Gruppe von M\u00e4nnern. Er nimmt den Vorfall nicht weiter ernst, doch als er in den n\u00e4chsten Tagen Drohanrufe erh\u00e4lt und weitere \u00dcbergriffe erleidet und sogar ein Mordanschlag auf ihn ver\u00fcbt wird, wendet er sich an die Polizei, die aber wenig Interesse an Ermittlungen zeigt und ihn vielmehr f\u00fcr einen L\u00fcgner h\u00e4lt. So beginnt er, auf eigene Faust die Hintergr\u00fcnde zu ermitteln. Nachdem sein alter Freund Jean Michelis (<strong>Jean Poiret)<\/strong> ihm einige wichtige Hinweise liefern konnte, kommt er einem Geheimnis auf die Spur, das er vielleicht gar nicht so gerne aufgedeckt h\u00e4tte, weil es ihn in die eigene Familie f\u00fchrt. In West-Berlin kommt es zum Showdown&#8230;<\/p>\n<\/div>\n<\/div>\n<\/div>\n<\/div>\n<\/div>\n<div><div class=\"gap\" style=\"line-height: 20px; height: 20px;\"><\/div><\/div>\n<h5>Weitere Informationen<\/h5>\n<div>\n<div>\n<table style=\"height: 46px; width: 100%; border-collapse: collapse; border-color: #ffffff; background-color: #ffffff; border-style: hidden;\">\n<tbody>\n<tr style=\"height: 23px;\">\n<td style=\"width: 4.701195%; height: 23px; border-style: hidden;\">Label:<\/td>\n<td style=\"width: 95.298805%; height: 23px; border-style: hidden;\"><a title=\"\u00c9dition ParaSol Videoth\u00e8que\" href=\"https:\/\/ucm.one\/de\/film-labels\/artkeim\/#edition-parasol-videotheque\">\u00c9dition ParaSol Videoth\u00e8que<\/a> \/ <a title=\"B-Spree Classics\" href=\"https:\/\/ucm.one\/de\/film-labels\/artkeim\/\">Artkeim\u00b2<\/a><\/td>\n<\/tr>\n<\/tbody>\n<\/table>\n<\/div>\n<div><\/div>\n<\/div>\n<div>\n<div><div class=\"gap\" style=\"line-height: 10px; height: 10px;\"><\/div><\/div>\n<div>\u2117 1984 <strong>Gaumont International, Production Marcel Dassaults<\/strong>, \u00a9 2020 <strong>Edition ParaSol Videoth\u00e8que<\/strong>\u00a0\/ <strong>Artkeim\u00b2<\/strong> \/\u00a0<span style=\"font-family: 'arial black', sans-serif;\"><strong>UCM.ONE <\/strong><\/span><\/div>\n<div><div class=\"gap\" style=\"line-height: 20px; height: 20px;\"><\/div><\/div>\n<div>\n<div><\/div>\n<div>\n<div><div class=\"gap\" style=\"line-height: 10px; height: 10px;\"><\/div><\/div>\n<div><span style=\"color: #003a80;\"><strong>\u27a0 <a style=\"color: #003a80;\" href=\"https:\/\/ucm.one\/de\/produkt-kategorie\/art-de\/filme-de\/\">zum Shop<\/a><\/strong><\/span><\/div>\n<div><div class=\"gap\" style=\"line-height: 20px; height: 20px;\"><\/div><\/div>\n<\/div>\n<\/div>\n<\/div>\n","protected":false},"excerpt":{"rendered":"<p>Regie:<strong><a href=\"https:\/\/ucm.one\/de\/?s=%22Claude+Pinoteau%22&amp;post_type=product\"> Claude Pinoteau<\/a><\/strong><\/p>\n<p>Label: <strong><a title=\"\" href=\"https:\/\/ucm.one\/de\/produkt-kategorie\/label-film-de\/artkeim-de\/edition-parasol-videotheque-de\/\">\u00c9dition ParaSol Videoth\u00e8que\u00a0<\/a>\/ <a href=\"https:\/\/ucm.one\/de\/produkt-kategorie\/label-film-de\/artkeim-de\/\">Artkeim\u00b2<\/a><\/strong><\/p>\n<p>Art:\u00a0<strong><a href=\"https:\/\/ucm.one\/de\/produkt-kategorie\/art-de\/filme-de\/\">Film<\/a> (<a title=\"\" href=\"https:\/\/ucm.one\/de\/produkt-kategorie\/genre-film-de\/klassiker-de\/\">Klassiker<\/a>)<\/strong><\/p>\n<p>Genres:\u00a0<b><a title=\"\" href=\"https:\/\/ucm.one\/de\/produkt-kategorie\/genre-film-de\/drama-de\/\">Drama<\/a>, <a href=\"https:\/\/ucm.one\/de\/produkt-kategorie\/genre-film-de\/thriller-de\/\">Thriller<\/a><\/b><\/p>\n<p>Jahr: <strong>2020 &amp; 2023<\/strong><\/p>\n<p>FSK: <strong>12<\/strong><\/p>\n<p>Format: <strong>DVD<\/strong><\/p>\n","protected":false},"featured_media":77244,"comment_status":"open","ping_status":"closed","template":"","meta":{"_acf_changed":false},"product_brand":[],"product_cat":[9708,10330,12093,10331,10334,10337,10338,10344,10361],"product_tag":[14054,14055,14056,11003,14057,12080,14050,14051,14052,14053],"class_list":{"0":"post-76193","1":"product","2":"type-product","3":"status-publish","4":"has-post-thumbnail","6":"product_cat-filme-de","7":"product_cat-thriller-de","8":"product_cat-klassiker-de","9":"product_cat-dvd-de","10":"product_cat-drama-de","11":"product_cat-sonderedition-de","12":"product_cat-artkeim-de","13":"product_cat-edition-parasol-videotheque-de","14":"product_cat-liebe-beziehung","15":"product_tag-lea-massari","16":"product_tag-jean-poiret","17":"product_tag-elisabeth-bourgine","18":"product_tag-lino-ventura","19":"product_tag-beatrice-agenin","20":"product_tag-artkeim","21":"product_tag-toedliche-angst","22":"product_tag-la-septieme-cible","23":"product_tag-claude-pinoteau","24":"product_tag-parasol-videotheque","25":"product_shipping_class-bd-2","26":"pa_format-dvd","27":"pa_format-blu-ray-de","28":"pa_format-modularbook-dvd-de","29":"description-off","31":"first","32":"instock","33":"taxable","34":"shipping-taxable","35":"purchasable","36":"product-type-variable"},"acf":[],"yoast_head":"<!-- This site is optimized with the Yoast SEO plugin v27.2 - https:\/\/yoast.com\/product\/yoast-seo-wordpress\/ -->\n<title>T\u00f6dliche Angst<\/title>\n<meta name=\"description\" content=\"Shop | T\u00f6dliche Angst | 2020 &amp; 2023 | Edition ParaSol Videoth\u00e8que \/ Artkeim\u00b2 | Blu-Ray &amp; DVD | FSK 12\" \/>\n<meta name=\"robots\" content=\"index, follow, max-snippet:-1, max-image-preview:large, max-video-preview:-1\" \/>\n<link rel=\"canonical\" href=\"https:\/\/ucm.one\/de\/produkt\/toedliche-angst\/\" \/>\n<meta property=\"og:locale\" content=\"de_DE\" \/>\n<meta property=\"og:type\" content=\"article\" \/>\n<meta property=\"og:title\" content=\"T\u00f6dliche Angst\" \/>\n<meta property=\"og:description\" content=\"Shop | T\u00f6dliche Angst | 2020 &amp; 2023 | Edition ParaSol Videoth\u00e8que \/ Artkeim\u00b2 | Blu-Ray &amp; DVD | FSK 12\" \/>\n<meta property=\"og:url\" content=\"https:\/\/ucm.one\/de\/produkt\/toedliche-angst\/\" \/>\n<meta property=\"og:site_name\" content=\"UCM.ONE\" \/>\n<meta property=\"article:modified_time\" content=\"2025-11-05T19:01:22+00:00\" \/>\n<meta property=\"og:image\" content=\"https:\/\/ucm.one\/wp-content\/uploads\/2020\/07\/C-T\u00f6dliche-Angst.jpg\" \/>\n<meta name=\"twitter:card\" content=\"summary_large_image\" \/>\n<meta name=\"twitter:title\" content=\"T\u00f6dliche Angst\" \/>\n<meta name=\"twitter:description\" content=\"Shop | T\u00f6dliche Angst | 2020 &amp; 2023 | Edition ParaSol Videoth\u00e8que \/ Artkeim\u00b2 | Blu-Ray &amp; DVD | FSK 12\" \/>\n<meta name=\"twitter:image\" content=\"https:\/\/ucm.one\/wp-content\/uploads\/2020\/07\/C-T\u00f6dliche-Angst.jpg\" \/>\n<meta name=\"twitter:label1\" content=\"Gesch\u00e4tzte Lesezeit\" \/>\n\t<meta name=\"twitter:data1\" content=\"1\u00a0Minute\" \/>\n<!-- \/ Yoast SEO plugin. -->","yoast_head_json":{"title":"T\u00f6dliche Angst","description":"Shop | T\u00f6dliche Angst | 2020 & 2023 | Edition ParaSol Videoth\u00e8que \/ Artkeim\u00b2 | Blu-Ray & DVD | FSK 12","robots":{"index":"index","follow":"follow","max-snippet":"max-snippet:-1","max-image-preview":"max-image-preview:large","max-video-preview":"max-video-preview:-1"},"canonical":"https:\/\/ucm.one\/de\/produkt\/toedliche-angst\/","og_locale":"de_DE","og_type":"article","og_title":"T\u00f6dliche Angst","og_description":"Shop | T\u00f6dliche Angst | 2020 & 2023 | Edition ParaSol Videoth\u00e8que \/ Artkeim\u00b2 | Blu-Ray & DVD | FSK 12","og_url":"https:\/\/ucm.one\/de\/produkt\/toedliche-angst\/","og_site_name":"UCM.ONE","article_modified_time":"2025-11-05T19:01:22+00:00","og_image":[{"url":"https:\/\/ucm.one\/wp-content\/uploads\/2020\/07\/C-T\u00f6dliche-Angst.jpg","type":"","width":"","height":""}],"twitter_card":"summary_large_image","twitter_title":"T\u00f6dliche Angst","twitter_description":"Shop | T\u00f6dliche Angst | 2020 & 2023 | Edition ParaSol Videoth\u00e8que \/ Artkeim\u00b2 | Blu-Ray & DVD | FSK 12","twitter_image":"https:\/\/ucm.one\/wp-content\/uploads\/2020\/07\/C-T\u00f6dliche-Angst.jpg","twitter_misc":{"Gesch\u00e4tzte Lesezeit":"1\u00a0Minute"},"schema":{"@context":"https:\/\/schema.org","@graph":[{"@type":"WebPage","@id":"https:\/\/ucm.one\/de\/produkt\/toedliche-angst\/","url":"https:\/\/ucm.one\/de\/produkt\/toedliche-angst\/","name":"T\u00f6dliche Angst","isPartOf":{"@id":"https:\/\/ucm.one\/de\/#website"},"primaryImageOfPage":{"@id":"https:\/\/ucm.one\/de\/produkt\/toedliche-angst\/#primaryimage"},"image":{"@id":"https:\/\/ucm.one\/de\/produkt\/toedliche-angst\/#primaryimage"},"thumbnailUrl":"https:\/\/ucm.one\/wp-content\/uploads\/2020\/10\/C-Toedliche-Angst-DVD-2D-FSK12.jpg","datePublished":"2022-12-20T15:31:27+00:00","dateModified":"2025-11-05T19:01:22+00:00","description":"Shop | T\u00f6dliche Angst | 2020 & 2023 | Edition ParaSol Videoth\u00e8que \/ Artkeim\u00b2 | Blu-Ray & DVD | FSK 12","breadcrumb":{"@id":"https:\/\/ucm.one\/de\/produkt\/toedliche-angst\/#breadcrumb"},"inLanguage":"de","potentialAction":[{"@type":"ReadAction","target":["https:\/\/ucm.one\/de\/produkt\/toedliche-angst\/"]}]},{"@type":"ImageObject","inLanguage":"de","@id":"https:\/\/ucm.one\/de\/produkt\/toedliche-angst\/#primaryimage","url":"https:\/\/ucm.one\/wp-content\/uploads\/2020\/10\/C-Toedliche-Angst-DVD-2D-FSK12.jpg","contentUrl":"https:\/\/ucm.one\/wp-content\/uploads\/2020\/10\/C-Toedliche-Angst-DVD-2D-FSK12.jpg","width":699,"height":1000},{"@type":"BreadcrumbList","@id":"https:\/\/ucm.one\/de\/produkt\/toedliche-angst\/#breadcrumb","itemListElement":[{"@type":"ListItem","position":1,"name":"Home","item":"https:\/\/ucm.one\/de\/"},{"@type":"ListItem","position":2,"name":"Shop","item":"https:\/\/ucm.one\/de\/shop\/"},{"@type":"ListItem","position":3,"name":"T\u00f6dliche Angst"}]},{"@type":"WebSite","@id":"https:\/\/ucm.one\/de\/#website","url":"https:\/\/ucm.one\/de\/","name":"UCM.ONE","description":"","publisher":{"@id":"https:\/\/ucm.one\/de\/#organization"},"potentialAction":[{"@type":"SearchAction","target":{"@type":"EntryPoint","urlTemplate":"https:\/\/ucm.one\/de\/?s={search_term_string}"},"query-input":{"@type":"PropertyValueSpecification","valueRequired":true,"valueName":"search_term_string"}}],"inLanguage":"de"},{"@type":"Organization","@id":"https:\/\/ucm.one\/de\/#organization","name":"UCM.ONE","url":"https:\/\/ucm.one\/de\/","logo":{"@type":"ImageObject","inLanguage":"de","@id":"https:\/\/ucm.one\/de\/#\/schema\/logo\/image\/","url":"https:\/\/ucm.one\/wp-content\/uploads\/2019\/10\/UCM.ONE-Logo-RGB.svg","contentUrl":"https:\/\/ucm.one\/wp-content\/uploads\/2019\/10\/UCM.ONE-Logo-RGB.svg","width":1,"height":1,"caption":"UCM.ONE"},"image":{"@id":"https:\/\/ucm.one\/de\/#\/schema\/logo\/image\/"}}]}},"_links":{"self":[{"href":"https:\/\/ucm.one\/de\/wp-json\/wp\/v2\/product\/76193","targetHints":{"allow":["GET"]}}],"collection":[{"href":"https:\/\/ucm.one\/de\/wp-json\/wp\/v2\/product"}],"about":[{"href":"https:\/\/ucm.one\/de\/wp-json\/wp\/v2\/types\/product"}],"replies":[{"embeddable":true,"href":"https:\/\/ucm.one\/de\/wp-json\/wp\/v2\/comments?post=76193"}],"wp:featuredmedia":[{"embeddable":true,"href":"https:\/\/ucm.one\/de\/wp-json\/wp\/v2\/media\/77244"}],"wp:attachment":[{"href":"https:\/\/ucm.one\/de\/wp-json\/wp\/v2\/media?parent=76193"}],"wp:term":[{"taxonomy":"product_brand","embeddable":true,"href":"https:\/\/ucm.one\/de\/wp-json\/wp\/v2\/product_brand?post=76193"},{"taxonomy":"product_cat","embeddable":true,"href":"https:\/\/ucm.one\/de\/wp-json\/wp\/v2\/product_cat?post=76193"},{"taxonomy":"product_tag","embeddable":true,"href":"https:\/\/ucm.one\/de\/wp-json\/wp\/v2\/product_tag?post=76193"}],"curies":[{"name":"wp","href":"https:\/\/api.w.org\/{rel}","templated":true}]}}