{"id":76143,"date":"2020-08-21T10:56:32","date_gmt":"2020-08-21T10:56:32","guid":{"rendered":"https:\/\/ucm.one\/?post_type=product&#038;p=76143"},"modified":"2025-08-01T21:48:26","modified_gmt":"2025-08-01T21:48:26","slug":"die-chinesin","status":"publish","type":"product","link":"https:\/\/ucm.one\/de\/produkt\/die-chinesin\/","title":{"rendered":"Die Chinesin"},"content":{"rendered":"<div class=\"wpb_text_column wpb_content_element \">\n<div class=\"wpb_wrapper\">\n<div class=\"\">\n<div class=\"wpb_text_column wpb_content_element \">\n<div class=\"wpb_wrapper\">\n<p>F\u00fcnf jungen Leute verbringen ihre Sommerferien in einer Pariser Wohnung: Die Philosophiestudentin V\u00e9ronique, genannt \u201cLa Chinoise\u201d, ihr Lebensgef\u00e4hrte Guillaume, ein Schauspieler, der sowjetische Maler Kirilov, die Gelegenheitsprostituierte Yvonne und Henri, ein Student der Naturwissenschaften, der der KP Frankreichs nahesteht und von den anderen \u201cRevisionist\u201d genannt wird. Hier analysieren sie gesellschaftliche Probleme, diskutieren die marxistischen Ideen von Mao Tse-Tung \u2013 die rote Mao-Bibel immer zur Hand \u2013 und unterschiedliche Ans\u00e4tze zur Umsetzung ihrer revolution\u00e4ren Ideen bis hin zur Anwendung von Gewalt beim Kampf gegen das Establishment. Vor allem V\u00e9ronique, die eigentlich aus einer b\u00fcrgerlichen Familie stammt, fordert den radikalen Einsatz von Gewalt. Henri strebt eine gem\u00e4\u00dfigtere L\u00f6sung an und argumentiert f\u00fcr eine friedliche Koexistenz in der Gesellschaft. Guillaume, der K\u00fcnstler, favorisiert das sozialistische Theater, um die revolution\u00e4ren Umw\u00e4lzungen in Gang zu bringen. Yvonne versucht, ihre politische \u00dcberzeugung durch satirische Agitprop-Einlagen durchzusetzen, w\u00e4hrend Kirilov wiederum Nihilist ist. Aus den gl\u00fchenden Debatten wird schlie\u00dflich bitterer Ernst, als die Gruppe ein Attentat auf den sowjetischen Kultusminister auf seiner Druchreise durch Paris plant. V\u00e9ronique ist bei dem Terrorakt federf\u00fchrend&#8230;<\/p>\n<\/div>\n<\/div>\n<\/div>\n<\/div>\n<\/div>\n<div><div class=\"gap\" style=\"line-height: 20px; height: 20px;\"><\/div><\/div>\n<h5>Weitere Informationen<\/h5>\n<div>\n<div>\n<table style=\"height: 46px; width: 100%; border-collapse: collapse; border-color: #ffffff; background-color: #ffffff; border-style: hidden;\">\n<tbody>\n<tr style=\"height: 23px;\">\n<td style=\"width: 4.701195219123506%; height: 23px; border-style: hidden;\">Label:<\/td>\n<td style=\"width: 95.29880478087651%; height: 23px; border-style: hidden;\"><a title=\"\u00c9dition ParaSol Videoth\u00e8que\" href=\"https:\/\/ucm.one\/de\/film-labels\/artkeim\/#edition-parasol-videotheque\">\u00c9dition ParaSol Videoth\u00e8que<\/a> \/ <a title=\"B-Spree Classics\" href=\"https:\/\/ucm.one\/de\/film-labels\/artkeim\/\">Artkeim\u00b2<\/a><\/td>\n<\/tr>\n<\/tbody>\n<\/table>\n<\/div>\n<div><\/div>\n<\/div>\n<div>\n<div><div class=\"gap\" style=\"line-height: 10px; height: 10px;\"><\/div><\/div>\n<div>\u2117 1967 <strong>Anouchka Films, Les Productions de la Gu\u00e9ville, Athos Films<\/strong>, \u00a9 2020 <strong>Edition ParaSol Videoth\u00e8que<\/strong>\u00a0\/ <strong>Artkeim\u00b2<\/strong> \/\u00a0<span style=\"font-family: 'arial black', sans-serif;\"><strong>UCM.ONE <\/strong><\/span><\/div>\n<div><div class=\"gap\" style=\"line-height: 20px; height: 20px;\"><\/div><\/div>\n<div>\n<div><\/div>\n<div>\n<div><div class=\"gap\" style=\"line-height: 10px; height: 10px;\"><\/div><\/div>\n<div><span style=\"color: #003a80;\"><strong>\u27a0 <a style=\"color: #003a80;\" href=\"https:\/\/ucm.one\/de\/produkt-kategorie\/art-de\/filme-de\/\">zum Shop<\/a><\/strong><\/span><\/div>\n<div><div class=\"gap\" style=\"line-height: 20px; height: 20px;\"><\/div><\/div>\n<\/div>\n<\/div>\n<\/div>\n","protected":false},"excerpt":{"rendered":"<p>Regie: <a href=\"https:\/\/ucm.one\/de\/?s=%22Jean-Luc+Godard%22&amp;post_type=product\"><strong>Jean-Luc Godard<\/strong><\/a><\/p>\n<p>Label: <strong><a title=\"\" href=\"https:\/\/ucm.one\/de\/produkt-kategorie\/label-film-de\/artkeim-de\/edition-parasol-videotheque-de\/\">\u00c9dition ParaSol Videoth\u00e8que\u00a0<\/a>\/ <a href=\"https:\/\/ucm.one\/de\/produkt-kategorie\/label-film-de\/artkeim-de\/\">Artkeim\u00b2<\/a><\/strong><\/p>\n<p>Art:\u00a0<strong><a href=\"https:\/\/ucm.one\/de\/produkt-kategorie\/art-de\/filme-de\/\">Film<\/a> (<a title=\"\" href=\"https:\/\/ucm.one\/de\/produkt-kategorie\/genre-film-de\/klassiker-de\/\">Klassiker<\/a>)<\/strong><\/p>\n<p>Genres:\u00a0<b><a title=\"\" href=\"https:\/\/ucm.one\/de\/produkt-kategorie\/genre-film-de\/drama-de\/\">Drama<\/a>, <a title=\"Liebe + Beziehung\" href=\"https:\/\/ucm.one\/de\/produkt-kategorie\/genre-film-de\/komoedie-de\/\">Kom\u00f6die<\/a><\/b><\/p>\n<p>Jahr: <strong>2020<\/strong><\/p>\n<p>FSK: <strong>16<\/strong><\/p>\n<p>Format: <strong>Diverse<\/strong><\/p>\n","protected":false},"featured_media":76177,"comment_status":"open","ping_status":"closed","template":"","meta":{"_acf_changed":false},"product_brand":[],"product_cat":[10338,10344,10356,12093,9708,13156,10331,10334,10337],"product_tag":[14042,14043,14044,14045,12080,14046,14047,12501,14039,14040,14041],"class_list":{"0":"post-76143","1":"product","2":"type-product","3":"status-publish","4":"has-post-thumbnail","6":"product_cat-artkeim-de","7":"product_cat-edition-parasol-videotheque-de","8":"product_cat-komoedie-de","9":"product_cat-klassiker-de","10":"product_cat-filme-de","11":"product_cat-arthouse-de","12":"product_cat-dvd-de","13":"product_cat-drama-de","14":"product_cat-sonderedition-de","15":"product_tag-anne-wiazemsky","16":"product_tag-jean-pierre-leaud","17":"product_tag-michel-semeniako","18":"product_tag-juliet-berto","19":"product_tag-artkeim","20":"product_tag-lex-de-bruijn","21":"product_tag-omar-blondin-diop","22":"product_tag-edition-parasol-videotheque","23":"product_tag-die-chinesin","24":"product_tag-la-chinoise","25":"product_tag-jean-luc-godard","26":"product_shipping_class-bd-2","27":"pa_format-modularbook-dvd-de","28":"description-off","30":"first","31":"instock","32":"sale","33":"taxable","34":"shipping-taxable","35":"purchasable","36":"product-type-variable","37":"has-default-attributes"},"acf":[],"yoast_head":"<!-- This site is optimized with the Yoast SEO plugin v27.5 - https:\/\/yoast.com\/product\/yoast-seo-wordpress\/ -->\n<title>Die Chinesin<\/title>\n<meta name=\"description\" content=\"Shop | Die Chinesin | 2020 | Edition ParaSol Videoth\u00e8que \/ Artkeim\u00b2 | Modularbook (DVD) | FSK 16\" \/>\n<meta name=\"robots\" content=\"index, follow, max-snippet:-1, max-image-preview:large, max-video-preview:-1\" \/>\n<link rel=\"canonical\" href=\"https:\/\/ucm.one\/de\/produkt\/die-chinesin\/\" \/>\n<meta property=\"og:locale\" content=\"de_DE\" \/>\n<meta property=\"og:type\" content=\"article\" \/>\n<meta property=\"og:title\" content=\"Die Chinesin\" \/>\n<meta property=\"og:description\" content=\"Shop | Die Chinesin | 2020 | Edition ParaSol Videoth\u00e8que \/ Artkeim\u00b2 | Modularbook (DVD) | FSK 16\" \/>\n<meta property=\"og:url\" content=\"https:\/\/ucm.one\/de\/produkt\/die-chinesin\/\" \/>\n<meta property=\"og:site_name\" content=\"UCM.ONE\" \/>\n<meta property=\"article:modified_time\" content=\"2025-08-01T21:48:26+00:00\" \/>\n<meta property=\"og:image\" content=\"https:\/\/ucm.one\/wp-content\/uploads\/2020\/07\/C-Die-Chinesin.jpg\" \/>\n<meta name=\"twitter:card\" content=\"summary_large_image\" \/>\n<meta name=\"twitter:title\" content=\"Die Chinesin\" \/>\n<meta name=\"twitter:description\" content=\"Shop | Die Chinesin | 2020 | Edition ParaSol Videoth\u00e8que \/ Artkeim\u00b2 | Modularbook (DVD) | FSK 16\" \/>\n<meta name=\"twitter:image\" content=\"https:\/\/ucm.one\/wp-content\/uploads\/2020\/07\/C-Die-Chinesin.jpg\" \/>\n<meta name=\"twitter:label1\" content=\"Gesch\u00e4tzte Lesezeit\" \/>\n\t<meta name=\"twitter:data1\" content=\"1\u00a0Minute\" \/>\n<!-- \/ Yoast SEO plugin. -->","yoast_head_json":{"title":"Die Chinesin","description":"Shop | Die Chinesin | 2020 | Edition ParaSol Videoth\u00e8que \/ Artkeim\u00b2 | Modularbook (DVD) | FSK 16","robots":{"index":"index","follow":"follow","max-snippet":"max-snippet:-1","max-image-preview":"max-image-preview:large","max-video-preview":"max-video-preview:-1"},"canonical":"https:\/\/ucm.one\/de\/produkt\/die-chinesin\/","og_locale":"de_DE","og_type":"article","og_title":"Die Chinesin","og_description":"Shop | Die Chinesin | 2020 | Edition ParaSol Videoth\u00e8que \/ Artkeim\u00b2 | Modularbook (DVD) | FSK 16","og_url":"https:\/\/ucm.one\/de\/produkt\/die-chinesin\/","og_site_name":"UCM.ONE","article_modified_time":"2025-08-01T21:48:26+00:00","og_image":[{"url":"https:\/\/ucm.one\/wp-content\/uploads\/2020\/07\/C-Die-Chinesin.jpg","type":"","width":"","height":""}],"twitter_card":"summary_large_image","twitter_title":"Die Chinesin","twitter_description":"Shop | Die Chinesin | 2020 | Edition ParaSol Videoth\u00e8que \/ Artkeim\u00b2 | Modularbook (DVD) | FSK 16","twitter_image":"https:\/\/ucm.one\/wp-content\/uploads\/2020\/07\/C-Die-Chinesin.jpg","twitter_misc":{"Gesch\u00e4tzte Lesezeit":"1\u00a0Minute"},"schema":{"@context":"https:\/\/schema.org","@graph":[{"@type":"WebPage","@id":"https:\/\/ucm.one\/de\/produkt\/die-chinesin\/","url":"https:\/\/ucm.one\/de\/produkt\/die-chinesin\/","name":"Die Chinesin","isPartOf":{"@id":"https:\/\/ucm.one\/de\/#website"},"primaryImageOfPage":{"@id":"https:\/\/ucm.one\/de\/produkt\/die-chinesin\/#primaryimage"},"image":{"@id":"https:\/\/ucm.one\/de\/produkt\/die-chinesin\/#primaryimage"},"thumbnailUrl":"https:\/\/ucm.one\/wp-content\/uploads\/2000\/01\/C-Die-Chinesin-DVD-2D-FSK16.jpg","datePublished":"2020-08-21T10:56:32+00:00","dateModified":"2025-08-01T21:48:26+00:00","description":"Shop | Die Chinesin | 2020 | Edition ParaSol Videoth\u00e8que \/ Artkeim\u00b2 | Modularbook (DVD) | FSK 16","breadcrumb":{"@id":"https:\/\/ucm.one\/de\/produkt\/die-chinesin\/#breadcrumb"},"inLanguage":"de","potentialAction":[{"@type":"ReadAction","target":["https:\/\/ucm.one\/de\/produkt\/die-chinesin\/"]}]},{"@type":"ImageObject","inLanguage":"de","@id":"https:\/\/ucm.one\/de\/produkt\/die-chinesin\/#primaryimage","url":"https:\/\/ucm.one\/wp-content\/uploads\/2000\/01\/C-Die-Chinesin-DVD-2D-FSK16.jpg","contentUrl":"https:\/\/ucm.one\/wp-content\/uploads\/2000\/01\/C-Die-Chinesin-DVD-2D-FSK16.jpg","width":699,"height":1000},{"@type":"BreadcrumbList","@id":"https:\/\/ucm.one\/de\/produkt\/die-chinesin\/#breadcrumb","itemListElement":[{"@type":"ListItem","position":1,"name":"Home","item":"https:\/\/ucm.one\/de\/"},{"@type":"ListItem","position":2,"name":"Shop","item":"https:\/\/ucm.one\/de\/shop\/"},{"@type":"ListItem","position":3,"name":"Die Chinesin"}]},{"@type":"WebSite","@id":"https:\/\/ucm.one\/de\/#website","url":"https:\/\/ucm.one\/de\/","name":"UCM.ONE","description":"","publisher":{"@id":"https:\/\/ucm.one\/de\/#organization"},"potentialAction":[{"@type":"SearchAction","target":{"@type":"EntryPoint","urlTemplate":"https:\/\/ucm.one\/de\/?s={search_term_string}"},"query-input":{"@type":"PropertyValueSpecification","valueRequired":true,"valueName":"search_term_string"}}],"inLanguage":"de"},{"@type":"Organization","@id":"https:\/\/ucm.one\/de\/#organization","name":"UCM.ONE","url":"https:\/\/ucm.one\/de\/","logo":{"@type":"ImageObject","inLanguage":"de","@id":"https:\/\/ucm.one\/de\/#\/schema\/logo\/image\/","url":"https:\/\/ucm.one\/wp-content\/uploads\/2019\/10\/UCM.ONE-Logo-RGB.svg","contentUrl":"https:\/\/ucm.one\/wp-content\/uploads\/2019\/10\/UCM.ONE-Logo-RGB.svg","width":1,"height":1,"caption":"UCM.ONE"},"image":{"@id":"https:\/\/ucm.one\/de\/#\/schema\/logo\/image\/"}}]}},"_links":{"self":[{"href":"https:\/\/ucm.one\/de\/wp-json\/wp\/v2\/product\/76143","targetHints":{"allow":["GET"]}}],"collection":[{"href":"https:\/\/ucm.one\/de\/wp-json\/wp\/v2\/product"}],"about":[{"href":"https:\/\/ucm.one\/de\/wp-json\/wp\/v2\/types\/product"}],"replies":[{"embeddable":true,"href":"https:\/\/ucm.one\/de\/wp-json\/wp\/v2\/comments?post=76143"}],"wp:featuredmedia":[{"embeddable":true,"href":"https:\/\/ucm.one\/de\/wp-json\/wp\/v2\/media\/76177"}],"wp:attachment":[{"href":"https:\/\/ucm.one\/de\/wp-json\/wp\/v2\/media?parent=76143"}],"wp:term":[{"taxonomy":"product_brand","embeddable":true,"href":"https:\/\/ucm.one\/de\/wp-json\/wp\/v2\/product_brand?post=76143"},{"taxonomy":"product_cat","embeddable":true,"href":"https:\/\/ucm.one\/de\/wp-json\/wp\/v2\/product_cat?post=76143"},{"taxonomy":"product_tag","embeddable":true,"href":"https:\/\/ucm.one\/de\/wp-json\/wp\/v2\/product_tag?post=76143"}],"curies":[{"name":"wp","href":"https:\/\/api.w.org\/{rel}","templated":true}]}}