{"id":76137,"date":"2020-01-24T08:51:42","date_gmt":"2020-01-24T08:51:42","guid":{"rendered":"https:\/\/ucm.one\/?post_type=product&#038;p=76137"},"modified":"2025-07-02T10:17:54","modified_gmt":"2025-07-02T10:17:54","slug":"turm-des-todes","status":"publish","type":"product","link":"https:\/\/ucm.one\/de\/produkt\/turm-des-todes\/","title":{"rendered":"Turm des Todes"},"content":{"rendered":"<div class=\"wpb-content-wrapper\"><div class=\"wpb_text_column wpb_content_element \">\n<div class=\"wpb_wrapper\">\n<div class=\"\">\n<div class=\"wpb_text_column wpb_content_element \">\n<div class=\"wpb_wrapper\">\n<div class=\"wpb_text_column wpb_content_element \">\n<div class=\"wpb_wrapper\">\n<div class=\"vc_row wpb_row vc_row-fluid\">\n<div class=\"wpb_column vc_column_container vc_col-sm-9\">\n<div class=\"vc_column-inner\">\n<div class=\"wpb_wrapper\">\n<div class=\"wpb_text_column wpb_content_element \">\n<div class=\"wpb_wrapper\">\n<p><span style=\"font-weight: 400;\">Der arbeitslose Landstreicher Tom Kittredge (<strong>John Ericson<\/strong>) schlie\u00dft sich drei Montagearbeitern an, die in schwindelerregender H\u00f6he Riesenschornsteine, Stahlt\u00fcrme und Hochspannungsleitungen reparieren. Allerdings hat Tom st\u00e4ndig mit seiner H\u00f6henangst zu k\u00e4mpfen, wor\u00fcber sich sein Vorgesetzter Stretch (<strong>Charles McGrawn<\/strong>) andauernd lustig macht. Als er sich auch noch in dessen Freundin Mary (<strong>Mari Blanchard<\/strong>) verliebt, kommt es zur Katastrophe\u2026<\/span><\/p>\n<p>&nbsp;<\/p>\n<\/div>\n<\/div>\n<\/div>\n<\/div>\n<\/div>\n<\/div>\n<\/div>\n<\/div>\n<\/div>\n<\/div>\n<\/div>\n<\/div>\n<\/div>\n<div><div class=\"gap\" style=\"line-height: 20px; height: 20px;\"><\/div><\/div>\n<h5>Weitere Informationen<\/h5>\n<div>\n<div>\n<table style=\"height: 46px; width: 100%; border-collapse: collapse; border-color: #ffffff; background-color: #ffffff; border-style: hidden;\">\n<tbody>\n<tr style=\"height: 23px; border-style: hidden; border-color: #ffffff; background-color: #ffffff;\">\n<td style=\"width: 4.7012%; height: 23px; border-style: hidden;\">Film:<\/td>\n<td style=\"width: 96.1677%; height: 23px;\" colspan=\"5\"><a href=\"https:\/\/ucm.one\/de\/turm-des-todes\/\">Turm des Todes<\/a><\/td>\n<\/tr>\n<tr style=\"height: 23px;\">\n<td style=\"width: 4.7012%; height: 23px; border-style: hidden;\">Label:<\/td>\n<td style=\"width: 95.2988%; height: 23px; border-style: hidden;\"><a title=\"M-Square Pictures\" href=\"https:\/\/ucm.one\/de\/film-labels\/m-square-pictures\/#die-blaue-serie\">M-Square Classics &#8211; Die blaue Serie<\/a><\/td>\n<td style=\"width: 0.217234%; height: 23px;\"><\/td>\n<td style=\"width: 0.217234%; height: 23px;\"><\/td>\n<td style=\"width: 0.217234%; height: 23px;\"><\/td>\n<td style=\"width: 0.217234%; height: 23px;\"><\/td>\n<\/tr>\n<\/tbody>\n<\/table>\n<\/div>\n<div><\/div>\n<\/div>\n<div>\n<div><div class=\"gap\" style=\"line-height: 10px; height: 10px;\"><\/div><\/div>\n<div>\u2117 1956<strong> Lindsley Parsons Picture Corporation<\/strong>, \u00a9 2020 <strong>M-Square Classics &#8211; Die blaue Serie<\/strong><span style=\"font-family: 'arial black', sans-serif;\"><strong>\u00a0\/ UCM.ONE<\/strong><\/span><\/div>\n<div><div class=\"gap\" style=\"line-height: 20px; height: 20px;\"><\/div><\/div>\n<div>\n<div><\/div>\n<div>\n<div><div class=\"gap\" style=\"line-height: 10px; height: 10px;\"><\/div><\/div>\n<div><span style=\"color: #003a80;\"><strong>\u27a0 <a style=\"color: #003a80;\" href=\"https:\/\/ucm.one\/de\/produkt-kategorie\/art-de\/filme-de\/\">zum Shop<\/a><\/strong><\/span><\/div>\n<div><div class=\"gap\" style=\"line-height: 20px; height: 20px;\"><\/div><\/div>\n<\/div>\n<\/div>\n<\/div>\n<\/div>","protected":false},"excerpt":{"rendered":"<p>Regie: <a href=\"https:\/\/ucm.one\/de\/?s=%22Lew+Landers%22&amp;post_type=product\"><strong>Lew Landers<\/strong><\/a><\/p>\n<p>Label: <strong><a href=\"https:\/\/ucm.one\/de\/produkt-kategorie\/label-film-de\/m-square-pictures-de\/die-blaue-serie-de\/\">Die blaue Serie<\/a> \/ <a href=\"https:\/\/ucm.one\/de\/produkt-kategorie\/label-film-de\/m-square-pictures-de\/m-square-classics-de\/\">M-Square Classics<\/a><\/strong><\/p>\n<p>Art:\u00a0<strong><a href=\"https:\/\/ucm.one\/de\/produkt-kategorie\/art-de\/filme-de\/\">Film<\/a> (Spielfilm)<\/strong><\/p>\n<p>Genres: <strong><a href=\"https:\/\/ucm.one\/de\/produkt-kategorie\/genre-film-de\/abenteuer\/\">Abenteuer<\/a><\/strong>, <a title=\"\" href=\"https:\/\/ucm.one\/de\/produkt-kategorie\/genre-film-de\/liebe-beziehung\/\"><strong>Liebe &amp; Beziehung<\/strong><\/a><b><\/b><\/p>\n<p>Jahr: <strong>2020<\/strong><\/p>\n<p>FSK: <strong>16<\/strong><\/p>\n<p>Formate: <strong>DVD<\/strong><\/p>\n","protected":false},"featured_media":76364,"comment_status":"open","ping_status":"closed","template":"","meta":{"_acf_changed":false},"product_brand":[],"product_cat":[10346,10357,10361,9708,12093,10323,10324,10331,10334,10343],"product_tag":[14029,14030,14031,14032,14033,14000,14034,14024,14035,10326,14025,14036,14026,14037,14027,14038,14028],"class_list":{"0":"post-76137","1":"product","2":"type-product","3":"status-publish","4":"has-post-thumbnail","6":"product_cat-die-blaue-serie-de","7":"product_cat-abenteuer","8":"product_cat-liebe-beziehung","9":"product_cat-filme-de","10":"product_cat-klassiker-de","11":"product_cat-m-square-pictures-de","12":"product_cat-m-square-classics-de","13":"product_cat-dvd-de","14":"product_cat-drama-de","15":"product_cat-u8-films-berlin-de","16":"product_tag-charles-mcgraw","17":"product_tag-steve-brodie","18":"product_tag-peter-whitney","19":"product_tag-alan-hale-jr","20":"product_tag-diana-darrin","21":"product_tag-die-blaue-serie","22":"product_tag-carol-kelly","23":"product_tag-turm-des-todes","24":"product_tag-barbara-bell-wright","25":"product_tag-m-square-classics","26":"product_tag-the-cruel-tower","27":"product_tag-rico-alaniz","28":"product_tag-lew-landers","29":"product_tag-kay-brown","30":"product_tag-john-ericson","31":"product_tag-john-ind","32":"product_tag-mari-blanchard","33":"pa_format-dvd","34":"description-off","36":"first","37":"instock","38":"taxable","39":"shipping-taxable","40":"purchasable","41":"product-type-variable","42":"has-default-attributes"},"acf":[],"yoast_head":"<!-- This site is optimized with the Yoast SEO plugin v27.2 - https:\/\/yoast.com\/product\/yoast-seo-wordpress\/ -->\n<title>Turm des Todes (Die blaue Serie Nr. 3)<\/title>\n<meta name=\"description\" content=\"Shop | Turm des Todes (Die blaue Serie Nr. 3) | 2020 | M-Square Classics | DVD | FSK 16\" \/>\n<meta name=\"robots\" content=\"index, follow, max-snippet:-1, max-image-preview:large, max-video-preview:-1\" \/>\n<link rel=\"canonical\" href=\"https:\/\/ucm.one\/de\/produkt\/turm-des-todes\/\" \/>\n<meta property=\"og:locale\" content=\"de_DE\" \/>\n<meta property=\"og:type\" content=\"article\" \/>\n<meta property=\"og:title\" content=\"Turm des Todes (Die blaue Serie Nr. 3)\" \/>\n<meta property=\"og:description\" content=\"Shop | Turm des Todes (Die blaue Serie Nr. 3) | 2020 | M-Square Classics | DVD | FSK 16\" \/>\n<meta property=\"og:url\" content=\"https:\/\/ucm.one\/de\/produkt\/turm-des-todes\/\" \/>\n<meta property=\"og:site_name\" content=\"UCM.ONE\" \/>\n<meta property=\"article:modified_time\" content=\"2025-07-02T10:17:54+00:00\" \/>\n<meta property=\"og:image\" content=\"https:\/\/ucm.one\/wp-content\/uploads\/2022\/09\/C-Turm-des-Todes-DVD-2D-FSK16.jpg\" \/>\n<meta name=\"twitter:card\" content=\"summary_large_image\" \/>\n<meta name=\"twitter:title\" content=\"Turm des Todes (Die blaue Serie Nr. 3)\" \/>\n<meta name=\"twitter:description\" content=\"Shop | Turm des Todes (Die blaue Serie Nr. 3) | 2020 | M-Square Classics | DVD | FSK 16\" \/>\n<meta name=\"twitter:image\" content=\"https:\/\/ucm.one\/wp-content\/uploads\/2022\/09\/C-Turm-des-Todes-DVD-2D-FSK16.jpg\" \/>\n<meta name=\"twitter:label1\" content=\"Gesch\u00e4tzte Lesezeit\" \/>\n\t<meta name=\"twitter:data1\" content=\"1\u00a0Minute\" \/>\n<!-- \/ Yoast SEO plugin. -->","yoast_head_json":{"title":"Turm des Todes (Die blaue Serie Nr. 3)","description":"Shop | Turm des Todes (Die blaue Serie Nr. 3) | 2020 | M-Square Classics | DVD | FSK 16","robots":{"index":"index","follow":"follow","max-snippet":"max-snippet:-1","max-image-preview":"max-image-preview:large","max-video-preview":"max-video-preview:-1"},"canonical":"https:\/\/ucm.one\/de\/produkt\/turm-des-todes\/","og_locale":"de_DE","og_type":"article","og_title":"Turm des Todes (Die blaue Serie Nr. 3)","og_description":"Shop | Turm des Todes (Die blaue Serie Nr. 3) | 2020 | M-Square Classics | DVD | FSK 16","og_url":"https:\/\/ucm.one\/de\/produkt\/turm-des-todes\/","og_site_name":"UCM.ONE","article_modified_time":"2025-07-02T10:17:54+00:00","og_image":[{"url":"https:\/\/ucm.one\/wp-content\/uploads\/2022\/09\/C-Turm-des-Todes-DVD-2D-FSK16.jpg","type":"","width":"","height":""}],"twitter_card":"summary_large_image","twitter_title":"Turm des Todes (Die blaue Serie Nr. 3)","twitter_description":"Shop | Turm des Todes (Die blaue Serie Nr. 3) | 2020 | M-Square Classics | DVD | FSK 16","twitter_image":"https:\/\/ucm.one\/wp-content\/uploads\/2022\/09\/C-Turm-des-Todes-DVD-2D-FSK16.jpg","twitter_misc":{"Gesch\u00e4tzte Lesezeit":"1\u00a0Minute"},"schema":{"@context":"https:\/\/schema.org","@graph":[{"@type":"WebPage","@id":"https:\/\/ucm.one\/de\/produkt\/turm-des-todes\/","url":"https:\/\/ucm.one\/de\/produkt\/turm-des-todes\/","name":"Turm des Todes (Die blaue Serie Nr. 3)","isPartOf":{"@id":"https:\/\/ucm.one\/de\/#website"},"primaryImageOfPage":{"@id":"https:\/\/ucm.one\/de\/produkt\/turm-des-todes\/#primaryimage"},"image":{"@id":"https:\/\/ucm.one\/de\/produkt\/turm-des-todes\/#primaryimage"},"thumbnailUrl":"https:\/\/ucm.one\/wp-content\/uploads\/2020\/01\/C-Turm-des-Todes-DVD-2D-FSK16.jpg","datePublished":"2020-01-24T08:51:42+00:00","dateModified":"2025-07-02T10:17:54+00:00","description":"Shop | Turm des Todes (Die blaue Serie Nr. 3) | 2020 | M-Square Classics | DVD | FSK 16","breadcrumb":{"@id":"https:\/\/ucm.one\/de\/produkt\/turm-des-todes\/#breadcrumb"},"inLanguage":"de","potentialAction":[{"@type":"ReadAction","target":["https:\/\/ucm.one\/de\/produkt\/turm-des-todes\/"]}]},{"@type":"ImageObject","inLanguage":"de","@id":"https:\/\/ucm.one\/de\/produkt\/turm-des-todes\/#primaryimage","url":"https:\/\/ucm.one\/wp-content\/uploads\/2020\/01\/C-Turm-des-Todes-DVD-2D-FSK16.jpg","contentUrl":"https:\/\/ucm.one\/wp-content\/uploads\/2020\/01\/C-Turm-des-Todes-DVD-2D-FSK16.jpg","width":699,"height":1000},{"@type":"BreadcrumbList","@id":"https:\/\/ucm.one\/de\/produkt\/turm-des-todes\/#breadcrumb","itemListElement":[{"@type":"ListItem","position":1,"name":"Home","item":"https:\/\/ucm.one\/de\/"},{"@type":"ListItem","position":2,"name":"Shop","item":"https:\/\/ucm.one\/de\/shop\/"},{"@type":"ListItem","position":3,"name":"Turm des Todes"}]},{"@type":"WebSite","@id":"https:\/\/ucm.one\/de\/#website","url":"https:\/\/ucm.one\/de\/","name":"UCM.ONE","description":"","publisher":{"@id":"https:\/\/ucm.one\/de\/#organization"},"potentialAction":[{"@type":"SearchAction","target":{"@type":"EntryPoint","urlTemplate":"https:\/\/ucm.one\/de\/?s={search_term_string}"},"query-input":{"@type":"PropertyValueSpecification","valueRequired":true,"valueName":"search_term_string"}}],"inLanguage":"de"},{"@type":"Organization","@id":"https:\/\/ucm.one\/de\/#organization","name":"UCM.ONE","url":"https:\/\/ucm.one\/de\/","logo":{"@type":"ImageObject","inLanguage":"de","@id":"https:\/\/ucm.one\/de\/#\/schema\/logo\/image\/","url":"https:\/\/ucm.one\/wp-content\/uploads\/2019\/10\/UCM.ONE-Logo-RGB.svg","contentUrl":"https:\/\/ucm.one\/wp-content\/uploads\/2019\/10\/UCM.ONE-Logo-RGB.svg","width":1,"height":1,"caption":"UCM.ONE"},"image":{"@id":"https:\/\/ucm.one\/de\/#\/schema\/logo\/image\/"}}]}},"_links":{"self":[{"href":"https:\/\/ucm.one\/de\/wp-json\/wp\/v2\/product\/76137","targetHints":{"allow":["GET"]}}],"collection":[{"href":"https:\/\/ucm.one\/de\/wp-json\/wp\/v2\/product"}],"about":[{"href":"https:\/\/ucm.one\/de\/wp-json\/wp\/v2\/types\/product"}],"replies":[{"embeddable":true,"href":"https:\/\/ucm.one\/de\/wp-json\/wp\/v2\/comments?post=76137"}],"wp:featuredmedia":[{"embeddable":true,"href":"https:\/\/ucm.one\/de\/wp-json\/wp\/v2\/media\/76364"}],"wp:attachment":[{"href":"https:\/\/ucm.one\/de\/wp-json\/wp\/v2\/media?parent=76137"}],"wp:term":[{"taxonomy":"product_brand","embeddable":true,"href":"https:\/\/ucm.one\/de\/wp-json\/wp\/v2\/product_brand?post=76137"},{"taxonomy":"product_cat","embeddable":true,"href":"https:\/\/ucm.one\/de\/wp-json\/wp\/v2\/product_cat?post=76137"},{"taxonomy":"product_tag","embeddable":true,"href":"https:\/\/ucm.one\/de\/wp-json\/wp\/v2\/product_tag?post=76137"}],"curies":[{"name":"wp","href":"https:\/\/api.w.org\/{rel}","templated":true}]}}