{"id":76124,"date":"2019-12-06T13:09:01","date_gmt":"2019-12-06T13:09:01","guid":{"rendered":"https:\/\/ucm.one\/?post_type=product&#038;p=76124"},"modified":"2024-12-18T13:44:05","modified_gmt":"2024-12-18T13:44:05","slug":"mata-hari-agentin-h21","status":"publish","type":"product","link":"https:\/\/ucm.one\/de\/produkt\/mata-hari-agentin-h21\/","title":{"rendered":"Mata Hari \u2013 Agentin H21"},"content":{"rendered":"<div class=\"wpb-content-wrapper\"><div class=\"wpb_text_column wpb_content_element \">\n<div class=\"wpb_wrapper\">\n<div class=\"\">\n<div class=\"wpb_text_column wpb_content_element \">\n<div class=\"wpb_wrapper\">\n<div class=\"wpb_text_column wpb_content_element \">\n<div class=\"wpb_wrapper\">\n<div class=\"vc_row wpb_row vc_row-fluid\">\n<div class=\"wpb_column vc_column_container vc_col-sm-9\">\n<div class=\"vc_column-inner\">\n<div class=\"wpb_wrapper\">\n<div class=\"wpb_text_column wpb_content_element \">\n<div class=\"wpb_wrapper\">\n<p><span style=\"font-weight: 400;\">Paris 1917 im Ersten Weltkrieg: Im Auftrag des Deutschen Geheimdienstes soll die geb\u00fcrtige Holl\u00e4nderin Margaretha Zelle (<strong>Jeanne Moreau)<\/strong>, die ihren Lebensunterhalt unter ihrem K\u00fcnstlernamen Mata Hari als erotische Nacktt\u00e4nzerin in Pariser Kabaretts\u00a0 verdient, den franz\u00f6sischen Hauptmann Francoise Lasalle (<strong>Jean-Louis Trintignant<\/strong>) verf\u00fchren und ausspionieren. So schafft sie es auch Geheimdokumente, die Fran\u00e7ois bei sich tr\u00e4gt, \u00fcber Nacht einem Kontaktmann zukommen zu lassen. Als sie sich jedoch in Fran\u00e7ois verliebt, nimmt sie nur unter Druck den n\u00e4chsten Auftrag an. Ihre Auftraggeber wissen jedoch von der Liaison mit Fran\u00e7ois. Man droht ihr, Fran\u00e7ois w\u00fcrde etwas zusto\u00dfen, wenn sie die Zusammenarbeit mit den Deutschen zuk\u00fcnftig ablehnen w\u00fcrde. Sie soll nun nur noch die Pl\u00e4ne eines franz\u00f6sischen Munitionslagers aus einem Safe stehlen&#8230;<\/span><\/p>\n<p>&nbsp;<\/p>\n<p><span style=\"font-weight: 400;\">Basierend auf der wahren Lebensgeschichte der niederl\u00e4ndischen T\u00e4nzerin, die als Spionin f\u00fcr den deutschen Geheimdienst unter dem\u00a0 Decknamen H\u00a021 arbeitete.<\/span><\/p>\n<\/div>\n<\/div>\n<\/div>\n<\/div>\n<\/div>\n<\/div>\n<\/div>\n<\/div>\n<\/div>\n<\/div>\n<\/div>\n<\/div>\n<\/div>\n<div><div class=\"gap\" style=\"line-height: 20px; height: 20px;\"><\/div><\/div>\n<h5>Weitere Informationen<\/h5>\n<div>\n<div>\n<table style=\"height: 46px; width: 100%; border-collapse: collapse; border-color: #ffffff; background-color: #ffffff; border-style: hidden;\">\n<tbody>\n<tr style=\"height: 23px; border-style: hidden; border-color: #ffffff; background-color: #ffffff;\">\n<td style=\"width: 4.7012%; height: 23px; border-style: hidden;\">Film:<\/td>\n<td style=\"width: 96.1677%; height: 23px;\" colspan=\"5\"><a href=\"https:\/\/ucm.one\/de\/mata-hari-agentin-h21\/\">Mata Hari \u2013 Agentin H21<\/a><\/td>\n<\/tr>\n<tr style=\"height: 23px;\">\n<td style=\"width: 4.7012%; height: 23px; border-style: hidden;\">Label:<\/td>\n<td style=\"width: 95.2988%; height: 23px; border-style: hidden;\"><a title=\"M-Square Pictures\" href=\"https:\/\/ucm.one\/de\/film-labels\/m-square-pictures\/#die-blaue-serie\">M-Square Classics &#8211; Die blaue Serie<\/a><\/td>\n<td style=\"width: 0.217234%; height: 23px;\"><\/td>\n<td style=\"width: 0.217234%; height: 23px;\"><\/td>\n<td style=\"width: 0.217234%; height: 23px;\"><\/td>\n<td style=\"width: 0.217234%; height: 23px;\"><\/td>\n<\/tr>\n<\/tbody>\n<\/table>\n<\/div>\n<div><\/div>\n<\/div>\n<div>\n<div><div class=\"gap\" style=\"line-height: 10px; height: 10px;\"><\/div><\/div>\n<div>\u2117 1964<strong> Filmel, Les Films du Carrosse, Simar Films, Fida Cinematografica<\/strong>, \u00a9 2019 <strong>M-Square Classics &#8211; Die blaue Serie<\/strong><span style=\"font-family: 'arial black', sans-serif;\"><strong>\u00a0\/ UCM.ONE<\/strong><\/span><\/div>\n<div><div class=\"gap\" style=\"line-height: 20px; height: 20px;\"><\/div><\/div>\n<div>\n<div><\/div>\n<div>\n<div><div class=\"gap\" style=\"line-height: 10px; height: 10px;\"><\/div><\/div>\n<div><span style=\"color: #003a80;\"><strong>\u27a0 <a style=\"color: #003a80;\" href=\"https:\/\/ucm.one\/de\/produkt-kategorie\/art-de\/filme-de\/\">zum Shop<\/a><\/strong><\/span><\/div>\n<div><div class=\"gap\" style=\"line-height: 20px; height: 20px;\"><\/div><\/div>\n<\/div>\n<\/div>\n<\/div>\n<\/div>","protected":false},"excerpt":{"rendered":"<p>Regie: <a href=\"https:\/\/ucm.one\/de\/?s=%22Jean-Louis+Richard%22&amp;post_type=product\"><strong>Jean-Louis Richard<\/strong><\/a><\/p>\n<p>Label: <strong><a href=\"https:\/\/ucm.one\/de\/produkt-kategorie\/label-film-de\/m-square-pictures-de\/die-blaue-serie-de\/\">Die blaue Serie<\/a> \/ <a href=\"https:\/\/ucm.one\/de\/produkt-kategorie\/label-film-de\/m-square-pictures-de\/m-square-classics-de\/\">M-Square Classics<\/a><\/strong><\/p>\n<p>Art:\u00a0<strong><a href=\"https:\/\/ucm.one\/de\/produkt-kategorie\/art-de\/filme-de\/\">Film<\/a> (Spielfilm)<\/strong><\/p>\n<p>Genres: <strong><a href=\"https:\/\/ucm.one\/de\/produkt-kategorie\/genre-film-de\/drama-de\/\">Drama<\/a>,<a href=\"https:\/\/ucm.one\/de\/produkt-kategorie\/genre-film-de\/history-de\/\"> History<\/a><\/strong><b><\/b><\/p>\n<p>Jahr: <strong>2019<\/strong><\/p>\n<p>FSK: <strong>16<\/strong><\/p>\n<p>Formate: <strong>DVD<\/strong><\/p>\n","protected":false},"featured_media":76331,"comment_status":"open","ping_status":"closed","template":"","meta":{"_acf_changed":false},"product_brand":[],"product_cat":[9708,12093,10323,10324,10331,10334,10343,10346,10361,10952],"product_tag":[14018,14019,14020,14000,14021,14011,14022,10326,14012,14023,14013,14014,14015,14016,14017],"class_list":{"0":"post-76124","1":"product","2":"type-product","3":"status-publish","4":"has-post-thumbnail","6":"product_cat-filme-de","7":"product_cat-klassiker-de","8":"product_cat-m-square-pictures-de","9":"product_cat-m-square-classics-de","10":"product_cat-dvd-de","11":"product_cat-drama-de","12":"product_cat-u8-films-berlin-de","13":"product_cat-die-blaue-serie-de","14":"product_cat-liebe-beziehung","15":"product_cat-history-de","16":"product_tag-henri-garcin","17":"product_tag-georges-riquier","18":"product_tag-frank-villard","19":"product_tag-die-blaue-serie","20":"product_tag-albert-remy","21":"product_tag-mata-hari-agentin-h21","22":"product_tag-hella-petri","23":"product_tag-m-square-classics","24":"product_tag-mata-hari","25":"product_tag-nicole-desailly","26":"product_tag-jean-louis-richard","27":"product_tag-francois-truffaut","28":"product_tag-jeanne-moreau","29":"product_tag-jean-louis-trintignant","30":"product_tag-claude-rich","31":"pa_format-dvd","32":"description-off","34":"first","35":"instock","36":"taxable","37":"shipping-taxable","38":"purchasable","39":"product-type-variable","40":"has-default-attributes"},"acf":[],"yoast_head":"<!-- This site is optimized with the Yoast SEO plugin v27.2 - https:\/\/yoast.com\/product\/yoast-seo-wordpress\/ -->\n<title>Mata Hari \u2013 Agentin H21 (Die blaue Serie Nr. 2)<\/title>\n<meta name=\"description\" content=\"Shop | Mata Hari \u2013 Agentin H21 (Die blaue Serie Nr. 2) | 2019 | M-Square Classics | DVD | FSK 16\" \/>\n<meta name=\"robots\" content=\"index, follow, max-snippet:-1, max-image-preview:large, max-video-preview:-1\" \/>\n<link rel=\"canonical\" href=\"https:\/\/ucm.one\/de\/produkt\/mata-hari-agentin-h21\/\" \/>\n<meta property=\"og:locale\" content=\"de_DE\" \/>\n<meta property=\"og:type\" content=\"article\" \/>\n<meta property=\"og:title\" content=\"Mata Hari \u2013 Agentin H21 (Die blaue Serie Nr. 2)\" \/>\n<meta property=\"og:description\" content=\"Shop | Mata Hari \u2013 Agentin H21 (Die blaue Serie Nr. 2) | 2019 | M-Square Classics | DVD | FSK 16\" \/>\n<meta property=\"og:url\" content=\"https:\/\/ucm.one\/de\/produkt\/mata-hari-agentin-h21\/\" \/>\n<meta property=\"og:site_name\" content=\"UCM.ONE\" \/>\n<meta property=\"article:modified_time\" content=\"2024-12-18T13:44:05+00:00\" \/>\n<meta property=\"og:image\" content=\"https:\/\/ucm.one\/wp-content\/uploads\/2022\/09\/C-Mata-Hari-DVD-2D-FSK16.jpg\" \/>\n<meta name=\"twitter:card\" content=\"summary_large_image\" \/>\n<meta name=\"twitter:title\" content=\"Mata Hari \u2013 Agentin H21 (Die blaue Serie Nr. 2)\" \/>\n<meta name=\"twitter:description\" content=\"Shop | Mata Hari \u2013 Agentin H21 (Die blaue Serie Nr. 2) | 2019 | M-Square Classics | DVD | FSK 16\" \/>\n<meta name=\"twitter:image\" content=\"https:\/\/ucm.one\/wp-content\/uploads\/2022\/09\/C-Mata-Hari-DVD-2D-FSK16.jpg\" \/>\n<meta name=\"twitter:label1\" content=\"Gesch\u00e4tzte Lesezeit\" \/>\n\t<meta name=\"twitter:data1\" content=\"1\u00a0Minute\" \/>\n<!-- \/ Yoast SEO plugin. -->","yoast_head_json":{"title":"Mata Hari \u2013 Agentin H21 (Die blaue Serie Nr. 2)","description":"Shop | Mata Hari \u2013 Agentin H21 (Die blaue Serie Nr. 2) | 2019 | M-Square Classics | DVD | FSK 16","robots":{"index":"index","follow":"follow","max-snippet":"max-snippet:-1","max-image-preview":"max-image-preview:large","max-video-preview":"max-video-preview:-1"},"canonical":"https:\/\/ucm.one\/de\/produkt\/mata-hari-agentin-h21\/","og_locale":"de_DE","og_type":"article","og_title":"Mata Hari \u2013 Agentin H21 (Die blaue Serie Nr. 2)","og_description":"Shop | Mata Hari \u2013 Agentin H21 (Die blaue Serie Nr. 2) | 2019 | M-Square Classics | DVD | FSK 16","og_url":"https:\/\/ucm.one\/de\/produkt\/mata-hari-agentin-h21\/","og_site_name":"UCM.ONE","article_modified_time":"2024-12-18T13:44:05+00:00","og_image":[{"url":"https:\/\/ucm.one\/wp-content\/uploads\/2022\/09\/C-Mata-Hari-DVD-2D-FSK16.jpg","type":"","width":"","height":""}],"twitter_card":"summary_large_image","twitter_title":"Mata Hari \u2013 Agentin H21 (Die blaue Serie Nr. 2)","twitter_description":"Shop | Mata Hari \u2013 Agentin H21 (Die blaue Serie Nr. 2) | 2019 | M-Square Classics | DVD | FSK 16","twitter_image":"https:\/\/ucm.one\/wp-content\/uploads\/2022\/09\/C-Mata-Hari-DVD-2D-FSK16.jpg","twitter_misc":{"Gesch\u00e4tzte Lesezeit":"1\u00a0Minute"},"schema":{"@context":"https:\/\/schema.org","@graph":[{"@type":"WebPage","@id":"https:\/\/ucm.one\/de\/produkt\/mata-hari-agentin-h21\/","url":"https:\/\/ucm.one\/de\/produkt\/mata-hari-agentin-h21\/","name":"Mata Hari \u2013 Agentin H21 (Die blaue Serie Nr. 2)","isPartOf":{"@id":"https:\/\/ucm.one\/de\/#website"},"primaryImageOfPage":{"@id":"https:\/\/ucm.one\/de\/produkt\/mata-hari-agentin-h21\/#primaryimage"},"image":{"@id":"https:\/\/ucm.one\/de\/produkt\/mata-hari-agentin-h21\/#primaryimage"},"thumbnailUrl":"https:\/\/ucm.one\/wp-content\/uploads\/2000\/01\/C-Mata-Hari-Agentin-21-DVD-2D-FSK16.jpg","datePublished":"2019-12-06T13:09:01+00:00","dateModified":"2024-12-18T13:44:05+00:00","description":"Shop | Mata Hari \u2013 Agentin H21 (Die blaue Serie Nr. 2) | 2019 | M-Square Classics | DVD | FSK 16","breadcrumb":{"@id":"https:\/\/ucm.one\/de\/produkt\/mata-hari-agentin-h21\/#breadcrumb"},"inLanguage":"de","potentialAction":[{"@type":"ReadAction","target":["https:\/\/ucm.one\/de\/produkt\/mata-hari-agentin-h21\/"]}]},{"@type":"ImageObject","inLanguage":"de","@id":"https:\/\/ucm.one\/de\/produkt\/mata-hari-agentin-h21\/#primaryimage","url":"https:\/\/ucm.one\/wp-content\/uploads\/2000\/01\/C-Mata-Hari-Agentin-21-DVD-2D-FSK16.jpg","contentUrl":"https:\/\/ucm.one\/wp-content\/uploads\/2000\/01\/C-Mata-Hari-Agentin-21-DVD-2D-FSK16.jpg","width":699,"height":1000},{"@type":"BreadcrumbList","@id":"https:\/\/ucm.one\/de\/produkt\/mata-hari-agentin-h21\/#breadcrumb","itemListElement":[{"@type":"ListItem","position":1,"name":"Home","item":"https:\/\/ucm.one\/de\/"},{"@type":"ListItem","position":2,"name":"Shop","item":"https:\/\/ucm.one\/de\/shop\/"},{"@type":"ListItem","position":3,"name":"Mata Hari \u2013 Agentin H21"}]},{"@type":"WebSite","@id":"https:\/\/ucm.one\/de\/#website","url":"https:\/\/ucm.one\/de\/","name":"UCM.ONE","description":"","publisher":{"@id":"https:\/\/ucm.one\/de\/#organization"},"potentialAction":[{"@type":"SearchAction","target":{"@type":"EntryPoint","urlTemplate":"https:\/\/ucm.one\/de\/?s={search_term_string}"},"query-input":{"@type":"PropertyValueSpecification","valueRequired":true,"valueName":"search_term_string"}}],"inLanguage":"de"},{"@type":"Organization","@id":"https:\/\/ucm.one\/de\/#organization","name":"UCM.ONE","url":"https:\/\/ucm.one\/de\/","logo":{"@type":"ImageObject","inLanguage":"de","@id":"https:\/\/ucm.one\/de\/#\/schema\/logo\/image\/","url":"https:\/\/ucm.one\/wp-content\/uploads\/2019\/10\/UCM.ONE-Logo-RGB.svg","contentUrl":"https:\/\/ucm.one\/wp-content\/uploads\/2019\/10\/UCM.ONE-Logo-RGB.svg","width":1,"height":1,"caption":"UCM.ONE"},"image":{"@id":"https:\/\/ucm.one\/de\/#\/schema\/logo\/image\/"}}]}},"_links":{"self":[{"href":"https:\/\/ucm.one\/de\/wp-json\/wp\/v2\/product\/76124","targetHints":{"allow":["GET"]}}],"collection":[{"href":"https:\/\/ucm.one\/de\/wp-json\/wp\/v2\/product"}],"about":[{"href":"https:\/\/ucm.one\/de\/wp-json\/wp\/v2\/types\/product"}],"replies":[{"embeddable":true,"href":"https:\/\/ucm.one\/de\/wp-json\/wp\/v2\/comments?post=76124"}],"wp:featuredmedia":[{"embeddable":true,"href":"https:\/\/ucm.one\/de\/wp-json\/wp\/v2\/media\/76331"}],"wp:attachment":[{"href":"https:\/\/ucm.one\/de\/wp-json\/wp\/v2\/media?parent=76124"}],"wp:term":[{"taxonomy":"product_brand","embeddable":true,"href":"https:\/\/ucm.one\/de\/wp-json\/wp\/v2\/product_brand?post=76124"},{"taxonomy":"product_cat","embeddable":true,"href":"https:\/\/ucm.one\/de\/wp-json\/wp\/v2\/product_cat?post=76124"},{"taxonomy":"product_tag","embeddable":true,"href":"https:\/\/ucm.one\/de\/wp-json\/wp\/v2\/product_tag?post=76124"}],"curies":[{"name":"wp","href":"https:\/\/api.w.org\/{rel}","templated":true}]}}