{"id":76086,"date":"2019-11-08T10:44:34","date_gmt":"2019-11-08T10:44:34","guid":{"rendered":"https:\/\/ucm.one\/?post_type=product&#038;p=76086"},"modified":"2026-03-17T11:06:08","modified_gmt":"2026-03-17T11:06:08","slug":"der-weg-nach-oben","status":"publish","type":"product","link":"https:\/\/ucm.one\/de\/produkt\/der-weg-nach-oben\/","title":{"rendered":"Der Weg nach oben"},"content":{"rendered":"<div class=\"wpb-content-wrapper\"><div class=\"wpb_text_column wpb_content_element \">\n<div class=\"wpb_wrapper\">\n<div class=\"\">\n<div class=\"wpb_text_column wpb_content_element \">\n<div class=\"wpb_wrapper\">\n<div class=\"wpb_text_column wpb_content_element \">\n<div class=\"wpb_wrapper\">\n<div class=\"vc_row wpb_row vc_row-fluid\">\n<div class=\"wpb_column vc_column_container vc_col-sm-9\">\n<div class=\"vc_column-inner\">\n<div class=\"wpb_wrapper\">\n<div class=\"wpb_text_column wpb_content_element \">\n<div class=\"wpb_wrapper\">\n<p><span style=\"font-weight: 400\">Der 25-j\u00e4hrige Joe Lampton (<strong>Laurence Harvey<\/strong>) will nach oben: Als kleiner Angestellter des Finanzamtes in der Kleinstadt Warnley im englischen Norden hat er erkannt, dass dies allein durch Flei\u00df und Kompetenz im Beruf fast nicht m\u00f6glich ist. Um seine Freizeit sinnvoll zu gestalten, schlie\u00dft er sich einer Theatergruppe an. Auch Susan (<strong>Heather Sears)<\/strong>, die Tochter seinen Chefs, spielt in dieser Gruppe. Sie verliebt sich in Joe und rechnet sich aus, dass seine Karriere besser liefe, wenn er der Schwiegersohn vom Chef w\u00e4re. Joes Gef\u00fchle durchkreuzen jedoch den Plan, denn er verliebt sich in die zehn Jahre \u00e4ltere, ungl\u00fccklich verheiratete Franz\u00f6sin Alice (<strong>Simone Signoret<\/strong>)..<\/span><\/p>\n<\/div>\n<\/div>\n<\/div>\n<\/div>\n<\/div>\n<\/div>\n<\/div>\n<\/div>\n<\/div>\n<\/div>\n<\/div>\n<\/div>\n<\/div>\n<div><div class=\"gap\" style=\"line-height: 20px; height: 20px;\"><\/div><\/div>\n<h5>Weitere Informationen<\/h5>\n<div>\n<div>\n<table style=\"height: 46px;width: 100%;border-collapse: collapse;border-color: #ffffff;background-color: #ffffff;border-style: hidden\">\n<tbody>\n<tr style=\"height: 23px;border-style: hidden;border-color: #ffffff;background-color: #ffffff\">\n<td style=\"width: 4.7012%;height: 23px;border-style: hidden\">Film:<\/td>\n<td style=\"width: 96.1677%\" colspan=\"5\"><a href=\"https:\/\/ucm.one\/de\/der-weg-nach-oben\/\">Der Weg nach oben<\/a><\/td>\n<\/tr>\n<tr style=\"height: 23px\">\n<td style=\"width: 4.7012%;height: 23px;border-style: hidden\">Label:<\/td>\n<td style=\"width: 95.2988%;height: 23px;border-style: hidden\"><a title=\"M-Square Pictures\" href=\"https:\/\/ucm.one\/de\/film-labels\/m-square-pictures\/#die-blaue-serie\">M-Square Classics &#8211; Die blaue Serie<\/a><\/td>\n<td style=\"width: 0.217234%\"><\/td>\n<td style=\"width: 0.217234%\"><\/td>\n<td style=\"width: 0.217234%\"><\/td>\n<td style=\"width: 0.217234%\"><\/td>\n<\/tr>\n<\/tbody>\n<\/table>\n<\/div>\n<div><\/div>\n<\/div>\n<div>\n<div><div class=\"gap\" style=\"line-height: 10px; height: 10px;\"><\/div><\/div>\n<div>\u2117 1959<strong> Romulus Films (as Romulus), Remus (as A Remus Production)<\/strong>, \u00a9 2019 <strong>Die blaue Serie \/ M-Square Classics<\/strong><span style=\"font-family: 'arial black', sans-serif\"><strong>\u00a0\/ UCM.ONE<\/strong><\/span><\/div>\n<div><div class=\"gap\" style=\"line-height: 20px; height: 20px;\"><\/div><\/div>\n<div>\n<div><\/div>\n<div>\n<div><div class=\"gap\" style=\"line-height: 10px; height: 10px;\"><\/div><\/div>\n<div><span style=\"color: #003a80\"><strong>\u27a0 <a style=\"color: #003a80\" href=\"https:\/\/ucm.one\/de\/produkt-kategorie\/art-de\/filme-de\/\">zum Shop<\/a><\/strong><\/span><\/div>\n<div><div class=\"gap\" style=\"line-height: 20px; height: 20px;\"><\/div><\/div>\n<\/div>\n<\/div>\n<\/div>\n<\/div>","protected":false},"excerpt":{"rendered":"<p>Regie: <a href=\"https:\/\/ucm.one\/de\/?s=%C2%A0%22Jack+Clayton%22&amp;post_type=product\"><strong>\u00a0Jack Clayton<\/strong><\/a><\/p>\n<p>Label: <strong><a href=\"https:\/\/ucm.one\/de\/produkt-kategorie\/label-film-de\/m-square-pictures-de\/die-blaue-serie-de\/\">Die blaue Serie<\/a> \/ <a href=\"https:\/\/ucm.one\/de\/produkt-kategorie\/label-film-de\/m-square-pictures-de\/m-square-classics-de\/\">M-Square Classics<\/a><\/strong><\/p>\n<p>Art:\u00a0<strong><a href=\"https:\/\/ucm.one\/de\/produkt-kategorie\/art-de\/filme-de\/\">Film<\/a> (Spielfilm)<\/strong><\/p>\n<p>Genres: <strong><a title=\"Drama\" href=\"https:\/\/ucm.one\/de\/produkt-kategorie\/genre-film-de\/drama-de\/\">Drama<\/a><\/strong>, <a title=\"\" href=\"https:\/\/ucm.one\/de\/produkt-kategorie\/genre-film-de\/liebe-beziehung\/\"><strong>Liebe &amp; Beziehung<\/strong><\/a> <b><\/b><\/p>\n<p>Jahr: <strong>2019<\/strong><\/p>\n<p>FSK: <strong>12<\/strong><\/p>\n<p>Formate: <strong>DVD<\/strong><\/p>\n","protected":false},"featured_media":76344,"comment_status":"open","ping_status":"closed","template":"","meta":{"_acf_changed":false},"product_brand":[],"product_cat":[10323,10324,10331,10334,10343,10346,10361,12093,9708],"product_tag":[13999,14010,14000,14001,14002,14003,14004,14005,14006,14007,13997,14008,13998,14009],"class_list":{"0":"post-76086","1":"product","2":"type-product","3":"status-publish","4":"has-post-thumbnail","6":"product_cat-m-square-pictures-de","7":"product_cat-m-square-classics-de","8":"product_cat-dvd-de","9":"product_cat-drama-de","10":"product_cat-u8-films-berlin-de","11":"product_cat-die-blaue-serie-de","12":"product_cat-liebe-beziehung","13":"product_cat-klassiker-de","14":"product_cat-filme-de","15":"product_tag-jack-clayton-m-square-classics","16":"product_tag-ambrosine-phillpot","17":"product_tag-die-blaue-serie","18":"product_tag-simone-signoret","19":"product_tag-laurence-harvey","20":"product_tag-heather-sears","21":"product_tag-donald-wolfit","22":"product_tag-donald-houston","23":"product_tag-hermione-baddeley","24":"product_tag-allan-cuthbertson","25":"product_tag-der-weg-nach-oben","26":"product_tag-raymond-huntley","27":"product_tag-room-at-the-top","28":"product_tag-john-westbrook","29":"pa_format-dvd","30":"description-off","32":"first","33":"instock","34":"taxable","35":"shipping-taxable","36":"purchasable","37":"product-type-variable","38":"has-default-attributes"},"acf":[],"yoast_head":"<!-- This site is optimized with the Yoast SEO plugin v27.5 - https:\/\/yoast.com\/product\/yoast-seo-wordpress\/ -->\n<title>Der Weg nach oben (Die blaue Serie Nr. 1)<\/title>\n<meta name=\"description\" content=\"Shop | Der Weg nach oben (Die blaue Serie Nr. 1) | 2019 | M-Square Classics | DVD | FSK 12\" \/>\n<meta name=\"robots\" content=\"index, follow, max-snippet:-1, max-image-preview:large, max-video-preview:-1\" \/>\n<link rel=\"canonical\" href=\"https:\/\/ucm.one\/de\/produkt\/der-weg-nach-oben\/\" \/>\n<meta property=\"og:locale\" content=\"de_DE\" \/>\n<meta property=\"og:type\" content=\"article\" \/>\n<meta property=\"og:title\" content=\"Der Weg nach oben (Die blaue Serie Nr. 1)\" \/>\n<meta property=\"og:description\" content=\"Shop | Der Weg nach oben (Die blaue Serie Nr. 1) | 2019 | M-Square Classics | DVD | FSK 12\" \/>\n<meta property=\"og:url\" content=\"https:\/\/ucm.one\/de\/produkt\/der-weg-nach-oben\/\" \/>\n<meta property=\"og:site_name\" content=\"UCM.ONE\" \/>\n<meta property=\"article:modified_time\" content=\"2026-03-17T11:06:08+00:00\" \/>\n<meta property=\"og:image\" content=\"https:\/\/ucm.one\/wp-content\/uploads\/2000\/01\/C-Der-Weg-nach-oben-DVD-3D-FSK12.jpg\" \/>\n<meta name=\"twitter:card\" content=\"summary_large_image\" \/>\n<meta name=\"twitter:title\" content=\"Der Weg nach oben - Blaue Serie Edition Nr. 1\" \/>\n<meta name=\"twitter:description\" content=\"Shop | Der Weg nach oben (Die blaue Serie Nr. 1) | 2019 | M-Square Classics | DVD | FSK 12\" \/>\n<meta name=\"twitter:image\" content=\"https:\/\/ucm.one\/wp-content\/uploads\/2000\/01\/C-Der-Weg-nach-oben-DVD-3D-FSK12.jpg\" \/>\n<meta name=\"twitter:label1\" content=\"Gesch\u00e4tzte Lesezeit\" \/>\n\t<meta name=\"twitter:data1\" content=\"2\u00a0Minuten\" \/>\n<!-- \/ Yoast SEO plugin. -->","yoast_head_json":{"title":"Der Weg nach oben (Die blaue Serie Nr. 1)","description":"Shop | Der Weg nach oben (Die blaue Serie Nr. 1) | 2019 | M-Square Classics | DVD | FSK 12","robots":{"index":"index","follow":"follow","max-snippet":"max-snippet:-1","max-image-preview":"max-image-preview:large","max-video-preview":"max-video-preview:-1"},"canonical":"https:\/\/ucm.one\/de\/produkt\/der-weg-nach-oben\/","og_locale":"de_DE","og_type":"article","og_title":"Der Weg nach oben (Die blaue Serie Nr. 1)","og_description":"Shop | Der Weg nach oben (Die blaue Serie Nr. 1) | 2019 | M-Square Classics | DVD | FSK 12","og_url":"https:\/\/ucm.one\/de\/produkt\/der-weg-nach-oben\/","og_site_name":"UCM.ONE","article_modified_time":"2026-03-17T11:06:08+00:00","og_image":[{"url":"https:\/\/ucm.one\/wp-content\/uploads\/2000\/01\/C-Der-Weg-nach-oben-DVD-3D-FSK12.jpg","type":"","width":"","height":""}],"twitter_card":"summary_large_image","twitter_title":"Der Weg nach oben - Blaue Serie Edition Nr. 1","twitter_description":"Shop | Der Weg nach oben (Die blaue Serie Nr. 1) | 2019 | M-Square Classics | DVD | FSK 12","twitter_image":"https:\/\/ucm.one\/wp-content\/uploads\/2000\/01\/C-Der-Weg-nach-oben-DVD-3D-FSK12.jpg","twitter_misc":{"Gesch\u00e4tzte Lesezeit":"2\u00a0Minuten"},"schema":{"@context":"https:\/\/schema.org","@graph":[{"@type":"WebPage","@id":"https:\/\/ucm.one\/de\/produkt\/der-weg-nach-oben\/","url":"https:\/\/ucm.one\/de\/produkt\/der-weg-nach-oben\/","name":"Der Weg nach oben (Die blaue Serie Nr. 1)","isPartOf":{"@id":"https:\/\/ucm.one\/de\/#website"},"primaryImageOfPage":{"@id":"https:\/\/ucm.one\/de\/produkt\/der-weg-nach-oben\/#primaryimage"},"image":{"@id":"https:\/\/ucm.one\/de\/produkt\/der-weg-nach-oben\/#primaryimage"},"thumbnailUrl":"https:\/\/ucm.one\/wp-content\/uploads\/2000\/01\/C-Der-Weg-nach-oben-DVD-2D-FSK12.jpg","datePublished":"2019-11-08T10:44:34+00:00","dateModified":"2026-03-17T11:06:08+00:00","description":"Shop | Der Weg nach oben (Die blaue Serie Nr. 1) | 2019 | M-Square Classics | DVD | FSK 12","breadcrumb":{"@id":"https:\/\/ucm.one\/de\/produkt\/der-weg-nach-oben\/#breadcrumb"},"inLanguage":"de","potentialAction":[{"@type":"ReadAction","target":["https:\/\/ucm.one\/de\/produkt\/der-weg-nach-oben\/"]}]},{"@type":"ImageObject","inLanguage":"de","@id":"https:\/\/ucm.one\/de\/produkt\/der-weg-nach-oben\/#primaryimage","url":"https:\/\/ucm.one\/wp-content\/uploads\/2000\/01\/C-Der-Weg-nach-oben-DVD-2D-FSK12.jpg","contentUrl":"https:\/\/ucm.one\/wp-content\/uploads\/2000\/01\/C-Der-Weg-nach-oben-DVD-2D-FSK12.jpg","width":699,"height":1000},{"@type":"BreadcrumbList","@id":"https:\/\/ucm.one\/de\/produkt\/der-weg-nach-oben\/#breadcrumb","itemListElement":[{"@type":"ListItem","position":1,"name":"Home","item":"https:\/\/ucm.one\/de\/"},{"@type":"ListItem","position":2,"name":"Shop","item":"https:\/\/ucm.one\/de\/shop\/"},{"@type":"ListItem","position":3,"name":"Der Weg nach oben"}]},{"@type":"WebSite","@id":"https:\/\/ucm.one\/de\/#website","url":"https:\/\/ucm.one\/de\/","name":"UCM.ONE","description":"","publisher":{"@id":"https:\/\/ucm.one\/de\/#organization"},"potentialAction":[{"@type":"SearchAction","target":{"@type":"EntryPoint","urlTemplate":"https:\/\/ucm.one\/de\/?s={search_term_string}"},"query-input":{"@type":"PropertyValueSpecification","valueRequired":true,"valueName":"search_term_string"}}],"inLanguage":"de"},{"@type":"Organization","@id":"https:\/\/ucm.one\/de\/#organization","name":"UCM.ONE","url":"https:\/\/ucm.one\/de\/","logo":{"@type":"ImageObject","inLanguage":"de","@id":"https:\/\/ucm.one\/de\/#\/schema\/logo\/image\/","url":"https:\/\/ucm.one\/wp-content\/uploads\/2019\/10\/UCM.ONE-Logo-RGB.svg","contentUrl":"https:\/\/ucm.one\/wp-content\/uploads\/2019\/10\/UCM.ONE-Logo-RGB.svg","width":1,"height":1,"caption":"UCM.ONE"},"image":{"@id":"https:\/\/ucm.one\/de\/#\/schema\/logo\/image\/"}}]}},"_links":{"self":[{"href":"https:\/\/ucm.one\/de\/wp-json\/wp\/v2\/product\/76086","targetHints":{"allow":["GET"]}}],"collection":[{"href":"https:\/\/ucm.one\/de\/wp-json\/wp\/v2\/product"}],"about":[{"href":"https:\/\/ucm.one\/de\/wp-json\/wp\/v2\/types\/product"}],"replies":[{"embeddable":true,"href":"https:\/\/ucm.one\/de\/wp-json\/wp\/v2\/comments?post=76086"}],"wp:featuredmedia":[{"embeddable":true,"href":"https:\/\/ucm.one\/de\/wp-json\/wp\/v2\/media\/76344"}],"wp:attachment":[{"href":"https:\/\/ucm.one\/de\/wp-json\/wp\/v2\/media?parent=76086"}],"wp:term":[{"taxonomy":"product_brand","embeddable":true,"href":"https:\/\/ucm.one\/de\/wp-json\/wp\/v2\/product_brand?post=76086"},{"taxonomy":"product_cat","embeddable":true,"href":"https:\/\/ucm.one\/de\/wp-json\/wp\/v2\/product_cat?post=76086"},{"taxonomy":"product_tag","embeddable":true,"href":"https:\/\/ucm.one\/de\/wp-json\/wp\/v2\/product_tag?post=76086"}],"curies":[{"name":"wp","href":"https:\/\/api.w.org\/{rel}","templated":true}]}}