{"id":76051,"date":"2023-01-10T08:46:04","date_gmt":"2023-01-10T08:46:04","guid":{"rendered":"https:\/\/ucm.one\/?post_type=product&#038;p=76051"},"modified":"2024-02-28T16:42:32","modified_gmt":"2024-02-28T16:42:32","slug":"die-tote-von-beverly-hills","status":"publish","type":"product","link":"https:\/\/ucm.one\/de\/produkt\/die-tote-von-beverly-hills\/","title":{"rendered":"Die Tote von Beverly Hills"},"content":{"rendered":"<div class=\"wpb_text_column wpb_content_element \">\n<div class=\"wpb_wrapper\">\n<div class=\"\">\n<div class=\"wpb_text_column wpb_content_element \">\n<div class=\"wpb_wrapper\">\n<div class=\"wpb_text_column wpb_content_element \">\n<div class=\"wpb_wrapper\">\n<p><span style=\"font-weight: 400;\">Ein Mann namens C.G. findet in den W\u00e4ldern von Beverly Hills die nackte Leiche der 17-j\u00e4hrigen Lu. Aus ihrem Tagebuch geht hervor, dass sie keineswegs eine junge Unschuld war, sondern eine ausgemachte Nymphomanin. Das Werk ist eine Aufzeichnung erotischer Abenteuer. Unter ihren Geliebten befanden sich ein Operns\u00e4nger, ein reicher Maler, ein Untersuchungsrichter, ein Messdiener und ein emigrierter tschechischer Altertumsforscher. Aber findet sich dort auch der Name des M\u00f6rders? Der Detektiv Ben folgt allen Spuren. Diese f\u00fchren ihn schlie\u00dflich nach Las Vegas, wo jeden Abend die Tiddy Sisters auf der B\u00fchne stehen&#8230;<\/span><\/p>\n<\/div>\n<\/div>\n<\/div>\n<\/div>\n<\/div>\n<\/div>\n<\/div>\n<div><div class=\"gap\" style=\"line-height: 20px; height: 20px;\"><\/div><\/div>\n<h5>Weitere Informationen<\/h5>\n<div>\n<div>\n<table style=\"height: 46px; width: 100%; border-collapse: collapse; border-color: #ffffff; background-color: #ffffff; border-style: hidden;\">\n<tbody>\n<tr style=\"height: 23px; border-style: hidden; border-color: #ffffff; background-color: #ffffff;\">\n<td style=\"width: 4.7012%; height: 23px; border-style: hidden;\">Film:<\/td>\n<td style=\"width: 96.1677%;\" colspan=\"5\"><a href=\"https:\/\/ucm.one\/de\/die-tote-von-beverly-hills\/\">Die Tote von Beverly Hills<\/a><\/td>\n<\/tr>\n<tr style=\"height: 23px;\">\n<td style=\"width: 4.7012%; height: 23px; border-style: hidden;\">Label:<\/td>\n<td style=\"width: 95.2988%; height: 23px; border-style: hidden;\"><a title=\"M-Square Pictures\" href=\"https:\/\/ucm.one\/de\/film-labels\/m-square-pictures\/#m-square-classics\">M-Square Classics<\/a><\/td>\n<td style=\"width: 0.217234%;\"><\/td>\n<td style=\"width: 0.217234%;\"><\/td>\n<td style=\"width: 0.217234%;\"><\/td>\n<td style=\"width: 0.217234%;\"><\/td>\n<\/tr>\n<\/tbody>\n<\/table>\n<\/div>\n<div><\/div>\n<\/div>\n<div>\n<div><div class=\"gap\" style=\"line-height: 10px; height: 10px;\"><\/div><\/div>\n<div>\u2117 1964<strong> Modern Art Films<\/strong>, \u00a9 2019 &amp; 2023\u00a0<strong>M-Square Classics<\/strong><span style=\"font-family: 'arial black', sans-serif;\"><strong>\u00a0\/ UCM.ONE <\/strong><span style=\"font-family: arial, helvetica, sans-serif;\">in Kooperation mit <strong>moviemax<\/strong><\/span><\/span><\/div>\n<div><div class=\"gap\" style=\"line-height: 20px; height: 20px;\"><\/div><\/div>\n<div>\n<div><\/div>\n<div>\n<div><div class=\"gap\" style=\"line-height: 10px; height: 10px;\"><\/div><\/div>\n<div><span style=\"color: #003a80;\"><strong>\u27a0 <a style=\"color: #003a80;\" href=\"https:\/\/ucm.one\/de\/produkt-kategorie\/art-de\/filme-de\/\">zum Shop<\/a><\/strong><\/span><\/div>\n<div><div class=\"gap\" style=\"line-height: 20px; height: 20px;\"><\/div><\/div>\n<\/div>\n<\/div>\n<\/div>\n","protected":false},"excerpt":{"rendered":"<p>Regie: <a href=\"https:\/\/ucm.one\/de\/?s=%22Michael+Pfleghar%22&amp;post_type=product\"><strong>Michael Pfleghar<\/strong><\/a><\/p>\n<p>Label: <a title=\"M-Square Pictures\" href=\"https:\/\/ucm.one\/de\/produkt-kategorie\/label-film-de\/m-square-classics-de\"><strong>M-Square Classics<\/strong><\/a><\/p>\n<p>Art:\u00a0<strong><a href=\"https:\/\/ucm.one\/de\/produkt-kategorie\/art-de\/filme-de\/\">Film<\/a> (Spielfilm)<\/strong><\/p>\n<p>Genres: <strong><a title=\"Drama\" href=\"https:\/\/ucm.one\/de\/produkt-kategorie\/genre-film-de\/drama-de\/\">Drama<\/a><\/strong>, <a href=\"https:\/\/ucm.one\/de\/produkt-kategorie\/genre-film-de\/krimi-de\/\"><strong>Krimi<\/strong><\/a><b><\/b><\/p>\n<p>Jahre: <strong>2019 &amp; 2023<\/strong><\/p>\n<p>FSK: <strong>12<\/strong><\/p>\n<p>Formate: <strong>Diverse<\/strong><\/p>\n","protected":false},"featured_media":76371,"comment_status":"open","ping_status":"closed","template":"","meta":{"_acf_changed":false},"product_brand":[],"product_cat":[10334,10335,10337,9708,12093,10323,10324,10331,10332],"product_tag":[13990,13991,13992,10914,13993,13994,13995,13182,13996,13982,10326,13985,13988,13989],"class_list":{"0":"post-76051","1":"product","2":"type-product","3":"status-publish","4":"has-post-thumbnail","6":"product_cat-drama-de","7":"product_cat-krimi-de","8":"product_cat-sonderedition-de","9":"product_cat-filme-de","10":"product_cat-klassiker-de","11":"product_cat-m-square-pictures-de","12":"product_cat-m-square-classics-de","13":"product_cat-dvd-de","14":"product_cat-blu-ray-de","15":"product_tag-alice-kessler","16":"product_tag-ellen-kessler","17":"product_tag-walter-giller","18":"product_tag-horst-frank","19":"product_tag-bruno-dietrich","20":"product_tag-ernst-fritz-fuerbringer","21":"product_tag-peter-schuette","22":"product_tag-wolfgang-neuss","23":"product_tag-herbert-weissenbach","24":"product_tag-michael-pfleghar","25":"product_tag-m-square-classics","26":"product_tag-heidelinde-weis","27":"product_tag-die-tote-von-beverly-hills","28":"product_tag-klausjuergen-wussow","29":"pa_format-blu-ray-de","30":"pa_format-dvd","31":"pa_format-dvd-im-schuber-de","32":"description-off","34":"first","35":"instock","36":"taxable","37":"shipping-taxable","38":"purchasable","39":"product-type-variable"},"acf":[],"yoast_head":"<!-- This site is optimized with the Yoast SEO plugin v27.2 - https:\/\/yoast.com\/product\/yoast-seo-wordpress\/ -->\n<title>Die Tote von Beverly Hills<\/title>\n<meta name=\"description\" content=\"Shop | Die Tote von Beverly Hills | 2019 &amp; 2023 | M-Square Classics | Blu-Ray &amp; DVD | FSK 12\" \/>\n<meta name=\"robots\" content=\"index, follow, max-snippet:-1, max-image-preview:large, max-video-preview:-1\" \/>\n<link rel=\"canonical\" href=\"https:\/\/ucm.one\/de\/produkt\/die-tote-von-beverly-hills\/\" \/>\n<meta property=\"og:locale\" content=\"de_DE\" \/>\n<meta property=\"og:type\" content=\"article\" \/>\n<meta property=\"og:title\" content=\"Die Tote von Beverly Hills\" \/>\n<meta property=\"og:description\" content=\"Shop | Die Tote von Beverly Hills | 2019 &amp; 2023 | M-Square Classics | Blu-Ray &amp; DVD | FSK 12\" \/>\n<meta property=\"og:url\" content=\"https:\/\/ucm.one\/de\/produkt\/die-tote-von-beverly-hills\/\" \/>\n<meta property=\"og:site_name\" content=\"UCM.ONE\" \/>\n<meta property=\"article:modified_time\" content=\"2024-02-28T16:42:32+00:00\" \/>\n<meta property=\"og:image\" content=\"https:\/\/ucm.one\/wp-content\/uploads\/2000\/01\/C-Die-Tote-von-Beverly-Hills-DVD-2D-FSK12.jpg\" \/>\n<meta name=\"twitter:card\" content=\"summary_large_image\" \/>\n<meta name=\"twitter:title\" content=\"Die Tote von Beverly Hills\" \/>\n<meta name=\"twitter:description\" content=\"Shop | Die Tote von Beverly Hills | 2019 &amp; 2023 | M-Square Classics | Blu-Ray &amp; DVD | FSK 12\" \/>\n<meta name=\"twitter:image\" content=\"https:\/\/ucm.one\/wp-content\/uploads\/2000\/01\/C-Die-Tote-von-Beverly-Hills-DVD-2D-FSK12.jpg\" \/>\n<meta name=\"twitter:label1\" content=\"Gesch\u00e4tzte Lesezeit\" \/>\n\t<meta name=\"twitter:data1\" content=\"1\u00a0Minute\" \/>\n<!-- \/ Yoast SEO plugin. -->","yoast_head_json":{"title":"Die Tote von Beverly Hills","description":"Shop | Die Tote von Beverly Hills | 2019 & 2023 | M-Square Classics | Blu-Ray & DVD | FSK 12","robots":{"index":"index","follow":"follow","max-snippet":"max-snippet:-1","max-image-preview":"max-image-preview:large","max-video-preview":"max-video-preview:-1"},"canonical":"https:\/\/ucm.one\/de\/produkt\/die-tote-von-beverly-hills\/","og_locale":"de_DE","og_type":"article","og_title":"Die Tote von Beverly Hills","og_description":"Shop | Die Tote von Beverly Hills | 2019 & 2023 | M-Square Classics | Blu-Ray & DVD | FSK 12","og_url":"https:\/\/ucm.one\/de\/produkt\/die-tote-von-beverly-hills\/","og_site_name":"UCM.ONE","article_modified_time":"2024-02-28T16:42:32+00:00","og_image":[{"url":"https:\/\/ucm.one\/wp-content\/uploads\/2000\/01\/C-Die-Tote-von-Beverly-Hills-DVD-2D-FSK12.jpg","type":"","width":"","height":""}],"twitter_card":"summary_large_image","twitter_title":"Die Tote von Beverly Hills","twitter_description":"Shop | Die Tote von Beverly Hills | 2019 & 2023 | M-Square Classics | Blu-Ray & DVD | FSK 12","twitter_image":"https:\/\/ucm.one\/wp-content\/uploads\/2000\/01\/C-Die-Tote-von-Beverly-Hills-DVD-2D-FSK12.jpg","twitter_misc":{"Gesch\u00e4tzte Lesezeit":"1\u00a0Minute"},"schema":{"@context":"https:\/\/schema.org","@graph":[{"@type":"WebPage","@id":"https:\/\/ucm.one\/de\/produkt\/die-tote-von-beverly-hills\/","url":"https:\/\/ucm.one\/de\/produkt\/die-tote-von-beverly-hills\/","name":"Die Tote von Beverly Hills","isPartOf":{"@id":"https:\/\/ucm.one\/de\/#website"},"primaryImageOfPage":{"@id":"https:\/\/ucm.one\/de\/produkt\/die-tote-von-beverly-hills\/#primaryimage"},"image":{"@id":"https:\/\/ucm.one\/de\/produkt\/die-tote-von-beverly-hills\/#primaryimage"},"thumbnailUrl":"https:\/\/ucm.one\/wp-content\/uploads\/2000\/01\/C-Die-Tote-von-Beverls-Hills-DVD-2D-FSK12.jpg","datePublished":"2023-01-10T08:46:04+00:00","dateModified":"2024-02-28T16:42:32+00:00","description":"Shop | Die Tote von Beverly Hills | 2019 & 2023 | M-Square Classics | Blu-Ray & DVD | FSK 12","breadcrumb":{"@id":"https:\/\/ucm.one\/de\/produkt\/die-tote-von-beverly-hills\/#breadcrumb"},"inLanguage":"de","potentialAction":[{"@type":"ReadAction","target":["https:\/\/ucm.one\/de\/produkt\/die-tote-von-beverly-hills\/"]}]},{"@type":"ImageObject","inLanguage":"de","@id":"https:\/\/ucm.one\/de\/produkt\/die-tote-von-beverly-hills\/#primaryimage","url":"https:\/\/ucm.one\/wp-content\/uploads\/2000\/01\/C-Die-Tote-von-Beverls-Hills-DVD-2D-FSK12.jpg","contentUrl":"https:\/\/ucm.one\/wp-content\/uploads\/2000\/01\/C-Die-Tote-von-Beverls-Hills-DVD-2D-FSK12.jpg","width":699,"height":1000,"caption":"ROWE"},{"@type":"BreadcrumbList","@id":"https:\/\/ucm.one\/de\/produkt\/die-tote-von-beverly-hills\/#breadcrumb","itemListElement":[{"@type":"ListItem","position":1,"name":"Home","item":"https:\/\/ucm.one\/de\/"},{"@type":"ListItem","position":2,"name":"Shop","item":"https:\/\/ucm.one\/de\/shop\/"},{"@type":"ListItem","position":3,"name":"Die Tote von Beverly Hills"}]},{"@type":"WebSite","@id":"https:\/\/ucm.one\/de\/#website","url":"https:\/\/ucm.one\/de\/","name":"UCM.ONE","description":"","publisher":{"@id":"https:\/\/ucm.one\/de\/#organization"},"potentialAction":[{"@type":"SearchAction","target":{"@type":"EntryPoint","urlTemplate":"https:\/\/ucm.one\/de\/?s={search_term_string}"},"query-input":{"@type":"PropertyValueSpecification","valueRequired":true,"valueName":"search_term_string"}}],"inLanguage":"de"},{"@type":"Organization","@id":"https:\/\/ucm.one\/de\/#organization","name":"UCM.ONE","url":"https:\/\/ucm.one\/de\/","logo":{"@type":"ImageObject","inLanguage":"de","@id":"https:\/\/ucm.one\/de\/#\/schema\/logo\/image\/","url":"https:\/\/ucm.one\/wp-content\/uploads\/2019\/10\/UCM.ONE-Logo-RGB.svg","contentUrl":"https:\/\/ucm.one\/wp-content\/uploads\/2019\/10\/UCM.ONE-Logo-RGB.svg","width":1,"height":1,"caption":"UCM.ONE"},"image":{"@id":"https:\/\/ucm.one\/de\/#\/schema\/logo\/image\/"}}]}},"_links":{"self":[{"href":"https:\/\/ucm.one\/de\/wp-json\/wp\/v2\/product\/76051","targetHints":{"allow":["GET"]}}],"collection":[{"href":"https:\/\/ucm.one\/de\/wp-json\/wp\/v2\/product"}],"about":[{"href":"https:\/\/ucm.one\/de\/wp-json\/wp\/v2\/types\/product"}],"replies":[{"embeddable":true,"href":"https:\/\/ucm.one\/de\/wp-json\/wp\/v2\/comments?post=76051"}],"wp:featuredmedia":[{"embeddable":true,"href":"https:\/\/ucm.one\/de\/wp-json\/wp\/v2\/media\/76371"}],"wp:attachment":[{"href":"https:\/\/ucm.one\/de\/wp-json\/wp\/v2\/media?parent=76051"}],"wp:term":[{"taxonomy":"product_brand","embeddable":true,"href":"https:\/\/ucm.one\/de\/wp-json\/wp\/v2\/product_brand?post=76051"},{"taxonomy":"product_cat","embeddable":true,"href":"https:\/\/ucm.one\/de\/wp-json\/wp\/v2\/product_cat?post=76051"},{"taxonomy":"product_tag","embeddable":true,"href":"https:\/\/ucm.one\/de\/wp-json\/wp\/v2\/product_tag?post=76051"}],"curies":[{"name":"wp","href":"https:\/\/api.w.org\/{rel}","templated":true}]}}