{"id":76025,"date":"2020-10-16T13:18:50","date_gmt":"2020-10-16T13:18:50","guid":{"rendered":"https:\/\/ucm.one\/?post_type=product&#038;p=76025"},"modified":"2025-11-26T17:24:43","modified_gmt":"2025-11-26T17:24:43","slug":"serenade-fuer-zwei-spione","status":"publish","type":"product","link":"https:\/\/ucm.one\/de\/produkt\/serenade-fuer-zwei-spione\/","title":{"rendered":"Serenade f\u00fcr zwei Spione"},"content":{"rendered":"<div class=\"wpb_text_column wpb_content_element \">\n<div class=\"wpb_wrapper\">\n<div class=\"\">\n<div class=\"wpb_text_column wpb_content_element \">\n<div class=\"wpb_wrapper\">\n<div class=\"wpb_text_column wpb_content_element \">\n<div class=\"wpb_wrapper\">\n<p><span style=\"font-weight: 400;\">Eine internationale Waffenschieberbande in den USA hat den Prototyp eines Lasergewehres aus einem deutschen Labor gestohlen. Der <\/span><span style=\"font-weight: 400;\">FBI<\/span><span style=\"font-weight: 400;\">-Agent Cormoran wird darauf angesetzt, die hochmoderne und sehr effektive Waffe wiederzubeschaffen. Doch es gibt einige Anzeichen daf\u00fcr, dass er zu den Gegnern \u00fcbergelaufen ist. Da Agent 007 derzeit in anderer Mission unterwegs ist, muss der Geheimdienstchef auf seinen zweitbesten Mann, die vorhergehende Nummer 006, zur\u00fcckgreifen.\u00a0<\/span><\/p>\n<p><span style=\"font-weight: 400;\">Und so erh\u00e4lt der deutsche Geheimagent John Krim den Auftrag, das Gewehr wieder in seine H\u00e4nde zu bringen, Beweise f\u00fcr Cormorans Verrat zu finden und den Kollegen letztlich auszuschalten. Krims Reise f\u00fchrt ihn \u00fcber den Ozean, und dort er erlebt er in San Francisco, Los Angeles und Las Vegas haarstr\u00e4ubende Abenteuer. Dabei kommen ihm zwei Frauen in die Quere, bei denen Krim sich \u00fcberhaupt nicht sicher sein kann, ob er ihnen trauen kann oder ob auch sie nicht vielmehr f\u00fcr die Gegenseite arbeiten.<\/span><\/p>\n<\/div>\n<\/div>\n<\/div>\n<\/div>\n<\/div>\n<\/div>\n<\/div>\n<div><div class=\"gap\" style=\"line-height: 20px; height: 20px;\"><\/div><\/div>\n<h5>Weitere Informationen<\/h5>\n<div>\n<div>\n<table style=\"height: 46px; width: 100%; border-collapse: collapse; border-color: #ffffff; background-color: #ffffff; border-style: hidden;\">\n<tbody>\n<tr style=\"height: 23px; border-style: hidden; border-color: #ffffff; background-color: #ffffff;\">\n<td style=\"width: 4.701195219123506%; height: 23px; border-style: hidden;\">Film:<\/td>\n<td style=\"width: 95.29880478087651%; height: 23px; border-style: hidden;\"><a href=\"https:\/\/ucm.one\/de\/serenade-fuer-zwei-spione\/\">Serenade f\u00fcr zwei Spione<\/a><\/td>\n<\/tr>\n<tr style=\"height: 23px;\">\n<td style=\"width: 4.701195219123506%; height: 23px; border-style: hidden;\">Label:<\/td>\n<td style=\"width: 95.29880478087651%; height: 23px; border-style: hidden;\"><a title=\"M-Square Pictures\" href=\"https:\/\/ucm.one\/de\/film-labels\/m-square-pictures\/#m-square-classics\">M-Square Classics<\/a><\/td>\n<\/tr>\n<\/tbody>\n<\/table>\n<\/div>\n<div><\/div>\n<\/div>\n<div>\n<div><div class=\"gap\" style=\"line-height: 10px; height: 10px;\"><\/div><\/div>\n<div>\u2117 1965 <strong>Matheus Film, Modern Art Films<\/strong>, \u00a9 2020\u00a0<strong>M-Square Classics<\/strong>\u00a0\/ <span style=\"font-family: 'arial black', sans-serif;\"><strong>UCM.ONE <\/strong><span style=\"font-family: arial, helvetica, sans-serif;\">in Kooperation mit <strong>moviemax<\/strong><\/span><\/span><\/div>\n<div><div class=\"gap\" style=\"line-height: 20px; height: 20px;\"><\/div><\/div>\n<div>\n<div><\/div>\n<div>\n<div><div class=\"gap\" style=\"line-height: 10px; height: 10px;\"><\/div><\/div>\n<div><span style=\"color: #003a80;\"><strong>\u27a0 <a style=\"color: #003a80;\" href=\"https:\/\/ucm.one\/de\/produkt-kategorie\/art-de\/filme-de\/\">zum Shop<\/a><\/strong><\/span><\/div>\n<div><div class=\"gap\" style=\"line-height: 20px; height: 20px;\"><\/div><\/div>\n<\/div>\n<\/div>\n<\/div>\n","protected":false},"excerpt":{"rendered":"<p>Regie: <a href=\"https:\/\/ucm.one\/de\/?s=%22Michael+Pfleghar%22&amp;post_type=product\"><strong>Michael Pfleghar<\/strong><\/a><\/p>\n<p>Label: <a title=\"M-Square Pictures\" href=\"https:\/\/ucm.one\/de\/produkt-kategorie\/label-film-de\/m-square-classics-de\"><strong>M-Square Classics<\/strong><\/a><\/p>\n<p>Art:\u00a0<strong><a href=\"https:\/\/ucm.one\/de\/produkt-kategorie\/art-de\/filme-de\/\">Film<\/a> (Spielfilm)<\/strong><\/p>\n<p>Genres: <a title=\"Kom\u00f6die\" href=\"https:\/\/ucm.one\/de\/produkt-kategorie\/genre-film-de\/komoedie-de\/\"><b>Kom\u00f6die,<\/b><\/a><b>\u00a0<\/b><b><\/b><b><a title=\"\" href=\"https:\/\/ucm.one\/de\/produkt-kategorie\/genre-film-de\/thriller-de\/\"><strong>Thriller<\/strong><\/a><\/b><\/p>\n<p>Jahr: <strong>2020<\/strong><\/p>\n<p>FSK: <strong>16<\/strong><\/p>\n<p>Format: <strong>DVD<\/strong><\/p>\n","protected":false},"featured_media":76387,"comment_status":"open","ping_status":"closed","template":"","meta":{"_acf_changed":false},"product_brand":[],"product_cat":[10323,10324,10330,10331,10335,10356,12093,9708],"product_tag":[13765,13979,13980,10326,13981,13982,13983,13984,13985,13986,13987,13182],"class_list":{"0":"post-76025","1":"product","2":"type-product","3":"status-publish","4":"has-post-thumbnail","6":"product_cat-m-square-pictures-de","7":"product_cat-m-square-classics-de","8":"product_cat-thriller-de","9":"product_cat-dvd-de","10":"product_cat-krimi-de","11":"product_cat-komoedie-de","12":"product_cat-klassiker-de","13":"product_cat-filme-de","14":"product_tag-barbara-lass","15":"product_tag-serenade-fuer-zwei-spione","16":"product_tag-serenade-for-two-spies","17":"product_tag-m-square-classics","18":"product_tag-adventures-of-a-secret-agent","19":"product_tag-michael-pfleghar","20":"product_tag-hellmut-lange","21":"product_tag-tony-kendall","22":"product_tag-heidelinde-weis","23":"product_tag-mimmo-palmara","24":"product_tag-annie-giss","25":"product_tag-wolfgang-neuss","26":"pa_format-dvd","27":"description-off","29":"first","30":"instock","31":"taxable","32":"shipping-taxable","33":"purchasable","34":"product-type-variable","35":"has-default-attributes"},"acf":[],"yoast_head":"<!-- This site is optimized with the Yoast SEO plugin v27.5 - https:\/\/yoast.com\/product\/yoast-seo-wordpress\/ -->\n<title>Serenade f\u00fcr zwei Spione<\/title>\n<meta name=\"description\" content=\"Shop | Serenade f\u00fcr zwei Spione | 2019 | M-Square Classics | DVD | FSK 16\" \/>\n<meta name=\"robots\" content=\"index, follow, max-snippet:-1, max-image-preview:large, max-video-preview:-1\" \/>\n<link rel=\"canonical\" href=\"https:\/\/ucm.one\/de\/produkt\/serenade-fuer-zwei-spione\/\" \/>\n<meta property=\"og:locale\" content=\"de_DE\" \/>\n<meta property=\"og:type\" content=\"article\" \/>\n<meta property=\"og:title\" content=\"Serenade f\u00fcr zwei Spione\" \/>\n<meta property=\"og:description\" content=\"Shop | Serenade f\u00fcr zwei Spione | 2019 | M-Square Classics | DVD | FSK 16\" \/>\n<meta property=\"og:url\" content=\"https:\/\/ucm.one\/de\/produkt\/serenade-fuer-zwei-spione\/\" \/>\n<meta property=\"og:site_name\" content=\"UCM.ONE\" \/>\n<meta property=\"article:modified_time\" content=\"2025-11-26T17:24:43+00:00\" \/>\n<meta property=\"og:image\" content=\"https:\/\/ucm.one\/wp-content\/uploads\/2022\/09\/C-Serenade-fuer-zwei-Spione-DVD-2D-FSK16.jpg\" \/>\n<meta name=\"twitter:card\" content=\"summary_large_image\" \/>\n<meta name=\"twitter:title\" content=\"Serenade f\u00fcr zwei Spione\" \/>\n<meta name=\"twitter:description\" content=\"Shop | Serenade f\u00fcr zwei Spione | 2019 | M-Square Classics | DVD | FSK 16\" \/>\n<meta name=\"twitter:image\" content=\"https:\/\/ucm.one\/wp-content\/uploads\/2022\/09\/C-Serenade-fuer-zwei-Spione-DVD-2D-FSK16.jpg\" \/>\n<meta name=\"twitter:label1\" content=\"Gesch\u00e4tzte Lesezeit\" \/>\n\t<meta name=\"twitter:data1\" content=\"1\u00a0Minute\" \/>\n<!-- \/ Yoast SEO plugin. -->","yoast_head_json":{"title":"Serenade f\u00fcr zwei Spione","description":"Shop | Serenade f\u00fcr zwei Spione | 2019 | M-Square Classics | DVD | FSK 16","robots":{"index":"index","follow":"follow","max-snippet":"max-snippet:-1","max-image-preview":"max-image-preview:large","max-video-preview":"max-video-preview:-1"},"canonical":"https:\/\/ucm.one\/de\/produkt\/serenade-fuer-zwei-spione\/","og_locale":"de_DE","og_type":"article","og_title":"Serenade f\u00fcr zwei Spione","og_description":"Shop | Serenade f\u00fcr zwei Spione | 2019 | M-Square Classics | DVD | FSK 16","og_url":"https:\/\/ucm.one\/de\/produkt\/serenade-fuer-zwei-spione\/","og_site_name":"UCM.ONE","article_modified_time":"2025-11-26T17:24:43+00:00","og_image":[{"url":"https:\/\/ucm.one\/wp-content\/uploads\/2022\/09\/C-Serenade-fuer-zwei-Spione-DVD-2D-FSK16.jpg","type":"","width":"","height":""}],"twitter_card":"summary_large_image","twitter_title":"Serenade f\u00fcr zwei Spione","twitter_description":"Shop | Serenade f\u00fcr zwei Spione | 2019 | M-Square Classics | DVD | FSK 16","twitter_image":"https:\/\/ucm.one\/wp-content\/uploads\/2022\/09\/C-Serenade-fuer-zwei-Spione-DVD-2D-FSK16.jpg","twitter_misc":{"Gesch\u00e4tzte Lesezeit":"1\u00a0Minute"},"schema":{"@context":"https:\/\/schema.org","@graph":[{"@type":"WebPage","@id":"https:\/\/ucm.one\/de\/produkt\/serenade-fuer-zwei-spione\/","url":"https:\/\/ucm.one\/de\/produkt\/serenade-fuer-zwei-spione\/","name":"Serenade f\u00fcr zwei Spione","isPartOf":{"@id":"https:\/\/ucm.one\/de\/#website"},"primaryImageOfPage":{"@id":"https:\/\/ucm.one\/de\/produkt\/serenade-fuer-zwei-spione\/#primaryimage"},"image":{"@id":"https:\/\/ucm.one\/de\/produkt\/serenade-fuer-zwei-spione\/#primaryimage"},"thumbnailUrl":"https:\/\/ucm.one\/wp-content\/uploads\/2000\/01\/C-Schuber-Serenade-fuer-2-Spione-DVD-2D-FSK16.jpg","datePublished":"2020-10-16T13:18:50+00:00","dateModified":"2025-11-26T17:24:43+00:00","description":"Shop | Serenade f\u00fcr zwei Spione | 2019 | M-Square Classics | DVD | FSK 16","breadcrumb":{"@id":"https:\/\/ucm.one\/de\/produkt\/serenade-fuer-zwei-spione\/#breadcrumb"},"inLanguage":"de","potentialAction":[{"@type":"ReadAction","target":["https:\/\/ucm.one\/de\/produkt\/serenade-fuer-zwei-spione\/"]}]},{"@type":"ImageObject","inLanguage":"de","@id":"https:\/\/ucm.one\/de\/produkt\/serenade-fuer-zwei-spione\/#primaryimage","url":"https:\/\/ucm.one\/wp-content\/uploads\/2000\/01\/C-Schuber-Serenade-fuer-2-Spione-DVD-2D-FSK16.jpg","contentUrl":"https:\/\/ucm.one\/wp-content\/uploads\/2000\/01\/C-Schuber-Serenade-fuer-2-Spione-DVD-2D-FSK16.jpg","width":699,"height":1000},{"@type":"BreadcrumbList","@id":"https:\/\/ucm.one\/de\/produkt\/serenade-fuer-zwei-spione\/#breadcrumb","itemListElement":[{"@type":"ListItem","position":1,"name":"Home","item":"https:\/\/ucm.one\/de\/"},{"@type":"ListItem","position":2,"name":"Shop","item":"https:\/\/ucm.one\/de\/shop\/"},{"@type":"ListItem","position":3,"name":"Serenade f\u00fcr zwei Spione"}]},{"@type":"WebSite","@id":"https:\/\/ucm.one\/de\/#website","url":"https:\/\/ucm.one\/de\/","name":"UCM.ONE","description":"","publisher":{"@id":"https:\/\/ucm.one\/de\/#organization"},"potentialAction":[{"@type":"SearchAction","target":{"@type":"EntryPoint","urlTemplate":"https:\/\/ucm.one\/de\/?s={search_term_string}"},"query-input":{"@type":"PropertyValueSpecification","valueRequired":true,"valueName":"search_term_string"}}],"inLanguage":"de"},{"@type":"Organization","@id":"https:\/\/ucm.one\/de\/#organization","name":"UCM.ONE","url":"https:\/\/ucm.one\/de\/","logo":{"@type":"ImageObject","inLanguage":"de","@id":"https:\/\/ucm.one\/de\/#\/schema\/logo\/image\/","url":"https:\/\/ucm.one\/wp-content\/uploads\/2019\/10\/UCM.ONE-Logo-RGB.svg","contentUrl":"https:\/\/ucm.one\/wp-content\/uploads\/2019\/10\/UCM.ONE-Logo-RGB.svg","width":1,"height":1,"caption":"UCM.ONE"},"image":{"@id":"https:\/\/ucm.one\/de\/#\/schema\/logo\/image\/"}}]}},"_links":{"self":[{"href":"https:\/\/ucm.one\/de\/wp-json\/wp\/v2\/product\/76025","targetHints":{"allow":["GET"]}}],"collection":[{"href":"https:\/\/ucm.one\/de\/wp-json\/wp\/v2\/product"}],"about":[{"href":"https:\/\/ucm.one\/de\/wp-json\/wp\/v2\/types\/product"}],"replies":[{"embeddable":true,"href":"https:\/\/ucm.one\/de\/wp-json\/wp\/v2\/comments?post=76025"}],"wp:featuredmedia":[{"embeddable":true,"href":"https:\/\/ucm.one\/de\/wp-json\/wp\/v2\/media\/76387"}],"wp:attachment":[{"href":"https:\/\/ucm.one\/de\/wp-json\/wp\/v2\/media?parent=76025"}],"wp:term":[{"taxonomy":"product_brand","embeddable":true,"href":"https:\/\/ucm.one\/de\/wp-json\/wp\/v2\/product_brand?post=76025"},{"taxonomy":"product_cat","embeddable":true,"href":"https:\/\/ucm.one\/de\/wp-json\/wp\/v2\/product_cat?post=76025"},{"taxonomy":"product_tag","embeddable":true,"href":"https:\/\/ucm.one\/de\/wp-json\/wp\/v2\/product_tag?post=76025"}],"curies":[{"name":"wp","href":"https:\/\/api.w.org\/{rel}","templated":true}]}}