{"id":75991,"date":"2020-03-20T11:05:46","date_gmt":"2020-03-20T11:05:46","guid":{"rendered":"https:\/\/ucm.one\/?post_type=product&#038;p=75991"},"modified":"2026-01-20T20:59:18","modified_gmt":"2026-01-20T20:59:18","slug":"the-slayer","status":"publish","type":"product","link":"https:\/\/ucm.one\/de\/produkt\/the-slayer\/","title":{"rendered":"The Slayer"},"content":{"rendered":"<div class=\"wpb_text_column wpb_content_element \">\n<div class=\"wpb_wrapper\">\n<div class=\"\">\n<div class=\"wpb_text_column wpb_content_element \">\n<div class=\"wpb_wrapper\">\n<div class=\"wpb_text_column wpb_content_element \">\n<div class=\"wpb_wrapper\">\n<p><span style=\"font-weight: 400;\">Die Malerin Kay Church (<strong>Sarah Kendall<\/strong>) wird seit ihrer Kindheit von Albtr\u00e4umen gequ\u00e4lt, in denen sie von einem \u00fcbernat\u00fcrlichen Wesen, dem &#8222;Slayer&#8220;, verfolgt und schlie\u00dflich get\u00f6tet wird. Ihre Traumerfahrungen verarbeitet sie in ihren obsessiven \u00d6lgem\u00e4lden. Die Albtr\u00e4ume und Visionen nehmen schlie\u00dflich solche Ausma\u00dfe an, dass ihr Ehemann David <strong>(Alan McRae<\/strong>) vorschl\u00e4gt, gemeinsam mit ihrem Bruder Eric und dessen Frau Brooke zur Entspannung f\u00fcr ein Wochenende auf einer abgelegenen Insel Urlaub zu machen. Ein kleines Flugzeug bringt sie bei schlechtem Wetter zu ihrem Ziel. Zu Kays Entsetzen erkennt sie in dem verlassenen Ferienhaus auf der Insel das Geb\u00e4ude aus ihren Tr\u00e4umen wieder. Tats\u00e4chlich werden ihre Tr\u00e4ume immer intensiver und der &#8222;Slayer&#8220; bahnt sich seinen Weg in die Realit\u00e4t. Ein blutiger Kampf ums nackte \u00dcberleben beginnt.<\/span><\/p>\n<\/div>\n<\/div>\n<\/div>\n<\/div>\n<\/div>\n<\/div>\n<\/div>\n<div><div class=\"gap\" style=\"line-height: 20px; height: 20px;\"><\/div><\/div>\n<h5>Weitere Informationen<\/h5>\n<div>\n<div>\n<table style=\"height: 46px; width: 100%; border-collapse: collapse; border-color: #ffffff; background-color: #ffffff; border-style: hidden;\">\n<tbody>\n<tr style=\"height: 23px;\">\n<td style=\"width: 4.701195219123506%; height: 23px; border-style: hidden;\">Label:<\/td>\n<td style=\"width: 95.29880478087651%; height: 23px; border-style: hidden;\"><a title=\"M-Square Pictures\" href=\"https:\/\/ucm.one\/de\/film-labels\/m-square-pictures\/#m-square-classics\">M-Square Classics<\/a><\/td>\n<\/tr>\n<\/tbody>\n<\/table>\n<\/div>\n<div><\/div>\n<\/div>\n<div>\n<div><div class=\"gap\" style=\"line-height: 10px; height: 10px;\"><\/div><\/div>\n<div>\u2117 1982 <strong>The International Picture Show Company<\/strong>, \u00a9 2020\u00a0<strong>M-Square Classics<\/strong> <span style=\"font-family: 'arial black', sans-serif;\"><strong>\/ UCM.ONE<\/strong><\/span><\/div>\n<div><div class=\"gap\" style=\"line-height: 20px; height: 20px;\"><\/div><\/div>\n<div>\n<div><\/div>\n<div>\n<div><div class=\"gap\" style=\"line-height: 10px; height: 10px;\"><\/div><\/div>\n<div><span style=\"color: #003a80;\"><strong>\u27a0 <a style=\"color: #003a80;\" href=\"https:\/\/ucm.one\/de\/produkt-kategorie\/art-de\/filme-de\/\">zum Shop<\/a><\/strong><\/span><\/div>\n<div><div class=\"gap\" style=\"line-height: 20px; height: 20px;\"><\/div><\/div>\n<\/div>\n<\/div>\n<\/div>\n","protected":false},"excerpt":{"rendered":"<p>Regie: <a href=\"https:\/\/ucm.one\/de\/?s=%22J.S.+Cardone%22&amp;post_type=product\"><strong>J.S. Cardone<\/strong><\/a><\/p>\n<p>Label: <a title=\"M-Square Pictures\" href=\"https:\/\/ucm.one\/de\/produkt-kategorie\/label-film-de\/m-square-classics-de\"><strong>M-Square Classics<\/strong><\/a><\/p>\n<p>Art:\u00a0<strong><a href=\"https:\/\/ucm.one\/de\/produkt-kategorie\/art-de\/filme-de\/\">Film<\/a> (Spielfilm)<\/strong><\/p>\n<p>Genres: <a href=\"https:\/\/ucm.one\/de\/produkt-kategorie\/genre-film-de\/horror-de\/\"><strong>Horror<\/strong><\/a>, <strong><a href=\"https:\/\/ucm.one\/de\/produkt-kategorie\/genre-film-de\/horror-de\/slasher-de\/\">Slasher<\/a><\/strong><b><\/b><\/p>\n<p>Jahr: <strong>2020<\/strong><\/p>\n<p>FSK: <strong>18<\/strong><\/p>\n<p>Formate: <strong>Diverse<\/strong><\/p>\n","protected":false},"featured_media":76415,"comment_status":"open","ping_status":"closed","template":"","meta":{"_acf_changed":false},"product_brand":[],"product_cat":[11948,12093,10323,10324,10327,10331,10332,10333,9708],"product_tag":[13971,13972,13973,10326,13974,13975,13976,13977,13978],"class_list":{"0":"post-75991","1":"product","2":"type-product","3":"status-publish","4":"has-post-thumbnail","6":"product_cat-slasher-de","7":"product_cat-klassiker-de","8":"product_cat-m-square-pictures-de","9":"product_cat-m-square-classics-de","10":"product_cat-horror-de","11":"product_cat-dvd-de","12":"product_cat-blu-ray-de","13":"product_cat-mediabooks-de","14":"product_cat-filme-de","15":"product_tag-the-slayer","16":"product_tag-nightmare-island","17":"product_tag-j-s-cardone","18":"product_tag-m-square-classics","19":"product_tag-sarah-kendall","20":"product_tag-frederick-flynn","21":"product_tag-carol-kottenbrook","22":"product_tag-alan-mcrae","23":"product_tag-michael-holmes","24":"pa_format-mediabook-blu-ray-dvd","25":"pa_format-dvd","26":"pa_format-blu-ray-de","27":"description-off","29":"first","30":"instock","31":"taxable","32":"shipping-taxable","33":"purchasable","34":"product-type-variable"},"acf":[],"yoast_head":"<!-- This site is optimized with the Yoast SEO plugin v27.2 - https:\/\/yoast.com\/product\/yoast-seo-wordpress\/ -->\n<title>The Slayer<\/title>\n<meta name=\"description\" content=\"Shop | The Slayer | 2020 | M-Square Classics | Mediabook, Blu-Ray + DVD | FSK 18\" \/>\n<meta name=\"robots\" content=\"index, follow, max-snippet:-1, max-image-preview:large, max-video-preview:-1\" \/>\n<link rel=\"canonical\" href=\"https:\/\/ucm.one\/de\/produkt\/the-slayer\/\" \/>\n<meta property=\"og:locale\" content=\"de_DE\" \/>\n<meta property=\"og:type\" content=\"article\" \/>\n<meta property=\"og:title\" content=\"The Slayer\" \/>\n<meta property=\"og:description\" content=\"Shop | The Slayer | 2020 | M-Square Classics | Mediabook, Blu-Ray + DVD | FSK 18\" \/>\n<meta property=\"og:url\" content=\"https:\/\/ucm.one\/de\/produkt\/the-slayer\/\" \/>\n<meta property=\"og:site_name\" content=\"UCM.ONE\" \/>\n<meta property=\"article:modified_time\" content=\"2026-01-20T20:59:18+00:00\" \/>\n<meta property=\"og:image\" content=\"https:\/\/ucm.one\/wp-content\/uploads\/2022\/09\/C-The-Slayer-DVD-2D-FSK18.jpg\" \/>\n<meta name=\"twitter:card\" content=\"summary_large_image\" \/>\n<meta name=\"twitter:title\" content=\"The Slayer\" \/>\n<meta name=\"twitter:description\" content=\"Shop | The Slayer | 2020 | M-Square Classics | Mediabook, Blu-Ray + DVD | FSK 18\" \/>\n<meta name=\"twitter:image\" content=\"https:\/\/ucm.one\/wp-content\/uploads\/2022\/09\/C-The-Slayer-DVD-2D-FSK18.jpg\" \/>\n<meta name=\"twitter:label1\" content=\"Gesch\u00e4tzte Lesezeit\" \/>\n\t<meta name=\"twitter:data1\" content=\"1\u00a0Minute\" \/>\n<!-- \/ Yoast SEO plugin. -->","yoast_head_json":{"title":"The Slayer","description":"Shop | The Slayer | 2020 | M-Square Classics | Mediabook, Blu-Ray + DVD | FSK 18","robots":{"index":"index","follow":"follow","max-snippet":"max-snippet:-1","max-image-preview":"max-image-preview:large","max-video-preview":"max-video-preview:-1"},"canonical":"https:\/\/ucm.one\/de\/produkt\/the-slayer\/","og_locale":"de_DE","og_type":"article","og_title":"The Slayer","og_description":"Shop | The Slayer | 2020 | M-Square Classics | Mediabook, Blu-Ray + DVD | FSK 18","og_url":"https:\/\/ucm.one\/de\/produkt\/the-slayer\/","og_site_name":"UCM.ONE","article_modified_time":"2026-01-20T20:59:18+00:00","og_image":[{"url":"https:\/\/ucm.one\/wp-content\/uploads\/2022\/09\/C-The-Slayer-DVD-2D-FSK18.jpg","type":"","width":"","height":""}],"twitter_card":"summary_large_image","twitter_title":"The Slayer","twitter_description":"Shop | The Slayer | 2020 | M-Square Classics | Mediabook, Blu-Ray + DVD | FSK 18","twitter_image":"https:\/\/ucm.one\/wp-content\/uploads\/2022\/09\/C-The-Slayer-DVD-2D-FSK18.jpg","twitter_misc":{"Gesch\u00e4tzte Lesezeit":"1\u00a0Minute"},"schema":{"@context":"https:\/\/schema.org","@graph":[{"@type":"WebPage","@id":"https:\/\/ucm.one\/de\/produkt\/the-slayer\/","url":"https:\/\/ucm.one\/de\/produkt\/the-slayer\/","name":"The Slayer","isPartOf":{"@id":"https:\/\/ucm.one\/de\/#website"},"primaryImageOfPage":{"@id":"https:\/\/ucm.one\/de\/produkt\/the-slayer\/#primaryimage"},"image":{"@id":"https:\/\/ucm.one\/de\/produkt\/the-slayer\/#primaryimage"},"thumbnailUrl":"https:\/\/ucm.one\/wp-content\/uploads\/2000\/01\/C-The-Slayer-DVD-2D-FSK18.jpg","datePublished":"2020-03-20T11:05:46+00:00","dateModified":"2026-01-20T20:59:18+00:00","description":"Shop | The Slayer | 2020 | M-Square Classics | Mediabook, Blu-Ray + DVD | FSK 18","breadcrumb":{"@id":"https:\/\/ucm.one\/de\/produkt\/the-slayer\/#breadcrumb"},"inLanguage":"de","potentialAction":[{"@type":"ReadAction","target":["https:\/\/ucm.one\/de\/produkt\/the-slayer\/"]}]},{"@type":"ImageObject","inLanguage":"de","@id":"https:\/\/ucm.one\/de\/produkt\/the-slayer\/#primaryimage","url":"https:\/\/ucm.one\/wp-content\/uploads\/2000\/01\/C-The-Slayer-DVD-2D-FSK18.jpg","contentUrl":"https:\/\/ucm.one\/wp-content\/uploads\/2000\/01\/C-The-Slayer-DVD-2D-FSK18.jpg","width":699,"height":1000},{"@type":"BreadcrumbList","@id":"https:\/\/ucm.one\/de\/produkt\/the-slayer\/#breadcrumb","itemListElement":[{"@type":"ListItem","position":1,"name":"Home","item":"https:\/\/ucm.one\/de\/"},{"@type":"ListItem","position":2,"name":"Shop","item":"https:\/\/ucm.one\/de\/shop\/"},{"@type":"ListItem","position":3,"name":"The Slayer"}]},{"@type":"WebSite","@id":"https:\/\/ucm.one\/de\/#website","url":"https:\/\/ucm.one\/de\/","name":"UCM.ONE","description":"","publisher":{"@id":"https:\/\/ucm.one\/de\/#organization"},"potentialAction":[{"@type":"SearchAction","target":{"@type":"EntryPoint","urlTemplate":"https:\/\/ucm.one\/de\/?s={search_term_string}"},"query-input":{"@type":"PropertyValueSpecification","valueRequired":true,"valueName":"search_term_string"}}],"inLanguage":"de"},{"@type":"Organization","@id":"https:\/\/ucm.one\/de\/#organization","name":"UCM.ONE","url":"https:\/\/ucm.one\/de\/","logo":{"@type":"ImageObject","inLanguage":"de","@id":"https:\/\/ucm.one\/de\/#\/schema\/logo\/image\/","url":"https:\/\/ucm.one\/wp-content\/uploads\/2019\/10\/UCM.ONE-Logo-RGB.svg","contentUrl":"https:\/\/ucm.one\/wp-content\/uploads\/2019\/10\/UCM.ONE-Logo-RGB.svg","width":1,"height":1,"caption":"UCM.ONE"},"image":{"@id":"https:\/\/ucm.one\/de\/#\/schema\/logo\/image\/"}}]}},"_links":{"self":[{"href":"https:\/\/ucm.one\/de\/wp-json\/wp\/v2\/product\/75991","targetHints":{"allow":["GET"]}}],"collection":[{"href":"https:\/\/ucm.one\/de\/wp-json\/wp\/v2\/product"}],"about":[{"href":"https:\/\/ucm.one\/de\/wp-json\/wp\/v2\/types\/product"}],"replies":[{"embeddable":true,"href":"https:\/\/ucm.one\/de\/wp-json\/wp\/v2\/comments?post=75991"}],"wp:featuredmedia":[{"embeddable":true,"href":"https:\/\/ucm.one\/de\/wp-json\/wp\/v2\/media\/76415"}],"wp:attachment":[{"href":"https:\/\/ucm.one\/de\/wp-json\/wp\/v2\/media?parent=75991"}],"wp:term":[{"taxonomy":"product_brand","embeddable":true,"href":"https:\/\/ucm.one\/de\/wp-json\/wp\/v2\/product_brand?post=75991"},{"taxonomy":"product_cat","embeddable":true,"href":"https:\/\/ucm.one\/de\/wp-json\/wp\/v2\/product_cat?post=75991"},{"taxonomy":"product_tag","embeddable":true,"href":"https:\/\/ucm.one\/de\/wp-json\/wp\/v2\/product_tag?post=75991"}],"curies":[{"name":"wp","href":"https:\/\/api.w.org\/{rel}","templated":true}]}}