{"id":75953,"date":"2020-02-21T09:25:57","date_gmt":"2020-02-21T09:25:57","guid":{"rendered":"https:\/\/ucm.one\/?post_type=product&#038;p=75953"},"modified":"2025-11-08T11:48:52","modified_gmt":"2025-11-08T11:48:52","slug":"die-maechte-des-lichts","status":"publish","type":"product","link":"https:\/\/ucm.one\/de\/produkt\/die-maechte-des-lichts\/","title":{"rendered":"Die M\u00e4chte des Lichts"},"content":{"rendered":"<div class=\"wpb_text_column wpb_content_element \">\n<div class=\"wpb_wrapper\">\n<div class=\"\">\n<div class=\"wpb_text_column wpb_content_element \">\n<div class=\"wpb_wrapper\">\n<div class=\"wpb_text_column wpb_content_element \">\n<div class=\"wpb_wrapper\">\n<p><span style=\"font-weight: 400\">Der r\u00fccksichtslose Herrscher Traigon (<strong>Roberto Ballesteros<\/strong>) schlie\u00dft einen Pakt mit den M\u00e4chten der Finsternis. Aber die finsteren M\u00e4chte verlangen von ihm ein Blutopfer &#8211; die eigenen Kinder. Traigon, von der Gier nach Macht besessen, z\u00f6gert nicht und schickt seine Krieger, die beiden Zwillingst\u00f6chter Mira (<strong>Leigh Harris)<\/strong> und Mara (<strong>Lynette Harris<\/strong>) zu holen. Doch den beiden gelingt die Flucht und sie reifen in der Einsamkeit ihrerseits zu zwei tapferen Kriegerinnen heran. Als sie dann eines Tages von ihrem Vater mit seinen Horden aufgesp\u00fcrt werden, denn dieser will immer noch das Blutopfer vollbringen, beginnt der dramatische Kampf: Traigon und die M\u00e4chte der Finsternis gegen die zwei amazonengleichen T\u00f6chter, die die M\u00e4chte des Lichts auf ihrer Seite haben&#8230;<\/span><\/p>\n<\/div>\n<\/div>\n<\/div>\n<\/div>\n<\/div>\n<\/div>\n<\/div>\n<div><div class=\"gap\" style=\"line-height: 20px; height: 20px;\"><\/div><\/div>\n<h5>Weitere Informationen<\/h5>\n<div>\n<div>\n<table style=\"height: 46px;width: 100%;border-collapse: collapse;border-color: #ffffff;background-color: #ffffff;border-style: hidden\">\n<tbody>\n<tr style=\"height: 23px;border-style: hidden;border-color: #ffffff;background-color: #ffffff\">\n<td style=\"width: 4.701195219123506%;height: 23px;border-style: hidden\">Film:<\/td>\n<td style=\"width: 95.29880478087651%;height: 23px;border-style: hidden\"><a href=\"https:\/\/ucm.one\/de\/die-maechte-des-lichts\/\">Die M\u00e4chte des Lichts<\/a><\/td>\n<\/tr>\n<tr style=\"height: 23px\">\n<td style=\"width: 4.701195219123506%;height: 23px;border-style: hidden\">Label:<\/td>\n<td style=\"width: 95.29880478087651%;height: 23px;border-style: hidden\"><a title=\"M-Square Pictures\" href=\"https:\/\/ucm.one\/de\/film-labels\/m-square-pictures\/#m-square-classics\">M-Square Classics<\/a><\/td>\n<\/tr>\n<\/tbody>\n<\/table>\n<\/div>\n<div><\/div>\n<\/div>\n<div>\n<div><div class=\"gap\" style=\"line-height: 10px; height: 10px;\"><\/div><\/div>\n<div>\u2117 1982 <strong>Conacine, New World Pictures<\/strong>, \u00a0\u00a9 2020\u00a0<strong>M-Square Classics<\/strong> <span style=\"font-family: 'arial black', sans-serif\"><strong>\/ UCM.ONE<\/strong><\/span><\/div>\n<div><div class=\"gap\" style=\"line-height: 20px; height: 20px;\"><\/div><\/div>\n<div>\n<div><\/div>\n<div>\n<div><div class=\"gap\" style=\"line-height: 10px; height: 10px;\"><\/div><\/div>\n<div><span style=\"color: #003a80\"><strong>\u27a0 <a style=\"color: #003a80\" href=\"https:\/\/ucm.one\/de\/produkt-kategorie\/art-de\/filme-de\/\">zum Shop<\/a><\/strong><\/span><\/div>\n<div><div class=\"gap\" style=\"line-height: 20px; height: 20px;\"><\/div><\/div>\n<\/div>\n<\/div>\n<\/div>\n","protected":false},"excerpt":{"rendered":"<p>Regie:<a href=\"https:\/\/ucm.one\/de\/?s=%22Jack+Hill%22&amp;post_type=product\"> <strong>Jack Hill<\/strong><\/a><\/p>\n<p>Label: <a title=\"M-Square Pictures\" href=\"https:\/\/ucm.one\/de\/produkt-kategorie\/label-film-de\/m-square-classics-de\"><strong>M-Square Classics<\/strong><\/a><\/p>\n<p>Art:\u00a0<strong><a href=\"https:\/\/ucm.one\/de\/produkt-kategorie\/art-de\/filme-de\/\">Film<\/a> (Spielfilm)<\/strong><\/p>\n<p>Genres: <strong><a href=\"https:\/\/ucm.one\/de\/produkt-kategorie\/genre-film-de\/action-de\/\">Action<\/a><\/strong>, <strong><a href=\"https:\/\/ucm.one\/de\/produkt-kategorie\/genre-film-de\/fantasy-de\/\">Fantasy<\/a><\/strong><b><\/b><\/p>\n<p>Jahr: <strong>2020<\/strong><\/p>\n<p>FSK: <strong>16<\/strong><\/p>\n<p>Formate: <strong>Diverse<\/strong><\/p>\n","protected":false},"featured_media":75957,"comment_status":"open","ping_status":"closed","template":"","meta":{"_acf_changed":false},"product_brand":[],"product_cat":[10332,10333,9708,10343,10358,12093,10323,10324,10328,10331],"product_tag":[13967,13968,13969,13970,13962,13963,10326,13964,13965,13966],"class_list":{"0":"post-75953","1":"product","2":"type-product","3":"status-publish","4":"has-post-thumbnail","6":"product_cat-blu-ray-de","7":"product_cat-mediabooks-de","8":"product_cat-filme-de","9":"product_cat-u8-films-berlin-de","10":"product_cat-action-de","11":"product_cat-klassiker-de","12":"product_cat-m-square-pictures-de","13":"product_cat-m-square-classics-de","14":"product_cat-fantasy-de","15":"product_cat-dvd-de","16":"product_tag-bob-nelson","17":"product_tag-david-millbern","18":"product_tag-bruno-rey","19":"product_tag-roberto-ballesteros","20":"product_tag-die-maechte-des-lichts","21":"product_tag-the-sorceress","22":"product_tag-m-square-classics","23":"product_tag-jack-hill","24":"product_tag-leigh-harris","25":"product_tag-lynette-harris","26":"pa_format-blu-ray-de","27":"pa_format-mediabook-blu-ray-dvd","28":"pa_format-dvd","29":"description-off","31":"first","32":"instock","33":"taxable","34":"shipping-taxable","35":"purchasable","36":"product-type-variable"},"acf":[],"yoast_head":"<!-- This site is optimized with the Yoast SEO plugin v27.2 - https:\/\/yoast.com\/product\/yoast-seo-wordpress\/ -->\n<title>Die M\u00e4chte des Lichts<\/title>\n<meta name=\"description\" content=\"Shop | Die M\u00e4chte des Lichts | 2021 | M-Square Classics | Mediabook, Blu-Ray + DVD | FSK 16\" \/>\n<meta name=\"robots\" content=\"index, follow, max-snippet:-1, max-image-preview:large, max-video-preview:-1\" \/>\n<link rel=\"canonical\" href=\"https:\/\/ucm.one\/de\/produkt\/die-maechte-des-lichts\/\" \/>\n<meta property=\"og:locale\" content=\"de_DE\" \/>\n<meta property=\"og:type\" content=\"article\" \/>\n<meta property=\"og:title\" content=\"Die M\u00e4chte des Lichts\" \/>\n<meta property=\"og:description\" content=\"Shop | Die M\u00e4chte des Lichts | 2021 | M-Square Classics | Mediabook, Blu-Ray + DVD | FSK 16\" \/>\n<meta property=\"og:url\" content=\"https:\/\/ucm.one\/de\/produkt\/die-maechte-des-lichts\/\" \/>\n<meta property=\"og:site_name\" content=\"UCM.ONE\" \/>\n<meta property=\"article:modified_time\" content=\"2025-11-08T11:48:52+00:00\" \/>\n<meta property=\"og:image\" content=\"https:\/\/ucm.one\/wp-content\/uploads\/2000\/01\/C-Die-Maechte-des-Lichts-DVD-2D-FSK16.jpg\" \/>\n<meta name=\"twitter:card\" content=\"summary_large_image\" \/>\n<meta name=\"twitter:title\" content=\"Die M\u00e4chte des Lichts\" \/>\n<meta name=\"twitter:description\" content=\"Shop | Die M\u00e4chte des Lichts | 2021 | M-Square Classics | Mediabook, Blu-Ray + DVD | FSK 16\" \/>\n<meta name=\"twitter:image\" content=\"https:\/\/ucm.one\/wp-content\/uploads\/2000\/01\/C-Die-Maechte-des-Lichts-DVD-2D-FSK16.jpg\" \/>\n<meta name=\"twitter:label1\" content=\"Gesch\u00e4tzte Lesezeit\" \/>\n\t<meta name=\"twitter:data1\" content=\"2\u00a0Minuten\" \/>\n<!-- \/ Yoast SEO plugin. -->","yoast_head_json":{"title":"Die M\u00e4chte des Lichts","description":"Shop | Die M\u00e4chte des Lichts | 2021 | M-Square Classics | Mediabook, Blu-Ray + DVD | FSK 16","robots":{"index":"index","follow":"follow","max-snippet":"max-snippet:-1","max-image-preview":"max-image-preview:large","max-video-preview":"max-video-preview:-1"},"canonical":"https:\/\/ucm.one\/de\/produkt\/die-maechte-des-lichts\/","og_locale":"de_DE","og_type":"article","og_title":"Die M\u00e4chte des Lichts","og_description":"Shop | Die M\u00e4chte des Lichts | 2021 | M-Square Classics | Mediabook, Blu-Ray + DVD | FSK 16","og_url":"https:\/\/ucm.one\/de\/produkt\/die-maechte-des-lichts\/","og_site_name":"UCM.ONE","article_modified_time":"2025-11-08T11:48:52+00:00","og_image":[{"url":"https:\/\/ucm.one\/wp-content\/uploads\/2000\/01\/C-Die-Maechte-des-Lichts-DVD-2D-FSK16.jpg","type":"","width":"","height":""}],"twitter_card":"summary_large_image","twitter_title":"Die M\u00e4chte des Lichts","twitter_description":"Shop | Die M\u00e4chte des Lichts | 2021 | M-Square Classics | Mediabook, Blu-Ray + DVD | FSK 16","twitter_image":"https:\/\/ucm.one\/wp-content\/uploads\/2000\/01\/C-Die-Maechte-des-Lichts-DVD-2D-FSK16.jpg","twitter_misc":{"Gesch\u00e4tzte Lesezeit":"2\u00a0Minuten"},"schema":{"@context":"https:\/\/schema.org","@graph":[{"@type":"WebPage","@id":"https:\/\/ucm.one\/de\/produkt\/die-maechte-des-lichts\/","url":"https:\/\/ucm.one\/de\/produkt\/die-maechte-des-lichts\/","name":"Die M\u00e4chte des Lichts","isPartOf":{"@id":"https:\/\/ucm.one\/de\/#website"},"primaryImageOfPage":{"@id":"https:\/\/ucm.one\/de\/produkt\/die-maechte-des-lichts\/#primaryimage"},"image":{"@id":"https:\/\/ucm.one\/de\/produkt\/die-maechte-des-lichts\/#primaryimage"},"thumbnailUrl":"https:\/\/ucm.one\/wp-content\/uploads\/2000\/01\/C-Die-Maechte-des-Lichts-DVD-2D-FSK16.jpg","datePublished":"2020-02-21T09:25:57+00:00","dateModified":"2025-11-08T11:48:52+00:00","description":"Shop | Die M\u00e4chte des Lichts | 2021 | M-Square Classics | Mediabook, Blu-Ray + DVD | FSK 16","breadcrumb":{"@id":"https:\/\/ucm.one\/de\/produkt\/die-maechte-des-lichts\/#breadcrumb"},"inLanguage":"de","potentialAction":[{"@type":"ReadAction","target":["https:\/\/ucm.one\/de\/produkt\/die-maechte-des-lichts\/"]}]},{"@type":"ImageObject","inLanguage":"de","@id":"https:\/\/ucm.one\/de\/produkt\/die-maechte-des-lichts\/#primaryimage","url":"https:\/\/ucm.one\/wp-content\/uploads\/2000\/01\/C-Die-Maechte-des-Lichts-DVD-2D-FSK16.jpg","contentUrl":"https:\/\/ucm.one\/wp-content\/uploads\/2000\/01\/C-Die-Maechte-des-Lichts-DVD-2D-FSK16.jpg","width":1549,"height":2199},{"@type":"BreadcrumbList","@id":"https:\/\/ucm.one\/de\/produkt\/die-maechte-des-lichts\/#breadcrumb","itemListElement":[{"@type":"ListItem","position":1,"name":"Home","item":"https:\/\/ucm.one\/de\/"},{"@type":"ListItem","position":2,"name":"Shop","item":"https:\/\/ucm.one\/de\/shop\/"},{"@type":"ListItem","position":3,"name":"Die M\u00e4chte des Lichts"}]},{"@type":"WebSite","@id":"https:\/\/ucm.one\/de\/#website","url":"https:\/\/ucm.one\/de\/","name":"UCM.ONE","description":"","publisher":{"@id":"https:\/\/ucm.one\/de\/#organization"},"potentialAction":[{"@type":"SearchAction","target":{"@type":"EntryPoint","urlTemplate":"https:\/\/ucm.one\/de\/?s={search_term_string}"},"query-input":{"@type":"PropertyValueSpecification","valueRequired":true,"valueName":"search_term_string"}}],"inLanguage":"de"},{"@type":"Organization","@id":"https:\/\/ucm.one\/de\/#organization","name":"UCM.ONE","url":"https:\/\/ucm.one\/de\/","logo":{"@type":"ImageObject","inLanguage":"de","@id":"https:\/\/ucm.one\/de\/#\/schema\/logo\/image\/","url":"https:\/\/ucm.one\/wp-content\/uploads\/2019\/10\/UCM.ONE-Logo-RGB.svg","contentUrl":"https:\/\/ucm.one\/wp-content\/uploads\/2019\/10\/UCM.ONE-Logo-RGB.svg","width":1,"height":1,"caption":"UCM.ONE"},"image":{"@id":"https:\/\/ucm.one\/de\/#\/schema\/logo\/image\/"}}]}},"_links":{"self":[{"href":"https:\/\/ucm.one\/de\/wp-json\/wp\/v2\/product\/75953","targetHints":{"allow":["GET"]}}],"collection":[{"href":"https:\/\/ucm.one\/de\/wp-json\/wp\/v2\/product"}],"about":[{"href":"https:\/\/ucm.one\/de\/wp-json\/wp\/v2\/types\/product"}],"replies":[{"embeddable":true,"href":"https:\/\/ucm.one\/de\/wp-json\/wp\/v2\/comments?post=75953"}],"wp:featuredmedia":[{"embeddable":true,"href":"https:\/\/ucm.one\/de\/wp-json\/wp\/v2\/media\/75957"}],"wp:attachment":[{"href":"https:\/\/ucm.one\/de\/wp-json\/wp\/v2\/media?parent=75953"}],"wp:term":[{"taxonomy":"product_brand","embeddable":true,"href":"https:\/\/ucm.one\/de\/wp-json\/wp\/v2\/product_brand?post=75953"},{"taxonomy":"product_cat","embeddable":true,"href":"https:\/\/ucm.one\/de\/wp-json\/wp\/v2\/product_cat?post=75953"},{"taxonomy":"product_tag","embeddable":true,"href":"https:\/\/ucm.one\/de\/wp-json\/wp\/v2\/product_tag?post=75953"}],"curies":[{"name":"wp","href":"https:\/\/api.w.org\/{rel}","templated":true}]}}