{"id":75837,"date":"2022-09-07T21:52:24","date_gmt":"2022-09-07T21:52:24","guid":{"rendered":"https:\/\/ucm.one\/?post_type=product&#038;p=75837"},"modified":"2023-08-28T14:39:57","modified_gmt":"2023-08-28T14:39:57","slug":"tom-wax-presents-awex-its-our-future-rico-puestel-remixes","status":"publish","type":"product","link":"https:\/\/ucm.one\/de\/produkt\/tom-wax-presents-awex-its-our-future-rico-puestel-remixes\/","title":{"rendered":"Tom Wax presents AWeX &#8211; It&#8217;s Our Future (Rico Puestel Remixes)"},"content":{"rendered":"<div class=\"wpb-content-wrapper\"><div class=\"vc_row wpb_row vc_row-fluid\">\n<div class=\"wpb_column vc_column_container vc_col-sm-12\">\n<div class=\"vc_column-inner\">\n<div class=\"wpb_wrapper\">\n<div class=\"wpb_text_column wpb_content_element \">\n<div class=\"wpb_wrapper\">\n<div class=\"\">In Zeiten von Social Distancing und Stay-At-Home Anordnungen erscheint es umso nostalgischer, dass einst vor \u00fcber zweieinhalb Dekaden \u00fcber eine Millionen Menschen sich trafen, um auf den Stra\u00dfen Berlins in Harmonie und Losgel\u00f6stheit zu tanzen. Das besagte Treffen nannte sich <strong>Love Parade<\/strong> und brachte damals Tracks hervor, die \u2013 wenn sie auf eben jener Parade gespielt worden waren &#8211; oft zu Hits wurden. Einer dieser Hits ist der\u00a0Track \u201c<strong>It\u2019s Our Future<\/strong>\u201d von <strong>Tom Wax<\/strong> und <strong>Thorsten Adler<\/strong>. Unter ihrem Alter Ego <strong>AWeX<\/strong> produzierten die beiden den Track im Jahr 1994, der dann auf dem Label Plastic City ver\u00f6ffentlicht wurde. Seitdem wurde der Track zahlreiche Male geremixed.<\/div>\n<div><\/div>\n<div class=\"\">Einer der neusten Remixer des Titels ist von <strong>Rico Puestel<\/strong>. Und man halte sich fest: der deutsche DJ und Produzent hat nicht einen, nicht zwei, nicht drei sondern gleich vier (!) Remixes abgeliefert.<\/div>\n<\/div>\n<\/div>\n<\/div>\n<\/div>\n<\/div>\n<\/div>\n<div><\/div>\n<div><div class=\"gap\" style=\"line-height: 20px; height: 20px;\"><\/div><\/div>\n<h5>Weitere Informationen<\/h5>\n<table style=\"height: 45px; width: 100%; border-collapse: collapse; border-color: #ffffff; background-color: #ffffff; border-style: hidden;\">\n<tbody>\n<tr style=\"height: 23px; border-style: hidden; border-color: #ffffff; background-color: #ffffff;\">\n<td style=\"width: 5.669291338582677%; height: 23px; border-style: hidden; border-color: #ffffff; background-color: #ffffff;\">K\u00fcnstler:<\/td>\n<td style=\"width: 94.33070866141732%; height: 23px;\"><a title=\"AWeX\" href=\"https:\/\/ucm.one\/de\/?s=awex&amp;lang=de\">AWeX<\/a><\/td>\n<\/tr>\n<tr style=\"height: 23px;\">\n<td style=\"width: 5.669291338582677%; height: 22px;\">Label:<\/td>\n<td style=\"width: 94.33070866141732%; height: 22px;\"><a title=\"Plastic City\" href=\"https:\/\/ucm.one\/de\/musik-labels\/plastic-city\/\">Plastic City<\/a><\/td>\n<\/tr>\n<\/tbody>\n<\/table>\n<div><\/div>\n<div><div class=\"gap\" style=\"line-height: 10px; height: 10px;\"><\/div><\/div>\n<div>\u2117 &amp;\u00a0\u00a9 2022\u00a0<strong>Plastic City<\/strong> \/ <span style=\"font-family: 'arial black', sans-serif;\"><strong>UCM.ONE<\/strong><\/span><\/div>\n<div><div class=\"gap\" style=\"line-height: 20px; height: 20px;\"><\/div><\/div>\n<div>\n<div><\/div>\n<div><div class=\"gap\" style=\"line-height: 10px; height: 10px;\"><\/div><\/div>\n<div><span style=\"color: #003a80;\"><strong>\u27a0 <a style=\"color: #003a80;\" title=\"\" href=\"https:\/\/ucm.one\/de\/produkt-kategorie\/art-de\/musik-de\/\">zum Shop<\/a><\/strong><\/span><\/div>\n<div><div class=\"gap\" style=\"line-height: 20px; height: 20px;\"><\/div><\/div>\n<\/div>\n<\/div>","protected":false},"excerpt":{"rendered":"<p>Artist:\u00a0<strong><a title=\"Tom Wax presents AWeX\" href=\"https:\/\/ucm.one\/de\/?s=AWeX&amp;post_type=product\">Tom Wax presents AWeX<\/a><\/strong><\/p>\n<p>Label:\u00a0<a title=\"Plastic City\" href=\"https:\/\/ucm.one\/de\/produkt-kategorie\/label-musik-de\/plastic-city-de\/\"><b>Plastic City<\/b><\/a><\/p>\n<p>Art:\u00a0<strong><a href=\"https:\/\/ucm.one\/de\/produkt-kategorie\/art-de\/musik-de\/\">Musik<\/a>\u00a0(Single)<\/strong><\/p>\n<p>Genres:\u00a0<b><a title=\"\" href=\"https:\/\/ucm.one\/de\/produkt-kategorie\/genre-musik-de\/dance-de\/tech-house-de\/\">Tech-House<\/a>, <a href=\"https:\/\/ucm.one\/de\/produkt-kategorie\/genre-musik-de\/dance-de\/techno-de\/\">Techno<\/a><\/b><\/p>\n<p>Jahr: <strong>2022<\/strong><\/p>\n<p>Format: <strong>Vinyl (12&#8243;)<\/strong><\/p>\n","protected":false},"featured_media":75838,"comment_status":"open","ping_status":"closed","template":"","meta":{"_acf_changed":false},"product_brand":[],"product_cat":[9714,9797,9857,10315,10316,10318,9713],"product_tag":[12973,9805,13942,13943,13944,13945,13946,10376,10380],"class_list":{"0":"post-75837","1":"product","2":"type-product","3":"status-publish","4":"has-post-thumbnail","6":"product_cat-vinyl-de","7":"product_cat-techno-de","8":"product_cat-dance-de","9":"product_cat-plastic-city-de","10":"product_cat-tech-house-de","11":"product_cat-progressive-trance","12":"product_cat-musik-de","13":"product_tag-tom-wax","14":"product_tag-techno","15":"product_tag-awex","16":"product_tag-tom-wax-presents-awex","17":"product_tag-its-our-future","18":"product_tag-loveparade","19":"product_tag-rico-puestel","20":"product_tag-plastic-city","21":"product_tag-tech-house","22":"product_shipping_class-vinyl-2","23":"pa_format-12-black-vinyl","24":"description-off","26":"first","27":"instock","28":"taxable","29":"shipping-taxable","30":"purchasable","31":"product-type-variable","32":"has-default-attributes"},"acf":[],"yoast_head":"<!-- This site is optimized with the Yoast SEO plugin v27.2 - https:\/\/yoast.com\/product\/yoast-seo-wordpress\/ -->\n<title>Tom Wax presents AWeX - It&#039;s Our Future (Rico Puestel Remixes)<\/title>\n<meta name=\"description\" content=\"Shop | Tom Wax presents AWeX - It&#039;s Our Future (Rico Puestel Remixes) | 2022 | Plastic City | 12&quot; (Black Vinyl)\" \/>\n<meta name=\"robots\" content=\"index, follow, max-snippet:-1, max-image-preview:large, max-video-preview:-1\" \/>\n<link rel=\"canonical\" href=\"https:\/\/ucm.one\/de\/produkt\/tom-wax-presents-awex-its-our-future-rico-puestel-remixes\/\" \/>\n<meta property=\"og:locale\" content=\"de_DE\" \/>\n<meta property=\"og:type\" content=\"article\" \/>\n<meta property=\"og:title\" content=\"Tom Wax presents AWeX - It&#039;s Our Future (Rico Puestel Remixes)\" \/>\n<meta property=\"og:description\" content=\"Shop | Tom Wax presents AWeX - It&#039;s Our Future (Rico Puestel Remixes) | 2022 | Plastic City | 12&quot; (Black Vinyl)\" \/>\n<meta property=\"og:url\" content=\"https:\/\/ucm.one\/de\/produkt\/tom-wax-presents-awex-its-our-future-rico-puestel-remixes\/\" \/>\n<meta property=\"og:site_name\" content=\"UCM.ONE\" \/>\n<meta property=\"article:modified_time\" content=\"2023-08-28T14:39:57+00:00\" \/>\n<meta property=\"og:image\" content=\"https:\/\/ucm.one\/wp-content\/uploads\/2022\/09\/C-Tom-Wax-presents-AWeX-Its-Our-Future-Rico-Puestel-Remixes.jpg\" \/>\n<meta name=\"twitter:card\" content=\"summary_large_image\" \/>\n<meta name=\"twitter:title\" content=\"Tom Wax presents AWeX - It&#039;s Our Future (Rico Puestel Remixes)\" \/>\n<meta name=\"twitter:description\" content=\"Shop | Tom Wax presents AWeX - It&#039;s Our Future (Rico Puestel Remixes) | 2022 | Plastic City | 12&quot; (Black Vinyl)\" \/>\n<meta name=\"twitter:image\" content=\"https:\/\/ucm.one\/wp-content\/uploads\/2022\/09\/C-Tom-Wax-presents-AWeX-Its-Our-Future-Rico-Puestel-Remixes.jpg\" \/>\n<meta name=\"twitter:label1\" content=\"Gesch\u00e4tzte Lesezeit\" \/>\n\t<meta name=\"twitter:data1\" content=\"1\u00a0Minute\" \/>\n<!-- \/ Yoast SEO plugin. -->","yoast_head_json":{"title":"Tom Wax presents AWeX - It's Our Future (Rico Puestel Remixes)","description":"Shop | Tom Wax presents AWeX - It's Our Future (Rico Puestel Remixes) | 2022 | Plastic City | 12\" (Black Vinyl)","robots":{"index":"index","follow":"follow","max-snippet":"max-snippet:-1","max-image-preview":"max-image-preview:large","max-video-preview":"max-video-preview:-1"},"canonical":"https:\/\/ucm.one\/de\/produkt\/tom-wax-presents-awex-its-our-future-rico-puestel-remixes\/","og_locale":"de_DE","og_type":"article","og_title":"Tom Wax presents AWeX - It's Our Future (Rico Puestel Remixes)","og_description":"Shop | Tom Wax presents AWeX - It's Our Future (Rico Puestel Remixes) | 2022 | Plastic City | 12\" (Black Vinyl)","og_url":"https:\/\/ucm.one\/de\/produkt\/tom-wax-presents-awex-its-our-future-rico-puestel-remixes\/","og_site_name":"UCM.ONE","article_modified_time":"2023-08-28T14:39:57+00:00","og_image":[{"url":"https:\/\/ucm.one\/wp-content\/uploads\/2022\/09\/C-Tom-Wax-presents-AWeX-Its-Our-Future-Rico-Puestel-Remixes.jpg","type":"","width":"","height":""}],"twitter_card":"summary_large_image","twitter_title":"Tom Wax presents AWeX - It's Our Future (Rico Puestel Remixes)","twitter_description":"Shop | Tom Wax presents AWeX - It's Our Future (Rico Puestel Remixes) | 2022 | Plastic City | 12\" (Black Vinyl)","twitter_image":"https:\/\/ucm.one\/wp-content\/uploads\/2022\/09\/C-Tom-Wax-presents-AWeX-Its-Our-Future-Rico-Puestel-Remixes.jpg","twitter_misc":{"Gesch\u00e4tzte Lesezeit":"1\u00a0Minute"},"schema":{"@context":"https:\/\/schema.org","@graph":[{"@type":"WebPage","@id":"https:\/\/ucm.one\/de\/produkt\/tom-wax-presents-awex-its-our-future-rico-puestel-remixes\/","url":"https:\/\/ucm.one\/de\/produkt\/tom-wax-presents-awex-its-our-future-rico-puestel-remixes\/","name":"Tom Wax presents AWeX - It's Our Future (Rico Puestel Remixes)","isPartOf":{"@id":"https:\/\/ucm.one\/de\/#website"},"primaryImageOfPage":{"@id":"https:\/\/ucm.one\/de\/produkt\/tom-wax-presents-awex-its-our-future-rico-puestel-remixes\/#primaryimage"},"image":{"@id":"https:\/\/ucm.one\/de\/produkt\/tom-wax-presents-awex-its-our-future-rico-puestel-remixes\/#primaryimage"},"thumbnailUrl":"https:\/\/ucm.one\/wp-content\/uploads\/2022\/09\/C-Tom-Wax-presents-AWeX-Its-Our-Future-Rico-Puestel-Remixes.jpg","datePublished":"2022-09-07T21:52:24+00:00","dateModified":"2023-08-28T14:39:57+00:00","description":"Shop | Tom Wax presents AWeX - It's Our Future (Rico Puestel Remixes) | 2022 | Plastic City | 12\" (Black Vinyl)","breadcrumb":{"@id":"https:\/\/ucm.one\/de\/produkt\/tom-wax-presents-awex-its-our-future-rico-puestel-remixes\/#breadcrumb"},"inLanguage":"de","potentialAction":[{"@type":"ReadAction","target":["https:\/\/ucm.one\/de\/produkt\/tom-wax-presents-awex-its-our-future-rico-puestel-remixes\/"]}]},{"@type":"ImageObject","inLanguage":"de","@id":"https:\/\/ucm.one\/de\/produkt\/tom-wax-presents-awex-its-our-future-rico-puestel-remixes\/#primaryimage","url":"https:\/\/ucm.one\/wp-content\/uploads\/2022\/09\/C-Tom-Wax-presents-AWeX-Its-Our-Future-Rico-Puestel-Remixes.jpg","contentUrl":"https:\/\/ucm.one\/wp-content\/uploads\/2022\/09\/C-Tom-Wax-presents-AWeX-Its-Our-Future-Rico-Puestel-Remixes.jpg","width":1000,"height":1000},{"@type":"BreadcrumbList","@id":"https:\/\/ucm.one\/de\/produkt\/tom-wax-presents-awex-its-our-future-rico-puestel-remixes\/#breadcrumb","itemListElement":[{"@type":"ListItem","position":1,"name":"Home","item":"https:\/\/ucm.one\/de\/"},{"@type":"ListItem","position":2,"name":"Shop","item":"https:\/\/ucm.one\/de\/shop\/"},{"@type":"ListItem","position":3,"name":"Tom Wax presents AWeX &#8211; It&#8217;s Our Future (Rico Puestel Remixes)"}]},{"@type":"WebSite","@id":"https:\/\/ucm.one\/de\/#website","url":"https:\/\/ucm.one\/de\/","name":"UCM.ONE","description":"","publisher":{"@id":"https:\/\/ucm.one\/de\/#organization"},"potentialAction":[{"@type":"SearchAction","target":{"@type":"EntryPoint","urlTemplate":"https:\/\/ucm.one\/de\/?s={search_term_string}"},"query-input":{"@type":"PropertyValueSpecification","valueRequired":true,"valueName":"search_term_string"}}],"inLanguage":"de"},{"@type":"Organization","@id":"https:\/\/ucm.one\/de\/#organization","name":"UCM.ONE","url":"https:\/\/ucm.one\/de\/","logo":{"@type":"ImageObject","inLanguage":"de","@id":"https:\/\/ucm.one\/de\/#\/schema\/logo\/image\/","url":"https:\/\/ucm.one\/wp-content\/uploads\/2019\/10\/UCM.ONE-Logo-RGB.svg","contentUrl":"https:\/\/ucm.one\/wp-content\/uploads\/2019\/10\/UCM.ONE-Logo-RGB.svg","width":1,"height":1,"caption":"UCM.ONE"},"image":{"@id":"https:\/\/ucm.one\/de\/#\/schema\/logo\/image\/"}}]}},"_links":{"self":[{"href":"https:\/\/ucm.one\/de\/wp-json\/wp\/v2\/product\/75837","targetHints":{"allow":["GET"]}}],"collection":[{"href":"https:\/\/ucm.one\/de\/wp-json\/wp\/v2\/product"}],"about":[{"href":"https:\/\/ucm.one\/de\/wp-json\/wp\/v2\/types\/product"}],"replies":[{"embeddable":true,"href":"https:\/\/ucm.one\/de\/wp-json\/wp\/v2\/comments?post=75837"}],"wp:featuredmedia":[{"embeddable":true,"href":"https:\/\/ucm.one\/de\/wp-json\/wp\/v2\/media\/75838"}],"wp:attachment":[{"href":"https:\/\/ucm.one\/de\/wp-json\/wp\/v2\/media?parent=75837"}],"wp:term":[{"taxonomy":"product_brand","embeddable":true,"href":"https:\/\/ucm.one\/de\/wp-json\/wp\/v2\/product_brand?post=75837"},{"taxonomy":"product_cat","embeddable":true,"href":"https:\/\/ucm.one\/de\/wp-json\/wp\/v2\/product_cat?post=75837"},{"taxonomy":"product_tag","embeddable":true,"href":"https:\/\/ucm.one\/de\/wp-json\/wp\/v2\/product_tag?post=75837"}],"curies":[{"name":"wp","href":"https:\/\/api.w.org\/{rel}","templated":true}]}}