{"id":75771,"date":"2021-10-29T13:59:17","date_gmt":"2021-10-29T13:59:17","guid":{"rendered":"https:\/\/ucm.one\/?post_type=product&#038;p=75771"},"modified":"2025-11-09T20:00:30","modified_gmt":"2025-11-09T20:00:30","slug":"barbarian-queen","status":"publish","type":"product","link":"https:\/\/ucm.one\/de\/produkt\/barbarian-queen\/","title":{"rendered":"Barbarian Queen"},"content":{"rendered":"<div class=\"wpb_text_column wpb_content_element \">\n<div class=\"wpb_wrapper\">\n<div class=\"\">\n<div class=\"wpb_text_column wpb_content_element \">\n<div class=\"wpb_wrapper\">\n<div class=\"wpb_text_column wpb_content_element \">\n<div class=\"wpb_wrapper\">\n<p><span style=\"font-weight: 400\">Irgendwann w\u00e4hrend der fr\u00fchen Eisenzeit bereiten die Bewohner eines einfachen Dorfes die Hochzeit ihres Prinzen Argan (<strong>Frank Zagarino<\/strong>) mit der sch\u00f6nen Amathea (<strong>Lana Clarkson<\/strong>) vor, als sie pl\u00f6tzlich von k\u00f6niglichen Truppen angegriffen und ausgepl\u00fcndert werden. Nur Amathea kann mit zwei der st\u00e4rksten Kriegerinnen entkommen. Die drei Frauen setzen nun alles daran, die Schwester von Amathea, die als Sklavin verschleppt wurde, und Argan, der in einer Gladiatorenarena um sein Leben k\u00e4mpfen soll, zu befreien. Nachdem jedoch ihre Mitstreiterinnen get\u00f6tet worden sind und Amathea selbst brutal gefoltert und vergewaltigt wurde, wird sie von einer im Untergrund lebenden Widerstandsbewegung befreit. Amathea startet nun mit ihren neuen Freunden einen \u00e4u\u00dferst blutigen Rachefeldzug\u2026<\/span><\/p>\n<\/div>\n<\/div>\n<\/div>\n<\/div>\n<\/div>\n<\/div>\n<\/div>\n<div><div class=\"gap\" style=\"line-height: 20px; height: 20px;\"><\/div><\/div>\n<h5>Weitere Informationen<\/h5>\n<div>\n<div>\n<table style=\"height: 46px;width: 100%;border-collapse: collapse;border-color: #ffffff;background-color: #ffffff;border-style: hidden\">\n<tbody>\n<tr style=\"height: 23px\">\n<td style=\"width: 4.701195219123506%;height: 23px;border-style: hidden\">Label:<\/td>\n<td style=\"width: 95.29880478087651%;height: 23px;border-style: hidden\"><a title=\"M-Square Pictures\" href=\"https:\/\/ucm.one\/de\/film-labels\/m-square-pictures\/#m-square-classics\">M-Square Classics<\/a><\/td>\n<\/tr>\n<\/tbody>\n<\/table>\n<\/div>\n<div><\/div>\n<\/div>\n<div>\n<div><div class=\"gap\" style=\"line-height: 10px; height: 10px;\"><\/div><\/div>\n<div>\u2117 1985 <strong>Aries Cinematogr\u00e1fica Argentina, Rodeo Productions<\/strong>, \u00a9 2021 <strong>M-Square Classics<\/strong><span style=\"font-family: 'arial black', sans-serif\"><strong>\u00a0\/ UCM.ONE<\/strong><\/span><\/div>\n<div><div class=\"gap\" style=\"line-height: 20px; height: 20px;\"><\/div><\/div>\n<div>\n<div><\/div>\n<div>\n<div><div class=\"gap\" style=\"line-height: 10px; height: 10px;\"><\/div><\/div>\n<div><span style=\"color: #003a80\"><strong>\u27a0 <a style=\"color: #003a80\" href=\"https:\/\/ucm.one\/de\/produkt-kategorie\/art-de\/filme-de\/\">zum Shop<\/a><\/strong><\/span><\/div>\n<div><div class=\"gap\" style=\"line-height: 20px; height: 20px;\"><\/div><\/div>\n<\/div>\n<\/div>\n<\/div>\n","protected":false},"excerpt":{"rendered":"<p>Regie: <a href=\"https:\/\/ucm.one\/de\/?s=%22H%C3%A9ctor+Olivera%22&amp;post_type=product\"><strong>H\u00e9ctor Olivera<\/strong><\/a><\/p>\n<p>Label: <a title=\"M-Square Pictures\" href=\"https:\/\/ucm.one\/de\/produkt-kategorie\/label-film-de\/m-square-classics-de\"><strong>M-Square Classics<\/strong><\/a><\/p>\n<p>Art:\u00a0<strong><a href=\"https:\/\/ucm.one\/de\/produkt-kategorie\/art-de\/filme-de\/\">Film<\/a> (Spielfilm)<\/strong><\/p>\n<p>Genres: <strong><a href=\"https:\/\/ucm.one\/de\/produkt-kategorie\/genre-film-de\/action-de\/\">Action<\/a><\/strong>, <strong><a href=\"https:\/\/ucm.one\/de\/produkt-kategorie\/genre-film-de\/fantasy-de\/\">Fantasy<\/a><\/strong><b><\/b><\/p>\n<p>Jahr: <strong>2021<\/strong><\/p>\n<p>FSK: <strong>18<\/strong><\/p>\n<p>Formate: <strong>Diverse<\/strong><\/p>\n","protected":false},"featured_media":75934,"comment_status":"open","ping_status":"closed","template":"","meta":{"_acf_changed":false},"product_brand":[],"product_cat":[10328,10331,10332,10333,9708,10343,10358,12093,10323,10324],"product_tag":[12931,10326,12932,12935,13955,13956,13957,13958,13959,13960,13961,12916],"class_list":{"0":"post-75771","1":"product","2":"type-product","3":"status-publish","4":"has-post-thumbnail","6":"product_cat-fantasy-de","7":"product_cat-dvd-de","8":"product_cat-blu-ray-de","9":"product_cat-mediabooks-de","10":"product_cat-filme-de","11":"product_cat-u8-films-berlin-de","12":"product_cat-action-de","13":"product_cat-klassiker-de","14":"product_cat-m-square-pictures-de","15":"product_cat-m-square-classics-de","16":"product_tag-im-reich-der-amazonen","17":"product_tag-m-square-classics","18":"product_tag-amazons","19":"product_tag-hector-olivera","20":"product_tag-barbarian-queen","21":"product_tag-frank-zagarino","22":"product_tag-katt-shea","23":"product_tag-lana-clarkson","24":"product_tag-susana-traverso","25":"product_tag-red-sonja","26":"product_tag-conan","27":"product_tag-dawn-dunlap","28":"pa_format-blu-ray-de","29":"pa_format-mediabook-blu-ray-dvd","30":"pa_format-dvd","31":"description-off","33":"first","34":"instock","35":"taxable","36":"shipping-taxable","37":"purchasable","38":"product-type-variable"},"acf":[],"yoast_head":"<!-- This site is optimized with the Yoast SEO plugin v27.5 - https:\/\/yoast.com\/product\/yoast-seo-wordpress\/ -->\n<title>Barbarian Queen<\/title>\n<meta name=\"description\" content=\"Shop | Barbarian Queen | 2021 | M-Square Classics | Blu-Ray + DVD | FSK 18\" \/>\n<meta name=\"robots\" content=\"index, follow, max-snippet:-1, max-image-preview:large, max-video-preview:-1\" \/>\n<link rel=\"canonical\" href=\"https:\/\/ucm.one\/de\/produkt\/barbarian-queen\/\" \/>\n<meta property=\"og:locale\" content=\"de_DE\" \/>\n<meta property=\"og:type\" content=\"article\" \/>\n<meta property=\"og:title\" content=\"Barbarian Queen\" \/>\n<meta property=\"og:description\" content=\"Shop | Barbarian Queen | 2021 | M-Square Classics | Blu-Ray + DVD | FSK 18\" \/>\n<meta property=\"og:url\" content=\"https:\/\/ucm.one\/de\/produkt\/barbarian-queen\/\" \/>\n<meta property=\"og:site_name\" content=\"UCM.ONE\" \/>\n<meta property=\"article:modified_time\" content=\"2025-11-09T20:00:30+00:00\" \/>\n<meta property=\"og:image\" content=\"https:\/\/ucm.one\/wp-content\/uploads\/2000\/01\/C-Barbarian-Queen-DVD-2D-FSK18.jpg\" \/>\n<meta name=\"twitter:card\" content=\"summary_large_image\" \/>\n<meta name=\"twitter:title\" content=\"Im Reich der Amazonen\" \/>\n<meta name=\"twitter:description\" content=\"Shop | Barbarian Queen | 2021 | M-Square Classics | Blu-Ray + DVD | FSK 18\" \/>\n<meta name=\"twitter:image\" content=\"https:\/\/ucm.one\/wp-content\/uploads\/2000\/01\/C-Barbarian-Queen-DVD-2D-FSK18.jpg\" \/>\n<meta name=\"twitter:label1\" content=\"Gesch\u00e4tzte Lesezeit\" \/>\n\t<meta name=\"twitter:data1\" content=\"2\u00a0Minuten\" \/>\n<!-- \/ Yoast SEO plugin. -->","yoast_head_json":{"title":"Barbarian Queen","description":"Shop | Barbarian Queen | 2021 | M-Square Classics | Blu-Ray + DVD | FSK 18","robots":{"index":"index","follow":"follow","max-snippet":"max-snippet:-1","max-image-preview":"max-image-preview:large","max-video-preview":"max-video-preview:-1"},"canonical":"https:\/\/ucm.one\/de\/produkt\/barbarian-queen\/","og_locale":"de_DE","og_type":"article","og_title":"Barbarian Queen","og_description":"Shop | Barbarian Queen | 2021 | M-Square Classics | Blu-Ray + DVD | FSK 18","og_url":"https:\/\/ucm.one\/de\/produkt\/barbarian-queen\/","og_site_name":"UCM.ONE","article_modified_time":"2025-11-09T20:00:30+00:00","og_image":[{"url":"https:\/\/ucm.one\/wp-content\/uploads\/2000\/01\/C-Barbarian-Queen-DVD-2D-FSK18.jpg","type":"","width":"","height":""}],"twitter_card":"summary_large_image","twitter_title":"Im Reich der Amazonen","twitter_description":"Shop | Barbarian Queen | 2021 | M-Square Classics | Blu-Ray + DVD | FSK 18","twitter_image":"https:\/\/ucm.one\/wp-content\/uploads\/2000\/01\/C-Barbarian-Queen-DVD-2D-FSK18.jpg","twitter_misc":{"Gesch\u00e4tzte Lesezeit":"2\u00a0Minuten"},"schema":{"@context":"https:\/\/schema.org","@graph":[{"@type":"WebPage","@id":"https:\/\/ucm.one\/de\/produkt\/barbarian-queen\/","url":"https:\/\/ucm.one\/de\/produkt\/barbarian-queen\/","name":"Barbarian Queen","isPartOf":{"@id":"https:\/\/ucm.one\/de\/#website"},"primaryImageOfPage":{"@id":"https:\/\/ucm.one\/de\/produkt\/barbarian-queen\/#primaryimage"},"image":{"@id":"https:\/\/ucm.one\/de\/produkt\/barbarian-queen\/#primaryimage"},"thumbnailUrl":"https:\/\/ucm.one\/wp-content\/uploads\/2000\/01\/C-Barbarian-Queen-MB-2D-FSK18.jpg","datePublished":"2021-10-29T13:59:17+00:00","dateModified":"2025-11-09T20:00:30+00:00","description":"Shop | Barbarian Queen | 2021 | M-Square Classics | Blu-Ray + DVD | FSK 18","breadcrumb":{"@id":"https:\/\/ucm.one\/de\/produkt\/barbarian-queen\/#breadcrumb"},"inLanguage":"de","potentialAction":[{"@type":"ReadAction","target":["https:\/\/ucm.one\/de\/produkt\/barbarian-queen\/"]}]},{"@type":"ImageObject","inLanguage":"de","@id":"https:\/\/ucm.one\/de\/produkt\/barbarian-queen\/#primaryimage","url":"https:\/\/ucm.one\/wp-content\/uploads\/2000\/01\/C-Barbarian-Queen-MB-2D-FSK18.jpg","contentUrl":"https:\/\/ucm.one\/wp-content\/uploads\/2000\/01\/C-Barbarian-Queen-MB-2D-FSK18.jpg","width":699,"height":1000},{"@type":"BreadcrumbList","@id":"https:\/\/ucm.one\/de\/produkt\/barbarian-queen\/#breadcrumb","itemListElement":[{"@type":"ListItem","position":1,"name":"Home","item":"https:\/\/ucm.one\/de\/"},{"@type":"ListItem","position":2,"name":"Shop","item":"https:\/\/ucm.one\/de\/shop\/"},{"@type":"ListItem","position":3,"name":"Barbarian Queen"}]},{"@type":"WebSite","@id":"https:\/\/ucm.one\/de\/#website","url":"https:\/\/ucm.one\/de\/","name":"UCM.ONE","description":"","publisher":{"@id":"https:\/\/ucm.one\/de\/#organization"},"potentialAction":[{"@type":"SearchAction","target":{"@type":"EntryPoint","urlTemplate":"https:\/\/ucm.one\/de\/?s={search_term_string}"},"query-input":{"@type":"PropertyValueSpecification","valueRequired":true,"valueName":"search_term_string"}}],"inLanguage":"de"},{"@type":"Organization","@id":"https:\/\/ucm.one\/de\/#organization","name":"UCM.ONE","url":"https:\/\/ucm.one\/de\/","logo":{"@type":"ImageObject","inLanguage":"de","@id":"https:\/\/ucm.one\/de\/#\/schema\/logo\/image\/","url":"https:\/\/ucm.one\/wp-content\/uploads\/2019\/10\/UCM.ONE-Logo-RGB.svg","contentUrl":"https:\/\/ucm.one\/wp-content\/uploads\/2019\/10\/UCM.ONE-Logo-RGB.svg","width":1,"height":1,"caption":"UCM.ONE"},"image":{"@id":"https:\/\/ucm.one\/de\/#\/schema\/logo\/image\/"}}]}},"_links":{"self":[{"href":"https:\/\/ucm.one\/de\/wp-json\/wp\/v2\/product\/75771","targetHints":{"allow":["GET"]}}],"collection":[{"href":"https:\/\/ucm.one\/de\/wp-json\/wp\/v2\/product"}],"about":[{"href":"https:\/\/ucm.one\/de\/wp-json\/wp\/v2\/types\/product"}],"replies":[{"embeddable":true,"href":"https:\/\/ucm.one\/de\/wp-json\/wp\/v2\/comments?post=75771"}],"wp:featuredmedia":[{"embeddable":true,"href":"https:\/\/ucm.one\/de\/wp-json\/wp\/v2\/media\/75934"}],"wp:attachment":[{"href":"https:\/\/ucm.one\/de\/wp-json\/wp\/v2\/media?parent=75771"}],"wp:term":[{"taxonomy":"product_brand","embeddable":true,"href":"https:\/\/ucm.one\/de\/wp-json\/wp\/v2\/product_brand?post=75771"},{"taxonomy":"product_cat","embeddable":true,"href":"https:\/\/ucm.one\/de\/wp-json\/wp\/v2\/product_cat?post=75771"},{"taxonomy":"product_tag","embeddable":true,"href":"https:\/\/ucm.one\/de\/wp-json\/wp\/v2\/product_tag?post=75771"}],"curies":[{"name":"wp","href":"https:\/\/api.w.org\/{rel}","templated":true}]}}