{"id":75690,"date":"2020-06-12T11:48:02","date_gmt":"2020-06-12T11:48:02","guid":{"rendered":"https:\/\/ucm.one\/?post_type=product&#038;p=75690"},"modified":"2023-07-17T13:23:48","modified_gmt":"2023-07-17T13:23:48","slug":"brain-dead","status":"publish","type":"product","link":"https:\/\/ucm.one\/de\/produkt\/brain-dead\/","title":{"rendered":"Brain Dead"},"content":{"rendered":"<div class=\"wpb_text_column wpb_content_element \">\n<div class=\"wpb_wrapper\">\n<div class=\"\">\n<div class=\"wpb_text_column wpb_content_element \">\n<div class=\"wpb_wrapper\">\n<div class=\"wpb_text_column wpb_content_element \">\n<div class=\"wpb_wrapper\">\n<p><span style=\"font-weight: 400;\">Das Eunice-Forschungsinstitut, f\u00fcr das Jim Reston (<strong>Bill Paxton<\/strong>) arbeitet, befindet sich in einer schwierigen Lage. Sein wichtigster Wissenschaftler, Dr. Jack Halsey (<strong>Bud Cort<\/strong>), hat im Wahn seine Familie grausam umgebracht und lebt nun dem Wahnsinn verfallen in einer Nervenheilanstalt. Doch ohne die wichtigen Informationen, die nur in Halseys Gehirn gespeichert sind, ist das aktuelle Projekt gef\u00e4hrdet. Reston kennt jedoch eine L\u00f6sung f\u00fcr das Problem: Sein alter Freund Dr. Rex Martin (<strong>Bill Pullman<\/strong>) ist als erfahrener Hirnspezialist in der Lage, an die Informationen zu gelangen. Und tats\u00e4chlich kann Martin mit einem Eingriff Erfolge verzeichnen, aber dann l\u00e4uft alles bizarr aus dem Ruder. Er f\u00fchlt sich von einem seltsamen Mann (<strong>Nicholas Pryor<\/strong>) verfolgt und glaubt, dass ihm die Kontrolle \u00fcber sein Leben immer weiter entgleitet&#8230;<\/span><\/p>\n<div><\/div>\n<\/div>\n<\/div>\n<\/div>\n<\/div>\n<\/div>\n<\/div>\n<\/div>\n<div><div class=\"gap\" style=\"line-height: 20px; height: 20px;\"><\/div><\/div>\n<h5>Weitere Informationen<\/h5>\n<div>\n<div>\n<table style=\"height: 46px; width: 100%; border-collapse: collapse; border-color: #ffffff; background-color: #ffffff; border-style: hidden;\">\n<tbody>\n<tr style=\"height: 23px;\">\n<td style=\"width: 4.701195219123506%; height: 23px; border-style: hidden;\">Label:<\/td>\n<td style=\"width: 95.29880478087651%; height: 23px; border-style: hidden;\"><a title=\"M-Square Pictures\" href=\"https:\/\/ucm.one\/de\/film-labels\/m-square-pictures\/#m-square-classics\">M-Square Classics<\/a><\/td>\n<\/tr>\n<\/tbody>\n<\/table>\n<\/div>\n<div><\/div>\n<\/div>\n<div>\n<div><div class=\"gap\" style=\"line-height: 10px; height: 10px;\"><\/div><\/div>\n<div>\u2117 1990 <strong>Concorde Pictures, New Horizons,<\/strong> \u00a9 2020 <strong>M-Square Classics \/ <span style=\"font-family: 'arial black', sans-serif;\">UCM.ONE<\/span><\/strong><\/div>\n<div><div class=\"gap\" style=\"line-height: 20px; height: 20px;\"><\/div><\/div>\n<div>\n<div><\/div>\n<div>\n<div><div class=\"gap\" style=\"line-height: 10px; height: 10px;\"><\/div><\/div>\n<div><span style=\"color: #003a80;\"><strong>\u27a0 <a style=\"color: #003a80;\" href=\"https:\/\/ucm.one\/de\/produkt-kategorie\/art-de\/filme-de\/\">zum Shop<\/a><\/strong><\/span><\/div>\n<div><div class=\"gap\" style=\"line-height: 20px; height: 20px;\"><\/div><\/div>\n<\/div>\n<\/div>\n<\/div>\n","protected":false},"excerpt":{"rendered":"<p>Regie: <a href=\"https:\/\/ucm.one\/de\/?s=%22Adam+Simon%22&amp;post_type=product\"><strong>Adam Simon<\/strong><\/a><\/p>\n<p>Label: <a title=\"M-Square Pictures\" href=\"https:\/\/ucm.one\/de\/produkt-kategorie\/label-film-de\/m-square-classics-de\"><strong>M-Square Classics<\/strong><\/a><\/p>\n<p>Art:\u00a0<strong><a href=\"https:\/\/ucm.one\/de\/produkt-kategorie\/art-de\/filme-de\/\">Film<\/a> (Spielfilm)<\/strong><\/p>\n<p>Genres: <strong><a title=\"Horror\" href=\"https:\/\/ucm.one\/de\/produkt-kategorie\/genre-film-de\/horror-de\/\">Horror<\/a>, <a title=\"Mystery\" href=\"https:\/\/ucm.one\/de\/produkt-kategorie\/genre-film-de\/mystery-de\/\">Mystery<\/a><\/strong><b><\/b><\/p>\n<p>Jahr: <strong>2020<\/strong><\/p>\n<p>FSK: <strong>16<\/strong><\/p>\n<p>Formate: <strong>Diverse<\/strong><\/p>\n","protected":false},"featured_media":75779,"comment_status":"open","ping_status":"closed","template":"","meta":{"_acf_changed":false},"product_brand":[],"product_cat":[10327,10329,10331,10332,9708,12093,10323,10324],"product_tag":[],"class_list":{"0":"post-75690","1":"product","2":"type-product","3":"status-publish","4":"has-post-thumbnail","6":"product_cat-horror-de","7":"product_cat-mystery-de","8":"product_cat-dvd-de","9":"product_cat-blu-ray-de","10":"product_cat-filme-de","11":"product_cat-klassiker-de","12":"product_cat-m-square-pictures-de","13":"product_cat-m-square-classics-de","14":"pa_format-dvd","15":"pa_format-blu-ray-de","16":"pa_format-mediabook-blu-ray-dvd","17":"description-off","19":"first","20":"instock","21":"taxable","22":"shipping-taxable","23":"purchasable","24":"product-type-variable"},"acf":[],"yoast_head":"<!-- This site is optimized with the Yoast SEO plugin v27.2 - https:\/\/yoast.com\/product\/yoast-seo-wordpress\/ -->\n<title>Brain Dead<\/title>\n<meta name=\"description\" content=\"Shop | Brain Dead | 2020 | M-Square Classics | Blu-Ray + DVD | FSK 16\" \/>\n<meta name=\"robots\" content=\"index, follow, max-snippet:-1, max-image-preview:large, max-video-preview:-1\" \/>\n<link rel=\"canonical\" href=\"https:\/\/ucm.one\/de\/produkt\/brain-dead\/\" \/>\n<meta property=\"og:locale\" content=\"de_DE\" \/>\n<meta property=\"og:type\" content=\"article\" \/>\n<meta property=\"og:title\" content=\"Brain Dead\" \/>\n<meta property=\"og:description\" content=\"Shop | Brain Dead | 2020 | M-Square Classics | Blu-Ray + DVD | FSK 16\" \/>\n<meta property=\"og:url\" content=\"https:\/\/ucm.one\/de\/produkt\/brain-dead\/\" \/>\n<meta property=\"og:site_name\" content=\"UCM.ONE\" \/>\n<meta property=\"article:modified_time\" content=\"2023-07-17T13:23:48+00:00\" \/>\n<meta property=\"og:image\" content=\"https:\/\/ucm.one\/wp-content\/uploads\/2000\/01\/C-Brain-Dead-DVD-2D-FSK16.jpg\" \/>\n<meta name=\"twitter:card\" content=\"summary_large_image\" \/>\n<meta name=\"twitter:title\" content=\"Brain Dead\" \/>\n<meta name=\"twitter:description\" content=\"Shop | Brain Dead | 2020 | M-Square Classics | Blu-Ray + DVD | FSK 16\" \/>\n<meta name=\"twitter:image\" content=\"https:\/\/ucm.one\/wp-content\/uploads\/2000\/01\/C-Brain-Dead-DVD-2D-FSK16.jpg\" \/>\n<meta name=\"twitter:label1\" content=\"Gesch\u00e4tzte Lesezeit\" \/>\n\t<meta name=\"twitter:data1\" content=\"1\u00a0Minute\" \/>\n<!-- \/ Yoast SEO plugin. -->","yoast_head_json":{"title":"Brain Dead","description":"Shop | Brain Dead | 2020 | M-Square Classics | Blu-Ray + DVD | FSK 16","robots":{"index":"index","follow":"follow","max-snippet":"max-snippet:-1","max-image-preview":"max-image-preview:large","max-video-preview":"max-video-preview:-1"},"canonical":"https:\/\/ucm.one\/de\/produkt\/brain-dead\/","og_locale":"de_DE","og_type":"article","og_title":"Brain Dead","og_description":"Shop | Brain Dead | 2020 | M-Square Classics | Blu-Ray + DVD | FSK 16","og_url":"https:\/\/ucm.one\/de\/produkt\/brain-dead\/","og_site_name":"UCM.ONE","article_modified_time":"2023-07-17T13:23:48+00:00","og_image":[{"url":"https:\/\/ucm.one\/wp-content\/uploads\/2000\/01\/C-Brain-Dead-DVD-2D-FSK16.jpg","type":"","width":"","height":""}],"twitter_card":"summary_large_image","twitter_title":"Brain Dead","twitter_description":"Shop | Brain Dead | 2020 | M-Square Classics | Blu-Ray + DVD | FSK 16","twitter_image":"https:\/\/ucm.one\/wp-content\/uploads\/2000\/01\/C-Brain-Dead-DVD-2D-FSK16.jpg","twitter_misc":{"Gesch\u00e4tzte Lesezeit":"1\u00a0Minute"},"schema":{"@context":"https:\/\/schema.org","@graph":[{"@type":"WebPage","@id":"https:\/\/ucm.one\/de\/produkt\/brain-dead\/","url":"https:\/\/ucm.one\/de\/produkt\/brain-dead\/","name":"Brain Dead","isPartOf":{"@id":"https:\/\/ucm.one\/de\/#website"},"primaryImageOfPage":{"@id":"https:\/\/ucm.one\/de\/produkt\/brain-dead\/#primaryimage"},"image":{"@id":"https:\/\/ucm.one\/de\/produkt\/brain-dead\/#primaryimage"},"thumbnailUrl":"https:\/\/ucm.one\/wp-content\/uploads\/2000\/01\/C-Brain-Dead-DVD-2D-FSK16-1.jpg","datePublished":"2020-06-12T11:48:02+00:00","dateModified":"2023-07-17T13:23:48+00:00","description":"Shop | Brain Dead | 2020 | M-Square Classics | Blu-Ray + DVD | FSK 16","breadcrumb":{"@id":"https:\/\/ucm.one\/de\/produkt\/brain-dead\/#breadcrumb"},"inLanguage":"de","potentialAction":[{"@type":"ReadAction","target":["https:\/\/ucm.one\/de\/produkt\/brain-dead\/"]}]},{"@type":"ImageObject","inLanguage":"de","@id":"https:\/\/ucm.one\/de\/produkt\/brain-dead\/#primaryimage","url":"https:\/\/ucm.one\/wp-content\/uploads\/2000\/01\/C-Brain-Dead-DVD-2D-FSK16-1.jpg","contentUrl":"https:\/\/ucm.one\/wp-content\/uploads\/2000\/01\/C-Brain-Dead-DVD-2D-FSK16-1.jpg","width":699,"height":1000},{"@type":"BreadcrumbList","@id":"https:\/\/ucm.one\/de\/produkt\/brain-dead\/#breadcrumb","itemListElement":[{"@type":"ListItem","position":1,"name":"Home","item":"https:\/\/ucm.one\/de\/"},{"@type":"ListItem","position":2,"name":"Shop","item":"https:\/\/ucm.one\/de\/shop\/"},{"@type":"ListItem","position":3,"name":"Brain Dead"}]},{"@type":"WebSite","@id":"https:\/\/ucm.one\/de\/#website","url":"https:\/\/ucm.one\/de\/","name":"UCM.ONE","description":"","publisher":{"@id":"https:\/\/ucm.one\/de\/#organization"},"potentialAction":[{"@type":"SearchAction","target":{"@type":"EntryPoint","urlTemplate":"https:\/\/ucm.one\/de\/?s={search_term_string}"},"query-input":{"@type":"PropertyValueSpecification","valueRequired":true,"valueName":"search_term_string"}}],"inLanguage":"de"},{"@type":"Organization","@id":"https:\/\/ucm.one\/de\/#organization","name":"UCM.ONE","url":"https:\/\/ucm.one\/de\/","logo":{"@type":"ImageObject","inLanguage":"de","@id":"https:\/\/ucm.one\/de\/#\/schema\/logo\/image\/","url":"https:\/\/ucm.one\/wp-content\/uploads\/2019\/10\/UCM.ONE-Logo-RGB.svg","contentUrl":"https:\/\/ucm.one\/wp-content\/uploads\/2019\/10\/UCM.ONE-Logo-RGB.svg","width":1,"height":1,"caption":"UCM.ONE"},"image":{"@id":"https:\/\/ucm.one\/de\/#\/schema\/logo\/image\/"}}]}},"_links":{"self":[{"href":"https:\/\/ucm.one\/de\/wp-json\/wp\/v2\/product\/75690","targetHints":{"allow":["GET"]}}],"collection":[{"href":"https:\/\/ucm.one\/de\/wp-json\/wp\/v2\/product"}],"about":[{"href":"https:\/\/ucm.one\/de\/wp-json\/wp\/v2\/types\/product"}],"replies":[{"embeddable":true,"href":"https:\/\/ucm.one\/de\/wp-json\/wp\/v2\/comments?post=75690"}],"wp:featuredmedia":[{"embeddable":true,"href":"https:\/\/ucm.one\/de\/wp-json\/wp\/v2\/media\/75779"}],"wp:attachment":[{"href":"https:\/\/ucm.one\/de\/wp-json\/wp\/v2\/media?parent=75690"}],"wp:term":[{"taxonomy":"product_brand","embeddable":true,"href":"https:\/\/ucm.one\/de\/wp-json\/wp\/v2\/product_brand?post=75690"},{"taxonomy":"product_cat","embeddable":true,"href":"https:\/\/ucm.one\/de\/wp-json\/wp\/v2\/product_cat?post=75690"},{"taxonomy":"product_tag","embeddable":true,"href":"https:\/\/ucm.one\/de\/wp-json\/wp\/v2\/product_tag?post=75690"}],"curies":[{"name":"wp","href":"https:\/\/api.w.org\/{rel}","templated":true}]}}