{"id":75298,"date":"2021-07-16T11:46:39","date_gmt":"2021-07-16T11:46:39","guid":{"rendered":"https:\/\/ucm.one\/?post_type=product&#038;p=75298"},"modified":"2023-07-17T13:39:43","modified_gmt":"2023-07-17T13:39:43","slug":"central-park-dark","status":"publish","type":"product","link":"https:\/\/ucm.one\/de\/produkt\/central-park-dark\/","title":{"rendered":"Central Park Dark"},"content":{"rendered":"<div class=\"wpb-content-wrapper\"><div class=\"wpb_text_column wpb_content_element \">\n<div class=\"wpb_wrapper\">\n<div class=\"\">\n<div class=\"wpb_text_column wpb_content_element \">\n<div class=\"wpb_wrapper\">\n<div class=\"wpb_text_column wpb_content_element \">\n<div class=\"wpb_wrapper\">\n<div class=\"wpb_text_column wpb_content_element \">\n<div class=\"wpb_wrapper\">\n<div class=\"wpb_text_column wpb_content_element \">\n<div class=\"wpb_wrapper\">\n<div class=\"wpb_text_column wpb_content_element \">\n<div class=\"wpb_wrapper\">\n<p><span style=\"font-weight: 400;\">Thomas Winters (<strong>Tom Sizemore<\/strong>) ist ein erfolgreicher Arzt. Doch seine Ehe mit Brenda (<strong>Margaret Reed<\/strong>) steht kurz vor dem Ende, was vor allem an seinem st\u00e4ndigen Alkoholkonsum liegt. Als er f\u00fcr ein paar Tage gesch\u00e4ftlich in New York ist, trifft er dort auf seine fr\u00fchere Freundin Anna (<strong>Cybil Lake)<\/strong>. In einem Moment der Schw\u00e4che erliegt er der Versuchung und l\u00e4sst sich auf einen One-Night-Stand ein. Als er sie kurz darauf aber endg\u00fcltig zur\u00fcckweist, ist Anna am Boden zerst\u00f6rt und verschwindet spurlos. Von nun an begegnet sie ihm immer wieder in Tag- und Albtr\u00e4umen. Zeitgleich geschehen im Central Park mysteri\u00f6se Morde und Thomas st\u00f6\u00dft, getrieben durch seine Visionen, auf einen l\u00e4ngst vergessenen Kult, der im fr\u00fchen 19. Jahrhundert am Ort des heutigen Parks seinen Ursprung hatte. \u2026oder will Anna sich an Thomas r\u00e4chen und ihn in den Wahnsinn treiben?<\/span><\/p>\n<\/div>\n<\/div>\n<div class=\"vc_row wpb_row vc_inner vc_row-fluid\">\n<div class=\"wpb_column vc_column_container vc_col-sm-12 vc_col-has-fill\">\n<div class=\"vc_column-inner vc_custom_1561290391124\">\n<div class=\"wpb_wrapper\"><\/div>\n<\/div>\n<\/div>\n<\/div>\n<\/div>\n<\/div>\n<\/div>\n<\/div>\n<\/div>\n<\/div>\n<\/div>\n<\/div>\n<\/div>\n<\/div>\n<\/div>\n<div><div class=\"gap\" style=\"line-height: 20px; height: 20px;\"><\/div><\/div>\n<h5>Weitere Informationen<\/h5>\n<div>\n<div>\n<table style=\"height: 45px; width: 100%; border-collapse: collapse; border-color: #ffffff; background-color: #ffffff; border-style: hidden;\">\n<tbody>\n<tr style=\"height: 23px;\">\n<td style=\"width: 4.701195219123506%; height: 23px; border-style: hidden;\">Label:<\/td>\n<td style=\"width: 95.29880478087651%; height: 23px; border-style: hidden;\"><a title=\"M-Square Pictures\" href=\"https:\/\/ucm.one\/de\/film-labels\/m-square-pictures\">M-Square Pictures<\/a><\/td>\n<\/tr>\n<\/tbody>\n<\/table>\n<\/div>\n<div><\/div>\n<\/div>\n<div>\n<div><div class=\"gap\" style=\"line-height: 10px; height: 10px;\"><\/div><\/div>\n<div>\u2117 2021 <strong>Morgan Eagle Pictures<\/strong>, \u00a9 2021 <strong>M-Square Pictures<\/strong> \/ <span style=\"font-family: 'arial black', sans-serif;\"><strong>UCM.ONE<\/strong><\/span><\/div>\n<div><div class=\"gap\" style=\"line-height: 20px; height: 20px;\"><\/div><\/div>\n<div>\n<div><\/div>\n<div>\n<div><div class=\"gap\" style=\"line-height: 10px; height: 10px;\"><\/div><\/div>\n<div><span style=\"color: #003a80;\"><strong>\u27a0 <a style=\"color: #003a80;\" href=\"https:\/\/ucm.one\/de\/produkt-kategorie\/art-de\/filme-de\/\">zum Shop<\/a><\/strong><\/span><\/div>\n<div><div class=\"gap\" style=\"line-height: 20px; height: 20px;\"><\/div><\/div>\n<\/div>\n<\/div>\n<\/div>\n<\/div>","protected":false},"excerpt":{"rendered":"<p>Konzept: <a href=\"https:\/\/ucm.one\/de\/?s=%22Cybil+Lake%22&amp;post_type=product\"><strong>Cybil Lake<\/strong><\/a><\/p>\n<p>Label: <a title=\"M-Square Pictures\" href=\"https:\/\/ucm.one\/de\/produkt-kategorie\/label-film-de\/m-square-pictures-de\"><strong>M-Square Pictures<\/strong><\/a><\/p>\n<p>Art:\u00a0<strong><a href=\"https:\/\/ucm.one\/de\/produkt-kategorie\/art-de\/filme-de\/\">Film<\/a> (Spielfilm)\u00a0<\/strong><\/p>\n<p>Genres:<b><a href=\"https:\/\/ucm.one\/de\/produkt-kategorie\/genre-film-de\/horror-de\/\">\u00a0<\/a><strong><a href=\"https:\/\/ucm.one\/de\/produkt-kategorie\/genre-film-de\/mystery-de\/\">Mystery,<\/a> <a href=\"https:\/\/ucm.one\/de\/produkt-kategorie\/genre-film-de\/mystery-de\/\">Thriller<\/a><\/strong><\/b><\/p>\n<p>Jahr: <strong>2021<\/strong><\/p>\n<p>FSK: <strong>16<\/strong><\/p>\n<p>Formate: <strong>Diverse<\/strong><\/p>\n","protected":false},"featured_media":75363,"comment_status":"open","ping_status":"closed","template":"","meta":{"_acf_changed":false},"product_brand":[],"product_cat":[10323,10329,10330,10331,10332,9708],"product_tag":[13890,10325,13891,13892,13893,13894,13886,13887,13888,13889],"class_list":{"0":"post-75298","1":"product","2":"type-product","3":"status-publish","4":"has-post-thumbnail","6":"product_cat-m-square-pictures-de","7":"product_cat-mystery-de","8":"product_cat-thriller-de","9":"product_cat-dvd-de","10":"product_cat-blu-ray-de","11":"product_cat-filme-de","12":"product_tag-lily-peterson","13":"product_tag-m-square-pictures","14":"product_tag-al-nazemian","15":"product_tag-witches","16":"product_tag-witch","17":"product_tag-cult","18":"product_tag-central-park-dark","19":"product_tag-cybil-lake","20":"product_tag-tom-sizemore","21":"product_tag-margaret-reed","22":"pa_format-dvd","23":"pa_format-blu-ray-de","24":"description-off","26":"first","27":"instock","28":"sale","29":"taxable","30":"shipping-taxable","31":"purchasable","32":"product-type-variable"},"acf":[],"yoast_head":"<!-- This site is optimized with the Yoast SEO plugin v27.5 - https:\/\/yoast.com\/product\/yoast-seo-wordpress\/ -->\n<title>Central Park Dark<\/title>\n<meta name=\"description\" content=\"Shop | Central Park Dark | 2021 | M-Square Pictures | Blu-Ray, DVD | FSK 16\" \/>\n<meta name=\"robots\" content=\"index, follow, max-snippet:-1, max-image-preview:large, max-video-preview:-1\" \/>\n<link rel=\"canonical\" href=\"https:\/\/ucm.one\/de\/produkt\/central-park-dark\/\" \/>\n<meta property=\"og:locale\" content=\"de_DE\" \/>\n<meta property=\"og:type\" content=\"article\" \/>\n<meta property=\"og:title\" content=\"Central Park Dark\" \/>\n<meta property=\"og:description\" content=\"Shop | Central Park Dark | 2021 | M-Square Pictures | Blu-Ray, DVD | FSK 16\" \/>\n<meta property=\"og:url\" content=\"https:\/\/ucm.one\/de\/produkt\/central-park-dark\/\" \/>\n<meta property=\"og:site_name\" content=\"UCM.ONE\" \/>\n<meta property=\"article:modified_time\" content=\"2023-07-17T13:39:43+00:00\" \/>\n<meta property=\"og:image\" content=\"https:\/\/ucm.one\/wp-content\/uploads\/2022\/09\/C-Central-Park-Dark-DVD-2D-FSK16.jpg\" \/>\n<meta name=\"twitter:card\" content=\"summary_large_image\" \/>\n<meta name=\"twitter:title\" content=\"Central Park Dark\" \/>\n<meta name=\"twitter:description\" content=\"Shop | Central Park Dark | 2021 | M-Square Pictures | Blu-Ray, DVD | FSK 16\" \/>\n<meta name=\"twitter:image\" content=\"https:\/\/ucm.one\/wp-content\/uploads\/2022\/09\/C-Central-Park-Dark-DVD-2D-FSK16.jpg\" \/>\n<meta name=\"twitter:label1\" content=\"Gesch\u00e4tzte Lesezeit\" \/>\n\t<meta name=\"twitter:data1\" content=\"1\u00a0Minute\" \/>\n<!-- \/ Yoast SEO plugin. -->","yoast_head_json":{"title":"Central Park Dark","description":"Shop | Central Park Dark | 2021 | M-Square Pictures | Blu-Ray, DVD | FSK 16","robots":{"index":"index","follow":"follow","max-snippet":"max-snippet:-1","max-image-preview":"max-image-preview:large","max-video-preview":"max-video-preview:-1"},"canonical":"https:\/\/ucm.one\/de\/produkt\/central-park-dark\/","og_locale":"de_DE","og_type":"article","og_title":"Central Park Dark","og_description":"Shop | Central Park Dark | 2021 | M-Square Pictures | Blu-Ray, DVD | FSK 16","og_url":"https:\/\/ucm.one\/de\/produkt\/central-park-dark\/","og_site_name":"UCM.ONE","article_modified_time":"2023-07-17T13:39:43+00:00","og_image":[{"url":"https:\/\/ucm.one\/wp-content\/uploads\/2022\/09\/C-Central-Park-Dark-DVD-2D-FSK16.jpg","type":"","width":"","height":""}],"twitter_card":"summary_large_image","twitter_title":"Central Park Dark","twitter_description":"Shop | Central Park Dark | 2021 | M-Square Pictures | Blu-Ray, DVD | FSK 16","twitter_image":"https:\/\/ucm.one\/wp-content\/uploads\/2022\/09\/C-Central-Park-Dark-DVD-2D-FSK16.jpg","twitter_misc":{"Gesch\u00e4tzte Lesezeit":"1\u00a0Minute"},"schema":{"@context":"https:\/\/schema.org","@graph":[{"@type":"WebPage","@id":"https:\/\/ucm.one\/de\/produkt\/central-park-dark\/","url":"https:\/\/ucm.one\/de\/produkt\/central-park-dark\/","name":"Central Park Dark","isPartOf":{"@id":"https:\/\/ucm.one\/de\/#website"},"primaryImageOfPage":{"@id":"https:\/\/ucm.one\/de\/produkt\/central-park-dark\/#primaryimage"},"image":{"@id":"https:\/\/ucm.one\/de\/produkt\/central-park-dark\/#primaryimage"},"thumbnailUrl":"https:\/\/ucm.one\/wp-content\/uploads\/2000\/01\/C-Central-Park-dark-2D-FSK16.jpg","datePublished":"2021-07-16T11:46:39+00:00","dateModified":"2023-07-17T13:39:43+00:00","description":"Shop | Central Park Dark | 2021 | M-Square Pictures | Blu-Ray, DVD | FSK 16","breadcrumb":{"@id":"https:\/\/ucm.one\/de\/produkt\/central-park-dark\/#breadcrumb"},"inLanguage":"de","potentialAction":[{"@type":"ReadAction","target":["https:\/\/ucm.one\/de\/produkt\/central-park-dark\/"]}]},{"@type":"ImageObject","inLanguage":"de","@id":"https:\/\/ucm.one\/de\/produkt\/central-park-dark\/#primaryimage","url":"https:\/\/ucm.one\/wp-content\/uploads\/2000\/01\/C-Central-Park-dark-2D-FSK16.jpg","contentUrl":"https:\/\/ucm.one\/wp-content\/uploads\/2000\/01\/C-Central-Park-dark-2D-FSK16.jpg","width":699,"height":1000},{"@type":"BreadcrumbList","@id":"https:\/\/ucm.one\/de\/produkt\/central-park-dark\/#breadcrumb","itemListElement":[{"@type":"ListItem","position":1,"name":"Home","item":"https:\/\/ucm.one\/de\/"},{"@type":"ListItem","position":2,"name":"Shop","item":"https:\/\/ucm.one\/de\/shop\/"},{"@type":"ListItem","position":3,"name":"Central Park Dark"}]},{"@type":"WebSite","@id":"https:\/\/ucm.one\/de\/#website","url":"https:\/\/ucm.one\/de\/","name":"UCM.ONE","description":"","publisher":{"@id":"https:\/\/ucm.one\/de\/#organization"},"potentialAction":[{"@type":"SearchAction","target":{"@type":"EntryPoint","urlTemplate":"https:\/\/ucm.one\/de\/?s={search_term_string}"},"query-input":{"@type":"PropertyValueSpecification","valueRequired":true,"valueName":"search_term_string"}}],"inLanguage":"de"},{"@type":"Organization","@id":"https:\/\/ucm.one\/de\/#organization","name":"UCM.ONE","url":"https:\/\/ucm.one\/de\/","logo":{"@type":"ImageObject","inLanguage":"de","@id":"https:\/\/ucm.one\/de\/#\/schema\/logo\/image\/","url":"https:\/\/ucm.one\/wp-content\/uploads\/2019\/10\/UCM.ONE-Logo-RGB.svg","contentUrl":"https:\/\/ucm.one\/wp-content\/uploads\/2019\/10\/UCM.ONE-Logo-RGB.svg","width":1,"height":1,"caption":"UCM.ONE"},"image":{"@id":"https:\/\/ucm.one\/de\/#\/schema\/logo\/image\/"}}]}},"_links":{"self":[{"href":"https:\/\/ucm.one\/de\/wp-json\/wp\/v2\/product\/75298","targetHints":{"allow":["GET"]}}],"collection":[{"href":"https:\/\/ucm.one\/de\/wp-json\/wp\/v2\/product"}],"about":[{"href":"https:\/\/ucm.one\/de\/wp-json\/wp\/v2\/types\/product"}],"replies":[{"embeddable":true,"href":"https:\/\/ucm.one\/de\/wp-json\/wp\/v2\/comments?post=75298"}],"wp:featuredmedia":[{"embeddable":true,"href":"https:\/\/ucm.one\/de\/wp-json\/wp\/v2\/media\/75363"}],"wp:attachment":[{"href":"https:\/\/ucm.one\/de\/wp-json\/wp\/v2\/media?parent=75298"}],"wp:term":[{"taxonomy":"product_brand","embeddable":true,"href":"https:\/\/ucm.one\/de\/wp-json\/wp\/v2\/product_brand?post=75298"},{"taxonomy":"product_cat","embeddable":true,"href":"https:\/\/ucm.one\/de\/wp-json\/wp\/v2\/product_cat?post=75298"},{"taxonomy":"product_tag","embeddable":true,"href":"https:\/\/ucm.one\/de\/wp-json\/wp\/v2\/product_tag?post=75298"}],"curies":[{"name":"wp","href":"https:\/\/api.w.org\/{rel}","templated":true}]}}