{"id":75211,"date":"2020-05-29T08:53:48","date_gmt":"2020-05-29T08:53:48","guid":{"rendered":"https:\/\/ucm.one\/?post_type=product&#038;p=75211"},"modified":"2023-06-18T14:31:54","modified_gmt":"2023-06-18T14:31:54","slug":"they-reach-manche-tore-sollte-man-nie-oeffnen","status":"publish","type":"product","link":"https:\/\/ucm.one\/de\/produkt\/they-reach-manche-tore-sollte-man-nie-oeffnen\/","title":{"rendered":"They Reach &#8211; Manche Tore sollte man nie \u00f6ffnen"},"content":{"rendered":"<div class=\"wpb-content-wrapper\"><div class=\"wpb_text_column wpb_content_element \">\n<div class=\"wpb_wrapper\">\n<div class=\"\">\n<div class=\"wpb_text_column wpb_content_element \">\n<div class=\"wpb_wrapper\">\n<div class=\"wpb_text_column wpb_content_element \">\n<div class=\"wpb_wrapper\">\n<div class=\"wpb_text_column wpb_content_element \">\n<div class=\"wpb_wrapper\">\n<div class=\"wpb_text_column wpb_content_element \">\n<div class=\"wpb_wrapper\">\n<div class=\"wpb_text_column wpb_content_element \">\n<div class=\"wpb_wrapper\">\n<p>1969: Der Parapsychologe Doktor Mark Quinnlay und sein Sohn Aley werden zu einem r\u00e4tselhaften Fall von Besessenheit auf eine kleine Farm im Niemandsland im Nordosten der USA gerufen. Ein Junge scheint von d\u00e4monischen Kr\u00e4ften kontrolliert zu werden. Quinnlay zeichnet die Sitzung mit dem Jungen auf seinem Tonband auf, doch diese nimmt ein j\u00e4hes, f\u00fcrchterliches und blutiges Ende. Zehn Jahre sp\u00e4ter st\u00f6\u00dft die 13-j\u00e4hrige Jessica Daniels (<strong>Mary Madeline Roe<\/strong>) beim St\u00f6bern in einem Antiquit\u00e4tenladen auf Quinnlays altes Tonbandger\u00e4t. Als sie es von ihrem Vater reparieren l\u00e4sst und das Band abspielt, setzt sie unwissentlich etwas unglaublich B\u00f6ses frei. Ihr unbek\u00fcmmertes Nerd-Leben und das ihrer Freunde Sam (<strong>Morgan Chandler<\/strong>) und Cheddar (<strong>Eden Cambpell<\/strong>) verwandelt sich dadurch zu einem H\u00f6llenritt, der langsam auch die gesamte Kleinstadt Clarkston erfasst. Denn sie hat das Tor zur H\u00f6lle ge\u00f6ffnet\u2026<\/p>\n<\/div>\n<\/div>\n<div class=\"vc_row wpb_row vc_inner vc_row-fluid\">\n<div class=\"wpb_column vc_column_container vc_col-sm-12 vc_col-has-fill\">\n<div class=\"vc_column-inner vc_custom_1561290391124\">\n<div class=\"wpb_wrapper\"><\/div>\n<\/div>\n<\/div>\n<\/div>\n<\/div>\n<\/div>\n<\/div>\n<\/div>\n<\/div>\n<\/div>\n<\/div>\n<\/div>\n<\/div>\n<\/div>\n<\/div>\n<div><div class=\"gap\" style=\"line-height: 20px; height: 20px;\"><\/div><\/div>\n<h5>Weitere Informationen<\/h5>\n<div>\n<div>\n<table style=\"height: 45px; width: 100%; border-collapse: collapse; border-color: #ffffff; background-color: #ffffff; border-style: hidden;\">\n<tbody>\n<tr style=\"height: 23px;\">\n<td style=\"width: 4.701195219123506%; height: 23px; border-style: hidden;\">Label:<\/td>\n<td style=\"width: 95.29880478087651%; height: 23px; border-style: hidden;\"><a title=\"M-Square Pictures\" href=\"https:\/\/ucm.one\/de\/film-labels\/m-square-pictures\">M-Square Pictures<\/a><\/td>\n<\/tr>\n<\/tbody>\n<\/table>\n<\/div>\n<div><\/div>\n<\/div>\n<div>\n<div><div class=\"gap\" style=\"line-height: 10px; height: 10px;\"><\/div><\/div>\n<div>\u2117 2020 <strong>Single Shred Films<\/strong>, \u00a9 2020 <strong>M-Square Pictures<\/strong> \/ <span style=\"font-family: 'arial black', sans-serif;\"><strong>UCM.ONE<\/strong><\/span><\/div>\n<div><div class=\"gap\" style=\"line-height: 20px; height: 20px;\"><\/div><\/div>\n<div>\n<div><\/div>\n<div>\n<div><div class=\"gap\" style=\"line-height: 10px; height: 10px;\"><\/div><\/div>\n<div><span style=\"color: #003a80;\"><strong>\u27a0 <a style=\"color: #003a80;\" href=\"https:\/\/ucm.one\/de\/produkt-kategorie\/art-de\/filme-de\/\">zum Shop<\/a><\/strong><\/span><\/div>\n<div><div class=\"gap\" style=\"line-height: 20px; height: 20px;\"><\/div><\/div>\n<\/div>\n<\/div>\n<\/div>\n<\/div>","protected":false},"excerpt":{"rendered":"<p>Konzept: <a href=\"https:\/\/ucm.one\/de\/?s=%22Sylas+Dall%22&amp;post_type=product\"><strong>Sylas Dall<\/strong><\/a><\/p>\n<p>Label: <a title=\"M-Square Pictures\" href=\"https:\/\/ucm.one\/de\/produkt-kategorie\/label-film-de\/m-square-pictures-de\"><strong>M-Square Pictures<\/strong><\/a><\/p>\n<p>Art:\u00a0<strong><a href=\"https:\/\/ucm.one\/de\/produkt-kategorie\/art-de\/filme-de\/\">Film<\/a> (Spielfilm)\u00a0<\/strong><\/p>\n<p>Genres:\u00a0<b><a href=\"https:\/\/ucm.one\/de\/produkt-kategorie\/genre-film-de\/horror-de\/\">Horror<\/a>, <strong><a href=\"https:\/\/ucm.one\/de\/produkt-kategorie\/genre-film-de\/mystery-de\/\">Mystery<\/a><\/strong><\/b><\/p>\n<p>Jahr: <strong>2020<\/strong><\/p>\n<p>FSK: <strong>16<\/strong><\/p>\n<p>Formate: <strong>Diverse<\/strong><\/p>\n","protected":false},"featured_media":75356,"comment_status":"open","ping_status":"closed","template":"","meta":{"_acf_changed":false},"product_brand":[],"product_cat":[9708,10323,10327,10329,10331,10332,10357],"product_tag":[13865,13876,13866,13877,13867,13868,10325,13869,13870,13871,13872,13873,13874,13875],"class_list":{"0":"post-75211","1":"product","2":"type-product","3":"status-publish","4":"has-post-thumbnail","6":"product_cat-filme-de","7":"product_cat-m-square-pictures-de","8":"product_cat-horror-de","9":"product_cat-mystery-de","10":"product_cat-dvd-de","11":"product_cat-blu-ray-de","12":"product_cat-abenteuer","13":"product_tag-they-reach-manche-tore-sollte-man-nie-oeffnen","14":"product_tag-stranger-things","15":"product_tag-they-reach","16":"product_tag-super-8-summer","17":"product_tag-sylas-dall","18":"product_tag-mary-mandaline-roe","19":"product_tag-m-square-pictures","20":"product_tag-morgan-chandler","21":"product_tag-eden-campbell","22":"product_tag-kyan-zielinski","23":"product_tag-elizabeth-rhoades","24":"product_tag-ash-calder","25":"product_tag-frederick-floyd","26":"product_tag-taylor-bartle","27":"pa_format-blu-ray-de","28":"pa_format-dvd","29":"description-off","31":"first","32":"instock","33":"sale","34":"taxable","35":"shipping-taxable","36":"purchasable","37":"product-type-variable"},"acf":[],"yoast_head":"<!-- This site is optimized with the Yoast SEO plugin v27.5 - https:\/\/yoast.com\/product\/yoast-seo-wordpress\/ -->\n<title>They Reach - Manche Tore sollte man nie \u00f6ffnen<\/title>\n<meta name=\"description\" content=\"Shop | They Reach - Manche Tore sollte man nie \u00f6ffnen | 2020 | M-Square Pictures | Blu-Ray, DVD | FSK 16\" \/>\n<meta name=\"robots\" content=\"index, follow, max-snippet:-1, max-image-preview:large, max-video-preview:-1\" \/>\n<link rel=\"canonical\" href=\"https:\/\/ucm.one\/de\/produkt\/they-reach-manche-tore-sollte-man-nie-oeffnen\/\" \/>\n<meta property=\"og:locale\" content=\"de_DE\" \/>\n<meta property=\"og:type\" content=\"article\" \/>\n<meta property=\"og:title\" content=\"They Reach - Manche Tore sollte man nie \u00f6ffnen\" \/>\n<meta property=\"og:description\" content=\"Shop | They Reach - Manche Tore sollte man nie \u00f6ffnen | 2020 | M-Square Pictures | Blu-Ray, DVD | FSK 16\" \/>\n<meta property=\"og:url\" content=\"https:\/\/ucm.one\/de\/produkt\/they-reach-manche-tore-sollte-man-nie-oeffnen\/\" \/>\n<meta property=\"og:site_name\" content=\"UCM.ONE\" \/>\n<meta property=\"article:modified_time\" content=\"2023-06-18T14:31:54+00:00\" \/>\n<meta property=\"og:image\" content=\"https:\/\/ucm.one\/wp-content\/uploads\/2022\/08\/C-They-reach-DVD-2D-FSK16.jpg\" \/>\n<meta name=\"twitter:card\" content=\"summary_large_image\" \/>\n<meta name=\"twitter:title\" content=\"They Reach - Manche Tore sollte man nie \u00f6ffnen\" \/>\n<meta name=\"twitter:description\" content=\"Shop | They Reach - Manche Tore sollte man nie \u00f6ffnen | 2020 | M-Square Pictures | Blu-Ray, DVD | FSK 16\" \/>\n<meta name=\"twitter:image\" content=\"https:\/\/ucm.one\/wp-content\/uploads\/2022\/08\/C-They-reach-DVD-2D-FSK16.jpg\" \/>\n<meta name=\"twitter:label1\" content=\"Gesch\u00e4tzte Lesezeit\" \/>\n\t<meta name=\"twitter:data1\" content=\"1\u00a0Minute\" \/>\n<!-- \/ Yoast SEO plugin. -->","yoast_head_json":{"title":"They Reach - Manche Tore sollte man nie \u00f6ffnen","description":"Shop | They Reach - Manche Tore sollte man nie \u00f6ffnen | 2020 | M-Square Pictures | Blu-Ray, DVD | FSK 16","robots":{"index":"index","follow":"follow","max-snippet":"max-snippet:-1","max-image-preview":"max-image-preview:large","max-video-preview":"max-video-preview:-1"},"canonical":"https:\/\/ucm.one\/de\/produkt\/they-reach-manche-tore-sollte-man-nie-oeffnen\/","og_locale":"de_DE","og_type":"article","og_title":"They Reach - Manche Tore sollte man nie \u00f6ffnen","og_description":"Shop | They Reach - Manche Tore sollte man nie \u00f6ffnen | 2020 | M-Square Pictures | Blu-Ray, DVD | FSK 16","og_url":"https:\/\/ucm.one\/de\/produkt\/they-reach-manche-tore-sollte-man-nie-oeffnen\/","og_site_name":"UCM.ONE","article_modified_time":"2023-06-18T14:31:54+00:00","og_image":[{"url":"https:\/\/ucm.one\/wp-content\/uploads\/2022\/08\/C-They-reach-DVD-2D-FSK16.jpg","type":"","width":"","height":""}],"twitter_card":"summary_large_image","twitter_title":"They Reach - Manche Tore sollte man nie \u00f6ffnen","twitter_description":"Shop | They Reach - Manche Tore sollte man nie \u00f6ffnen | 2020 | M-Square Pictures | Blu-Ray, DVD | FSK 16","twitter_image":"https:\/\/ucm.one\/wp-content\/uploads\/2022\/08\/C-They-reach-DVD-2D-FSK16.jpg","twitter_misc":{"Gesch\u00e4tzte Lesezeit":"1\u00a0Minute"},"schema":{"@context":"https:\/\/schema.org","@graph":[{"@type":"WebPage","@id":"https:\/\/ucm.one\/de\/produkt\/they-reach-manche-tore-sollte-man-nie-oeffnen\/","url":"https:\/\/ucm.one\/de\/produkt\/they-reach-manche-tore-sollte-man-nie-oeffnen\/","name":"They Reach - Manche Tore sollte man nie \u00f6ffnen","isPartOf":{"@id":"https:\/\/ucm.one\/de\/#website"},"primaryImageOfPage":{"@id":"https:\/\/ucm.one\/de\/produkt\/they-reach-manche-tore-sollte-man-nie-oeffnen\/#primaryimage"},"image":{"@id":"https:\/\/ucm.one\/de\/produkt\/they-reach-manche-tore-sollte-man-nie-oeffnen\/#primaryimage"},"thumbnailUrl":"https:\/\/ucm.one\/wp-content\/uploads\/2000\/01\/C-They-Reach-DVD-2D-FSK16-.jpg","datePublished":"2020-05-29T08:53:48+00:00","dateModified":"2023-06-18T14:31:54+00:00","description":"Shop | They Reach - Manche Tore sollte man nie \u00f6ffnen | 2020 | M-Square Pictures | Blu-Ray, DVD | FSK 16","breadcrumb":{"@id":"https:\/\/ucm.one\/de\/produkt\/they-reach-manche-tore-sollte-man-nie-oeffnen\/#breadcrumb"},"inLanguage":"de","potentialAction":[{"@type":"ReadAction","target":["https:\/\/ucm.one\/de\/produkt\/they-reach-manche-tore-sollte-man-nie-oeffnen\/"]}]},{"@type":"ImageObject","inLanguage":"de","@id":"https:\/\/ucm.one\/de\/produkt\/they-reach-manche-tore-sollte-man-nie-oeffnen\/#primaryimage","url":"https:\/\/ucm.one\/wp-content\/uploads\/2000\/01\/C-They-Reach-DVD-2D-FSK16-.jpg","contentUrl":"https:\/\/ucm.one\/wp-content\/uploads\/2000\/01\/C-They-Reach-DVD-2D-FSK16-.jpg","width":699,"height":1000},{"@type":"BreadcrumbList","@id":"https:\/\/ucm.one\/de\/produkt\/they-reach-manche-tore-sollte-man-nie-oeffnen\/#breadcrumb","itemListElement":[{"@type":"ListItem","position":1,"name":"Home","item":"https:\/\/ucm.one\/de\/"},{"@type":"ListItem","position":2,"name":"Shop","item":"https:\/\/ucm.one\/de\/shop\/"},{"@type":"ListItem","position":3,"name":"They Reach &#8211; Manche Tore sollte man nie \u00f6ffnen"}]},{"@type":"WebSite","@id":"https:\/\/ucm.one\/de\/#website","url":"https:\/\/ucm.one\/de\/","name":"UCM.ONE","description":"","publisher":{"@id":"https:\/\/ucm.one\/de\/#organization"},"potentialAction":[{"@type":"SearchAction","target":{"@type":"EntryPoint","urlTemplate":"https:\/\/ucm.one\/de\/?s={search_term_string}"},"query-input":{"@type":"PropertyValueSpecification","valueRequired":true,"valueName":"search_term_string"}}],"inLanguage":"de"},{"@type":"Organization","@id":"https:\/\/ucm.one\/de\/#organization","name":"UCM.ONE","url":"https:\/\/ucm.one\/de\/","logo":{"@type":"ImageObject","inLanguage":"de","@id":"https:\/\/ucm.one\/de\/#\/schema\/logo\/image\/","url":"https:\/\/ucm.one\/wp-content\/uploads\/2019\/10\/UCM.ONE-Logo-RGB.svg","contentUrl":"https:\/\/ucm.one\/wp-content\/uploads\/2019\/10\/UCM.ONE-Logo-RGB.svg","width":1,"height":1,"caption":"UCM.ONE"},"image":{"@id":"https:\/\/ucm.one\/de\/#\/schema\/logo\/image\/"}}]}},"_links":{"self":[{"href":"https:\/\/ucm.one\/de\/wp-json\/wp\/v2\/product\/75211","targetHints":{"allow":["GET"]}}],"collection":[{"href":"https:\/\/ucm.one\/de\/wp-json\/wp\/v2\/product"}],"about":[{"href":"https:\/\/ucm.one\/de\/wp-json\/wp\/v2\/types\/product"}],"replies":[{"embeddable":true,"href":"https:\/\/ucm.one\/de\/wp-json\/wp\/v2\/comments?post=75211"}],"wp:featuredmedia":[{"embeddable":true,"href":"https:\/\/ucm.one\/de\/wp-json\/wp\/v2\/media\/75356"}],"wp:attachment":[{"href":"https:\/\/ucm.one\/de\/wp-json\/wp\/v2\/media?parent=75211"}],"wp:term":[{"taxonomy":"product_brand","embeddable":true,"href":"https:\/\/ucm.one\/de\/wp-json\/wp\/v2\/product_brand?post=75211"},{"taxonomy":"product_cat","embeddable":true,"href":"https:\/\/ucm.one\/de\/wp-json\/wp\/v2\/product_cat?post=75211"},{"taxonomy":"product_tag","embeddable":true,"href":"https:\/\/ucm.one\/de\/wp-json\/wp\/v2\/product_tag?post=75211"}],"curies":[{"name":"wp","href":"https:\/\/api.w.org\/{rel}","templated":true}]}}