{"id":75147,"date":"2015-02-07T12:09:53","date_gmt":"2015-02-07T12:09:53","guid":{"rendered":"https:\/\/ucm.one\/?post_type=product&#038;p=75147"},"modified":"2023-06-18T15:25:04","modified_gmt":"2023-06-18T15:25:04","slug":"radio-silence-der-tod-hoert-mit","status":"publish","type":"product","link":"https:\/\/ucm.one\/de\/produkt\/radio-silence-der-tod-hoert-mit\/","title":{"rendered":"Radio Silence \u2013 Der Tod h\u00f6rt mit"},"content":{"rendered":"<div class=\"wpb_text_column wpb_content_element \">\n<div class=\"wpb_wrapper\">\n<div class=\"\">\n<div class=\"wpb_text_column wpb_content_element \">\n<div class=\"wpb_wrapper\">\n<div class=\"wpb_text_column wpb_content_element \">\n<div class=\"wpb_wrapper\">\n<div class=\"wpb_text_column wpb_content_element \">\n<div class=\"wpb_wrapper\">\n<div class=\"wpb_text_column wpb_content_element \">\n<div class=\"wpb_wrapper\">\n<div class=\"wpb_text_column wpb_content_element \">\n<div class=\"wpb_wrapper\">\n<p>Doc Rock arbeitet als Radio-Moderator bei dem Piratensender \u2018\u2018Night Hawk\u2018\u2018. Delikatestes Thema seiner Sendung ist der so genannte Nachtschlitzer, ein ultrabrutaler Serienkiller, der die Stadt in Atem h\u00e4lt. Dessen bevorzugte Opfer sind junge, bildsch\u00f6ne Frauen, denen er fein s\u00e4uberlich und bei lebendigem Leibe die Gliedma\u00dfen abtrennt. Nach deren qualvollen Tod verwandelt er sie auch noch in eine menschliche Vase, indem er ihnen eine langstielige Rose tief in den Schlund steckt. Doc will nicht verstehen, warum dieser abgrundtief b\u00f6se Killer immer noch frei heruml\u00e4uft. Und so provoziert er \u00fcber den \u00c4ther die Polizei mit der Frage, warum man denn nicht verhindern k\u00f6nne, dass der Wahnsinnige sein n\u00e4chstes Opfer abschlachtet.<\/p>\n<p>Wenige Augenblicke sp\u00e4ter erreicht ihn im Studio im Keller seines Hauses ein Anruf \u2013 der Nachtschlitzer h\u00f6chstpers\u00f6nlich ist am Apparat. Und der schl\u00e4gt Doc Rock ein ebenso perfides wie m\u00f6rderisches Spiel vor: Sollte Doc es w\u00e4hrend seiner Radioshow schaffen, ihn davon abzuhalten, einen weiteren Mord zu begehen, w\u00e4re er bereit, seine Geisel tats\u00e4chlich lebend ziehen zu lassen. Jetzt muss der Moderator schnell handeln. Und er darf sich keinen Fehler erlauben. Denn der Killer ist ihm viel n\u00e4her als er es in seinen k\u00fchnsten Tr\u00e4umen gedacht h\u00e4tte \u2013 und die Chancen, ihm zu entkommen, gehen gegen Null.<\/p>\n<\/div>\n<\/div>\n<\/div>\n<\/div>\n<\/div>\n<\/div>\n<\/div>\n<\/div>\n<\/div>\n<\/div>\n<\/div>\n<\/div>\n<\/div>\n<div><div class=\"gap\" style=\"line-height: 20px; height: 20px;\"><\/div><\/div>\n<h5>Weitere Informationen<\/h5>\n<div>\n<div>\n<table style=\"height: 45px; width: 100%; border-collapse: collapse; border-color: #ffffff; background-color: #ffffff; border-style: hidden;\">\n<tbody>\n<tr style=\"height: 23px; border-style: hidden; border-color: #ffffff; background-color: #ffffff;\">\n<td style=\"width: 4.7012%; height: 22px; border-style: hidden;\">Film:<\/td>\n<td style=\"width: 95.2988%; height: 22px; border-style: hidden;\"><a href=\"https:\/\/ucm.one\/de\/kinoverleih\/katalogfilme\/#radio-silence\">Radio Silence \u2013 Der Tod h\u00f6rt mit<\/a><\/td>\n<\/tr>\n<tr style=\"height: 23px;\">\n<td style=\"width: 4.701195219123506%; height: 23px; border-style: hidden;\">Label:<\/td>\n<td style=\"width: 95.29880478087651%; height: 23px; border-style: hidden;\"><a title=\"M-Square Pictures\" href=\"https:\/\/ucm.one\/de\/film-labels\/m-square-pictures\">M-Square Pictures<\/a><\/td>\n<\/tr>\n<\/tbody>\n<\/table>\n<\/div>\n<div><\/div>\n<\/div>\n<div>\n<div><div class=\"gap\" style=\"line-height: 10px; height: 10px;\"><\/div><\/div>\n<div>\u2117 2012 <strong><span class=\"itemprop\">PPP On Air Pictures GmbH &amp; Co. KG<\/span><\/strong><span class=\"itemprop\">,\u00a0 <\/span>\u00a9 2015 <strong>M-Square Pictures<\/strong> \/ <span style=\"font-family: 'arial black', sans-serif;\"><strong>UCM.ONE<\/strong><\/span><\/div>\n<div><div class=\"gap\" style=\"line-height: 20px; height: 20px;\"><\/div><\/div>\n<div>\n<div><\/div>\n<div>\n<div><div class=\"gap\" style=\"line-height: 10px; height: 10px;\"><\/div><\/div>\n<div><span style=\"color: #003a80;\"><strong>\u27a0 <a style=\"color: #003a80;\" href=\"https:\/\/ucm.one\/de\/produkt-kategorie\/art-de\/filme-de\/\">zum Shop<\/a><\/strong><\/span><\/div>\n<div><div class=\"gap\" style=\"line-height: 20px; height: 20px;\"><\/div><\/div>\n<\/div>\n<\/div>\n<\/div>\n","protected":false},"excerpt":{"rendered":"<p>Regie: <a href=\"https:\/\/ucm.one\/de\/?s=%22Marco+J.+Riedl%22&amp;post_type=product\"><strong>Marco J. Riedl,<\/strong><\/a> <strong><a href=\"https:\/\/ucm.one\/de\/?s=%22Carsten+Vauth%22&amp;post_type=product\">Carsten Vauth<\/a><\/strong><\/p>\n<p>Label: <a title=\"M-Square Pictures\" href=\"https:\/\/ucm.one\/de\/produkt-kategorie\/label-film-de\/m-square-pictures-de\"><strong>M-Square Pictures<\/strong><\/a><\/p>\n<p>Art:\u00a0<strong><a href=\"https:\/\/ucm.one\/de\/produkt-kategorie\/art-de\/filme-de\/\">Film<\/a> (Spielfilm)<\/strong><\/p>\n<p>Genre:\u00a0<b><a href=\"https:\/\/ucm.one\/de\/produkt-kategorie\/genre-film-de\/horror-de\/\">Horror<\/a>, <strong><a href=\"https:\/\/ucm.one\/de\/produkt-kategorie\/genre-film-de\/thriller-de\/\">Thriller<\/a><\/strong><\/b><\/p>\n<p>Jahr: <strong>2015<\/strong><\/p>\n<p>FSK: <strong>16<\/strong><\/p>\n<p>Formate: <strong>Diverse<\/strong><\/p>\n","protected":false},"featured_media":75206,"comment_status":"open","ping_status":"closed","template":"","meta":{"_acf_changed":false},"product_brand":[],"product_cat":[10332,9708,10323,10327,10330,10331],"product_tag":[13854,13855,13856,13671,13857,13847,13858,13848,13849,13850,10325,13851,13852,13853],"class_list":{"0":"post-75147","1":"product","2":"type-product","3":"status-publish","4":"has-post-thumbnail","6":"product_cat-blu-ray-de","7":"product_cat-filme-de","8":"product_cat-m-square-pictures-de","9":"product_cat-horror-de","10":"product_cat-thriller-de","11":"product_cat-dvd-de","12":"product_tag-jessica-ginkel","13":"product_tag-wolfgang-pampel","14":"product_tag-monique-schroeder","15":"product_tag-charles-rettinghaus","16":"product_tag-antonia-fuchs","17":"product_tag-radio-silence-der-tod-hoert-mit","18":"product_tag-klaus-dieter-klebsch","19":"product_tag-on-air","20":"product_tag-marco-j-riedl","21":"product_tag-carsten-vauth","22":"product_tag-m-square-pictures","23":"product_tag-markus-knuefken","24":"product_tag-ronald-nitschke","25":"product_tag-jasmin-lord","26":"pa_format-dvd","27":"pa_format-blu-ray-de","28":"description-off","30":"first","31":"instock","32":"taxable","33":"shipping-taxable","34":"purchasable","35":"product-type-variable"},"acf":[],"yoast_head":"<!-- This site is optimized with the Yoast SEO plugin v27.2 - https:\/\/yoast.com\/product\/yoast-seo-wordpress\/ -->\n<title>Radio Silence \u2013 Der Tod h\u00f6rt mit<\/title>\n<meta name=\"description\" content=\"Shop | Radio Silence \u2013 Der Tod h\u00f6rt mit | 2015 | M-Square Pictures | Blu-Ray, DVD | FSK 18\" \/>\n<meta name=\"robots\" content=\"index, follow, max-snippet:-1, max-image-preview:large, max-video-preview:-1\" \/>\n<link rel=\"canonical\" href=\"https:\/\/ucm.one\/de\/produkt\/radio-silence-der-tod-hoert-mit\/\" \/>\n<meta property=\"og:locale\" content=\"de_DE\" \/>\n<meta property=\"og:type\" content=\"article\" \/>\n<meta property=\"og:title\" content=\"Radio Silence \u2013 Der Tod h\u00f6rt mit\" \/>\n<meta property=\"og:description\" content=\"Shop | Radio Silence \u2013 Der Tod h\u00f6rt mit | 2015 | M-Square Pictures | Blu-Ray, DVD | FSK 18\" \/>\n<meta property=\"og:url\" content=\"https:\/\/ucm.one\/de\/produkt\/radio-silence-der-tod-hoert-mit\/\" \/>\n<meta property=\"og:site_name\" content=\"UCM.ONE\" \/>\n<meta property=\"article:modified_time\" content=\"2023-06-18T15:25:04+00:00\" \/>\n<meta property=\"og:image\" content=\"https:\/\/ucm.one\/wp-content\/uploads\/2000\/01\/C-Radio-Silence-DVD-2D-FSK16.jpg\" \/>\n<meta name=\"twitter:card\" content=\"summary_large_image\" \/>\n<meta name=\"twitter:title\" content=\"Radio Silence \u2013 Der Tod h\u00f6rt mit\" \/>\n<meta name=\"twitter:description\" content=\"Shop | Radio Silence \u2013 Der Tod h\u00f6rt mit | 2015 | M-Square Pictures | Blu-Ray, DVD | FSK 18\" \/>\n<meta name=\"twitter:image\" content=\"https:\/\/ucm.one\/wp-content\/uploads\/2000\/01\/C-Radio-Silence-DVD-2D-FSK16.jpg\" \/>\n<meta name=\"twitter:label1\" content=\"Gesch\u00e4tzte Lesezeit\" \/>\n\t<meta name=\"twitter:data1\" content=\"1\u00a0Minute\" \/>\n<!-- \/ Yoast SEO plugin. -->","yoast_head_json":{"title":"Radio Silence \u2013 Der Tod h\u00f6rt mit","description":"Shop | Radio Silence \u2013 Der Tod h\u00f6rt mit | 2015 | M-Square Pictures | Blu-Ray, DVD | FSK 18","robots":{"index":"index","follow":"follow","max-snippet":"max-snippet:-1","max-image-preview":"max-image-preview:large","max-video-preview":"max-video-preview:-1"},"canonical":"https:\/\/ucm.one\/de\/produkt\/radio-silence-der-tod-hoert-mit\/","og_locale":"de_DE","og_type":"article","og_title":"Radio Silence \u2013 Der Tod h\u00f6rt mit","og_description":"Shop | Radio Silence \u2013 Der Tod h\u00f6rt mit | 2015 | M-Square Pictures | Blu-Ray, DVD | FSK 18","og_url":"https:\/\/ucm.one\/de\/produkt\/radio-silence-der-tod-hoert-mit\/","og_site_name":"UCM.ONE","article_modified_time":"2023-06-18T15:25:04+00:00","og_image":[{"url":"https:\/\/ucm.one\/wp-content\/uploads\/2000\/01\/C-Radio-Silence-DVD-2D-FSK16.jpg","type":"","width":"","height":""}],"twitter_card":"summary_large_image","twitter_title":"Radio Silence \u2013 Der Tod h\u00f6rt mit","twitter_description":"Shop | Radio Silence \u2013 Der Tod h\u00f6rt mit | 2015 | M-Square Pictures | Blu-Ray, DVD | FSK 18","twitter_image":"https:\/\/ucm.one\/wp-content\/uploads\/2000\/01\/C-Radio-Silence-DVD-2D-FSK16.jpg","twitter_misc":{"Gesch\u00e4tzte Lesezeit":"1\u00a0Minute"},"schema":{"@context":"https:\/\/schema.org","@graph":[{"@type":"WebPage","@id":"https:\/\/ucm.one\/de\/produkt\/radio-silence-der-tod-hoert-mit\/","url":"https:\/\/ucm.one\/de\/produkt\/radio-silence-der-tod-hoert-mit\/","name":"Radio Silence \u2013 Der Tod h\u00f6rt mit","isPartOf":{"@id":"https:\/\/ucm.one\/de\/#website"},"primaryImageOfPage":{"@id":"https:\/\/ucm.one\/de\/produkt\/radio-silence-der-tod-hoert-mit\/#primaryimage"},"image":{"@id":"https:\/\/ucm.one\/de\/produkt\/radio-silence-der-tod-hoert-mit\/#primaryimage"},"thumbnailUrl":"https:\/\/ucm.one\/wp-content\/uploads\/2000\/01\/C-Radio-Silence-DVD-2D-FSK16.jpg","datePublished":"2015-02-07T12:09:53+00:00","dateModified":"2023-06-18T15:25:04+00:00","description":"Shop | Radio Silence \u2013 Der Tod h\u00f6rt mit | 2015 | M-Square Pictures | Blu-Ray, DVD | FSK 18","breadcrumb":{"@id":"https:\/\/ucm.one\/de\/produkt\/radio-silence-der-tod-hoert-mit\/#breadcrumb"},"inLanguage":"de","potentialAction":[{"@type":"ReadAction","target":["https:\/\/ucm.one\/de\/produkt\/radio-silence-der-tod-hoert-mit\/"]}]},{"@type":"ImageObject","inLanguage":"de","@id":"https:\/\/ucm.one\/de\/produkt\/radio-silence-der-tod-hoert-mit\/#primaryimage","url":"https:\/\/ucm.one\/wp-content\/uploads\/2000\/01\/C-Radio-Silence-DVD-2D-FSK16.jpg","contentUrl":"https:\/\/ucm.one\/wp-content\/uploads\/2000\/01\/C-Radio-Silence-DVD-2D-FSK16.jpg","width":699,"height":1000},{"@type":"BreadcrumbList","@id":"https:\/\/ucm.one\/de\/produkt\/radio-silence-der-tod-hoert-mit\/#breadcrumb","itemListElement":[{"@type":"ListItem","position":1,"name":"Home","item":"https:\/\/ucm.one\/de\/"},{"@type":"ListItem","position":2,"name":"Shop","item":"https:\/\/ucm.one\/de\/shop\/"},{"@type":"ListItem","position":3,"name":"Radio Silence \u2013 Der Tod h\u00f6rt mit"}]},{"@type":"WebSite","@id":"https:\/\/ucm.one\/de\/#website","url":"https:\/\/ucm.one\/de\/","name":"UCM.ONE","description":"","publisher":{"@id":"https:\/\/ucm.one\/de\/#organization"},"potentialAction":[{"@type":"SearchAction","target":{"@type":"EntryPoint","urlTemplate":"https:\/\/ucm.one\/de\/?s={search_term_string}"},"query-input":{"@type":"PropertyValueSpecification","valueRequired":true,"valueName":"search_term_string"}}],"inLanguage":"de"},{"@type":"Organization","@id":"https:\/\/ucm.one\/de\/#organization","name":"UCM.ONE","url":"https:\/\/ucm.one\/de\/","logo":{"@type":"ImageObject","inLanguage":"de","@id":"https:\/\/ucm.one\/de\/#\/schema\/logo\/image\/","url":"https:\/\/ucm.one\/wp-content\/uploads\/2019\/10\/UCM.ONE-Logo-RGB.svg","contentUrl":"https:\/\/ucm.one\/wp-content\/uploads\/2019\/10\/UCM.ONE-Logo-RGB.svg","width":1,"height":1,"caption":"UCM.ONE"},"image":{"@id":"https:\/\/ucm.one\/de\/#\/schema\/logo\/image\/"}}]}},"_links":{"self":[{"href":"https:\/\/ucm.one\/de\/wp-json\/wp\/v2\/product\/75147","targetHints":{"allow":["GET"]}}],"collection":[{"href":"https:\/\/ucm.one\/de\/wp-json\/wp\/v2\/product"}],"about":[{"href":"https:\/\/ucm.one\/de\/wp-json\/wp\/v2\/types\/product"}],"replies":[{"embeddable":true,"href":"https:\/\/ucm.one\/de\/wp-json\/wp\/v2\/comments?post=75147"}],"wp:featuredmedia":[{"embeddable":true,"href":"https:\/\/ucm.one\/de\/wp-json\/wp\/v2\/media\/75206"}],"wp:attachment":[{"href":"https:\/\/ucm.one\/de\/wp-json\/wp\/v2\/media?parent=75147"}],"wp:term":[{"taxonomy":"product_brand","embeddable":true,"href":"https:\/\/ucm.one\/de\/wp-json\/wp\/v2\/product_brand?post=75147"},{"taxonomy":"product_cat","embeddable":true,"href":"https:\/\/ucm.one\/de\/wp-json\/wp\/v2\/product_cat?post=75147"},{"taxonomy":"product_tag","embeddable":true,"href":"https:\/\/ucm.one\/de\/wp-json\/wp\/v2\/product_tag?post=75147"}],"curies":[{"name":"wp","href":"https:\/\/api.w.org\/{rel}","templated":true}]}}