{"id":74834,"date":"2022-09-28T11:04:48","date_gmt":"2022-09-28T11:04:48","guid":{"rendered":"https:\/\/ucm.one\/?post_type=product&#038;p=74834"},"modified":"2024-08-21T15:59:09","modified_gmt":"2024-08-21T15:59:09","slug":"kaeptn-rauhbein-aus-st-pauli","status":"publish","type":"product","link":"https:\/\/ucm.one\/de\/produkt\/kaeptn-rauhbein-aus-st-pauli\/","title":{"rendered":"K\u00e4pt&#8217;n Rauhbein aus St. Pauli"},"content":{"rendered":"<div class=\"wpb_text_column wpb_content_element \">\n<div class=\"wpb_wrapper\">\n<div class=\"\">\n<div class=\"wpb_text_column wpb_content_element \">\n<div class=\"wpb_wrapper\">\n<p><span style=\"font-weight: 400;\">Volle Fahrt voraus ins gro\u00dfe Abenteuer! Mit seinem alten Pott \u201eElfe\u201c schippert <\/span><span style=\"font-weight: 400;\">Kapit\u00e4n Markus Jolly <\/span><span style=\"font-weight: 400;\">(<strong>Curd J\u00fcrgens<\/strong>) &#8211; <\/span><span style=\"font-weight: 400;\">kurz <\/span><i><span style=\"font-weight: 400;\">K\u00e4pt\u2019n Rauhbein<\/span><\/i><span style=\"font-weight: 400;\"> genannt &#8211;<\/span><span style=\"font-weight: 400;\"> mit seiner schlagkr\u00e4ftigen Crew von Abenteuer zu Abenteuer. Nachdem er vom Totschlag an seiner untreuen Ehefrau freigesprochen wurde, macht sich Jolly mit brisanter Fracht auf in die S\u00fcdsee, um in einer Bananenrepublik dringend ben\u00f6tigte Medikament auszuliefern. Doch als die Fracht gel\u00f6scht werden soll, sind die Kisten leer, denn die Medikamente hat sich l\u00e4ngst eine Gangsterbande unter den Nagel gerissen, die diese als Rauschmittel verkaufen will. Die Polizei vor Ort verd\u00e4chtigt den Kapit\u00e4n der Unterschlagung und sperrt ihn und seinen Bootsmann (<\/span><span style=\"font-weight: 400;\"><strong>Heinz Reincke<\/strong>)<\/span><span style=\"font-weight: 400;\"> kurzerhand in Gef\u00e4ngnis. Doch der Teufelskerl ist nicht unterzukriegen, er bricht aus und setzt alles daran, der Gangsterbande das Handwerk zu legen\u2026 <\/span><\/p>\n<\/div>\n<\/div>\n<\/div>\n<\/div>\n<\/div>\n<div><div class=\"gap\" style=\"line-height: 20px; height: 20px;\"><\/div><\/div>\n<h5>Weitere Informationen<\/h5>\n<div>\n<div>\n<table style=\"height: 46px; width: 100%; border-collapse: collapse; border-color: #ffffff; background-color: #ffffff; border-style: hidden;\">\n<tbody>\n<tr style=\"height: 23px; border-style: hidden; border-color: #ffffff; background-color: #ffffff;\">\n<td style=\"width: 4.701195219123506%; height: 23px; border-style: hidden;\">Film:<\/td>\n<td style=\"width: 95.29880478087651%; height: 23px; border-style: hidden;\"><a href=\"https:\/\/ucm.one\/de\/kaeptn-rauhbein-aus-st-pauli\/\">K\u00e4pt&#8217;n Rauhbein aus St. Pauli<\/a><\/td>\n<\/tr>\n<tr style=\"height: 23px;\">\n<td style=\"width: 4.701195219123506%; height: 23px; border-style: hidden;\">Label:<\/td>\n<td style=\"width: 95.29880478087651%; height: 23px; border-style: hidden;\"><a title=\"U8Films Berlin\" href=\"https:\/\/ucm.one\/de\/film-labels\/u1-films-berlin\/#u8-films-berlin\">U8 Films Berlin<\/a><\/td>\n<\/tr>\n<\/tbody>\n<\/table>\n<\/div>\n<div><\/div>\n<\/div>\n<div>\n<div><div class=\"gap\" style=\"line-height: 10px; height: 10px;\"><\/div><\/div>\n<div>\u2117 1971 <strong>Allianz Filmproduktion GmbH, Terra-Filmkunst GmbH<\/strong>,\u00a0 \u00a9 2022 <strong><span style=\"font-family: 'arial black', sans-serif;\">U8<\/span> Films Berlin<\/strong>\u00a0\/ <span style=\"font-family: 'arial black', sans-serif;\"><strong>UCM.ONE <\/strong><span style=\"font-family: arial, helvetica, sans-serif;\">in Kooperation mit <strong>moviemax<\/strong><\/span><\/span><\/div>\n<div><div class=\"gap\" style=\"line-height: 20px; height: 20px;\"><\/div><\/div>\n<div>\n<div><\/div>\n<div>\n<div><div class=\"gap\" style=\"line-height: 10px; height: 10px;\"><\/div><\/div>\n<div><span style=\"color: #003a80;\"><strong>\u27a0 <a style=\"color: #003a80;\" href=\"https:\/\/ucm.one\/de\/produkt-kategorie\/art-de\/filme-de\/\">zum Shop<\/a><\/strong><\/span><\/div>\n<div><div class=\"gap\" style=\"line-height: 20px; height: 20px;\"><\/div><\/div>\n<\/div>\n<\/div>\n<\/div>\n","protected":false},"excerpt":{"rendered":"<p>Regie: <strong><a href=\"https:\/\/ucm.one\/de\/?s=%22Rolf+Olsen%22&amp;post_type=product\">Rolf Olsen<\/a><\/strong><\/p>\n<p>Label: <a href=\"https:\/\/ucm.one\/de\/produkt-kategorie\/label-film-de\/u1-films-berlin-de\/u8-films-berlin-de\/\"><strong>U8 Films Berlin<\/strong><\/a><\/p>\n<p>Art:\u00a0<strong><a href=\"https:\/\/ucm.one\/de\/produkt-kategorie\/art-de\/filme-de\/\">Film<\/a> (<a title=\"\" href=\"https:\/\/ucm.one\/de\/produkt-kategorie\/genre-film-de\/klassiker-de\/\">Klassiker<\/a>)<\/strong><\/p>\n<p>Genres: <strong><a href=\"https:\/\/ucm.one\/de\/produkt-kategorie\/genre-film-de\/krimi-de\/\">Krimi<\/a>,\u00a0<a href=\"https:\/\/ucm.one\/de\/produkt-kategorie\/genre-film-de\/abenteuer\/\">Abenteuer<\/a><\/strong><\/p>\n<p>Jahr: <strong>2022<\/strong><\/p>\n<p>FSK: <strong>16<\/strong><\/p>\n<p>Formate: <strong>Diverse<\/strong><\/p>\n","protected":false},"featured_media":77227,"comment_status":"open","ping_status":"closed","template":"","meta":{"_acf_changed":false},"product_brand":[],"product_cat":[10343,10357,9708,12093,10331,10332,10333,10335],"product_tag":[13829,13830,13831,13832,11019,13833,11023,13834,13835,13385,13753,13827,13828],"class_list":{"0":"post-74834","1":"product","2":"type-product","3":"status-publish","4":"has-post-thumbnail","6":"product_cat-u8-films-berlin-de","7":"product_cat-abenteuer","8":"product_cat-filme-de","9":"product_cat-klassiker-de","10":"product_cat-dvd-de","11":"product_cat-blu-ray-de","12":"product_cat-mediabooks-de","13":"product_cat-krimi-de","14":"product_tag-herbert-fleischmann","15":"product_tag-sieghardt-rupp","16":"product_tag-angelika-ott","17":"product_tag-christine-schuberth","18":"product_tag-rolf-olsen","19":"product_tag-ilse-peternell","20":"product_tag-u8-films-berlin","21":"product_tag-fritz-tillmann","22":"product_tag-gerhardt-lippert","23":"product_tag-curd-juergens","24":"product_tag-heinz-reincke","25":"product_tag-kaeptn-rauhbein-aus-st-pauli","26":"product_tag-johanna-von-koczian","27":"pa_format-dvd","28":"pa_format-blu-ray-de","29":"pa_format-mediabook-blu-ray-dvd","30":"description-off","32":"first","33":"instock","34":"sale","35":"taxable","36":"shipping-taxable","37":"purchasable","38":"product-type-variable"},"acf":[],"yoast_head":"<!-- This site is optimized with the Yoast SEO plugin v27.2 - https:\/\/yoast.com\/product\/yoast-seo-wordpress\/ -->\n<title>K\u00e4pt&#039;n Rauhbein aus St. Pauli<\/title>\n<meta name=\"description\" content=\"Shop | K\u00e4pt&#039;n Rauhbein aus St. Pauli | 2022 | U8 Films Berlin | Mediabook &amp; BD &amp; DVD | FSK 16\" \/>\n<meta name=\"robots\" content=\"index, follow, max-snippet:-1, max-image-preview:large, max-video-preview:-1\" \/>\n<link rel=\"canonical\" href=\"https:\/\/ucm.one\/de\/produkt\/kaeptn-rauhbein-aus-st-pauli\/\" \/>\n<meta property=\"og:locale\" content=\"de_DE\" \/>\n<meta property=\"og:type\" content=\"article\" \/>\n<meta property=\"og:title\" content=\"K\u00e4pt&#039;n Rauhbein aus St. Pauli\" \/>\n<meta property=\"og:description\" content=\"Shop | K\u00e4pt&#039;n Rauhbein aus St. Pauli | 2022 | U8 Films Berlin | Mediabook &amp; BD &amp; DVD | FSK 16\" \/>\n<meta property=\"og:url\" content=\"https:\/\/ucm.one\/de\/produkt\/kaeptn-rauhbein-aus-st-pauli\/\" \/>\n<meta property=\"og:site_name\" content=\"UCM.ONE\" \/>\n<meta property=\"article:modified_time\" content=\"2024-08-21T15:59:09+00:00\" \/>\n<meta property=\"og:image\" content=\"https:\/\/ucm.one\/wp-content\/uploads\/2022\/08\/C-Kaeptn-Rauhbein-DVD-2D-FSK16.jpg\" \/>\n<meta name=\"twitter:card\" content=\"summary_large_image\" \/>\n<meta name=\"twitter:title\" content=\"K\u00e4pt&#039;n Rauhbein aus St. Pauli\" \/>\n<meta name=\"twitter:description\" content=\"Shop | K\u00e4pt&#039;n Rauhbein aus St. Pauli | 2022 | U8 Films Berlin | Mediabook &amp; BD &amp; DVD | FSK 16\" \/>\n<meta name=\"twitter:image\" content=\"https:\/\/ucm.one\/wp-content\/uploads\/2022\/08\/C-Kaeptn-Rauhbein-DVD-2D-FSK16.jpg\" \/>\n<meta name=\"twitter:label1\" content=\"Gesch\u00e4tzte Lesezeit\" \/>\n\t<meta name=\"twitter:data1\" content=\"1\u00a0Minute\" \/>\n<!-- \/ Yoast SEO plugin. -->","yoast_head_json":{"title":"K\u00e4pt'n Rauhbein aus St. Pauli","description":"Shop | K\u00e4pt'n Rauhbein aus St. Pauli | 2022 | U8 Films Berlin | Mediabook & BD & DVD | FSK 16","robots":{"index":"index","follow":"follow","max-snippet":"max-snippet:-1","max-image-preview":"max-image-preview:large","max-video-preview":"max-video-preview:-1"},"canonical":"https:\/\/ucm.one\/de\/produkt\/kaeptn-rauhbein-aus-st-pauli\/","og_locale":"de_DE","og_type":"article","og_title":"K\u00e4pt'n Rauhbein aus St. Pauli","og_description":"Shop | K\u00e4pt'n Rauhbein aus St. Pauli | 2022 | U8 Films Berlin | Mediabook & BD & DVD | FSK 16","og_url":"https:\/\/ucm.one\/de\/produkt\/kaeptn-rauhbein-aus-st-pauli\/","og_site_name":"UCM.ONE","article_modified_time":"2024-08-21T15:59:09+00:00","og_image":[{"url":"https:\/\/ucm.one\/wp-content\/uploads\/2022\/08\/C-Kaeptn-Rauhbein-DVD-2D-FSK16.jpg","type":"","width":"","height":""}],"twitter_card":"summary_large_image","twitter_title":"K\u00e4pt'n Rauhbein aus St. Pauli","twitter_description":"Shop | K\u00e4pt'n Rauhbein aus St. Pauli | 2022 | U8 Films Berlin | Mediabook & BD & DVD | FSK 16","twitter_image":"https:\/\/ucm.one\/wp-content\/uploads\/2022\/08\/C-Kaeptn-Rauhbein-DVD-2D-FSK16.jpg","twitter_misc":{"Gesch\u00e4tzte Lesezeit":"1\u00a0Minute"},"schema":{"@context":"https:\/\/schema.org","@graph":[{"@type":"WebPage","@id":"https:\/\/ucm.one\/de\/produkt\/kaeptn-rauhbein-aus-st-pauli\/","url":"https:\/\/ucm.one\/de\/produkt\/kaeptn-rauhbein-aus-st-pauli\/","name":"K\u00e4pt'n Rauhbein aus St. Pauli","isPartOf":{"@id":"https:\/\/ucm.one\/de\/#website"},"primaryImageOfPage":{"@id":"https:\/\/ucm.one\/de\/produkt\/kaeptn-rauhbein-aus-st-pauli\/#primaryimage"},"image":{"@id":"https:\/\/ucm.one\/de\/produkt\/kaeptn-rauhbein-aus-st-pauli\/#primaryimage"},"thumbnailUrl":"https:\/\/ucm.one\/wp-content\/uploads\/2022\/09\/C-Kaeptn-Rauhbein-DVD-2D-FSK16.jpg","datePublished":"2022-09-28T11:04:48+00:00","dateModified":"2024-08-21T15:59:09+00:00","description":"Shop | K\u00e4pt'n Rauhbein aus St. Pauli | 2022 | U8 Films Berlin | Mediabook & BD & DVD | FSK 16","breadcrumb":{"@id":"https:\/\/ucm.one\/de\/produkt\/kaeptn-rauhbein-aus-st-pauli\/#breadcrumb"},"inLanguage":"de","potentialAction":[{"@type":"ReadAction","target":["https:\/\/ucm.one\/de\/produkt\/kaeptn-rauhbein-aus-st-pauli\/"]}]},{"@type":"ImageObject","inLanguage":"de","@id":"https:\/\/ucm.one\/de\/produkt\/kaeptn-rauhbein-aus-st-pauli\/#primaryimage","url":"https:\/\/ucm.one\/wp-content\/uploads\/2022\/09\/C-Kaeptn-Rauhbein-DVD-2D-FSK16.jpg","contentUrl":"https:\/\/ucm.one\/wp-content\/uploads\/2022\/09\/C-Kaeptn-Rauhbein-DVD-2D-FSK16.jpg","width":699,"height":1000},{"@type":"BreadcrumbList","@id":"https:\/\/ucm.one\/de\/produkt\/kaeptn-rauhbein-aus-st-pauli\/#breadcrumb","itemListElement":[{"@type":"ListItem","position":1,"name":"Home","item":"https:\/\/ucm.one\/de\/"},{"@type":"ListItem","position":2,"name":"Shop","item":"https:\/\/ucm.one\/de\/shop\/"},{"@type":"ListItem","position":3,"name":"K\u00e4pt&#8217;n Rauhbein aus St. Pauli"}]},{"@type":"WebSite","@id":"https:\/\/ucm.one\/de\/#website","url":"https:\/\/ucm.one\/de\/","name":"UCM.ONE","description":"","publisher":{"@id":"https:\/\/ucm.one\/de\/#organization"},"potentialAction":[{"@type":"SearchAction","target":{"@type":"EntryPoint","urlTemplate":"https:\/\/ucm.one\/de\/?s={search_term_string}"},"query-input":{"@type":"PropertyValueSpecification","valueRequired":true,"valueName":"search_term_string"}}],"inLanguage":"de"},{"@type":"Organization","@id":"https:\/\/ucm.one\/de\/#organization","name":"UCM.ONE","url":"https:\/\/ucm.one\/de\/","logo":{"@type":"ImageObject","inLanguage":"de","@id":"https:\/\/ucm.one\/de\/#\/schema\/logo\/image\/","url":"https:\/\/ucm.one\/wp-content\/uploads\/2019\/10\/UCM.ONE-Logo-RGB.svg","contentUrl":"https:\/\/ucm.one\/wp-content\/uploads\/2019\/10\/UCM.ONE-Logo-RGB.svg","width":1,"height":1,"caption":"UCM.ONE"},"image":{"@id":"https:\/\/ucm.one\/de\/#\/schema\/logo\/image\/"}}]}},"_links":{"self":[{"href":"https:\/\/ucm.one\/de\/wp-json\/wp\/v2\/product\/74834","targetHints":{"allow":["GET"]}}],"collection":[{"href":"https:\/\/ucm.one\/de\/wp-json\/wp\/v2\/product"}],"about":[{"href":"https:\/\/ucm.one\/de\/wp-json\/wp\/v2\/types\/product"}],"replies":[{"embeddable":true,"href":"https:\/\/ucm.one\/de\/wp-json\/wp\/v2\/comments?post=74834"}],"wp:featuredmedia":[{"embeddable":true,"href":"https:\/\/ucm.one\/de\/wp-json\/wp\/v2\/media\/77227"}],"wp:attachment":[{"href":"https:\/\/ucm.one\/de\/wp-json\/wp\/v2\/media?parent=74834"}],"wp:term":[{"taxonomy":"product_brand","embeddable":true,"href":"https:\/\/ucm.one\/de\/wp-json\/wp\/v2\/product_brand?post=74834"},{"taxonomy":"product_cat","embeddable":true,"href":"https:\/\/ucm.one\/de\/wp-json\/wp\/v2\/product_cat?post=74834"},{"taxonomy":"product_tag","embeddable":true,"href":"https:\/\/ucm.one\/de\/wp-json\/wp\/v2\/product_tag?post=74834"}],"curies":[{"name":"wp","href":"https:\/\/api.w.org\/{rel}","templated":true}]}}