{"id":74768,"date":"2022-08-26T09:27:33","date_gmt":"2022-08-26T09:27:33","guid":{"rendered":"https:\/\/ucm.one\/?post_type=product&#038;p=74768"},"modified":"2025-10-18T08:42:53","modified_gmt":"2025-10-18T08:42:53","slug":"der-pfarrer-von-st-pauli","status":"publish","type":"product","link":"https:\/\/ucm.one\/de\/produkt\/der-pfarrer-von-st-pauli\/","title":{"rendered":"Der Pfarrer von St. Pauli"},"content":{"rendered":"<div class=\"wpb_text_column wpb_content_element \">\n<div class=\"wpb_wrapper\">\n<div class=\"\">\n<div class=\"wpb_text_column wpb_content_element \">\n<div class=\"wpb_wrapper\">\n<p><span style=\"font-weight: 400;\">Zweiter Weltkrieg: U-Boot Kapit\u00e4n Konrad Johannsen (<strong>Curd J\u00fcrgens)<\/strong> ger\u00e4t mit seinem Schiff nach einem feindlichen Angriff in schwere Seenot. In seiner Verzweiflung betet er zu Gott. Er verspricht: Wenn er diesen Schlamassel \u00fcberleben sollte, wird er sein Leben nur noch Gott weihen und Priester werden. \u00dcber zwei Jahrzehnte sp\u00e4ter hat Pfarrer Johannsen seine Wandlung zum Geistlichen abgeschlossen und wird schnell zu einer festen Gr\u00f6\u00dfe auf dem Kiez, der die Herzen der dort im Leben Gestrandeten schnell zufliegen.<\/span><\/p>\n<p><span style=\"font-weight: 400;\">Als er jedoch durch die Beichte eines Kleinkriminellen in einen Mordkomplott hineingezogen wird, fingieren die Kiez-Gangster kompromittierende Aufnahmen des Geistlichen, der daraufhin auf eine abgelegene Nordseeinsel strafversetzt wird. Doch die Unterwelt, wie auch die Kirchenoberen haben nicht mit der unerschrockenen Entschlossenheit des ehemaligen U-Boot-Kapit\u00e4ns gerechnet\u2026<\/span><\/p>\n<\/div>\n<\/div>\n<\/div>\n<\/div>\n<\/div>\n<div><div class=\"gap\" style=\"line-height: 20px; height: 20px;\"><\/div><\/div>\n<h5>Weitere Informationen<\/h5>\n<div>\n<div>\n<table style=\"height: 46px; width: 100%; border-collapse: collapse; border-color: #ffffff; background-color: #ffffff; border-style: hidden;\">\n<tbody>\n<tr style=\"height: 23px; border-style: hidden; border-color: #ffffff; background-color: #ffffff;\">\n<td style=\"width: 4.701195219123506%; height: 23px; border-style: hidden;\">Film:<\/td>\n<td style=\"width: 95.29880478087651%; height: 23px; border-style: hidden;\"><a title=\"Der Pfarrer von St. Pauli\" href=\"https:\/\/ucm.one\/de\/der-pfarrer-von-st-pauli\/\">Der Pfarrer von St. Pauli<\/a><\/td>\n<\/tr>\n<tr style=\"height: 23px;\">\n<td style=\"width: 4.701195219123506%; height: 23px; border-style: hidden;\">Label:<\/td>\n<td style=\"width: 95.29880478087651%; height: 23px; border-style: hidden;\"><a title=\"U8Films Berlin\" href=\"https:\/\/ucm.one\/de\/film-labels\/u1-films-berlin\/#u8-films-berlin\">U8 Films Berlin<\/a><\/td>\n<\/tr>\n<\/tbody>\n<\/table>\n<\/div>\n<div><\/div>\n<\/div>\n<div>\n<div><div class=\"gap\" style=\"line-height: 10px; height: 10px;\"><\/div><\/div>\n<div>\u2117 1970 <strong>Allianz Filmproduktion GmbH, Terra-Filmkunst GmbH<\/strong>,\u00a0 \u00a9 2022 <strong><span style=\"font-family: 'arial black', sans-serif;\">U8<\/span> Films Berlin<\/strong>\u00a0\/ <span style=\"font-family: 'arial black', sans-serif;\"><strong>UCM.ONE <\/strong><span style=\"font-family: arial, helvetica, sans-serif;\">in Kooperation mit <strong>moviemax<\/strong><\/span><\/span><\/div>\n<div><div class=\"gap\" style=\"line-height: 20px; height: 20px;\"><\/div><\/div>\n<div>\n<div><\/div>\n<div>\n<div><div class=\"gap\" style=\"line-height: 10px; height: 10px;\"><\/div><\/div>\n<div><span style=\"color: #003a80;\"><strong>\u27a0 <a style=\"color: #003a80;\" href=\"https:\/\/ucm.one\/de\/produkt-kategorie\/art-de\/filme-de\/\">zum Shop<\/a><\/strong><\/span><\/div>\n<div><div class=\"gap\" style=\"line-height: 20px; height: 20px;\"><\/div><\/div>\n<\/div>\n<\/div>\n<\/div>\n","protected":false},"excerpt":{"rendered":"<p>Regie: <strong><a href=\"https:\/\/ucm.one\/de\/?s=%22Rolf+Olsen%22&amp;post_type=product\">Rolf Olsen<\/a><\/strong><\/p>\n<p>Label: <a href=\"https:\/\/ucm.one\/de\/produkt-kategorie\/label-film-de\/u1-films-berlin-de\/u8-films-berlin-de\/\"><strong>U8 Films Berlin<\/strong><\/a><\/p>\n<p>Art:\u00a0<strong><a href=\"https:\/\/ucm.one\/de\/produkt-kategorie\/art-de\/filme-de\/\">Film<\/a> (<a title=\"\" href=\"https:\/\/ucm.one\/de\/produkt-kategorie\/genre-film-de\/klassiker-de\/\">Klassiker<\/a>)<\/strong><\/p>\n<p>Genres: <a href=\"https:\/\/ucm.one\/de\/produkt-kategorie\/genre-film-de\/drama-de\/\"><strong>Drama<\/strong><\/a>, <strong><a href=\"https:\/\/ucm.one\/de\/produkt-kategorie\/genre-film-de\/krimi-de\/\">Krimi<\/a><\/strong><\/p>\n<p>Jahr: 2022<\/p>\n<p>FSK: <strong>16<\/strong><\/p>\n<p>Formate: <strong>Diverse<\/strong><\/p>\n","protected":false},"featured_media":74981,"comment_status":"open","ping_status":"closed","template":"","meta":{"_acf_changed":false},"product_brand":[],"product_cat":[10331,10332,10333,10334,10335,10343,9708,12093],"product_tag":[13764,12319,13765,13385,13766,13750,13767,13751,13768,13752,13769,13753,13770,13754,13771,13755,13772,11019,13756,13773,11023,13757],"class_list":{"0":"post-74768","1":"product","2":"type-product","3":"status-publish","4":"has-post-thumbnail","6":"product_cat-dvd-de","7":"product_cat-blu-ray-de","8":"product_cat-mediabooks-de","9":"product_cat-drama-de","10":"product_cat-krimi-de","11":"product_cat-u8-films-berlin-de","12":"product_cat-filme-de","13":"product_cat-klassiker-de","14":"product_tag-der-pfarrer-von-st-pauli","15":"product_tag-fritz-wepper","16":"product_tag-barbara-lass","17":"product_tag-curd-juergens","18":"product_tag-werner-bruhns","19":"product_tag-der-arzt-von-st-pauli","20":"product_tag-corny-collins","21":"product_tag-horst-naumann","22":"product_tag-gunther-stoll","23":"product_tag-christiane-ruecker","24":"product_tag-walter-buschhof","25":"product_tag-heinz-reincke","26":"product_tag-carl-lange","27":"product_tag-marianne-hoffmann","28":"product_tag-klaus-hagen-latwesen","29":"product_tag-dieter-borsche","30":"product_tag-christian-engelmann","31":"product_tag-rolf-olsen","32":"product_tag-wolfgang-zerlett","33":"product_tag-christine-diersch","34":"product_tag-u8-films-berlin","35":"product_tag-monika-zinnenberg","36":"pa_format-dvd","37":"pa_format-blu-ray-de","38":"pa_format-mediabook-blu-ray-dvd","39":"description-off","41":"first","42":"instock","43":"sale","44":"taxable","45":"shipping-taxable","46":"purchasable","47":"product-type-variable"},"acf":[],"yoast_head":"<!-- This site is optimized with the Yoast SEO plugin v27.2 - https:\/\/yoast.com\/product\/yoast-seo-wordpress\/ -->\n<title>Der Pfarrer von St. Pauli<\/title>\n<meta name=\"description\" content=\"Shop | Der Pfarrer von St. Pauli | 2022 | U8 Films Berlin | Mediabook &amp; BD &amp; DVD | FSK 16\" \/>\n<meta name=\"robots\" content=\"index, follow, max-snippet:-1, max-image-preview:large, max-video-preview:-1\" \/>\n<link rel=\"canonical\" href=\"https:\/\/ucm.one\/de\/produkt\/der-pfarrer-von-st-pauli\/\" \/>\n<meta property=\"og:locale\" content=\"de_DE\" \/>\n<meta property=\"og:type\" content=\"article\" \/>\n<meta property=\"og:title\" content=\"Der Pfarrer von St. Pauli\" \/>\n<meta property=\"og:description\" content=\"Shop | Der Pfarrer von St. Pauli | 2022 | U8 Films Berlin | Mediabook &amp; BD &amp; DVD | FSK 16\" \/>\n<meta property=\"og:url\" content=\"https:\/\/ucm.one\/de\/produkt\/der-pfarrer-von-st-pauli\/\" \/>\n<meta property=\"og:site_name\" content=\"UCM.ONE\" \/>\n<meta property=\"article:modified_time\" content=\"2025-10-18T08:42:53+00:00\" \/>\n<meta property=\"og:image\" content=\"https:\/\/ucm.one\/wp-content\/uploads\/2022\/08\/Der-Pfarrer-von-St.-Pauli-Banner-Artwork-1920x1080-1.jpg\" \/>\n<meta name=\"twitter:card\" content=\"summary_large_image\" \/>\n<meta name=\"twitter:title\" content=\"Der Pfarrer von St. Pauli\" \/>\n<meta name=\"twitter:description\" content=\"Shop | Der Pfarrer von St. Pauli | 2022 | U8 Films Berlin | Mediabook &amp; BD &amp; DVD | FSK 16\" \/>\n<meta name=\"twitter:image\" content=\"https:\/\/ucm.one\/wp-content\/uploads\/2022\/08\/Der-Pfarrer-von-St.-Pauli-Artwork-quadratisch.jpg\" \/>\n<meta name=\"twitter:label1\" content=\"Gesch\u00e4tzte Lesezeit\" \/>\n\t<meta name=\"twitter:data1\" content=\"1\u00a0Minute\" \/>\n<!-- \/ Yoast SEO plugin. -->","yoast_head_json":{"title":"Der Pfarrer von St. Pauli","description":"Shop | Der Pfarrer von St. Pauli | 2022 | U8 Films Berlin | Mediabook & BD & DVD | FSK 16","robots":{"index":"index","follow":"follow","max-snippet":"max-snippet:-1","max-image-preview":"max-image-preview:large","max-video-preview":"max-video-preview:-1"},"canonical":"https:\/\/ucm.one\/de\/produkt\/der-pfarrer-von-st-pauli\/","og_locale":"de_DE","og_type":"article","og_title":"Der Pfarrer von St. Pauli","og_description":"Shop | Der Pfarrer von St. Pauli | 2022 | U8 Films Berlin | Mediabook & BD & DVD | FSK 16","og_url":"https:\/\/ucm.one\/de\/produkt\/der-pfarrer-von-st-pauli\/","og_site_name":"UCM.ONE","article_modified_time":"2025-10-18T08:42:53+00:00","og_image":[{"url":"https:\/\/ucm.one\/wp-content\/uploads\/2022\/08\/Der-Pfarrer-von-St.-Pauli-Banner-Artwork-1920x1080-1.jpg","type":"","width":"","height":""}],"twitter_card":"summary_large_image","twitter_title":"Der Pfarrer von St. Pauli","twitter_description":"Shop | Der Pfarrer von St. Pauli | 2022 | U8 Films Berlin | Mediabook & BD & DVD | FSK 16","twitter_image":"https:\/\/ucm.one\/wp-content\/uploads\/2022\/08\/Der-Pfarrer-von-St.-Pauli-Artwork-quadratisch.jpg","twitter_misc":{"Gesch\u00e4tzte Lesezeit":"1\u00a0Minute"},"schema":{"@context":"https:\/\/schema.org","@graph":[{"@type":"WebPage","@id":"https:\/\/ucm.one\/de\/produkt\/der-pfarrer-von-st-pauli\/","url":"https:\/\/ucm.one\/de\/produkt\/der-pfarrer-von-st-pauli\/","name":"Der Pfarrer von St. Pauli","isPartOf":{"@id":"https:\/\/ucm.one\/de\/#website"},"primaryImageOfPage":{"@id":"https:\/\/ucm.one\/de\/produkt\/der-pfarrer-von-st-pauli\/#primaryimage"},"image":{"@id":"https:\/\/ucm.one\/de\/produkt\/der-pfarrer-von-st-pauli\/#primaryimage"},"thumbnailUrl":"https:\/\/ucm.one\/wp-content\/uploads\/2022\/08\/C-Der-Pfarrer-von-S.-Pauli-2D-FSK16.jpg","datePublished":"2022-08-26T09:27:33+00:00","dateModified":"2025-10-18T08:42:53+00:00","description":"Shop | Der Pfarrer von St. Pauli | 2022 | U8 Films Berlin | Mediabook & BD & DVD | FSK 16","breadcrumb":{"@id":"https:\/\/ucm.one\/de\/produkt\/der-pfarrer-von-st-pauli\/#breadcrumb"},"inLanguage":"de","potentialAction":[{"@type":"ReadAction","target":["https:\/\/ucm.one\/de\/produkt\/der-pfarrer-von-st-pauli\/"]}]},{"@type":"ImageObject","inLanguage":"de","@id":"https:\/\/ucm.one\/de\/produkt\/der-pfarrer-von-st-pauli\/#primaryimage","url":"https:\/\/ucm.one\/wp-content\/uploads\/2022\/08\/C-Der-Pfarrer-von-S.-Pauli-2D-FSK16.jpg","contentUrl":"https:\/\/ucm.one\/wp-content\/uploads\/2022\/08\/C-Der-Pfarrer-von-S.-Pauli-2D-FSK16.jpg","width":699,"height":1000},{"@type":"BreadcrumbList","@id":"https:\/\/ucm.one\/de\/produkt\/der-pfarrer-von-st-pauli\/#breadcrumb","itemListElement":[{"@type":"ListItem","position":1,"name":"Home","item":"https:\/\/ucm.one\/de\/"},{"@type":"ListItem","position":2,"name":"Shop","item":"https:\/\/ucm.one\/de\/shop\/"},{"@type":"ListItem","position":3,"name":"Der Pfarrer von St. Pauli"}]},{"@type":"WebSite","@id":"https:\/\/ucm.one\/de\/#website","url":"https:\/\/ucm.one\/de\/","name":"UCM.ONE","description":"","publisher":{"@id":"https:\/\/ucm.one\/de\/#organization"},"potentialAction":[{"@type":"SearchAction","target":{"@type":"EntryPoint","urlTemplate":"https:\/\/ucm.one\/de\/?s={search_term_string}"},"query-input":{"@type":"PropertyValueSpecification","valueRequired":true,"valueName":"search_term_string"}}],"inLanguage":"de"},{"@type":"Organization","@id":"https:\/\/ucm.one\/de\/#organization","name":"UCM.ONE","url":"https:\/\/ucm.one\/de\/","logo":{"@type":"ImageObject","inLanguage":"de","@id":"https:\/\/ucm.one\/de\/#\/schema\/logo\/image\/","url":"https:\/\/ucm.one\/wp-content\/uploads\/2019\/10\/UCM.ONE-Logo-RGB.svg","contentUrl":"https:\/\/ucm.one\/wp-content\/uploads\/2019\/10\/UCM.ONE-Logo-RGB.svg","width":1,"height":1,"caption":"UCM.ONE"},"image":{"@id":"https:\/\/ucm.one\/de\/#\/schema\/logo\/image\/"}}]}},"_links":{"self":[{"href":"https:\/\/ucm.one\/de\/wp-json\/wp\/v2\/product\/74768","targetHints":{"allow":["GET"]}}],"collection":[{"href":"https:\/\/ucm.one\/de\/wp-json\/wp\/v2\/product"}],"about":[{"href":"https:\/\/ucm.one\/de\/wp-json\/wp\/v2\/types\/product"}],"replies":[{"embeddable":true,"href":"https:\/\/ucm.one\/de\/wp-json\/wp\/v2\/comments?post=74768"}],"wp:featuredmedia":[{"embeddable":true,"href":"https:\/\/ucm.one\/de\/wp-json\/wp\/v2\/media\/74981"}],"wp:attachment":[{"href":"https:\/\/ucm.one\/de\/wp-json\/wp\/v2\/media?parent=74768"}],"wp:term":[{"taxonomy":"product_brand","embeddable":true,"href":"https:\/\/ucm.one\/de\/wp-json\/wp\/v2\/product_brand?post=74768"},{"taxonomy":"product_cat","embeddable":true,"href":"https:\/\/ucm.one\/de\/wp-json\/wp\/v2\/product_cat?post=74768"},{"taxonomy":"product_tag","embeddable":true,"href":"https:\/\/ucm.one\/de\/wp-json\/wp\/v2\/product_tag?post=74768"}],"curies":[{"name":"wp","href":"https:\/\/api.w.org\/{rel}","templated":true}]}}