{"id":74756,"date":"2022-08-26T09:05:51","date_gmt":"2022-08-26T09:05:51","guid":{"rendered":"https:\/\/ucm.one\/?post_type=product&#038;p=74756"},"modified":"2025-03-06T14:47:23","modified_gmt":"2025-03-06T14:47:23","slug":"boris-brejcha-club-vibes-part-02","status":"publish","type":"product","link":"https:\/\/ucm.one\/de\/produkt\/boris-brejcha-club-vibes-part-02\/","title":{"rendered":"Boris Brejcha &#8211; Club Vibes (Part 02)"},"content":{"rendered":"<p>Sie tr\u00e4gt Pelz und fliegt dabei bis zu 18 Stunden am Tag. Nein, hier geht es nicht um einen extrovertierten neuen DJ auf dem Weg von Gig zu Gig um den Globus. <strong>Boris Brejcha<\/strong> macht auf dem zweiten Teil seiner sechs neuen EPs einen Ausflug ins Tierreich. Der Track &#8222;<strong>Bumblebee<\/strong>&#8222;, feiert die Hummel ab, welches bis zu 1.000 Bl\u00fcten am Tag mit ihrer langen Zunge best\u00e4ubt. Die Insekten sind sehr friedlich und wehren sich \u00e4usserst selten. Nach dem postmodernen Hummelflug gehts auf dem zweiten Track der EP weniger friedvoll zu. &#8222;<strong>Jawbreaker<\/strong>&#8220; klingt genau so wie der Titel es beschreibt. Hier krachen, Knarren und Knarzen die Beats und Sounds bis zur Schmerzgrenze.<\/p>\n<div><div class=\"gap\" style=\"line-height: 20px; height: 20px;\"><\/div><\/div>\n<h5>Weitere Informationen<\/h5>\n<table style=\"height: 45px; width: 100%; border-collapse: collapse; border-color: #ffffff; background-color: #ffffff; border-style: hidden;\">\n<tbody>\n<tr style=\"height: 23px; border-style: hidden; border-color: #ffffff; background-color: #ffffff;\">\n<td style=\"width: 5.669291338582677%; height: 23px; border-style: hidden; border-color: #ffffff; background-color: #ffffff;\">K\u00fcnstler:<\/td>\n<td style=\"width: 94.33070866141732%; height: 23px;\"><a title=\"Boris Brejcha\" href=\"https:\/\/ucm.one\/de\/?s=boris+brejcha&amp;lang=de\">Boris Brejcha<\/a><\/td>\n<\/tr>\n<tr style=\"height: 23px;\">\n<td style=\"width: 5.669291338582677%; height: 22px;\">Label:<\/td>\n<td style=\"width: 94.33070866141732%; height: 22px;\"><a title=\"Harthouse\" href=\"https:\/\/ucm.one\/de\/musik-labels\/harthouse\/\">Harthouse<\/a><\/td>\n<\/tr>\n<\/tbody>\n<\/table>\n<div><\/div>\n<div><div class=\"gap\" style=\"line-height: 10px; height: 10px;\"><\/div><\/div>\n<div>\u2117 &amp; \u00a9 2022\u00a0<strong>Harthouse<\/strong> \/ <span style=\"font-family: 'arial black', sans-serif;\"><strong>UCM.ONE<\/strong><\/span><\/div>\n<div><div class=\"gap\" style=\"line-height: 20px; height: 20px;\"><\/div><\/div>\n<div>\n<div><\/div>\n<div><div class=\"gap\" style=\"line-height: 10px; height: 10px;\"><\/div><\/div>\n<div><span style=\"color: #003a80;\"><strong>\u27a0 <a style=\"color: #003a80;\" title=\"\" href=\"https:\/\/ucm.one\/de\/produkt-kategorie\/art-de\/musik-de\/\">zum Shop<\/a><\/strong><\/span><\/div>\n<div><div class=\"gap\" style=\"line-height: 20px; height: 20px;\"><\/div><\/div>\n<\/div>\n","protected":false},"excerpt":{"rendered":"<p>Artist:\u00a0<strong><a title=\"\" href=\"https:\/\/ucm.one\/de\/?s=Boris+Brejcha&amp;post_type=product\">Boris Brejcha<\/a><\/strong><\/p>\n<p>Label:\u00a0<a href=\"https:\/\/ucm.one\/de\/produkt-kategorie\/label-musik-de\/harthouse-de\"><b>Harthouse<\/b><\/a><\/p>\n<p>Art:\u00a0<strong><a href=\"https:\/\/ucm.one\/de\/produkt-kategorie\/art-de\/musik-de\/\">Musik<\/a>\u00a0(Single)<\/strong><\/p>\n<p>Genre:\u00a0<b><a href=\"https:\/\/ucm.one\/de\/produkt-kategorie\/genre-musik-de\/dance-de\/techno-de\/\">Techno<\/a><\/b><\/p>\n<p>Jahr: <strong>2022<\/strong><\/p>\n<p>Format: <strong>Vinyl (12&#8243;)<\/strong><\/p>\n","protected":false},"featured_media":74757,"comment_status":"open","ping_status":"closed","template":"","meta":{"_acf_changed":false},"product_brand":[],"product_cat":[9857,9713,9714,9796,9797],"product_tag":[13774,13775,13776,13777,13013,9762,13014,13015,13016,9798,13017,9799,9806],"class_list":{"0":"post-74756","1":"product","2":"type-product","3":"status-publish","4":"has-post-thumbnail","6":"product_cat-dance-de","7":"product_cat-musik-de","8":"product_cat-vinyl-de","9":"product_cat-harthouse-de","10":"product_cat-techno-de","11":"product_tag-part-2-2","12":"product_tag-red-vinyl-2","13":"product_tag-hummel-2","14":"product_tag-jawbreaker-2","15":"product_tag-club-vibes","16":"product_tag-black-vinyl","17":"product_tag-yellow-vinyl","18":"product_tag-13015","19":"product_tag-gehoerschadengenerator","20":"product_tag-boris-brejcha","21":"product_tag-fckng-trap","22":"product_tag-harthouse","23":"product_tag-vinyl","24":"product_shipping_class-vinyl-2","25":"pa_format-12-black-vinyl","26":"pa_format-12-red-vinyl-de","27":"description-off","29":"first","30":"instock","31":"taxable","32":"shipping-taxable","33":"purchasable","34":"product-type-variable"},"acf":[],"yoast_head":"<!-- This site is optimized with the Yoast SEO plugin v27.2 - https:\/\/yoast.com\/product\/yoast-seo-wordpress\/ -->\n<title>Boris Brejcha - Club Vibes (Part 02)<\/title>\n<meta name=\"description\" content=\"Shop | Boris Brejcha - Club Vibes (Part 02) | 2022 | Harthouse | 12&quot; (Black Vinyl), 12&quot; (Red Vinyl)\" \/>\n<meta name=\"robots\" content=\"index, follow, max-snippet:-1, max-image-preview:large, max-video-preview:-1\" \/>\n<link rel=\"canonical\" href=\"https:\/\/ucm.one\/de\/produkt\/boris-brejcha-club-vibes-part-02\/\" \/>\n<meta property=\"og:locale\" content=\"de_DE\" \/>\n<meta property=\"og:type\" content=\"article\" \/>\n<meta property=\"og:title\" content=\"Boris Brejcha - Club Vibes (Part 02)\" \/>\n<meta property=\"og:description\" content=\"Shop | Boris Brejcha - Club Vibes (Part 02) | 2022 | Harthouse | 12&quot; (Black Vinyl), 12&quot; (Red Vinyl)\" \/>\n<meta property=\"og:url\" content=\"https:\/\/ucm.one\/de\/produkt\/boris-brejcha-club-vibes-part-02\/\" \/>\n<meta property=\"og:site_name\" content=\"UCM.ONE\" \/>\n<meta property=\"article:modified_time\" content=\"2025-03-06T14:47:23+00:00\" \/>\n<meta property=\"og:image\" content=\"https:\/\/ucm.one\/wp-content\/uploads\/2022\/08\/B-Boris-Brejcha-Club-Vibes-Part-02-Vinyl-rot.jpg\" \/>\n<meta name=\"twitter:card\" content=\"summary_large_image\" \/>\n<meta name=\"twitter:title\" content=\"Boris Brejcha - Club Vibes (Part 02)\" \/>\n<meta name=\"twitter:description\" content=\"Shop | Boris Brejcha - Club Vibes (Part 02) | 2022 | Harthouse | 12&quot; (Black Vinyl), 12&quot; (Red Vinyl)\" \/>\n<meta name=\"twitter:image\" content=\"https:\/\/ucm.one\/wp-content\/uploads\/2022\/08\/B-Boris-Brejcha-Club-Vibes-Part-02-Vinyl-rot.jpg\" \/>\n<meta name=\"twitter:label1\" content=\"Gesch\u00e4tzte Lesezeit\" \/>\n\t<meta name=\"twitter:data1\" content=\"1\u00a0Minute\" \/>\n<!-- \/ Yoast SEO plugin. -->","yoast_head_json":{"title":"Boris Brejcha - Club Vibes (Part 02)","description":"Shop | Boris Brejcha - Club Vibes (Part 02) | 2022 | Harthouse | 12\" (Black Vinyl), 12\" (Red Vinyl)","robots":{"index":"index","follow":"follow","max-snippet":"max-snippet:-1","max-image-preview":"max-image-preview:large","max-video-preview":"max-video-preview:-1"},"canonical":"https:\/\/ucm.one\/de\/produkt\/boris-brejcha-club-vibes-part-02\/","og_locale":"de_DE","og_type":"article","og_title":"Boris Brejcha - Club Vibes (Part 02)","og_description":"Shop | Boris Brejcha - Club Vibes (Part 02) | 2022 | Harthouse | 12\" (Black Vinyl), 12\" (Red Vinyl)","og_url":"https:\/\/ucm.one\/de\/produkt\/boris-brejcha-club-vibes-part-02\/","og_site_name":"UCM.ONE","article_modified_time":"2025-03-06T14:47:23+00:00","og_image":[{"url":"https:\/\/ucm.one\/wp-content\/uploads\/2022\/08\/B-Boris-Brejcha-Club-Vibes-Part-02-Vinyl-rot.jpg","type":"","width":"","height":""}],"twitter_card":"summary_large_image","twitter_title":"Boris Brejcha - Club Vibes (Part 02)","twitter_description":"Shop | Boris Brejcha - Club Vibes (Part 02) | 2022 | Harthouse | 12\" (Black Vinyl), 12\" (Red Vinyl)","twitter_image":"https:\/\/ucm.one\/wp-content\/uploads\/2022\/08\/B-Boris-Brejcha-Club-Vibes-Part-02-Vinyl-rot.jpg","twitter_misc":{"Gesch\u00e4tzte Lesezeit":"1\u00a0Minute"},"schema":{"@context":"https:\/\/schema.org","@graph":[{"@type":"WebPage","@id":"https:\/\/ucm.one\/de\/produkt\/boris-brejcha-club-vibes-part-02\/","url":"https:\/\/ucm.one\/de\/produkt\/boris-brejcha-club-vibes-part-02\/","name":"Boris Brejcha - Club Vibes (Part 02)","isPartOf":{"@id":"https:\/\/ucm.one\/de\/#website"},"primaryImageOfPage":{"@id":"https:\/\/ucm.one\/de\/produkt\/boris-brejcha-club-vibes-part-02\/#primaryimage"},"image":{"@id":"https:\/\/ucm.one\/de\/produkt\/boris-brejcha-club-vibes-part-02\/#primaryimage"},"thumbnailUrl":"https:\/\/ucm.one\/wp-content\/uploads\/2022\/08\/C-Boris-Brejcha-Club-Vibes-Part-02.jpg","datePublished":"2022-08-26T09:05:51+00:00","dateModified":"2025-03-06T14:47:23+00:00","description":"Shop | Boris Brejcha - Club Vibes (Part 02) | 2022 | Harthouse | 12\" (Black Vinyl), 12\" (Red Vinyl)","breadcrumb":{"@id":"https:\/\/ucm.one\/de\/produkt\/boris-brejcha-club-vibes-part-02\/#breadcrumb"},"inLanguage":"de","potentialAction":[{"@type":"ReadAction","target":["https:\/\/ucm.one\/de\/produkt\/boris-brejcha-club-vibes-part-02\/"]}]},{"@type":"ImageObject","inLanguage":"de","@id":"https:\/\/ucm.one\/de\/produkt\/boris-brejcha-club-vibes-part-02\/#primaryimage","url":"https:\/\/ucm.one\/wp-content\/uploads\/2022\/08\/C-Boris-Brejcha-Club-Vibes-Part-02.jpg","contentUrl":"https:\/\/ucm.one\/wp-content\/uploads\/2022\/08\/C-Boris-Brejcha-Club-Vibes-Part-02.jpg","width":1000,"height":1000},{"@type":"BreadcrumbList","@id":"https:\/\/ucm.one\/de\/produkt\/boris-brejcha-club-vibes-part-02\/#breadcrumb","itemListElement":[{"@type":"ListItem","position":1,"name":"Home","item":"https:\/\/ucm.one\/de\/"},{"@type":"ListItem","position":2,"name":"Shop","item":"https:\/\/ucm.one\/de\/shop\/"},{"@type":"ListItem","position":3,"name":"Boris Brejcha &#8211; Club Vibes (Part 02)"}]},{"@type":"WebSite","@id":"https:\/\/ucm.one\/de\/#website","url":"https:\/\/ucm.one\/de\/","name":"UCM.ONE","description":"","publisher":{"@id":"https:\/\/ucm.one\/de\/#organization"},"potentialAction":[{"@type":"SearchAction","target":{"@type":"EntryPoint","urlTemplate":"https:\/\/ucm.one\/de\/?s={search_term_string}"},"query-input":{"@type":"PropertyValueSpecification","valueRequired":true,"valueName":"search_term_string"}}],"inLanguage":"de"},{"@type":"Organization","@id":"https:\/\/ucm.one\/de\/#organization","name":"UCM.ONE","url":"https:\/\/ucm.one\/de\/","logo":{"@type":"ImageObject","inLanguage":"de","@id":"https:\/\/ucm.one\/de\/#\/schema\/logo\/image\/","url":"https:\/\/ucm.one\/wp-content\/uploads\/2019\/10\/UCM.ONE-Logo-RGB.svg","contentUrl":"https:\/\/ucm.one\/wp-content\/uploads\/2019\/10\/UCM.ONE-Logo-RGB.svg","width":1,"height":1,"caption":"UCM.ONE"},"image":{"@id":"https:\/\/ucm.one\/de\/#\/schema\/logo\/image\/"}}]}},"_links":{"self":[{"href":"https:\/\/ucm.one\/de\/wp-json\/wp\/v2\/product\/74756","targetHints":{"allow":["GET"]}}],"collection":[{"href":"https:\/\/ucm.one\/de\/wp-json\/wp\/v2\/product"}],"about":[{"href":"https:\/\/ucm.one\/de\/wp-json\/wp\/v2\/types\/product"}],"replies":[{"embeddable":true,"href":"https:\/\/ucm.one\/de\/wp-json\/wp\/v2\/comments?post=74756"}],"wp:featuredmedia":[{"embeddable":true,"href":"https:\/\/ucm.one\/de\/wp-json\/wp\/v2\/media\/74757"}],"wp:attachment":[{"href":"https:\/\/ucm.one\/de\/wp-json\/wp\/v2\/media?parent=74756"}],"wp:term":[{"taxonomy":"product_brand","embeddable":true,"href":"https:\/\/ucm.one\/de\/wp-json\/wp\/v2\/product_brand?post=74756"},{"taxonomy":"product_cat","embeddable":true,"href":"https:\/\/ucm.one\/de\/wp-json\/wp\/v2\/product_cat?post=74756"},{"taxonomy":"product_tag","embeddable":true,"href":"https:\/\/ucm.one\/de\/wp-json\/wp\/v2\/product_tag?post=74756"}],"curies":[{"name":"wp","href":"https:\/\/api.w.org\/{rel}","templated":true}]}}