{"id":74527,"date":"2022-08-26T00:25:36","date_gmt":"2022-08-26T00:25:36","guid":{"rendered":"https:\/\/ucm.one\/?post_type=product&#038;p=74527"},"modified":"2025-04-09T13:03:02","modified_gmt":"2025-04-09T13:03:02","slug":"der-arzt-von-st-pauli","status":"publish","type":"product","link":"https:\/\/ucm.one\/de\/produkt\/der-arzt-von-st-pauli\/","title":{"rendered":"Der Arzt von St. Pauli"},"content":{"rendered":"<div class=\"wpb_text_column wpb_content_element \">\n<div class=\"wpb_wrapper\">\n<div class=\"\">\n<div class=\"wpb_text_column wpb_content_element \">\n<div class=\"wpb_wrapper\">\n<p><span style=\"font-weight: 400;\">Dr. Jan Diffring (<strong>Curd J\u00fcrgens<\/strong>) praktiziert als Arzt an der Reeperbahn und besitzt das volle Vertrauen der hier arbeitenden und lebenden Menschen. Niemals w\u00fcrde er der Polizei Informationen geben und wegsehen, wenn sich jemand in Not befindet. Als er in den fr\u00fchen Morgenstunden auf der Reeperbahn unterwegs ist, kommt er einer jungen Frau zu Hilfe, die von ein paar M\u00e4nnern zusammen geschlagen wird.\u00a0<\/span><span style=\"font-weight: 400;\">Er ahnt nicht, dass dieser \u00dcberfall im Zusammenhang mit Sex-Partys steht, die f\u00fcr eine Klientel reicher Gesch\u00e4ftsm\u00e4nner veranstaltet werden und an der sein Bruder Klaus (<strong>Horst Naumann<\/strong>) beteiligt ist. Obwohl dieser ein angesehener Gyn\u00e4kologe ist, hat er hohe Schulden und ist gezwungen, reiche verheiratete Damen, die bei ihm eine ungewollte Schwangerschaft beseitigen lassen wollen, f\u00fcr diese Partys gef\u00fcgig zu machen.<\/span><\/p>\n<p><span style=\"font-weight: 400;\">Als sich dann der junge Seemann Hein (<strong>Fritz Wepper<\/strong>) an Jan wendet, und ihn bittet, ihm bei der Suche nach seiner spurlos verschwundenen Verlobten Margot (<strong>Christiane R\u00fccker)<\/strong> zu helfen, eskaliert die Lage\u2026<\/span><\/p>\n<\/div>\n<\/div>\n<\/div>\n<\/div>\n<\/div>\n<div><div class=\"gap\" style=\"line-height: 20px; height: 20px;\"><\/div><\/div>\n<h5>Weitere Informationen<\/h5>\n<div>\n<div>\n<table style=\"height: 46px; width: 100%; border-collapse: collapse; border-color: #ffffff; background-color: #ffffff; border-style: hidden;\">\n<tbody>\n<tr style=\"height: 23px; border-style: hidden; border-color: #ffffff; background-color: #ffffff;\">\n<td style=\"width: 4.701195219123506%; height: 23px; border-style: hidden;\">Film:<\/td>\n<td style=\"width: 95.29880478087651%; height: 23px; border-style: hidden;\"><a title=\"Der Arzt von St. Pauli\" href=\"https:\/\/ucm.one\/de\/der-arzt-von-st-pauli\/\">Der Arzt von St. Pauli<\/a><\/td>\n<\/tr>\n<tr style=\"height: 23px;\">\n<td style=\"width: 4.701195219123506%; height: 23px; border-style: hidden;\">Label:<\/td>\n<td style=\"width: 95.29880478087651%; height: 23px; border-style: hidden;\"><a title=\"U8Films Berlin\" href=\"https:\/\/ucm.one\/de\/film-labels\/u1-films-berlin\/#u8-films-berlin\">U8 Films Berlin<\/a><\/td>\n<\/tr>\n<\/tbody>\n<\/table>\n<\/div>\n<div><\/div>\n<\/div>\n<div>\n<div><div class=\"gap\" style=\"line-height: 10px; height: 10px;\"><\/div><\/div>\n<div>\u2117 1968 <strong>Terra-Filmkunst GmbH<\/strong>,\u00a0 \u00a9 2022 <strong><span style=\"font-family: 'arial black', sans-serif;\">U8<\/span> Films Berlin<\/strong>\u00a0\/ <span style=\"font-family: 'arial black', sans-serif;\"><strong>UCM.ONE <\/strong><span style=\"font-family: arial, helvetica, sans-serif;\">in Kooperation mit <strong>moviemax<\/strong><\/span><\/span><\/div>\n<div><div class=\"gap\" style=\"line-height: 20px; height: 20px;\"><\/div><\/div>\n<div>\n<div><\/div>\n<div>\n<div><div class=\"gap\" style=\"line-height: 10px; height: 10px;\"><\/div><\/div>\n<div><span style=\"color: #003a80;\"><strong>\u27a0 <a style=\"color: #003a80;\" href=\"https:\/\/ucm.one\/de\/produkt-kategorie\/art-de\/filme-de\/\">zum Shop<\/a><\/strong><\/span><\/div>\n<div><div class=\"gap\" style=\"line-height: 20px; height: 20px;\"><\/div><\/div>\n<\/div>\n<\/div>\n<\/div>\n","protected":false},"excerpt":{"rendered":"<p>Regie: <strong><a href=\"https:\/\/ucm.one\/de\/?s=%22Rolf+Olsen%22&amp;post_type=product\">Rolf Olsen<\/a><\/strong><\/p>\n<p>Label: <a href=\"https:\/\/ucm.one\/de\/produkt-kategorie\/label-film-de\/u1-films-berlin-de\/u8-films-berlin-de\/\"><strong>U8 Films Berlin<\/strong><\/a><\/p>\n<p>Art:\u00a0<strong><a href=\"https:\/\/ucm.one\/de\/produkt-kategorie\/art-de\/filme-de\/\">Film<\/a> (<a title=\"\" href=\"https:\/\/ucm.one\/de\/produkt-kategorie\/genre-film-de\/klassiker-de\/\">Klassiker<\/a>)<\/strong><\/p>\n<p>Genres: <a href=\"https:\/\/ucm.one\/de\/produkt-kategorie\/genre-film-de\/drama-de\/\"><strong>Drama<\/strong><\/a>, <strong><a href=\"https:\/\/ucm.one\/de\/produkt-kategorie\/genre-film-de\/krimi-de\/\">Krimi<\/a><\/strong><\/p>\n<p>Jahr: <strong>2022<\/strong><\/p>\n<p>FSK: <strong>12<\/strong><\/p>\n<p>Formate: <strong>Diverse<\/strong><\/p>\n","protected":false},"featured_media":74986,"comment_status":"open","ping_status":"closed","template":"","meta":{"_acf_changed":false},"product_brand":[],"product_cat":[12093,10331,10332,10333,10334,10335,10343,9708],"product_tag":[11023,13757,12319,13385,13750,13751,13752,13753,13754,13755,11019,13756],"class_list":{"0":"post-74527","1":"product","2":"type-product","3":"status-publish","4":"has-post-thumbnail","6":"product_cat-klassiker-de","7":"product_cat-dvd-de","8":"product_cat-blu-ray-de","9":"product_cat-mediabooks-de","10":"product_cat-drama-de","11":"product_cat-krimi-de","12":"product_cat-u8-films-berlin-de","13":"product_cat-filme-de","14":"product_tag-u8-films-berlin","15":"product_tag-monika-zinnenberg","16":"product_tag-fritz-wepper","17":"product_tag-curd-juergens","18":"product_tag-der-arzt-von-st-pauli","19":"product_tag-horst-naumann","20":"product_tag-christiane-ruecker","21":"product_tag-heinz-reincke","22":"product_tag-marianne-hoffmann","23":"product_tag-dieter-borsche","24":"product_tag-rolf-olsen","25":"product_tag-wolfgang-zerlett","26":"pa_format-mediabook-blu-ray-dvd","27":"pa_format-dvd","28":"pa_format-blu-ray-de","29":"description-off","31":"first","32":"instock","33":"sale","34":"taxable","35":"shipping-taxable","36":"purchasable","37":"product-type-variable"},"acf":[],"yoast_head":"<!-- This site is optimized with the Yoast SEO plugin v27.5 - https:\/\/yoast.com\/product\/yoast-seo-wordpress\/ -->\n<title>Der Arzt von St. Pauli<\/title>\n<meta name=\"description\" content=\"Shop | Der Arzt von St. Pauli | 2022 | U8 Films Berlin | Mediabook &amp; BD &amp; DVD | FSK 12\" \/>\n<meta name=\"robots\" content=\"index, follow, max-snippet:-1, max-image-preview:large, max-video-preview:-1\" \/>\n<link rel=\"canonical\" href=\"https:\/\/ucm.one\/de\/produkt\/der-arzt-von-st-pauli\/\" \/>\n<meta property=\"og:locale\" content=\"de_DE\" \/>\n<meta property=\"og:type\" content=\"article\" \/>\n<meta property=\"og:title\" content=\"Der Arzt von St. Pauli\" \/>\n<meta property=\"og:description\" content=\"Shop | Der Arzt von St. Pauli | 2022 | U8 Films Berlin | Mediabook &amp; BD &amp; DVD | FSK 12\" \/>\n<meta property=\"og:url\" content=\"https:\/\/ucm.one\/de\/produkt\/der-arzt-von-st-pauli\/\" \/>\n<meta property=\"og:site_name\" content=\"UCM.ONE\" \/>\n<meta property=\"article:modified_time\" content=\"2025-04-09T13:03:02+00:00\" \/>\n<meta property=\"og:image\" content=\"https:\/\/ucm.one\/wp-content\/uploads\/2022\/08\/Der-Arzt-von-St.-Pauli-Artwork-quadratisch.jpg\" \/>\n<meta name=\"twitter:card\" content=\"summary_large_image\" \/>\n<meta name=\"twitter:title\" content=\"Der Arzt von St. Pauli\" \/>\n<meta name=\"twitter:description\" content=\"Shop | Der Arzt von St. Pauli | 2022 | U8 Films Berlin | Mediabook &amp; BD &amp; DVD | FSK 12\" \/>\n<meta name=\"twitter:image\" content=\"https:\/\/ucm.one\/wp-content\/uploads\/2022\/08\/Der-Arzt-von-St.-Pauli-Artwork-quadratisch.jpg\" \/>\n<meta name=\"twitter:label1\" content=\"Gesch\u00e4tzte Lesezeit\" \/>\n\t<meta name=\"twitter:data1\" content=\"1\u00a0Minute\" \/>\n<!-- \/ Yoast SEO plugin. -->","yoast_head_json":{"title":"Der Arzt von St. Pauli","description":"Shop | Der Arzt von St. Pauli | 2022 | U8 Films Berlin | Mediabook & BD & DVD | FSK 12","robots":{"index":"index","follow":"follow","max-snippet":"max-snippet:-1","max-image-preview":"max-image-preview:large","max-video-preview":"max-video-preview:-1"},"canonical":"https:\/\/ucm.one\/de\/produkt\/der-arzt-von-st-pauli\/","og_locale":"de_DE","og_type":"article","og_title":"Der Arzt von St. Pauli","og_description":"Shop | Der Arzt von St. Pauli | 2022 | U8 Films Berlin | Mediabook & BD & DVD | FSK 12","og_url":"https:\/\/ucm.one\/de\/produkt\/der-arzt-von-st-pauli\/","og_site_name":"UCM.ONE","article_modified_time":"2025-04-09T13:03:02+00:00","og_image":[{"url":"https:\/\/ucm.one\/wp-content\/uploads\/2022\/08\/Der-Arzt-von-St.-Pauli-Artwork-quadratisch.jpg","type":"","width":"","height":""}],"twitter_card":"summary_large_image","twitter_title":"Der Arzt von St. Pauli","twitter_description":"Shop | Der Arzt von St. Pauli | 2022 | U8 Films Berlin | Mediabook & BD & DVD | FSK 12","twitter_image":"https:\/\/ucm.one\/wp-content\/uploads\/2022\/08\/Der-Arzt-von-St.-Pauli-Artwork-quadratisch.jpg","twitter_misc":{"Gesch\u00e4tzte Lesezeit":"1\u00a0Minute"},"schema":{"@context":"https:\/\/schema.org","@graph":[{"@type":"WebPage","@id":"https:\/\/ucm.one\/de\/produkt\/der-arzt-von-st-pauli\/","url":"https:\/\/ucm.one\/de\/produkt\/der-arzt-von-st-pauli\/","name":"Der Arzt von St. Pauli","isPartOf":{"@id":"https:\/\/ucm.one\/de\/#website"},"primaryImageOfPage":{"@id":"https:\/\/ucm.one\/de\/produkt\/der-arzt-von-st-pauli\/#primaryimage"},"image":{"@id":"https:\/\/ucm.one\/de\/produkt\/der-arzt-von-st-pauli\/#primaryimage"},"thumbnailUrl":"https:\/\/ucm.one\/wp-content\/uploads\/2022\/08\/C-Der-Arzt-von-St.-Pauli-2D-FSK12.jpg","datePublished":"2022-08-26T00:25:36+00:00","dateModified":"2025-04-09T13:03:02+00:00","description":"Shop | Der Arzt von St. Pauli | 2022 | U8 Films Berlin | Mediabook & BD & DVD | FSK 12","breadcrumb":{"@id":"https:\/\/ucm.one\/de\/produkt\/der-arzt-von-st-pauli\/#breadcrumb"},"inLanguage":"de","potentialAction":[{"@type":"ReadAction","target":["https:\/\/ucm.one\/de\/produkt\/der-arzt-von-st-pauli\/"]}]},{"@type":"ImageObject","inLanguage":"de","@id":"https:\/\/ucm.one\/de\/produkt\/der-arzt-von-st-pauli\/#primaryimage","url":"https:\/\/ucm.one\/wp-content\/uploads\/2022\/08\/C-Der-Arzt-von-St.-Pauli-2D-FSK12.jpg","contentUrl":"https:\/\/ucm.one\/wp-content\/uploads\/2022\/08\/C-Der-Arzt-von-St.-Pauli-2D-FSK12.jpg","width":699,"height":1000},{"@type":"BreadcrumbList","@id":"https:\/\/ucm.one\/de\/produkt\/der-arzt-von-st-pauli\/#breadcrumb","itemListElement":[{"@type":"ListItem","position":1,"name":"Home","item":"https:\/\/ucm.one\/de\/"},{"@type":"ListItem","position":2,"name":"Shop","item":"https:\/\/ucm.one\/de\/shop\/"},{"@type":"ListItem","position":3,"name":"Der Arzt von St. Pauli"}]},{"@type":"WebSite","@id":"https:\/\/ucm.one\/de\/#website","url":"https:\/\/ucm.one\/de\/","name":"UCM.ONE","description":"","publisher":{"@id":"https:\/\/ucm.one\/de\/#organization"},"potentialAction":[{"@type":"SearchAction","target":{"@type":"EntryPoint","urlTemplate":"https:\/\/ucm.one\/de\/?s={search_term_string}"},"query-input":{"@type":"PropertyValueSpecification","valueRequired":true,"valueName":"search_term_string"}}],"inLanguage":"de"},{"@type":"Organization","@id":"https:\/\/ucm.one\/de\/#organization","name":"UCM.ONE","url":"https:\/\/ucm.one\/de\/","logo":{"@type":"ImageObject","inLanguage":"de","@id":"https:\/\/ucm.one\/de\/#\/schema\/logo\/image\/","url":"https:\/\/ucm.one\/wp-content\/uploads\/2019\/10\/UCM.ONE-Logo-RGB.svg","contentUrl":"https:\/\/ucm.one\/wp-content\/uploads\/2019\/10\/UCM.ONE-Logo-RGB.svg","width":1,"height":1,"caption":"UCM.ONE"},"image":{"@id":"https:\/\/ucm.one\/de\/#\/schema\/logo\/image\/"}}]}},"_links":{"self":[{"href":"https:\/\/ucm.one\/de\/wp-json\/wp\/v2\/product\/74527","targetHints":{"allow":["GET"]}}],"collection":[{"href":"https:\/\/ucm.one\/de\/wp-json\/wp\/v2\/product"}],"about":[{"href":"https:\/\/ucm.one\/de\/wp-json\/wp\/v2\/types\/product"}],"replies":[{"embeddable":true,"href":"https:\/\/ucm.one\/de\/wp-json\/wp\/v2\/comments?post=74527"}],"wp:featuredmedia":[{"embeddable":true,"href":"https:\/\/ucm.one\/de\/wp-json\/wp\/v2\/media\/74986"}],"wp:attachment":[{"href":"https:\/\/ucm.one\/de\/wp-json\/wp\/v2\/media?parent=74527"}],"wp:term":[{"taxonomy":"product_brand","embeddable":true,"href":"https:\/\/ucm.one\/de\/wp-json\/wp\/v2\/product_brand?post=74527"},{"taxonomy":"product_cat","embeddable":true,"href":"https:\/\/ucm.one\/de\/wp-json\/wp\/v2\/product_cat?post=74527"},{"taxonomy":"product_tag","embeddable":true,"href":"https:\/\/ucm.one\/de\/wp-json\/wp\/v2\/product_tag?post=74527"}],"curies":[{"name":"wp","href":"https:\/\/api.w.org\/{rel}","templated":true}]}}