{"id":74467,"date":"2015-10-30T11:34:29","date_gmt":"2015-10-30T11:34:29","guid":{"rendered":"https:\/\/ucm.one\/?post_type=product&#038;p=74467"},"modified":"2023-07-20T11:55:49","modified_gmt":"2023-07-20T11:55:49","slug":"die-praesenz","status":"publish","type":"product","link":"https:\/\/ucm.one\/de\/produkt\/die-praesenz\/","title":{"rendered":"Die Pr\u00e4senz"},"content":{"rendered":"<div class=\"wpb_text_column wpb_content_element \">\n<div class=\"wpb_wrapper\">\n<div class=\"\">\n<div class=\"wpb_text_column wpb_content_element \">\n<div class=\"wpb_wrapper\">\n<div class=\"wpb_text_column wpb_content_element \">\n<div class=\"wpb_wrapper\">\n<div class=\"wpb_text_column wpb_content_element \">\n<div class=\"wpb_wrapper\">\n<div class=\"wpb_text_column wpb_content_element \">\n<div class=\"wpb_wrapper\">\n<div class=\"wpb_text_column wpb_content_element \">\n<div class=\"wpb_wrapper\">\n<p>Der Anthropologie-Student Markus besch\u00e4ftigt sich in seinem Studium mit volkst\u00fcmlichem Aberglauben und dem Poltergeist-Ph\u00e4nomen. Als sein Freund Lukas von einer entlegenen Burg h\u00f6rt, in der es spuken soll, will Markus die Chance nutzen, etwas Paranormales aufzuzeichnen \u2013 sie beschlie\u00dfen, eine Woche\u00a0<span class=\"_dgc\">der bevorstehenden Ferien dort zu verbringen. Seine Freundin Rebecca wird erst eingeweiht, als die drei schon auf dem Weg sind. Die Studenten verschaffen sich unbefugt Zugang zu der d\u00fcsteren Wasserburg und richten sich f\u00fcr die Nacht ein. Was am Anfang noch ein Spa\u00df zu sein scheint, wird jedoch bald blutiger Ernst: Etwas D\u00e4monisches scheint auf der Burg umzugehen, und die Ereignisse geraten au\u00dfer Kontrolle&#8230;<\/span><\/p>\n<\/div>\n<\/div>\n<\/div>\n<\/div>\n<\/div>\n<\/div>\n<\/div>\n<\/div>\n<\/div>\n<\/div>\n<\/div>\n<\/div>\n<\/div>\n<div><div class=\"gap\" style=\"line-height: 20px; height: 20px;\"><\/div><\/div>\n<h5>Weitere Informationen<\/h5>\n<div>\n<div>\n<table style=\"height: 45px; width: 100%; border-collapse: collapse; border-color: #ffffff; background-color: #ffffff; border-style: hidden;\">\n<tbody>\n<tr style=\"height: 23px; border-style: hidden; border-color: #ffffff; background-color: #ffffff;\">\n<td style=\"width: 4.7012%; height: 22px; border-style: hidden;\">Film:<\/td>\n<td style=\"width: 95.2988%; height: 22px; border-style: hidden;\"><a href=\"https:\/\/ucm.one\/de\/kinoverleih\/katalogfilme\/#die-praesenz\">Die Pr\u00e4senz<\/a><\/td>\n<\/tr>\n<tr style=\"height: 23px;\">\n<td style=\"width: 4.701195219123506%; height: 23px; border-style: hidden;\">Label:<\/td>\n<td style=\"width: 95.29880478087651%; height: 23px; border-style: hidden;\"><a title=\"M-Square Pictures\" href=\"https:\/\/ucm.one\/de\/film-labels\/m-square-pictures\">M-Square Pictures<\/a><\/td>\n<\/tr>\n<\/tbody>\n<\/table>\n<\/div>\n<div><\/div>\n<\/div>\n<div>\n<div><div class=\"gap\" style=\"line-height: 10px; height: 10px;\"><\/div><\/div>\n<div>\u2117 2014 <strong><span class=\"itemprop\">Stella Maris Film<\/span>,\u00a0<span class=\"itemprop\">Herzbergmedia<\/span>,\u00a0<span class=\"itemprop\">KinoweltTV<\/span><\/strong>, \u00a9 2014 <strong>M-Square Pictures<\/strong> \/ <span style=\"font-family: 'arial black', sans-serif;\"><strong>UCM.ONE<\/strong><\/span><\/div>\n<div><div class=\"gap\" style=\"line-height: 20px; height: 20px;\"><\/div><\/div>\n<div>\n<div><\/div>\n<div>\n<div><div class=\"gap\" style=\"line-height: 10px; height: 10px;\"><\/div><\/div>\n<div><span style=\"color: #003a80;\"><strong>\u27a0 <a style=\"color: #003a80;\" href=\"https:\/\/ucm.one\/de\/produkt-kategorie\/art-de\/filme-de\/\">zum Shop<\/a><\/strong><\/span><\/div>\n<div><div class=\"gap\" style=\"line-height: 20px; height: 20px;\"><\/div><\/div>\n<\/div>\n<\/div>\n<\/div>\n","protected":false},"excerpt":{"rendered":"<p>Konzept: <a href=\"https:\/\/ucm.one\/de\/?s=%22Daniele+Grieco%22&amp;post_type=product\"><strong>Daniele Grieco<\/strong><\/a><\/p>\n<p>Label: <a title=\"M-Square Pictures\" href=\"https:\/\/ucm.one\/de\/produkt-kategorie\/label-film-de\/m-square-pictures-de\"><strong>M-Square Pictures<\/strong><\/a><\/p>\n<p>Art:\u00a0<strong><a href=\"https:\/\/ucm.one\/de\/produkt-kategorie\/art-de\/filme-de\/\">Film<\/a> (Spielfilm)<\/strong><\/p>\n<p>Genre:\u00a0<b><a href=\"https:\/\/ucm.one\/de\/produkt-kategorie\/genre-film-de\/horror-de\/\">Horror<\/a><\/b><\/p>\n<p>Jahr: <strong>2014<\/strong><\/p>\n<p>FSK: <strong>18<\/strong><\/p>\n<p>Formate: <strong>Diverse<\/strong><\/p>\n","protected":false},"featured_media":74557,"comment_status":"open","ping_status":"closed","template":"","meta":{"_acf_changed":false},"product_brand":[],"product_cat":[10331,10332,9708,10323,10327],"product_tag":[13300,13727,13744,13745,13746,13747,10325,13748,13749],"class_list":{"0":"post-74467","1":"product","2":"type-product","3":"status-publish","4":"has-post-thumbnail","6":"product_cat-dvd-de","7":"product_cat-blu-ray-de","8":"product_cat-filme-de","9":"product_cat-m-square-pictures-de","10":"product_cat-horror-de","11":"product_tag-liv-lisa-fries","12":"product_tag-daniele-grieco","13":"product_tag-die-praesenz","14":"product_tag-presence","15":"product_tag-matthias-dietrich","16":"product_tag-henning-noehren","17":"product_tag-m-square-pictures","18":"product_tag-susanne-reuter","19":"product_tag-andreas-stenschke","20":"pa_format-dvd","21":"pa_format-blu-ray-de","22":"description-off","24":"first","25":"instock","26":"taxable","27":"shipping-taxable","28":"purchasable","29":"product-type-variable"},"acf":[],"yoast_head":"<!-- This site is optimized with the Yoast SEO plugin v27.2 - https:\/\/yoast.com\/product\/yoast-seo-wordpress\/ -->\n<title>Die Pr\u00e4senz<\/title>\n<meta name=\"description\" content=\"Shop | Die Pr\u00e4senz | 2014 | M-Square Pictures | Blu-Ray, DVD | FSK 18\" \/>\n<meta name=\"robots\" content=\"index, follow, max-snippet:-1, max-image-preview:large, max-video-preview:-1\" \/>\n<link rel=\"canonical\" href=\"https:\/\/ucm.one\/de\/produkt\/die-praesenz\/\" \/>\n<meta property=\"og:locale\" content=\"de_DE\" \/>\n<meta property=\"og:type\" content=\"article\" \/>\n<meta property=\"og:title\" content=\"Die Pr\u00e4senz\" \/>\n<meta property=\"og:description\" content=\"Shop | Die Pr\u00e4senz | 2014 | M-Square Pictures | Blu-Ray, DVD | FSK 18\" \/>\n<meta property=\"og:url\" content=\"https:\/\/ucm.one\/de\/produkt\/die-praesenz\/\" \/>\n<meta property=\"og:site_name\" content=\"UCM.ONE\" \/>\n<meta property=\"article:modified_time\" content=\"2023-07-20T11:55:49+00:00\" \/>\n<meta property=\"og:image\" content=\"https:\/\/ucm.one\/wp-content\/uploads\/2022\/08\/C-Die-Praesenz-DVD-2D-FSK18-1.jpg\" \/>\n<meta name=\"twitter:card\" content=\"summary_large_image\" \/>\n<meta name=\"twitter:title\" content=\"Die Pr\u00e4senz\" \/>\n<meta name=\"twitter:description\" content=\"Shop | Die Pr\u00e4senz | 2014 | M-Square Pictures | Blu-Ray, DVD | FSK 18\" \/>\n<meta name=\"twitter:image\" content=\"https:\/\/ucm.one\/wp-content\/uploads\/2022\/08\/C-Die-Praesenz-DVD-2D-FSK18-1.jpg\" \/>\n<meta name=\"twitter:label1\" content=\"Gesch\u00e4tzte Lesezeit\" \/>\n\t<meta name=\"twitter:data1\" content=\"1\u00a0Minute\" \/>\n<!-- \/ Yoast SEO plugin. -->","yoast_head_json":{"title":"Die Pr\u00e4senz","description":"Shop | Die Pr\u00e4senz | 2014 | M-Square Pictures | Blu-Ray, DVD | FSK 18","robots":{"index":"index","follow":"follow","max-snippet":"max-snippet:-1","max-image-preview":"max-image-preview:large","max-video-preview":"max-video-preview:-1"},"canonical":"https:\/\/ucm.one\/de\/produkt\/die-praesenz\/","og_locale":"de_DE","og_type":"article","og_title":"Die Pr\u00e4senz","og_description":"Shop | Die Pr\u00e4senz | 2014 | M-Square Pictures | Blu-Ray, DVD | FSK 18","og_url":"https:\/\/ucm.one\/de\/produkt\/die-praesenz\/","og_site_name":"UCM.ONE","article_modified_time":"2023-07-20T11:55:49+00:00","og_image":[{"url":"https:\/\/ucm.one\/wp-content\/uploads\/2022\/08\/C-Die-Praesenz-DVD-2D-FSK18-1.jpg","type":"","width":"","height":""}],"twitter_card":"summary_large_image","twitter_title":"Die Pr\u00e4senz","twitter_description":"Shop | Die Pr\u00e4senz | 2014 | M-Square Pictures | Blu-Ray, DVD | FSK 18","twitter_image":"https:\/\/ucm.one\/wp-content\/uploads\/2022\/08\/C-Die-Praesenz-DVD-2D-FSK18-1.jpg","twitter_misc":{"Gesch\u00e4tzte Lesezeit":"1\u00a0Minute"},"schema":{"@context":"https:\/\/schema.org","@graph":[{"@type":"WebPage","@id":"https:\/\/ucm.one\/de\/produkt\/die-praesenz\/","url":"https:\/\/ucm.one\/de\/produkt\/die-praesenz\/","name":"Die Pr\u00e4senz","isPartOf":{"@id":"https:\/\/ucm.one\/de\/#website"},"primaryImageOfPage":{"@id":"https:\/\/ucm.one\/de\/produkt\/die-praesenz\/#primaryimage"},"image":{"@id":"https:\/\/ucm.one\/de\/produkt\/die-praesenz\/#primaryimage"},"thumbnailUrl":"https:\/\/ucm.one\/wp-content\/uploads\/2000\/08\/D-Die-Praesenz-2D-GSK18.jpg","datePublished":"2015-10-30T11:34:29+00:00","dateModified":"2023-07-20T11:55:49+00:00","description":"Shop | Die Pr\u00e4senz | 2014 | M-Square Pictures | Blu-Ray, DVD | FSK 18","breadcrumb":{"@id":"https:\/\/ucm.one\/de\/produkt\/die-praesenz\/#breadcrumb"},"inLanguage":"de","potentialAction":[{"@type":"ReadAction","target":["https:\/\/ucm.one\/de\/produkt\/die-praesenz\/"]}]},{"@type":"ImageObject","inLanguage":"de","@id":"https:\/\/ucm.one\/de\/produkt\/die-praesenz\/#primaryimage","url":"https:\/\/ucm.one\/wp-content\/uploads\/2000\/08\/D-Die-Praesenz-2D-GSK18.jpg","contentUrl":"https:\/\/ucm.one\/wp-content\/uploads\/2000\/08\/D-Die-Praesenz-2D-GSK18.jpg","width":699,"height":1000},{"@type":"BreadcrumbList","@id":"https:\/\/ucm.one\/de\/produkt\/die-praesenz\/#breadcrumb","itemListElement":[{"@type":"ListItem","position":1,"name":"Home","item":"https:\/\/ucm.one\/de\/"},{"@type":"ListItem","position":2,"name":"Shop","item":"https:\/\/ucm.one\/de\/shop\/"},{"@type":"ListItem","position":3,"name":"Die Pr\u00e4senz"}]},{"@type":"WebSite","@id":"https:\/\/ucm.one\/de\/#website","url":"https:\/\/ucm.one\/de\/","name":"UCM.ONE","description":"","publisher":{"@id":"https:\/\/ucm.one\/de\/#organization"},"potentialAction":[{"@type":"SearchAction","target":{"@type":"EntryPoint","urlTemplate":"https:\/\/ucm.one\/de\/?s={search_term_string}"},"query-input":{"@type":"PropertyValueSpecification","valueRequired":true,"valueName":"search_term_string"}}],"inLanguage":"de"},{"@type":"Organization","@id":"https:\/\/ucm.one\/de\/#organization","name":"UCM.ONE","url":"https:\/\/ucm.one\/de\/","logo":{"@type":"ImageObject","inLanguage":"de","@id":"https:\/\/ucm.one\/de\/#\/schema\/logo\/image\/","url":"https:\/\/ucm.one\/wp-content\/uploads\/2019\/10\/UCM.ONE-Logo-RGB.svg","contentUrl":"https:\/\/ucm.one\/wp-content\/uploads\/2019\/10\/UCM.ONE-Logo-RGB.svg","width":1,"height":1,"caption":"UCM.ONE"},"image":{"@id":"https:\/\/ucm.one\/de\/#\/schema\/logo\/image\/"}}]}},"_links":{"self":[{"href":"https:\/\/ucm.one\/de\/wp-json\/wp\/v2\/product\/74467","targetHints":{"allow":["GET"]}}],"collection":[{"href":"https:\/\/ucm.one\/de\/wp-json\/wp\/v2\/product"}],"about":[{"href":"https:\/\/ucm.one\/de\/wp-json\/wp\/v2\/types\/product"}],"replies":[{"embeddable":true,"href":"https:\/\/ucm.one\/de\/wp-json\/wp\/v2\/comments?post=74467"}],"wp:featuredmedia":[{"embeddable":true,"href":"https:\/\/ucm.one\/de\/wp-json\/wp\/v2\/media\/74557"}],"wp:attachment":[{"href":"https:\/\/ucm.one\/de\/wp-json\/wp\/v2\/media?parent=74467"}],"wp:term":[{"taxonomy":"product_brand","embeddable":true,"href":"https:\/\/ucm.one\/de\/wp-json\/wp\/v2\/product_brand?post=74467"},{"taxonomy":"product_cat","embeddable":true,"href":"https:\/\/ucm.one\/de\/wp-json\/wp\/v2\/product_cat?post=74467"},{"taxonomy":"product_tag","embeddable":true,"href":"https:\/\/ucm.one\/de\/wp-json\/wp\/v2\/product_tag?post=74467"}],"curies":[{"name":"wp","href":"https:\/\/api.w.org\/{rel}","templated":true}]}}