{"id":74421,"date":"2015-10-23T08:59:10","date_gmt":"2015-10-23T08:59:10","guid":{"rendered":"https:\/\/ucm.one\/?post_type=product&#038;p=74421"},"modified":"2023-07-28T13:58:43","modified_gmt":"2023-07-28T13:58:43","slug":"lll-das-ritual","status":"publish","type":"product","link":"https:\/\/ucm.one\/de\/produkt\/lll-das-ritual\/","title":{"rendered":"lll \u2013 Das Ritual"},"content":{"rendered":"<div class=\"wpb-content-wrapper\"><div class=\"wpb_text_column wpb_content_element \">\n<div class=\"wpb_wrapper\">\n<div class=\"\">\n<div class=\"wpb_text_column wpb_content_element \">\n<div class=\"wpb_wrapper\">\n<div class=\"wpb_text_column wpb_content_element \">\n<div class=\"wpb_wrapper\">\n<div class=\"wpb_text_column wpb_content_element \">\n<div class=\"wpb_wrapper\">\n<div class=\"wpb_text_column wpb_content_element \">\n<div class=\"wpb_wrapper\">\n<div class=\"wpb_text_column wpb_content_element \">\n<div class=\"wpb_wrapper\">\n<p>Als es zum Ausbruch einer mysteri\u00f6sen t\u00f6dlichen Epidemie kommt, nimmt eine im Sterben liegende Mutter ihren beiden T\u00f6chtern Ayia (<strong>Polina Dawjdowa<\/strong>) und Mirra (<strong>Ljubow Ignatuschko<\/strong>) das Versprechen ab, dass sie bis zum Lebensende aufeinander Acht geben. Bald droht jedoch die j\u00fcngere Schwester Mirra ebenfalls ein Opfer der Epidemie zu werden. Ayia ist verzweifelt, denn ihr ist klar, dass konventionelle Medizin nicht ausreichen wird, um ihre Schwester zu retten. Als sie im Haus des \u00f6rtlichen Priesters eine Anleitung f\u00fcr ein spirituelles Heilungsritual findet, sch\u00f6pft sie wieder Hoffnung. Die Schamanen-Heilung wird ihr allerdings alles abverlangen, denn das Ritual erfordert, dass sie tief in das Unterbewusstsein von Mirra eindringt und sie sich dort furchterregenden Ungeheuern und D\u00e4monen stellt.<\/p>\n<\/div>\n<\/div>\n<div class=\"vc_row wpb_row vc_inner vc_row-fluid\">\n<div class=\"wpb_column vc_column_container vc_col-sm-12 vc_col-has-fill\">\n<div class=\"vc_column-inner vc_custom_1561290391124\">\n<div class=\"wpb_wrapper\"><\/div>\n<\/div>\n<\/div>\n<\/div>\n<\/div>\n<\/div>\n<\/div>\n<\/div>\n<\/div>\n<\/div>\n<\/div>\n<\/div>\n<\/div>\n<\/div>\n<\/div>\n<div><div class=\"gap\" style=\"line-height: 20px; height: 20px;\"><\/div><\/div>\n<h5>Weitere Informationen<\/h5>\n<div>\n<div>\n<table style=\"height: 45px; width: 100%; border-collapse: collapse; border-color: #ffffff; background-color: #ffffff; border-style: hidden;\">\n<tbody>\n<tr style=\"height: 23px; border-style: hidden; border-color: #ffffff; background-color: #ffffff;\">\n<td style=\"width: 4.8014%; height: 22px; border-style: hidden;\">Film:<\/td>\n<td style=\"width: 95.1986%; height: 22px; border-style: hidden;\"><a href=\"https:\/\/ucm.one\/de\/kinoverleih\/katalogfilme\/#III-das-ritual\">III &#8211; Das Ritual<\/a><\/td>\n<\/tr>\n<tr style=\"height: 23px;\">\n<td style=\"width: 4.8014%; height: 23px; border-style: hidden;\">Label:<\/td>\n<td style=\"width: 95.1986%; height: 23px; border-style: hidden;\"><a title=\"M-Square Pictures\" href=\"https:\/\/ucm.one\/de\/film-labels\/m-square-pictures\">M-Square Pictures<\/a><\/td>\n<\/tr>\n<\/tbody>\n<\/table>\n<\/div>\n<div><\/div>\n<\/div>\n<div>\n<div><div class=\"gap\" style=\"line-height: 10px; height: 10px;\"><\/div><\/div>\n<div>\u2117 2015 <strong>Monomania Films<\/strong>, \u00a9 2015 <strong>M-Square Pictures<\/strong> \/ <span style=\"font-family: 'arial black', sans-serif;\"><strong>UCM.ONE<\/strong><\/span><\/div>\n<div><div class=\"gap\" style=\"line-height: 20px; height: 20px;\"><\/div><\/div>\n<div>\n<div><\/div>\n<div>\n<div><div class=\"gap\" style=\"line-height: 10px; height: 10px;\"><\/div><\/div>\n<div><span style=\"color: #003a80;\"><strong>\u27a0 <a style=\"color: #003a80;\" href=\"https:\/\/ucm.one\/de\/produkt-kategorie\/art-de\/filme-de\/\">zum Shop<\/a><\/strong><\/span><\/div>\n<div><div class=\"gap\" style=\"line-height: 20px; height: 20px;\"><\/div><\/div>\n<\/div>\n<\/div>\n<\/div>\n<\/div>","protected":false},"excerpt":{"rendered":"<p>Konzept: <strong><a href=\"https:\/\/ucm.one\/de\/?s=%22Pavel+Khvaleev%22&amp;post_type=product\">Pavel Khvaleev<\/a><br \/>\n<\/strong><\/p>\n<p>Art:\u00a0<strong><a href=\"https:\/\/ucm.one\/de\/produkt-kategorie\/art-de\/filme-de\/\">Film<\/a> (Spielfilm) <\/strong><\/p>\n<p>Genres:\u00a0<b><a href=\"https:\/\/ucm.one\/de\/produkt-kategorie\/genre-film-de\/horror-de\/\">Horror,<\/a> <strong><a href=\"https:\/\/ucm.one\/de\/produkt-kategorie\/genre-film-de\/mystery-de\/\">Mystery<\/a><\/strong><\/b><\/p>\n<p>Jahr: <strong>2015<\/strong><\/p>\n<p>FSK: <strong>18<\/strong><\/p>\n<p>Formate: <strong>Diverse<\/strong><\/p>\n","protected":false},"featured_media":74462,"comment_status":"open","ping_status":"closed","template":"","meta":{"_acf_changed":false},"product_brand":[],"product_cat":[10329,10331,10332,9708,10323,10327],"product_tag":[13742,13743,10348,13532,13533,13738,13739,10325,13740,13741],"class_list":{"0":"post-74421","1":"product","2":"type-product","3":"status-publish","4":"has-post-thumbnail","6":"product_cat-mystery-de","7":"product_cat-dvd-de","8":"product_cat-blu-ray-de","9":"product_cat-filme-de","10":"product_cat-m-square-pictures-de","11":"product_cat-horror-de","12":"product_tag-lyubov-ignatushko","13":"product_tag-andrey-abramichev","14":"product_tag-pavel-khvaleev","15":"product_tag-polina-davydova","16":"product_tag-evgeniy-gagarin","17":"product_tag-iii-das-ritual","18":"product_tag-ritual","19":"product_tag-m-square-pictures","20":"product_tag-iii","21":"product_tag-monomania-films","22":"pa_format-dvd","23":"pa_format-blu-ray-de","24":"description-off","26":"first","27":"instock","28":"taxable","29":"shipping-taxable","30":"purchasable","31":"product-type-variable"},"acf":[],"yoast_head":"<!-- This site is optimized with the Yoast SEO plugin v27.2 - https:\/\/yoast.com\/product\/yoast-seo-wordpress\/ -->\n<title>lll \u2013 Das Ritual<\/title>\n<meta name=\"description\" content=\"Shop | lll \u2013 Das Ritual | 2015 | M-Square Pictures | Blu-Ray, DVD | FSK 18\" \/>\n<meta name=\"robots\" content=\"index, follow, max-snippet:-1, max-image-preview:large, max-video-preview:-1\" \/>\n<link rel=\"canonical\" href=\"https:\/\/ucm.one\/de\/produkt\/lll-das-ritual\/\" \/>\n<meta property=\"og:locale\" content=\"de_DE\" \/>\n<meta property=\"og:type\" content=\"article\" \/>\n<meta property=\"og:title\" content=\"III \u2013 Das Ritual\" \/>\n<meta property=\"og:description\" content=\"Shop | III \u2013 Das Ritual | 2015 | M-Square Pictures | Blu-Ray, DVD | FSK 18\" \/>\n<meta property=\"og:url\" content=\"https:\/\/ucm.one\/de\/produkt\/lll-das-ritual\/\" \/>\n<meta property=\"og:site_name\" content=\"UCM.ONE\" \/>\n<meta property=\"article:modified_time\" content=\"2023-07-28T13:58:43+00:00\" \/>\n<meta property=\"og:image\" content=\"https:\/\/ucm.one\/wp-content\/uploads\/2016\/10\/IIIDasRitual_FB.jpg\" \/>\n<meta name=\"twitter:card\" content=\"summary_large_image\" \/>\n<meta name=\"twitter:title\" content=\"III \u2013 Das Ritual\" \/>\n<meta name=\"twitter:description\" content=\"Shop | III \u2013 Das Ritual | 2015 | M-Square Pictures | Blu-Ray, DVD | FSK 18\" \/>\n<meta name=\"twitter:image\" content=\"https:\/\/ucm.one\/wp-content\/uploads\/2016\/10\/IIIDasRitual_twitter.jpg\" \/>\n<meta name=\"twitter:label1\" content=\"Gesch\u00e4tzte Lesezeit\" \/>\n\t<meta name=\"twitter:data1\" content=\"1\u00a0Minute\" \/>\n<!-- \/ Yoast SEO plugin. -->","yoast_head_json":{"title":"lll \u2013 Das Ritual","description":"Shop | lll \u2013 Das Ritual | 2015 | M-Square Pictures | Blu-Ray, DVD | FSK 18","robots":{"index":"index","follow":"follow","max-snippet":"max-snippet:-1","max-image-preview":"max-image-preview:large","max-video-preview":"max-video-preview:-1"},"canonical":"https:\/\/ucm.one\/de\/produkt\/lll-das-ritual\/","og_locale":"de_DE","og_type":"article","og_title":"III \u2013 Das Ritual","og_description":"Shop | III \u2013 Das Ritual | 2015 | M-Square Pictures | Blu-Ray, DVD | FSK 18","og_url":"https:\/\/ucm.one\/de\/produkt\/lll-das-ritual\/","og_site_name":"UCM.ONE","article_modified_time":"2023-07-28T13:58:43+00:00","og_image":[{"url":"https:\/\/ucm.one\/wp-content\/uploads\/2016\/10\/IIIDasRitual_FB.jpg","type":"","width":"","height":""}],"twitter_card":"summary_large_image","twitter_title":"III \u2013 Das Ritual","twitter_description":"Shop | III \u2013 Das Ritual | 2015 | M-Square Pictures | Blu-Ray, DVD | FSK 18","twitter_image":"https:\/\/ucm.one\/wp-content\/uploads\/2016\/10\/IIIDasRitual_twitter.jpg","twitter_misc":{"Gesch\u00e4tzte Lesezeit":"1\u00a0Minute"},"schema":{"@context":"https:\/\/schema.org","@graph":[{"@type":"WebPage","@id":"https:\/\/ucm.one\/de\/produkt\/lll-das-ritual\/","url":"https:\/\/ucm.one\/de\/produkt\/lll-das-ritual\/","name":"lll \u2013 Das Ritual","isPartOf":{"@id":"https:\/\/ucm.one\/de\/#website"},"primaryImageOfPage":{"@id":"https:\/\/ucm.one\/de\/produkt\/lll-das-ritual\/#primaryimage"},"image":{"@id":"https:\/\/ucm.one\/de\/produkt\/lll-das-ritual\/#primaryimage"},"thumbnailUrl":"https:\/\/ucm.one\/wp-content\/uploads\/2000\/01\/C-III-Das-Ritual-DVD-2D-FSK18.jpg","datePublished":"2015-10-23T08:59:10+00:00","dateModified":"2023-07-28T13:58:43+00:00","description":"Shop | lll \u2013 Das Ritual | 2015 | M-Square Pictures | Blu-Ray, DVD | FSK 18","breadcrumb":{"@id":"https:\/\/ucm.one\/de\/produkt\/lll-das-ritual\/#breadcrumb"},"inLanguage":"de","potentialAction":[{"@type":"ReadAction","target":["https:\/\/ucm.one\/de\/produkt\/lll-das-ritual\/"]}]},{"@type":"ImageObject","inLanguage":"de","@id":"https:\/\/ucm.one\/de\/produkt\/lll-das-ritual\/#primaryimage","url":"https:\/\/ucm.one\/wp-content\/uploads\/2000\/01\/C-III-Das-Ritual-DVD-2D-FSK18.jpg","contentUrl":"https:\/\/ucm.one\/wp-content\/uploads\/2000\/01\/C-III-Das-Ritual-DVD-2D-FSK18.jpg","width":699,"height":1000},{"@type":"BreadcrumbList","@id":"https:\/\/ucm.one\/de\/produkt\/lll-das-ritual\/#breadcrumb","itemListElement":[{"@type":"ListItem","position":1,"name":"Home","item":"https:\/\/ucm.one\/de\/"},{"@type":"ListItem","position":2,"name":"Shop","item":"https:\/\/ucm.one\/de\/shop\/"},{"@type":"ListItem","position":3,"name":"lll \u2013 Das Ritual"}]},{"@type":"WebSite","@id":"https:\/\/ucm.one\/de\/#website","url":"https:\/\/ucm.one\/de\/","name":"UCM.ONE","description":"","publisher":{"@id":"https:\/\/ucm.one\/de\/#organization"},"potentialAction":[{"@type":"SearchAction","target":{"@type":"EntryPoint","urlTemplate":"https:\/\/ucm.one\/de\/?s={search_term_string}"},"query-input":{"@type":"PropertyValueSpecification","valueRequired":true,"valueName":"search_term_string"}}],"inLanguage":"de"},{"@type":"Organization","@id":"https:\/\/ucm.one\/de\/#organization","name":"UCM.ONE","url":"https:\/\/ucm.one\/de\/","logo":{"@type":"ImageObject","inLanguage":"de","@id":"https:\/\/ucm.one\/de\/#\/schema\/logo\/image\/","url":"https:\/\/ucm.one\/wp-content\/uploads\/2019\/10\/UCM.ONE-Logo-RGB.svg","contentUrl":"https:\/\/ucm.one\/wp-content\/uploads\/2019\/10\/UCM.ONE-Logo-RGB.svg","width":1,"height":1,"caption":"UCM.ONE"},"image":{"@id":"https:\/\/ucm.one\/de\/#\/schema\/logo\/image\/"}}]}},"_links":{"self":[{"href":"https:\/\/ucm.one\/de\/wp-json\/wp\/v2\/product\/74421","targetHints":{"allow":["GET"]}}],"collection":[{"href":"https:\/\/ucm.one\/de\/wp-json\/wp\/v2\/product"}],"about":[{"href":"https:\/\/ucm.one\/de\/wp-json\/wp\/v2\/types\/product"}],"replies":[{"embeddable":true,"href":"https:\/\/ucm.one\/de\/wp-json\/wp\/v2\/comments?post=74421"}],"wp:featuredmedia":[{"embeddable":true,"href":"https:\/\/ucm.one\/de\/wp-json\/wp\/v2\/media\/74462"}],"wp:attachment":[{"href":"https:\/\/ucm.one\/de\/wp-json\/wp\/v2\/media?parent=74421"}],"wp:term":[{"taxonomy":"product_brand","embeddable":true,"href":"https:\/\/ucm.one\/de\/wp-json\/wp\/v2\/product_brand?post=74421"},{"taxonomy":"product_cat","embeddable":true,"href":"https:\/\/ucm.one\/de\/wp-json\/wp\/v2\/product_cat?post=74421"},{"taxonomy":"product_tag","embeddable":true,"href":"https:\/\/ucm.one\/de\/wp-json\/wp\/v2\/product_tag?post=74421"}],"curies":[{"name":"wp","href":"https:\/\/api.w.org\/{rel}","templated":true}]}}