{"id":74392,"date":"2016-10-28T08:10:27","date_gmt":"2016-10-28T08:10:27","guid":{"rendered":"https:\/\/ucm.one\/?post_type=product&#038;p=74392"},"modified":"2023-06-18T15:15:06","modified_gmt":"2023-06-18T15:15:06","slug":"ufo-es-ist-hier","status":"publish","type":"product","link":"https:\/\/ucm.one\/de\/produkt\/ufo-es-ist-hier\/","title":{"rendered":"UFO \u2013 Es ist hier"},"content":{"rendered":"<div class=\"wpb-content-wrapper\"><div class=\"wpb_text_column wpb_content_element \">\n<div class=\"wpb_wrapper\">\n<div class=\"\">\n<div class=\"wpb_text_column wpb_content_element \">\n<div class=\"wpb_wrapper\">\n<div class=\"wpb_text_column wpb_content_element \">\n<div class=\"wpb_wrapper\">\n<div class=\"wpb_text_column wpb_content_element \">\n<div class=\"wpb_wrapper\">\n<div class=\"wpb_text_column wpb_content_element \">\n<div class=\"wpb_wrapper\">\n<div class=\"wpb_text_column wpb_content_element \">\n<div class=\"wpb_wrapper\">\n<p>F\u00fcnf Filmstudenten arbeiten an ihrem Abschlussprojekt und werden dabei durch eine eigenartige Beobachtung gest\u00f6rt. Am Himmel macht sich eine gigantische Feuerkugel bemerkbar, die sie vor R\u00e4tsel stellt. Die Jugendlichen gehen davon aus, dass es sich um einen Meteor handeln muss und wollen die Chance ergreifen, beeindruckende Aufnahmen von dem Einschlagsort zu filmen. Kurzerhand machen sie sich auf den Weg zu Krater. In einem St\u00fcck Wald entdecken sie eine Schneise der Verw\u00fcstung: B\u00e4ume sind verbrannt, der Boden aufgew\u00fchlt. Filmen k\u00f6nnen sie allerdings nicht mehr, es ist schon zu dunkel. Sie verschieben die Dreharbeiten auf den n\u00e4chsten Morgen und schlagen ihr Nachtlager auf. Doch der Morgen bringt Entsetzen. Ein Student fehlt und seine Kommilitonen m\u00fcssen nicht lange suchen, bis sie auf eine Blutspur und seine zerfledderte Leiche treffen. Um dem Ungl\u00fccksort zu entfliehen, machen sie sich auf zu ihrem Auto. Doch statt den Wald hinter sich zu lassen, geraten sie immer tiefer ins Dickicht hinein. Pl\u00f6tzlich sp\u00fcrt die Gruppe, das sie nicht alleine ist\u2026<\/p>\n<\/div>\n<\/div>\n<div class=\"vc_row wpb_row vc_inner vc_row-fluid\">\n<div class=\"wpb_column vc_column_container vc_col-sm-12 vc_col-has-fill\">\n<div class=\"vc_column-inner vc_custom_1561290391124\">\n<div class=\"wpb_wrapper\"><\/div>\n<\/div>\n<\/div>\n<\/div>\n<\/div>\n<\/div>\n<\/div>\n<\/div>\n<\/div>\n<\/div>\n<\/div>\n<\/div>\n<\/div>\n<\/div>\n<\/div>\n<div><div class=\"gap\" style=\"line-height: 20px; height: 20px;\"><\/div><\/div>\n<h5>Weitere Informationen<\/h5>\n<div>\n<div>\n<table style=\"height: 45px; width: 100%; border-collapse: collapse; border-color: #ffffff; background-color: #ffffff; border-style: hidden;\">\n<tbody>\n<tr style=\"height: 23px; border-style: hidden; border-color: #ffffff; background-color: #ffffff;\">\n<td style=\"width: 4.7012%; height: 22px; border-style: hidden;\">Film:<\/td>\n<td style=\"width: 95.2988%; height: 22px; border-style: hidden;\"><a href=\"https:\/\/ucm.one\/de\/kinoverleih\/katalogfilme\/#ufo-es-ist-hier\">UFO &#8211; Es ist hier<\/a><\/td>\n<\/tr>\n<tr style=\"height: 23px;\">\n<td style=\"width: 4.701195219123506%; height: 23px; border-style: hidden;\">Label:<\/td>\n<td style=\"width: 95.29880478087651%; height: 23px; border-style: hidden;\"><a title=\"M-Square Pictures\" href=\"https:\/\/ucm.one\/de\/film-labels\/m-square-pictures\">M-Square Pictures<\/a><\/td>\n<\/tr>\n<\/tbody>\n<\/table>\n<\/div>\n<div><\/div>\n<\/div>\n<div>\n<div><div class=\"gap\" style=\"line-height: 10px; height: 10px;\"><\/div><\/div>\n<div>\u2117 2016 <strong>Stella Maris Film, KinoweltTV<\/strong>, \u00a9 2016 <strong>M-Square Pictures<\/strong> \/ <span style=\"font-family: 'arial black', sans-serif;\"><strong>UCM.ONE<\/strong><\/span><\/div>\n<div><div class=\"gap\" style=\"line-height: 20px; height: 20px;\"><\/div><\/div>\n<div>\n<div><\/div>\n<div>\n<div><div class=\"gap\" style=\"line-height: 10px; height: 10px;\"><\/div><\/div>\n<div><span style=\"color: #003a80;\"><strong>\u27a0 <a style=\"color: #003a80;\" href=\"https:\/\/ucm.one\/de\/produkt-kategorie\/art-de\/filme-de\/\">zum Shop<\/a><\/strong><\/span><\/div>\n<div><div class=\"gap\" style=\"line-height: 20px; height: 20px;\"><\/div><\/div>\n<\/div>\n<\/div>\n<\/div>\n<\/div>","protected":false},"excerpt":{"rendered":"<p>Konzept: <strong><a href=\"https:\/\/ucm.one\/de\/?s=%22Daniele+Grieco%22&amp;post_type=product\">Daniele Grieco<\/a><br \/>\n<\/strong><\/p>\n<p>Art:\u00a0<strong><a href=\"https:\/\/ucm.one\/de\/produkt-kategorie\/art-de\/filme-de\/\">Film<\/a> (Spielfilm) <\/strong><\/p>\n<p>Genres:\u00a0<b><a href=\"https:\/\/ucm.one\/de\/produkt-kategorie\/genre-film-de\/horror-de\/\">Horror,<\/a> <strong><a href=\"https:\/\/ucm.one\/de\/produkt-kategorie\/genre-film-de\/science-fiction-de\/\">Science-Fiction<\/a><\/strong><\/b><\/p>\n<p>Jahr: <strong>2016<\/strong><\/p>\n<p>FSK: <strong>16<\/strong><\/p>\n<p>Formate: <strong>Diverse<\/strong><\/p>\n","protected":false},"featured_media":74458,"comment_status":"open","ping_status":"closed","template":"","meta":{"_acf_changed":false},"product_brand":[],"product_cat":[10323,10327,10331,10332,10354,9708],"product_tag":[13729,10325,13730,13731,13732,13733,13734,13735,13725,13736,13726,13737,13727,13728],"class_list":{"0":"post-74392","1":"product","2":"type-product","3":"status-publish","4":"has-post-thumbnail","6":"product_cat-m-square-pictures-de","7":"product_cat-horror-de","8":"product_cat-dvd-de","9":"product_cat-blu-ray-de","10":"product_cat-science-fiction-de","11":"product_cat-filme-de","12":"product_tag-olga-von-luckwald","13":"product_tag-m-square-pictures","14":"product_tag-dennis-mojen","15":"product_tag-leonard-hohm","16":"product_tag-jan-walter","17":"product_tag-andreas-ladwig","18":"product_tag-hacky-rumpel","19":"product_tag-nika-cimpeanu","20":"product_tag-ufo-es-ist-hier","21":"product_tag-fabio-cimpeanu","22":"product_tag-ufo","23":"product_tag-jessica-hawich","24":"product_tag-daniele-grieco","25":"product_tag-laura-berlin","26":"pa_format-dvd","27":"pa_format-blu-ray-de","28":"description-off","30":"first","31":"instock","32":"sale","33":"taxable","34":"shipping-taxable","35":"purchasable","36":"product-type-variable"},"acf":[],"yoast_head":"<!-- This site is optimized with the Yoast SEO plugin v27.5 - https:\/\/yoast.com\/product\/yoast-seo-wordpress\/ -->\n<title>UFO \u2013 Es ist hier<\/title>\n<meta name=\"description\" content=\"Shop | UFO \u2013 Es ist hier | 2016 | M-Square Pictures | Blu-Ray, DVD | FSK 16\" \/>\n<meta name=\"robots\" content=\"index, follow, max-snippet:-1, max-image-preview:large, max-video-preview:-1\" \/>\n<link rel=\"canonical\" href=\"https:\/\/ucm.one\/de\/produkt\/ufo-es-ist-hier\/\" \/>\n<meta property=\"og:locale\" content=\"de_DE\" \/>\n<meta property=\"og:type\" content=\"article\" \/>\n<meta property=\"og:title\" content=\"UFO \u2013 Es ist hier\" \/>\n<meta property=\"og:description\" content=\"Shop | UFO \u2013 Es ist hier | 2016 | M-Square Pictures | Blu-Ray, DVD | FSK 16\" \/>\n<meta property=\"og:url\" content=\"https:\/\/ucm.one\/de\/produkt\/ufo-es-ist-hier\/\" \/>\n<meta property=\"og:site_name\" content=\"UCM.ONE\" \/>\n<meta property=\"article:modified_time\" content=\"2023-06-18T15:15:06+00:00\" \/>\n<meta property=\"og:image\" content=\"https:\/\/ucm.one\/wp-content\/uploads\/2016\/10\/UFO_FB.jpg\" \/>\n<meta name=\"twitter:card\" content=\"summary_large_image\" \/>\n<meta name=\"twitter:title\" content=\"UFO \u2013 Es ist hier\" \/>\n<meta name=\"twitter:description\" content=\"Shop | UFO \u2013 Es ist hier | 2016 | M-Square Pictures | Blu-Ray, DVD | FSK 16\" \/>\n<meta name=\"twitter:image\" content=\"https:\/\/ucm.one\/wp-content\/uploads\/2016\/10\/UFO_twitter.jpg\" \/>\n<meta name=\"twitter:label1\" content=\"Gesch\u00e4tzte Lesezeit\" \/>\n\t<meta name=\"twitter:data1\" content=\"1\u00a0Minute\" \/>\n<!-- \/ Yoast SEO plugin. -->","yoast_head_json":{"title":"UFO \u2013 Es ist hier","description":"Shop | UFO \u2013 Es ist hier | 2016 | M-Square Pictures | Blu-Ray, DVD | FSK 16","robots":{"index":"index","follow":"follow","max-snippet":"max-snippet:-1","max-image-preview":"max-image-preview:large","max-video-preview":"max-video-preview:-1"},"canonical":"https:\/\/ucm.one\/de\/produkt\/ufo-es-ist-hier\/","og_locale":"de_DE","og_type":"article","og_title":"UFO \u2013 Es ist hier","og_description":"Shop | UFO \u2013 Es ist hier | 2016 | M-Square Pictures | Blu-Ray, DVD | FSK 16","og_url":"https:\/\/ucm.one\/de\/produkt\/ufo-es-ist-hier\/","og_site_name":"UCM.ONE","article_modified_time":"2023-06-18T15:15:06+00:00","og_image":[{"url":"https:\/\/ucm.one\/wp-content\/uploads\/2016\/10\/UFO_FB.jpg","type":"","width":"","height":""}],"twitter_card":"summary_large_image","twitter_title":"UFO \u2013 Es ist hier","twitter_description":"Shop | UFO \u2013 Es ist hier | 2016 | M-Square Pictures | Blu-Ray, DVD | FSK 16","twitter_image":"https:\/\/ucm.one\/wp-content\/uploads\/2016\/10\/UFO_twitter.jpg","twitter_misc":{"Gesch\u00e4tzte Lesezeit":"1\u00a0Minute"},"schema":{"@context":"https:\/\/schema.org","@graph":[{"@type":"WebPage","@id":"https:\/\/ucm.one\/de\/produkt\/ufo-es-ist-hier\/","url":"https:\/\/ucm.one\/de\/produkt\/ufo-es-ist-hier\/","name":"UFO \u2013 Es ist hier","isPartOf":{"@id":"https:\/\/ucm.one\/de\/#website"},"primaryImageOfPage":{"@id":"https:\/\/ucm.one\/de\/produkt\/ufo-es-ist-hier\/#primaryimage"},"image":{"@id":"https:\/\/ucm.one\/de\/produkt\/ufo-es-ist-hier\/#primaryimage"},"thumbnailUrl":"https:\/\/ucm.one\/wp-content\/uploads\/2000\/01\/C-UFO-Es-ist-hier-DVD-2D-FSK16.jpg","datePublished":"2016-10-28T08:10:27+00:00","dateModified":"2023-06-18T15:15:06+00:00","description":"Shop | UFO \u2013 Es ist hier | 2016 | M-Square Pictures | Blu-Ray, DVD | FSK 16","breadcrumb":{"@id":"https:\/\/ucm.one\/de\/produkt\/ufo-es-ist-hier\/#breadcrumb"},"inLanguage":"de","potentialAction":[{"@type":"ReadAction","target":["https:\/\/ucm.one\/de\/produkt\/ufo-es-ist-hier\/"]}]},{"@type":"ImageObject","inLanguage":"de","@id":"https:\/\/ucm.one\/de\/produkt\/ufo-es-ist-hier\/#primaryimage","url":"https:\/\/ucm.one\/wp-content\/uploads\/2000\/01\/C-UFO-Es-ist-hier-DVD-2D-FSK16.jpg","contentUrl":"https:\/\/ucm.one\/wp-content\/uploads\/2000\/01\/C-UFO-Es-ist-hier-DVD-2D-FSK16.jpg","width":699,"height":1000},{"@type":"BreadcrumbList","@id":"https:\/\/ucm.one\/de\/produkt\/ufo-es-ist-hier\/#breadcrumb","itemListElement":[{"@type":"ListItem","position":1,"name":"Home","item":"https:\/\/ucm.one\/de\/"},{"@type":"ListItem","position":2,"name":"Shop","item":"https:\/\/ucm.one\/de\/shop\/"},{"@type":"ListItem","position":3,"name":"UFO \u2013 Es ist hier"}]},{"@type":"WebSite","@id":"https:\/\/ucm.one\/de\/#website","url":"https:\/\/ucm.one\/de\/","name":"UCM.ONE","description":"","publisher":{"@id":"https:\/\/ucm.one\/de\/#organization"},"potentialAction":[{"@type":"SearchAction","target":{"@type":"EntryPoint","urlTemplate":"https:\/\/ucm.one\/de\/?s={search_term_string}"},"query-input":{"@type":"PropertyValueSpecification","valueRequired":true,"valueName":"search_term_string"}}],"inLanguage":"de"},{"@type":"Organization","@id":"https:\/\/ucm.one\/de\/#organization","name":"UCM.ONE","url":"https:\/\/ucm.one\/de\/","logo":{"@type":"ImageObject","inLanguage":"de","@id":"https:\/\/ucm.one\/de\/#\/schema\/logo\/image\/","url":"https:\/\/ucm.one\/wp-content\/uploads\/2019\/10\/UCM.ONE-Logo-RGB.svg","contentUrl":"https:\/\/ucm.one\/wp-content\/uploads\/2019\/10\/UCM.ONE-Logo-RGB.svg","width":1,"height":1,"caption":"UCM.ONE"},"image":{"@id":"https:\/\/ucm.one\/de\/#\/schema\/logo\/image\/"}}]}},"_links":{"self":[{"href":"https:\/\/ucm.one\/de\/wp-json\/wp\/v2\/product\/74392","targetHints":{"allow":["GET"]}}],"collection":[{"href":"https:\/\/ucm.one\/de\/wp-json\/wp\/v2\/product"}],"about":[{"href":"https:\/\/ucm.one\/de\/wp-json\/wp\/v2\/types\/product"}],"replies":[{"embeddable":true,"href":"https:\/\/ucm.one\/de\/wp-json\/wp\/v2\/comments?post=74392"}],"wp:featuredmedia":[{"embeddable":true,"href":"https:\/\/ucm.one\/de\/wp-json\/wp\/v2\/media\/74458"}],"wp:attachment":[{"href":"https:\/\/ucm.one\/de\/wp-json\/wp\/v2\/media?parent=74392"}],"wp:term":[{"taxonomy":"product_brand","embeddable":true,"href":"https:\/\/ucm.one\/de\/wp-json\/wp\/v2\/product_brand?post=74392"},{"taxonomy":"product_cat","embeddable":true,"href":"https:\/\/ucm.one\/de\/wp-json\/wp\/v2\/product_cat?post=74392"},{"taxonomy":"product_tag","embeddable":true,"href":"https:\/\/ucm.one\/de\/wp-json\/wp\/v2\/product_tag?post=74392"}],"curies":[{"name":"wp","href":"https:\/\/api.w.org\/{rel}","templated":true}]}}