{"id":74342,"date":"2017-05-19T13:38:20","date_gmt":"2017-05-19T13:38:20","guid":{"rendered":"https:\/\/ucm.one\/?post_type=product&#038;p=74342"},"modified":"2023-06-18T15:10:31","modified_gmt":"2023-06-18T15:10:31","slug":"ostzone-wenn-du-sie-hoerst-ist-es-zu-spaet","status":"publish","type":"product","link":"https:\/\/ucm.one\/de\/produkt\/ostzone-wenn-du-sie-hoerst-ist-es-zu-spaet\/","title":{"rendered":"Ostzone \u2013 Wenn du sie h\u00f6rst, ist es zu sp\u00e4t"},"content":{"rendered":"<div class=\"wpb_text_column wpb_content_element \">\n<div class=\"wpb_wrapper\">\n<div class=\"\">\n<div class=\"wpb_text_column wpb_content_element \">\n<div class=\"wpb_wrapper\">\n<div class=\"wpb_text_column wpb_content_element \">\n<div class=\"wpb_wrapper\">\n<div class=\"wpb_text_column wpb_content_element \">\n<div class=\"wpb_wrapper\">\n<div class=\"wpb_text_column wpb_content_element \">\n<div class=\"wpb_wrapper\">\n<p>Die ehemalige DDR: Noch immer gibt es unz\u00e4hlige Geb\u00e4ude, die seit der Wende ausgestorben sind und immer mehr verfallen. Linda und Marius, ein junges P\u00e4rchen, sind interessierte K\u00e4ufer einer solchen Immobilie. Zusammen mit ihrer Freundin Marie machen sie sich auf den Weg zu einer Besichtigung. Dort vermittelt ihnen die nette Maklerin Frau Wagner ein ganz besonderes Objekt: ein ehemaliges Kinderheim. Trotz der wenig einladenden Atmosph\u00e4re entscheiden sich Linda und Marius f\u00fcr den Erwerb des Geb\u00e4udes. Sie sind sicher, ein echtes Schn\u00e4ppchen gemacht zu haben.<\/p>\n<p>Doch der unheimliche Komplex gibt nach und nach sein dunkles Geheimnis preis: jemand schleicht durch die verlassenen Zimmer \u2013 jemand, der nach Hause zur\u00fcckgekehrt ist und keine G\u00e4ste duldet! Zumindest nicht lebendig\u2026<\/p>\n<\/div>\n<\/div>\n<\/div>\n<\/div>\n<\/div>\n<\/div>\n<\/div>\n<\/div>\n<\/div>\n<\/div>\n<\/div>\n<div><div class=\"gap\" style=\"line-height: 20px; height: 20px;\"><\/div><\/div>\n<h5>Weitere Informationen<\/h5>\n<div>\n<div>\n<table style=\"height: 46px; width: 100%; border-collapse: collapse; border-color: #ffffff; background-color: #ffffff; border-style: hidden;\">\n<tbody>\n<tr style=\"height: 23px; border-style: hidden; border-color: #ffffff; background-color: #ffffff;\">\n<td style=\"width: 4.701195219123506%; height: 23px; border-style: hidden;\">Film:<\/td>\n<td style=\"width: 95.29880478087651%; height: 23px; border-style: hidden;\"><a href=\"https:\/\/ucm.one\/de\/kinoverleih\/katalogfilme\/#ostzone\">Ostzone \u2013 Wenn du sie h\u00f6rst, ist es zu sp\u00e4t<\/a><\/td>\n<\/tr>\n<tr style=\"height: 23px;\">\n<td style=\"width: 4.701195219123506%; height: 23px; border-style: hidden;\">Label:<\/td>\n<td style=\"width: 95.29880478087651%; height: 23px; border-style: hidden;\"><a title=\"M-Square Pictures\" href=\"https:\/\/ucm.one\/de\/film-labels\/m-square-pictures\">M-Square Pictures<\/a><\/td>\n<\/tr>\n<\/tbody>\n<\/table>\n<\/div>\n<div><\/div>\n<\/div>\n<div>\n<div><div class=\"gap\" style=\"line-height: 10px; height: 10px;\"><\/div><\/div>\n<div>\u2117 2016 <strong><span class=\"itemprop\">Hunter Productions<\/span>,\u00a0<span class=\"itemprop\">Transcendental Pictures<\/span><\/strong>, \u00a9 2017 <strong>M-Square Pictures<\/strong> \/ <span style=\"font-family: 'arial black', sans-serif;\"><strong>UCM.ONE<\/strong><\/span><\/div>\n<div><div class=\"gap\" style=\"line-height: 20px; height: 20px;\"><\/div><\/div>\n<div>\n<div><\/div>\n<div>\n<div><div class=\"gap\" style=\"line-height: 10px; height: 10px;\"><\/div><\/div>\n<div><span style=\"color: #003a80;\"><strong>\u27a0 <a style=\"color: #003a80;\" href=\"https:\/\/ucm.one\/de\/produkt-kategorie\/art-de\/filme-de\/\">zum Shop<\/a><\/strong><\/span><\/div>\n<div><div class=\"gap\" style=\"line-height: 20px; height: 20px;\"><\/div><\/div>\n<\/div>\n<\/div>\n<\/div>\n","protected":false},"excerpt":{"rendered":"<p>Regie: <strong><a href=\"https:\/\/ucm.one\/de\/?s=%22%C2%A0Ren%C3%A9+Rausch%22&amp;post_type=product\">\u00a0Ren\u00e9 Rausch<\/a><\/strong><\/p>\n<p>Label: <a title=\"M-Square Pictures\" href=\"https:\/\/ucm.one\/de\/produkt-kategorie\/label-film-de\/m-square-pictures-de\"><strong>M-Square Pictures<\/strong><\/a><\/p>\n<p>Art:\u00a0<strong><a href=\"https:\/\/ucm.one\/de\/produkt-kategorie\/art-de\/filme-de\/\">Film<\/a> (Spielfilm)<\/strong><\/p>\n<p>Genre:\u00a0<b><a href=\"https:\/\/ucm.one\/de\/produkt-kategorie\/genre-film-de\/horror-de\/\">Horror<\/a><\/b><\/p>\n<p>Jahr: <strong>2017<\/strong><\/p>\n<p>FSK: <strong>16<\/strong><\/p>\n<p>Formate: <strong>Diverse<\/strong><\/p>\n","protected":false},"featured_media":74452,"comment_status":"open","ping_status":"closed","template":"","meta":{"_acf_changed":false},"product_brand":[],"product_cat":[9708,10323,10327,10331,10332],"product_tag":[13722,13723,13713,13714,13715,13716,13717,13718,10325,13719,13720,13721],"class_list":{"0":"post-74342","1":"product","2":"type-product","3":"status-publish","4":"has-post-thumbnail","6":"product_cat-filme-de","7":"product_cat-m-square-pictures-de","8":"product_cat-horror-de","9":"product_cat-dvd-de","10":"product_cat-blu-ray-de","11":"product_tag-thomas-ney","12":"product_tag-friederike-serr","13":"product_tag-ostzone-wenn-du-sie-hoerst","14":"product_tag-ist-es-zu-spaet","15":"product_tag-ostzone","16":"product_tag-rene-rausch","17":"product_tag-simson-bubbel","18":"product_tag-valerie-cuenod","19":"product_tag-m-square-pictures","20":"product_tag-sofia-exss","21":"product_tag-saskia-geissler","22":"product_tag-frank-goldhammer-frank-goldhammer","23":"pa_format-dvd","24":"pa_format-blu-ray-de","25":"description-off","27":"first","28":"instock","29":"sale","30":"taxable","31":"shipping-taxable","32":"purchasable","33":"product-type-variable"},"acf":[],"yoast_head":"<!-- This site is optimized with the Yoast SEO plugin v27.2 - https:\/\/yoast.com\/product\/yoast-seo-wordpress\/ -->\n<title>Ostzone \u2013 Wenn du sie h\u00f6rst, ist es zu sp\u00e4t<\/title>\n<meta name=\"description\" content=\"Shop | Ostzone \u2013 Wenn du sie h\u00f6rst, ist es zu sp\u00e4t | 2017 | M-Square Pictures | Blu-Ray, DVD | FSK 16\" \/>\n<meta name=\"robots\" content=\"index, follow, max-snippet:-1, max-image-preview:large, max-video-preview:-1\" \/>\n<link rel=\"canonical\" href=\"https:\/\/ucm.one\/de\/produkt\/ostzone-wenn-du-sie-hoerst-ist-es-zu-spaet\/\" \/>\n<meta property=\"og:locale\" content=\"de_DE\" \/>\n<meta property=\"og:type\" content=\"article\" \/>\n<meta property=\"og:title\" content=\"Ostzone \u2013 Wenn du sie h\u00f6rst, ist es zu sp\u00e4t\" \/>\n<meta property=\"og:description\" content=\"Shop | Ostzone \u2013 Wenn du sie h\u00f6rst, ist es zu sp\u00e4t | 2017 | M-Square Pictures | Blu-Ray, DVD | FSK 16\" \/>\n<meta property=\"og:url\" content=\"https:\/\/ucm.one\/de\/produkt\/ostzone-wenn-du-sie-hoerst-ist-es-zu-spaet\/\" \/>\n<meta property=\"og:site_name\" content=\"UCM.ONE\" \/>\n<meta property=\"article:modified_time\" content=\"2023-06-18T15:10:31+00:00\" \/>\n<meta property=\"og:image\" content=\"https:\/\/ucm.one\/wp-content\/uploads\/2016\/10\/Ostzone_FB.jpg\" \/>\n<meta name=\"twitter:card\" content=\"summary_large_image\" \/>\n<meta name=\"twitter:title\" content=\"Ostzone \u2013 Wenn du sie h\u00f6rst, ist es zu sp\u00e4t\" \/>\n<meta name=\"twitter:description\" content=\"Shop | Ostzone \u2013 Wenn du sie h\u00f6rst, ist es zu sp\u00e4t | 2017 | M-Square Pictures | Blu-Ray, DVD | FSK 16\" \/>\n<meta name=\"twitter:image\" content=\"https:\/\/ucm.one\/wp-content\/uploads\/2016\/10\/Ostzone_twitter.jpg\" \/>\n<meta name=\"twitter:label1\" content=\"Gesch\u00e4tzte Lesezeit\" \/>\n\t<meta name=\"twitter:data1\" content=\"1\u00a0Minute\" \/>\n<!-- \/ Yoast SEO plugin. -->","yoast_head_json":{"title":"Ostzone \u2013 Wenn du sie h\u00f6rst, ist es zu sp\u00e4t","description":"Shop | Ostzone \u2013 Wenn du sie h\u00f6rst, ist es zu sp\u00e4t | 2017 | M-Square Pictures | Blu-Ray, DVD | FSK 16","robots":{"index":"index","follow":"follow","max-snippet":"max-snippet:-1","max-image-preview":"max-image-preview:large","max-video-preview":"max-video-preview:-1"},"canonical":"https:\/\/ucm.one\/de\/produkt\/ostzone-wenn-du-sie-hoerst-ist-es-zu-spaet\/","og_locale":"de_DE","og_type":"article","og_title":"Ostzone \u2013 Wenn du sie h\u00f6rst, ist es zu sp\u00e4t","og_description":"Shop | Ostzone \u2013 Wenn du sie h\u00f6rst, ist es zu sp\u00e4t | 2017 | M-Square Pictures | Blu-Ray, DVD | FSK 16","og_url":"https:\/\/ucm.one\/de\/produkt\/ostzone-wenn-du-sie-hoerst-ist-es-zu-spaet\/","og_site_name":"UCM.ONE","article_modified_time":"2023-06-18T15:10:31+00:00","og_image":[{"url":"https:\/\/ucm.one\/wp-content\/uploads\/2016\/10\/Ostzone_FB.jpg","type":"","width":"","height":""}],"twitter_card":"summary_large_image","twitter_title":"Ostzone \u2013 Wenn du sie h\u00f6rst, ist es zu sp\u00e4t","twitter_description":"Shop | Ostzone \u2013 Wenn du sie h\u00f6rst, ist es zu sp\u00e4t | 2017 | M-Square Pictures | Blu-Ray, DVD | FSK 16","twitter_image":"https:\/\/ucm.one\/wp-content\/uploads\/2016\/10\/Ostzone_twitter.jpg","twitter_misc":{"Gesch\u00e4tzte Lesezeit":"1\u00a0Minute"},"schema":{"@context":"https:\/\/schema.org","@graph":[{"@type":"WebPage","@id":"https:\/\/ucm.one\/de\/produkt\/ostzone-wenn-du-sie-hoerst-ist-es-zu-spaet\/","url":"https:\/\/ucm.one\/de\/produkt\/ostzone-wenn-du-sie-hoerst-ist-es-zu-spaet\/","name":"Ostzone \u2013 Wenn du sie h\u00f6rst, ist es zu sp\u00e4t","isPartOf":{"@id":"https:\/\/ucm.one\/de\/#website"},"primaryImageOfPage":{"@id":"https:\/\/ucm.one\/de\/produkt\/ostzone-wenn-du-sie-hoerst-ist-es-zu-spaet\/#primaryimage"},"image":{"@id":"https:\/\/ucm.one\/de\/produkt\/ostzone-wenn-du-sie-hoerst-ist-es-zu-spaet\/#primaryimage"},"thumbnailUrl":"https:\/\/ucm.one\/wp-content\/uploads\/2000\/01\/C-Ostzone-DVD-2D-FSK16.jpg","datePublished":"2017-05-19T13:38:20+00:00","dateModified":"2023-06-18T15:10:31+00:00","description":"Shop | Ostzone \u2013 Wenn du sie h\u00f6rst, ist es zu sp\u00e4t | 2017 | M-Square Pictures | Blu-Ray, DVD | FSK 16","breadcrumb":{"@id":"https:\/\/ucm.one\/de\/produkt\/ostzone-wenn-du-sie-hoerst-ist-es-zu-spaet\/#breadcrumb"},"inLanguage":"de","potentialAction":[{"@type":"ReadAction","target":["https:\/\/ucm.one\/de\/produkt\/ostzone-wenn-du-sie-hoerst-ist-es-zu-spaet\/"]}]},{"@type":"ImageObject","inLanguage":"de","@id":"https:\/\/ucm.one\/de\/produkt\/ostzone-wenn-du-sie-hoerst-ist-es-zu-spaet\/#primaryimage","url":"https:\/\/ucm.one\/wp-content\/uploads\/2000\/01\/C-Ostzone-DVD-2D-FSK16.jpg","contentUrl":"https:\/\/ucm.one\/wp-content\/uploads\/2000\/01\/C-Ostzone-DVD-2D-FSK16.jpg","width":699,"height":1000},{"@type":"BreadcrumbList","@id":"https:\/\/ucm.one\/de\/produkt\/ostzone-wenn-du-sie-hoerst-ist-es-zu-spaet\/#breadcrumb","itemListElement":[{"@type":"ListItem","position":1,"name":"Home","item":"https:\/\/ucm.one\/de\/"},{"@type":"ListItem","position":2,"name":"Shop","item":"https:\/\/ucm.one\/de\/shop\/"},{"@type":"ListItem","position":3,"name":"Ostzone \u2013 Wenn du sie h\u00f6rst, ist es zu sp\u00e4t"}]},{"@type":"WebSite","@id":"https:\/\/ucm.one\/de\/#website","url":"https:\/\/ucm.one\/de\/","name":"UCM.ONE","description":"","publisher":{"@id":"https:\/\/ucm.one\/de\/#organization"},"potentialAction":[{"@type":"SearchAction","target":{"@type":"EntryPoint","urlTemplate":"https:\/\/ucm.one\/de\/?s={search_term_string}"},"query-input":{"@type":"PropertyValueSpecification","valueRequired":true,"valueName":"search_term_string"}}],"inLanguage":"de"},{"@type":"Organization","@id":"https:\/\/ucm.one\/de\/#organization","name":"UCM.ONE","url":"https:\/\/ucm.one\/de\/","logo":{"@type":"ImageObject","inLanguage":"de","@id":"https:\/\/ucm.one\/de\/#\/schema\/logo\/image\/","url":"https:\/\/ucm.one\/wp-content\/uploads\/2019\/10\/UCM.ONE-Logo-RGB.svg","contentUrl":"https:\/\/ucm.one\/wp-content\/uploads\/2019\/10\/UCM.ONE-Logo-RGB.svg","width":1,"height":1,"caption":"UCM.ONE"},"image":{"@id":"https:\/\/ucm.one\/de\/#\/schema\/logo\/image\/"}}]}},"_links":{"self":[{"href":"https:\/\/ucm.one\/de\/wp-json\/wp\/v2\/product\/74342","targetHints":{"allow":["GET"]}}],"collection":[{"href":"https:\/\/ucm.one\/de\/wp-json\/wp\/v2\/product"}],"about":[{"href":"https:\/\/ucm.one\/de\/wp-json\/wp\/v2\/types\/product"}],"replies":[{"embeddable":true,"href":"https:\/\/ucm.one\/de\/wp-json\/wp\/v2\/comments?post=74342"}],"wp:featuredmedia":[{"embeddable":true,"href":"https:\/\/ucm.one\/de\/wp-json\/wp\/v2\/media\/74452"}],"wp:attachment":[{"href":"https:\/\/ucm.one\/de\/wp-json\/wp\/v2\/media?parent=74342"}],"wp:term":[{"taxonomy":"product_brand","embeddable":true,"href":"https:\/\/ucm.one\/de\/wp-json\/wp\/v2\/product_brand?post=74342"},{"taxonomy":"product_cat","embeddable":true,"href":"https:\/\/ucm.one\/de\/wp-json\/wp\/v2\/product_cat?post=74342"},{"taxonomy":"product_tag","embeddable":true,"href":"https:\/\/ucm.one\/de\/wp-json\/wp\/v2\/product_tag?post=74342"}],"curies":[{"name":"wp","href":"https:\/\/api.w.org\/{rel}","templated":true}]}}