{"id":74303,"date":"2017-10-27T11:26:55","date_gmt":"2017-10-27T11:26:55","guid":{"rendered":"https:\/\/ucm.one\/?post_type=product&#038;p=74303"},"modified":"2024-12-11T16:47:28","modified_gmt":"2024-12-11T16:47:28","slug":"1000-mexikaner","status":"publish","type":"product","link":"https:\/\/ucm.one\/de\/produkt\/1000-mexikaner\/","title":{"rendered":"1000 Mexikaner"},"content":{"rendered":"<div class=\"wpb-content-wrapper\"><div class=\"wpb_text_column wpb_content_element \">\n<div class=\"wpb_wrapper\">\n<div class=\"\">\n<div class=\"wpb_text_column wpb_content_element \">\n<div class=\"wpb_wrapper\">\n<div class=\"wpb_text_column wpb_content_element \">\n<div class=\"wpb_wrapper\">\n<div class=\"wpb_text_column wpb_content_element \">\n<div class=\"wpb_wrapper\">\n<div class=\"wpb_text_column wpb_content_element \">\n<div class=\"wpb_wrapper\">\n<div class=\"wpb_text_column wpb_content_element \">\n<div class=\"wpb_wrapper\">\n<p>Die Kumpels Lukas (<strong>Bastian Reiber<\/strong>) und Adam (<strong>Arnel Taci<\/strong>) haben in ihrer Jugend immer davon getr\u00e4umt, gemeinsam eine Filmproduktionsfirma zu gr\u00fcnden. Mittlerweile ist der 29-j\u00e4hrige, zielstrebige Lukas\u00a0 jedoch auf dem besten Wege, in einer Werbeagentur Karriere zu machen und an einer beruflichen Zusammenarbeit mit dem chaotischen Adam wenig interessiert, der seinerseits vergeblich versucht, in der Hamburger Filmbranche durchzustarten. Als die beiden an einem wilden Kiezabend, bei dem auch noch ihr Kumpel Marten (<strong>Stefan Haschke<\/strong>) dabei ist, auf mehrere h\u00fcbsche Damen bei einem Junggesellinnenabschied aufmerksam werden, geben sie sich jedoch kurzerhand als Hochzeitsfilmer aus, um bei den Ladys gut anzukommen. Im Laufe des turbulenten Abends versprechen sie Marten, der in einer Woche vor den Traualtar treten will, seinen Hochzeitsfilm zu drehen. Allerdings haben sie nicht damit gerechnet, dass am n\u00e4chsten Morgen Trauzeuge Rocko (<strong>David Bredin<\/strong>), ein ehemaliger Elitesoldat, bei ihnen auftaucht und dem Duo einen straffen Drehplan aush\u00e4ndigt\u2026<\/p>\n<\/div>\n<\/div>\n<div class=\"vc_row wpb_row vc_inner vc_row-fluid\">\n<div class=\"wpb_column vc_column_container vc_col-sm-12 vc_col-has-fill\">\n<div class=\"vc_column-inner vc_custom_1561290391124\">\n<div class=\"wpb_wrapper\"><\/div>\n<\/div>\n<\/div>\n<\/div>\n<\/div>\n<\/div>\n<\/div>\n<\/div>\n<\/div>\n<\/div>\n<\/div>\n<\/div>\n<\/div>\n<\/div>\n<\/div>\n<div><div class=\"gap\" style=\"line-height: 20px; height: 20px;\"><\/div><\/div>\n<h5>Weitere Informationen<\/h5>\n<div>\n<div>\n<table style=\"height: 45px; width: 100%; border-collapse: collapse; border-color: #ffffff; background-color: #ffffff; border-style: hidden;\">\n<tbody>\n<tr style=\"height: 23px; border-style: hidden; border-color: #ffffff; background-color: #ffffff;\">\n<td style=\"width: 4.7012%; height: 22px; border-style: hidden;\">Film:<\/td>\n<td style=\"width: 95.2988%; height: 22px; border-style: hidden;\"><a href=\"https:\/\/ucm.one\/de\/kinoverleih\/katalogfilme\/#1000-mexikaner\">1000 Mexikaner<\/a><\/td>\n<\/tr>\n<tr style=\"height: 23px;\">\n<td style=\"width: 4.7012%; height: 23px; border-style: hidden;\">Label:<\/td>\n<td style=\"width: 95.2988%; height: 23px; border-style: hidden;\"><a title=\"M-Square Pictures\" href=\"https:\/\/ucm.one\/de\/film-labels\/m-square-pictures\">M-Square Pictures<\/a><\/td>\n<\/tr>\n<\/tbody>\n<\/table>\n<\/div>\n<div><\/div>\n<\/div>\n<div>\n<div><div class=\"gap\" style=\"line-height: 10px; height: 10px;\"><\/div><\/div>\n<div>\u2117 2016<strong>\u00a0<span class=\"itemprop\">La Mosca Bianca Films<\/span><\/strong>, \u00a9 2017 <strong>M-Square Pictures<\/strong> \/ <span style=\"font-family: 'arial black', sans-serif;\"><strong>UCM.ONE<\/strong><\/span><\/div>\n<div><div class=\"gap\" style=\"line-height: 20px; height: 20px;\"><\/div><\/div>\n<div>\n<div><\/div>\n<div>\n<div><div class=\"gap\" style=\"line-height: 10px; height: 10px;\"><\/div><\/div>\n<div><span style=\"color: #003a80;\"><strong>\u27a0 <a style=\"color: #003a80;\" href=\"https:\/\/ucm.one\/de\/produkt-kategorie\/art-de\/filme-de\/\">zum Shop<\/a><\/strong><\/span><\/div>\n<div><div class=\"gap\" style=\"line-height: 20px; height: 20px;\"><\/div><\/div>\n<\/div>\n<\/div>\n<\/div>\n<\/div>","protected":false},"excerpt":{"rendered":"<p>Konzept: <a href=\"https:\/\/ucm.one\/de\/?s=%22Philipp+Scholz%22&amp;post_type=product\"><strong>Philipp Scholz<\/strong><\/a><\/p>\n<p>Label: <a title=\"M-Square Pictures\" href=\"https:\/\/ucm.one\/de\/produkt-kategorie\/label-film-de\/m-square-pictures-de\"><strong>M-Square Pictures<\/strong><\/a><\/p>\n<p>Art:\u00a0<strong><a href=\"https:\/\/ucm.one\/de\/produkt-kategorie\/art-de\/filme-de\/\">Film<\/a> (Spielfilm)<\/strong><\/p>\n<p>Genre: <a href=\"https:\/\/ucm.one\/de\/produkt-kategorie\/genre-film-de\/komoedie-de\/\"><strong>Kom\u00f6die<\/strong><\/a><b><\/b><\/p>\n<p>Jahr: <strong>2017<\/strong><\/p>\n<p>FSK: <strong>12<\/strong><\/p>\n<p>Formate: <strong>Diverse<\/strong><\/p>\n","protected":false},"featured_media":74380,"comment_status":"open","ping_status":"closed","template":"","meta":{"_acf_changed":false},"product_brand":[],"product_cat":[9708,10323,10331,10332,10356],"product_tag":[13707,13322,13708,13698,13709,13699,13710,13700,13711,13701,13712,10325,13702,13703,13704,13705,13706,12662],"class_list":{"0":"post-74303","1":"product","2":"type-product","3":"status-publish","4":"has-post-thumbnail","6":"product_cat-filme-de","7":"product_cat-m-square-pictures-de","8":"product_cat-dvd-de","9":"product_cat-blu-ray-de","10":"product_cat-komoedie-de","11":"product_tag-hannes-hellmann","12":"product_tag-david-bredin","13":"product_tag-till-huster","14":"product_tag-1000-mexikaner","15":"product_tag-markus-john","16":"product_tag-philipp-scholz","17":"product_tag-hans-kahlert","18":"product_tag-1000-mexicans","19":"product_tag-peter-lohmeyer","20":"product_tag-bastian-reiber","21":"product_tag-maurizio-micksch","22":"product_tag-m-square-pictures","23":"product_tag-arnel-taci","24":"product_tag-johanna-dost","25":"product_tag-diana-ebert","26":"product_tag-ebba-ekholm","27":"product_tag-stefan-haschke","28":"product_tag-dirk-manthey","29":"pa_format-blu-ray-de","30":"pa_format-dvd","31":"description-off","33":"first","34":"instock","35":"sale","36":"taxable","37":"shipping-taxable","38":"purchasable","39":"product-type-variable"},"acf":[],"yoast_head":"<!-- This site is optimized with the Yoast SEO plugin v27.2 - https:\/\/yoast.com\/product\/yoast-seo-wordpress\/ -->\n<title>1000 Mexikaner<\/title>\n<meta name=\"description\" content=\"Shop | 1000 Mexikaner | 2017 | M-Square Pictures | Blu-Ray, DVD | FSK 12\" \/>\n<meta name=\"robots\" content=\"index, follow, max-snippet:-1, max-image-preview:large, max-video-preview:-1\" \/>\n<link rel=\"canonical\" href=\"https:\/\/ucm.one\/de\/produkt\/1000-mexikaner\/\" \/>\n<meta property=\"og:locale\" content=\"de_DE\" \/>\n<meta property=\"og:type\" content=\"article\" \/>\n<meta property=\"og:title\" content=\"1000 Mexikaner\" \/>\n<meta property=\"og:description\" content=\"Shop | 1000 Mexikaner | 2017 | M-Square Pictures | Blu-Ray, DVD | FSK 12\" \/>\n<meta property=\"og:url\" content=\"https:\/\/ucm.one\/de\/produkt\/1000-mexikaner\/\" \/>\n<meta property=\"og:site_name\" content=\"UCM.ONE\" \/>\n<meta property=\"article:modified_time\" content=\"2024-12-11T16:47:28+00:00\" \/>\n<meta property=\"og:image\" content=\"https:\/\/ucm.one\/wp-content\/uploads\/2019\/01\/1000Mexikaner_FB.jpg\" \/>\n<meta name=\"twitter:card\" content=\"summary_large_image\" \/>\n<meta name=\"twitter:title\" content=\"1000 Mexikaner\" \/>\n<meta name=\"twitter:description\" content=\"Shop | 1000 Mexikaner | 2017 | M-Square Pictures | Blu-Ray, DVD | FSK 12\" \/>\n<meta name=\"twitter:image\" content=\"https:\/\/ucm.one\/wp-content\/uploads\/2019\/01\/1000Mexikaner_twitter.jpg\" \/>\n<meta name=\"twitter:label1\" content=\"Gesch\u00e4tzte Lesezeit\" \/>\n\t<meta name=\"twitter:data1\" content=\"1\u00a0Minute\" \/>\n<!-- \/ Yoast SEO plugin. -->","yoast_head_json":{"title":"1000 Mexikaner","description":"Shop | 1000 Mexikaner | 2017 | M-Square Pictures | Blu-Ray, DVD | FSK 12","robots":{"index":"index","follow":"follow","max-snippet":"max-snippet:-1","max-image-preview":"max-image-preview:large","max-video-preview":"max-video-preview:-1"},"canonical":"https:\/\/ucm.one\/de\/produkt\/1000-mexikaner\/","og_locale":"de_DE","og_type":"article","og_title":"1000 Mexikaner","og_description":"Shop | 1000 Mexikaner | 2017 | M-Square Pictures | Blu-Ray, DVD | FSK 12","og_url":"https:\/\/ucm.one\/de\/produkt\/1000-mexikaner\/","og_site_name":"UCM.ONE","article_modified_time":"2024-12-11T16:47:28+00:00","og_image":[{"url":"https:\/\/ucm.one\/wp-content\/uploads\/2019\/01\/1000Mexikaner_FB.jpg","type":"","width":"","height":""}],"twitter_card":"summary_large_image","twitter_title":"1000 Mexikaner","twitter_description":"Shop | 1000 Mexikaner | 2017 | M-Square Pictures | Blu-Ray, DVD | FSK 12","twitter_image":"https:\/\/ucm.one\/wp-content\/uploads\/2019\/01\/1000Mexikaner_twitter.jpg","twitter_misc":{"Gesch\u00e4tzte Lesezeit":"1\u00a0Minute"},"schema":{"@context":"https:\/\/schema.org","@graph":[{"@type":"WebPage","@id":"https:\/\/ucm.one\/de\/produkt\/1000-mexikaner\/","url":"https:\/\/ucm.one\/de\/produkt\/1000-mexikaner\/","name":"1000 Mexikaner","isPartOf":{"@id":"https:\/\/ucm.one\/de\/#website"},"primaryImageOfPage":{"@id":"https:\/\/ucm.one\/de\/produkt\/1000-mexikaner\/#primaryimage"},"image":{"@id":"https:\/\/ucm.one\/de\/produkt\/1000-mexikaner\/#primaryimage"},"thumbnailUrl":"https:\/\/ucm.one\/wp-content\/uploads\/2000\/01\/C-1000-Mexikaner-DVD-2D-FSK12-1.jpg","datePublished":"2017-10-27T11:26:55+00:00","dateModified":"2024-12-11T16:47:28+00:00","description":"Shop | 1000 Mexikaner | 2017 | M-Square Pictures | Blu-Ray, DVD | FSK 12","breadcrumb":{"@id":"https:\/\/ucm.one\/de\/produkt\/1000-mexikaner\/#breadcrumb"},"inLanguage":"de","potentialAction":[{"@type":"ReadAction","target":["https:\/\/ucm.one\/de\/produkt\/1000-mexikaner\/"]}]},{"@type":"ImageObject","inLanguage":"de","@id":"https:\/\/ucm.one\/de\/produkt\/1000-mexikaner\/#primaryimage","url":"https:\/\/ucm.one\/wp-content\/uploads\/2000\/01\/C-1000-Mexikaner-DVD-2D-FSK12-1.jpg","contentUrl":"https:\/\/ucm.one\/wp-content\/uploads\/2000\/01\/C-1000-Mexikaner-DVD-2D-FSK12-1.jpg","width":699,"height":1000},{"@type":"BreadcrumbList","@id":"https:\/\/ucm.one\/de\/produkt\/1000-mexikaner\/#breadcrumb","itemListElement":[{"@type":"ListItem","position":1,"name":"Home","item":"https:\/\/ucm.one\/de\/"},{"@type":"ListItem","position":2,"name":"Shop","item":"https:\/\/ucm.one\/de\/shop\/"},{"@type":"ListItem","position":3,"name":"1000 Mexikaner"}]},{"@type":"WebSite","@id":"https:\/\/ucm.one\/de\/#website","url":"https:\/\/ucm.one\/de\/","name":"UCM.ONE","description":"","publisher":{"@id":"https:\/\/ucm.one\/de\/#organization"},"potentialAction":[{"@type":"SearchAction","target":{"@type":"EntryPoint","urlTemplate":"https:\/\/ucm.one\/de\/?s={search_term_string}"},"query-input":{"@type":"PropertyValueSpecification","valueRequired":true,"valueName":"search_term_string"}}],"inLanguage":"de"},{"@type":"Organization","@id":"https:\/\/ucm.one\/de\/#organization","name":"UCM.ONE","url":"https:\/\/ucm.one\/de\/","logo":{"@type":"ImageObject","inLanguage":"de","@id":"https:\/\/ucm.one\/de\/#\/schema\/logo\/image\/","url":"https:\/\/ucm.one\/wp-content\/uploads\/2019\/10\/UCM.ONE-Logo-RGB.svg","contentUrl":"https:\/\/ucm.one\/wp-content\/uploads\/2019\/10\/UCM.ONE-Logo-RGB.svg","width":1,"height":1,"caption":"UCM.ONE"},"image":{"@id":"https:\/\/ucm.one\/de\/#\/schema\/logo\/image\/"}}]}},"_links":{"self":[{"href":"https:\/\/ucm.one\/de\/wp-json\/wp\/v2\/product\/74303","targetHints":{"allow":["GET"]}}],"collection":[{"href":"https:\/\/ucm.one\/de\/wp-json\/wp\/v2\/product"}],"about":[{"href":"https:\/\/ucm.one\/de\/wp-json\/wp\/v2\/types\/product"}],"replies":[{"embeddable":true,"href":"https:\/\/ucm.one\/de\/wp-json\/wp\/v2\/comments?post=74303"}],"wp:featuredmedia":[{"embeddable":true,"href":"https:\/\/ucm.one\/de\/wp-json\/wp\/v2\/media\/74380"}],"wp:attachment":[{"href":"https:\/\/ucm.one\/de\/wp-json\/wp\/v2\/media?parent=74303"}],"wp:term":[{"taxonomy":"product_brand","embeddable":true,"href":"https:\/\/ucm.one\/de\/wp-json\/wp\/v2\/product_brand?post=74303"},{"taxonomy":"product_cat","embeddable":true,"href":"https:\/\/ucm.one\/de\/wp-json\/wp\/v2\/product_cat?post=74303"},{"taxonomy":"product_tag","embeddable":true,"href":"https:\/\/ucm.one\/de\/wp-json\/wp\/v2\/product_tag?post=74303"}],"curies":[{"name":"wp","href":"https:\/\/api.w.org\/{rel}","templated":true}]}}