{"id":74237,"date":"2018-03-16T08:34:16","date_gmt":"2018-03-16T08:34:16","guid":{"rendered":"https:\/\/ucm.one\/?post_type=product&#038;p=74237"},"modified":"2023-07-27T13:08:26","modified_gmt":"2023-07-27T13:08:26","slug":"hellstone-welcome-to-hell","status":"publish","type":"product","link":"https:\/\/ucm.one\/de\/produkt\/hellstone-welcome-to-hell\/","title":{"rendered":"Hellstone \u2013 Welcome to Hell"},"content":{"rendered":"<div class=\"wpb_text_column wpb_content_element \">\n<div class=\"wpb_wrapper\">\n<div class=\"\">\n<div class=\"wpb_text_column wpb_content_element \">\n<div class=\"wpb_wrapper\">\n<div class=\"wpb_text_column wpb_content_element \">\n<div class=\"wpb_wrapper\">\n<div class=\"wpb_text_column wpb_content_element \">\n<div class=\"wpb_wrapper\">\n<div class=\"wpb_text_column wpb_content_element \">\n<div class=\"wpb_wrapper\">\n<p>Hellstone \u2013 Ein Creature-Feature, in dem es um einen dunklen, mystischen Stein geht, mit welchem durch Zugabe des eigenen Blutes tempor\u00e4r ein Tor zur H\u00f6lle betreten werden kann. Ein satanischer, okkulter Bund m\u00f6chte mit Hilfe des Steins ein permanentes Tor zur H\u00f6lle \u00f6ffnen um unsere Realit\u00e4t und die Dimension der Unterwelt zu vereinen. Zwischen diese dunkle, erbarmungslose Sekte und dem buchst\u00e4blichen Tor zur H\u00f6lle ger\u00e4t ein junger Mann, welcher Zeuge eines blutigen Rituals wird und ab diesem Zeitpunkt der einzige Mensch ist, der die M\u00e4chte des B\u00f6sen noch aufhalten kann, in dem er sich selbst die h\u00f6llischen F\u00e4higkeiten des dunklen Steins zu Nutze macht\u2026<\/p>\n<\/div>\n<\/div>\n<\/div>\n<\/div>\n<\/div>\n<\/div>\n<\/div>\n<\/div>\n<\/div>\n<\/div>\n<\/div>\n<div><div class=\"gap\" style=\"line-height: 20px; height: 20px;\"><\/div><\/div>\n<h5>Weitere Informationen<\/h5>\n<div>\n<div>\n<table style=\"height: 46px; width: 100%; border-collapse: collapse; border-color: #ffffff; background-color: #ffffff; border-style: hidden;\">\n<tbody>\n<tr style=\"height: 23px; border-style: hidden; border-color: #ffffff; background-color: #ffffff;\">\n<td style=\"width: 4.701195219123506%; height: 23px; border-style: hidden;\">Film:<\/td>\n<td style=\"width: 95.29880478087651%; height: 23px; border-style: hidden;\"><a href=\"https:\/\/ucm.one\/de\/kinoverleih\/katalogfilme\/#hellstone\">Hellstone &#8211; Welcome to Hell<\/a><\/td>\n<\/tr>\n<tr style=\"height: 23px;\">\n<td style=\"width: 4.701195219123506%; height: 23px; border-style: hidden;\">Label:<\/td>\n<td style=\"width: 95.29880478087651%; height: 23px; border-style: hidden;\"><a title=\"M-Square Pictures\" href=\"https:\/\/ucm.one\/de\/film-labels\/m-square-pictures\">M-Square Pictures<\/a><\/td>\n<\/tr>\n<\/tbody>\n<\/table>\n<\/div>\n<div><\/div>\n<\/div>\n<div>\n<div><div class=\"gap\" style=\"line-height: 10px; height: 10px;\"><\/div><\/div>\n<div>\u2117 2016 <strong>A3 Film<\/strong>, \u00a9 2018 <strong>M-Square Pictures<\/strong> \/ <span style=\"font-family: 'arial black', sans-serif;\"><strong>UCM.ONE<\/strong><\/span><\/div>\n<div><div class=\"gap\" style=\"line-height: 20px; height: 20px;\"><\/div><\/div>\n<div>\n<div><\/div>\n<div>\n<div><div class=\"gap\" style=\"line-height: 10px; height: 10px;\"><\/div><\/div>\n<div><span style=\"color: #003a80;\"><strong>\u27a0 <a style=\"color: #003a80;\" href=\"https:\/\/ucm.one\/de\/produkt-kategorie\/art-de\/filme-de\/\">zum Shop<\/a><\/strong><\/span><\/div>\n<div><div class=\"gap\" style=\"line-height: 20px; height: 20px;\"><\/div><\/div>\n<\/div>\n<\/div>\n<\/div>\n","protected":false},"excerpt":{"rendered":"<p>Regie:\u00a0<a href=\"https:\/\/ucm.one\/de\/?s=%22Andreas+L%C3%BCtzelschwab%22&amp;post_type=product\"><strong>Andreas L\u00fctzelschwab<\/strong><\/a> &amp;\u00a0<a href=\"https:\/\/ucm.one\/de\/?s=%22Achim+L%C3%BCtzelschwab%22&amp;post_type=product\"><strong>Achim L\u00fctzelschwab<\/strong><\/a><\/p>\n<p>Label: <a title=\"M-Square Pictures\" href=\"https:\/\/ucm.one\/de\/produkt-kategorie\/label-film-de\/m-square-pictures-de\"><strong>M-Square Pictures<\/strong><\/a><\/p>\n<p>Art:\u00a0<strong><a href=\"https:\/\/ucm.one\/de\/produkt-kategorie\/art-de\/filme-de\/\">Film<\/a> (Spielfilm)<\/strong><\/p>\n<p>Genre:\u00a0<b><a href=\"https:\/\/ucm.one\/de\/produkt-kategorie\/genre-film-de\/horror-de\/\">Horror,<\/a><strong><a href=\"https:\/\/ucm.one\/de\/produkt-kategorie\/genre-film-de\/mystery-de\/\"> Mystery<\/a><\/strong><\/b><\/p>\n<p>Jahr: <strong>2018<\/strong><\/p>\n<p>FSK: <strong>16<\/strong><\/p>\n<p>Formate: <strong>Diverse<\/strong><\/p>\n","protected":false},"featured_media":74298,"comment_status":"open","ping_status":"closed","template":"","meta":{"_acf_changed":false},"product_brand":[],"product_cat":[9708,10323,10327,10329,10330,10331,10332],"product_tag":[13696,13697,13687,13688,13689,13690,10325,13691,13692,13693,13694,13695],"class_list":{"0":"post-74237","1":"product","2":"type-product","3":"status-publish","4":"has-post-thumbnail","6":"product_cat-filme-de","7":"product_cat-m-square-pictures-de","8":"product_cat-horror-de","9":"product_cat-mystery-de","10":"product_cat-thriller-de","11":"product_cat-dvd-de","12":"product_cat-blu-ray-de","13":"product_tag-tanz-der-teufel","14":"product_tag-ralf-h-dorweiler","15":"product_tag-hellstone-welcome-to-hell","16":"product_tag-hellstone","17":"product_tag-andreas-luetzelschwab","18":"product_tag-achim-luetzelschwab","19":"product_tag-m-square-pictures","20":"product_tag-michael-glantschnig","21":"product_tag-klemens-niklaus-trenkle","22":"product_tag-carolin-pfaeffli","23":"product_tag-freitag-der-13","24":"product_tag-a-nightmare-on-elm-street","25":"pa_format-dvd","26":"pa_format-blu-ray-de","27":"description-off","29":"first","30":"instock","31":"sale","32":"taxable","33":"shipping-taxable","34":"purchasable","35":"product-type-variable"},"acf":[],"yoast_head":"<!-- This site is optimized with the Yoast SEO plugin v27.2 - https:\/\/yoast.com\/product\/yoast-seo-wordpress\/ -->\n<title>Hellstone \u2013 Welcome to Hell<\/title>\n<meta name=\"description\" content=\"Shop | Hellstone \u2013 Welcome to Hell | 2018 | M-Square Pictures | Blu-Ray, DVD | FSK 16\" \/>\n<meta name=\"robots\" content=\"index, follow, max-snippet:-1, max-image-preview:large, max-video-preview:-1\" \/>\n<link rel=\"canonical\" href=\"https:\/\/ucm.one\/de\/produkt\/hellstone-welcome-to-hell\/\" \/>\n<meta property=\"og:locale\" content=\"de_DE\" \/>\n<meta property=\"og:type\" content=\"article\" \/>\n<meta property=\"og:title\" content=\"Hellstone \u2013 Welcome to Hell\" \/>\n<meta property=\"og:description\" content=\"Shop | Hellstone \u2013 Welcome to Hell | 2018 | M-Square Pictures | Blu-Ray, DVD | FSK 16\" \/>\n<meta property=\"og:url\" content=\"https:\/\/ucm.one\/de\/produkt\/hellstone-welcome-to-hell\/\" \/>\n<meta property=\"og:site_name\" content=\"UCM.ONE\" \/>\n<meta property=\"article:modified_time\" content=\"2023-07-27T13:08:26+00:00\" \/>\n<meta property=\"og:image\" content=\"https:\/\/ucm.one\/wp-content\/uploads\/2019\/01\/Hellstone_FB.jpg\" \/>\n<meta name=\"twitter:card\" content=\"summary_large_image\" \/>\n<meta name=\"twitter:title\" content=\"Hellstone \u2013 Welcome to Hell\" \/>\n<meta name=\"twitter:description\" content=\"Shop | Hellstone \u2013 Welcome to Hell | 2018 | M-Square Pictures | Blu-Ray, DVD | FSK 16\" \/>\n<meta name=\"twitter:image\" content=\"https:\/\/ucm.one\/wp-content\/uploads\/2019\/01\/Hellstone_twitter.jpg\" \/>\n<meta name=\"twitter:label1\" content=\"Gesch\u00e4tzte Lesezeit\" \/>\n\t<meta name=\"twitter:data1\" content=\"1\u00a0Minute\" \/>\n<!-- \/ Yoast SEO plugin. -->","yoast_head_json":{"title":"Hellstone \u2013 Welcome to Hell","description":"Shop | Hellstone \u2013 Welcome to Hell | 2018 | M-Square Pictures | Blu-Ray, DVD | FSK 16","robots":{"index":"index","follow":"follow","max-snippet":"max-snippet:-1","max-image-preview":"max-image-preview:large","max-video-preview":"max-video-preview:-1"},"canonical":"https:\/\/ucm.one\/de\/produkt\/hellstone-welcome-to-hell\/","og_locale":"de_DE","og_type":"article","og_title":"Hellstone \u2013 Welcome to Hell","og_description":"Shop | Hellstone \u2013 Welcome to Hell | 2018 | M-Square Pictures | Blu-Ray, DVD | FSK 16","og_url":"https:\/\/ucm.one\/de\/produkt\/hellstone-welcome-to-hell\/","og_site_name":"UCM.ONE","article_modified_time":"2023-07-27T13:08:26+00:00","og_image":[{"url":"https:\/\/ucm.one\/wp-content\/uploads\/2019\/01\/Hellstone_FB.jpg","type":"","width":"","height":""}],"twitter_card":"summary_large_image","twitter_title":"Hellstone \u2013 Welcome to Hell","twitter_description":"Shop | Hellstone \u2013 Welcome to Hell | 2018 | M-Square Pictures | Blu-Ray, DVD | FSK 16","twitter_image":"https:\/\/ucm.one\/wp-content\/uploads\/2019\/01\/Hellstone_twitter.jpg","twitter_misc":{"Gesch\u00e4tzte Lesezeit":"1\u00a0Minute"},"schema":{"@context":"https:\/\/schema.org","@graph":[{"@type":"WebPage","@id":"https:\/\/ucm.one\/de\/produkt\/hellstone-welcome-to-hell\/","url":"https:\/\/ucm.one\/de\/produkt\/hellstone-welcome-to-hell\/","name":"Hellstone \u2013 Welcome to Hell","isPartOf":{"@id":"https:\/\/ucm.one\/de\/#website"},"primaryImageOfPage":{"@id":"https:\/\/ucm.one\/de\/produkt\/hellstone-welcome-to-hell\/#primaryimage"},"image":{"@id":"https:\/\/ucm.one\/de\/produkt\/hellstone-welcome-to-hell\/#primaryimage"},"thumbnailUrl":"https:\/\/ucm.one\/wp-content\/uploads\/2000\/01\/C-Hellstone-DVD-2D-FSK18.jpg","datePublished":"2018-03-16T08:34:16+00:00","dateModified":"2023-07-27T13:08:26+00:00","description":"Shop | Hellstone \u2013 Welcome to Hell | 2018 | M-Square Pictures | Blu-Ray, DVD | FSK 16","breadcrumb":{"@id":"https:\/\/ucm.one\/de\/produkt\/hellstone-welcome-to-hell\/#breadcrumb"},"inLanguage":"de","potentialAction":[{"@type":"ReadAction","target":["https:\/\/ucm.one\/de\/produkt\/hellstone-welcome-to-hell\/"]}]},{"@type":"ImageObject","inLanguage":"de","@id":"https:\/\/ucm.one\/de\/produkt\/hellstone-welcome-to-hell\/#primaryimage","url":"https:\/\/ucm.one\/wp-content\/uploads\/2000\/01\/C-Hellstone-DVD-2D-FSK18.jpg","contentUrl":"https:\/\/ucm.one\/wp-content\/uploads\/2000\/01\/C-Hellstone-DVD-2D-FSK18.jpg","width":699,"height":1000},{"@type":"BreadcrumbList","@id":"https:\/\/ucm.one\/de\/produkt\/hellstone-welcome-to-hell\/#breadcrumb","itemListElement":[{"@type":"ListItem","position":1,"name":"Home","item":"https:\/\/ucm.one\/de\/"},{"@type":"ListItem","position":2,"name":"Shop","item":"https:\/\/ucm.one\/de\/shop\/"},{"@type":"ListItem","position":3,"name":"Hellstone \u2013 Welcome to Hell"}]},{"@type":"WebSite","@id":"https:\/\/ucm.one\/de\/#website","url":"https:\/\/ucm.one\/de\/","name":"UCM.ONE","description":"","publisher":{"@id":"https:\/\/ucm.one\/de\/#organization"},"potentialAction":[{"@type":"SearchAction","target":{"@type":"EntryPoint","urlTemplate":"https:\/\/ucm.one\/de\/?s={search_term_string}"},"query-input":{"@type":"PropertyValueSpecification","valueRequired":true,"valueName":"search_term_string"}}],"inLanguage":"de"},{"@type":"Organization","@id":"https:\/\/ucm.one\/de\/#organization","name":"UCM.ONE","url":"https:\/\/ucm.one\/de\/","logo":{"@type":"ImageObject","inLanguage":"de","@id":"https:\/\/ucm.one\/de\/#\/schema\/logo\/image\/","url":"https:\/\/ucm.one\/wp-content\/uploads\/2019\/10\/UCM.ONE-Logo-RGB.svg","contentUrl":"https:\/\/ucm.one\/wp-content\/uploads\/2019\/10\/UCM.ONE-Logo-RGB.svg","width":1,"height":1,"caption":"UCM.ONE"},"image":{"@id":"https:\/\/ucm.one\/de\/#\/schema\/logo\/image\/"}}]}},"_links":{"self":[{"href":"https:\/\/ucm.one\/de\/wp-json\/wp\/v2\/product\/74237","targetHints":{"allow":["GET"]}}],"collection":[{"href":"https:\/\/ucm.one\/de\/wp-json\/wp\/v2\/product"}],"about":[{"href":"https:\/\/ucm.one\/de\/wp-json\/wp\/v2\/types\/product"}],"replies":[{"embeddable":true,"href":"https:\/\/ucm.one\/de\/wp-json\/wp\/v2\/comments?post=74237"}],"wp:featuredmedia":[{"embeddable":true,"href":"https:\/\/ucm.one\/de\/wp-json\/wp\/v2\/media\/74298"}],"wp:attachment":[{"href":"https:\/\/ucm.one\/de\/wp-json\/wp\/v2\/media?parent=74237"}],"wp:term":[{"taxonomy":"product_brand","embeddable":true,"href":"https:\/\/ucm.one\/de\/wp-json\/wp\/v2\/product_brand?post=74237"},{"taxonomy":"product_cat","embeddable":true,"href":"https:\/\/ucm.one\/de\/wp-json\/wp\/v2\/product_cat?post=74237"},{"taxonomy":"product_tag","embeddable":true,"href":"https:\/\/ucm.one\/de\/wp-json\/wp\/v2\/product_tag?post=74237"}],"curies":[{"name":"wp","href":"https:\/\/api.w.org\/{rel}","templated":true}]}}