{"id":74121,"date":"2019-08-12T10:58:48","date_gmt":"2019-08-12T10:58:48","guid":{"rendered":"https:\/\/ucm.one\/?post_type=product&#038;p=74121"},"modified":"2023-07-28T16:24:20","modified_gmt":"2023-07-28T16:24:20","slug":"involution","status":"publish","type":"product","link":"https:\/\/ucm.one\/de\/produkt\/involution\/","title":{"rendered":"Involution"},"content":{"rendered":"<div class=\"wpb_text_column wpb_content_element \">\n<div class=\"wpb_wrapper\">\n<div class=\"\">\n<div class=\"wpb_text_column wpb_content_element \">\n<div class=\"wpb_wrapper\">\n<div class=\"wpb_text_column wpb_content_element \">\n<div class=\"wpb_wrapper\">\n<div class=\"wpb_text_column wpb_content_element \">\n<div class=\"wpb_wrapper\">\n<p style=\"font-weight: 400;\">Involution erz\u00e4hlt die Geschichte von Hamming und Liv, einem in der Zukunft lebenden Paar. Die Erde ger\u00e4t au\u00dfer Kontrolle, beeinflusst von einem grausamen und unmenschlichen Mechanismus, der Darwins Evolutionstheorie zur\u00fcckstellt \u2026 Jeder Mensch f\u00e4ngt allm\u00e4hlich an, tierische Instinkte zu sp\u00fcren: unkontrollierte Aggression, Schutz der Nachkommenschaft. All dies f\u00fchrt zu Chaos auf dem Planeten und direkt zum Aussterben der Menschheit. Hamming trifft Liv vor diesen schrecklichen Ereignissen. Und es scheint, dass ihrer Beziehung nichts im Wege stehen kann. Doch schon bald verschwindet Liv und Hamming muss einen schwerwiegende Entscheidung treffen und sich einer Welt stellen, die sein eigenes Leben gef\u00e4hrdet, um sie zu finden&#8230;<\/p>\n<\/div>\n<\/div>\n<\/div>\n<\/div>\n<\/div>\n<\/div>\n<\/div>\n<\/div>\n<\/div>\n<div><div class=\"gap\" style=\"line-height: 20px; height: 20px;\"><\/div><\/div>\n<h5>Weitere Informationen<\/h5>\n<div>\n<div>\n<table style=\"height: 46px; width: 100%; border-collapse: collapse; border-color: #ffffff; background-color: #ffffff; border-style: hidden;\">\n<tbody>\n<tr style=\"height: 23px; border-style: hidden; border-color: #ffffff; background-color: #ffffff;\">\n<td style=\"width: 4.701195219123506%; height: 23px; border-style: hidden;\">Film:<\/td>\n<td style=\"width: 95.29880478087651%; height: 23px; border-style: hidden;\"><a href=\"https:\/\/ucm.one\/de\/kinoverleih\/katalogfilme\/#involution\">Involution<\/a><\/td>\n<\/tr>\n<tr style=\"height: 23px;\">\n<td style=\"width: 4.701195219123506%; height: 23px; border-style: hidden;\">Label:<\/td>\n<td style=\"width: 95.29880478087651%; height: 23px; border-style: hidden;\"><a title=\"M-Square Pictures\" href=\"https:\/\/ucm.one\/de\/film-labels\/m-square-pictures\">M-Square Pictures<\/a><\/td>\n<\/tr>\n<\/tbody>\n<\/table>\n<\/div>\n<div><\/div>\n<\/div>\n<div>\n<div><div class=\"gap\" style=\"line-height: 10px; height: 10px;\"><\/div><\/div>\n<div>\u2117 2018 <strong>Monomania Films<\/strong>, \u00a9 2019 <strong>M-Square Pictures<\/strong> \/ <span style=\"font-family: 'arial black', sans-serif;\"><strong>UCM.ONE<\/strong><\/span><\/div>\n<div><div class=\"gap\" style=\"line-height: 20px; height: 20px;\"><\/div><\/div>\n<div>\n<div><\/div>\n<div>\n<div><div class=\"gap\" style=\"line-height: 10px; height: 10px;\"><\/div><\/div>\n<div><span style=\"color: #003a80;\"><strong>\u27a0 <a style=\"color: #003a80;\" href=\"https:\/\/ucm.one\/de\/produkt-kategorie\/art-de\/filme-de\/\">zum Shop<\/a><\/strong><\/span><\/div>\n<div><div class=\"gap\" style=\"line-height: 20px; height: 20px;\"><\/div><\/div>\n<\/div>\n<\/div>\n<\/div>\n","protected":false},"excerpt":{"rendered":"<p>Regie:<a href=\"https:\/\/ucm.one\/de\/?s=%22Pavel+Khvaleev%22&amp;post_type=product\"><strong> Pavel Khvaleev<\/strong><\/a><\/p>\n<p>Label: <a title=\"M-Square Pictures\" href=\"https:\/\/ucm.one\/de\/produkt-kategorie\/label-film-de\/m-square-pictures-de\"><strong>M-Square Pictures<\/strong><\/a><\/p>\n<p>Art:\u00a0<strong><a href=\"https:\/\/ucm.one\/de\/produkt-kategorie\/art-de\/filme-de\/\">Film<\/a> (Spielfilm) <\/strong><\/p>\n<p>Genre: <b><a href=\"https:\/\/ucm.one\/de\/produkt-kategorie\/genre-film-de\/science-fiction-de\/\">Science-Fiction<\/a>,<strong> <a href=\"https:\/\/ucm.one\/de\/produkt-kategorie\/genre-film-de\/thriller-de\/\">Thriller<\/a><\/strong><\/b><\/p>\n<p>Jahr: <strong>2019<\/strong><\/p>\n<p>FSK: <strong>16<\/strong><\/p>\n<p>Formate: <strong>Diverse<\/strong><\/p>\n","protected":false},"featured_media":74244,"comment_status":"open","ping_status":"closed","template":"","meta":{"_acf_changed":false},"product_brand":[],"product_cat":[10334,10354,9708,10323,10330,10331,10332],"product_tag":[13659,10348,13653,13654,13655,10325,13656,13657,13658],"class_list":{"0":"post-74121","1":"product","2":"type-product","3":"status-publish","4":"has-post-thumbnail","6":"product_cat-drama-de","7":"product_cat-science-fiction-de","8":"product_cat-filme-de","9":"product_cat-m-square-pictures-de","10":"product_cat-thriller-de","11":"product_cat-dvd-de","12":"product_cat-blu-ray-de","13":"product_tag-merlin-leonhardt","14":"product_tag-pavel-khvaleev","15":"product_tag-involution","16":"product_tag-ryan-masson","17":"product_tag-dennis-hurley","18":"product_tag-m-square-pictures","19":"product_tag-alyona-konstantinova","20":"product_tag-karsten-mielke","21":"product_tag-adam-giannone","22":"pa_format-dvd","23":"pa_format-blu-ray-de","24":"description-off","26":"first","27":"instock","28":"sale","29":"taxable","30":"shipping-taxable","31":"purchasable","32":"product-type-variable"},"acf":[],"yoast_head":"<!-- This site is optimized with the Yoast SEO plugin v27.2 - https:\/\/yoast.com\/product\/yoast-seo-wordpress\/ -->\n<title>Involution<\/title>\n<meta name=\"description\" content=\"Shop | Involution | 2019 | M-Square Pictures | Blu-Ray, DVD | FSK 16\" \/>\n<meta name=\"robots\" content=\"index, follow, max-snippet:-1, max-image-preview:large, max-video-preview:-1\" \/>\n<link rel=\"canonical\" href=\"https:\/\/ucm.one\/de\/produkt\/involution\/\" \/>\n<meta property=\"og:locale\" content=\"de_DE\" \/>\n<meta property=\"og:type\" content=\"article\" \/>\n<meta property=\"og:title\" content=\"Involution\" \/>\n<meta property=\"og:description\" content=\"Shop | Involution | 2019 | M-Square Pictures | Blu-Ray, DVD | FSK 16\" \/>\n<meta property=\"og:url\" content=\"https:\/\/ucm.one\/de\/produkt\/involution\/\" \/>\n<meta property=\"og:site_name\" content=\"UCM.ONE\" \/>\n<meta property=\"article:modified_time\" content=\"2023-07-28T16:24:20+00:00\" \/>\n<meta property=\"og:image\" content=\"https:\/\/ucm.one\/wp-content\/uploads\/2000\/01\/involution_FB.jpg\" \/>\n<meta name=\"twitter:card\" content=\"summary_large_image\" \/>\n<meta name=\"twitter:title\" content=\"Involution\" \/>\n<meta name=\"twitter:description\" content=\"Shop | Involution | 2019 | M-Square Pictures | Blu-Ray, DVD | FSK 16\" \/>\n<meta name=\"twitter:image\" content=\"https:\/\/ucm.one\/wp-content\/uploads\/2000\/01\/involution_twitter.jpg\" \/>\n<meta name=\"twitter:label1\" content=\"Gesch\u00e4tzte Lesezeit\" \/>\n\t<meta name=\"twitter:data1\" content=\"1\u00a0Minute\" \/>\n<!-- \/ Yoast SEO plugin. -->","yoast_head_json":{"title":"Involution","description":"Shop | Involution | 2019 | M-Square Pictures | Blu-Ray, DVD | FSK 16","robots":{"index":"index","follow":"follow","max-snippet":"max-snippet:-1","max-image-preview":"max-image-preview:large","max-video-preview":"max-video-preview:-1"},"canonical":"https:\/\/ucm.one\/de\/produkt\/involution\/","og_locale":"de_DE","og_type":"article","og_title":"Involution","og_description":"Shop | Involution | 2019 | M-Square Pictures | Blu-Ray, DVD | FSK 16","og_url":"https:\/\/ucm.one\/de\/produkt\/involution\/","og_site_name":"UCM.ONE","article_modified_time":"2023-07-28T16:24:20+00:00","og_image":[{"url":"https:\/\/ucm.one\/wp-content\/uploads\/2000\/01\/involution_FB.jpg","type":"","width":"","height":""}],"twitter_card":"summary_large_image","twitter_title":"Involution","twitter_description":"Shop | Involution | 2019 | M-Square Pictures | Blu-Ray, DVD | FSK 16","twitter_image":"https:\/\/ucm.one\/wp-content\/uploads\/2000\/01\/involution_twitter.jpg","twitter_misc":{"Gesch\u00e4tzte Lesezeit":"1\u00a0Minute"},"schema":{"@context":"https:\/\/schema.org","@graph":[{"@type":"WebPage","@id":"https:\/\/ucm.one\/de\/produkt\/involution\/","url":"https:\/\/ucm.one\/de\/produkt\/involution\/","name":"Involution","isPartOf":{"@id":"https:\/\/ucm.one\/de\/#website"},"primaryImageOfPage":{"@id":"https:\/\/ucm.one\/de\/produkt\/involution\/#primaryimage"},"image":{"@id":"https:\/\/ucm.one\/de\/produkt\/involution\/#primaryimage"},"thumbnailUrl":"https:\/\/ucm.one\/wp-content\/uploads\/2019\/08\/C-Involution-DVD-FSK16.jpg","datePublished":"2019-08-12T10:58:48+00:00","dateModified":"2023-07-28T16:24:20+00:00","description":"Shop | Involution | 2019 | M-Square Pictures | Blu-Ray, DVD | FSK 16","breadcrumb":{"@id":"https:\/\/ucm.one\/de\/produkt\/involution\/#breadcrumb"},"inLanguage":"de","potentialAction":[{"@type":"ReadAction","target":["https:\/\/ucm.one\/de\/produkt\/involution\/"]}]},{"@type":"ImageObject","inLanguage":"de","@id":"https:\/\/ucm.one\/de\/produkt\/involution\/#primaryimage","url":"https:\/\/ucm.one\/wp-content\/uploads\/2019\/08\/C-Involution-DVD-FSK16.jpg","contentUrl":"https:\/\/ucm.one\/wp-content\/uploads\/2019\/08\/C-Involution-DVD-FSK16.jpg","width":699,"height":1000},{"@type":"BreadcrumbList","@id":"https:\/\/ucm.one\/de\/produkt\/involution\/#breadcrumb","itemListElement":[{"@type":"ListItem","position":1,"name":"Home","item":"https:\/\/ucm.one\/de\/"},{"@type":"ListItem","position":2,"name":"Shop","item":"https:\/\/ucm.one\/de\/shop\/"},{"@type":"ListItem","position":3,"name":"Involution"}]},{"@type":"WebSite","@id":"https:\/\/ucm.one\/de\/#website","url":"https:\/\/ucm.one\/de\/","name":"UCM.ONE","description":"","publisher":{"@id":"https:\/\/ucm.one\/de\/#organization"},"potentialAction":[{"@type":"SearchAction","target":{"@type":"EntryPoint","urlTemplate":"https:\/\/ucm.one\/de\/?s={search_term_string}"},"query-input":{"@type":"PropertyValueSpecification","valueRequired":true,"valueName":"search_term_string"}}],"inLanguage":"de"},{"@type":"Organization","@id":"https:\/\/ucm.one\/de\/#organization","name":"UCM.ONE","url":"https:\/\/ucm.one\/de\/","logo":{"@type":"ImageObject","inLanguage":"de","@id":"https:\/\/ucm.one\/de\/#\/schema\/logo\/image\/","url":"https:\/\/ucm.one\/wp-content\/uploads\/2019\/10\/UCM.ONE-Logo-RGB.svg","contentUrl":"https:\/\/ucm.one\/wp-content\/uploads\/2019\/10\/UCM.ONE-Logo-RGB.svg","width":1,"height":1,"caption":"UCM.ONE"},"image":{"@id":"https:\/\/ucm.one\/de\/#\/schema\/logo\/image\/"}}]}},"_links":{"self":[{"href":"https:\/\/ucm.one\/de\/wp-json\/wp\/v2\/product\/74121","targetHints":{"allow":["GET"]}}],"collection":[{"href":"https:\/\/ucm.one\/de\/wp-json\/wp\/v2\/product"}],"about":[{"href":"https:\/\/ucm.one\/de\/wp-json\/wp\/v2\/types\/product"}],"replies":[{"embeddable":true,"href":"https:\/\/ucm.one\/de\/wp-json\/wp\/v2\/comments?post=74121"}],"wp:featuredmedia":[{"embeddable":true,"href":"https:\/\/ucm.one\/de\/wp-json\/wp\/v2\/media\/74244"}],"wp:attachment":[{"href":"https:\/\/ucm.one\/de\/wp-json\/wp\/v2\/media?parent=74121"}],"wp:term":[{"taxonomy":"product_brand","embeddable":true,"href":"https:\/\/ucm.one\/de\/wp-json\/wp\/v2\/product_brand?post=74121"},{"taxonomy":"product_cat","embeddable":true,"href":"https:\/\/ucm.one\/de\/wp-json\/wp\/v2\/product_cat?post=74121"},{"taxonomy":"product_tag","embeddable":true,"href":"https:\/\/ucm.one\/de\/wp-json\/wp\/v2\/product_tag?post=74121"}],"curies":[{"name":"wp","href":"https:\/\/api.w.org\/{rel}","templated":true}]}}