{"id":73975,"date":"2019-11-08T09:54:16","date_gmt":"2019-11-08T09:54:16","guid":{"rendered":"https:\/\/ucm.one\/?post_type=product&#038;p=73975"},"modified":"2025-10-21T08:46:22","modified_gmt":"2025-10-21T08:46:22","slug":"d-day-stosstrupp-normandie","status":"publish","type":"product","link":"https:\/\/ucm.one\/de\/produkt\/d-day-stosstrupp-normandie\/","title":{"rendered":"D-Day \u2013 Sto\u00dftrupp Normandie"},"content":{"rendered":"<div class=\"wpb_text_column wpb_content_element \">\n<div class=\"wpb_wrapper\">\n<div class=\"\">\n<div class=\"wpb_text_column wpb_content_element \">\n<div class=\"wpb_wrapper\">\n<div class=\"wpb_text_column wpb_content_element \">\n<div class=\"wpb_wrapper\">\n<p>Der Film\u00a0basiert auf der wahren Geschichte eines Selbstmordkommandos, das am Tag der gro\u00dfen Normandie-Offensive der Alliierten am 06. Juni 1944 strategisch wichtige deutsche MG-Nester und Kanonenstellungen am Strand von Omaha Beach ausschalten sollte. Die US-Elite- Ranger-Einheit des zweiten Bataillons unter F\u00fchrung von Lt. General Omar Bradley (<strong>Chuck Liddl<\/strong>) und Lt. Colonel James Rider (<strong>Weston Cage Coppola<\/strong>) soll als Vorhut der gro\u00dfen Invasion die gro\u00dfen Gesch\u00fctzeinheiten der deutschen Wehrmacht unsch\u00e4dlich machen, die entlang der geplanten Invasionslinie in den Bunkern an der K\u00fcste und im nahen Hinterland stationiert sind. Erste deutsche Einheiten sind schnell \u00fcberw\u00e4ltigt, doch die Spannungen zwischen den Rangern werden gr\u00f6\u00dfer, als die Gruppe Kriegsgefangene macht und sich pl\u00f6tzlich von deutschen Kommandotruppen eingekesselt sieht. Nun geht es nur noch um das nackte \u00dcberleben.<\/p>\n<p>&nbsp;<\/p>\n<\/div>\n<\/div>\n<\/div>\n<\/div>\n<\/div>\n<\/div>\n<\/div>\n<div><div class=\"gap\" style=\"line-height: 20px; height: 20px;\"><\/div><\/div>\n<h5>Weitere Informationen<\/h5>\n<div>\n<div>\n<table style=\"height: 46px;width: 100%;border-collapse: collapse;border-color: #ffffff;background-color: #ffffff;border-style: hidden\">\n<tbody>\n<tr style=\"height: 23px;border-style: hidden;border-color: #ffffff;background-color: #ffffff\">\n<td style=\"width: 4.7012%;height: 23px;border-style: hidden\">Film:<\/td>\n<td style=\"width: 95.2988%;height: 23px;border-style: hidden\"><a href=\"https:\/\/ucm.one\/de\/d-day\/\">D-Day \u2013 Sto\u00dftrupp Normandie<\/a><\/td>\n<\/tr>\n<tr style=\"height: 23px\">\n<td style=\"width: 4.7012%;height: 23px;border-style: hidden\">Label:<\/td>\n<td style=\"width: 95.2988%;height: 23px;border-style: hidden\"><a title=\"M-Square Pictures\" href=\"https:\/\/ucm.one\/de\/film-labels\/m-square-pictures\/\">M-Square Pictures<\/a><\/td>\n<\/tr>\n<\/tbody>\n<\/table>\n<\/div>\n<div><\/div>\n<\/div>\n<div>\n<div><div class=\"gap\" style=\"line-height: 10px; height: 10px;\"><\/div><\/div>\n<div>\u2117 2019 <strong>Cinedigm Entertainment Group<\/strong>, \u00a9 2019 <strong>M-Square\u00a0<\/strong><strong>Pictures<span style=\"font-family: arial black, sans-serif\">\u00a0\/ UCM.ONE<\/span><\/strong><\/div>\n<div><div class=\"gap\" style=\"line-height: 20px; height: 20px;\"><\/div><\/div>\n<div>\n<div><\/div>\n<div>\n<div><div class=\"gap\" style=\"line-height: 10px; height: 10px;\"><\/div><\/div>\n<div><span style=\"color: #003a80\"><strong>\u27a0 <a style=\"color: #003a80\" href=\"https:\/\/ucm.one\/de\/produkt-kategorie\/art-de\/filme-de\/\">zum Shop<\/a><\/strong><\/span><\/div>\n<div><div class=\"gap\" style=\"line-height: 20px; height: 20px;\"><\/div><\/div>\n<\/div>\n<\/div>\n<\/div>\n","protected":false},"excerpt":{"rendered":"<p>Regie: <span class=\"a-text-bold\">\u200e\u00a0<\/span><a href=\"https:\/\/ucm.one\/de\/?s=%22Nick+Lyon%22&amp;post_type=product\"><strong>Nick Lyon<\/strong><\/a><\/p>\n<p>Label: <a title=\"M-Square Pictures\" href=\"https:\/\/ucm.one\/de\/produkt-kategorie\/label-film-de\/m-square-pictures-de\/\"><strong>M-Square Pictures<\/strong><\/a><\/p>\n<p>Art:\u00a0<strong><a href=\"https:\/\/ucm.one\/de\/produkt-kategorie\/art-de\/filme-de\/\">Film<\/a> (Spielfilm) <\/strong><\/p>\n<p>Genres: <strong><a href=\"https:\/\/ucm.one\/de\/produkt-kategorie\/genre-film-de\/action-de\/\">Action<\/a><\/strong>, <a href=\"https:\/\/ucm.one\/de\/produkt-kategorie\/genre-film-de\/krieg-de\/\"><b>Krieg, <\/b><\/a><b><strong><a href=\"https:\/\/ucm.one\/de\/produkt-kategorie\/genre-film-de\/history-de\/\">History<\/a><\/strong><\/b><\/p>\n<p>Jahr: <strong>2019<\/strong><\/p>\n<p>FSK: <strong>16<\/strong><\/p>\n<p>Formate: <strong>Diverse<\/strong><\/p>\n","protected":false},"featured_media":73996,"comment_status":"open","ping_status":"closed","template":"","meta":{"_acf_changed":false},"product_brand":[],"product_cat":[10952,9708,11308,10323,10331,10332,10334,10358],"product_tag":[13639,13640,13641,11317,13642,13632,13643,13633,13644,10325,13634,13645,13635,13636,13637,13638],"class_list":{"0":"post-73975","1":"product","2":"type-product","3":"status-publish","4":"has-post-thumbnail","6":"product_cat-history-de","7":"product_cat-filme-de","8":"product_cat-krieg-de","9":"product_cat-m-square-pictures-de","10":"product_cat-dvd-de","11":"product_cat-blu-ray-de","12":"product_cat-drama-de","13":"product_cat-action-de","14":"product_tag-david-tom","15":"product_tag-isaac-j-cruz","16":"product_tag-kellan-rhude","17":"product_tag-geoff-meed","18":"product_tag-matthew-dennis-lewis","19":"product_tag-d-day-stosstrupp-normandie","20":"product_tag-brandon-root","21":"product_tag-d-day","22":"product_tag-tyler-bryan","23":"product_tag-m-square-pictures","24":"product_tag-nick-lyon","25":"product_tag-mike-c-manning","26":"product_tag-randy-couture","27":"product_tag-chuck-liddell","28":"product_tag-weston-cage-coppola","29":"product_tag-jesse-kove","30":"pa_format-dvd","31":"pa_format-blu-ray-de","32":"description-off","34":"first","35":"instock","36":"sale","37":"taxable","38":"shipping-taxable","39":"purchasable","40":"product-type-variable"},"acf":[],"yoast_head":"<!-- This site is optimized with the Yoast SEO plugin v27.5 - https:\/\/yoast.com\/product\/yoast-seo-wordpress\/ -->\n<title>D-Day \u2013 Sto\u00dftrupp Normandie<\/title>\n<meta name=\"description\" content=\"Shop | D-Day \u2013 Sto\u00dftrupp Normandie | 2019 | M-Square | Blu-Ray + DVD | FSK 16\" \/>\n<meta name=\"robots\" content=\"index, follow, max-snippet:-1, max-image-preview:large, max-video-preview:-1\" \/>\n<link rel=\"canonical\" href=\"https:\/\/ucm.one\/de\/produkt\/d-day-stosstrupp-normandie\/\" \/>\n<meta property=\"og:locale\" content=\"de_DE\" \/>\n<meta property=\"og:type\" content=\"article\" \/>\n<meta property=\"og:title\" content=\"D-Day \u2013 Sto\u00dftrupp Normandie\" \/>\n<meta property=\"og:description\" content=\"Shop | D-Day \u2013 Sto\u00dftrupp Normandie | 2019 | M-Square | Blu-Ray + DVD | FSK 16\" \/>\n<meta property=\"og:url\" content=\"https:\/\/ucm.one\/de\/produkt\/d-day-stosstrupp-normandie\/\" \/>\n<meta property=\"og:site_name\" content=\"UCM.ONE\" \/>\n<meta property=\"article:modified_time\" content=\"2025-10-21T08:46:22+00:00\" \/>\n<meta property=\"og:image\" content=\"https:\/\/ucm.one\/wp-content\/uploads\/2022\/08\/DDay_FB.jpg\" \/>\n<meta name=\"twitter:card\" content=\"summary_large_image\" \/>\n<meta name=\"twitter:title\" content=\"D-Day \u2013 Sto\u00dftrupp Normandie\" \/>\n<meta name=\"twitter:description\" content=\"Shop | D-Day \u2013 Sto\u00dftrupp Normandie | 2019 | M-Square | Blu-Ray + DVD | FSK 16\" \/>\n<meta name=\"twitter:image\" content=\"https:\/\/ucm.one\/wp-content\/uploads\/2022\/08\/DDay_twitter.jpg\" \/>\n<meta name=\"twitter:label1\" content=\"Gesch\u00e4tzte Lesezeit\" \/>\n\t<meta name=\"twitter:data1\" content=\"2\u00a0Minuten\" \/>\n<!-- \/ Yoast SEO plugin. -->","yoast_head_json":{"title":"D-Day \u2013 Sto\u00dftrupp Normandie","description":"Shop | D-Day \u2013 Sto\u00dftrupp Normandie | 2019 | M-Square | Blu-Ray + DVD | FSK 16","robots":{"index":"index","follow":"follow","max-snippet":"max-snippet:-1","max-image-preview":"max-image-preview:large","max-video-preview":"max-video-preview:-1"},"canonical":"https:\/\/ucm.one\/de\/produkt\/d-day-stosstrupp-normandie\/","og_locale":"de_DE","og_type":"article","og_title":"D-Day \u2013 Sto\u00dftrupp Normandie","og_description":"Shop | D-Day \u2013 Sto\u00dftrupp Normandie | 2019 | M-Square | Blu-Ray + DVD | FSK 16","og_url":"https:\/\/ucm.one\/de\/produkt\/d-day-stosstrupp-normandie\/","og_site_name":"UCM.ONE","article_modified_time":"2025-10-21T08:46:22+00:00","og_image":[{"url":"https:\/\/ucm.one\/wp-content\/uploads\/2022\/08\/DDay_FB.jpg","type":"","width":"","height":""}],"twitter_card":"summary_large_image","twitter_title":"D-Day \u2013 Sto\u00dftrupp Normandie","twitter_description":"Shop | D-Day \u2013 Sto\u00dftrupp Normandie | 2019 | M-Square | Blu-Ray + DVD | FSK 16","twitter_image":"https:\/\/ucm.one\/wp-content\/uploads\/2022\/08\/DDay_twitter.jpg","twitter_misc":{"Gesch\u00e4tzte Lesezeit":"2\u00a0Minuten"},"schema":{"@context":"https:\/\/schema.org","@graph":[{"@type":"WebPage","@id":"https:\/\/ucm.one\/de\/produkt\/d-day-stosstrupp-normandie\/","url":"https:\/\/ucm.one\/de\/produkt\/d-day-stosstrupp-normandie\/","name":"D-Day \u2013 Sto\u00dftrupp Normandie","isPartOf":{"@id":"https:\/\/ucm.one\/de\/#website"},"primaryImageOfPage":{"@id":"https:\/\/ucm.one\/de\/produkt\/d-day-stosstrupp-normandie\/#primaryimage"},"image":{"@id":"https:\/\/ucm.one\/de\/produkt\/d-day-stosstrupp-normandie\/#primaryimage"},"thumbnailUrl":"https:\/\/ucm.one\/wp-content\/uploads\/2000\/01\/C-D-Day-Stosstrupp-Normandie-.jpg","datePublished":"2019-11-08T09:54:16+00:00","dateModified":"2025-10-21T08:46:22+00:00","description":"Shop | D-Day \u2013 Sto\u00dftrupp Normandie | 2019 | M-Square | Blu-Ray + DVD | FSK 16","breadcrumb":{"@id":"https:\/\/ucm.one\/de\/produkt\/d-day-stosstrupp-normandie\/#breadcrumb"},"inLanguage":"de","potentialAction":[{"@type":"ReadAction","target":["https:\/\/ucm.one\/de\/produkt\/d-day-stosstrupp-normandie\/"]}]},{"@type":"ImageObject","inLanguage":"de","@id":"https:\/\/ucm.one\/de\/produkt\/d-day-stosstrupp-normandie\/#primaryimage","url":"https:\/\/ucm.one\/wp-content\/uploads\/2000\/01\/C-D-Day-Stosstrupp-Normandie-.jpg","contentUrl":"https:\/\/ucm.one\/wp-content\/uploads\/2000\/01\/C-D-Day-Stosstrupp-Normandie-.jpg","width":699,"height":1000},{"@type":"BreadcrumbList","@id":"https:\/\/ucm.one\/de\/produkt\/d-day-stosstrupp-normandie\/#breadcrumb","itemListElement":[{"@type":"ListItem","position":1,"name":"Home","item":"https:\/\/ucm.one\/de\/"},{"@type":"ListItem","position":2,"name":"Shop","item":"https:\/\/ucm.one\/de\/shop\/"},{"@type":"ListItem","position":3,"name":"D-Day \u2013 Sto\u00dftrupp Normandie"}]},{"@type":"WebSite","@id":"https:\/\/ucm.one\/de\/#website","url":"https:\/\/ucm.one\/de\/","name":"UCM.ONE","description":"","publisher":{"@id":"https:\/\/ucm.one\/de\/#organization"},"potentialAction":[{"@type":"SearchAction","target":{"@type":"EntryPoint","urlTemplate":"https:\/\/ucm.one\/de\/?s={search_term_string}"},"query-input":{"@type":"PropertyValueSpecification","valueRequired":true,"valueName":"search_term_string"}}],"inLanguage":"de"},{"@type":"Organization","@id":"https:\/\/ucm.one\/de\/#organization","name":"UCM.ONE","url":"https:\/\/ucm.one\/de\/","logo":{"@type":"ImageObject","inLanguage":"de","@id":"https:\/\/ucm.one\/de\/#\/schema\/logo\/image\/","url":"https:\/\/ucm.one\/wp-content\/uploads\/2019\/10\/UCM.ONE-Logo-RGB.svg","contentUrl":"https:\/\/ucm.one\/wp-content\/uploads\/2019\/10\/UCM.ONE-Logo-RGB.svg","width":1,"height":1,"caption":"UCM.ONE"},"image":{"@id":"https:\/\/ucm.one\/de\/#\/schema\/logo\/image\/"}}]}},"_links":{"self":[{"href":"https:\/\/ucm.one\/de\/wp-json\/wp\/v2\/product\/73975","targetHints":{"allow":["GET"]}}],"collection":[{"href":"https:\/\/ucm.one\/de\/wp-json\/wp\/v2\/product"}],"about":[{"href":"https:\/\/ucm.one\/de\/wp-json\/wp\/v2\/types\/product"}],"replies":[{"embeddable":true,"href":"https:\/\/ucm.one\/de\/wp-json\/wp\/v2\/comments?post=73975"}],"wp:featuredmedia":[{"embeddable":true,"href":"https:\/\/ucm.one\/de\/wp-json\/wp\/v2\/media\/73996"}],"wp:attachment":[{"href":"https:\/\/ucm.one\/de\/wp-json\/wp\/v2\/media?parent=73975"}],"wp:term":[{"taxonomy":"product_brand","embeddable":true,"href":"https:\/\/ucm.one\/de\/wp-json\/wp\/v2\/product_brand?post=73975"},{"taxonomy":"product_cat","embeddable":true,"href":"https:\/\/ucm.one\/de\/wp-json\/wp\/v2\/product_cat?post=73975"},{"taxonomy":"product_tag","embeddable":true,"href":"https:\/\/ucm.one\/de\/wp-json\/wp\/v2\/product_tag?post=73975"}],"curies":[{"name":"wp","href":"https:\/\/api.w.org\/{rel}","templated":true}]}}