{"id":73851,"date":"2019-12-06T08:57:44","date_gmt":"2019-12-06T08:57:44","guid":{"rendered":"https:\/\/ucm.one\/?post_type=product&#038;p=73851"},"modified":"2025-08-14T09:50:49","modified_gmt":"2025-08-14T09:50:49","slug":"the-glorious-seven-reloaded","status":"publish","type":"product","link":"https:\/\/ucm.one\/de\/produkt\/the-glorious-seven-reloaded\/","title":{"rendered":"The Glorious Seven Reloaded"},"content":{"rendered":"<div class=\"wpb_text_column wpb_content_element \">\n<div class=\"wpb_wrapper\">\n<div class=\"\">\n<div class=\"wpb_text_column wpb_content_element \">\n<div class=\"wpb_wrapper\">\n<div class=\"wpb_text_column wpb_content_element \">\n<div class=\"wpb_wrapper\">\n<div class=\"wpb_text_column wpb_content_element \">\n<div class=\"wpb_wrapper\">\n<p>Der ehemalige Milit\u00e4rkommandant David Guerra (<strong>Jerry Kwarteng<\/strong>) wird vom zwielichtigen Million\u00e4r Anthony Levin (<strong>Fernando Carrera<\/strong>) angeheuert, um dessen Frau Valentina zu retten, die von Javier Martinez, dem F\u00fchrer einer Guerillagruppe, entf\u00fchrt wurde. Guerra, der Martinez aus fr\u00fcheren milit\u00e4rischen Begegnungen kennt, rekrutiert sechs M\u00e4nner seiner ehemaligen Spezialeinheit, um mit ihnen das unm\u00f6glich Erscheinende zu schaffen: Sieben gegen 700 Guerilleros, die sich in ihrem Hauptquartier gut verschanzt haben.<\/p>\n<\/div>\n<\/div>\n<div class=\"wpb_text_column wpb_content_element \">\n<div class=\"wpb_wrapper\">\n<p>Nur durch ihren Mut und ihren unb\u00e4ndigen Willen angetrieben, starten die Sieben die hoffnungslose und blutige Mission, bei der sie letztendlich auch die wahren Gr\u00fcnde f\u00fcr ihren Auftrag erfahren\u2026<\/p>\n<p>&nbsp;<\/p>\n<\/div>\n<\/div>\n<\/div>\n<\/div>\n<\/div>\n<\/div>\n<\/div>\n<\/div>\n<\/div>\n<div><div class=\"gap\" style=\"line-height: 20px; height: 20px;\"><\/div><\/div>\n<h5>Weitere Informationen<\/h5>\n<div>\n<div>\n<table style=\"height: 46px; width: 100%; border-collapse: collapse; border-color: #ffffff; background-color: #ffffff; border-style: hidden;\">\n<tbody>\n<tr style=\"height: 23px; border-style: hidden; border-color: #ffffff; background-color: #ffffff;\">\n<td style=\"width: 4.701195219123506%; height: 23px; border-style: hidden;\">Film:<\/td>\n<td style=\"width: 95.29880478087651%; height: 23px; border-style: hidden;\"><a href=\"https:\/\/ucm.one\/de\/the-glorious-seven-reloaded\/\">The Glorious Seven Reloaded<\/a><\/td>\n<\/tr>\n<tr style=\"height: 23px;\">\n<td style=\"width: 4.701195219123506%; height: 23px; border-style: hidden;\">Label:<\/td>\n<td style=\"width: 95.29880478087651%; height: 23px; border-style: hidden;\"><a title=\"M-Square Pictures\" href=\"https:\/\/ucm.one\/de\/film-labels\/m-square-pictures\/\">M-Square Pictures<\/a><\/td>\n<\/tr>\n<\/tbody>\n<\/table>\n<\/div>\n<div><\/div>\n<\/div>\n<div>\n<div><div class=\"gap\" style=\"line-height: 10px; height: 10px;\"><\/div><\/div>\n<div>\u2117 2019 <strong>Arena Filmverwertung<\/strong>, \u00a9 2019 <strong>M-Square<\/strong><span style=\"font-family: 'arial black', sans-serif;\"><strong>\u00a0\/ UCM.ONE<\/strong><\/span><\/div>\n<div><div class=\"gap\" style=\"line-height: 20px; height: 20px;\"><\/div><\/div>\n<div>\n<div><\/div>\n<div>\n<div><div class=\"gap\" style=\"line-height: 10px; height: 10px;\"><\/div><\/div>\n<div><span style=\"color: #003a80;\"><strong>\u27a0 <a style=\"color: #003a80;\" href=\"https:\/\/ucm.one\/de\/produkt-kategorie\/art-de\/filme-de\/\">zum Shop<\/a><\/strong><\/span><\/div>\n<div><div class=\"gap\" style=\"line-height: 20px; height: 20px;\"><\/div><\/div>\n<\/div>\n<\/div>\n<\/div>\n","protected":false},"excerpt":{"rendered":"<p>Regie: <strong><a href=\"https:\/\/ucm.one\/de\/?s=%22Harald+Franklin%22&amp;post_type=product\">Harald Franklin<\/a><\/strong><\/p>\n<p>Label: <a title=\"M-Square Pictures\" href=\"https:\/\/ucm.one\/de\/produkt-kategorie\/label-film-de\/m-square-pictures-de\/\"><strong>M-Square Pictures<\/strong><\/a><\/p>\n<p>Art:\u00a0<strong><a href=\"https:\/\/ucm.one\/de\/produkt-kategorie\/art-de\/filme-de\/\">Film<\/a> (Spielfilm)<\/strong><\/p>\n<p>Genres: <strong><a href=\"https:\/\/ucm.one\/de\/produkt-kategorie\/genre-film-de\/action-de\/\">Action<\/a><\/strong>, <a href=\"https:\/\/ucm.one\/de\/produkt-kategorie\/genre-film-de\/krieg-de\/\"><b>Krieg<\/b><\/a><\/p>\n<p>Jahr: <strong>2019<\/strong><\/p>\n<p>FSK: <strong>18<\/strong><\/p>\n<p>Formate: <strong>Diverse<\/strong><\/p>\n","protected":false},"featured_media":73899,"comment_status":"open","ping_status":"closed","template":"","meta":{"_acf_changed":false},"product_brand":[],"product_cat":[11308,9708,10323,10331,10332,10358],"product_tag":[13617,13607,13618,13608,13609,13610,13611,10325,13612,13613,13614,13615,13616],"class_list":{"0":"post-73851","1":"product","2":"type-product","3":"status-publish","4":"has-post-thumbnail","6":"product_cat-krieg-de","7":"product_cat-filme-de","8":"product_cat-m-square-pictures-de","9":"product_cat-dvd-de","10":"product_cat-blu-ray-de","11":"product_cat-action-de","12":"product_tag-julia-mulligan","13":"product_tag-the-glorious-seven-reloaded","14":"product_tag-sara-salamo","15":"product_tag-harald-franklin","16":"product_tag-jerry-kwarteng","17":"product_tag-fernando-carrera","18":"product_tag-anthony-levin","19":"product_tag-m-square-pictures","20":"product_tag-maurice-nash","21":"product_tag-fernando-corral","22":"product_tag-ilker-kurt","23":"product_tag-ender-atac","24":"product_tag-usman-maqpool","25":"pa_format-blu-ray-de","26":"pa_format-dvd","27":"description-off","29":"first","30":"instock","31":"sale","32":"taxable","33":"shipping-taxable","34":"purchasable","35":"product-type-variable"},"acf":[],"yoast_head":"<!-- This site is optimized with the Yoast SEO plugin v27.2 - https:\/\/yoast.com\/product\/yoast-seo-wordpress\/ -->\n<title>The Glorious Seven Reloaded<\/title>\n<meta name=\"description\" content=\"Shop | The Glorious Seven Reloaded | 2019 | M-Square | Blu-Ray + DVD | FSK 18\" \/>\n<meta name=\"robots\" content=\"index, follow, max-snippet:-1, max-image-preview:large, max-video-preview:-1\" \/>\n<link rel=\"canonical\" href=\"https:\/\/ucm.one\/de\/produkt\/the-glorious-seven-reloaded\/\" \/>\n<meta property=\"og:locale\" content=\"de_DE\" \/>\n<meta property=\"og:type\" content=\"article\" \/>\n<meta property=\"og:title\" content=\"The Glorious Seven Reloaded\" \/>\n<meta property=\"og:description\" content=\"Shop | The Glorious Seven Reloaded | 2019 | M-Square | Blu-Ray + DVD | FSK 18\" \/>\n<meta property=\"og:url\" content=\"https:\/\/ucm.one\/de\/produkt\/the-glorious-seven-reloaded\/\" \/>\n<meta property=\"og:site_name\" content=\"UCM.ONE\" \/>\n<meta property=\"article:modified_time\" content=\"2025-08-14T09:50:49+00:00\" \/>\n<meta property=\"og:image\" content=\"https:\/\/ucm.one\/wp-content\/uploads\/2000\/01\/Glorious7_FB.jpg\" \/>\n<meta name=\"twitter:card\" content=\"summary_large_image\" \/>\n<meta name=\"twitter:title\" content=\"The Glorious Seven Reloaded\" \/>\n<meta name=\"twitter:description\" content=\"Shop | The Glorious Seven Reloaded | 2019 | M-Square | Blu-Ray + DVD | FSK 18\" \/>\n<meta name=\"twitter:image\" content=\"https:\/\/ucm.one\/wp-content\/uploads\/2000\/01\/Glorious7_twitter.jpg\" \/>\n<meta name=\"twitter:label1\" content=\"Gesch\u00e4tzte Lesezeit\" \/>\n\t<meta name=\"twitter:data1\" content=\"1\u00a0Minute\" \/>\n<!-- \/ Yoast SEO plugin. -->","yoast_head_json":{"title":"The Glorious Seven Reloaded","description":"Shop | The Glorious Seven Reloaded | 2019 | M-Square | Blu-Ray + DVD | FSK 18","robots":{"index":"index","follow":"follow","max-snippet":"max-snippet:-1","max-image-preview":"max-image-preview:large","max-video-preview":"max-video-preview:-1"},"canonical":"https:\/\/ucm.one\/de\/produkt\/the-glorious-seven-reloaded\/","og_locale":"de_DE","og_type":"article","og_title":"The Glorious Seven Reloaded","og_description":"Shop | The Glorious Seven Reloaded | 2019 | M-Square | Blu-Ray + DVD | FSK 18","og_url":"https:\/\/ucm.one\/de\/produkt\/the-glorious-seven-reloaded\/","og_site_name":"UCM.ONE","article_modified_time":"2025-08-14T09:50:49+00:00","og_image":[{"url":"https:\/\/ucm.one\/wp-content\/uploads\/2000\/01\/Glorious7_FB.jpg","type":"","width":"","height":""}],"twitter_card":"summary_large_image","twitter_title":"The Glorious Seven Reloaded","twitter_description":"Shop | The Glorious Seven Reloaded | 2019 | M-Square | Blu-Ray + DVD | FSK 18","twitter_image":"https:\/\/ucm.one\/wp-content\/uploads\/2000\/01\/Glorious7_twitter.jpg","twitter_misc":{"Gesch\u00e4tzte Lesezeit":"1\u00a0Minute"},"schema":{"@context":"https:\/\/schema.org","@graph":[{"@type":"WebPage","@id":"https:\/\/ucm.one\/de\/produkt\/the-glorious-seven-reloaded\/","url":"https:\/\/ucm.one\/de\/produkt\/the-glorious-seven-reloaded\/","name":"The Glorious Seven Reloaded","isPartOf":{"@id":"https:\/\/ucm.one\/de\/#website"},"primaryImageOfPage":{"@id":"https:\/\/ucm.one\/de\/produkt\/the-glorious-seven-reloaded\/#primaryimage"},"image":{"@id":"https:\/\/ucm.one\/de\/produkt\/the-glorious-seven-reloaded\/#primaryimage"},"thumbnailUrl":"https:\/\/ucm.one\/wp-content\/uploads\/2000\/01\/C-The-Glourious-Seven-DVD-2D-FSK18.jpg","datePublished":"2019-12-06T08:57:44+00:00","dateModified":"2025-08-14T09:50:49+00:00","description":"Shop | The Glorious Seven Reloaded | 2019 | M-Square | Blu-Ray + DVD | FSK 18","breadcrumb":{"@id":"https:\/\/ucm.one\/de\/produkt\/the-glorious-seven-reloaded\/#breadcrumb"},"inLanguage":"de","potentialAction":[{"@type":"ReadAction","target":["https:\/\/ucm.one\/de\/produkt\/the-glorious-seven-reloaded\/"]}]},{"@type":"ImageObject","inLanguage":"de","@id":"https:\/\/ucm.one\/de\/produkt\/the-glorious-seven-reloaded\/#primaryimage","url":"https:\/\/ucm.one\/wp-content\/uploads\/2000\/01\/C-The-Glourious-Seven-DVD-2D-FSK18.jpg","contentUrl":"https:\/\/ucm.one\/wp-content\/uploads\/2000\/01\/C-The-Glourious-Seven-DVD-2D-FSK18.jpg","width":699,"height":1000},{"@type":"BreadcrumbList","@id":"https:\/\/ucm.one\/de\/produkt\/the-glorious-seven-reloaded\/#breadcrumb","itemListElement":[{"@type":"ListItem","position":1,"name":"Home","item":"https:\/\/ucm.one\/de\/"},{"@type":"ListItem","position":2,"name":"Shop","item":"https:\/\/ucm.one\/de\/shop\/"},{"@type":"ListItem","position":3,"name":"The Glorious Seven Reloaded"}]},{"@type":"WebSite","@id":"https:\/\/ucm.one\/de\/#website","url":"https:\/\/ucm.one\/de\/","name":"UCM.ONE","description":"","publisher":{"@id":"https:\/\/ucm.one\/de\/#organization"},"potentialAction":[{"@type":"SearchAction","target":{"@type":"EntryPoint","urlTemplate":"https:\/\/ucm.one\/de\/?s={search_term_string}"},"query-input":{"@type":"PropertyValueSpecification","valueRequired":true,"valueName":"search_term_string"}}],"inLanguage":"de"},{"@type":"Organization","@id":"https:\/\/ucm.one\/de\/#organization","name":"UCM.ONE","url":"https:\/\/ucm.one\/de\/","logo":{"@type":"ImageObject","inLanguage":"de","@id":"https:\/\/ucm.one\/de\/#\/schema\/logo\/image\/","url":"https:\/\/ucm.one\/wp-content\/uploads\/2019\/10\/UCM.ONE-Logo-RGB.svg","contentUrl":"https:\/\/ucm.one\/wp-content\/uploads\/2019\/10\/UCM.ONE-Logo-RGB.svg","width":1,"height":1,"caption":"UCM.ONE"},"image":{"@id":"https:\/\/ucm.one\/de\/#\/schema\/logo\/image\/"}}]}},"_links":{"self":[{"href":"https:\/\/ucm.one\/de\/wp-json\/wp\/v2\/product\/73851","targetHints":{"allow":["GET"]}}],"collection":[{"href":"https:\/\/ucm.one\/de\/wp-json\/wp\/v2\/product"}],"about":[{"href":"https:\/\/ucm.one\/de\/wp-json\/wp\/v2\/types\/product"}],"replies":[{"embeddable":true,"href":"https:\/\/ucm.one\/de\/wp-json\/wp\/v2\/comments?post=73851"}],"wp:featuredmedia":[{"embeddable":true,"href":"https:\/\/ucm.one\/de\/wp-json\/wp\/v2\/media\/73899"}],"wp:attachment":[{"href":"https:\/\/ucm.one\/de\/wp-json\/wp\/v2\/media?parent=73851"}],"wp:term":[{"taxonomy":"product_brand","embeddable":true,"href":"https:\/\/ucm.one\/de\/wp-json\/wp\/v2\/product_brand?post=73851"},{"taxonomy":"product_cat","embeddable":true,"href":"https:\/\/ucm.one\/de\/wp-json\/wp\/v2\/product_cat?post=73851"},{"taxonomy":"product_tag","embeddable":true,"href":"https:\/\/ucm.one\/de\/wp-json\/wp\/v2\/product_tag?post=73851"}],"curies":[{"name":"wp","href":"https:\/\/api.w.org\/{rel}","templated":true}]}}