{"id":73770,"date":"2020-01-24T09:18:02","date_gmt":"2020-01-24T09:18:02","guid":{"rendered":"https:\/\/ucm.one\/?post_type=product&#038;p=73770"},"modified":"2023-07-17T14:25:18","modified_gmt":"2023-07-17T14:25:18","slug":"cyber-bride-bis-dass-der-tod-euch-scheidet","status":"publish","type":"product","link":"https:\/\/ucm.one\/de\/produkt\/cyber-bride-bis-dass-der-tod-euch-scheidet\/","title":{"rendered":"Cyber Bride \u2013 Bis dass der Tod Euch scheidet"},"content":{"rendered":"<div class=\"wpb_text_column wpb_content_element \">\n<div class=\"wpb_wrapper\">\n<div class=\"\">\n<div class=\"wpb_text_column wpb_content_element \">\n<div class=\"wpb_wrapper\">\n<div class=\"wpb_text_column wpb_content_element \">\n<div class=\"wpb_wrapper\">\n<div class=\"wpb_text_column wpb_content_element \">\n<div class=\"wpb_wrapper\">\n<p style=\"font-weight: 400;\">Nachdem seine Frau auf tragische Weise in Folge eines \u00dcberfalls an einem Herzinfarkt gestorben ist, verf\u00e4llt Rick (<strong>Andrew Hollingworth<\/strong>) in Selbstmitleid und Depressionen. Als er bemerkt, dass die neue Freundin seines Nachbarn ein wenig seltsam ist und diesen darauf anspricht, sch\u00f6pft er wieder ein wenig Hoffnung, denn er erf\u00e4hrt, dass diese ein ma\u00dfgeschneiderter Cyborg \u2013 ein k\u00fcnstlicher Mensch \u2013 ist! Ein Cyborg, der als solcher kaum zu erkennen ist, die Einsamkeit alleinstehender, frustrierter M\u00e4nner vertreiben soll und ansonsten anspruchslos an deren Seite \u201clebt\u201d. Rick beschlie\u00dft, sich auch ein Replikat seiner k\u00fcrzlich verstorbenen Frau zu bestellen \u2013 mit fatalen Folgen\u2026<\/p>\n<\/div>\n<\/div>\n<\/div>\n<\/div>\n<\/div>\n<\/div>\n<\/div>\n<\/div>\n<\/div>\n<div><div class=\"gap\" style=\"line-height: 20px; height: 20px;\"><\/div><\/div>\n<h5>Weitere Informationen<\/h5>\n<div>\n<div>\n<table style=\"height: 46px; width: 100%; border-collapse: collapse; border-color: #ffffff; background-color: #ffffff; border-style: hidden;\">\n<tbody>\n<tr style=\"height: 23px; border-style: hidden; border-color: #ffffff; background-color: #ffffff;\">\n<td style=\"width: 4.701195219123506%; height: 23px; border-style: hidden;\">Film:<\/td>\n<td style=\"width: 95.29880478087651%; height: 23px; border-style: hidden;\"><a href=\"https:\/\/ucm.one\/de\/cyber-bride\/\">Cyber Bride \u2013 Bis dass der Tod Euch scheidet<\/a><\/td>\n<\/tr>\n<tr style=\"height: 23px;\">\n<td style=\"width: 4.701195219123506%; height: 23px; border-style: hidden;\">Label:<\/td>\n<td style=\"width: 95.29880478087651%; height: 23px; border-style: hidden;\"><a title=\"M-Square Pictures\" href=\"https:\/\/ucm.one\/de\/film-labels\/m-square-pictures\">M-Square Pictures<\/a><\/td>\n<\/tr>\n<\/tbody>\n<\/table>\n<\/div>\n<div><\/div>\n<\/div>\n<div>\n<div><div class=\"gap\" style=\"line-height: 10px; height: 10px;\"><\/div><\/div>\n<div>\u2117 2019 <strong>ITN Productions<\/strong>, \u00a9 2020 <strong>M-Square Pictures<\/strong> \/ <span style=\"font-family: 'arial black', sans-serif;\"><strong>UCM.ONE<\/strong><\/span><\/div>\n<div><div class=\"gap\" style=\"line-height: 20px; height: 20px;\"><\/div><\/div>\n<div>\n<div><\/div>\n<div>\n<div><div class=\"gap\" style=\"line-height: 10px; height: 10px;\"><\/div><\/div>\n<div><span style=\"color: #003a80;\"><strong>\u27a0 <a style=\"color: #003a80;\" href=\"https:\/\/ucm.one\/de\/produkt-kategorie\/art-de\/filme-de\/\">zum Shop<\/a><\/strong><\/span><\/div>\n<div><div class=\"gap\" style=\"line-height: 20px; height: 20px;\"><\/div><\/div>\n<\/div>\n<\/div>\n<\/div>\n","protected":false},"excerpt":{"rendered":"<p>Regie:<strong> <a href=\"https:\/\/ucm.one\/de\/?s=%22Louisa+Warren%22&amp;post_type=product\">Louisa Warren<\/a><\/strong><\/p>\n<p>Label: <a title=\"M-Square Pictures\" href=\"https:\/\/ucm.one\/de\/produkt-kategorie\/label-film-de\/m-square-pictures-de\"><strong>M-Square Pictures<\/strong><\/a><\/p>\n<p>Art:\u00a0<strong><a href=\"https:\/\/ucm.one\/de\/produkt-kategorie\/art-de\/filme-de\/\">Film<\/a> (Spielfilm)<\/strong><\/p>\n<p>Genre: <b><a href=\"https:\/\/ucm.one\/de\/produkt-kategorie\/genre-film-de\/science-fiction-de\/\">Science-Fiction<\/a>, <a href=\"https:\/\/ucm.one\/de\/produkt-kategorie\/genre-film-de\/horror-de\/\">Horror<\/a><\/b><\/p>\n<p>Jahr: <strong>2020<\/strong><\/p>\n<p>FSK: <strong>16<\/strong><\/p>\n<p>Formate: <strong>Diverse<\/strong><\/p>\n","protected":false},"featured_media":73814,"comment_status":"open","ping_status":"closed","template":"","meta":{"_acf_changed":false},"product_brand":[],"product_cat":[9708,10323,10327,10331,10332,10354],"product_tag":[13606,13596,13597,13598,13599,10325,13600,13601,13602,13603,13604,13605,13595],"class_list":{"0":"post-73770","1":"product","2":"type-product","3":"status-publish","4":"has-post-thumbnail","6":"product_cat-filme-de","7":"product_cat-m-square-pictures-de","8":"product_cat-horror-de","9":"product_cat-dvd-de","10":"product_cat-blu-ray-de","11":"product_cat-science-fiction-de","12":"product_tag-carmina-cordelia","13":"product_tag-cyber-bride","14":"product_tag-cyber-wives","15":"product_tag-louisa-warren","16":"product_tag-rebecca-finch","17":"product_tag-m-square-pictures","18":"product_tag-andrew-hollingworth","19":"product_tag-claudine-helene-aumord","20":"product_tag-aj-blackwell","21":"product_tag-penelope-bosworth","22":"product_tag-sasha-cayzer","23":"product_tag-lucy-chambers","24":"product_tag-cyber-bride-bis-dass-der-tod-euch-scheidet","25":"pa_format-blu-ray-de","26":"pa_format-dvd","27":"description-off","29":"first","30":"instock","31":"sale","32":"taxable","33":"shipping-taxable","34":"purchasable","35":"product-type-variable"},"acf":[],"yoast_head":"<!-- This site is optimized with the Yoast SEO plugin v27.2 - https:\/\/yoast.com\/product\/yoast-seo-wordpress\/ -->\n<title>Cyber Bride \u2013 Bis dass der Tod Euch scheidet<\/title>\n<meta name=\"description\" content=\"Shop | Cyber Bride \u2013 Bis dass der Tod Euch scheidet | 2020 | M-Square Pictures | Blu-Ray, DVD | FSK 16\" \/>\n<meta name=\"robots\" content=\"index, follow, max-snippet:-1, max-image-preview:large, max-video-preview:-1\" \/>\n<link rel=\"canonical\" href=\"https:\/\/ucm.one\/de\/produkt\/cyber-bride-bis-dass-der-tod-euch-scheidet\/\" \/>\n<meta property=\"og:locale\" content=\"de_DE\" \/>\n<meta property=\"og:type\" content=\"article\" \/>\n<meta property=\"og:title\" content=\"Cyber Bride \u2013 Bis dass der Tod Euch scheidet\" \/>\n<meta property=\"og:description\" content=\"Shop | Cyber Bride \u2013 Bis dass der Tod Euch scheidet | 2020 | M-Square Pictures | Blu-Ray, DVD | FSK 16\" \/>\n<meta property=\"og:url\" content=\"https:\/\/ucm.one\/de\/produkt\/cyber-bride-bis-dass-der-tod-euch-scheidet\/\" \/>\n<meta property=\"og:site_name\" content=\"UCM.ONE\" \/>\n<meta property=\"article:modified_time\" content=\"2023-07-17T14:25:18+00:00\" \/>\n<meta property=\"og:image\" content=\"https:\/\/ucm.one\/wp-content\/uploads\/2000\/01\/B-Cyber-Bride-FB.jpg\" \/>\n<meta name=\"twitter:card\" content=\"summary_large_image\" \/>\n<meta name=\"twitter:title\" content=\"Cyber Bride \u2013 Bis dass der Tod Euch scheidet\" \/>\n<meta name=\"twitter:description\" content=\"Shop | Cyber Bride \u2013 Bis dass der Tod Euch scheidet | 2020 | M-Square Pictures | Blu-Ray, DVD | FSK 16\" \/>\n<meta name=\"twitter:image\" content=\"https:\/\/ucm.one\/wp-content\/uploads\/2000\/01\/B-Cyber-Bride-Twitter.jpg\" \/>\n<meta name=\"twitter:label1\" content=\"Gesch\u00e4tzte Lesezeit\" \/>\n\t<meta name=\"twitter:data1\" content=\"1\u00a0Minute\" \/>\n<!-- \/ Yoast SEO plugin. -->","yoast_head_json":{"title":"Cyber Bride \u2013 Bis dass der Tod Euch scheidet","description":"Shop | Cyber Bride \u2013 Bis dass der Tod Euch scheidet | 2020 | M-Square Pictures | Blu-Ray, DVD | FSK 16","robots":{"index":"index","follow":"follow","max-snippet":"max-snippet:-1","max-image-preview":"max-image-preview:large","max-video-preview":"max-video-preview:-1"},"canonical":"https:\/\/ucm.one\/de\/produkt\/cyber-bride-bis-dass-der-tod-euch-scheidet\/","og_locale":"de_DE","og_type":"article","og_title":"Cyber Bride \u2013 Bis dass der Tod Euch scheidet","og_description":"Shop | Cyber Bride \u2013 Bis dass der Tod Euch scheidet | 2020 | M-Square Pictures | Blu-Ray, DVD | FSK 16","og_url":"https:\/\/ucm.one\/de\/produkt\/cyber-bride-bis-dass-der-tod-euch-scheidet\/","og_site_name":"UCM.ONE","article_modified_time":"2023-07-17T14:25:18+00:00","og_image":[{"url":"https:\/\/ucm.one\/wp-content\/uploads\/2000\/01\/B-Cyber-Bride-FB.jpg","type":"","width":"","height":""}],"twitter_card":"summary_large_image","twitter_title":"Cyber Bride \u2013 Bis dass der Tod Euch scheidet","twitter_description":"Shop | Cyber Bride \u2013 Bis dass der Tod Euch scheidet | 2020 | M-Square Pictures | Blu-Ray, DVD | FSK 16","twitter_image":"https:\/\/ucm.one\/wp-content\/uploads\/2000\/01\/B-Cyber-Bride-Twitter.jpg","twitter_misc":{"Gesch\u00e4tzte Lesezeit":"1\u00a0Minute"},"schema":{"@context":"https:\/\/schema.org","@graph":[{"@type":"WebPage","@id":"https:\/\/ucm.one\/de\/produkt\/cyber-bride-bis-dass-der-tod-euch-scheidet\/","url":"https:\/\/ucm.one\/de\/produkt\/cyber-bride-bis-dass-der-tod-euch-scheidet\/","name":"Cyber Bride \u2013 Bis dass der Tod Euch scheidet","isPartOf":{"@id":"https:\/\/ucm.one\/de\/#website"},"primaryImageOfPage":{"@id":"https:\/\/ucm.one\/de\/produkt\/cyber-bride-bis-dass-der-tod-euch-scheidet\/#primaryimage"},"image":{"@id":"https:\/\/ucm.one\/de\/produkt\/cyber-bride-bis-dass-der-tod-euch-scheidet\/#primaryimage"},"thumbnailUrl":"https:\/\/ucm.one\/wp-content\/uploads\/2000\/01\/C-Cyber-Bride-DVD-2D-FSK16-.jpg","datePublished":"2020-01-24T09:18:02+00:00","dateModified":"2023-07-17T14:25:18+00:00","description":"Shop | Cyber Bride \u2013 Bis dass der Tod Euch scheidet | 2020 | M-Square Pictures | Blu-Ray, DVD | FSK 16","breadcrumb":{"@id":"https:\/\/ucm.one\/de\/produkt\/cyber-bride-bis-dass-der-tod-euch-scheidet\/#breadcrumb"},"inLanguage":"de","potentialAction":[{"@type":"ReadAction","target":["https:\/\/ucm.one\/de\/produkt\/cyber-bride-bis-dass-der-tod-euch-scheidet\/"]}]},{"@type":"ImageObject","inLanguage":"de","@id":"https:\/\/ucm.one\/de\/produkt\/cyber-bride-bis-dass-der-tod-euch-scheidet\/#primaryimage","url":"https:\/\/ucm.one\/wp-content\/uploads\/2000\/01\/C-Cyber-Bride-DVD-2D-FSK16-.jpg","contentUrl":"https:\/\/ucm.one\/wp-content\/uploads\/2000\/01\/C-Cyber-Bride-DVD-2D-FSK16-.jpg","width":699,"height":1000},{"@type":"BreadcrumbList","@id":"https:\/\/ucm.one\/de\/produkt\/cyber-bride-bis-dass-der-tod-euch-scheidet\/#breadcrumb","itemListElement":[{"@type":"ListItem","position":1,"name":"Home","item":"https:\/\/ucm.one\/de\/"},{"@type":"ListItem","position":2,"name":"Shop","item":"https:\/\/ucm.one\/de\/shop\/"},{"@type":"ListItem","position":3,"name":"Cyber Bride \u2013 Bis dass der Tod Euch scheidet"}]},{"@type":"WebSite","@id":"https:\/\/ucm.one\/de\/#website","url":"https:\/\/ucm.one\/de\/","name":"UCM.ONE","description":"","publisher":{"@id":"https:\/\/ucm.one\/de\/#organization"},"potentialAction":[{"@type":"SearchAction","target":{"@type":"EntryPoint","urlTemplate":"https:\/\/ucm.one\/de\/?s={search_term_string}"},"query-input":{"@type":"PropertyValueSpecification","valueRequired":true,"valueName":"search_term_string"}}],"inLanguage":"de"},{"@type":"Organization","@id":"https:\/\/ucm.one\/de\/#organization","name":"UCM.ONE","url":"https:\/\/ucm.one\/de\/","logo":{"@type":"ImageObject","inLanguage":"de","@id":"https:\/\/ucm.one\/de\/#\/schema\/logo\/image\/","url":"https:\/\/ucm.one\/wp-content\/uploads\/2019\/10\/UCM.ONE-Logo-RGB.svg","contentUrl":"https:\/\/ucm.one\/wp-content\/uploads\/2019\/10\/UCM.ONE-Logo-RGB.svg","width":1,"height":1,"caption":"UCM.ONE"},"image":{"@id":"https:\/\/ucm.one\/de\/#\/schema\/logo\/image\/"}}]}},"_links":{"self":[{"href":"https:\/\/ucm.one\/de\/wp-json\/wp\/v2\/product\/73770","targetHints":{"allow":["GET"]}}],"collection":[{"href":"https:\/\/ucm.one\/de\/wp-json\/wp\/v2\/product"}],"about":[{"href":"https:\/\/ucm.one\/de\/wp-json\/wp\/v2\/types\/product"}],"replies":[{"embeddable":true,"href":"https:\/\/ucm.one\/de\/wp-json\/wp\/v2\/comments?post=73770"}],"wp:featuredmedia":[{"embeddable":true,"href":"https:\/\/ucm.one\/de\/wp-json\/wp\/v2\/media\/73814"}],"wp:attachment":[{"href":"https:\/\/ucm.one\/de\/wp-json\/wp\/v2\/media?parent=73770"}],"wp:term":[{"taxonomy":"product_brand","embeddable":true,"href":"https:\/\/ucm.one\/de\/wp-json\/wp\/v2\/product_brand?post=73770"},{"taxonomy":"product_cat","embeddable":true,"href":"https:\/\/ucm.one\/de\/wp-json\/wp\/v2\/product_cat?post=73770"},{"taxonomy":"product_tag","embeddable":true,"href":"https:\/\/ucm.one\/de\/wp-json\/wp\/v2\/product_tag?post=73770"}],"curies":[{"name":"wp","href":"https:\/\/api.w.org\/{rel}","templated":true}]}}