{"id":73525,"date":"2020-01-24T14:14:37","date_gmt":"2020-01-24T14:14:37","guid":{"rendered":"https:\/\/ucm.one\/?post_type=product&#038;p=73525"},"modified":"2023-06-18T14:36:57","modified_gmt":"2023-06-18T14:36:57","slug":"schlacht-um-midway-entscheidung-im-pazifik","status":"publish","type":"product","link":"https:\/\/ucm.one\/de\/produkt\/schlacht-um-midway-entscheidung-im-pazifik\/","title":{"rendered":"Schlacht um Midway &#8211; Entscheidung im Pazifik"},"content":{"rendered":"<div class=\"wpb_text_column wpb_content_element \">\n<div class=\"wpb_wrapper\">\n<div class=\"\">\n<div class=\"wpb_text_column wpb_content_element \">\n<div class=\"wpb_wrapper\">\n<div class=\"wpb_text_column wpb_content_element \">\n<div class=\"wpb_wrapper\">\n<p><span style=\"font-weight: 400;\">Um den Verlauf des Krieges zu \u00e4ndern und die Dominanz der Japanischen Streitkr\u00e4fte im Pazifik zu brechen, wird eine US-amerikanische Flugzeugtr\u00e4gergruppe vor der K\u00fcste des Inselatolls stationiert. In der darauffolgenden entscheidenden Schlacht, muss die Besatzung eines US-Navy-Tauchbombers, nachdem sie einen Japanischen Flugzeugtr\u00e4ger entscheidend getroffen hat und unter Beschuss geraten ist, notwassern. Nur von ihren \u00dcberlebenswesten \u00fcber Wasser gehalten, treiben der Pilot Norman Vandivier (<strong>Jade Willey<\/strong>) und sein schwer verletzter Kanonier Lee Keaney (<strong>John Enick<\/strong>) hunderte Meilen von ihrer Flotte entfernt im kalten Pazifik. W\u00e4hrend sie um ihr \u00dcberleben k\u00e4mpfen und versuchen weder die Aufmerksamkeit der Japaner zu erwecken, noch von den Haien gefressen zu werden, zeigt sich die Navy-F\u00fchrung mit Admiral Spruance (<strong>Judd Nelson<\/strong>) und Commander Browning (<strong>C. Thomas Howell<\/strong>), angesichts der andauernden K\u00e4mpfe, uneins \u00fcber die Rettungsma\u00dfnahmen und wertvolle Zeit verstreicht&#8230;<\/span><\/p>\n<p>&nbsp;<\/p>\n<\/div>\n<\/div>\n<\/div>\n<\/div>\n<\/div>\n<\/div>\n<\/div>\n<div><div class=\"gap\" style=\"line-height: 20px; height: 20px;\"><\/div><\/div>\n<h5>Weitere Informationen<\/h5>\n<div>\n<div>\n<table style=\"height: 46px; width: 100%; border-collapse: collapse; border-color: #ffffff; background-color: #ffffff; border-style: hidden;\">\n<tbody>\n<tr style=\"height: 23px; border-style: hidden; border-color: #ffffff; background-color: #ffffff;\">\n<td style=\"width: 4.701195219123506%; height: 23px; border-style: hidden;\">Film:<\/td>\n<td style=\"width: 95.29880478087651%; height: 23px; border-style: hidden;\"><a href=\"https:\/\/ucm.one\/de\/schlacht-um-midway-entscheidung-im-pazifik\/\">Schlacht um Midway &#8211; Entscheidung im Pazifik<\/a><\/td>\n<\/tr>\n<tr style=\"height: 23px;\">\n<td style=\"width: 4.701195219123506%; height: 23px; border-style: hidden;\">Label:<\/td>\n<td style=\"width: 95.29880478087651%; height: 23px; border-style: hidden;\"><a title=\"M-Square Pictures\" href=\"https:\/\/ucm.one\/de\/film-labels\/m-square-pictures\/\">M-Square Pictures<\/a><\/td>\n<\/tr>\n<\/tbody>\n<\/table>\n<\/div>\n<div><\/div>\n<\/div>\n<div>\n<div><div class=\"gap\" style=\"line-height: 10px; height: 10px;\"><\/div><\/div>\n<div>\u2117 2019 <strong>Bayou Pictures<\/strong>, <strong>Gypsy Lane Films<\/strong>, \u00a9 2020 <strong>M-Square<\/strong><span style=\"font-family: 'arial black', sans-serif;\"><strong>\u00a0\/ UCM.ONE<\/strong><\/span><\/div>\n<div><div class=\"gap\" style=\"line-height: 20px; height: 20px;\"><\/div><\/div>\n<div>\n<div><\/div>\n<div>\n<div><div class=\"gap\" style=\"line-height: 10px; height: 10px;\"><\/div><\/div>\n<div><span style=\"color: #003a80;\"><strong>\u27a0 <a style=\"color: #003a80;\" href=\"https:\/\/ucm.one\/de\/produkt-kategorie\/art-de\/filme-de\/\">zum Shop<\/a><\/strong><\/span><\/div>\n<div><div class=\"gap\" style=\"line-height: 20px; height: 20px;\"><\/div><\/div>\n<\/div>\n<\/div>\n<\/div>\n","protected":false},"excerpt":{"rendered":"<p>Regie: <strong><a title=\"Mike Phillips\" href=\"https:\/\/ucm.one\/de\/?s=%22Mike+Phillips%22&amp;post_type=product\">Mike Phillips<\/a><\/strong><\/p>\n<p>Label: <a title=\"M-Square Pictures\" href=\"https:\/\/ucm.one\/de\/produkt-kategorie\/label-film-de\/m-square-pictures-de\/\"><strong>M-Square Pictures<\/strong><\/a><\/p>\n<p>Art:\u00a0<strong><a href=\"https:\/\/ucm.one\/de\/produkt-kategorie\/art-de\/filme-de\/\">Film<\/a> (Spielfilm)<\/strong><\/p>\n<p>Genres: <strong><a href=\"https:\/\/ucm.one\/de\/produkt-kategorie\/genre-film-de\/action-de\/\">Action<\/a><\/strong>, <a href=\"https:\/\/ucm.one\/de\/produkt-kategorie\/genre-film-de\/krieg-de\/\"><b>Krieg<\/b><\/a><\/p>\n<p>Jahr: <strong>2020<\/strong><\/p>\n<p>FSK: <strong>12<\/strong><\/p>\n<p>Formate: <strong>Diverse<\/strong><\/p>\n","protected":false},"featured_media":73647,"comment_status":"open","ping_status":"closed","template":"","meta":{"_acf_changed":false},"product_brand":[],"product_cat":[10952,11308,9708,10323,10331,10332,10358],"product_tag":[13577,13578,13579,13580,13565,13581,13568,13572,13573,10325,13574,13575,13576],"class_list":{"0":"post-73525","1":"product","2":"type-product","3":"status-publish","4":"has-post-thumbnail","6":"product_cat-history-de","7":"product_cat-krieg-de","8":"product_cat-filme-de","9":"product_cat-m-square-pictures-de","10":"product_cat-dvd-de","11":"product_cat-blu-ray-de","12":"product_cat-action-de","13":"product_tag-aidan-bristow","14":"product_tag-jerry-buteyn","15":"product_tag-louie-chapman-louie-chapman","16":"product_tag-jamison-coe","17":"product_tag-john-enick","18":"product_tag-wyatt-derman","19":"product_tag-mike-phillips","20":"product_tag-schlacht-um-midway","21":"product_tag-dauntless-the-battle-of-midway","22":"product_tag-m-square-pictures","23":"product_tag-entscheidung-im-pazifik","24":"product_tag-midway","25":"product_tag-joe-barrino","26":"pa_format-dvd","27":"pa_format-blu-ray-de","28":"description-off","30":"first","31":"instock","32":"sale","33":"taxable","34":"shipping-taxable","35":"purchasable","36":"product-type-variable"},"acf":[],"yoast_head":"<!-- This site is optimized with the Yoast SEO plugin v27.2 - https:\/\/yoast.com\/product\/yoast-seo-wordpress\/ -->\n<title>Schlacht um Midway - Entscheidung im Pazifik<\/title>\n<meta name=\"description\" content=\"Shop | Schlacht um Midway - Entscheidung im Pazifik | 2020 | M-Square | Blu-Ray + DVD | FSK 12\" \/>\n<meta name=\"robots\" content=\"index, follow, max-snippet:-1, max-image-preview:large, max-video-preview:-1\" \/>\n<link rel=\"canonical\" href=\"https:\/\/ucm.one\/de\/produkt\/schlacht-um-midway-entscheidung-im-pazifik\/\" \/>\n<meta property=\"og:locale\" content=\"de_DE\" \/>\n<meta property=\"og:type\" content=\"article\" \/>\n<meta property=\"og:title\" content=\"Schlacht um Midway - Entscheidung im Pazifik\" \/>\n<meta property=\"og:description\" content=\"Shop | Schlacht um Midway - Entscheidung im Pazifik | 2020 | M-Square | Blu-Ray + DVD | FSK 12\" \/>\n<meta property=\"og:url\" content=\"https:\/\/ucm.one\/de\/produkt\/schlacht-um-midway-entscheidung-im-pazifik\/\" \/>\n<meta property=\"og:site_name\" content=\"UCM.ONE\" \/>\n<meta property=\"article:modified_time\" content=\"2023-06-18T14:36:57+00:00\" \/>\n<meta property=\"og:image\" content=\"https:\/\/ucm.one\/wp-content\/uploads\/2000\/01\/Midway_FB.jpg\" \/>\n<meta name=\"twitter:card\" content=\"summary_large_image\" \/>\n<meta name=\"twitter:title\" content=\"Schlacht um Midway - Entscheidung im Pazifik\" \/>\n<meta name=\"twitter:description\" content=\"Shop | Schlacht um Midway - Entscheidung im Pazifik | 2020 | M-Square | Blu-Ray + DVD | FSK 12\" \/>\n<meta name=\"twitter:image\" content=\"https:\/\/ucm.one\/wp-content\/uploads\/2000\/01\/Midway_twitter.jpg\" \/>\n<meta name=\"twitter:label1\" content=\"Gesch\u00e4tzte Lesezeit\" \/>\n\t<meta name=\"twitter:data1\" content=\"1\u00a0Minute\" \/>\n<!-- \/ Yoast SEO plugin. -->","yoast_head_json":{"title":"Schlacht um Midway - Entscheidung im Pazifik","description":"Shop | Schlacht um Midway - Entscheidung im Pazifik | 2020 | M-Square | Blu-Ray + DVD | FSK 12","robots":{"index":"index","follow":"follow","max-snippet":"max-snippet:-1","max-image-preview":"max-image-preview:large","max-video-preview":"max-video-preview:-1"},"canonical":"https:\/\/ucm.one\/de\/produkt\/schlacht-um-midway-entscheidung-im-pazifik\/","og_locale":"de_DE","og_type":"article","og_title":"Schlacht um Midway - Entscheidung im Pazifik","og_description":"Shop | Schlacht um Midway - Entscheidung im Pazifik | 2020 | M-Square | Blu-Ray + DVD | FSK 12","og_url":"https:\/\/ucm.one\/de\/produkt\/schlacht-um-midway-entscheidung-im-pazifik\/","og_site_name":"UCM.ONE","article_modified_time":"2023-06-18T14:36:57+00:00","og_image":[{"url":"https:\/\/ucm.one\/wp-content\/uploads\/2000\/01\/Midway_FB.jpg","type":"","width":"","height":""}],"twitter_card":"summary_large_image","twitter_title":"Schlacht um Midway - Entscheidung im Pazifik","twitter_description":"Shop | Schlacht um Midway - Entscheidung im Pazifik | 2020 | M-Square | Blu-Ray + DVD | FSK 12","twitter_image":"https:\/\/ucm.one\/wp-content\/uploads\/2000\/01\/Midway_twitter.jpg","twitter_misc":{"Gesch\u00e4tzte Lesezeit":"1\u00a0Minute"},"schema":{"@context":"https:\/\/schema.org","@graph":[{"@type":"WebPage","@id":"https:\/\/ucm.one\/de\/produkt\/schlacht-um-midway-entscheidung-im-pazifik\/","url":"https:\/\/ucm.one\/de\/produkt\/schlacht-um-midway-entscheidung-im-pazifik\/","name":"Schlacht um Midway - Entscheidung im Pazifik","isPartOf":{"@id":"https:\/\/ucm.one\/de\/#website"},"primaryImageOfPage":{"@id":"https:\/\/ucm.one\/de\/produkt\/schlacht-um-midway-entscheidung-im-pazifik\/#primaryimage"},"image":{"@id":"https:\/\/ucm.one\/de\/produkt\/schlacht-um-midway-entscheidung-im-pazifik\/#primaryimage"},"thumbnailUrl":"https:\/\/ucm.one\/wp-content\/uploads\/2000\/01\/C-Schlacht-um-Midway-DVD-2D-FSK12.jpg","datePublished":"2020-01-24T14:14:37+00:00","dateModified":"2023-06-18T14:36:57+00:00","description":"Shop | Schlacht um Midway - Entscheidung im Pazifik | 2020 | M-Square | Blu-Ray + DVD | FSK 12","breadcrumb":{"@id":"https:\/\/ucm.one\/de\/produkt\/schlacht-um-midway-entscheidung-im-pazifik\/#breadcrumb"},"inLanguage":"de","potentialAction":[{"@type":"ReadAction","target":["https:\/\/ucm.one\/de\/produkt\/schlacht-um-midway-entscheidung-im-pazifik\/"]}]},{"@type":"ImageObject","inLanguage":"de","@id":"https:\/\/ucm.one\/de\/produkt\/schlacht-um-midway-entscheidung-im-pazifik\/#primaryimage","url":"https:\/\/ucm.one\/wp-content\/uploads\/2000\/01\/C-Schlacht-um-Midway-DVD-2D-FSK12.jpg","contentUrl":"https:\/\/ucm.one\/wp-content\/uploads\/2000\/01\/C-Schlacht-um-Midway-DVD-2D-FSK12.jpg","width":699,"height":1000},{"@type":"BreadcrumbList","@id":"https:\/\/ucm.one\/de\/produkt\/schlacht-um-midway-entscheidung-im-pazifik\/#breadcrumb","itemListElement":[{"@type":"ListItem","position":1,"name":"Home","item":"https:\/\/ucm.one\/de\/"},{"@type":"ListItem","position":2,"name":"Shop","item":"https:\/\/ucm.one\/de\/shop\/"},{"@type":"ListItem","position":3,"name":"Schlacht um Midway &#8211; Entscheidung im Pazifik"}]},{"@type":"WebSite","@id":"https:\/\/ucm.one\/de\/#website","url":"https:\/\/ucm.one\/de\/","name":"UCM.ONE","description":"","publisher":{"@id":"https:\/\/ucm.one\/de\/#organization"},"potentialAction":[{"@type":"SearchAction","target":{"@type":"EntryPoint","urlTemplate":"https:\/\/ucm.one\/de\/?s={search_term_string}"},"query-input":{"@type":"PropertyValueSpecification","valueRequired":true,"valueName":"search_term_string"}}],"inLanguage":"de"},{"@type":"Organization","@id":"https:\/\/ucm.one\/de\/#organization","name":"UCM.ONE","url":"https:\/\/ucm.one\/de\/","logo":{"@type":"ImageObject","inLanguage":"de","@id":"https:\/\/ucm.one\/de\/#\/schema\/logo\/image\/","url":"https:\/\/ucm.one\/wp-content\/uploads\/2019\/10\/UCM.ONE-Logo-RGB.svg","contentUrl":"https:\/\/ucm.one\/wp-content\/uploads\/2019\/10\/UCM.ONE-Logo-RGB.svg","width":1,"height":1,"caption":"UCM.ONE"},"image":{"@id":"https:\/\/ucm.one\/de\/#\/schema\/logo\/image\/"}}]}},"_links":{"self":[{"href":"https:\/\/ucm.one\/de\/wp-json\/wp\/v2\/product\/73525","targetHints":{"allow":["GET"]}}],"collection":[{"href":"https:\/\/ucm.one\/de\/wp-json\/wp\/v2\/product"}],"about":[{"href":"https:\/\/ucm.one\/de\/wp-json\/wp\/v2\/types\/product"}],"replies":[{"embeddable":true,"href":"https:\/\/ucm.one\/de\/wp-json\/wp\/v2\/comments?post=73525"}],"wp:featuredmedia":[{"embeddable":true,"href":"https:\/\/ucm.one\/de\/wp-json\/wp\/v2\/media\/73647"}],"wp:attachment":[{"href":"https:\/\/ucm.one\/de\/wp-json\/wp\/v2\/media?parent=73525"}],"wp:term":[{"taxonomy":"product_brand","embeddable":true,"href":"https:\/\/ucm.one\/de\/wp-json\/wp\/v2\/product_brand?post=73525"},{"taxonomy":"product_cat","embeddable":true,"href":"https:\/\/ucm.one\/de\/wp-json\/wp\/v2\/product_cat?post=73525"},{"taxonomy":"product_tag","embeddable":true,"href":"https:\/\/ucm.one\/de\/wp-json\/wp\/v2\/product_tag?post=73525"}],"curies":[{"name":"wp","href":"https:\/\/api.w.org\/{rel}","templated":true}]}}