{"id":73446,"date":"2021-05-28T22:32:18","date_gmt":"2021-05-28T22:32:18","guid":{"rendered":"https:\/\/ucm.one\/?post_type=product&#038;p=73446"},"modified":"2023-06-18T13:48:32","modified_gmt":"2023-06-18T13:48:32","slug":"sleepless-beauty-gefangen-im-albtraum","status":"publish","type":"product","link":"https:\/\/ucm.one\/de\/produkt\/sleepless-beauty-gefangen-im-albtraum\/","title":{"rendered":"Sleepless Beauty &#8211; Gefangen im Albtraum"},"content":{"rendered":"<div class=\"wpb_text_column wpb_content_element \">\n<div class=\"wpb_wrapper\">\n<div class=\"\">\n<div class=\"wpb_text_column wpb_content_element \">\n<div class=\"wpb_wrapper\">\n<div class=\"wpb_text_column wpb_content_element \">\n<div class=\"wpb_wrapper\">\n<div class=\"wpb_text_column wpb_content_element \">\n<div class=\"wpb_wrapper\">\n<p style=\"font-weight: 400;\">Der Film erz\u00e4hlt die brutale Geschichte einer jungen Lehrerin, Mila, die von einer mysteri\u00f6sen Organisation namens Recreation entf\u00fchrt und in einem fast leeren Raum eingesperrt wird. Ihre unbekannten Entf\u00fchrer kommunizieren nur \u00fcber einen Lautsprecher mit ihr und stellen strenge Regeln auf: Sie darf nicht schlafen und muss bizarre und grausame Aufgaben erf\u00fcllen, wenn sie am Leben bleiben will. Zuerst sieht es aus, als ob dies alles der Unterhaltung einiger Perverser dient, aber als die gestellten Aufgaben immer h\u00e4rter werden, beginnt Mila zu begreifen, dass sie die Kontrolle \u00fcber ihren eigenen Verstand verliert und wom\u00f6glich das Versuchskaninchen in einem abartigen und lebensgef\u00e4hrlichen psychologischen Experiment ist.<\/p>\n<\/div>\n<\/div>\n<\/div>\n<\/div>\n<\/div>\n<\/div>\n<\/div>\n<\/div>\n<\/div>\n<div><div class=\"gap\" style=\"line-height: 20px; height: 20px;\"><\/div><\/div>\n<h5>Weitere Informationen<\/h5>\n<div>\n<div>\n<table style=\"height: 46px; width: 100%; border-collapse: collapse; border-color: #ffffff; background-color: #ffffff; border-style: hidden;\">\n<tbody>\n<tr style=\"height: 23px; border-style: hidden; border-color: #ffffff; background-color: #ffffff;\">\n<td style=\"width: 4.701195219123506%; height: 23px; border-style: hidden;\">Film:<\/td>\n<td style=\"width: 95.29880478087651%; height: 23px; border-style: hidden;\"><a title=\"Sleepless Beauty - Gefangen im Albtraum\" href=\"https:\/\/ucm.one\/sleepless-beauty\/\">Sleepless Beauty &#8211; Gefangen im Albtraum<\/a><\/td>\n<\/tr>\n<tr style=\"height: 23px;\">\n<td style=\"width: 4.701195219123506%; height: 23px; border-style: hidden;\">Label:<\/td>\n<td style=\"width: 95.29880478087651%; height: 23px; border-style: hidden;\"><a title=\"M-Square Pictures\" href=\"https:\/\/ucm.one\/de\/film-labels\/m-square-pictures\">M-Square Pictures<\/a><\/td>\n<\/tr>\n<\/tbody>\n<\/table>\n<\/div>\n<div><\/div>\n<\/div>\n<div>\n<div><div class=\"gap\" style=\"line-height: 10px; height: 10px;\"><\/div><\/div>\n<div>\u2117 2020\u00a0<strong>Monomania Films<\/strong>, \u00a9 2021\u00a0<strong>M-Square Pictures<\/strong> \/ <span style=\"font-family: 'arial black', sans-serif;\"><strong>UCM.ONE<\/strong><\/span><\/div>\n<div><div class=\"gap\" style=\"line-height: 20px; height: 20px;\"><\/div><\/div>\n<div>\n<div><\/div>\n<div>\n<div><div class=\"gap\" style=\"line-height: 10px; height: 10px;\"><\/div><\/div>\n<div><span style=\"color: #003a80;\"><strong>\u27a0 <a style=\"color: #003a80;\" href=\"https:\/\/ucm.one\/de\/produkt-kategorie\/art-de\/filme-de\/\">zum Shop<\/a><\/strong><\/span><\/div>\n<div><div class=\"gap\" style=\"line-height: 20px; height: 20px;\"><\/div><\/div>\n<\/div>\n<\/div>\n<\/div>\n","protected":false},"excerpt":{"rendered":"<p>Regie: <a title=\"Pavel Khvaleev\" href=\"https:\/\/ucm.one\/de\/?s=%22Pavel+Khvaleev%22&amp;post_type=product\"><strong>Pavel Khvaleev<\/strong><\/a><\/p>\n<p>Label: <a title=\"M-Square Pictures\" href=\"https:\/\/ucm.one\/de\/produkt-kategorie\/label-film-de\/m-square-pictures-de\"><strong>M-Square Pictures<\/strong><\/a><\/p>\n<p>Art:\u00a0<strong><a href=\"https:\/\/ucm.one\/de\/produkt-kategorie\/art-de\/filme-de\/\">Film<\/a> (Spielfilm)<\/strong><\/p>\n<p>Genre:\u00a0<b><a href=\"https:\/\/ucm.one\/de\/produkt-kategorie\/genre-film-de\/horror-de\/\">Horror<\/a><\/b><\/p>\n<p>Jahr: <strong>2021<\/strong><\/p>\n<p>FSK: <strong>18<\/strong><\/p>\n<p>Formate: <strong>Diverse<\/strong><\/p>\n","protected":false},"featured_media":73447,"comment_status":"open","ping_status":"closed","template":"","meta":{"_acf_changed":false},"product_brand":[],"product_cat":[10332,9708,10323,10327,10331],"product_tag":[13535,10347,13536,10348,13537,10349,13529,13530,13531,10325,13532,13533,13534],"class_list":{"0":"post-73446","1":"product","2":"type-product","3":"status-publish","4":"has-post-thumbnail","6":"product_cat-blu-ray-de","7":"product_cat-filme-de","8":"product_cat-m-square-pictures-de","9":"product_cat-horror-de","10":"product_cat-dvd-de","11":"product_tag-sergey-shegolsky","12":"product_tag-sleepless-beauty","13":"product_tag-andrey-tereshenko","14":"product_tag-pavel-khvaleev","15":"product_tag-sergey-topkov","16":"product_tag-horror","17":"product_tag-aleksandra-khvaleeva","18":"product_tag-frank-ellrich","19":"product_tag-gefangen-im-alptraum","20":"product_tag-m-square-pictures","21":"product_tag-polina-davydova","22":"product_tag-evgeniy-gagarin","23":"product_tag-olivia-indik","24":"pa_format-dvd","25":"pa_format-blu-ray-de","26":"description-off","28":"first","29":"instock","30":"sale","31":"taxable","32":"shipping-taxable","33":"purchasable","34":"product-type-variable"},"acf":[],"yoast_head":"<!-- This site is optimized with the Yoast SEO plugin v27.5 - https:\/\/yoast.com\/product\/yoast-seo-wordpress\/ -->\n<title>Sleepless Beauty - Gefangen im Albtraum<\/title>\n<meta name=\"description\" content=\"Shop | Sleepless Beauty - Gefangen im Albtraum | 2021 | M-Square Pictures | Blu-Ray, DVD | FSK 18\" \/>\n<meta name=\"robots\" content=\"index, follow, max-snippet:-1, max-image-preview:large, max-video-preview:-1\" \/>\n<link rel=\"canonical\" href=\"https:\/\/ucm.one\/de\/produkt\/sleepless-beauty-gefangen-im-albtraum\/\" \/>\n<meta property=\"og:locale\" content=\"de_DE\" \/>\n<meta property=\"og:type\" content=\"article\" \/>\n<meta property=\"og:title\" content=\"Sleepless Beauty - Gefangen im Albtraum\" \/>\n<meta property=\"og:description\" content=\"Shop | Sleepless Beauty - Gefangen im Albtraum | 2021 | M-Square Pictures | Blu-Ray, DVD | FSK 18\" \/>\n<meta property=\"og:url\" content=\"https:\/\/ucm.one\/de\/produkt\/sleepless-beauty-gefangen-im-albtraum\/\" \/>\n<meta property=\"og:site_name\" content=\"UCM.ONE\" \/>\n<meta property=\"article:modified_time\" content=\"2023-06-18T13:48:32+00:00\" \/>\n<meta property=\"og:image\" content=\"https:\/\/ucm.one\/wp-content\/uploads\/2021\/06\/P-Sleepless-Beauty-Kino.jpg\" \/>\n<meta name=\"twitter:card\" content=\"summary_large_image\" \/>\n<meta name=\"twitter:title\" content=\"Sleepless Beauty - Gefangen im Albtraum\" \/>\n<meta name=\"twitter:description\" content=\"Shop | Sleepless Beauty - Gefangen im Albtraum | 2021 | M-Square Pictures | Blu-Ray, DVD | FSK 18\" \/>\n<meta name=\"twitter:image\" content=\"https:\/\/ucm.one\/wp-content\/uploads\/2021\/06\/P-Sleepless-Beauty-Kino.jpg\" \/>\n<meta name=\"twitter:label1\" content=\"Gesch\u00e4tzte Lesezeit\" \/>\n\t<meta name=\"twitter:data1\" content=\"1\u00a0Minute\" \/>\n<!-- \/ Yoast SEO plugin. -->","yoast_head_json":{"title":"Sleepless Beauty - Gefangen im Albtraum","description":"Shop | Sleepless Beauty - Gefangen im Albtraum | 2021 | M-Square Pictures | Blu-Ray, DVD | FSK 18","robots":{"index":"index","follow":"follow","max-snippet":"max-snippet:-1","max-image-preview":"max-image-preview:large","max-video-preview":"max-video-preview:-1"},"canonical":"https:\/\/ucm.one\/de\/produkt\/sleepless-beauty-gefangen-im-albtraum\/","og_locale":"de_DE","og_type":"article","og_title":"Sleepless Beauty - Gefangen im Albtraum","og_description":"Shop | Sleepless Beauty - Gefangen im Albtraum | 2021 | M-Square Pictures | Blu-Ray, DVD | FSK 18","og_url":"https:\/\/ucm.one\/de\/produkt\/sleepless-beauty-gefangen-im-albtraum\/","og_site_name":"UCM.ONE","article_modified_time":"2023-06-18T13:48:32+00:00","og_image":[{"url":"https:\/\/ucm.one\/wp-content\/uploads\/2021\/06\/P-Sleepless-Beauty-Kino.jpg","type":"","width":"","height":""}],"twitter_card":"summary_large_image","twitter_title":"Sleepless Beauty - Gefangen im Albtraum","twitter_description":"Shop | Sleepless Beauty - Gefangen im Albtraum | 2021 | M-Square Pictures | Blu-Ray, DVD | FSK 18","twitter_image":"https:\/\/ucm.one\/wp-content\/uploads\/2021\/06\/P-Sleepless-Beauty-Kino.jpg","twitter_misc":{"Gesch\u00e4tzte Lesezeit":"1\u00a0Minute"},"schema":{"@context":"https:\/\/schema.org","@graph":[{"@type":"WebPage","@id":"https:\/\/ucm.one\/de\/produkt\/sleepless-beauty-gefangen-im-albtraum\/","url":"https:\/\/ucm.one\/de\/produkt\/sleepless-beauty-gefangen-im-albtraum\/","name":"Sleepless Beauty - Gefangen im Albtraum","isPartOf":{"@id":"https:\/\/ucm.one\/de\/#website"},"primaryImageOfPage":{"@id":"https:\/\/ucm.one\/de\/produkt\/sleepless-beauty-gefangen-im-albtraum\/#primaryimage"},"image":{"@id":"https:\/\/ucm.one\/de\/produkt\/sleepless-beauty-gefangen-im-albtraum\/#primaryimage"},"thumbnailUrl":"https:\/\/ucm.one\/wp-content\/uploads\/2022\/08\/C-Speepless-Beauty-DVD-2D-FSK18.jpg","datePublished":"2021-05-28T22:32:18+00:00","dateModified":"2023-06-18T13:48:32+00:00","description":"Shop | Sleepless Beauty - Gefangen im Albtraum | 2021 | M-Square Pictures | Blu-Ray, DVD | FSK 18","breadcrumb":{"@id":"https:\/\/ucm.one\/de\/produkt\/sleepless-beauty-gefangen-im-albtraum\/#breadcrumb"},"inLanguage":"de","potentialAction":[{"@type":"ReadAction","target":["https:\/\/ucm.one\/de\/produkt\/sleepless-beauty-gefangen-im-albtraum\/"]}]},{"@type":"ImageObject","inLanguage":"de","@id":"https:\/\/ucm.one\/de\/produkt\/sleepless-beauty-gefangen-im-albtraum\/#primaryimage","url":"https:\/\/ucm.one\/wp-content\/uploads\/2022\/08\/C-Speepless-Beauty-DVD-2D-FSK18.jpg","contentUrl":"https:\/\/ucm.one\/wp-content\/uploads\/2022\/08\/C-Speepless-Beauty-DVD-2D-FSK18.jpg","width":699,"height":1000},{"@type":"BreadcrumbList","@id":"https:\/\/ucm.one\/de\/produkt\/sleepless-beauty-gefangen-im-albtraum\/#breadcrumb","itemListElement":[{"@type":"ListItem","position":1,"name":"Home","item":"https:\/\/ucm.one\/de\/"},{"@type":"ListItem","position":2,"name":"Shop","item":"https:\/\/ucm.one\/de\/shop\/"},{"@type":"ListItem","position":3,"name":"Sleepless Beauty &#8211; Gefangen im Albtraum"}]},{"@type":"WebSite","@id":"https:\/\/ucm.one\/de\/#website","url":"https:\/\/ucm.one\/de\/","name":"UCM.ONE","description":"","publisher":{"@id":"https:\/\/ucm.one\/de\/#organization"},"potentialAction":[{"@type":"SearchAction","target":{"@type":"EntryPoint","urlTemplate":"https:\/\/ucm.one\/de\/?s={search_term_string}"},"query-input":{"@type":"PropertyValueSpecification","valueRequired":true,"valueName":"search_term_string"}}],"inLanguage":"de"},{"@type":"Organization","@id":"https:\/\/ucm.one\/de\/#organization","name":"UCM.ONE","url":"https:\/\/ucm.one\/de\/","logo":{"@type":"ImageObject","inLanguage":"de","@id":"https:\/\/ucm.one\/de\/#\/schema\/logo\/image\/","url":"https:\/\/ucm.one\/wp-content\/uploads\/2019\/10\/UCM.ONE-Logo-RGB.svg","contentUrl":"https:\/\/ucm.one\/wp-content\/uploads\/2019\/10\/UCM.ONE-Logo-RGB.svg","width":1,"height":1,"caption":"UCM.ONE"},"image":{"@id":"https:\/\/ucm.one\/de\/#\/schema\/logo\/image\/"}}]}},"_links":{"self":[{"href":"https:\/\/ucm.one\/de\/wp-json\/wp\/v2\/product\/73446","targetHints":{"allow":["GET"]}}],"collection":[{"href":"https:\/\/ucm.one\/de\/wp-json\/wp\/v2\/product"}],"about":[{"href":"https:\/\/ucm.one\/de\/wp-json\/wp\/v2\/types\/product"}],"replies":[{"embeddable":true,"href":"https:\/\/ucm.one\/de\/wp-json\/wp\/v2\/comments?post=73446"}],"wp:featuredmedia":[{"embeddable":true,"href":"https:\/\/ucm.one\/de\/wp-json\/wp\/v2\/media\/73447"}],"wp:attachment":[{"href":"https:\/\/ucm.one\/de\/wp-json\/wp\/v2\/media?parent=73446"}],"wp:term":[{"taxonomy":"product_brand","embeddable":true,"href":"https:\/\/ucm.one\/de\/wp-json\/wp\/v2\/product_brand?post=73446"},{"taxonomy":"product_cat","embeddable":true,"href":"https:\/\/ucm.one\/de\/wp-json\/wp\/v2\/product_cat?post=73446"},{"taxonomy":"product_tag","embeddable":true,"href":"https:\/\/ucm.one\/de\/wp-json\/wp\/v2\/product_tag?post=73446"}],"curies":[{"name":"wp","href":"https:\/\/api.w.org\/{rel}","templated":true}]}}