{"id":73293,"date":"2019-09-27T13:46:50","date_gmt":"2019-09-27T13:46:50","guid":{"rendered":"https:\/\/ucm.one\/?post_type=product&#038;p=73293"},"modified":"2023-11-10T22:37:12","modified_gmt":"2023-11-10T22:37:12","slug":"z-nation-staffel-5","status":"publish","type":"product","link":"https:\/\/ucm.one\/de\/produkt\/z-nation-staffel-5\/","title":{"rendered":"Z Nation (Staffel 5)"},"content":{"rendered":"<div class=\"wpb_text_column wpb_content_element \">\n<div class=\"wpb_wrapper\">\n<div class=\"\">\n<div class=\"wpb_text_column wpb_content_element \">\n<div class=\"wpb_wrapper\">\n<div class=\"wpb_text_column wpb_content_element \">\n<div class=\"wpb_wrapper\">\n<div class=\"wpb_text_column wpb_content_element \">\n<div class=\"wpb_wrapper\">\n<p>In der f\u00fcnften Staffel bekommen es die Helden der Serie mit einem neuen Zombie-Ph\u00e4nomen zu tun: dem Talker, einer sprechenden und denkenden Zombie-Gattung. Warren (<strong>Kellita Smith<\/strong>) kommt nach dem Drohnen-Crash langsam wieder zu Kr\u00e4ften und erh\u00e4lt Hilfe vom mysteri\u00f6sen Cooper (M<strong>ario van Peebles<\/strong>). W\u00e4hrenddessen erreicht die Gruppe um Doc (<strong>Russell Hodgkinson<\/strong>) und Murphy (<strong>Keith Allan<\/strong>) \u201eNewmerica\u201c\u2013 dort k\u00e4mpft eine Frau namens George (<strong>Katy O\u2019Brian<\/strong>) f\u00fcr die friedliche Ko-Existenz zwischen Talkern und Menschen. Doch nicht jedem gef\u00e4llt diese Vorstellung, was schon sehr bald zu einer ganzen Reihe von Problemen f\u00fchrt &#8230;<\/p>\n<\/div>\n<\/div>\n<\/div>\n<\/div>\n<\/div>\n<\/div>\n<\/div>\n<\/div>\n<\/div>\n<div><div class=\"gap\" style=\"line-height: 20px; height: 20px;\"><\/div><\/div>\n<h5>Weitere Informationen<\/h5>\n<div>\n<div>\n<table style=\"height: 46px; width: 100%; border-collapse: collapse; border-color: #ffffff; background-color: #ffffff; border-style: hidden;\">\n<tbody>\n<tr style=\"height: 23px; border-style: hidden; border-color: #ffffff; background-color: #ffffff;\">\n<td style=\"width: 4.701195219123506%; height: 23px; border-style: hidden;\">Serie:<\/td>\n<td style=\"width: 95.29880478087651%; height: 23px; border-style: hidden;\"><a title=\"Z Nation\" href=\"https:\/\/ucm.one\/de\/z-nation\/\">Z Nation<\/a><\/td>\n<\/tr>\n<tr style=\"height: 23px;\">\n<td style=\"width: 4.701195219123506%; height: 23px; border-style: hidden;\">Label:<\/td>\n<td style=\"width: 95.29880478087651%; height: 23px; border-style: hidden;\"><a title=\"M-Square Pictures\" href=\"https:\/\/ucm.one\/de\/film-labels\/m-square-pictures\">M-Square Pictures<\/a><\/td>\n<\/tr>\n<\/tbody>\n<\/table>\n<\/div>\n<div><\/div>\n<\/div>\n<div>\n<div><div class=\"gap\" style=\"line-height: 10px; height: 10px;\"><\/div><\/div>\n<div>\u2117 2018\u00a0<b>The\u00a0Asylum<\/b>, \u00a9 2019\u00a0<strong>M-Square Pictures \/<\/strong> <span style=\"font-family: 'arial black', sans-serif;\"><strong>UCM.ONE<\/strong><\/span><\/div>\n<div><div class=\"gap\" style=\"line-height: 20px; height: 20px;\"><\/div><\/div>\n<div>\n<div><\/div>\n<div>\n<div><div class=\"gap\" style=\"line-height: 10px; height: 10px;\"><\/div><\/div>\n<div><span style=\"color: #003a80;\"><strong>\u27a0 <a style=\"color: #003a80;\" href=\"https:\/\/ucm.one\/de\/produkt-kategorie\/art-de\/filme-de\/\">zum Shop<\/a><\/strong><\/span><\/div>\n<div><div class=\"gap\" style=\"line-height: 20px; height: 20px;\"><\/div><\/div>\n<\/div>\n<\/div>\n<\/div>\n","protected":false},"excerpt":{"rendered":"<p>Entwicklung:\u00a0<strong><a href=\"https:\/\/www.imdb.com\/name\/nm4627875\/?ref_=ttfc_fc_wr1\">Craig Engler<\/a><\/strong>, <strong><a href=\"https:\/\/www.imdb.com\/name\/nm0769633\/?ref_=ttfc_fc_wr3\">Karl Schaefer<\/a><\/strong><\/p>\n<p>Label: <a title=\"M-Square Pictures\" href=\"https:\/\/ucm.one\/de\/produkt-kategorie\/label-film-de\/m-square-pictures-de\"><strong>M-Square Pictures<\/strong><\/a><\/p>\n<p>Art:\u00a0<strong><a href=\"https:\/\/ucm.one\/de\/produkt-kategorie\/art-de\/filme-de\/\">Film<\/a>\u00a0\/ <a href=\"https:\/\/ucm.one\/de\/produkt-kategorie\/art-de\/serie-de\/\">Serie<\/a>\u00a0(<a title=\"Z Nation\" href=\"https:\/\/ucm.one\/de\/?s=%22Z+Nation%22&amp;post_type=product\">Z Nation<\/a>)<\/strong><\/p>\n<p>Genre:\u00a0<b><a href=\"https:\/\/ucm.one\/de\/produkt-kategorie\/genre-film-de\/horror-de\/\">Horror<\/a>, <a title=\"\" href=\"https:\/\/ucm.one\/de\/produkt-kategorie\/genre-film-de\/action-de\/\">Action<\/a><\/b><\/p>\n<p>Jahr: <strong>2018<\/strong><\/p>\n<p>FSK: <strong>18<\/strong><\/p>\n<p>Formate: <strong>Diverse<\/strong><\/p>\n","protected":false},"featured_media":73294,"comment_status":"open","ping_status":"closed","template":"","meta":{"_acf_changed":false},"product_brand":[],"product_cat":[10327,10331,10332,10358,9708,10323,14952],"product_tag":[13506,13507,13508,13509,11301,13510,11716,13511,13513,13514,13502,13515,13504,10325,13505],"class_list":{"0":"post-73293","1":"product","2":"type-product","3":"status-publish","4":"has-post-thumbnail","6":"product_cat-horror-de","7":"product_cat-dvd-de","8":"product_cat-blu-ray-de","9":"product_cat-action-de","10":"product_cat-filme-de","11":"product_cat-m-square-pictures-de","12":"product_cat-serie-de","13":"product_tag-walking-dead","14":"product_tag-tom-everett-scott","15":"product_tag-dj-qualls","16":"product_tag-kellita-smith","17":"product_tag-the-asylum","18":"product_tag-keith-allan","19":"product_tag-zombies","20":"product_tag-russell-hodgkinson","21":"product_tag-katy-obrian","22":"product_tag-mario-van-peebles","23":"product_tag-z-nation","24":"product_tag-staffel-5","25":"product_tag-serie","26":"product_tag-m-square-pictures","27":"product_tag-zombie","28":"pa_format-staffel-5-4xdvd-de","29":"pa_format-staffel-5-4xblu-ray-de","30":"description-off","32":"first","33":"instock","34":"sale","35":"taxable","36":"shipping-taxable","37":"purchasable","38":"product-type-variable"},"acf":[],"yoast_head":"<!-- This site is optimized with the Yoast SEO plugin v27.2 - https:\/\/yoast.com\/product\/yoast-seo-wordpress\/ -->\n<title>Z Nation (Staffel 5)<\/title>\n<meta name=\"description\" content=\"Shop | Z Nation (Staffel 5) | 2019 | M-Square Pictures | Blu-Ray, DVD | FSK 18\" \/>\n<meta name=\"robots\" content=\"index, follow, max-snippet:-1, max-image-preview:large, max-video-preview:-1\" \/>\n<link rel=\"canonical\" href=\"https:\/\/ucm.one\/de\/produkt\/z-nation-staffel-5\/\" \/>\n<meta property=\"og:locale\" content=\"de_DE\" \/>\n<meta property=\"og:type\" content=\"article\" \/>\n<meta property=\"og:title\" content=\"Z Nation (Staffel 5)\" \/>\n<meta property=\"og:description\" content=\"Shop | Z Nation (Staffel 5) | 2019 | M-Square Pictures | Blu-Ray, DVD | FSK 18\" \/>\n<meta property=\"og:url\" content=\"https:\/\/ucm.one\/de\/produkt\/z-nation-staffel-5\/\" \/>\n<meta property=\"og:site_name\" content=\"UCM.ONE\" \/>\n<meta property=\"article:modified_time\" content=\"2023-11-10T22:37:12+00:00\" \/>\n<meta property=\"og:image\" content=\"https:\/\/ucm.one\/wp-content\/uploads\/2019\/09\/Z-Nation-5-Start-und-Endscreen-1.jpg\" \/>\n<meta name=\"twitter:card\" content=\"summary_large_image\" \/>\n<meta name=\"twitter:title\" content=\"Z Nation (Staffel 5)\" \/>\n<meta name=\"twitter:description\" content=\"Shop | Z Nation (Staffel 5) | 2019 | M-Square Pictures | Blu-Ray, DVD | FSK 18\" \/>\n<meta name=\"twitter:image\" content=\"https:\/\/ucm.one\/wp-content\/uploads\/2019\/09\/Z-Nation-5-Start-und-Endscreen-1.jpg\" \/>\n<meta name=\"twitter:label1\" content=\"Gesch\u00e4tzte Lesezeit\" \/>\n\t<meta name=\"twitter:data1\" content=\"1\u00a0Minute\" \/>\n<!-- \/ Yoast SEO plugin. -->","yoast_head_json":{"title":"Z Nation (Staffel 5)","description":"Shop | Z Nation (Staffel 5) | 2019 | M-Square Pictures | Blu-Ray, DVD | FSK 18","robots":{"index":"index","follow":"follow","max-snippet":"max-snippet:-1","max-image-preview":"max-image-preview:large","max-video-preview":"max-video-preview:-1"},"canonical":"https:\/\/ucm.one\/de\/produkt\/z-nation-staffel-5\/","og_locale":"de_DE","og_type":"article","og_title":"Z Nation (Staffel 5)","og_description":"Shop | Z Nation (Staffel 5) | 2019 | M-Square Pictures | Blu-Ray, DVD | FSK 18","og_url":"https:\/\/ucm.one\/de\/produkt\/z-nation-staffel-5\/","og_site_name":"UCM.ONE","article_modified_time":"2023-11-10T22:37:12+00:00","og_image":[{"url":"https:\/\/ucm.one\/wp-content\/uploads\/2019\/09\/Z-Nation-5-Start-und-Endscreen-1.jpg","type":"","width":"","height":""}],"twitter_card":"summary_large_image","twitter_title":"Z Nation (Staffel 5)","twitter_description":"Shop | Z Nation (Staffel 5) | 2019 | M-Square Pictures | Blu-Ray, DVD | FSK 18","twitter_image":"https:\/\/ucm.one\/wp-content\/uploads\/2019\/09\/Z-Nation-5-Start-und-Endscreen-1.jpg","twitter_misc":{"Gesch\u00e4tzte Lesezeit":"1\u00a0Minute"},"schema":{"@context":"https:\/\/schema.org","@graph":[{"@type":"WebPage","@id":"https:\/\/ucm.one\/de\/produkt\/z-nation-staffel-5\/","url":"https:\/\/ucm.one\/de\/produkt\/z-nation-staffel-5\/","name":"Z Nation (Staffel 5)","isPartOf":{"@id":"https:\/\/ucm.one\/de\/#website"},"primaryImageOfPage":{"@id":"https:\/\/ucm.one\/de\/produkt\/z-nation-staffel-5\/#primaryimage"},"image":{"@id":"https:\/\/ucm.one\/de\/produkt\/z-nation-staffel-5\/#primaryimage"},"thumbnailUrl":"https:\/\/ucm.one\/wp-content\/uploads\/2022\/08\/Z-Nation-S5-DVD-2D-FSK18.jpg","datePublished":"2019-09-27T13:46:50+00:00","dateModified":"2023-11-10T22:37:12+00:00","description":"Shop | Z Nation (Staffel 5) | 2019 | M-Square Pictures | Blu-Ray, DVD | FSK 18","breadcrumb":{"@id":"https:\/\/ucm.one\/de\/produkt\/z-nation-staffel-5\/#breadcrumb"},"inLanguage":"de","potentialAction":[{"@type":"ReadAction","target":["https:\/\/ucm.one\/de\/produkt\/z-nation-staffel-5\/"]}]},{"@type":"ImageObject","inLanguage":"de","@id":"https:\/\/ucm.one\/de\/produkt\/z-nation-staffel-5\/#primaryimage","url":"https:\/\/ucm.one\/wp-content\/uploads\/2022\/08\/Z-Nation-S5-DVD-2D-FSK18.jpg","contentUrl":"https:\/\/ucm.one\/wp-content\/uploads\/2022\/08\/Z-Nation-S5-DVD-2D-FSK18.jpg","width":699,"height":1000},{"@type":"BreadcrumbList","@id":"https:\/\/ucm.one\/de\/produkt\/z-nation-staffel-5\/#breadcrumb","itemListElement":[{"@type":"ListItem","position":1,"name":"Home","item":"https:\/\/ucm.one\/de\/"},{"@type":"ListItem","position":2,"name":"Shop","item":"https:\/\/ucm.one\/de\/shop\/"},{"@type":"ListItem","position":3,"name":"Z Nation (Staffel 5)"}]},{"@type":"WebSite","@id":"https:\/\/ucm.one\/de\/#website","url":"https:\/\/ucm.one\/de\/","name":"UCM.ONE","description":"","publisher":{"@id":"https:\/\/ucm.one\/de\/#organization"},"potentialAction":[{"@type":"SearchAction","target":{"@type":"EntryPoint","urlTemplate":"https:\/\/ucm.one\/de\/?s={search_term_string}"},"query-input":{"@type":"PropertyValueSpecification","valueRequired":true,"valueName":"search_term_string"}}],"inLanguage":"de"},{"@type":"Organization","@id":"https:\/\/ucm.one\/de\/#organization","name":"UCM.ONE","url":"https:\/\/ucm.one\/de\/","logo":{"@type":"ImageObject","inLanguage":"de","@id":"https:\/\/ucm.one\/de\/#\/schema\/logo\/image\/","url":"https:\/\/ucm.one\/wp-content\/uploads\/2019\/10\/UCM.ONE-Logo-RGB.svg","contentUrl":"https:\/\/ucm.one\/wp-content\/uploads\/2019\/10\/UCM.ONE-Logo-RGB.svg","width":1,"height":1,"caption":"UCM.ONE"},"image":{"@id":"https:\/\/ucm.one\/de\/#\/schema\/logo\/image\/"}}]}},"_links":{"self":[{"href":"https:\/\/ucm.one\/de\/wp-json\/wp\/v2\/product\/73293","targetHints":{"allow":["GET"]}}],"collection":[{"href":"https:\/\/ucm.one\/de\/wp-json\/wp\/v2\/product"}],"about":[{"href":"https:\/\/ucm.one\/de\/wp-json\/wp\/v2\/types\/product"}],"replies":[{"embeddable":true,"href":"https:\/\/ucm.one\/de\/wp-json\/wp\/v2\/comments?post=73293"}],"wp:featuredmedia":[{"embeddable":true,"href":"https:\/\/ucm.one\/de\/wp-json\/wp\/v2\/media\/73294"}],"wp:attachment":[{"href":"https:\/\/ucm.one\/de\/wp-json\/wp\/v2\/media?parent=73293"}],"wp:term":[{"taxonomy":"product_brand","embeddable":true,"href":"https:\/\/ucm.one\/de\/wp-json\/wp\/v2\/product_brand?post=73293"},{"taxonomy":"product_cat","embeddable":true,"href":"https:\/\/ucm.one\/de\/wp-json\/wp\/v2\/product_cat?post=73293"},{"taxonomy":"product_tag","embeddable":true,"href":"https:\/\/ucm.one\/de\/wp-json\/wp\/v2\/product_tag?post=73293"}],"curies":[{"name":"wp","href":"https:\/\/api.w.org\/{rel}","templated":true}]}}