{"id":73176,"date":"2018-09-28T09:23:49","date_gmt":"2018-09-28T09:23:49","guid":{"rendered":"https:\/\/ucm.one\/?post_type=product&#038;p=73176"},"modified":"2023-06-18T15:03:40","modified_gmt":"2023-06-18T15:03:40","slug":"z-nation-staffel-3","status":"publish","type":"product","link":"https:\/\/ucm.one\/de\/produkt\/z-nation-staffel-3\/","title":{"rendered":"Z Nation (Staffel 3)"},"content":{"rendered":"<div class=\"wpb_text_column wpb_content_element \">\n<div class=\"wpb_wrapper\">\n<div class=\"\">\n<div class=\"wpb_text_column wpb_content_element \">\n<div class=\"wpb_wrapper\">\n<div class=\"wpb_text_column wpb_content_element \">\n<div class=\"wpb_wrapper\">\n<div class=\"wpb_text_column wpb_content_element \">\n<div class=\"wpb_wrapper\">\n<p>Die Zombie-Apokalypse ist Realit\u00e4t! Murphy (<strong>Keith Allan<\/strong>) wurde von den Untoten gebissen. Mit Hilfe eines experimentellen Gegenmittels konnte aber verhindert werden, dass er sich vollst\u00e4ndig verwandelt. Damit ist er der erste Hybrid zwischen Mensch und Zombie, wodurch er auch \u00fcber einige besondere F\u00e4higkeiten hat. Da Murphy vermutlich der einzige \u00dcberlebende eines solchen Vorfalls ist, wird er zur Hoffnung f\u00fcr die gesamte Menschheit, da mit seinem Blut ein besserer Impfstoff hergestellt werden k\u00f6nnte. Eine Gruppe von \u00dcberlebenden versucht ihn deswegen quer durch die USA zu einem Forschungslabor zu bringen. Doch Murphy kann entkommen und schafft es nach und nach selbst eine eigene Armee aus Zombie-Menschhybriden aufzubauen, die im ganzen Land, schlimmer als die Zombies selbst, nun Angst und Schrecken verbreitet\u2026<\/p>\n<\/div>\n<\/div>\n<\/div>\n<\/div>\n<\/div>\n<\/div>\n<\/div>\n<\/div>\n<\/div>\n<div><div class=\"gap\" style=\"line-height: 20px; height: 20px;\"><\/div><\/div>\n<h5>Weitere Informationen<\/h5>\n<div>\n<div>\n<table style=\"height: 46px; width: 100%; border-collapse: collapse; border-color: #ffffff; background-color: #ffffff; border-style: hidden;\">\n<tbody>\n<tr style=\"height: 23px; border-style: hidden; border-color: #ffffff; background-color: #ffffff;\">\n<td style=\"width: 4.701195219123506%; height: 23px; border-style: hidden;\">Serie:<\/td>\n<td style=\"width: 95.29880478087651%; height: 23px; border-style: hidden;\"><a title=\"Z Nation\" href=\"https:\/\/ucm.one\/de\/z-nation\/\">Z Nation<\/a><\/td>\n<\/tr>\n<tr style=\"height: 23px;\">\n<td style=\"width: 4.701195219123506%; height: 23px; border-style: hidden;\">Label:<\/td>\n<td style=\"width: 95.29880478087651%; height: 23px; border-style: hidden;\"><a title=\"M-Square Pictures\" href=\"https:\/\/ucm.one\/de\/film-labels\/m-square-pictures\">M-Square Pictures<\/a><\/td>\n<\/tr>\n<\/tbody>\n<\/table>\n<\/div>\n<div><\/div>\n<\/div>\n<div>\n<div><div class=\"gap\" style=\"line-height: 10px; height: 10px;\"><\/div><\/div>\n<div>\u2117 2017\u00a0<b>The\u00a0Asylum<\/b>, \u00a0\u00a9 2018 <strong>M-Square Pictures \/<\/strong> <span style=\"font-family: 'arial black', sans-serif;\"><strong>UCM.ONE<\/strong><\/span><\/div>\n<div><div class=\"gap\" style=\"line-height: 20px; height: 20px;\"><\/div><\/div>\n<div>\n<div><\/div>\n<div>\n<div><div class=\"gap\" style=\"line-height: 10px; height: 10px;\"><\/div><\/div>\n<div><span style=\"color: #003a80;\"><strong>\u27a0 <a style=\"color: #003a80;\" href=\"https:\/\/ucm.one\/de\/produkt-kategorie\/art-de\/filme-de\/\">zum Shop<\/a><\/strong><\/span><\/div>\n<div><div class=\"gap\" style=\"line-height: 20px; height: 20px;\"><\/div><\/div>\n<\/div>\n<\/div>\n<\/div>\n","protected":false},"excerpt":{"rendered":"<p>Entwicklung:\u00a0<strong><a href=\"https:\/\/www.imdb.com\/name\/nm4627875\/?ref_=ttfc_fc_wr1\">Craig Engler<\/a><\/strong>, <strong><a href=\"https:\/\/www.imdb.com\/name\/nm0769633\/?ref_=ttfc_fc_wr3\">Karl Schaefer<\/a><\/strong><\/p>\n<p>Label: <a title=\"M-Square Pictures\" href=\"https:\/\/ucm.one\/de\/produkt-kategorie\/label-film-de\/m-square-pictures-de\"><strong>M-Square Pictures<\/strong><\/a><\/p>\n<p>Art:\u00a0<strong><a href=\"https:\/\/ucm.one\/de\/produkt-kategorie\/art-de\/filme-de\/\">Film<\/a>\u00a0\/ <a href=\"https:\/\/ucm.one\/de\/produkt-kategorie\/art-de\/serie-de\/\">Serie<\/a> (<a title=\"Z Nation\" href=\"https:\/\/ucm.one\/de\/?s=%22Z+Nation%22&amp;post_type=product\">Z Nation<\/a>)<\/strong><\/p>\n<p>Genre:\u00a0<b><a href=\"https:\/\/ucm.one\/de\/produkt-kategorie\/genre-film-de\/horror-de\/\">Horror<\/a>, <a title=\"\" href=\"https:\/\/ucm.one\/de\/produkt-kategorie\/genre-film-de\/action-de\/\">Action<\/a><\/b><br \/>\n<b><\/b><\/p>\n<p>Jahr: <strong>2018<\/strong><\/p>\n<p>FSK: <strong>18<\/strong><\/p>\n<p>Formate: <strong>Diverse<\/strong><\/p>\n","protected":false},"featured_media":73182,"comment_status":"open","ping_status":"closed","template":"","meta":{"_acf_changed":false},"product_brand":[],"product_cat":[9708,14952,10323,10327,10331,10332,10358],"product_tag":[11301,13509,11716,13510,13511,13502,13503,10325,13504,13505,13506,13507,13508],"class_list":{"0":"post-73176","1":"product","2":"type-product","3":"status-publish","4":"has-post-thumbnail","6":"product_cat-filme-de","7":"product_cat-serie-de","8":"product_cat-m-square-pictures-de","9":"product_cat-horror-de","10":"product_cat-dvd-de","11":"product_cat-blu-ray-de","12":"product_cat-action-de","13":"product_tag-the-asylum","14":"product_tag-kellita-smith","15":"product_tag-zombies","16":"product_tag-keith-allan","17":"product_tag-russell-hodgkinson","18":"product_tag-z-nation","19":"product_tag-staffel-3","20":"product_tag-m-square-pictures","21":"product_tag-serie","22":"product_tag-zombie","23":"product_tag-walking-dead","24":"product_tag-tom-everett-scott","25":"product_tag-dj-qualls","26":"pa_format-staffel-3-4xdvd-de","27":"pa_format-staffel-3-4xblu-ray-de","28":"description-off","30":"first","31":"instock","32":"sale","33":"taxable","34":"shipping-taxable","35":"purchasable","36":"product-type-variable"},"acf":[],"yoast_head":"<!-- This site is optimized with the Yoast SEO plugin v27.5 - https:\/\/yoast.com\/product\/yoast-seo-wordpress\/ -->\n<title>Z Nation (Staffel 3)<\/title>\n<meta name=\"description\" content=\"Shop | Z Nation (Staffel 3) | 2018 | M-Square Pictures | Blu-Ray, DVD | FSK 18\" \/>\n<meta name=\"robots\" content=\"index, follow, max-snippet:-1, max-image-preview:large, max-video-preview:-1\" \/>\n<link rel=\"canonical\" href=\"https:\/\/ucm.one\/de\/produkt\/z-nation-staffel-3\/\" \/>\n<meta property=\"og:locale\" content=\"de_DE\" \/>\n<meta property=\"og:type\" content=\"article\" \/>\n<meta property=\"og:title\" content=\"Z Nation (Staffel 3)\" \/>\n<meta property=\"og:description\" content=\"Shop | Z Nation (Staffel 3) | 2018 | M-Square Pictures | Blu-Ray, DVD | FSK 18\" \/>\n<meta property=\"og:url\" content=\"https:\/\/ucm.one\/de\/produkt\/z-nation-staffel-3\/\" \/>\n<meta property=\"og:site_name\" content=\"UCM.ONE\" \/>\n<meta property=\"article:modified_time\" content=\"2023-06-18T15:03:40+00:00\" \/>\n<meta property=\"og:image\" content=\"https:\/\/ucm.one\/wp-content\/uploads\/2018\/06\/B-Z-Nation-Staffel-3-Poster-1.jpg\" \/>\n<meta name=\"twitter:card\" content=\"summary_large_image\" \/>\n<meta name=\"twitter:title\" content=\"Z Nation (Staffel 3)\" \/>\n<meta name=\"twitter:description\" content=\"Shop | Like Dogs | 2022 | B-Spree Pictures | Blu-Ray, DVD | FSK 18\" \/>\n<meta name=\"twitter:image\" content=\"https:\/\/ucm.one\/wp-content\/uploads\/2018\/06\/B-Z-Nation-Staffel-3-Poster-1.jpg\" \/>\n<meta name=\"twitter:label1\" content=\"Gesch\u00e4tzte Lesezeit\" \/>\n\t<meta name=\"twitter:data1\" content=\"1\u00a0Minute\" \/>\n<!-- \/ Yoast SEO plugin. -->","yoast_head_json":{"title":"Z Nation (Staffel 3)","description":"Shop | Z Nation (Staffel 3) | 2018 | M-Square Pictures | Blu-Ray, DVD | FSK 18","robots":{"index":"index","follow":"follow","max-snippet":"max-snippet:-1","max-image-preview":"max-image-preview:large","max-video-preview":"max-video-preview:-1"},"canonical":"https:\/\/ucm.one\/de\/produkt\/z-nation-staffel-3\/","og_locale":"de_DE","og_type":"article","og_title":"Z Nation (Staffel 3)","og_description":"Shop | Z Nation (Staffel 3) | 2018 | M-Square Pictures | Blu-Ray, DVD | FSK 18","og_url":"https:\/\/ucm.one\/de\/produkt\/z-nation-staffel-3\/","og_site_name":"UCM.ONE","article_modified_time":"2023-06-18T15:03:40+00:00","og_image":[{"url":"https:\/\/ucm.one\/wp-content\/uploads\/2018\/06\/B-Z-Nation-Staffel-3-Poster-1.jpg","type":"","width":"","height":""}],"twitter_card":"summary_large_image","twitter_title":"Z Nation (Staffel 3)","twitter_description":"Shop | Like Dogs | 2022 | B-Spree Pictures | Blu-Ray, DVD | FSK 18","twitter_image":"https:\/\/ucm.one\/wp-content\/uploads\/2018\/06\/B-Z-Nation-Staffel-3-Poster-1.jpg","twitter_misc":{"Gesch\u00e4tzte Lesezeit":"1\u00a0Minute"},"schema":{"@context":"https:\/\/schema.org","@graph":[{"@type":"WebPage","@id":"https:\/\/ucm.one\/de\/produkt\/z-nation-staffel-3\/","url":"https:\/\/ucm.one\/de\/produkt\/z-nation-staffel-3\/","name":"Z Nation (Staffel 3)","isPartOf":{"@id":"https:\/\/ucm.one\/de\/#website"},"primaryImageOfPage":{"@id":"https:\/\/ucm.one\/de\/produkt\/z-nation-staffel-3\/#primaryimage"},"image":{"@id":"https:\/\/ucm.one\/de\/produkt\/z-nation-staffel-3\/#primaryimage"},"thumbnailUrl":"https:\/\/ucm.one\/wp-content\/uploads\/2022\/08\/Z-Nation-S3-DVD-2D-FSK18.jpg","datePublished":"2018-09-28T09:23:49+00:00","dateModified":"2023-06-18T15:03:40+00:00","description":"Shop | Z Nation (Staffel 3) | 2018 | M-Square Pictures | Blu-Ray, DVD | FSK 18","breadcrumb":{"@id":"https:\/\/ucm.one\/de\/produkt\/z-nation-staffel-3\/#breadcrumb"},"inLanguage":"de","potentialAction":[{"@type":"ReadAction","target":["https:\/\/ucm.one\/de\/produkt\/z-nation-staffel-3\/"]}]},{"@type":"ImageObject","inLanguage":"de","@id":"https:\/\/ucm.one\/de\/produkt\/z-nation-staffel-3\/#primaryimage","url":"https:\/\/ucm.one\/wp-content\/uploads\/2022\/08\/Z-Nation-S3-DVD-2D-FSK18.jpg","contentUrl":"https:\/\/ucm.one\/wp-content\/uploads\/2022\/08\/Z-Nation-S3-DVD-2D-FSK18.jpg","width":699,"height":1000},{"@type":"BreadcrumbList","@id":"https:\/\/ucm.one\/de\/produkt\/z-nation-staffel-3\/#breadcrumb","itemListElement":[{"@type":"ListItem","position":1,"name":"Home","item":"https:\/\/ucm.one\/de\/"},{"@type":"ListItem","position":2,"name":"Shop","item":"https:\/\/ucm.one\/de\/shop\/"},{"@type":"ListItem","position":3,"name":"Z Nation (Staffel 3)"}]},{"@type":"WebSite","@id":"https:\/\/ucm.one\/de\/#website","url":"https:\/\/ucm.one\/de\/","name":"UCM.ONE","description":"","publisher":{"@id":"https:\/\/ucm.one\/de\/#organization"},"potentialAction":[{"@type":"SearchAction","target":{"@type":"EntryPoint","urlTemplate":"https:\/\/ucm.one\/de\/?s={search_term_string}"},"query-input":{"@type":"PropertyValueSpecification","valueRequired":true,"valueName":"search_term_string"}}],"inLanguage":"de"},{"@type":"Organization","@id":"https:\/\/ucm.one\/de\/#organization","name":"UCM.ONE","url":"https:\/\/ucm.one\/de\/","logo":{"@type":"ImageObject","inLanguage":"de","@id":"https:\/\/ucm.one\/de\/#\/schema\/logo\/image\/","url":"https:\/\/ucm.one\/wp-content\/uploads\/2019\/10\/UCM.ONE-Logo-RGB.svg","contentUrl":"https:\/\/ucm.one\/wp-content\/uploads\/2019\/10\/UCM.ONE-Logo-RGB.svg","width":1,"height":1,"caption":"UCM.ONE"},"image":{"@id":"https:\/\/ucm.one\/de\/#\/schema\/logo\/image\/"}}]}},"_links":{"self":[{"href":"https:\/\/ucm.one\/de\/wp-json\/wp\/v2\/product\/73176","targetHints":{"allow":["GET"]}}],"collection":[{"href":"https:\/\/ucm.one\/de\/wp-json\/wp\/v2\/product"}],"about":[{"href":"https:\/\/ucm.one\/de\/wp-json\/wp\/v2\/types\/product"}],"replies":[{"embeddable":true,"href":"https:\/\/ucm.one\/de\/wp-json\/wp\/v2\/comments?post=73176"}],"wp:featuredmedia":[{"embeddable":true,"href":"https:\/\/ucm.one\/de\/wp-json\/wp\/v2\/media\/73182"}],"wp:attachment":[{"href":"https:\/\/ucm.one\/de\/wp-json\/wp\/v2\/media?parent=73176"}],"wp:term":[{"taxonomy":"product_brand","embeddable":true,"href":"https:\/\/ucm.one\/de\/wp-json\/wp\/v2\/product_brand?post=73176"},{"taxonomy":"product_cat","embeddable":true,"href":"https:\/\/ucm.one\/de\/wp-json\/wp\/v2\/product_cat?post=73176"},{"taxonomy":"product_tag","embeddable":true,"href":"https:\/\/ucm.one\/de\/wp-json\/wp\/v2\/product_tag?post=73176"}],"curies":[{"name":"wp","href":"https:\/\/api.w.org\/{rel}","templated":true}]}}