{"id":73147,"date":"2022-04-15T22:09:48","date_gmt":"2022-04-15T22:09:48","guid":{"rendered":"https:\/\/ucm.one\/?post_type=product&#038;p=73147"},"modified":"2023-06-18T12:56:02","modified_gmt":"2023-06-18T12:56:02","slug":"the-slaughterhouse-killer","status":"publish","type":"product","link":"https:\/\/ucm.one\/de\/produkt\/the-slaughterhouse-killer\/","title":{"rendered":"The Slaughterhouse Killer"},"content":{"rendered":"<div class=\"wpb_text_column wpb_content_element \">\n<div class=\"wpb_wrapper\">\n<div class=\"\">\n<div class=\"wpb_text_column wpb_content_element \">\n<div class=\"wpb_wrapper\">\n<div class=\"wpb_text_column wpb_content_element \">\n<div class=\"wpb_wrapper\">\n<div class=\"wpb_text_column wpb_content_element \">\n<div class=\"wpb_wrapper\">\n<p>Seine Leidenschaft f\u00fcr das T\u00f6ten h\u00e4lt Box (<strong>Craig Ingham<\/strong>) seit Jahrzehnten als Gehilfe im \u00f6rtlichen Schlachthof auf Trab. Als Nathan (<strong>James Mason<\/strong>), ein junger ehemaliger H\u00e4ftling seinen ersten Bew\u00e4hrungsjob im Schlachtbetrieb antritt, nimmt ihn Box gern unter seine Fittiche. Und Box \u201ek\u00fcmmert\u201c sich wirklich um seinen jungen Kollegen, denn als Nathan gemobbt wird, schlachtet Box den Tyrannen kurzer Hand direkt vor Nathans Augen ab und macht Nathan so zu seinem Mordkomplizen. Nathan entdeckt, dass auch ihm das wahllose T\u00f6ten gef\u00e4llt und so begeben sich die beiden nach der Arbeit auf dem Schlachthof immer wieder auf eine M\u00f6rdertour. Nur Nathans ahnungsloser Freundin Tracey (<strong>Kristen Condon<\/strong>) ist Box mit seiner ungehobelten und aufdringlichen Art ein Dorn im Auge. Nach einem weiteren f\u00fcrchterlichen Mord, bei dem Nathan gezwungen ist, einen Jungen zu t\u00f6ten, wendet er sich von Box und seinem Tun ab. Doch Box l\u00e4sst sich nicht so einfach abservieren\u2026<\/p>\n<\/div>\n<\/div>\n<\/div>\n<\/div>\n<\/div>\n<\/div>\n<\/div>\n<\/div>\n<\/div>\n<div><div class=\"gap\" style=\"line-height: 20px; height: 20px;\"><\/div><\/div>\n<h5>Weitere Informationen<\/h5>\n<div>\n<div>\n<table style=\"height: 46px; width: 100%; border-collapse: collapse; border-color: #ffffff; background-color: #ffffff; border-style: hidden;\">\n<tbody>\n<tr style=\"height: 23px; border-style: hidden; border-color: #ffffff; background-color: #ffffff;\">\n<td style=\"width: 4.701195219123506%; height: 23px; border-style: hidden;\">Film:<\/td>\n<td style=\"width: 95.29880478087651%; height: 23px; border-style: hidden;\"><a title=\"The Slaughterhouse Killer\" href=\"https:\/\/ucm.one\/de\/neu-auf-u1-films-berlin-the-slaughterhouse-killer-von-sam-curtain\/\"> The Slaughterhouse Killer<\/a><\/td>\n<\/tr>\n<tr style=\"height: 23px;\">\n<td style=\"width: 4.701195219123506%; height: 23px; border-style: hidden;\">Label:<\/td>\n<td style=\"width: 95.29880478087651%; height: 23px; border-style: hidden;\"><a title=\"U1 Films Berlin\" href=\"https:\/\/ucm.one\/de\/film-labels\/u1-films-berlin\/\">U1 Films Berlin<\/a><\/td>\n<\/tr>\n<\/tbody>\n<\/table>\n<\/div>\n<div><\/div>\n<\/div>\n<div>\n<div><div class=\"gap\" style=\"line-height: 10px; height: 10px;\"><\/div><\/div>\n<div>\u2117 2020\u00a0<strong>Black Mandala<\/strong>, <strong>Stud Ranch<\/strong>, \u00a9 2022\u00a0<strong><span style=\"font-family: 'arial black', sans-serif;\">U1<\/span> Films Berlin<\/strong> \/ <span style=\"font-family: 'arial black', sans-serif;\"><strong>UCM.ONE<\/strong><\/span><\/div>\n<div><div class=\"gap\" style=\"line-height: 20px; height: 20px;\"><\/div><\/div>\n<\/div>\n<div>\n<div><\/div>\n<div>\n<div><div class=\"gap\" style=\"line-height: 10px; height: 10px;\"><\/div><\/div>\n<div><span style=\"color: #003a80;\"><strong>\u27a0 <a style=\"color: #003a80;\" href=\"https:\/\/ucm.one\/de\/produkt-kategorie\/art-de\/filme-de\/\">zum Shop<\/a><\/strong><\/span><\/div>\n<div><div class=\"gap\" style=\"line-height: 20px; height: 20px;\"><\/div><\/div>\n<\/div>\n<\/div>\n","protected":false},"excerpt":{"rendered":"<p>Regie: <strong><a title=\"Sam Curtain\" href=\"https:\/\/ucm.one\/de\/?s=%22Sam+Curtain%22&amp;post_type=product\">Sam Curtain<\/a><\/strong><\/p>\n<p>Label:\u00a0<a href=\"https:\/\/ucm.one\/de\/produkt-kategorie\/label-film-de\/u1-films-berlin-de\/\"><strong>U1 Films Berlin<\/strong><\/a><\/p>\n<p>Art:\u00a0<strong><a href=\"https:\/\/ucm.one\/de\/produkt-kategorie\/art-de\/filme-de\/\">Film<\/a> (Spielfilm)<\/strong><\/p>\n<p>Genres: <strong><a href=\"https:\/\/ucm.one\/de\/produkt-kategorie\/genre-film-de\/horror-de\/\">Horror<\/a>, <a title=\"Slasher\" href=\"https:\/\/ucm.one\/de\/produkt-kategorie\/genre-film-de\/horror-de\/slasher-de\/\">Slasher<\/a><\/strong><\/p>\n<p>Jahr: <strong>2022<\/strong><\/p>\n<p>FSK: <strong>18<\/strong><\/p>\n<p>Formate: <strong>Diverse<\/strong><\/p>\n","protected":false},"featured_media":73148,"comment_status":"open","ping_status":"closed","template":"","meta":{"_acf_changed":false},"product_brand":[],"product_cat":[9708,10327,10331,10332,10340,11948],"product_tag":[13484,13474,13475,13476,13477,13478,13479,13480,13481,10349,13482,13483],"class_list":{"0":"post-73147","1":"product","2":"type-product","3":"status-publish","4":"has-post-thumbnail","6":"product_cat-filme-de","7":"product_cat-horror-de","8":"product_cat-dvd-de","9":"product_cat-blu-ray-de","10":"product_cat-u1-films-berlin-de","11":"product_cat-slasher-de","12":"product_tag-tubes-taylor","13":"product_tag-the-slaughterhouse-killer","14":"product_tag-sam-curtain","15":"product_tag-portrait-of-a-serial-killer","16":"product_tag-slaughterhouse","17":"product_tag-wolf-creek","18":"product_tag-bloodline","19":"product_tag-craig-ingham","20":"product_tag-james-mason","21":"product_tag-horror","22":"product_tag-kristen-condon","23":"product_tag-dean-kirkright","24":"pa_format-blu-ray-de","25":"pa_format-dvd","26":"description-off","28":"first","29":"instock","30":"sale","31":"taxable","32":"shipping-taxable","33":"purchasable","34":"product-type-variable"},"acf":[],"yoast_head":"<!-- This site is optimized with the Yoast SEO plugin v27.2 - https:\/\/yoast.com\/product\/yoast-seo-wordpress\/ -->\n<title>The Slaughterhouse Killer<\/title>\n<meta name=\"description\" content=\"Shop | The Slaughterhouse Killer | 2022 | U1 Films Berlin | Blu-Ray, DVD | FSK 18\" \/>\n<meta name=\"robots\" content=\"index, follow, max-snippet:-1, max-image-preview:large, max-video-preview:-1\" \/>\n<link rel=\"canonical\" href=\"https:\/\/ucm.one\/de\/produkt\/the-slaughterhouse-killer\/\" \/>\n<meta property=\"og:locale\" content=\"de_DE\" \/>\n<meta property=\"og:type\" content=\"article\" \/>\n<meta property=\"og:title\" content=\"The Slaughterhouse Killer\" \/>\n<meta property=\"og:description\" content=\"Shop | The Slaughterhouse Killer | 2022 | U1 Films Berlin | Blu-Ray, DVD | FSK 18\" \/>\n<meta property=\"og:url\" content=\"https:\/\/ucm.one\/de\/produkt\/the-slaughterhouse-killer\/\" \/>\n<meta property=\"og:site_name\" content=\"UCM.ONE\" \/>\n<meta property=\"article:modified_time\" content=\"2023-06-18T12:56:02+00:00\" \/>\n<meta property=\"og:image\" content=\"https:\/\/ucm.one\/wp-content\/uploads\/2022\/08\/P-The-Slaugtherhouse-Killer.jpg\" \/>\n<meta name=\"twitter:card\" content=\"summary_large_image\" \/>\n<meta name=\"twitter:title\" content=\"The Slaughterhouse Killer\" \/>\n<meta name=\"twitter:description\" content=\"Shop | The Slaughterhouse Killer | 2022 | U1 Films Berlin | Blu-Ray, DVD | FSK 18\" \/>\n<meta name=\"twitter:image\" content=\"https:\/\/ucm.one\/wp-content\/uploads\/2022\/08\/P-The-Slaugtherhouse-Killer.jpg\" \/>\n<meta name=\"twitter:label1\" content=\"Gesch\u00e4tzte Lesezeit\" \/>\n\t<meta name=\"twitter:data1\" content=\"1\u00a0Minute\" \/>\n<!-- \/ Yoast SEO plugin. -->","yoast_head_json":{"title":"The Slaughterhouse Killer","description":"Shop | The Slaughterhouse Killer | 2022 | U1 Films Berlin | Blu-Ray, DVD | FSK 18","robots":{"index":"index","follow":"follow","max-snippet":"max-snippet:-1","max-image-preview":"max-image-preview:large","max-video-preview":"max-video-preview:-1"},"canonical":"https:\/\/ucm.one\/de\/produkt\/the-slaughterhouse-killer\/","og_locale":"de_DE","og_type":"article","og_title":"The Slaughterhouse Killer","og_description":"Shop | The Slaughterhouse Killer | 2022 | U1 Films Berlin | Blu-Ray, DVD | FSK 18","og_url":"https:\/\/ucm.one\/de\/produkt\/the-slaughterhouse-killer\/","og_site_name":"UCM.ONE","article_modified_time":"2023-06-18T12:56:02+00:00","og_image":[{"url":"https:\/\/ucm.one\/wp-content\/uploads\/2022\/08\/P-The-Slaugtherhouse-Killer.jpg","type":"","width":"","height":""}],"twitter_card":"summary_large_image","twitter_title":"The Slaughterhouse Killer","twitter_description":"Shop | The Slaughterhouse Killer | 2022 | U1 Films Berlin | Blu-Ray, DVD | FSK 18","twitter_image":"https:\/\/ucm.one\/wp-content\/uploads\/2022\/08\/P-The-Slaugtherhouse-Killer.jpg","twitter_misc":{"Gesch\u00e4tzte Lesezeit":"1\u00a0Minute"},"schema":{"@context":"https:\/\/schema.org","@graph":[{"@type":"WebPage","@id":"https:\/\/ucm.one\/de\/produkt\/the-slaughterhouse-killer\/","url":"https:\/\/ucm.one\/de\/produkt\/the-slaughterhouse-killer\/","name":"The Slaughterhouse Killer","isPartOf":{"@id":"https:\/\/ucm.one\/de\/#website"},"primaryImageOfPage":{"@id":"https:\/\/ucm.one\/de\/produkt\/the-slaughterhouse-killer\/#primaryimage"},"image":{"@id":"https:\/\/ucm.one\/de\/produkt\/the-slaughterhouse-killer\/#primaryimage"},"thumbnailUrl":"https:\/\/ucm.one\/wp-content\/uploads\/2022\/08\/C-The-SLaughterhouse-Killer-DVD-2D-FSK18.jpg","datePublished":"2022-04-15T22:09:48+00:00","dateModified":"2023-06-18T12:56:02+00:00","description":"Shop | The Slaughterhouse Killer | 2022 | U1 Films Berlin | Blu-Ray, DVD | FSK 18","breadcrumb":{"@id":"https:\/\/ucm.one\/de\/produkt\/the-slaughterhouse-killer\/#breadcrumb"},"inLanguage":"de","potentialAction":[{"@type":"ReadAction","target":["https:\/\/ucm.one\/de\/produkt\/the-slaughterhouse-killer\/"]}]},{"@type":"ImageObject","inLanguage":"de","@id":"https:\/\/ucm.one\/de\/produkt\/the-slaughterhouse-killer\/#primaryimage","url":"https:\/\/ucm.one\/wp-content\/uploads\/2022\/08\/C-The-SLaughterhouse-Killer-DVD-2D-FSK18.jpg","contentUrl":"https:\/\/ucm.one\/wp-content\/uploads\/2022\/08\/C-The-SLaughterhouse-Killer-DVD-2D-FSK18.jpg","width":699,"height":1000},{"@type":"BreadcrumbList","@id":"https:\/\/ucm.one\/de\/produkt\/the-slaughterhouse-killer\/#breadcrumb","itemListElement":[{"@type":"ListItem","position":1,"name":"Home","item":"https:\/\/ucm.one\/de\/"},{"@type":"ListItem","position":2,"name":"Shop","item":"https:\/\/ucm.one\/de\/shop\/"},{"@type":"ListItem","position":3,"name":"The Slaughterhouse Killer"}]},{"@type":"WebSite","@id":"https:\/\/ucm.one\/de\/#website","url":"https:\/\/ucm.one\/de\/","name":"UCM.ONE","description":"","publisher":{"@id":"https:\/\/ucm.one\/de\/#organization"},"potentialAction":[{"@type":"SearchAction","target":{"@type":"EntryPoint","urlTemplate":"https:\/\/ucm.one\/de\/?s={search_term_string}"},"query-input":{"@type":"PropertyValueSpecification","valueRequired":true,"valueName":"search_term_string"}}],"inLanguage":"de"},{"@type":"Organization","@id":"https:\/\/ucm.one\/de\/#organization","name":"UCM.ONE","url":"https:\/\/ucm.one\/de\/","logo":{"@type":"ImageObject","inLanguage":"de","@id":"https:\/\/ucm.one\/de\/#\/schema\/logo\/image\/","url":"https:\/\/ucm.one\/wp-content\/uploads\/2019\/10\/UCM.ONE-Logo-RGB.svg","contentUrl":"https:\/\/ucm.one\/wp-content\/uploads\/2019\/10\/UCM.ONE-Logo-RGB.svg","width":1,"height":1,"caption":"UCM.ONE"},"image":{"@id":"https:\/\/ucm.one\/de\/#\/schema\/logo\/image\/"}}]}},"_links":{"self":[{"href":"https:\/\/ucm.one\/de\/wp-json\/wp\/v2\/product\/73147","targetHints":{"allow":["GET"]}}],"collection":[{"href":"https:\/\/ucm.one\/de\/wp-json\/wp\/v2\/product"}],"about":[{"href":"https:\/\/ucm.one\/de\/wp-json\/wp\/v2\/types\/product"}],"replies":[{"embeddable":true,"href":"https:\/\/ucm.one\/de\/wp-json\/wp\/v2\/comments?post=73147"}],"wp:featuredmedia":[{"embeddable":true,"href":"https:\/\/ucm.one\/de\/wp-json\/wp\/v2\/media\/73148"}],"wp:attachment":[{"href":"https:\/\/ucm.one\/de\/wp-json\/wp\/v2\/media?parent=73147"}],"wp:term":[{"taxonomy":"product_brand","embeddable":true,"href":"https:\/\/ucm.one\/de\/wp-json\/wp\/v2\/product_brand?post=73147"},{"taxonomy":"product_cat","embeddable":true,"href":"https:\/\/ucm.one\/de\/wp-json\/wp\/v2\/product_cat?post=73147"},{"taxonomy":"product_tag","embeddable":true,"href":"https:\/\/ucm.one\/de\/wp-json\/wp\/v2\/product_tag?post=73147"}],"curies":[{"name":"wp","href":"https:\/\/api.w.org\/{rel}","templated":true}]}}