{"id":73062,"date":"2022-05-27T19:56:44","date_gmt":"2022-05-27T19:56:44","guid":{"rendered":"https:\/\/ucm.one\/?post_type=product&#038;p=73062"},"modified":"2023-07-31T14:14:03","modified_gmt":"2023-07-31T14:14:03","slug":"like-dogs","status":"publish","type":"product","link":"https:\/\/ucm.one\/de\/produkt\/like-dogs\/","title":{"rendered":"Like Dogs"},"content":{"rendered":"<div class=\"wpb_text_column wpb_content_element \">\n<div class=\"wpb_wrapper\">\n<div class=\"\">\n<div class=\"wpb_text_column wpb_content_element \">\n<div class=\"wpb_wrapper\">\n<div class=\"wpb_text_column wpb_content_element \">\n<div class=\"wpb_wrapper\">\n<div class=\"wpb_text_column wpb_content_element \">\n<div class=\"wpb_wrapper\">\n<p>Lisa (<strong>Annabel Barrett<\/strong>) und Adam (<strong>Ignacyo Matynia<\/strong>), die sich v\u00f6llig fremd sind, werden aus heiterem Himmel von Unbekannten gekidnappt und in eine Art Hundezwinger eingesperrt, in denen sie mit Halsb\u00e4ndern dicht an die W\u00e4nde gekettet sind. Unter Video\u00fcberwachung werden sie von maskierten M\u00e4nnern, die ihnen \u2013 wie Hunden- immer nur kurze Befehle erteilen und sie t\u00e4glich aus Fressnetzen f\u00fcttern, immerzu erniedrigt. Ihre Notdurft m\u00fcssen sie in eine Rinne in ihrem Zwinger verrichten und auch sonst werden sie wie gefangene Tiere behandelt. Ab und an d\u00fcrfen sie in einem eingez\u00e4unten Hof spazieren gehen. Jeder Fluchtversuch ist aber zwecklos, denn sie tragen Halsb\u00e4nder, die sie bis zur Besinnungslosigkeit w\u00fcrgen, wenn sie versuchen sich au\u00dferhalb der erlaubten Bereiche zu bewegen.<\/p>\n<\/div>\n<\/div>\n<div class=\"wpb_text_column wpb_content_element \">\n<div class=\"wpb_wrapper\">\n<p>Lisa und Adam freunden sich an und erarbeiten einen Fluchtplan. In der Tat geling es Ihnen einen ihrer unbekannten Peiniger zu \u00fcberw\u00e4ltigen. Doch dann kommt alles anders als erwartet, denn sie sind \u201enur\u201c der Bestandteil einen perfiden Universit\u00e4t-Experimentes\u2026<\/p>\n<\/div>\n<\/div>\n<\/div>\n<\/div>\n<\/div>\n<\/div>\n<\/div>\n<\/div>\n<\/div>\n<div><div class=\"gap\" style=\"line-height: 20px; height: 20px;\"><\/div><\/div>\n<h5>Weitere Informationen<\/h5>\n<div>\n<div>\n<table style=\"height: 46px; width: 100%; border-collapse: collapse; border-color: #ffffff; background-color: #ffffff; border-style: hidden;\">\n<tbody>\n<tr style=\"height: 23px; border-style: hidden; border-color: #ffffff; background-color: #ffffff;\">\n<td style=\"width: 4.701195219123506%; height: 23px; border-style: hidden;\">Film:<\/td>\n<td style=\"width: 95.29880478087651%; height: 23px; border-style: hidden;\"><a title=\"Like Dogs\" href=\"https:\/\/ucm.one\/de\/like-dogs-von-randy-van-dyke-b-spree-pictures-ab-heute-erhaeltlich\/\">Like Dogs<\/a><\/td>\n<\/tr>\n<tr style=\"height: 23px;\">\n<td style=\"width: 4.701195219123506%; height: 23px; border-style: hidden;\">Label:<\/td>\n<td style=\"width: 95.29880478087651%; height: 23px; border-style: hidden;\"><a title=\"B-Spree Pictures\" href=\"https:\/\/ucm.one\/de\/film-labels\/b-spree-pictures\">B-Spree Pictures<\/a><\/td>\n<\/tr>\n<\/tbody>\n<\/table>\n<\/div>\n<div><\/div>\n<\/div>\n<div>\n<div><div class=\"gap\" style=\"line-height: 10px; height: 10px;\"><\/div><\/div>\n<div>\u2117 2021 <strong>Epic Level Entertainment<\/strong>, <strong>Temporary Insanity Productions<\/strong>, <strong>Fabletown Entertainment<\/strong>, \u00a9 2022\u00a0<strong>B-Spree Pictures<\/strong> \/ <span style=\"font-family: 'arial black', sans-serif;\"><strong>UCM.ONE<\/strong><\/span><\/div>\n<div><div class=\"gap\" style=\"line-height: 20px; height: 20px;\"><\/div><\/div>\n<div>\n<div><\/div>\n<div>\n<div><div class=\"gap\" style=\"line-height: 10px; height: 10px;\"><\/div><\/div>\n<div><span style=\"color: #003a80;\"><strong>\u27a0 <a style=\"color: #003a80;\" href=\"https:\/\/ucm.one\/de\/produkt-kategorie\/art-de\/filme-de\/\">zum Shop<\/a><\/strong><\/span><\/div>\n<div><div class=\"gap\" style=\"line-height: 20px; height: 20px;\"><\/div><\/div>\n<\/div>\n<\/div>\n<\/div>\n","protected":false},"excerpt":{"rendered":"<p>Regie: <a title=\"Randy Van Dyke\" href=\"https:\/\/ucm.one\/de\/?s=%22Randy+Van+Dyke%22&amp;post_type=product\"><strong>Randy Van Dyke<\/strong><\/a><\/p>\n<p>Label: <a title=\"B-Spree Pictures\" href=\"https:\/\/ucm.one\/de\/produkt-kategorie\/label-film-de\/b-spree-pictures-de\"><strong>B-Spree Pictures<\/strong><\/a><\/p>\n<p>Art:\u00a0<strong><a href=\"https:\/\/ucm.one\/de\/produkt-kategorie\/art-de\/filme-de\/\">Film<\/a> (Spielfilm)<\/strong><\/p>\n<p>Genre:\u00a0<b><a href=\"https:\/\/ucm.one\/de\/produkt-kategorie\/genre-film-de\/horror-de\/\">Horror<\/a><\/b><\/p>\n<p>Jahr: <strong>2021<\/strong><\/p>\n<p>FSK: <strong>18<\/strong><\/p>\n<p>Formate: <strong>Diverse<\/strong><\/p>\n","protected":false},"featured_media":73081,"comment_status":"open","ping_status":"closed","template":"","meta":{"_acf_changed":false},"product_brand":[],"product_cat":[10331,10332,10341,9708,10327,10330],"product_tag":[13542,13543,13544,13545,10349,13546,10942,13547,13548,13538,13549,9869,13539,13540,13541],"class_list":{"0":"post-73062","1":"product","2":"type-product","3":"status-publish","4":"has-post-thumbnail","6":"product_cat-dvd-de","7":"product_cat-blu-ray-de","8":"product_cat-b-spree-pictures-de","9":"product_cat-filme-de","10":"product_cat-horror-de","11":"product_cat-thriller-de","12":"product_tag-ryan-q","13":"product_tag-tran","14":"product_tag-shay-denison","15":"product_tag-katy-dore","16":"product_tag-horror","17":"product_tag-nicole-bleacher","18":"product_tag-b-spree-pictures","19":"product_tag-clay-coleman-davis","20":"product_tag-alan-maxson","21":"product_tag-like-dogs","22":"product_tag-chri","23":"product_tag-splatter","24":"product_tag-randy-van-dyke","25":"product_tag-annabel-barrett","26":"product_tag-ignacyo-matynia","27":"pa_format-dvd","28":"pa_format-blu-ray-de","29":"description-off","31":"first","32":"instock","33":"taxable","34":"shipping-taxable","35":"purchasable","36":"product-type-variable"},"acf":[],"yoast_head":"<!-- This site is optimized with the Yoast SEO plugin v27.5 - https:\/\/yoast.com\/product\/yoast-seo-wordpress\/ -->\n<title>Like Dogs<\/title>\n<meta name=\"description\" content=\"Shop | Like Dogs | 2022 | B-Spree Pictures | Blu-Ray, DVD | FSK 18\" \/>\n<meta name=\"robots\" content=\"index, follow, max-snippet:-1, max-image-preview:large, max-video-preview:-1\" \/>\n<link rel=\"canonical\" href=\"https:\/\/ucm.one\/de\/produkt\/like-dogs\/\" \/>\n<meta property=\"og:locale\" content=\"de_DE\" \/>\n<meta property=\"og:type\" content=\"article\" \/>\n<meta property=\"og:title\" content=\"Like Dogs\" \/>\n<meta property=\"og:description\" content=\"Shop | Like Dogs | 2022 | B-Spree Pictures | Blu-Ray, DVD | FSK 18\" \/>\n<meta property=\"og:url\" content=\"https:\/\/ucm.one\/de\/produkt\/like-dogs\/\" \/>\n<meta property=\"og:site_name\" content=\"UCM.ONE\" \/>\n<meta property=\"article:modified_time\" content=\"2023-07-31T14:14:03+00:00\" \/>\n<meta property=\"og:image\" content=\"https:\/\/ucm.one\/wp-content\/uploads\/2022\/08\/C-Like-Dogs-DVD-2D-FSK18.jpg\" \/>\n<meta name=\"twitter:card\" content=\"summary_large_image\" \/>\n<meta name=\"twitter:title\" content=\"Like Dogs\" \/>\n<meta name=\"twitter:description\" content=\"Shop | Like Dogs | 2022 | B-Spree Pictures | Blu-Ray, DVD | FSK 18\" \/>\n<meta name=\"twitter:image\" content=\"https:\/\/ucm.one\/wp-content\/uploads\/2022\/08\/C-Like-Dogs-DVD-2D-FSK18.jpg\" \/>\n<meta name=\"twitter:label1\" content=\"Gesch\u00e4tzte Lesezeit\" \/>\n\t<meta name=\"twitter:data1\" content=\"1\u00a0Minute\" \/>\n<!-- \/ Yoast SEO plugin. -->","yoast_head_json":{"title":"Like Dogs","description":"Shop | Like Dogs | 2022 | B-Spree Pictures | Blu-Ray, DVD | FSK 18","robots":{"index":"index","follow":"follow","max-snippet":"max-snippet:-1","max-image-preview":"max-image-preview:large","max-video-preview":"max-video-preview:-1"},"canonical":"https:\/\/ucm.one\/de\/produkt\/like-dogs\/","og_locale":"de_DE","og_type":"article","og_title":"Like Dogs","og_description":"Shop | Like Dogs | 2022 | B-Spree Pictures | Blu-Ray, DVD | FSK 18","og_url":"https:\/\/ucm.one\/de\/produkt\/like-dogs\/","og_site_name":"UCM.ONE","article_modified_time":"2023-07-31T14:14:03+00:00","og_image":[{"url":"https:\/\/ucm.one\/wp-content\/uploads\/2022\/08\/C-Like-Dogs-DVD-2D-FSK18.jpg","type":"","width":"","height":""}],"twitter_card":"summary_large_image","twitter_title":"Like Dogs","twitter_description":"Shop | Like Dogs | 2022 | B-Spree Pictures | Blu-Ray, DVD | FSK 18","twitter_image":"https:\/\/ucm.one\/wp-content\/uploads\/2022\/08\/C-Like-Dogs-DVD-2D-FSK18.jpg","twitter_misc":{"Gesch\u00e4tzte Lesezeit":"1\u00a0Minute"},"schema":{"@context":"https:\/\/schema.org","@graph":[{"@type":"WebPage","@id":"https:\/\/ucm.one\/de\/produkt\/like-dogs\/","url":"https:\/\/ucm.one\/de\/produkt\/like-dogs\/","name":"Like Dogs","isPartOf":{"@id":"https:\/\/ucm.one\/de\/#website"},"primaryImageOfPage":{"@id":"https:\/\/ucm.one\/de\/produkt\/like-dogs\/#primaryimage"},"image":{"@id":"https:\/\/ucm.one\/de\/produkt\/like-dogs\/#primaryimage"},"thumbnailUrl":"https:\/\/ucm.one\/wp-content\/uploads\/2022\/08\/C-Like-Dogs-DVD-2D-FSK18.jpg","datePublished":"2022-05-27T19:56:44+00:00","dateModified":"2023-07-31T14:14:03+00:00","description":"Shop | Like Dogs | 2022 | B-Spree Pictures | Blu-Ray, DVD | FSK 18","breadcrumb":{"@id":"https:\/\/ucm.one\/de\/produkt\/like-dogs\/#breadcrumb"},"inLanguage":"de","potentialAction":[{"@type":"ReadAction","target":["https:\/\/ucm.one\/de\/produkt\/like-dogs\/"]}]},{"@type":"ImageObject","inLanguage":"de","@id":"https:\/\/ucm.one\/de\/produkt\/like-dogs\/#primaryimage","url":"https:\/\/ucm.one\/wp-content\/uploads\/2022\/08\/C-Like-Dogs-DVD-2D-FSK18.jpg","contentUrl":"https:\/\/ucm.one\/wp-content\/uploads\/2022\/08\/C-Like-Dogs-DVD-2D-FSK18.jpg","width":699,"height":1000},{"@type":"BreadcrumbList","@id":"https:\/\/ucm.one\/de\/produkt\/like-dogs\/#breadcrumb","itemListElement":[{"@type":"ListItem","position":1,"name":"Home","item":"https:\/\/ucm.one\/de\/"},{"@type":"ListItem","position":2,"name":"Shop","item":"https:\/\/ucm.one\/de\/shop\/"},{"@type":"ListItem","position":3,"name":"Like Dogs"}]},{"@type":"WebSite","@id":"https:\/\/ucm.one\/de\/#website","url":"https:\/\/ucm.one\/de\/","name":"UCM.ONE","description":"","publisher":{"@id":"https:\/\/ucm.one\/de\/#organization"},"potentialAction":[{"@type":"SearchAction","target":{"@type":"EntryPoint","urlTemplate":"https:\/\/ucm.one\/de\/?s={search_term_string}"},"query-input":{"@type":"PropertyValueSpecification","valueRequired":true,"valueName":"search_term_string"}}],"inLanguage":"de"},{"@type":"Organization","@id":"https:\/\/ucm.one\/de\/#organization","name":"UCM.ONE","url":"https:\/\/ucm.one\/de\/","logo":{"@type":"ImageObject","inLanguage":"de","@id":"https:\/\/ucm.one\/de\/#\/schema\/logo\/image\/","url":"https:\/\/ucm.one\/wp-content\/uploads\/2019\/10\/UCM.ONE-Logo-RGB.svg","contentUrl":"https:\/\/ucm.one\/wp-content\/uploads\/2019\/10\/UCM.ONE-Logo-RGB.svg","width":1,"height":1,"caption":"UCM.ONE"},"image":{"@id":"https:\/\/ucm.one\/de\/#\/schema\/logo\/image\/"}}]}},"_links":{"self":[{"href":"https:\/\/ucm.one\/de\/wp-json\/wp\/v2\/product\/73062","targetHints":{"allow":["GET"]}}],"collection":[{"href":"https:\/\/ucm.one\/de\/wp-json\/wp\/v2\/product"}],"about":[{"href":"https:\/\/ucm.one\/de\/wp-json\/wp\/v2\/types\/product"}],"replies":[{"embeddable":true,"href":"https:\/\/ucm.one\/de\/wp-json\/wp\/v2\/comments?post=73062"}],"wp:featuredmedia":[{"embeddable":true,"href":"https:\/\/ucm.one\/de\/wp-json\/wp\/v2\/media\/73081"}],"wp:attachment":[{"href":"https:\/\/ucm.one\/de\/wp-json\/wp\/v2\/media?parent=73062"}],"wp:term":[{"taxonomy":"product_brand","embeddable":true,"href":"https:\/\/ucm.one\/de\/wp-json\/wp\/v2\/product_brand?post=73062"},{"taxonomy":"product_cat","embeddable":true,"href":"https:\/\/ucm.one\/de\/wp-json\/wp\/v2\/product_cat?post=73062"},{"taxonomy":"product_tag","embeddable":true,"href":"https:\/\/ucm.one\/de\/wp-json\/wp\/v2\/product_tag?post=73062"}],"curies":[{"name":"wp","href":"https:\/\/api.w.org\/{rel}","templated":true}]}}