{"id":72855,"date":"2016-05-20T16:54:18","date_gmt":"2016-05-20T16:54:18","guid":{"rendered":"https:\/\/ucm.one\/?post_type=product&#038;p=72855"},"modified":"2023-07-20T15:13:41","modified_gmt":"2023-07-20T15:13:41","slug":"german-mumblecore-10xdvd-box","status":"publish","type":"product","link":"https:\/\/ucm.one\/de\/produkt\/german-mumblecore-10xdvd-box\/","title":{"rendered":"German Mumblecore (10xDVD Box)"},"content":{"rendered":"<div class=\"wpb_text_column wpb_content_element \">\n<div class=\"wpb_wrapper\">\n<div class=\"\">\n<div class=\"wpb_text_column wpb_content_element \">\n<div class=\"wpb_wrapper\">\n<div class=\"wpb_text_column wpb_content_element \">\n<div class=\"wpb_wrapper\">\n<div class=\"wpb_text_column wpb_content_element \">\n<div class=\"wpb_wrapper\">\n<p>Ab ca. 2008 entwickelte sich die Bewegung <em><strong>German Mumblecore<\/strong>*<\/em>\u00a0in Berlin. \u201cGerman Mumblecore\u201d steht dabei vor allem (aber nicht nur) f\u00fcr \u00a0improvisiertes Kino \u201cMade in Germany\u201d. Gefeiert werden die Filme und ihre Macher vor allem auf den Filmfestivals hierzulande. Ohne Drehbuch entstanden Filme voller Energie, Explosivit\u00e4t und Leichtigkeit. Es sind au\u00dfergew\u00f6hnliche Tragikom\u00f6dien: Nur ist das Lachen herzlicher und das Tragische allt\u00e4glicher, als man es aus vergleichbaren deutschen Filmen kennt. Mit wenig Geld und gro\u00dfer Unabh\u00e4ngigkeit gelingt es den hochtalentierten Filmemachern, das Lebensgef\u00fchl ihrer Generation in Berlin mit der Kamera einzufangen. Zusammen mit dem <strong>Filmfestival achtung berlin<\/strong> entstand die \u201cEdition German Mumblecore\u201d, die in einer Box die wichtigsten Filme des \u201c<strong>German Mumblecore<\/strong>\u201d auf 10 DVDs mit Booklet pr\u00e4sentiert.<\/p>\n<p><em>DVD 1<\/em>: <strong>Love Steaks<\/strong>\u00a0von <em><strong>Jakob Lass<\/strong><\/em> (\u201eFrech, mutig, abgefahren, witzig und romantisch: die seit Langem ber\u00fchrendste,<br \/>\nweil authentischste Kino-Liebesgeschichte kommt nicht aus Hollywood, sondern von der Ostsee!\u201c &#8211; BILD)<br \/>\nmit Victoria-Star Franz Rogowski<\/p>\n<p><em>DVD 2:<\/em> <strong>Dicke M\u00e4dchen<\/strong>\u00a0von <em><strong>Axel Ranisch<\/strong><\/em> (Preis der Jury &#8211; Bester Spielfilm 23. Hamburg Intern. Filmfestival)<\/p>\n<p><em>DVD 3:<\/em> <strong>Kaptn Oskar<\/strong>\u00a0von <em><strong>Tom Lass<\/strong><\/em> (Jugendkom\u00f6die mit Tatort-Star Amelie Kiefer)<\/p>\n<p><em>DVD 4:<\/em> <strong>Familienfieber<\/strong>\u00a0von <strong><em>Nico Sommer<\/em><\/strong> (\u201eEine Hoffnung f\u00fcr das deutsche Kino.\u201c &#8211; kinozeit)<\/p>\n<p><em>DVD 5:<\/em> <strong>M\u00e4nner zeigen Filme &amp; Frauen ihre Br\u00fcste<\/strong>\u00a0von\u00a0<em><strong>Isabell \u0160uba<\/strong><\/em> (Dieser Film ist ein Experiment mit der Wirklichkeit&#8230;)<\/p>\n<p><em>DVD 6:<\/em> <strong>Kohlhaas oder die Verh\u00e4ltnism\u00e4\u00dfigkeit der Mittel<\/strong>\u00a0von <strong><em>Aron Lehmann<\/em><\/strong> (\u201eEine hinrei\u00dfend komische Liebeserkl\u00e4rung ans Filmemachen.\u201c &#8211; ZEIT)<\/p>\n<p><em>DVD 7:<\/em> <strong>Staub auf unseren Herzen<\/strong>\u00a0von <em><strong>Hanna Doose<\/strong><\/em> (der letzte Film mit Susanne Lothar)<\/p>\n<p><em>DVD 8:<\/em> <strong>Liebe mich!<\/strong>\u00a0von <strong><em>Philipp Eichholtz<\/em><\/strong> (\u201eEin intensives Erlebnis f\u00fcr alle, die das Kino lieben!\u201c &#8211; Spielfilm.de) mit Lilli Meinhardt, Berlins Nachwuchsstar 2015)<\/p>\n<p><em>DVD 9:<\/em> <strong>Klappe Cowboy!<\/strong>\u00a0von <em><strong>Timo Jacobs<\/strong><\/em> (\u201eEine Kinoerfahrung &#8211; zu romantisch, komisch und ernst, um wahr zu sein!\u201c &#8211; taz)<\/p>\n<p><em>DVD 10:<\/em> Bonus-DVD mit drei mittellangen Filmen: <strong>Der Wille nur spielen<\/strong> (Deb\u00fctfilm von <em><strong>Axel Ranisch<\/strong><\/em> \u2013 erstmalig auf DVD!), <strong>Stiller Fr\u00fchling<\/strong> (Debutfilm von <em><strong>Nico Sommer<\/strong><\/em> \u2013 erstmals auf DVD) und <strong>Rebecca<\/strong>\u00a0von <strong><em>Anna F. Kohlschu\u0308tter<\/em><\/strong>\u00a0(die mit diesem Film den Hauptpreis f\u00fcr mittellange Filme bei achtung berlin 2015 gewann \u2013 erstmals auf DVD), sowie Ausschnitte aus Interviews beim <strong>German Mumblecore Symposium<\/strong> im <strong>Deutschen Filmmuseum Frankfurt<\/strong>.<\/p>\n<p><strong>Booklet<\/strong>: 76 Seiten mit Hintergrundinformationen von <strong>Urs Sp\u00f6rri<\/strong> (Filmwissenschaftler, Kurator im Dt.\u00a0Filmmuseum), der die Geschichte des <strong>German Mumblecore<\/strong> beleuchtet sowie Bildmaterial und\u00a0Informationen \u00fcber die wichtigsten Protagonisten.<\/p>\n<p><span style=\"font-size: 10pt;\"><em>* Interessant an dem\u00a0Namen \u201c<strong>German Mumblecore<\/strong>\u201d ist vor allem, dass die Berliner Szene selbst diesen Namen selten bis gar nicht nutzt und dem Namen meist eher kritisch gegen\u00fcbersteht. Vielmehr wurde der Name von Festivals und Presse genutzt und damit gepr\u00e4gt. Der Begriff \u201cMumblecore\u201d ist urspr\u00fcnglich ein in den USA entstandenes Subgenre des Independentfilms. In Deutschland wird f\u00fcr diese Art von Filmen gelegentlich auch der Name \u201c<strong>Berlin Flow<\/strong>\u201d genutzt. In den USA wird meist \u201c<strong>Andrew Bujalski<\/strong>\u201d als derjenige genannte, der mit dem Film \u201c<strong>Funny Ha Ha<\/strong>\u201d im Jahre 2002 den ersten Mumblecore-Film\u00a0drehte. Charakteristisch f\u00fcr Mumblecore sind kleine bis sehr kleine Produktionsbudgets, improvisierte Dialoge, die Nutzung von Innenr\u00e4umen und teilweise bewusste\u00a0\u201cDo-it-yourself\u201d-\u00c3sthetik. Im Mittelpunkt der Handlung stehen oft junge Menschen mit ihren Innenansichten und zwischenmenschlichen Problemen, wobei\u00a0der Schwerpunkt meist bei realit\u00e4tsnahen menschlichen Interaktionen unter Einbeziehung der pers\u00f6nlichen Erfahrungen der Regisseure und Schauspieler liegt.<\/em><\/span><\/p>\n<\/div>\n<\/div>\n<\/div>\n<\/div>\n<\/div>\n<\/div>\n<\/div>\n<\/div>\n<\/div>\n<div><div class=\"gap\" style=\"line-height: 20px; height: 20px;\"><\/div><\/div>\n<h5>Weitere Informationen<\/h5>\n<div>\n<div>\n<table style=\"height: 46px; width: 100%; border-collapse: collapse; border-color: #ffffff; background-color: #ffffff; border-style: hidden;\">\n<tbody>\n<tr style=\"height: 23px;\">\n<td style=\"width: 4.701195219123506%; height: 23px; border-style: hidden;\">Label:<\/td>\n<td style=\"width: 95.29880478087651%; height: 23px; border-style: hidden;\"><a title=\"Darling Berlin\" href=\"https:\/\/ucm.one\/de\/film-labels\/darling-berlin\/\">Darling Berlin<\/a><\/td>\n<\/tr>\n<\/tbody>\n<\/table>\n<\/div>\n<div><\/div>\n<\/div>\n<div>\n<div><div class=\"gap\" style=\"line-height: 10px; height: 10px;\"><\/div><\/div>\n<div><span style=\"font-family: 'arial black', sans-serif;\"><span style=\"font-family: arial, helvetica, sans-serif;\">\u2117+\u00a9 2016 <strong>Darling Berlin<\/strong> \/\u00a0<b>daredo media<\/b><\/span><\/span><\/div>\n<div><div class=\"gap\" style=\"line-height: 20px; height: 20px;\"><\/div><\/div>\n<\/div>\n<div>\n<div><\/div>\n<div>\n<div><div class=\"gap\" style=\"line-height: 10px; height: 10px;\"><\/div><\/div>\n<div><span style=\"color: #003a80;\"><strong>\u27a0 <a style=\"color: #003a80;\" href=\"https:\/\/ucm.one\/de\/produkt-kategorie\/art-de\/filme-de\/\">zum Shop<\/a><\/strong><\/span><\/div>\n<div><div class=\"gap\" style=\"line-height: 20px; height: 20px;\"><\/div><\/div>\n<\/div>\n<\/div>\n","protected":false},"excerpt":{"rendered":"<p>Regie: <strong>Diverse Regisseur*innen<\/strong><\/p>\n<p>Label:\u00a0<a title=\"\" href=\"https:\/\/ucm.one\/de\/produkt-kategorie\/label-film-de\/darling-berlin-de\/\"><strong>Darling Berlin<\/strong><\/a><\/p>\n<p>Art:\u00a0<strong><a href=\"https:\/\/ucm.one\/de\/produkt-kategorie\/art-de\/filme-de\/\">Film<\/a> (Spielfilme)<\/strong><\/p>\n<p>Genres:\u00a0<b><a title=\"Drama\" href=\"https:\/\/ucm.one\/de\/produkt-kategorie\/genre-film-de\/drama-de\/\">Drama<\/a><\/b>, <b><a title=\"Kom\u00f6die\" href=\"https:\/\/ucm.one\/de\/produkt-kategorie\/genre-film-de\/komoedie-de\/\">Kom\u00f6die<\/a><\/b><\/p>\n<p>Jahr: <strong>2016<\/strong><\/p>\n<p>FSK: <strong>12<\/strong><\/p>\n<p>Format: <strong>Box (10xDVD)<\/strong><\/p>\n","protected":false},"featured_media":72909,"comment_status":"open","ping_status":"closed","template":"","meta":{"_acf_changed":false},"product_brand":[],"product_cat":[10337,10339,10356,13156,9708,10331,10334],"product_tag":[12798,13423,12802,13424,12806,13166,12464,13264,12472,12476,13419,12508,13420,12516,13421,12524,13422],"class_list":{"0":"post-72855","1":"product","2":"type-product","3":"status-publish","4":"has-post-thumbnail","6":"product_cat-sonderedition-de","7":"product_cat-darling-berlin-de","8":"product_cat-komoedie-de","9":"product_cat-arthouse-de","10":"product_cat-filme-de","11":"product_cat-dvd-de","12":"product_cat-drama-de","13":"product_tag-philipp-eichholtz","14":"product_tag-isabell-suba","15":"product_tag-axel-ranisch","16":"product_tag-nico-sommern","17":"product_tag-liebe-mich","18":"product_tag-achtung-berlin","19":"product_tag-darling-berlin","20":"product_tag-timo-jacobs","21":"product_tag-jakob-lass","22":"product_tag-love-steaks","23":"product_tag-german-mumblecore","24":"product_tag-tom-lass","25":"product_tag-hanna-doose","26":"product_tag-kaptn-oskar","27":"product_tag-aron-lehmann","28":"product_tag-familienfieber","29":"product_tag-dicke-maedchen","30":"product_shipping_class-dvd-2","31":"pa_format-box-10xdvd-de","32":"description-off","34":"first","35":"instock","36":"taxable","37":"shipping-taxable","38":"purchasable","39":"product-type-variable","40":"has-default-attributes"},"acf":[],"yoast_head":"<!-- This site is optimized with the Yoast SEO plugin v27.2 - https:\/\/yoast.com\/product\/yoast-seo-wordpress\/ -->\n<title>German Mumblecore (10xDVD Box)<\/title>\n<meta name=\"description\" content=\"Shop | German Mumblecore | 2016 | Darling Berlin | 10xDVD Box | FSK 12\" \/>\n<meta name=\"robots\" content=\"index, follow, max-snippet:-1, max-image-preview:large, max-video-preview:-1\" \/>\n<link rel=\"canonical\" href=\"https:\/\/ucm.one\/de\/produkt\/german-mumblecore-10xdvd-box\/\" \/>\n<meta property=\"og:locale\" content=\"de_DE\" \/>\n<meta property=\"og:type\" content=\"article\" \/>\n<meta property=\"og:title\" content=\"German Mumblecore (10xDVD Box)\" \/>\n<meta property=\"og:description\" content=\"Shop | German Mumblecore | 2016 | Darling Berlin | 10xDVD Box | FSK 12\" \/>\n<meta property=\"og:url\" content=\"https:\/\/ucm.one\/de\/produkt\/german-mumblecore-10xdvd-box\/\" \/>\n<meta property=\"og:site_name\" content=\"UCM.ONE\" \/>\n<meta property=\"article:modified_time\" content=\"2023-07-20T15:13:41+00:00\" \/>\n<meta property=\"og:image\" content=\"https:\/\/ucm.one\/wp-content\/uploads\/2016\/05\/C-Edition-Mumblecore-Box.jpg\" \/>\n<meta name=\"twitter:card\" content=\"summary_large_image\" \/>\n<meta name=\"twitter:title\" content=\"German Mumblecore (10xDVD Box)\" \/>\n<meta name=\"twitter:description\" content=\"Shop | German Mumblecore | 2016 | Darling Berlin | 10xDVD Box | FSK 12\" \/>\n<meta name=\"twitter:image\" content=\"https:\/\/ucm.one\/wp-content\/uploads\/2016\/05\/C-Edition-Mumblecore-Box.jpg\" \/>\n<meta name=\"twitter:label1\" content=\"Gesch\u00e4tzte Lesezeit\" \/>\n\t<meta name=\"twitter:data1\" content=\"3\u00a0Minuten\" \/>\n<!-- \/ Yoast SEO plugin. -->","yoast_head_json":{"title":"German Mumblecore (10xDVD Box)","description":"Shop | German Mumblecore | 2016 | Darling Berlin | 10xDVD Box | FSK 12","robots":{"index":"index","follow":"follow","max-snippet":"max-snippet:-1","max-image-preview":"max-image-preview:large","max-video-preview":"max-video-preview:-1"},"canonical":"https:\/\/ucm.one\/de\/produkt\/german-mumblecore-10xdvd-box\/","og_locale":"de_DE","og_type":"article","og_title":"German Mumblecore (10xDVD Box)","og_description":"Shop | German Mumblecore | 2016 | Darling Berlin | 10xDVD Box | FSK 12","og_url":"https:\/\/ucm.one\/de\/produkt\/german-mumblecore-10xdvd-box\/","og_site_name":"UCM.ONE","article_modified_time":"2023-07-20T15:13:41+00:00","og_image":[{"url":"https:\/\/ucm.one\/wp-content\/uploads\/2016\/05\/C-Edition-Mumblecore-Box.jpg","type":"","width":"","height":""}],"twitter_card":"summary_large_image","twitter_title":"German Mumblecore (10xDVD Box)","twitter_description":"Shop | German Mumblecore | 2016 | Darling Berlin | 10xDVD Box | FSK 12","twitter_image":"https:\/\/ucm.one\/wp-content\/uploads\/2016\/05\/C-Edition-Mumblecore-Box.jpg","twitter_misc":{"Gesch\u00e4tzte Lesezeit":"3\u00a0Minuten"},"schema":{"@context":"https:\/\/schema.org","@graph":[{"@type":"WebPage","@id":"https:\/\/ucm.one\/de\/produkt\/german-mumblecore-10xdvd-box\/","url":"https:\/\/ucm.one\/de\/produkt\/german-mumblecore-10xdvd-box\/","name":"German Mumblecore (10xDVD Box)","isPartOf":{"@id":"https:\/\/ucm.one\/de\/#website"},"primaryImageOfPage":{"@id":"https:\/\/ucm.one\/de\/produkt\/german-mumblecore-10xdvd-box\/#primaryimage"},"image":{"@id":"https:\/\/ucm.one\/de\/produkt\/german-mumblecore-10xdvd-box\/#primaryimage"},"thumbnailUrl":"https:\/\/ucm.one\/wp-content\/uploads\/2016\/05\/C-Edition-Mumblecore-Box-FSK12.jpg","datePublished":"2016-05-20T16:54:18+00:00","dateModified":"2023-07-20T15:13:41+00:00","description":"Shop | German Mumblecore | 2016 | Darling Berlin | 10xDVD Box | FSK 12","breadcrumb":{"@id":"https:\/\/ucm.one\/de\/produkt\/german-mumblecore-10xdvd-box\/#breadcrumb"},"inLanguage":"de","potentialAction":[{"@type":"ReadAction","target":["https:\/\/ucm.one\/de\/produkt\/german-mumblecore-10xdvd-box\/"]}]},{"@type":"ImageObject","inLanguage":"de","@id":"https:\/\/ucm.one\/de\/produkt\/german-mumblecore-10xdvd-box\/#primaryimage","url":"https:\/\/ucm.one\/wp-content\/uploads\/2016\/05\/C-Edition-Mumblecore-Box-FSK12.jpg","contentUrl":"https:\/\/ucm.one\/wp-content\/uploads\/2016\/05\/C-Edition-Mumblecore-Box-FSK12.jpg","width":699,"height":1000},{"@type":"BreadcrumbList","@id":"https:\/\/ucm.one\/de\/produkt\/german-mumblecore-10xdvd-box\/#breadcrumb","itemListElement":[{"@type":"ListItem","position":1,"name":"Home","item":"https:\/\/ucm.one\/de\/"},{"@type":"ListItem","position":2,"name":"Shop","item":"https:\/\/ucm.one\/de\/shop\/"},{"@type":"ListItem","position":3,"name":"German Mumblecore (10xDVD Box)"}]},{"@type":"WebSite","@id":"https:\/\/ucm.one\/de\/#website","url":"https:\/\/ucm.one\/de\/","name":"UCM.ONE","description":"","publisher":{"@id":"https:\/\/ucm.one\/de\/#organization"},"potentialAction":[{"@type":"SearchAction","target":{"@type":"EntryPoint","urlTemplate":"https:\/\/ucm.one\/de\/?s={search_term_string}"},"query-input":{"@type":"PropertyValueSpecification","valueRequired":true,"valueName":"search_term_string"}}],"inLanguage":"de"},{"@type":"Organization","@id":"https:\/\/ucm.one\/de\/#organization","name":"UCM.ONE","url":"https:\/\/ucm.one\/de\/","logo":{"@type":"ImageObject","inLanguage":"de","@id":"https:\/\/ucm.one\/de\/#\/schema\/logo\/image\/","url":"https:\/\/ucm.one\/wp-content\/uploads\/2019\/10\/UCM.ONE-Logo-RGB.svg","contentUrl":"https:\/\/ucm.one\/wp-content\/uploads\/2019\/10\/UCM.ONE-Logo-RGB.svg","width":1,"height":1,"caption":"UCM.ONE"},"image":{"@id":"https:\/\/ucm.one\/de\/#\/schema\/logo\/image\/"}}]}},"_links":{"self":[{"href":"https:\/\/ucm.one\/de\/wp-json\/wp\/v2\/product\/72855","targetHints":{"allow":["GET"]}}],"collection":[{"href":"https:\/\/ucm.one\/de\/wp-json\/wp\/v2\/product"}],"about":[{"href":"https:\/\/ucm.one\/de\/wp-json\/wp\/v2\/types\/product"}],"replies":[{"embeddable":true,"href":"https:\/\/ucm.one\/de\/wp-json\/wp\/v2\/comments?post=72855"}],"wp:featuredmedia":[{"embeddable":true,"href":"https:\/\/ucm.one\/de\/wp-json\/wp\/v2\/media\/72909"}],"wp:attachment":[{"href":"https:\/\/ucm.one\/de\/wp-json\/wp\/v2\/media?parent=72855"}],"wp:term":[{"taxonomy":"product_brand","embeddable":true,"href":"https:\/\/ucm.one\/de\/wp-json\/wp\/v2\/product_brand?post=72855"},{"taxonomy":"product_cat","embeddable":true,"href":"https:\/\/ucm.one\/de\/wp-json\/wp\/v2\/product_cat?post=72855"},{"taxonomy":"product_tag","embeddable":true,"href":"https:\/\/ucm.one\/de\/wp-json\/wp\/v2\/product_tag?post=72855"}],"curies":[{"name":"wp","href":"https:\/\/api.w.org\/{rel}","templated":true}]}}